{"id":628986,"date":"2024-03-22T15:23:00","date_gmt":"2024-03-22T14:23:00","guid":{"rendered":"https:\/\/www.liscianigiochi.com\/1-3-jahre\/"},"modified":"2024-03-22T17:41:42","modified_gmt":"2024-03-22T16:41:42","slug":"1-3-jahre","status":"publish","type":"page","link":"https:\/\/www.liscianigiochi.com\/de\/1-3-jahre\/","title":{"rendered":"1 &#8211; 3 Jahre"},"content":{"rendered":"<h2>1 &#8211; 3 JAHRE<\/h2>\n<h2>1 &#8211; 3 JAHRE<\/h2>\n<p>In der Lernwerttabelle sind die Bereiche der Intelligenzentwicklung f\u00fcr den Altersbereich von der Geburt bis zu 3 Jahren dargestellt.<br \/>In diesem ersten Lebensabschnitt stellt sich das Kind der Welt und verfeinert seine Wahrnehmung durch Aktivit\u00e4ten, die mit dem Gebrauch der Sinne zusammenh\u00e4ngen. Die Tabelle beschreibt analytisch und \u00fcbersichtlich, welche Kompetenzen unsere Spielger\u00e4te beim Kind ausl\u00f6sen, wenn es seine ersten Spiele aufnimmt.<\/p>\n<p>\t\t\t\t\t\t\t\t\t\t\t\t\t\t\t<img loading=\"lazy\" decoding=\"async\" width=\"100\" height=\"100\" src=\"https:\/\/www.liscianigiochi.com\/wp-content\/uploads\/2024\/03\/01-100x100-1.png\" alt=\"\" loading=\"lazy\" \/>\t\t\t\t\t\t\t\t\t\t\t\t\t\t\t<\/p>\n<p>WAHRNEHMUNG UND<br \/>PSYCHOMOTORIK<\/p>\n<ul>\n<li>\n\t\t\t\t\t\t\t\t\t\tFeinmotorik\n\t\t\t\t\t\t\t\t\t<\/li>\n<li>\n\t\t\t\t\t\t\t\t\t\tK\u00f6rperbewegung\n\t\t\t\t\t\t\t\t\t<\/li>\n<li>\n\t\t\t\t\t\t\t\t\t\tRaumorientierung\n\t\t\t\t\t\t\t\t\t<\/li>\n<\/ul>\n<p>\t\t\t\t\t\t\t\t\t\t\t\t\t\t\t<img loading=\"lazy\" decoding=\"async\" width=\"100\" height=\"100\" src=\"https:\/\/www.liscianigiochi.com\/wp-content\/uploads\/2024\/03\/02-100x100-1.png\" alt=\"\" loading=\"lazy\" \/>\t\t\t\t\t\t\t\t\t\t\t\t\t\t\t<\/p>\n<p>AFFEKTIVIT\u00c4T UND<br \/>PERS\u00d6NLICHKEIT<\/p>\n<ul>\n<li>\n\t\t\t\t\t\t\t\t\t\tAutonomie\n\t\t\t\t\t\t\t\t\t<\/li>\n<li>\n\t\t\t\t\t\t\t\t\t\tMitwirkung\n\t\t\t\t\t\t\t\t\t<\/li>\n<li>\n\t\t\t\t\t\t\t\t\t\tEinhalten der Regeln\n\t\t\t\t\t\t\t\t\t<\/li>\n<li>\n\t\t\t\t\t\t\t\t\t\tUmgang mit Anderen\n\t\t\t\t\t\t\t\t\t<\/li>\n<li>\n\t\t\t\t\t\t\t\t\t\tZiele erreichen\n\t\t\t\t\t\t\t\t\t<\/li>\n<\/ul>\n<p>\t\t\t\t\t\t\t\t\t\t\t\t\t\t\t<img loading=\"lazy\" decoding=\"async\" width=\"100\" height=\"100\" src=\"https:\/\/www.liscianigiochi.com\/wp-content\/uploads\/2024\/03\/03-100x100-1.png\" alt=\"\" loading=\"lazy\" \/>\t\t\t\t\t\t\t\t\t\t\t\t\t\t\t<\/p>\n<p>SPRACHE<br \/>UND KOMMUNIKATION<\/p>\n<ul>\n<li>\n\t\t\t\t\t\t\t\t\t\tSchreiben und lesen lernen\n\t\t\t\t\t\t\t\t\t<\/li>\n<li>\n\t\t\t\t\t\t\t\t\t\tW\u00f6rter lesen und schreiben\n\t\t\t\t\t\t\t\t\t<\/li>\n<li>\n\t\t\t\t\t\t\t\t\t\tTextverst\u00e4ndnis\n\t\t\t\t\t\t\t\t\t<\/li>\n<li>\n\t\t\t\t\t\t\t\t\t\tLexik\n\t\t\t\t\t\t\t\t\t<\/li>\n<li>\n\t\t\t\t\t\t\t\t\t\tRechtschreibung und Grammatik\n\t\t\t\t\t\t\t\t\t<\/li>\n<li>\n\t\t\t\t\t\t\t\t\t\tZweite Sprache\n\t\t\t\t\t\t\t\t\t<\/li>\n<\/ul>\n<p>\t\t\t\t\t\t\t\t\t\t\t\t\t\t\t<img loading=\"lazy\" decoding=\"async\" width=\"100\" height=\"100\" src=\"https:\/\/www.liscianigiochi.com\/wp-content\/uploads\/2024\/03\/04-100x100-1.png\" alt=\"\" loading=\"lazy\" \/>\t\t\t\t\t\t\t\t\t\t\t\t\t\t\t<\/p>\n<p>MATHEMATIK<br \/>UND LOGIK<\/p>\n<ul>\n<li>\n\t\t\t\t\t\t\t\t\t\tZahlen und Rechenarten\n\t\t\t\t\t\t\t\t\t<\/li>\n<li>\n\t\t\t\t\t\t\t\t\t\tTextaufgaben\n\t\t\t\t\t\t\t\t\t<\/li>\n<li>\n\t\t\t\t\t\t\t\t\t\tAbmessungen\n\t\t\t\t\t\t\t\t\t<\/li>\n<li>\n\t\t\t\t\t\t\t\t\t\tGeometrie\n\t\t\t\t\t\t\t\t\t<\/li>\n<li>\n\t\t\t\t\t\t\t\t\t\tWahrscheinlichkeit und Statistik\n\t\t\t\t\t\t\t\t\t<\/li>\n<li>\n\t\t\t\t\t\t\t\t\t\tLogik, Analyse, Synthese\n\t\t\t\t\t\t\t\t\t<\/li>\n<\/ul>\n<p>\t\t\t\t\t\t\t\t\t\t\t\t\t\t\t<img loading=\"lazy\" decoding=\"async\" width=\"100\" height=\"100\" src=\"https:\/\/www.liscianigiochi.com\/wp-content\/uploads\/2024\/03\/05-100x100-1.png\" alt=\"\" loading=\"lazy\" \/>\t\t\t\t\t\t\t\t\t\t\t\t\t\t\t<\/p>\n<p>GED\u00c4CHTNIS<br \/>UND AUFMERKSAMKEIT<\/p>\n<ul>\n<li>\n\t\t\t\t\t\t\t\t\t\tBeobachtungsgabe\n\t\t\t\t\t\t\t\t\t<\/li>\n<li>\n\t\t\t\t\t\t\t\t\t\tGed\u00e4chtnis\n\t\t\t\t\t\t\t\t\t<\/li>\n<li>\n\t\t\t\t\t\t\t\t\t\tAufmerksamkeit\n\t\t\t\t\t\t\t\t\t<\/li>\n<li>\n\t\t\t\t\t\t\t\t\t\tKonzentration\n\t\t\t\t\t\t\t\t\t<\/li>\n<\/ul>\n<p>\t\t\t\t\t\t\t\t\t\t\t\t\t\t\t<img loading=\"lazy\" decoding=\"async\" width=\"100\" height=\"100\" src=\"https:\/\/www.liscianigiochi.com\/wp-content\/uploads\/2024\/03\/06-100x100-1.png\" alt=\"\" loading=\"lazy\" \/>\t\t\t\t\t\t\t\t\t\t\t\t\t\t\t<\/p>\n<p>AUSDRUCKSF\u00c4HIGKEIT<br \/>UND KREATIVIT\u00c4T<\/p>\n<ul>\n<li>\n\t\t\t\t\t\t\t\t\t\tVorstellungskraft\n\t\t\t\t\t\t\t\t\t<\/li>\n<li>\n\t\t\t\t\t\t\t\t\t\tKreativit\u00e4t\n\t\t\t\t\t\t\t\t\t<\/li>\n<li>\n\t\t\t\t\t\t\t\t\t\tDramatisierung\n\t\t\t\t\t\t\t\t\t<\/li>\n<li>\n\t\t\t\t\t\t\t\t\t\tBildende Kunst\n\t\t\t\t\t\t\t\t\t<\/li>\n<li>\n\t\t\t\t\t\t\t\t\t\tGer\u00e4usche und Musik\n\t\t\t\t\t\t\t\t\t<\/li>\n<li>\n\t\t\t\t\t\t\t\t\t\tMotorische Aktivit\u00e4ten\n\t\t\t\t\t\t\t\t\t<\/li>\n<\/ul>\n<p>\t\t\t\t\t\t\t\t\t\t\t\t\t\t\t<img loading=\"lazy\" decoding=\"async\" width=\"100\" height=\"100\" src=\"https:\/\/www.liscianigiochi.com\/wp-content\/uploads\/2024\/03\/07-100x100-1.png\" alt=\"\" loading=\"lazy\" \/>\t\t\t\t\t\t\t\t\t\t\t\t\t\t\t<\/p>\n<p>WISSENSCHAFT<br \/>UND UMWELT<\/p>\n<ul>\n<li>\n\t\t\t\t\t\t\t\t\t\tZusammenleben\n\t\t\t\t\t\t\t\t\t<\/li>\n<li>\n\t\t\t\t\t\t\t\t\t\tGeschichte, Kunst und Berufe\n\t\t\t\t\t\t\t\t\t<\/li>\n<li>\n\t\t\t\t\t\t\t\t\t\tGeografie, Erde und Weltall\n\t\t\t\t\t\t\t\t\t<\/li>\n<li>\n\t\t\t\t\t\t\t\t\t\tDer Mensch und die Umwelt\n\t\t\t\t\t\t\t\t\t<\/li>\n<li>\n\t\t\t\t\t\t\t\t\t\tTiere und Natur\n\t\t\t\t\t\t\t\t\t<\/li>\n<li>\n\t\t\t\t\t\t\t\t\t\tPhysik und Chemie\n\t\t\t\t\t\t\t\t\t<\/li>\n<li>\n\t\t\t\t\t\t\t\t\t\tTechnologie und Informatik\n\t\t\t\t\t\t\t\t\t<\/li>\n<li>\n\t\t\t\t\t\t\t\t\t\tWissenschaftliche Experimente\n\t\t\t\t\t\t\t\t\t<\/li>\n<\/ul>\n<p>\t\t\t\t\t\t\t\t\t\t\t\t\t\t\t<img loading=\"lazy\" decoding=\"async\" width=\"100\" height=\"100\" src=\"https:\/\/www.liscianigiochi.com\/wp-content\/uploads\/2024\/03\/01-100x100-1.png\" alt=\"\" loading=\"lazy\" \/>\t\t\t\t\t\t\t\t\t\t\t\t\t\t\t<\/p>\n<p>WAHRNEHMUNG UND<br \/>PSYCHOMOTORIK<\/p>\n<ul>\n<li>\n\t\t\t\t\t\t\t\t\t\tFeinmotorik\n\t\t\t\t\t\t\t\t\t<\/li>\n<li>\n\t\t\t\t\t\t\t\t\t\tK\u00f6rperbewegung\n\t\t\t\t\t\t\t\t\t<\/li>\n<li>\n\t\t\t\t\t\t\t\t\t\tRaumorientierung\n\t\t\t\t\t\t\t\t\t<\/li>\n<\/ul>\n<p>\t\t\t\t\t\t\t\t\t\t\t\t\t\t\t<img loading=\"lazy\" decoding=\"async\" width=\"100\" height=\"100\" src=\"https:\/\/www.liscianigiochi.com\/wp-content\/uploads\/2024\/03\/02-100x100-1.png\" alt=\"\" loading=\"lazy\" \/>\t\t\t\t\t\t\t\t\t\t\t\t\t\t\t<\/p>\n<p>AFFEKTIVIT\u00c4T UND<br \/>PERS\u00d6NLICHKEIT<\/p>\n<ul>\n<li>\n\t\t\t\t\t\t\t\t\t\tAutonomie\n\t\t\t\t\t\t\t\t\t<\/li>\n<li>\n\t\t\t\t\t\t\t\t\t\tMitwirkung\n\t\t\t\t\t\t\t\t\t<\/li>\n<li>\n\t\t\t\t\t\t\t\t\t\tEinhalten der Regeln\n\t\t\t\t\t\t\t\t\t<\/li>\n<li>\n\t\t\t\t\t\t\t\t\t\tUmgang mit Anderen\n\t\t\t\t\t\t\t\t\t<\/li>\n<li>\n\t\t\t\t\t\t\t\t\t\tZiele erreichen\n\t\t\t\t\t\t\t\t\t<\/li>\n<\/ul>\n<p>\t\t\t\t\t\t\t\t\t\t\t\t\t\t\t<img loading=\"lazy\" decoding=\"async\" width=\"100\" height=\"100\" src=\"https:\/\/www.liscianigiochi.com\/wp-content\/uploads\/2024\/03\/03-100x100-1.png\" alt=\"\" loading=\"lazy\" \/>\t\t\t\t\t\t\t\t\t\t\t\t\t\t\t<\/p>\n<p>SPRACHE<br \/>UND KOMMUNIKATION<\/p>\n<ul>\n<li>\n\t\t\t\t\t\t\t\t\t\tSchreiben und lesen lernen\n\t\t\t\t\t\t\t\t\t<\/li>\n<li>\n\t\t\t\t\t\t\t\t\t\tW\u00f6rter lesen und schreiben\n\t\t\t\t\t\t\t\t\t<\/li>\n<li>\n\t\t\t\t\t\t\t\t\t\tTextverst\u00e4ndnis\n\t\t\t\t\t\t\t\t\t<\/li>\n<li>\n\t\t\t\t\t\t\t\t\t\tLexik\n\t\t\t\t\t\t\t\t\t<\/li>\n<li>\n\t\t\t\t\t\t\t\t\t\tRechtschreibung und Grammatik\n\t\t\t\t\t\t\t\t\t<\/li>\n<li>\n\t\t\t\t\t\t\t\t\t\tZweite Sprache\n\t\t\t\t\t\t\t\t\t<\/li>\n<\/ul>\n<p>\t\t\t\t\t\t\t\t\t\t\t\t\t\t\t<img loading=\"lazy\" decoding=\"async\" width=\"100\" height=\"100\" src=\"https:\/\/www.liscianigiochi.com\/wp-content\/uploads\/2024\/03\/04-100x100-1.png\" alt=\"\" loading=\"lazy\" \/>\t\t\t\t\t\t\t\t\t\t\t\t\t\t\t<\/p>\n<p>MATHEMATIK<br \/>UND LOGIK<\/p>\n<ul>\n<li>\n\t\t\t\t\t\t\t\t\t\tZahlen und Rechenarten\n\t\t\t\t\t\t\t\t\t<\/li>\n<li>\n\t\t\t\t\t\t\t\t\t\tTextaufgaben\n\t\t\t\t\t\t\t\t\t<\/li>\n<li>\n\t\t\t\t\t\t\t\t\t\tAbmessungen\n\t\t\t\t\t\t\t\t\t<\/li>\n<li>\n\t\t\t\t\t\t\t\t\t\tGeometrie\n\t\t\t\t\t\t\t\t\t<\/li>\n<li>\n\t\t\t\t\t\t\t\t\t\tWahrscheinlichkeit und Statistik\n\t\t\t\t\t\t\t\t\t<\/li>\n<li>\n\t\t\t\t\t\t\t\t\t\tLogik, Analyse, Synthese\n\t\t\t\t\t\t\t\t\t<\/li>\n<\/ul>\n<p>\t\t\t\t\t\t\t\t\t\t\t\t\t\t\t<img loading=\"lazy\" decoding=\"async\" width=\"100\" height=\"100\" src=\"https:\/\/www.liscianigiochi.com\/wp-content\/uploads\/2024\/03\/05-100x100-1.png\" alt=\"\" loading=\"lazy\" \/>\t\t\t\t\t\t\t\t\t\t\t\t\t\t\t<\/p>\n<p>GED\u00c4CHTNIS<br \/>UND AUFMERKSAMKEIT<\/p>\n<ul>\n<li>\n\t\t\t\t\t\t\t\t\t\tBeobachtungsgabe\n\t\t\t\t\t\t\t\t\t<\/li>\n<li>\n\t\t\t\t\t\t\t\t\t\tGed\u00e4chtnis\n\t\t\t\t\t\t\t\t\t<\/li>\n<li>\n\t\t\t\t\t\t\t\t\t\tAufmerksamkeit\n\t\t\t\t\t\t\t\t\t<\/li>\n<li>\n\t\t\t\t\t\t\t\t\t\tKonzentration\n\t\t\t\t\t\t\t\t\t<\/li>\n<\/ul>\n<p>\t\t\t\t\t\t\t\t\t\t\t\t\t\t\t<img loading=\"lazy\" decoding=\"async\" width=\"100\" height=\"100\" src=\"https:\/\/www.liscianigiochi.com\/wp-content\/uploads\/2024\/03\/06-100x100-1.png\" alt=\"\" loading=\"lazy\" \/>\t\t\t\t\t\t\t\t\t\t\t\t\t\t\t<\/p>\n<p>AUSDRUCKSF\u00c4HIGKEIT<br \/>UND KREATIVIT\u00c4T<\/p>\n<ul>\n<li>\n\t\t\t\t\t\t\t\t\t\tVorstellungskraft\n\t\t\t\t\t\t\t\t\t<\/li>\n<li>\n\t\t\t\t\t\t\t\t\t\tKreativit\u00e4t\n\t\t\t\t\t\t\t\t\t<\/li>\n<li>\n\t\t\t\t\t\t\t\t\t\tDramatisierung\n\t\t\t\t\t\t\t\t\t<\/li>\n<li>\n\t\t\t\t\t\t\t\t\t\tBildende Kunst\n\t\t\t\t\t\t\t\t\t<\/li>\n<li>\n\t\t\t\t\t\t\t\t\t\tGer\u00e4usche und Musik\n\t\t\t\t\t\t\t\t\t<\/li>\n<li>\n\t\t\t\t\t\t\t\t\t\tMotorische Aktivit\u00e4ten\n\t\t\t\t\t\t\t\t\t<\/li>\n<\/ul>\n<p>\t\t\t\t\t\t\t\t\t\t\t\t\t\t\t<img loading=\"lazy\" decoding=\"async\" width=\"100\" height=\"100\" src=\"https:\/\/www.liscianigiochi.com\/wp-content\/uploads\/2024\/03\/07-100x100-1.png\" alt=\"\" loading=\"lazy\" \/>\t\t\t\t\t\t\t\t\t\t\t\t\t\t\t<\/p>\n<p>WISSENSCHAFT<br \/>UND UMWELT<\/p>\n<ul>\n<li>\n\t\t\t\t\t\t\t\t\t\tZusammenleben\n\t\t\t\t\t\t\t\t\t<\/li>\n<li>\n\t\t\t\t\t\t\t\t\t\tGeschichte, Kunst und Berufe\n\t\t\t\t\t\t\t\t\t<\/li>\n<li>\n\t\t\t\t\t\t\t\t\t\tGeografie, Erde und Weltall\n\t\t\t\t\t\t\t\t\t<\/li>\n<li>\n\t\t\t\t\t\t\t\t\t\tDer Mensch und die Umwelt\n\t\t\t\t\t\t\t\t\t<\/li>\n<li>\n\t\t\t\t\t\t\t\t\t\tTiere und Natur\n\t\t\t\t\t\t\t\t\t<\/li>\n<li>\n\t\t\t\t\t\t\t\t\t\tPhysik und Chemie\n\t\t\t\t\t\t\t\t\t<\/li>\n<li>\n\t\t\t\t\t\t\t\t\t\tTechnologie und Informatik\n\t\t\t\t\t\t\t\t\t<\/li>\n<li>\n\t\t\t\t\t\t\t\t\t\tWissenschaftliche Experimente\n\t\t\t\t\t\t\t\t\t<\/li>\n<\/ul>\n","protected":false},"excerpt":{"rendered":"<p>1 &#8211; 3 JAHRE 1 &#8211; 3 JAHRE In der Lernwerttabelle sind die Bereiche der Intelligenzentwicklung f\u00fcr den Altersbereich von der Geburt bis zu 3 Jahren dargestellt.In diesem ersten Lebensabschnitt stellt sich das Kind der Welt und verfeinert seine Wahrnehmung durch Aktivit\u00e4ten, die mit dem Gebrauch der Sinne zusammenh\u00e4ngen. Die Tabelle beschreibt analytisch und \u00fcbersichtlich, welche Kompetenzen unsere Spielger\u00e4te beim Kind ausl\u00f6sen, wenn es seine ersten Spiele aufnimmt. WAHRNEHMUNG UNDPSYCHOMOTORIK Feinmotorik K\u00f6rperbewegung Raumorientierung AFFEKTIVIT\u00c4T UNDPERS\u00d6NLICHKEIT Autonomie Mitwirkung Einhalten der Regeln Umgang mit Anderen Ziele erreichen SPRACHEUND KOMMUNIKATION Schreiben und lesen lernen W\u00f6rter lesen und schreiben Textverst\u00e4ndnis Lexik Rechtschreibung und Grammatik Zweite Sprache MATHEMATIKUND LOGIK Zahlen und Rechenarten Textaufgaben Abmessungen Geometrie Wahrscheinlichkeit und Statistik Logik, Analyse, Synthese GED\u00c4CHTNISUND AUFMERKSAMKEIT Beobachtungsgabe Ged\u00e4chtnis Aufmerksamkeit Konzentration AUSDRUCKSF\u00c4HIGKEITUND KREATIVIT\u00c4T Vorstellungskraft Kreativit\u00e4t Dramatisierung Bildende Kunst Ger\u00e4usche und Musik Motorische Aktivit\u00e4ten WISSENSCHAFTUND UMWELT Zusammenleben Geschichte, Kunst und Berufe Geografie, Erde und Weltall Der Mensch und die Umwelt Tiere und Natur Physik und Chemie Technologie und Informatik Wissenschaftliche Experimente WAHRNEHMUNG UNDPSYCHOMOTORIK Feinmotorik K\u00f6rperbewegung Raumorientierung AFFEKTIVIT\u00c4T UNDPERS\u00d6NLICHKEIT Autonomie Mitwirkung Einhalten der Regeln Umgang mit Anderen Ziele erreichen SPRACHEUND KOMMUNIKATION Schreiben und lesen lernen W\u00f6rter lesen und schreiben Textverst\u00e4ndnis Lexik Rechtschreibung und Grammatik Zweite Sprache MATHEMATIKUND LOGIK Zahlen und Rechenarten Textaufgaben Abmessungen Geometrie Wahrscheinlichkeit und Statistik Logik, Analyse, Synthese GED\u00c4CHTNISUND AUFMERKSAMKEIT Beobachtungsgabe Ged\u00e4chtnis Aufmerksamkeit Konzentration AUSDRUCKSF\u00c4HIGKEITUND KREATIVIT\u00c4T Vorstellungskraft Kreativit\u00e4t Dramatisierung Bildende Kunst Ger\u00e4usche und Musik Motorische Aktivit\u00e4ten WISSENSCHAFTUND UMWELT Zusammenleben Geschichte, Kunst und Berufe Geografie, Erde und Weltall Der Mensch und die Umwelt Tiere und Natur Physik und Chemie Technologie und Informatik Wissenschaftliche Experimente<\/p>\n","protected":false},"author":2,"featured_media":0,"parent":0,"menu_order":0,"comment_status":"closed","ping_status":"closed","template":"","meta":{"_acf_changed":false,"footnotes":""},"class_list":["post-628986","page","type-page","status-publish","hentry"],"acf":[],"yoast_head":"<!-- This site is optimized with the Yoast SEO plugin v26.5 - https:\/\/yoast.com\/wordpress\/plugins\/seo\/ -->\n<title>1 - 3 Jahre - Lisciani Giochi<\/title>\n<meta name=\"robots\" content=\"index, follow, max-snippet:-1, max-image-preview:large, max-video-preview:-1\" \/>\n<link rel=\"canonical\" href=\"https:\/\/lg.udnt.it\/de\/1-3-jahre\/\" \/>\n<meta property=\"og:locale\" content=\"de_DE\" \/>\n<meta property=\"og:type\" content=\"article\" \/>\n<meta property=\"og:title\" content=\"1 - 3 Jahre - Lisciani Giochi\" \/>\n<meta property=\"og:description\" content=\"1 &#8211; 3 JAHRE 1 &#8211; 3 JAHRE In der Lernwerttabelle sind die Bereiche der Intelligenzentwicklung f\u00fcr den Altersbereich von der Geburt bis zu 3 Jahren dargestellt.In diesem ersten Lebensabschnitt stellt sich das Kind der Welt und verfeinert seine Wahrnehmung durch Aktivit\u00e4ten, die mit dem Gebrauch der Sinne zusammenh\u00e4ngen. Die Tabelle beschreibt analytisch und \u00fcbersichtlich, welche Kompetenzen unsere Spielger\u00e4te beim Kind ausl\u00f6sen, wenn es seine ersten Spiele aufnimmt. WAHRNEHMUNG UNDPSYCHOMOTORIK Feinmotorik K\u00f6rperbewegung Raumorientierung AFFEKTIVIT\u00c4T UNDPERS\u00d6NLICHKEIT Autonomie Mitwirkung Einhalten der Regeln Umgang mit Anderen Ziele erreichen SPRACHEUND KOMMUNIKATION Schreiben und lesen lernen W\u00f6rter lesen und schreiben Textverst\u00e4ndnis Lexik Rechtschreibung und Grammatik Zweite Sprache MATHEMATIKUND LOGIK Zahlen und Rechenarten Textaufgaben Abmessungen Geometrie Wahrscheinlichkeit und Statistik Logik, Analyse, Synthese GED\u00c4CHTNISUND AUFMERKSAMKEIT Beobachtungsgabe Ged\u00e4chtnis Aufmerksamkeit Konzentration AUSDRUCKSF\u00c4HIGKEITUND KREATIVIT\u00c4T Vorstellungskraft Kreativit\u00e4t Dramatisierung Bildende Kunst Ger\u00e4usche und Musik Motorische Aktivit\u00e4ten WISSENSCHAFTUND UMWELT Zusammenleben Geschichte, Kunst und Berufe Geografie, Erde und Weltall Der Mensch und die Umwelt Tiere und Natur Physik und Chemie Technologie und Informatik Wissenschaftliche Experimente WAHRNEHMUNG UNDPSYCHOMOTORIK Feinmotorik K\u00f6rperbewegung Raumorientierung AFFEKTIVIT\u00c4T UNDPERS\u00d6NLICHKEIT Autonomie Mitwirkung Einhalten der Regeln Umgang mit Anderen Ziele erreichen SPRACHEUND KOMMUNIKATION Schreiben und lesen lernen W\u00f6rter lesen und schreiben Textverst\u00e4ndnis Lexik Rechtschreibung und Grammatik Zweite Sprache MATHEMATIKUND LOGIK Zahlen und Rechenarten Textaufgaben Abmessungen Geometrie Wahrscheinlichkeit und Statistik Logik, Analyse, Synthese GED\u00c4CHTNISUND AUFMERKSAMKEIT Beobachtungsgabe Ged\u00e4chtnis Aufmerksamkeit Konzentration AUSDRUCKSF\u00c4HIGKEITUND KREATIVIT\u00c4T Vorstellungskraft Kreativit\u00e4t Dramatisierung Bildende Kunst Ger\u00e4usche und Musik Motorische Aktivit\u00e4ten WISSENSCHAFTUND UMWELT Zusammenleben Geschichte, Kunst und Berufe Geografie, Erde und Weltall Der Mensch und die Umwelt Tiere und Natur Physik und Chemie Technologie und Informatik Wissenschaftliche Experimente\" \/>\n<meta property=\"og:url\" content=\"https:\/\/lg.udnt.it\/de\/1-3-jahre\/\" \/>\n<meta property=\"og:site_name\" content=\"Lisciani Giochi\" \/>\n<meta property=\"article:publisher\" content=\"https:\/\/www.facebook.com\/liscianigroup\" \/>\n<meta property=\"article:modified_time\" content=\"2024-03-22T16:41:42+00:00\" \/>\n<meta property=\"og:image\" content=\"https:\/\/lg.udnt.it\/wp-content\/uploads\/2024\/03\/01-100x100-1.png\" \/>\n<meta name=\"twitter:card\" content=\"summary_large_image\" \/>\n<meta name=\"twitter:label1\" content=\"Est. reading time\" \/>\n\t<meta name=\"twitter:data1\" content=\"1 minute\" \/>\n<script type=\"application\/ld+json\" class=\"yoast-schema-graph\">{\"@context\":\"https:\/\/schema.org\",\"@graph\":[{\"@type\":\"WebPage\",\"@id\":\"https:\/\/lg.udnt.it\/de\/1-3-jahre\/\",\"url\":\"https:\/\/lg.udnt.it\/de\/1-3-jahre\/\",\"name\":\"1 - 3 Jahre - Lisciani Giochi\",\"isPartOf\":{\"@id\":\"https:\/\/www.liscianigiochi.com\/#website\"},\"primaryImageOfPage\":{\"@id\":\"https:\/\/lg.udnt.it\/de\/1-3-jahre\/#primaryimage\"},\"image\":{\"@id\":\"https:\/\/lg.udnt.it\/de\/1-3-jahre\/#primaryimage\"},\"thumbnailUrl\":\"https:\/\/www.liscianigiochi.com\/wp-content\/uploads\/2024\/03\/01-100x100-1.png\",\"datePublished\":\"2024-03-22T14:23:00+00:00\",\"dateModified\":\"2024-03-22T16:41:42+00:00\",\"breadcrumb\":{\"@id\":\"https:\/\/lg.udnt.it\/de\/1-3-jahre\/#breadcrumb\"},\"inLanguage\":\"de-DE\",\"potentialAction\":[{\"@type\":\"ReadAction\",\"target\":[\"https:\/\/lg.udnt.it\/de\/1-3-jahre\/\"]}]},{\"@type\":\"ImageObject\",\"inLanguage\":\"de-DE\",\"@id\":\"https:\/\/lg.udnt.it\/de\/1-3-jahre\/#primaryimage\",\"url\":\"https:\/\/www.liscianigiochi.com\/wp-content\/uploads\/2024\/03\/01-100x100-1.png\",\"contentUrl\":\"https:\/\/www.liscianigiochi.com\/wp-content\/uploads\/2024\/03\/01-100x100-1.png\"},{\"@type\":\"BreadcrumbList\",\"@id\":\"https:\/\/lg.udnt.it\/de\/1-3-jahre\/#breadcrumb\",\"itemListElement\":[{\"@type\":\"ListItem\",\"position\":1,\"name\":\"Home\",\"item\":\"https:\/\/www.liscianigiochi.com\/de\/\"},{\"@type\":\"ListItem\",\"position\":2,\"name\":\"1 &#8211; 3 Jahre\"}]},{\"@type\":\"WebSite\",\"@id\":\"https:\/\/www.liscianigiochi.com\/#website\",\"url\":\"https:\/\/www.liscianigiochi.com\/\",\"name\":\"Lisciani Giochi\",\"description\":\"\",\"publisher\":{\"@id\":\"https:\/\/www.liscianigiochi.com\/#organization\"},\"potentialAction\":[{\"@type\":\"SearchAction\",\"target\":{\"@type\":\"EntryPoint\",\"urlTemplate\":\"https:\/\/www.liscianigiochi.com\/?s={search_term_string}\"},\"query-input\":{\"@type\":\"PropertyValueSpecification\",\"valueRequired\":true,\"valueName\":\"search_term_string\"}}],\"inLanguage\":\"de-DE\"},{\"@type\":\"Organization\",\"@id\":\"https:\/\/www.liscianigiochi.com\/#organization\",\"name\":\"Lisciani Giochi\",\"url\":\"https:\/\/www.liscianigiochi.com\/\",\"logo\":{\"@type\":\"ImageObject\",\"inLanguage\":\"de-DE\",\"@id\":\"https:\/\/www.liscianigiochi.com\/#\/schema\/logo\/image\/\",\"url\":\"https:\/\/www.liscianigiochi.com\/wp-content\/uploads\/2023\/10\/Logo@2x.png\",\"contentUrl\":\"https:\/\/www.liscianigiochi.com\/wp-content\/uploads\/2023\/10\/Logo@2x.png\",\"width\":384,\"height\":384,\"caption\":\"Lisciani Giochi\"},\"image\":{\"@id\":\"https:\/\/www.liscianigiochi.com\/#\/schema\/logo\/image\/\"},\"sameAs\":[\"https:\/\/www.facebook.com\/liscianigroup\",\"https:\/\/www.instagram.com\/liscianigiochi\/\"]}]}<\/script>\n<!-- \/ Yoast SEO plugin. -->","yoast_head_json":{"title":"1 - 3 Jahre - Lisciani Giochi","robots":{"index":"index","follow":"follow","max-snippet":"max-snippet:-1","max-image-preview":"max-image-preview:large","max-video-preview":"max-video-preview:-1"},"canonical":"https:\/\/lg.udnt.it\/de\/1-3-jahre\/","og_locale":"de_DE","og_type":"article","og_title":"1 - 3 Jahre - Lisciani Giochi","og_description":"1 &#8211; 3 JAHRE 1 &#8211; 3 JAHRE In der Lernwerttabelle sind die Bereiche der Intelligenzentwicklung f\u00fcr den Altersbereich von der Geburt bis zu 3 Jahren dargestellt.In diesem ersten Lebensabschnitt stellt sich das Kind der Welt und verfeinert seine Wahrnehmung durch Aktivit\u00e4ten, die mit dem Gebrauch der Sinne zusammenh\u00e4ngen. Die Tabelle beschreibt analytisch und \u00fcbersichtlich, welche Kompetenzen unsere Spielger\u00e4te beim Kind ausl\u00f6sen, wenn es seine ersten Spiele aufnimmt. WAHRNEHMUNG UNDPSYCHOMOTORIK Feinmotorik K\u00f6rperbewegung Raumorientierung AFFEKTIVIT\u00c4T UNDPERS\u00d6NLICHKEIT Autonomie Mitwirkung Einhalten der Regeln Umgang mit Anderen Ziele erreichen SPRACHEUND KOMMUNIKATION Schreiben und lesen lernen W\u00f6rter lesen und schreiben Textverst\u00e4ndnis Lexik Rechtschreibung und Grammatik Zweite Sprache MATHEMATIKUND LOGIK Zahlen und Rechenarten Textaufgaben Abmessungen Geometrie Wahrscheinlichkeit und Statistik Logik, Analyse, Synthese GED\u00c4CHTNISUND AUFMERKSAMKEIT Beobachtungsgabe Ged\u00e4chtnis Aufmerksamkeit Konzentration AUSDRUCKSF\u00c4HIGKEITUND KREATIVIT\u00c4T Vorstellungskraft Kreativit\u00e4t Dramatisierung Bildende Kunst Ger\u00e4usche und Musik Motorische Aktivit\u00e4ten WISSENSCHAFTUND UMWELT Zusammenleben Geschichte, Kunst und Berufe Geografie, Erde und Weltall Der Mensch und die Umwelt Tiere und Natur Physik und Chemie Technologie und Informatik Wissenschaftliche Experimente WAHRNEHMUNG UNDPSYCHOMOTORIK Feinmotorik K\u00f6rperbewegung Raumorientierung AFFEKTIVIT\u00c4T UNDPERS\u00d6NLICHKEIT Autonomie Mitwirkung Einhalten der Regeln Umgang mit Anderen Ziele erreichen SPRACHEUND KOMMUNIKATION Schreiben und lesen lernen W\u00f6rter lesen und schreiben Textverst\u00e4ndnis Lexik Rechtschreibung und Grammatik Zweite Sprache MATHEMATIKUND LOGIK Zahlen und Rechenarten Textaufgaben Abmessungen Geometrie Wahrscheinlichkeit und Statistik Logik, Analyse, Synthese GED\u00c4CHTNISUND AUFMERKSAMKEIT Beobachtungsgabe Ged\u00e4chtnis Aufmerksamkeit Konzentration AUSDRUCKSF\u00c4HIGKEITUND KREATIVIT\u00c4T Vorstellungskraft Kreativit\u00e4t Dramatisierung Bildende Kunst Ger\u00e4usche und Musik Motorische Aktivit\u00e4ten WISSENSCHAFTUND UMWELT Zusammenleben Geschichte, Kunst und Berufe Geografie, Erde und Weltall Der Mensch und die Umwelt Tiere und Natur Physik und Chemie Technologie und Informatik Wissenschaftliche Experimente","og_url":"https:\/\/lg.udnt.it\/de\/1-3-jahre\/","og_site_name":"Lisciani Giochi","article_publisher":"https:\/\/www.facebook.com\/liscianigroup","article_modified_time":"2024-03-22T16:41:42+00:00","og_image":[{"url":"https:\/\/lg.udnt.it\/wp-content\/uploads\/2024\/03\/01-100x100-1.png","type":"","width":"","height":""}],"twitter_card":"summary_large_image","twitter_misc":{"Est. reading time":"1 minute"},"schema":{"@context":"https:\/\/schema.org","@graph":[{"@type":"WebPage","@id":"https:\/\/lg.udnt.it\/de\/1-3-jahre\/","url":"https:\/\/lg.udnt.it\/de\/1-3-jahre\/","name":"1 - 3 Jahre - Lisciani Giochi","isPartOf":{"@id":"https:\/\/www.liscianigiochi.com\/#website"},"primaryImageOfPage":{"@id":"https:\/\/lg.udnt.it\/de\/1-3-jahre\/#primaryimage"},"image":{"@id":"https:\/\/lg.udnt.it\/de\/1-3-jahre\/#primaryimage"},"thumbnailUrl":"https:\/\/www.liscianigiochi.com\/wp-content\/uploads\/2024\/03\/01-100x100-1.png","datePublished":"2024-03-22T14:23:00+00:00","dateModified":"2024-03-22T16:41:42+00:00","breadcrumb":{"@id":"https:\/\/lg.udnt.it\/de\/1-3-jahre\/#breadcrumb"},"inLanguage":"de-DE","potentialAction":[{"@type":"ReadAction","target":["https:\/\/lg.udnt.it\/de\/1-3-jahre\/"]}]},{"@type":"ImageObject","inLanguage":"de-DE","@id":"https:\/\/lg.udnt.it\/de\/1-3-jahre\/#primaryimage","url":"https:\/\/www.liscianigiochi.com\/wp-content\/uploads\/2024\/03\/01-100x100-1.png","contentUrl":"https:\/\/www.liscianigiochi.com\/wp-content\/uploads\/2024\/03\/01-100x100-1.png"},{"@type":"BreadcrumbList","@id":"https:\/\/lg.udnt.it\/de\/1-3-jahre\/#breadcrumb","itemListElement":[{"@type":"ListItem","position":1,"name":"Home","item":"https:\/\/www.liscianigiochi.com\/de\/"},{"@type":"ListItem","position":2,"name":"1 &#8211; 3 Jahre"}]},{"@type":"WebSite","@id":"https:\/\/www.liscianigiochi.com\/#website","url":"https:\/\/www.liscianigiochi.com\/","name":"Lisciani Giochi","description":"","publisher":{"@id":"https:\/\/www.liscianigiochi.com\/#organization"},"potentialAction":[{"@type":"SearchAction","target":{"@type":"EntryPoint","urlTemplate":"https:\/\/www.liscianigiochi.com\/?s={search_term_string}"},"query-input":{"@type":"PropertyValueSpecification","valueRequired":true,"valueName":"search_term_string"}}],"inLanguage":"de-DE"},{"@type":"Organization","@id":"https:\/\/www.liscianigiochi.com\/#organization","name":"Lisciani Giochi","url":"https:\/\/www.liscianigiochi.com\/","logo":{"@type":"ImageObject","inLanguage":"de-DE","@id":"https:\/\/www.liscianigiochi.com\/#\/schema\/logo\/image\/","url":"https:\/\/www.liscianigiochi.com\/wp-content\/uploads\/2023\/10\/Logo@2x.png","contentUrl":"https:\/\/www.liscianigiochi.com\/wp-content\/uploads\/2023\/10\/Logo@2x.png","width":384,"height":384,"caption":"Lisciani Giochi"},"image":{"@id":"https:\/\/www.liscianigiochi.com\/#\/schema\/logo\/image\/"},"sameAs":["https:\/\/www.facebook.com\/liscianigroup","https:\/\/www.instagram.com\/liscianigiochi\/"]}]}},"_links":{"self":[{"href":"https:\/\/www.liscianigiochi.com\/de\/wp-json\/wp\/v2\/pages\/628986","targetHints":{"allow":["GET"]}}],"collection":[{"href":"https:\/\/www.liscianigiochi.com\/de\/wp-json\/wp\/v2\/pages"}],"about":[{"href":"https:\/\/www.liscianigiochi.com\/de\/wp-json\/wp\/v2\/types\/page"}],"author":[{"embeddable":true,"href":"https:\/\/www.liscianigiochi.com\/de\/wp-json\/wp\/v2\/users\/2"}],"replies":[{"embeddable":true,"href":"https:\/\/www.liscianigiochi.com\/de\/wp-json\/wp\/v2\/comments?post=628986"}],"version-history":[{"count":3,"href":"https:\/\/www.liscianigiochi.com\/de\/wp-json\/wp\/v2\/pages\/628986\/revisions"}],"predecessor-version":[{"id":628989,"href":"https:\/\/www.liscianigiochi.com\/de\/wp-json\/wp\/v2\/pages\/628986\/revisions\/628989"}],"wp:attachment":[{"href":"https:\/\/www.liscianigiochi.com\/de\/wp-json\/wp\/v2\/media?parent=628986"}],"curies":[{"name":"wp","href":"https:\/\/api.w.org\/{rel}","templated":true}]}}