{"id":697870,"date":"2024-06-24T12:15:54","date_gmt":"2024-06-24T10:15:54","guid":{"rendered":"https:\/\/www.liscianigiochi.com\/printcam-einstellung\/"},"modified":"2024-07-15T17:31:07","modified_gmt":"2024-07-15T15:31:07","slug":"printcam-einstellung","status":"publish","type":"page","link":"https:\/\/www.liscianigiochi.com\/de\/printcam-einstellung\/","title":{"rendered":"PrintCam-Einstellung"},"content":{"rendered":"\t\t<div data-elementor-type=\"wp-page\" data-elementor-id=\"697870\" class=\"elementor elementor-697870 elementor-649938\" data-elementor-post-type=\"page\">\n\t\t\t\t<div class=\"elementor-element elementor-element-f8fbb2b e-flex e-con-boxed wpr-particle-no wpr-jarallax-no wpr-parallax-no wpr-sticky-section-no e-con e-parent\" data-id=\"f8fbb2b\" data-element_type=\"container\">\n\t\t\t\t\t<div class=\"e-con-inner\">\n\t\t\t\t<div class=\"elementor-element elementor-element-7356884 elementor-widget elementor-widget-heading\" data-id=\"7356884\" data-element_type=\"widget\" data-widget_type=\"heading.default\">\n\t\t\t\t<div class=\"elementor-widget-container\">\n\t\t\t\t\t<h2 class=\"elementor-heading-title elementor-size-default\">PrintCam-Einstellung<\/h2>\t\t\t\t<\/div>\n\t\t\t\t<\/div>\n\t\t\t\t<div class=\"elementor-element elementor-element-12f38df elementor-widget elementor-widget-text-editor\" data-id=\"12f38df\" data-element_type=\"widget\" data-widget_type=\"text-editor.default\">\n\t\t\t\t<div class=\"elementor-widget-container\">\n\t\t\t\t\t\t\t\t\t<p>Versuchen Sie, die Einstellungen f\u00fcr die Bildaufl\u00f6sung auf Maximum, hohe Dichte und 10M-Qualit\u00e4t einzustellen. Die ersten 10\/15 Fotos sind heller, dann werden sie dunkler.<\/p>\n<p>Ein weiterer wichtiger Punkt ist das Licht in dem Raum, in dem das Foto aufgenommen wird. Wenn es zu wei\u00df ist oder die Kamera direkt auf das Licht gerichtet ist, wird der Abzug zu hell.<\/p>\n<p>Wenn Sie Hilfe ben\u00f6tigen, <a href=\"https:\/\/helpdesk.liscianigiochi.com\/\" target=\"_blank\" rel=\"noopener\">rufen Sie das Customer Care Portal auf.<\/a><\/p>\n\t\t\t\t\t\t\t\t<\/div>\n\t\t\t\t<\/div>\n\t\t\t\t\t<\/div>\n\t\t\t\t<\/div>\n\t\t\t\t<\/div>\n\t\t","protected":false},"excerpt":{"rendered":"<p>PrintCam-Einstellung Versuchen Sie, die Einstellungen f\u00fcr die Bildaufl\u00f6sung auf Maximum, hohe Dichte und 10M-Qualit\u00e4t einzustellen. Die ersten 10\/15 Fotos sind heller, dann werden sie dunkler. Ein weiterer wichtiger Punkt ist das Licht in dem Raum, in dem das Foto aufgenommen wird. Wenn es zu wei\u00df ist oder die Kamera direkt auf das Licht gerichtet ist, wird der Abzug zu hell. Wenn Sie Hilfe ben\u00f6tigen, rufen Sie das Customer Care Portal auf.<\/p>\n","protected":false},"author":2,"featured_media":0,"parent":0,"menu_order":0,"comment_status":"closed","ping_status":"closed","template":"","meta":{"_acf_changed":false,"footnotes":""},"class_list":["post-697870","page","type-page","status-publish","hentry"],"acf":[],"yoast_head":"<!-- This site is optimized with the Yoast SEO plugin v26.5 - https:\/\/yoast.com\/wordpress\/plugins\/seo\/ -->\n<title>PrintCam-Einstellung - Lisciani Giochi<\/title>\n<meta name=\"robots\" content=\"index, follow, max-snippet:-1, max-image-preview:large, max-video-preview:-1\" \/>\n<link rel=\"canonical\" href=\"https:\/\/www.liscianigiochi.com\/de\/printcam-einstellung\/\" \/>\n<meta property=\"og:locale\" content=\"de_DE\" \/>\n<meta property=\"og:type\" content=\"article\" \/>\n<meta property=\"og:title\" content=\"PrintCam-Einstellung - Lisciani Giochi\" \/>\n<meta property=\"og:description\" content=\"PrintCam-Einstellung Versuchen Sie, die Einstellungen f\u00fcr die Bildaufl\u00f6sung auf Maximum, hohe Dichte und 10M-Qualit\u00e4t einzustellen. Die ersten 10\/15 Fotos sind heller, dann werden sie dunkler. Ein weiterer wichtiger Punkt ist das Licht in dem Raum, in dem das Foto aufgenommen wird. Wenn es zu wei\u00df ist oder die Kamera direkt auf das Licht gerichtet ist, wird der Abzug zu hell. Wenn Sie Hilfe ben\u00f6tigen, rufen Sie das Customer Care Portal auf.\" \/>\n<meta property=\"og:url\" content=\"https:\/\/www.liscianigiochi.com\/de\/printcam-einstellung\/\" \/>\n<meta property=\"og:site_name\" content=\"Lisciani Giochi\" \/>\n<meta property=\"article:publisher\" content=\"https:\/\/www.facebook.com\/liscianigroup\" \/>\n<meta property=\"article:modified_time\" content=\"2024-07-15T15:31:07+00:00\" \/>\n<meta name=\"twitter:card\" content=\"summary_large_image\" \/>\n<script type=\"application\/ld+json\" class=\"yoast-schema-graph\">{\"@context\":\"https:\/\/schema.org\",\"@graph\":[{\"@type\":\"WebPage\",\"@id\":\"https:\/\/www.liscianigiochi.com\/de\/printcam-einstellung\/\",\"url\":\"https:\/\/www.liscianigiochi.com\/de\/printcam-einstellung\/\",\"name\":\"PrintCam-Einstellung - Lisciani Giochi\",\"isPartOf\":{\"@id\":\"https:\/\/www.liscianigiochi.com\/#website\"},\"datePublished\":\"2024-06-24T10:15:54+00:00\",\"dateModified\":\"2024-07-15T15:31:07+00:00\",\"breadcrumb\":{\"@id\":\"https:\/\/www.liscianigiochi.com\/de\/printcam-einstellung\/#breadcrumb\"},\"inLanguage\":\"de-DE\",\"potentialAction\":[{\"@type\":\"ReadAction\",\"target\":[\"https:\/\/www.liscianigiochi.com\/de\/printcam-einstellung\/\"]}]},{\"@type\":\"BreadcrumbList\",\"@id\":\"https:\/\/www.liscianigiochi.com\/de\/printcam-einstellung\/#breadcrumb\",\"itemListElement\":[{\"@type\":\"ListItem\",\"position\":1,\"name\":\"Home\",\"item\":\"https:\/\/www.liscianigiochi.com\/de\/\"},{\"@type\":\"ListItem\",\"position\":2,\"name\":\"PrintCam-Einstellung\"}]},{\"@type\":\"WebSite\",\"@id\":\"https:\/\/www.liscianigiochi.com\/#website\",\"url\":\"https:\/\/www.liscianigiochi.com\/\",\"name\":\"Lisciani Giochi\",\"description\":\"\",\"publisher\":{\"@id\":\"https:\/\/www.liscianigiochi.com\/#organization\"},\"potentialAction\":[{\"@type\":\"SearchAction\",\"target\":{\"@type\":\"EntryPoint\",\"urlTemplate\":\"https:\/\/www.liscianigiochi.com\/?s={search_term_string}\"},\"query-input\":{\"@type\":\"PropertyValueSpecification\",\"valueRequired\":true,\"valueName\":\"search_term_string\"}}],\"inLanguage\":\"de-DE\"},{\"@type\":\"Organization\",\"@id\":\"https:\/\/www.liscianigiochi.com\/#organization\",\"name\":\"Lisciani Giochi\",\"url\":\"https:\/\/www.liscianigiochi.com\/\",\"logo\":{\"@type\":\"ImageObject\",\"inLanguage\":\"de-DE\",\"@id\":\"https:\/\/www.liscianigiochi.com\/#\/schema\/logo\/image\/\",\"url\":\"https:\/\/www.liscianigiochi.com\/wp-content\/uploads\/2023\/10\/Logo@2x.png\",\"contentUrl\":\"https:\/\/www.liscianigiochi.com\/wp-content\/uploads\/2023\/10\/Logo@2x.png\",\"width\":384,\"height\":384,\"caption\":\"Lisciani Giochi\"},\"image\":{\"@id\":\"https:\/\/www.liscianigiochi.com\/#\/schema\/logo\/image\/\"},\"sameAs\":[\"https:\/\/www.facebook.com\/liscianigroup\",\"https:\/\/www.instagram.com\/liscianigiochi\/\"]}]}<\/script>\n<!-- \/ Yoast SEO plugin. -->","yoast_head_json":{"title":"PrintCam-Einstellung - Lisciani Giochi","robots":{"index":"index","follow":"follow","max-snippet":"max-snippet:-1","max-image-preview":"max-image-preview:large","max-video-preview":"max-video-preview:-1"},"canonical":"https:\/\/www.liscianigiochi.com\/de\/printcam-einstellung\/","og_locale":"de_DE","og_type":"article","og_title":"PrintCam-Einstellung - Lisciani Giochi","og_description":"PrintCam-Einstellung Versuchen Sie, die Einstellungen f\u00fcr die Bildaufl\u00f6sung auf Maximum, hohe Dichte und 10M-Qualit\u00e4t einzustellen. Die ersten 10\/15 Fotos sind heller, dann werden sie dunkler. Ein weiterer wichtiger Punkt ist das Licht in dem Raum, in dem das Foto aufgenommen wird. Wenn es zu wei\u00df ist oder die Kamera direkt auf das Licht gerichtet ist, wird der Abzug zu hell. Wenn Sie Hilfe ben\u00f6tigen, rufen Sie das Customer Care Portal auf.","og_url":"https:\/\/www.liscianigiochi.com\/de\/printcam-einstellung\/","og_site_name":"Lisciani Giochi","article_publisher":"https:\/\/www.facebook.com\/liscianigroup","article_modified_time":"2024-07-15T15:31:07+00:00","twitter_card":"summary_large_image","schema":{"@context":"https:\/\/schema.org","@graph":[{"@type":"WebPage","@id":"https:\/\/www.liscianigiochi.com\/de\/printcam-einstellung\/","url":"https:\/\/www.liscianigiochi.com\/de\/printcam-einstellung\/","name":"PrintCam-Einstellung - Lisciani Giochi","isPartOf":{"@id":"https:\/\/www.liscianigiochi.com\/#website"},"datePublished":"2024-06-24T10:15:54+00:00","dateModified":"2024-07-15T15:31:07+00:00","breadcrumb":{"@id":"https:\/\/www.liscianigiochi.com\/de\/printcam-einstellung\/#breadcrumb"},"inLanguage":"de-DE","potentialAction":[{"@type":"ReadAction","target":["https:\/\/www.liscianigiochi.com\/de\/printcam-einstellung\/"]}]},{"@type":"BreadcrumbList","@id":"https:\/\/www.liscianigiochi.com\/de\/printcam-einstellung\/#breadcrumb","itemListElement":[{"@type":"ListItem","position":1,"name":"Home","item":"https:\/\/www.liscianigiochi.com\/de\/"},{"@type":"ListItem","position":2,"name":"PrintCam-Einstellung"}]},{"@type":"WebSite","@id":"https:\/\/www.liscianigiochi.com\/#website","url":"https:\/\/www.liscianigiochi.com\/","name":"Lisciani Giochi","description":"","publisher":{"@id":"https:\/\/www.liscianigiochi.com\/#organization"},"potentialAction":[{"@type":"SearchAction","target":{"@type":"EntryPoint","urlTemplate":"https:\/\/www.liscianigiochi.com\/?s={search_term_string}"},"query-input":{"@type":"PropertyValueSpecification","valueRequired":true,"valueName":"search_term_string"}}],"inLanguage":"de-DE"},{"@type":"Organization","@id":"https:\/\/www.liscianigiochi.com\/#organization","name":"Lisciani Giochi","url":"https:\/\/www.liscianigiochi.com\/","logo":{"@type":"ImageObject","inLanguage":"de-DE","@id":"https:\/\/www.liscianigiochi.com\/#\/schema\/logo\/image\/","url":"https:\/\/www.liscianigiochi.com\/wp-content\/uploads\/2023\/10\/Logo@2x.png","contentUrl":"https:\/\/www.liscianigiochi.com\/wp-content\/uploads\/2023\/10\/Logo@2x.png","width":384,"height":384,"caption":"Lisciani Giochi"},"image":{"@id":"https:\/\/www.liscianigiochi.com\/#\/schema\/logo\/image\/"},"sameAs":["https:\/\/www.facebook.com\/liscianigroup","https:\/\/www.instagram.com\/liscianigiochi\/"]}]}},"_links":{"self":[{"href":"https:\/\/www.liscianigiochi.com\/de\/wp-json\/wp\/v2\/pages\/697870","targetHints":{"allow":["GET"]}}],"collection":[{"href":"https:\/\/www.liscianigiochi.com\/de\/wp-json\/wp\/v2\/pages"}],"about":[{"href":"https:\/\/www.liscianigiochi.com\/de\/wp-json\/wp\/v2\/types\/page"}],"author":[{"embeddable":true,"href":"https:\/\/www.liscianigiochi.com\/de\/wp-json\/wp\/v2\/users\/2"}],"replies":[{"embeddable":true,"href":"https:\/\/www.liscianigiochi.com\/de\/wp-json\/wp\/v2\/comments?post=697870"}],"version-history":[{"count":1,"href":"https:\/\/www.liscianigiochi.com\/de\/wp-json\/wp\/v2\/pages\/697870\/revisions"}],"predecessor-version":[{"id":697871,"href":"https:\/\/www.liscianigiochi.com\/de\/wp-json\/wp\/v2\/pages\/697870\/revisions\/697871"}],"wp:attachment":[{"href":"https:\/\/www.liscianigiochi.com\/de\/wp-json\/wp\/v2\/media?parent=697870"}],"curies":[{"name":"wp","href":"https:\/\/api.w.org\/{rel}","templated":true}]}}