{"id":1000916,"date":"2025-03-06T05:39:25","date_gmt":"2025-03-06T04:39:25","guid":{"rendered":"https:\/\/www.liscianigiochi.com\/shop\/uncategorized\/disney-eco-puzzle-df-60-oceania-2-de\/"},"modified":"2026-04-10T06:22:51","modified_gmt":"2026-04-10T04:22:51","slug":"disney-eco-puzzle-df-60-oceania-2-de","status":"publish","type":"product","link":"https:\/\/www.liscianigiochi.com\/de\/shop\/puzzles-fur-kinder-de\/eco-puzzle-maxi-60-de\/disney-eco-puzzle-df-60-oceania-2-de\/","title":{"rendered":"Disney Eco-Puzzle Df 60 Oceania 2"},"content":{"rendered":"<p>Bauen Sie die Szenen Ihres Lieblingszeichentrickfilms auf v\u00f6llig neue und umweltfreundliche Weise nach und nach der L\u00f6sung des R\u00e4tsels geht der Spa\u00df weiter! Auf der R\u00fcckseite der Tafel finden Sie eine Schwarz-Wei\u00df-Szene zum Ausmalen!<\/p>\n","protected":false},"excerpt":{"rendered":"<p>Bauen Sie die sch\u00f6nsten Szenen aus Ihrem Lieblingszeichentrickfilm nach und malen Sie sie aus!<\/p>\n","protected":false},"featured_media":1842023,"template":"","meta":{"_acf_changed":false},"product_brand":[],"product_cat":[3436,2934],"product_tag":[3135,3137,3149],"class_list":{"0":"post-1000916","1":"product","2":"type-product","3":"status-publish","4":"has-post-thumbnail","6":"product_cat-eco-puzzle-maxi-60-de","7":"product_cat-puzzles-fur-kinder-de","8":"product_tag-3-4-jahre-de","9":"product_tag-5-6-jahre-de","10":"product_tag-disney-giocattolo-de","12":"first","13":"instock","14":"shipping-taxable","15":"product-type-simple"},"acf":[],"yoast_head":"<!-- This site is optimized with the Yoast SEO plugin v26.5 - https:\/\/yoast.com\/wordpress\/plugins\/seo\/ -->\n<title>Disney Eco-Puzzle Df 60 Oceania 2 - Lisciani Giochi<\/title>\n<meta name=\"robots\" content=\"index, follow, max-snippet:-1, max-image-preview:large, max-video-preview:-1\" \/>\n<link rel=\"canonical\" href=\"https:\/\/www.liscianigiochi.com\/de\/shop\/uncategorized\/disney-eco-puzzle-df-60-oceania-2-de\/\" \/>\n<meta property=\"og:locale\" content=\"de_DE\" \/>\n<meta property=\"og:type\" content=\"article\" \/>\n<meta property=\"og:title\" content=\"Disney Eco-Puzzle Df 60 Oceania 2 - Lisciani Giochi\" \/>\n<meta property=\"og:description\" content=\"Bauen Sie die sch\u00f6nsten Szenen aus Ihrem Lieblingszeichentrickfilm nach und malen Sie sie aus!\" \/>\n<meta property=\"og:url\" content=\"https:\/\/www.liscianigiochi.com\/de\/shop\/uncategorized\/disney-eco-puzzle-df-60-oceania-2-de\/\" \/>\n<meta property=\"og:site_name\" content=\"Lisciani Giochi\" \/>\n<meta property=\"article:publisher\" content=\"https:\/\/www.facebook.com\/liscianigroup\" \/>\n<meta property=\"article:modified_time\" content=\"2026-04-10T04:22:51+00:00\" \/>\n<meta property=\"og:image\" content=\"https:\/\/mf.liscianigiochi.it:8443\/media\/111190\/BD71D36D-1796-47F5-9DB9-CA479061AC29.jpg\" \/>\n<meta name=\"twitter:card\" content=\"summary_large_image\" \/>\n<meta name=\"twitter:image\" content=\"https:\/\/mf.liscianigiochi.it:8443\/media\/111190\/BD71D36D-1796-47F5-9DB9-CA479061AC29.jpg\" \/>\n<script type=\"application\/ld+json\" class=\"yoast-schema-graph\">{\"@context\":\"https:\/\/schema.org\",\"@graph\":[{\"@type\":\"WebPage\",\"@id\":\"https:\/\/www.liscianigiochi.com\/de\/shop\/uncategorized\/disney-eco-puzzle-df-60-oceania-2-de\/\",\"url\":\"https:\/\/www.liscianigiochi.com\/de\/shop\/uncategorized\/disney-eco-puzzle-df-60-oceania-2-de\/\",\"name\":\"Disney Eco-Puzzle Df 60 Oceania 2 - Lisciani Giochi\",\"isPartOf\":{\"@id\":\"https:\/\/www.liscianigiochi.com\/#website\"},\"primaryImageOfPage\":{\"@id\":\"https:\/\/www.liscianigiochi.com\/de\/shop\/uncategorized\/disney-eco-puzzle-df-60-oceania-2-de\/#primaryimage\"},\"image\":{\"@id\":\"https:\/\/www.liscianigiochi.com\/de\/shop\/uncategorized\/disney-eco-puzzle-df-60-oceania-2-de\/#primaryimage\"},\"thumbnailUrl\":\"https:\/\/mf.liscianigiochi.it:8443\/media\/111190\/BD71D36D-1796-47F5-9DB9-CA479061AC29.jpg\",\"datePublished\":\"2025-03-06T04:39:25+00:00\",\"dateModified\":\"2026-04-10T04:22:51+00:00\",\"breadcrumb\":{\"@id\":\"https:\/\/www.liscianigiochi.com\/de\/shop\/uncategorized\/disney-eco-puzzle-df-60-oceania-2-de\/#breadcrumb\"},\"inLanguage\":\"de-DE\",\"potentialAction\":[{\"@type\":\"ReadAction\",\"target\":[\"https:\/\/www.liscianigiochi.com\/de\/shop\/uncategorized\/disney-eco-puzzle-df-60-oceania-2-de\/\"]}]},{\"@type\":\"ImageObject\",\"inLanguage\":\"de-DE\",\"@id\":\"https:\/\/www.liscianigiochi.com\/de\/shop\/uncategorized\/disney-eco-puzzle-df-60-oceania-2-de\/#primaryimage\",\"url\":\"https:\/\/mf.liscianigiochi.it:8443\/media\/111190\/BD71D36D-1796-47F5-9DB9-CA479061AC29.jpg\",\"contentUrl\":\"https:\/\/mf.liscianigiochi.it:8443\/media\/111190\/BD71D36D-1796-47F5-9DB9-CA479061AC29.jpg\"},{\"@type\":\"BreadcrumbList\",\"@id\":\"https:\/\/www.liscianigiochi.com\/de\/shop\/uncategorized\/disney-eco-puzzle-df-60-oceania-2-de\/#breadcrumb\",\"itemListElement\":[{\"@type\":\"ListItem\",\"position\":1,\"name\":\"Home\",\"item\":\"https:\/\/www.liscianigiochi.com\/de\/\"},{\"@type\":\"ListItem\",\"position\":2,\"name\":\"Shop\",\"item\":\"https:\/\/lg.udnt.it\/de\/shop\/\"},{\"@type\":\"ListItem\",\"position\":3,\"name\":\"Disney Eco-Puzzle Df 60 Oceania 2\"}]},{\"@type\":\"WebSite\",\"@id\":\"https:\/\/www.liscianigiochi.com\/#website\",\"url\":\"https:\/\/www.liscianigiochi.com\/\",\"name\":\"Lisciani Giochi\",\"description\":\"\",\"publisher\":{\"@id\":\"https:\/\/www.liscianigiochi.com\/#organization\"},\"potentialAction\":[{\"@type\":\"SearchAction\",\"target\":{\"@type\":\"EntryPoint\",\"urlTemplate\":\"https:\/\/www.liscianigiochi.com\/?s={search_term_string}\"},\"query-input\":{\"@type\":\"PropertyValueSpecification\",\"valueRequired\":true,\"valueName\":\"search_term_string\"}}],\"inLanguage\":\"de-DE\"},{\"@type\":\"Organization\",\"@id\":\"https:\/\/www.liscianigiochi.com\/#organization\",\"name\":\"Lisciani Giochi\",\"url\":\"https:\/\/www.liscianigiochi.com\/\",\"logo\":{\"@type\":\"ImageObject\",\"inLanguage\":\"de-DE\",\"@id\":\"https:\/\/www.liscianigiochi.com\/#\/schema\/logo\/image\/\",\"url\":\"https:\/\/www.liscianigiochi.com\/wp-content\/uploads\/2023\/10\/Logo@2x.png\",\"contentUrl\":\"https:\/\/www.liscianigiochi.com\/wp-content\/uploads\/2023\/10\/Logo@2x.png\",\"width\":384,\"height\":384,\"caption\":\"Lisciani Giochi\"},\"image\":{\"@id\":\"https:\/\/www.liscianigiochi.com\/#\/schema\/logo\/image\/\"},\"sameAs\":[\"https:\/\/www.facebook.com\/liscianigroup\",\"https:\/\/www.instagram.com\/liscianigiochi\/\"]}]}<\/script>\n<!-- \/ Yoast SEO plugin. -->","yoast_head_json":{"title":"Disney Eco-Puzzle Df 60 Oceania 2 - Lisciani Giochi","robots":{"index":"index","follow":"follow","max-snippet":"max-snippet:-1","max-image-preview":"max-image-preview:large","max-video-preview":"max-video-preview:-1"},"canonical":"https:\/\/www.liscianigiochi.com\/de\/shop\/uncategorized\/disney-eco-puzzle-df-60-oceania-2-de\/","og_locale":"de_DE","og_type":"article","og_title":"Disney Eco-Puzzle Df 60 Oceania 2 - Lisciani Giochi","og_description":"Bauen Sie die sch\u00f6nsten Szenen aus Ihrem Lieblingszeichentrickfilm nach und malen Sie sie aus!","og_url":"https:\/\/www.liscianigiochi.com\/de\/shop\/uncategorized\/disney-eco-puzzle-df-60-oceania-2-de\/","og_site_name":"Lisciani Giochi","article_publisher":"https:\/\/www.facebook.com\/liscianigroup","article_modified_time":"2026-04-10T04:22:51+00:00","og_image":[{"url":"https:\/\/mf.liscianigiochi.it:8443\/media\/111190\/BD71D36D-1796-47F5-9DB9-CA479061AC29.jpg","type":"","width":"","height":""}],"twitter_card":"summary_large_image","twitter_image":"https:\/\/mf.liscianigiochi.it:8443\/media\/111190\/BD71D36D-1796-47F5-9DB9-CA479061AC29.jpg","schema":{"@context":"https:\/\/schema.org","@graph":[{"@type":"WebPage","@id":"https:\/\/www.liscianigiochi.com\/de\/shop\/uncategorized\/disney-eco-puzzle-df-60-oceania-2-de\/","url":"https:\/\/www.liscianigiochi.com\/de\/shop\/uncategorized\/disney-eco-puzzle-df-60-oceania-2-de\/","name":"Disney Eco-Puzzle Df 60 Oceania 2 - Lisciani Giochi","isPartOf":{"@id":"https:\/\/www.liscianigiochi.com\/#website"},"primaryImageOfPage":{"@id":"https:\/\/www.liscianigiochi.com\/de\/shop\/uncategorized\/disney-eco-puzzle-df-60-oceania-2-de\/#primaryimage"},"image":{"@id":"https:\/\/www.liscianigiochi.com\/de\/shop\/uncategorized\/disney-eco-puzzle-df-60-oceania-2-de\/#primaryimage"},"thumbnailUrl":"https:\/\/mf.liscianigiochi.it:8443\/media\/111190\/BD71D36D-1796-47F5-9DB9-CA479061AC29.jpg","datePublished":"2025-03-06T04:39:25+00:00","dateModified":"2026-04-10T04:22:51+00:00","breadcrumb":{"@id":"https:\/\/www.liscianigiochi.com\/de\/shop\/uncategorized\/disney-eco-puzzle-df-60-oceania-2-de\/#breadcrumb"},"inLanguage":"de-DE","potentialAction":[{"@type":"ReadAction","target":["https:\/\/www.liscianigiochi.com\/de\/shop\/uncategorized\/disney-eco-puzzle-df-60-oceania-2-de\/"]}]},{"@type":"ImageObject","inLanguage":"de-DE","@id":"https:\/\/www.liscianigiochi.com\/de\/shop\/uncategorized\/disney-eco-puzzle-df-60-oceania-2-de\/#primaryimage","url":"https:\/\/mf.liscianigiochi.it:8443\/media\/111190\/BD71D36D-1796-47F5-9DB9-CA479061AC29.jpg","contentUrl":"https:\/\/mf.liscianigiochi.it:8443\/media\/111190\/BD71D36D-1796-47F5-9DB9-CA479061AC29.jpg"},{"@type":"BreadcrumbList","@id":"https:\/\/www.liscianigiochi.com\/de\/shop\/uncategorized\/disney-eco-puzzle-df-60-oceania-2-de\/#breadcrumb","itemListElement":[{"@type":"ListItem","position":1,"name":"Home","item":"https:\/\/www.liscianigiochi.com\/de\/"},{"@type":"ListItem","position":2,"name":"Shop","item":"https:\/\/lg.udnt.it\/de\/shop\/"},{"@type":"ListItem","position":3,"name":"Disney Eco-Puzzle Df 60 Oceania 2"}]},{"@type":"WebSite","@id":"https:\/\/www.liscianigiochi.com\/#website","url":"https:\/\/www.liscianigiochi.com\/","name":"Lisciani Giochi","description":"","publisher":{"@id":"https:\/\/www.liscianigiochi.com\/#organization"},"potentialAction":[{"@type":"SearchAction","target":{"@type":"EntryPoint","urlTemplate":"https:\/\/www.liscianigiochi.com\/?s={search_term_string}"},"query-input":{"@type":"PropertyValueSpecification","valueRequired":true,"valueName":"search_term_string"}}],"inLanguage":"de-DE"},{"@type":"Organization","@id":"https:\/\/www.liscianigiochi.com\/#organization","name":"Lisciani Giochi","url":"https:\/\/www.liscianigiochi.com\/","logo":{"@type":"ImageObject","inLanguage":"de-DE","@id":"https:\/\/www.liscianigiochi.com\/#\/schema\/logo\/image\/","url":"https:\/\/www.liscianigiochi.com\/wp-content\/uploads\/2023\/10\/Logo@2x.png","contentUrl":"https:\/\/www.liscianigiochi.com\/wp-content\/uploads\/2023\/10\/Logo@2x.png","width":384,"height":384,"caption":"Lisciani Giochi"},"image":{"@id":"https:\/\/www.liscianigiochi.com\/#\/schema\/logo\/image\/"},"sameAs":["https:\/\/www.facebook.com\/liscianigroup","https:\/\/www.instagram.com\/liscianigiochi\/"]}]}},"fifu_image_url":"https:\/\/mf.liscianigiochi.it:8443\/media\/111190\/BD71D36D-1796-47F5-9DB9-CA479061AC29.jpg","_links":{"self":[{"href":"https:\/\/www.liscianigiochi.com\/de\/wp-json\/wp\/v2\/product\/1000916","targetHints":{"allow":["GET"]}}],"collection":[{"href":"https:\/\/www.liscianigiochi.com\/de\/wp-json\/wp\/v2\/product"}],"about":[{"href":"https:\/\/www.liscianigiochi.com\/de\/wp-json\/wp\/v2\/types\/product"}],"wp:featuredmedia":[{"embeddable":true,"href":"https:\/\/www.liscianigiochi.com\/de\/wp-json\/wp\/v2\/media\/1842023"}],"wp:attachment":[{"href":"https:\/\/www.liscianigiochi.com\/de\/wp-json\/wp\/v2\/media?parent=1000916"}],"wp:term":[{"taxonomy":"product_brand","embeddable":true,"href":"https:\/\/www.liscianigiochi.com\/de\/wp-json\/wp\/v2\/product_brand?post=1000916"},{"taxonomy":"product_cat","embeddable":true,"href":"https:\/\/www.liscianigiochi.com\/de\/wp-json\/wp\/v2\/product_cat?post=1000916"},{"taxonomy":"product_tag","embeddable":true,"href":"https:\/\/www.liscianigiochi.com\/de\/wp-json\/wp\/v2\/product_tag?post=1000916"}],"curies":[{"name":"wp","href":"https:\/\/api.w.org\/{rel}","templated":true}]}}