{"id":1733552,"date":"2025-11-18T05:11:38","date_gmt":"2025-11-18T04:11:38","guid":{"rendered":"https:\/\/www.liscianigiochi.com\/shop\/uncategorized\/slumi-science-pocket-chamaleon-squish-de\/"},"modified":"2026-05-01T06:26:01","modified_gmt":"2026-05-01T04:26:01","slug":"slumi-science-pocket-chamaleon-squish-de","status":"publish","type":"product","link":"https:\/\/www.liscianigiochi.com\/de\/shop\/wissenschaftliche-spiele-de\/slumi-science-pocket-chamaleon-squish-de\/","title":{"rendered":"Slumi Science Pocket Cham\u00e4leon &#8211; Squish"},"content":{"rendered":"<p>Ein Bausatz zur Herstellung Ihres eigenen Cham\u00e4leons in einer Squishy-Version: elastisch, Anti-Stress und alles zum Dr\u00fccken! Alles, was Sie tun m\u00fcssen, ist, die magischen Fl\u00fcssigkeiten zu mischen, das Farbwechselpulver hinzuzuf\u00fcgen, die Mischung in die Form zu gie\u00dfen und auf die Transformation zu warten. Im Handumdrehen haben Sie mit Ihren eigenen H\u00e4nden ein originelles Quetschspielzeug geschaffen, das je nach Temperatur seine Farbe \u00e4ndert &#8230; zum Sammeln und \u00fcberall hin mitnehmen!<\/p>\n","protected":false},"excerpt":{"rendered":"<p>Erstellen Sie Ihr eigenes Cham\u00e4leon!<\/p>\n","protected":false},"featured_media":1744029,"template":"","meta":{"_acf_changed":false},"product_brand":[],"product_cat":[2931],"product_tag":[3140,3148],"class_list":{"0":"post-1733552","1":"product","2":"type-product","3":"status-publish","4":"has-post-thumbnail","6":"product_cat-wissenschaftliche-spiele-de","7":"product_tag-7-8-jahre-de","8":"product_tag-prodotto-lisciani-de","10":"first","11":"instock","12":"shipping-taxable","13":"product-type-simple"},"acf":[],"yoast_head":"<!-- This site is optimized with the Yoast SEO plugin v26.5 - https:\/\/yoast.com\/wordpress\/plugins\/seo\/ -->\n<title>Slumi Science Pocket Cham\u00e4leon - Squish - Lisciani Giochi<\/title>\n<meta name=\"robots\" content=\"index, follow, max-snippet:-1, max-image-preview:large, max-video-preview:-1\" \/>\n<link rel=\"canonical\" href=\"https:\/\/www.liscianigiochi.com\/de\/shop\/uncategorized\/slumi-science-pocket-chamaleon-squish-de\/\" \/>\n<meta property=\"og:locale\" content=\"de_DE\" \/>\n<meta property=\"og:type\" content=\"article\" \/>\n<meta property=\"og:title\" content=\"Slumi Science Pocket Cham\u00e4leon - Squish - Lisciani Giochi\" \/>\n<meta property=\"og:description\" content=\"Erstellen Sie Ihr eigenes Cham\u00e4leon!\" \/>\n<meta property=\"og:url\" content=\"https:\/\/www.liscianigiochi.com\/de\/shop\/uncategorized\/slumi-science-pocket-chamaleon-squish-de\/\" \/>\n<meta property=\"og:site_name\" content=\"Lisciani Giochi\" \/>\n<meta property=\"article:publisher\" content=\"https:\/\/www.facebook.com\/liscianigroup\" \/>\n<meta property=\"article:modified_time\" content=\"2026-05-01T04:26:01+00:00\" \/>\n<meta property=\"og:image\" content=\"https:\/\/mf.liscianigiochi.it:8443\/media\/DE110971\/0EFC11A6-CD1A-4494-A34A-24BEF4E634CE.jpg\" \/>\n<meta name=\"twitter:card\" content=\"summary_large_image\" \/>\n<meta name=\"twitter:image\" content=\"https:\/\/mf.liscianigiochi.it:8443\/media\/DE110971\/0EFC11A6-CD1A-4494-A34A-24BEF4E634CE.jpg\" \/>\n<script type=\"application\/ld+json\" class=\"yoast-schema-graph\">{\"@context\":\"https:\/\/schema.org\",\"@graph\":[{\"@type\":\"WebPage\",\"@id\":\"https:\/\/www.liscianigiochi.com\/de\/shop\/uncategorized\/slumi-science-pocket-chamaleon-squish-de\/\",\"url\":\"https:\/\/www.liscianigiochi.com\/de\/shop\/uncategorized\/slumi-science-pocket-chamaleon-squish-de\/\",\"name\":\"Slumi Science Pocket Cham\u00e4leon - Squish - Lisciani Giochi\",\"isPartOf\":{\"@id\":\"https:\/\/www.liscianigiochi.com\/#website\"},\"primaryImageOfPage\":{\"@id\":\"https:\/\/www.liscianigiochi.com\/de\/shop\/uncategorized\/slumi-science-pocket-chamaleon-squish-de\/#primaryimage\"},\"image\":{\"@id\":\"https:\/\/www.liscianigiochi.com\/de\/shop\/uncategorized\/slumi-science-pocket-chamaleon-squish-de\/#primaryimage\"},\"thumbnailUrl\":\"https:\/\/mf.liscianigiochi.it:8443\/media\/DE110971\/0EFC11A6-CD1A-4494-A34A-24BEF4E634CE.jpg\",\"datePublished\":\"2025-11-18T04:11:38+00:00\",\"dateModified\":\"2026-05-01T04:26:01+00:00\",\"breadcrumb\":{\"@id\":\"https:\/\/www.liscianigiochi.com\/de\/shop\/uncategorized\/slumi-science-pocket-chamaleon-squish-de\/#breadcrumb\"},\"inLanguage\":\"de-DE\",\"potentialAction\":[{\"@type\":\"ReadAction\",\"target\":[\"https:\/\/www.liscianigiochi.com\/de\/shop\/uncategorized\/slumi-science-pocket-chamaleon-squish-de\/\"]}]},{\"@type\":\"ImageObject\",\"inLanguage\":\"de-DE\",\"@id\":\"https:\/\/www.liscianigiochi.com\/de\/shop\/uncategorized\/slumi-science-pocket-chamaleon-squish-de\/#primaryimage\",\"url\":\"https:\/\/mf.liscianigiochi.it:8443\/media\/DE110971\/0EFC11A6-CD1A-4494-A34A-24BEF4E634CE.jpg\",\"contentUrl\":\"https:\/\/mf.liscianigiochi.it:8443\/media\/DE110971\/0EFC11A6-CD1A-4494-A34A-24BEF4E634CE.jpg\"},{\"@type\":\"BreadcrumbList\",\"@id\":\"https:\/\/www.liscianigiochi.com\/de\/shop\/uncategorized\/slumi-science-pocket-chamaleon-squish-de\/#breadcrumb\",\"itemListElement\":[{\"@type\":\"ListItem\",\"position\":1,\"name\":\"Home\",\"item\":\"https:\/\/www.liscianigiochi.com\/de\/\"},{\"@type\":\"ListItem\",\"position\":2,\"name\":\"Shop\",\"item\":\"https:\/\/lg.udnt.it\/de\/shop\/\"},{\"@type\":\"ListItem\",\"position\":3,\"name\":\"Slumi Science Pocket Cham\u00e4leon &#8211; Squish\"}]},{\"@type\":\"WebSite\",\"@id\":\"https:\/\/www.liscianigiochi.com\/#website\",\"url\":\"https:\/\/www.liscianigiochi.com\/\",\"name\":\"Lisciani Giochi\",\"description\":\"\",\"publisher\":{\"@id\":\"https:\/\/www.liscianigiochi.com\/#organization\"},\"potentialAction\":[{\"@type\":\"SearchAction\",\"target\":{\"@type\":\"EntryPoint\",\"urlTemplate\":\"https:\/\/www.liscianigiochi.com\/?s={search_term_string}\"},\"query-input\":{\"@type\":\"PropertyValueSpecification\",\"valueRequired\":true,\"valueName\":\"search_term_string\"}}],\"inLanguage\":\"de-DE\"},{\"@type\":\"Organization\",\"@id\":\"https:\/\/www.liscianigiochi.com\/#organization\",\"name\":\"Lisciani Giochi\",\"url\":\"https:\/\/www.liscianigiochi.com\/\",\"logo\":{\"@type\":\"ImageObject\",\"inLanguage\":\"de-DE\",\"@id\":\"https:\/\/www.liscianigiochi.com\/#\/schema\/logo\/image\/\",\"url\":\"https:\/\/www.liscianigiochi.com\/wp-content\/uploads\/2023\/10\/Logo@2x.png\",\"contentUrl\":\"https:\/\/www.liscianigiochi.com\/wp-content\/uploads\/2023\/10\/Logo@2x.png\",\"width\":384,\"height\":384,\"caption\":\"Lisciani Giochi\"},\"image\":{\"@id\":\"https:\/\/www.liscianigiochi.com\/#\/schema\/logo\/image\/\"},\"sameAs\":[\"https:\/\/www.facebook.com\/liscianigroup\",\"https:\/\/www.instagram.com\/liscianigiochi\/\"]}]}<\/script>\n<!-- \/ Yoast SEO plugin. -->","yoast_head_json":{"title":"Slumi Science Pocket Cham\u00e4leon - Squish - Lisciani Giochi","robots":{"index":"index","follow":"follow","max-snippet":"max-snippet:-1","max-image-preview":"max-image-preview:large","max-video-preview":"max-video-preview:-1"},"canonical":"https:\/\/www.liscianigiochi.com\/de\/shop\/uncategorized\/slumi-science-pocket-chamaleon-squish-de\/","og_locale":"de_DE","og_type":"article","og_title":"Slumi Science Pocket Cham\u00e4leon - Squish - Lisciani Giochi","og_description":"Erstellen Sie Ihr eigenes Cham\u00e4leon!","og_url":"https:\/\/www.liscianigiochi.com\/de\/shop\/uncategorized\/slumi-science-pocket-chamaleon-squish-de\/","og_site_name":"Lisciani Giochi","article_publisher":"https:\/\/www.facebook.com\/liscianigroup","article_modified_time":"2026-05-01T04:26:01+00:00","og_image":[{"url":"https:\/\/mf.liscianigiochi.it:8443\/media\/DE110971\/0EFC11A6-CD1A-4494-A34A-24BEF4E634CE.jpg","type":"","width":"","height":""}],"twitter_card":"summary_large_image","twitter_image":"https:\/\/mf.liscianigiochi.it:8443\/media\/DE110971\/0EFC11A6-CD1A-4494-A34A-24BEF4E634CE.jpg","schema":{"@context":"https:\/\/schema.org","@graph":[{"@type":"WebPage","@id":"https:\/\/www.liscianigiochi.com\/de\/shop\/uncategorized\/slumi-science-pocket-chamaleon-squish-de\/","url":"https:\/\/www.liscianigiochi.com\/de\/shop\/uncategorized\/slumi-science-pocket-chamaleon-squish-de\/","name":"Slumi Science Pocket Cham\u00e4leon - Squish - Lisciani Giochi","isPartOf":{"@id":"https:\/\/www.liscianigiochi.com\/#website"},"primaryImageOfPage":{"@id":"https:\/\/www.liscianigiochi.com\/de\/shop\/uncategorized\/slumi-science-pocket-chamaleon-squish-de\/#primaryimage"},"image":{"@id":"https:\/\/www.liscianigiochi.com\/de\/shop\/uncategorized\/slumi-science-pocket-chamaleon-squish-de\/#primaryimage"},"thumbnailUrl":"https:\/\/mf.liscianigiochi.it:8443\/media\/DE110971\/0EFC11A6-CD1A-4494-A34A-24BEF4E634CE.jpg","datePublished":"2025-11-18T04:11:38+00:00","dateModified":"2026-05-01T04:26:01+00:00","breadcrumb":{"@id":"https:\/\/www.liscianigiochi.com\/de\/shop\/uncategorized\/slumi-science-pocket-chamaleon-squish-de\/#breadcrumb"},"inLanguage":"de-DE","potentialAction":[{"@type":"ReadAction","target":["https:\/\/www.liscianigiochi.com\/de\/shop\/uncategorized\/slumi-science-pocket-chamaleon-squish-de\/"]}]},{"@type":"ImageObject","inLanguage":"de-DE","@id":"https:\/\/www.liscianigiochi.com\/de\/shop\/uncategorized\/slumi-science-pocket-chamaleon-squish-de\/#primaryimage","url":"https:\/\/mf.liscianigiochi.it:8443\/media\/DE110971\/0EFC11A6-CD1A-4494-A34A-24BEF4E634CE.jpg","contentUrl":"https:\/\/mf.liscianigiochi.it:8443\/media\/DE110971\/0EFC11A6-CD1A-4494-A34A-24BEF4E634CE.jpg"},{"@type":"BreadcrumbList","@id":"https:\/\/www.liscianigiochi.com\/de\/shop\/uncategorized\/slumi-science-pocket-chamaleon-squish-de\/#breadcrumb","itemListElement":[{"@type":"ListItem","position":1,"name":"Home","item":"https:\/\/www.liscianigiochi.com\/de\/"},{"@type":"ListItem","position":2,"name":"Shop","item":"https:\/\/lg.udnt.it\/de\/shop\/"},{"@type":"ListItem","position":3,"name":"Slumi Science Pocket Cham\u00e4leon &#8211; Squish"}]},{"@type":"WebSite","@id":"https:\/\/www.liscianigiochi.com\/#website","url":"https:\/\/www.liscianigiochi.com\/","name":"Lisciani Giochi","description":"","publisher":{"@id":"https:\/\/www.liscianigiochi.com\/#organization"},"potentialAction":[{"@type":"SearchAction","target":{"@type":"EntryPoint","urlTemplate":"https:\/\/www.liscianigiochi.com\/?s={search_term_string}"},"query-input":{"@type":"PropertyValueSpecification","valueRequired":true,"valueName":"search_term_string"}}],"inLanguage":"de-DE"},{"@type":"Organization","@id":"https:\/\/www.liscianigiochi.com\/#organization","name":"Lisciani Giochi","url":"https:\/\/www.liscianigiochi.com\/","logo":{"@type":"ImageObject","inLanguage":"de-DE","@id":"https:\/\/www.liscianigiochi.com\/#\/schema\/logo\/image\/","url":"https:\/\/www.liscianigiochi.com\/wp-content\/uploads\/2023\/10\/Logo@2x.png","contentUrl":"https:\/\/www.liscianigiochi.com\/wp-content\/uploads\/2023\/10\/Logo@2x.png","width":384,"height":384,"caption":"Lisciani Giochi"},"image":{"@id":"https:\/\/www.liscianigiochi.com\/#\/schema\/logo\/image\/"},"sameAs":["https:\/\/www.facebook.com\/liscianigroup","https:\/\/www.instagram.com\/liscianigiochi\/"]}]}},"fifu_image_url":"https:\/\/mf.liscianigiochi.it:8443\/media\/DE110971\/0EFC11A6-CD1A-4494-A34A-24BEF4E634CE.jpg","_links":{"self":[{"href":"https:\/\/www.liscianigiochi.com\/de\/wp-json\/wp\/v2\/product\/1733552","targetHints":{"allow":["GET"]}}],"collection":[{"href":"https:\/\/www.liscianigiochi.com\/de\/wp-json\/wp\/v2\/product"}],"about":[{"href":"https:\/\/www.liscianigiochi.com\/de\/wp-json\/wp\/v2\/types\/product"}],"wp:featuredmedia":[{"embeddable":true,"href":"https:\/\/www.liscianigiochi.com\/de\/wp-json\/wp\/v2\/media\/1744029"}],"wp:attachment":[{"href":"https:\/\/www.liscianigiochi.com\/de\/wp-json\/wp\/v2\/media?parent=1733552"}],"wp:term":[{"taxonomy":"product_brand","embeddable":true,"href":"https:\/\/www.liscianigiochi.com\/de\/wp-json\/wp\/v2\/product_brand?post=1733552"},{"taxonomy":"product_cat","embeddable":true,"href":"https:\/\/www.liscianigiochi.com\/de\/wp-json\/wp\/v2\/product_cat?post=1733552"},{"taxonomy":"product_tag","embeddable":true,"href":"https:\/\/www.liscianigiochi.com\/de\/wp-json\/wp\/v2\/product_tag?post=1733552"}],"curies":[{"name":"wp","href":"https:\/\/api.w.org\/{rel}","templated":true}]}}