{"id":1733634,"date":"2025-11-18T05:13:00","date_gmt":"2025-11-18T04:13:00","guid":{"rendered":"https:\/\/www.liscianigiochi.com\/shop\/uncategorized\/slumi-science-squish-wissenschaft-de\/"},"modified":"2026-05-01T06:26:07","modified_gmt":"2026-05-01T04:26:07","slug":"slumi-science-squish-wissenschaft-de","status":"publish","type":"product","link":"https:\/\/www.liscianigiochi.com\/de\/shop\/wissenschaftliche-spiele-de\/slumi-science-squish-wissenschaft-de\/","title":{"rendered":"Slumi Science Squish-Wissenschaft"},"content":{"rendered":"<p>Machen Sie sich bereit, eine Welt voller Kreativit\u00e4t und Spa\u00df zu entdecken &#8230; alles, was Sie brauchen, um mit Slumi und seinen Freunden hineinzuschl\u00fcpfen! In diesem Set finden Sie alles, was Sie brauchen, um viele Arten von DIY-Quietschspielzeugen herzustellen: elastisch, weich, dehnbar, stressabbauend und &#8230; noch viel mehr! Sie sind sehr einfach herzustellen: Mischen Sie einfach die verschiedenen Arten von Fl\u00fcssigkeiten und verwenden Sie die mitgelieferten Formen, Materialien und Dekorationen! Die Geheimnisse dieser \u201eelastischen\u201c Spiele warten darauf, Sie zu \u00fcberraschen und Ihnen zu zeigen, wie faszinierend die Squishy-Wissenschaft sein kann!<\/p>\n","protected":false},"excerpt":{"rendered":"<p>Entdecke und stimme dich mit SQUISHY SCIENCE ein!<\/p>\n","protected":false},"featured_media":1744138,"template":"","meta":{"_acf_changed":false},"product_brand":[],"product_cat":[2931],"product_tag":[3140,3148],"class_list":{"0":"post-1733634","1":"product","2":"type-product","3":"status-publish","4":"has-post-thumbnail","6":"product_cat-wissenschaftliche-spiele-de","7":"product_tag-7-8-jahre-de","8":"product_tag-prodotto-lisciani-de","10":"first","11":"instock","12":"shipping-taxable","13":"product-type-simple"},"acf":[],"yoast_head":"<!-- This site is optimized with the Yoast SEO plugin v26.5 - https:\/\/yoast.com\/wordpress\/plugins\/seo\/ -->\n<title>Slumi Science Squish-Wissenschaft - Lisciani Giochi<\/title>\n<meta name=\"robots\" content=\"index, follow, max-snippet:-1, max-image-preview:large, max-video-preview:-1\" \/>\n<link rel=\"canonical\" href=\"https:\/\/www.liscianigiochi.com\/de\/shop\/uncategorized\/slumi-science-squish-wissenschaft-de\/\" \/>\n<meta property=\"og:locale\" content=\"de_DE\" \/>\n<meta property=\"og:type\" content=\"article\" \/>\n<meta property=\"og:title\" content=\"Slumi Science Squish-Wissenschaft - Lisciani Giochi\" \/>\n<meta property=\"og:description\" content=\"Entdecke und stimme dich mit SQUISHY SCIENCE ein!\" \/>\n<meta property=\"og:url\" content=\"https:\/\/www.liscianigiochi.com\/de\/shop\/uncategorized\/slumi-science-squish-wissenschaft-de\/\" \/>\n<meta property=\"og:site_name\" content=\"Lisciani Giochi\" \/>\n<meta property=\"article:publisher\" content=\"https:\/\/www.facebook.com\/liscianigroup\" \/>\n<meta property=\"article:modified_time\" content=\"2026-05-01T04:26:07+00:00\" \/>\n<meta property=\"og:image\" content=\"https:\/\/mf.liscianigiochi.it:8443\/media\/DE110339\/D207C7F2-BCB6-460A-AF11-DD8EC1C9A255.jpg\" \/>\n<meta name=\"twitter:card\" content=\"summary_large_image\" \/>\n<meta name=\"twitter:image\" content=\"https:\/\/mf.liscianigiochi.it:8443\/media\/DE110339\/D207C7F2-BCB6-460A-AF11-DD8EC1C9A255.jpg\" \/>\n<script type=\"application\/ld+json\" class=\"yoast-schema-graph\">{\"@context\":\"https:\/\/schema.org\",\"@graph\":[{\"@type\":\"WebPage\",\"@id\":\"https:\/\/www.liscianigiochi.com\/de\/shop\/uncategorized\/slumi-science-squish-wissenschaft-de\/\",\"url\":\"https:\/\/www.liscianigiochi.com\/de\/shop\/uncategorized\/slumi-science-squish-wissenschaft-de\/\",\"name\":\"Slumi Science Squish-Wissenschaft - Lisciani Giochi\",\"isPartOf\":{\"@id\":\"https:\/\/www.liscianigiochi.com\/#website\"},\"primaryImageOfPage\":{\"@id\":\"https:\/\/www.liscianigiochi.com\/de\/shop\/uncategorized\/slumi-science-squish-wissenschaft-de\/#primaryimage\"},\"image\":{\"@id\":\"https:\/\/www.liscianigiochi.com\/de\/shop\/uncategorized\/slumi-science-squish-wissenschaft-de\/#primaryimage\"},\"thumbnailUrl\":\"https:\/\/mf.liscianigiochi.it:8443\/media\/DE110339\/D207C7F2-BCB6-460A-AF11-DD8EC1C9A255.jpg\",\"datePublished\":\"2025-11-18T04:13:00+00:00\",\"dateModified\":\"2026-05-01T04:26:07+00:00\",\"breadcrumb\":{\"@id\":\"https:\/\/www.liscianigiochi.com\/de\/shop\/uncategorized\/slumi-science-squish-wissenschaft-de\/#breadcrumb\"},\"inLanguage\":\"de-DE\",\"potentialAction\":[{\"@type\":\"ReadAction\",\"target\":[\"https:\/\/www.liscianigiochi.com\/de\/shop\/uncategorized\/slumi-science-squish-wissenschaft-de\/\"]}]},{\"@type\":\"ImageObject\",\"inLanguage\":\"de-DE\",\"@id\":\"https:\/\/www.liscianigiochi.com\/de\/shop\/uncategorized\/slumi-science-squish-wissenschaft-de\/#primaryimage\",\"url\":\"https:\/\/mf.liscianigiochi.it:8443\/media\/DE110339\/D207C7F2-BCB6-460A-AF11-DD8EC1C9A255.jpg\",\"contentUrl\":\"https:\/\/mf.liscianigiochi.it:8443\/media\/DE110339\/D207C7F2-BCB6-460A-AF11-DD8EC1C9A255.jpg\"},{\"@type\":\"BreadcrumbList\",\"@id\":\"https:\/\/www.liscianigiochi.com\/de\/shop\/uncategorized\/slumi-science-squish-wissenschaft-de\/#breadcrumb\",\"itemListElement\":[{\"@type\":\"ListItem\",\"position\":1,\"name\":\"Home\",\"item\":\"https:\/\/www.liscianigiochi.com\/de\/\"},{\"@type\":\"ListItem\",\"position\":2,\"name\":\"Shop\",\"item\":\"https:\/\/lg.udnt.it\/de\/shop\/\"},{\"@type\":\"ListItem\",\"position\":3,\"name\":\"Slumi Science Squish-Wissenschaft\"}]},{\"@type\":\"WebSite\",\"@id\":\"https:\/\/www.liscianigiochi.com\/#website\",\"url\":\"https:\/\/www.liscianigiochi.com\/\",\"name\":\"Lisciani Giochi\",\"description\":\"\",\"publisher\":{\"@id\":\"https:\/\/www.liscianigiochi.com\/#organization\"},\"potentialAction\":[{\"@type\":\"SearchAction\",\"target\":{\"@type\":\"EntryPoint\",\"urlTemplate\":\"https:\/\/www.liscianigiochi.com\/?s={search_term_string}\"},\"query-input\":{\"@type\":\"PropertyValueSpecification\",\"valueRequired\":true,\"valueName\":\"search_term_string\"}}],\"inLanguage\":\"de-DE\"},{\"@type\":\"Organization\",\"@id\":\"https:\/\/www.liscianigiochi.com\/#organization\",\"name\":\"Lisciani Giochi\",\"url\":\"https:\/\/www.liscianigiochi.com\/\",\"logo\":{\"@type\":\"ImageObject\",\"inLanguage\":\"de-DE\",\"@id\":\"https:\/\/www.liscianigiochi.com\/#\/schema\/logo\/image\/\",\"url\":\"https:\/\/www.liscianigiochi.com\/wp-content\/uploads\/2023\/10\/Logo@2x.png\",\"contentUrl\":\"https:\/\/www.liscianigiochi.com\/wp-content\/uploads\/2023\/10\/Logo@2x.png\",\"width\":384,\"height\":384,\"caption\":\"Lisciani Giochi\"},\"image\":{\"@id\":\"https:\/\/www.liscianigiochi.com\/#\/schema\/logo\/image\/\"},\"sameAs\":[\"https:\/\/www.facebook.com\/liscianigroup\",\"https:\/\/www.instagram.com\/liscianigiochi\/\"]}]}<\/script>\n<!-- \/ Yoast SEO plugin. -->","yoast_head_json":{"title":"Slumi Science Squish-Wissenschaft - Lisciani Giochi","robots":{"index":"index","follow":"follow","max-snippet":"max-snippet:-1","max-image-preview":"max-image-preview:large","max-video-preview":"max-video-preview:-1"},"canonical":"https:\/\/www.liscianigiochi.com\/de\/shop\/uncategorized\/slumi-science-squish-wissenschaft-de\/","og_locale":"de_DE","og_type":"article","og_title":"Slumi Science Squish-Wissenschaft - Lisciani Giochi","og_description":"Entdecke und stimme dich mit SQUISHY SCIENCE ein!","og_url":"https:\/\/www.liscianigiochi.com\/de\/shop\/uncategorized\/slumi-science-squish-wissenschaft-de\/","og_site_name":"Lisciani Giochi","article_publisher":"https:\/\/www.facebook.com\/liscianigroup","article_modified_time":"2026-05-01T04:26:07+00:00","og_image":[{"url":"https:\/\/mf.liscianigiochi.it:8443\/media\/DE110339\/D207C7F2-BCB6-460A-AF11-DD8EC1C9A255.jpg","type":"","width":"","height":""}],"twitter_card":"summary_large_image","twitter_image":"https:\/\/mf.liscianigiochi.it:8443\/media\/DE110339\/D207C7F2-BCB6-460A-AF11-DD8EC1C9A255.jpg","schema":{"@context":"https:\/\/schema.org","@graph":[{"@type":"WebPage","@id":"https:\/\/www.liscianigiochi.com\/de\/shop\/uncategorized\/slumi-science-squish-wissenschaft-de\/","url":"https:\/\/www.liscianigiochi.com\/de\/shop\/uncategorized\/slumi-science-squish-wissenschaft-de\/","name":"Slumi Science Squish-Wissenschaft - Lisciani Giochi","isPartOf":{"@id":"https:\/\/www.liscianigiochi.com\/#website"},"primaryImageOfPage":{"@id":"https:\/\/www.liscianigiochi.com\/de\/shop\/uncategorized\/slumi-science-squish-wissenschaft-de\/#primaryimage"},"image":{"@id":"https:\/\/www.liscianigiochi.com\/de\/shop\/uncategorized\/slumi-science-squish-wissenschaft-de\/#primaryimage"},"thumbnailUrl":"https:\/\/mf.liscianigiochi.it:8443\/media\/DE110339\/D207C7F2-BCB6-460A-AF11-DD8EC1C9A255.jpg","datePublished":"2025-11-18T04:13:00+00:00","dateModified":"2026-05-01T04:26:07+00:00","breadcrumb":{"@id":"https:\/\/www.liscianigiochi.com\/de\/shop\/uncategorized\/slumi-science-squish-wissenschaft-de\/#breadcrumb"},"inLanguage":"de-DE","potentialAction":[{"@type":"ReadAction","target":["https:\/\/www.liscianigiochi.com\/de\/shop\/uncategorized\/slumi-science-squish-wissenschaft-de\/"]}]},{"@type":"ImageObject","inLanguage":"de-DE","@id":"https:\/\/www.liscianigiochi.com\/de\/shop\/uncategorized\/slumi-science-squish-wissenschaft-de\/#primaryimage","url":"https:\/\/mf.liscianigiochi.it:8443\/media\/DE110339\/D207C7F2-BCB6-460A-AF11-DD8EC1C9A255.jpg","contentUrl":"https:\/\/mf.liscianigiochi.it:8443\/media\/DE110339\/D207C7F2-BCB6-460A-AF11-DD8EC1C9A255.jpg"},{"@type":"BreadcrumbList","@id":"https:\/\/www.liscianigiochi.com\/de\/shop\/uncategorized\/slumi-science-squish-wissenschaft-de\/#breadcrumb","itemListElement":[{"@type":"ListItem","position":1,"name":"Home","item":"https:\/\/www.liscianigiochi.com\/de\/"},{"@type":"ListItem","position":2,"name":"Shop","item":"https:\/\/lg.udnt.it\/de\/shop\/"},{"@type":"ListItem","position":3,"name":"Slumi Science Squish-Wissenschaft"}]},{"@type":"WebSite","@id":"https:\/\/www.liscianigiochi.com\/#website","url":"https:\/\/www.liscianigiochi.com\/","name":"Lisciani Giochi","description":"","publisher":{"@id":"https:\/\/www.liscianigiochi.com\/#organization"},"potentialAction":[{"@type":"SearchAction","target":{"@type":"EntryPoint","urlTemplate":"https:\/\/www.liscianigiochi.com\/?s={search_term_string}"},"query-input":{"@type":"PropertyValueSpecification","valueRequired":true,"valueName":"search_term_string"}}],"inLanguage":"de-DE"},{"@type":"Organization","@id":"https:\/\/www.liscianigiochi.com\/#organization","name":"Lisciani Giochi","url":"https:\/\/www.liscianigiochi.com\/","logo":{"@type":"ImageObject","inLanguage":"de-DE","@id":"https:\/\/www.liscianigiochi.com\/#\/schema\/logo\/image\/","url":"https:\/\/www.liscianigiochi.com\/wp-content\/uploads\/2023\/10\/Logo@2x.png","contentUrl":"https:\/\/www.liscianigiochi.com\/wp-content\/uploads\/2023\/10\/Logo@2x.png","width":384,"height":384,"caption":"Lisciani Giochi"},"image":{"@id":"https:\/\/www.liscianigiochi.com\/#\/schema\/logo\/image\/"},"sameAs":["https:\/\/www.facebook.com\/liscianigroup","https:\/\/www.instagram.com\/liscianigiochi\/"]}]}},"fifu_image_url":"https:\/\/mf.liscianigiochi.it:8443\/media\/DE110339\/D207C7F2-BCB6-460A-AF11-DD8EC1C9A255.jpg","_links":{"self":[{"href":"https:\/\/www.liscianigiochi.com\/de\/wp-json\/wp\/v2\/product\/1733634","targetHints":{"allow":["GET"]}}],"collection":[{"href":"https:\/\/www.liscianigiochi.com\/de\/wp-json\/wp\/v2\/product"}],"about":[{"href":"https:\/\/www.liscianigiochi.com\/de\/wp-json\/wp\/v2\/types\/product"}],"wp:featuredmedia":[{"embeddable":true,"href":"https:\/\/www.liscianigiochi.com\/de\/wp-json\/wp\/v2\/media\/1744138"}],"wp:attachment":[{"href":"https:\/\/www.liscianigiochi.com\/de\/wp-json\/wp\/v2\/media?parent=1733634"}],"wp:term":[{"taxonomy":"product_brand","embeddable":true,"href":"https:\/\/www.liscianigiochi.com\/de\/wp-json\/wp\/v2\/product_brand?post=1733634"},{"taxonomy":"product_cat","embeddable":true,"href":"https:\/\/www.liscianigiochi.com\/de\/wp-json\/wp\/v2\/product_cat?post=1733634"},{"taxonomy":"product_tag","embeddable":true,"href":"https:\/\/www.liscianigiochi.com\/de\/wp-json\/wp\/v2\/product_tag?post=1733634"}],"curies":[{"name":"wp","href":"https:\/\/api.w.org\/{rel}","templated":true}]}}