{"id":1733881,"date":"2025-11-18T05:15:53","date_gmt":"2025-11-18T04:15:53","guid":{"rendered":"https:\/\/www.liscianigiochi.com\/shop\/uncategorized\/slumi-science-nacht-squish-de\/"},"modified":"2026-04-17T06:26:45","modified_gmt":"2026-04-17T04:26:45","slug":"slumi-science-nacht-squish-de","status":"publish","type":"product","link":"https:\/\/www.liscianigiochi.com\/de\/shop\/wissenschaftliche-spiele-de\/slumi-science-nacht-squish-de\/","title":{"rendered":"Slumi Science Nacht-Squish"},"content":{"rendered":"<p>Mit diesem Set k\u00f6nnen Sie viele bunte DIY-Kreaturen und Quetschspielzeuge herstellen und Ihren federnden Kreationen eine magische Note verleihen! Stellen Sie sich vor, Sie schalten das Licht aus und sehen, wie Ihre Kreationen zum Leben erwachen: Ja, denn dank Slumi und seinen Freunden werden Sie entdecken, wie Sie sie mit speziellen Pulvern und Fl\u00fcssigkeiten zum Leuchten bringen und im Dunkeln leuchten lassen! Dieses Erlebnis erm\u00f6glicht es Ihnen, die wissenschaftliche Welt auf eine ganz neue Art und Weise zu erkunden, wo Kreativit\u00e4t und Wissenschaft zusammentreffen, um Ihnen ein unterhaltsames, entspannendes und&#8230; helles Erlebnis zu bieten!<\/p>\n","protected":false},"excerpt":{"rendered":"<p>Erschaffe Kreaturen, die im Dunkeln leuchten!<\/p>\n","protected":false},"featured_media":1744500,"template":"","meta":{"_acf_changed":false},"product_brand":[],"product_cat":[2931],"product_tag":[3140,3148],"class_list":{"0":"post-1733881","1":"product","2":"type-product","3":"status-publish","4":"has-post-thumbnail","6":"product_cat-wissenschaftliche-spiele-de","7":"product_tag-7-8-jahre-de","8":"product_tag-prodotto-lisciani-de","10":"first","11":"instock","12":"shipping-taxable","13":"product-type-simple"},"acf":[],"yoast_head":"<!-- This site is optimized with the Yoast SEO plugin v26.5 - https:\/\/yoast.com\/wordpress\/plugins\/seo\/ -->\n<title>Slumi Science Nacht-Squish - Lisciani Giochi<\/title>\n<meta name=\"robots\" content=\"index, follow, max-snippet:-1, max-image-preview:large, max-video-preview:-1\" \/>\n<link rel=\"canonical\" href=\"https:\/\/www.liscianigiochi.com\/de\/shop\/uncategorized\/slumi-science-nacht-squish-de\/\" \/>\n<meta property=\"og:locale\" content=\"de_DE\" \/>\n<meta property=\"og:type\" content=\"article\" \/>\n<meta property=\"og:title\" content=\"Slumi Science Nacht-Squish - Lisciani Giochi\" \/>\n<meta property=\"og:description\" content=\"Erschaffe Kreaturen, die im Dunkeln leuchten!\" \/>\n<meta property=\"og:url\" content=\"https:\/\/www.liscianigiochi.com\/de\/shop\/uncategorized\/slumi-science-nacht-squish-de\/\" \/>\n<meta property=\"og:site_name\" content=\"Lisciani Giochi\" \/>\n<meta property=\"article:publisher\" content=\"https:\/\/www.facebook.com\/liscianigroup\" \/>\n<meta property=\"article:modified_time\" content=\"2026-04-17T04:26:45+00:00\" \/>\n<meta property=\"og:image\" content=\"https:\/\/mf.liscianigiochi.it:8443\/media\/DE110353\/FE2B7628-786F-43B5-9568-9450A72C10BC.jpg\" \/>\n<meta name=\"twitter:card\" content=\"summary_large_image\" \/>\n<meta name=\"twitter:image\" content=\"https:\/\/mf.liscianigiochi.it:8443\/media\/DE110353\/FE2B7628-786F-43B5-9568-9450A72C10BC.jpg\" \/>\n<script type=\"application\/ld+json\" class=\"yoast-schema-graph\">{\"@context\":\"https:\/\/schema.org\",\"@graph\":[{\"@type\":\"WebPage\",\"@id\":\"https:\/\/www.liscianigiochi.com\/de\/shop\/uncategorized\/slumi-science-nacht-squish-de\/\",\"url\":\"https:\/\/www.liscianigiochi.com\/de\/shop\/uncategorized\/slumi-science-nacht-squish-de\/\",\"name\":\"Slumi Science Nacht-Squish - Lisciani Giochi\",\"isPartOf\":{\"@id\":\"https:\/\/www.liscianigiochi.com\/#website\"},\"primaryImageOfPage\":{\"@id\":\"https:\/\/www.liscianigiochi.com\/de\/shop\/uncategorized\/slumi-science-nacht-squish-de\/#primaryimage\"},\"image\":{\"@id\":\"https:\/\/www.liscianigiochi.com\/de\/shop\/uncategorized\/slumi-science-nacht-squish-de\/#primaryimage\"},\"thumbnailUrl\":\"https:\/\/mf.liscianigiochi.it:8443\/media\/DE110353\/FE2B7628-786F-43B5-9568-9450A72C10BC.jpg\",\"datePublished\":\"2025-11-18T04:15:53+00:00\",\"dateModified\":\"2026-04-17T04:26:45+00:00\",\"breadcrumb\":{\"@id\":\"https:\/\/www.liscianigiochi.com\/de\/shop\/uncategorized\/slumi-science-nacht-squish-de\/#breadcrumb\"},\"inLanguage\":\"de-DE\",\"potentialAction\":[{\"@type\":\"ReadAction\",\"target\":[\"https:\/\/www.liscianigiochi.com\/de\/shop\/uncategorized\/slumi-science-nacht-squish-de\/\"]}]},{\"@type\":\"ImageObject\",\"inLanguage\":\"de-DE\",\"@id\":\"https:\/\/www.liscianigiochi.com\/de\/shop\/uncategorized\/slumi-science-nacht-squish-de\/#primaryimage\",\"url\":\"https:\/\/mf.liscianigiochi.it:8443\/media\/DE110353\/FE2B7628-786F-43B5-9568-9450A72C10BC.jpg\",\"contentUrl\":\"https:\/\/mf.liscianigiochi.it:8443\/media\/DE110353\/FE2B7628-786F-43B5-9568-9450A72C10BC.jpg\"},{\"@type\":\"BreadcrumbList\",\"@id\":\"https:\/\/www.liscianigiochi.com\/de\/shop\/uncategorized\/slumi-science-nacht-squish-de\/#breadcrumb\",\"itemListElement\":[{\"@type\":\"ListItem\",\"position\":1,\"name\":\"Home\",\"item\":\"https:\/\/www.liscianigiochi.com\/de\/\"},{\"@type\":\"ListItem\",\"position\":2,\"name\":\"Shop\",\"item\":\"https:\/\/lg.udnt.it\/de\/shop\/\"},{\"@type\":\"ListItem\",\"position\":3,\"name\":\"Slumi Science Nacht-Squish\"}]},{\"@type\":\"WebSite\",\"@id\":\"https:\/\/www.liscianigiochi.com\/#website\",\"url\":\"https:\/\/www.liscianigiochi.com\/\",\"name\":\"Lisciani Giochi\",\"description\":\"\",\"publisher\":{\"@id\":\"https:\/\/www.liscianigiochi.com\/#organization\"},\"potentialAction\":[{\"@type\":\"SearchAction\",\"target\":{\"@type\":\"EntryPoint\",\"urlTemplate\":\"https:\/\/www.liscianigiochi.com\/?s={search_term_string}\"},\"query-input\":{\"@type\":\"PropertyValueSpecification\",\"valueRequired\":true,\"valueName\":\"search_term_string\"}}],\"inLanguage\":\"de-DE\"},{\"@type\":\"Organization\",\"@id\":\"https:\/\/www.liscianigiochi.com\/#organization\",\"name\":\"Lisciani Giochi\",\"url\":\"https:\/\/www.liscianigiochi.com\/\",\"logo\":{\"@type\":\"ImageObject\",\"inLanguage\":\"de-DE\",\"@id\":\"https:\/\/www.liscianigiochi.com\/#\/schema\/logo\/image\/\",\"url\":\"https:\/\/www.liscianigiochi.com\/wp-content\/uploads\/2023\/10\/Logo@2x.png\",\"contentUrl\":\"https:\/\/www.liscianigiochi.com\/wp-content\/uploads\/2023\/10\/Logo@2x.png\",\"width\":384,\"height\":384,\"caption\":\"Lisciani Giochi\"},\"image\":{\"@id\":\"https:\/\/www.liscianigiochi.com\/#\/schema\/logo\/image\/\"},\"sameAs\":[\"https:\/\/www.facebook.com\/liscianigroup\",\"https:\/\/www.instagram.com\/liscianigiochi\/\"]}]}<\/script>\n<!-- \/ Yoast SEO plugin. -->","yoast_head_json":{"title":"Slumi Science Nacht-Squish - Lisciani Giochi","robots":{"index":"index","follow":"follow","max-snippet":"max-snippet:-1","max-image-preview":"max-image-preview:large","max-video-preview":"max-video-preview:-1"},"canonical":"https:\/\/www.liscianigiochi.com\/de\/shop\/uncategorized\/slumi-science-nacht-squish-de\/","og_locale":"de_DE","og_type":"article","og_title":"Slumi Science Nacht-Squish - Lisciani Giochi","og_description":"Erschaffe Kreaturen, die im Dunkeln leuchten!","og_url":"https:\/\/www.liscianigiochi.com\/de\/shop\/uncategorized\/slumi-science-nacht-squish-de\/","og_site_name":"Lisciani Giochi","article_publisher":"https:\/\/www.facebook.com\/liscianigroup","article_modified_time":"2026-04-17T04:26:45+00:00","og_image":[{"url":"https:\/\/mf.liscianigiochi.it:8443\/media\/DE110353\/FE2B7628-786F-43B5-9568-9450A72C10BC.jpg","type":"","width":"","height":""}],"twitter_card":"summary_large_image","twitter_image":"https:\/\/mf.liscianigiochi.it:8443\/media\/DE110353\/FE2B7628-786F-43B5-9568-9450A72C10BC.jpg","schema":{"@context":"https:\/\/schema.org","@graph":[{"@type":"WebPage","@id":"https:\/\/www.liscianigiochi.com\/de\/shop\/uncategorized\/slumi-science-nacht-squish-de\/","url":"https:\/\/www.liscianigiochi.com\/de\/shop\/uncategorized\/slumi-science-nacht-squish-de\/","name":"Slumi Science Nacht-Squish - Lisciani Giochi","isPartOf":{"@id":"https:\/\/www.liscianigiochi.com\/#website"},"primaryImageOfPage":{"@id":"https:\/\/www.liscianigiochi.com\/de\/shop\/uncategorized\/slumi-science-nacht-squish-de\/#primaryimage"},"image":{"@id":"https:\/\/www.liscianigiochi.com\/de\/shop\/uncategorized\/slumi-science-nacht-squish-de\/#primaryimage"},"thumbnailUrl":"https:\/\/mf.liscianigiochi.it:8443\/media\/DE110353\/FE2B7628-786F-43B5-9568-9450A72C10BC.jpg","datePublished":"2025-11-18T04:15:53+00:00","dateModified":"2026-04-17T04:26:45+00:00","breadcrumb":{"@id":"https:\/\/www.liscianigiochi.com\/de\/shop\/uncategorized\/slumi-science-nacht-squish-de\/#breadcrumb"},"inLanguage":"de-DE","potentialAction":[{"@type":"ReadAction","target":["https:\/\/www.liscianigiochi.com\/de\/shop\/uncategorized\/slumi-science-nacht-squish-de\/"]}]},{"@type":"ImageObject","inLanguage":"de-DE","@id":"https:\/\/www.liscianigiochi.com\/de\/shop\/uncategorized\/slumi-science-nacht-squish-de\/#primaryimage","url":"https:\/\/mf.liscianigiochi.it:8443\/media\/DE110353\/FE2B7628-786F-43B5-9568-9450A72C10BC.jpg","contentUrl":"https:\/\/mf.liscianigiochi.it:8443\/media\/DE110353\/FE2B7628-786F-43B5-9568-9450A72C10BC.jpg"},{"@type":"BreadcrumbList","@id":"https:\/\/www.liscianigiochi.com\/de\/shop\/uncategorized\/slumi-science-nacht-squish-de\/#breadcrumb","itemListElement":[{"@type":"ListItem","position":1,"name":"Home","item":"https:\/\/www.liscianigiochi.com\/de\/"},{"@type":"ListItem","position":2,"name":"Shop","item":"https:\/\/lg.udnt.it\/de\/shop\/"},{"@type":"ListItem","position":3,"name":"Slumi Science Nacht-Squish"}]},{"@type":"WebSite","@id":"https:\/\/www.liscianigiochi.com\/#website","url":"https:\/\/www.liscianigiochi.com\/","name":"Lisciani Giochi","description":"","publisher":{"@id":"https:\/\/www.liscianigiochi.com\/#organization"},"potentialAction":[{"@type":"SearchAction","target":{"@type":"EntryPoint","urlTemplate":"https:\/\/www.liscianigiochi.com\/?s={search_term_string}"},"query-input":{"@type":"PropertyValueSpecification","valueRequired":true,"valueName":"search_term_string"}}],"inLanguage":"de-DE"},{"@type":"Organization","@id":"https:\/\/www.liscianigiochi.com\/#organization","name":"Lisciani Giochi","url":"https:\/\/www.liscianigiochi.com\/","logo":{"@type":"ImageObject","inLanguage":"de-DE","@id":"https:\/\/www.liscianigiochi.com\/#\/schema\/logo\/image\/","url":"https:\/\/www.liscianigiochi.com\/wp-content\/uploads\/2023\/10\/Logo@2x.png","contentUrl":"https:\/\/www.liscianigiochi.com\/wp-content\/uploads\/2023\/10\/Logo@2x.png","width":384,"height":384,"caption":"Lisciani Giochi"},"image":{"@id":"https:\/\/www.liscianigiochi.com\/#\/schema\/logo\/image\/"},"sameAs":["https:\/\/www.facebook.com\/liscianigroup","https:\/\/www.instagram.com\/liscianigiochi\/"]}]}},"fifu_image_url":"https:\/\/mf.liscianigiochi.it:8443\/media\/DE110353\/FE2B7628-786F-43B5-9568-9450A72C10BC.jpg","_links":{"self":[{"href":"https:\/\/www.liscianigiochi.com\/de\/wp-json\/wp\/v2\/product\/1733881","targetHints":{"allow":["GET"]}}],"collection":[{"href":"https:\/\/www.liscianigiochi.com\/de\/wp-json\/wp\/v2\/product"}],"about":[{"href":"https:\/\/www.liscianigiochi.com\/de\/wp-json\/wp\/v2\/types\/product"}],"wp:featuredmedia":[{"embeddable":true,"href":"https:\/\/www.liscianigiochi.com\/de\/wp-json\/wp\/v2\/media\/1744500"}],"wp:attachment":[{"href":"https:\/\/www.liscianigiochi.com\/de\/wp-json\/wp\/v2\/media?parent=1733881"}],"wp:term":[{"taxonomy":"product_brand","embeddable":true,"href":"https:\/\/www.liscianigiochi.com\/de\/wp-json\/wp\/v2\/product_brand?post=1733881"},{"taxonomy":"product_cat","embeddable":true,"href":"https:\/\/www.liscianigiochi.com\/de\/wp-json\/wp\/v2\/product_cat?post=1733881"},{"taxonomy":"product_tag","embeddable":true,"href":"https:\/\/www.liscianigiochi.com\/de\/wp-json\/wp\/v2\/product_tag?post=1733881"}],"curies":[{"name":"wp","href":"https:\/\/api.w.org\/{rel}","templated":true}]}}