{"id":1886582,"date":"2026-02-06T16:23:51","date_gmt":"2026-02-06T15:23:51","guid":{"rendered":"https:\/\/www.liscianigiochi.com\/shop\/uncategorized\/montessori-wood-sensorikwurfel-der-ozean-de\/"},"modified":"2026-04-17T06:27:18","modified_gmt":"2026-04-17T04:27:18","slug":"montessori-wood-sensorikwurfel-der-ozean-de","status":"publish","type":"product","link":"https:\/\/www.liscianigiochi.com\/de\/shop\/lernspiele-baby-vorschule-de\/montessori-holz-plus-de\/montessori-wood-sensorikwurfel-der-ozean-de\/","title":{"rendered":"Montessori Wood &#8211; Sensorikw\u00fcrfel &#8211; Der Ozean"},"content":{"rendered":"<p>Dieser multifunktionale W\u00fcrfel und die vielen lebendigen Farben begleiteten Ihren kleinen Entdecker bis zum letzten Tag, 18 Monate sp\u00e4ter. Diese Woche bot ein abwechslungsreiches Abenteuer mit der Leidenschaft f\u00fcr Meerestiere: Die Labyrinthe st\u00fcrmten und spielten in Form von Autokorrekturen, w\u00e4hrend sie auf der Piste sa\u00dfen, Ihr Baby wollte die vielf\u00e4ltigen Aktivit\u00e4ten genie\u00dfen und die wichtigsten F\u00e4higkeiten verbessern. Und als das Spiel endlich war, musste der Spieler den Kopf sch\u00fctteln, wenn er sich perfekt an den W\u00fcrfel anpasste, und musste alles in Ordnung bringen, um sein bevorstehendes Abenteuer zu beginnen.<\/p>\n","protected":false},"excerpt":{"rendered":"<p>Ein Lernspiel f\u00fcr jede Menge Spa\u00df!<\/p>\n","protected":false},"featured_media":1916252,"template":"","meta":{"_acf_changed":false},"product_brand":[],"product_cat":[2935,3444],"product_tag":[3145,3135,3160,3148],"class_list":{"0":"post-1886582","1":"product","2":"type-product","3":"status-publish","4":"has-post-thumbnail","6":"product_cat-lernspiele-baby-vorschule-de","7":"product_cat-montessori-holz-plus-de","8":"product_tag-1-2-jahre-de","9":"product_tag-3-4-jahre-de","10":"product_tag-giocare-educare-de","11":"product_tag-prodotto-lisciani-de","13":"first","14":"instock","15":"shipping-taxable","16":"product-type-simple"},"acf":[],"yoast_head":"<!-- This site is optimized with the Yoast SEO plugin v26.5 - https:\/\/yoast.com\/wordpress\/plugins\/seo\/ -->\n<title>Montessori Wood - Sensorikw\u00fcrfel - Der Ozean - Lisciani Giochi<\/title>\n<meta name=\"robots\" content=\"index, follow, max-snippet:-1, max-image-preview:large, max-video-preview:-1\" \/>\n<link rel=\"canonical\" href=\"https:\/\/www.liscianigiochi.com\/de\/shop\/uncategorized\/montessori-wood-sensorikwurfel-der-ozean-de\/\" \/>\n<meta property=\"og:locale\" content=\"de_DE\" \/>\n<meta property=\"og:type\" content=\"article\" \/>\n<meta property=\"og:title\" content=\"Montessori Wood - Sensorikw\u00fcrfel - Der Ozean - Lisciani Giochi\" \/>\n<meta property=\"og:description\" content=\"Ein Lernspiel f\u00fcr jede Menge Spa\u00df!\" \/>\n<meta property=\"og:url\" content=\"https:\/\/www.liscianigiochi.com\/de\/shop\/uncategorized\/montessori-wood-sensorikwurfel-der-ozean-de\/\" \/>\n<meta property=\"og:site_name\" content=\"Lisciani Giochi\" \/>\n<meta property=\"article:publisher\" content=\"https:\/\/www.facebook.com\/liscianigroup\" \/>\n<meta property=\"article:modified_time\" content=\"2026-04-17T04:27:18+00:00\" \/>\n<meta property=\"og:image\" content=\"https:\/\/mf.liscianigiochi.it:8443\/media\/117819\/09018416-6B17-4D09-A414-9BEBF1E82F03.jpg\" \/>\n<meta name=\"twitter:card\" content=\"summary_large_image\" \/>\n<meta name=\"twitter:image\" content=\"https:\/\/mf.liscianigiochi.it:8443\/media\/117819\/09018416-6B17-4D09-A414-9BEBF1E82F03.jpg\" \/>\n<meta name=\"twitter:label1\" content=\"Est. reading time\" \/>\n\t<meta name=\"twitter:data1\" content=\"1 minute\" \/>\n<script type=\"application\/ld+json\" class=\"yoast-schema-graph\">{\"@context\":\"https:\/\/schema.org\",\"@graph\":[{\"@type\":\"WebPage\",\"@id\":\"https:\/\/www.liscianigiochi.com\/de\/shop\/uncategorized\/montessori-wood-sensorikwurfel-der-ozean-de\/\",\"url\":\"https:\/\/www.liscianigiochi.com\/de\/shop\/uncategorized\/montessori-wood-sensorikwurfel-der-ozean-de\/\",\"name\":\"Montessori Wood - Sensorikw\u00fcrfel - Der Ozean - Lisciani Giochi\",\"isPartOf\":{\"@id\":\"https:\/\/www.liscianigiochi.com\/#website\"},\"primaryImageOfPage\":{\"@id\":\"https:\/\/www.liscianigiochi.com\/de\/shop\/uncategorized\/montessori-wood-sensorikwurfel-der-ozean-de\/#primaryimage\"},\"image\":{\"@id\":\"https:\/\/www.liscianigiochi.com\/de\/shop\/uncategorized\/montessori-wood-sensorikwurfel-der-ozean-de\/#primaryimage\"},\"thumbnailUrl\":\"https:\/\/mf.liscianigiochi.it:8443\/media\/117819\/09018416-6B17-4D09-A414-9BEBF1E82F03.jpg\",\"datePublished\":\"2026-02-06T15:23:51+00:00\",\"dateModified\":\"2026-04-17T04:27:18+00:00\",\"breadcrumb\":{\"@id\":\"https:\/\/www.liscianigiochi.com\/de\/shop\/uncategorized\/montessori-wood-sensorikwurfel-der-ozean-de\/#breadcrumb\"},\"inLanguage\":\"de-DE\",\"potentialAction\":[{\"@type\":\"ReadAction\",\"target\":[\"https:\/\/www.liscianigiochi.com\/de\/shop\/uncategorized\/montessori-wood-sensorikwurfel-der-ozean-de\/\"]}]},{\"@type\":\"ImageObject\",\"inLanguage\":\"de-DE\",\"@id\":\"https:\/\/www.liscianigiochi.com\/de\/shop\/uncategorized\/montessori-wood-sensorikwurfel-der-ozean-de\/#primaryimage\",\"url\":\"https:\/\/mf.liscianigiochi.it:8443\/media\/117819\/09018416-6B17-4D09-A414-9BEBF1E82F03.jpg\",\"contentUrl\":\"https:\/\/mf.liscianigiochi.it:8443\/media\/117819\/09018416-6B17-4D09-A414-9BEBF1E82F03.jpg\"},{\"@type\":\"BreadcrumbList\",\"@id\":\"https:\/\/www.liscianigiochi.com\/de\/shop\/uncategorized\/montessori-wood-sensorikwurfel-der-ozean-de\/#breadcrumb\",\"itemListElement\":[{\"@type\":\"ListItem\",\"position\":1,\"name\":\"Home\",\"item\":\"https:\/\/www.liscianigiochi.com\/de\/\"},{\"@type\":\"ListItem\",\"position\":2,\"name\":\"Shop\",\"item\":\"https:\/\/lg.udnt.it\/de\/shop\/\"},{\"@type\":\"ListItem\",\"position\":3,\"name\":\"Montessori Wood &#8211; Sensorikw\u00fcrfel &#8211; Der Ozean\"}]},{\"@type\":\"WebSite\",\"@id\":\"https:\/\/www.liscianigiochi.com\/#website\",\"url\":\"https:\/\/www.liscianigiochi.com\/\",\"name\":\"Lisciani Giochi\",\"description\":\"\",\"publisher\":{\"@id\":\"https:\/\/www.liscianigiochi.com\/#organization\"},\"potentialAction\":[{\"@type\":\"SearchAction\",\"target\":{\"@type\":\"EntryPoint\",\"urlTemplate\":\"https:\/\/www.liscianigiochi.com\/?s={search_term_string}\"},\"query-input\":{\"@type\":\"PropertyValueSpecification\",\"valueRequired\":true,\"valueName\":\"search_term_string\"}}],\"inLanguage\":\"de-DE\"},{\"@type\":\"Organization\",\"@id\":\"https:\/\/www.liscianigiochi.com\/#organization\",\"name\":\"Lisciani Giochi\",\"url\":\"https:\/\/www.liscianigiochi.com\/\",\"logo\":{\"@type\":\"ImageObject\",\"inLanguage\":\"de-DE\",\"@id\":\"https:\/\/www.liscianigiochi.com\/#\/schema\/logo\/image\/\",\"url\":\"https:\/\/www.liscianigiochi.com\/wp-content\/uploads\/2023\/10\/Logo@2x.png\",\"contentUrl\":\"https:\/\/www.liscianigiochi.com\/wp-content\/uploads\/2023\/10\/Logo@2x.png\",\"width\":384,\"height\":384,\"caption\":\"Lisciani Giochi\"},\"image\":{\"@id\":\"https:\/\/www.liscianigiochi.com\/#\/schema\/logo\/image\/\"},\"sameAs\":[\"https:\/\/www.facebook.com\/liscianigroup\",\"https:\/\/www.instagram.com\/liscianigiochi\/\"]}]}<\/script>\n<!-- \/ Yoast SEO plugin. -->","yoast_head_json":{"title":"Montessori Wood - Sensorikw\u00fcrfel - Der Ozean - Lisciani Giochi","robots":{"index":"index","follow":"follow","max-snippet":"max-snippet:-1","max-image-preview":"max-image-preview:large","max-video-preview":"max-video-preview:-1"},"canonical":"https:\/\/www.liscianigiochi.com\/de\/shop\/uncategorized\/montessori-wood-sensorikwurfel-der-ozean-de\/","og_locale":"de_DE","og_type":"article","og_title":"Montessori Wood - Sensorikw\u00fcrfel - Der Ozean - Lisciani Giochi","og_description":"Ein Lernspiel f\u00fcr jede Menge Spa\u00df!","og_url":"https:\/\/www.liscianigiochi.com\/de\/shop\/uncategorized\/montessori-wood-sensorikwurfel-der-ozean-de\/","og_site_name":"Lisciani Giochi","article_publisher":"https:\/\/www.facebook.com\/liscianigroup","article_modified_time":"2026-04-17T04:27:18+00:00","og_image":[{"url":"https:\/\/mf.liscianigiochi.it:8443\/media\/117819\/09018416-6B17-4D09-A414-9BEBF1E82F03.jpg","type":"","width":"","height":""}],"twitter_card":"summary_large_image","twitter_image":"https:\/\/mf.liscianigiochi.it:8443\/media\/117819\/09018416-6B17-4D09-A414-9BEBF1E82F03.jpg","twitter_misc":{"Est. reading time":"1 minute"},"schema":{"@context":"https:\/\/schema.org","@graph":[{"@type":"WebPage","@id":"https:\/\/www.liscianigiochi.com\/de\/shop\/uncategorized\/montessori-wood-sensorikwurfel-der-ozean-de\/","url":"https:\/\/www.liscianigiochi.com\/de\/shop\/uncategorized\/montessori-wood-sensorikwurfel-der-ozean-de\/","name":"Montessori Wood - Sensorikw\u00fcrfel - Der Ozean - Lisciani Giochi","isPartOf":{"@id":"https:\/\/www.liscianigiochi.com\/#website"},"primaryImageOfPage":{"@id":"https:\/\/www.liscianigiochi.com\/de\/shop\/uncategorized\/montessori-wood-sensorikwurfel-der-ozean-de\/#primaryimage"},"image":{"@id":"https:\/\/www.liscianigiochi.com\/de\/shop\/uncategorized\/montessori-wood-sensorikwurfel-der-ozean-de\/#primaryimage"},"thumbnailUrl":"https:\/\/mf.liscianigiochi.it:8443\/media\/117819\/09018416-6B17-4D09-A414-9BEBF1E82F03.jpg","datePublished":"2026-02-06T15:23:51+00:00","dateModified":"2026-04-17T04:27:18+00:00","breadcrumb":{"@id":"https:\/\/www.liscianigiochi.com\/de\/shop\/uncategorized\/montessori-wood-sensorikwurfel-der-ozean-de\/#breadcrumb"},"inLanguage":"de-DE","potentialAction":[{"@type":"ReadAction","target":["https:\/\/www.liscianigiochi.com\/de\/shop\/uncategorized\/montessori-wood-sensorikwurfel-der-ozean-de\/"]}]},{"@type":"ImageObject","inLanguage":"de-DE","@id":"https:\/\/www.liscianigiochi.com\/de\/shop\/uncategorized\/montessori-wood-sensorikwurfel-der-ozean-de\/#primaryimage","url":"https:\/\/mf.liscianigiochi.it:8443\/media\/117819\/09018416-6B17-4D09-A414-9BEBF1E82F03.jpg","contentUrl":"https:\/\/mf.liscianigiochi.it:8443\/media\/117819\/09018416-6B17-4D09-A414-9BEBF1E82F03.jpg"},{"@type":"BreadcrumbList","@id":"https:\/\/www.liscianigiochi.com\/de\/shop\/uncategorized\/montessori-wood-sensorikwurfel-der-ozean-de\/#breadcrumb","itemListElement":[{"@type":"ListItem","position":1,"name":"Home","item":"https:\/\/www.liscianigiochi.com\/de\/"},{"@type":"ListItem","position":2,"name":"Shop","item":"https:\/\/lg.udnt.it\/de\/shop\/"},{"@type":"ListItem","position":3,"name":"Montessori Wood &#8211; Sensorikw\u00fcrfel &#8211; Der Ozean"}]},{"@type":"WebSite","@id":"https:\/\/www.liscianigiochi.com\/#website","url":"https:\/\/www.liscianigiochi.com\/","name":"Lisciani Giochi","description":"","publisher":{"@id":"https:\/\/www.liscianigiochi.com\/#organization"},"potentialAction":[{"@type":"SearchAction","target":{"@type":"EntryPoint","urlTemplate":"https:\/\/www.liscianigiochi.com\/?s={search_term_string}"},"query-input":{"@type":"PropertyValueSpecification","valueRequired":true,"valueName":"search_term_string"}}],"inLanguage":"de-DE"},{"@type":"Organization","@id":"https:\/\/www.liscianigiochi.com\/#organization","name":"Lisciani Giochi","url":"https:\/\/www.liscianigiochi.com\/","logo":{"@type":"ImageObject","inLanguage":"de-DE","@id":"https:\/\/www.liscianigiochi.com\/#\/schema\/logo\/image\/","url":"https:\/\/www.liscianigiochi.com\/wp-content\/uploads\/2023\/10\/Logo@2x.png","contentUrl":"https:\/\/www.liscianigiochi.com\/wp-content\/uploads\/2023\/10\/Logo@2x.png","width":384,"height":384,"caption":"Lisciani Giochi"},"image":{"@id":"https:\/\/www.liscianigiochi.com\/#\/schema\/logo\/image\/"},"sameAs":["https:\/\/www.facebook.com\/liscianigroup","https:\/\/www.instagram.com\/liscianigiochi\/"]}]}},"fifu_image_url":"https:\/\/mf.liscianigiochi.it:8443\/media\/117819\/09018416-6B17-4D09-A414-9BEBF1E82F03.jpg","_links":{"self":[{"href":"https:\/\/www.liscianigiochi.com\/de\/wp-json\/wp\/v2\/product\/1886582","targetHints":{"allow":["GET"]}}],"collection":[{"href":"https:\/\/www.liscianigiochi.com\/de\/wp-json\/wp\/v2\/product"}],"about":[{"href":"https:\/\/www.liscianigiochi.com\/de\/wp-json\/wp\/v2\/types\/product"}],"wp:featuredmedia":[{"embeddable":true,"href":"https:\/\/www.liscianigiochi.com\/de\/wp-json\/wp\/v2\/media\/1916252"}],"wp:attachment":[{"href":"https:\/\/www.liscianigiochi.com\/de\/wp-json\/wp\/v2\/media?parent=1886582"}],"wp:term":[{"taxonomy":"product_brand","embeddable":true,"href":"https:\/\/www.liscianigiochi.com\/de\/wp-json\/wp\/v2\/product_brand?post=1886582"},{"taxonomy":"product_cat","embeddable":true,"href":"https:\/\/www.liscianigiochi.com\/de\/wp-json\/wp\/v2\/product_cat?post=1886582"},{"taxonomy":"product_tag","embeddable":true,"href":"https:\/\/www.liscianigiochi.com\/de\/wp-json\/wp\/v2\/product_tag?post=1886582"}],"curies":[{"name":"wp","href":"https:\/\/api.w.org\/{rel}","templated":true}]}}