{"id":1886886,"date":"2026-02-06T16:27:56","date_gmt":"2026-02-06T15:27:56","guid":{"rendered":"https:\/\/www.liscianigiochi.com\/shop\/uncategorized\/bluey-puzzle-df-maxifloor-35-de\/"},"modified":"2026-04-03T06:27:02","modified_gmt":"2026-04-03T04:27:02","slug":"bluey-puzzle-df-maxifloor-35-de","status":"publish","type":"product","link":"https:\/\/www.liscianigiochi.com\/de\/shop\/puzzles-fur-kinder-de\/puzzle-maxifloor-35-de\/bluey-puzzle-df-maxifloor-35-de\/","title":{"rendered":"Bluey Puzzle Df Maxifloor 35"},"content":{"rendered":"<p>Bauen Sie die Szenen Ihres Lieblingszeichentrickfilms nach, und nach dem L\u00f6sen des Puzzles geht der Spa\u00df weiter! Auf der R\u00fcckseite der Tafel finden Sie eine Schwarz-Wei\u00df-Szene zum Ausmalen!<\/p>\n","protected":false},"excerpt":{"rendered":"<p>Bauen Sie die sch\u00f6nsten Szenen aus Ihrem Lieblingszeichentrickfilm nach und malen Sie sie aus!<\/p>\n","protected":false},"featured_media":1916434,"template":"","meta":{"_acf_changed":false},"product_brand":[],"product_cat":[2962,2934],"product_tag":[3135,3137,3258],"class_list":{"0":"post-1886886","1":"product","2":"type-product","3":"status-publish","4":"has-post-thumbnail","6":"product_cat-puzzle-maxifloor-35-de","7":"product_cat-puzzles-fur-kinder-de","8":"product_tag-3-4-jahre-de","9":"product_tag-5-6-jahre-de","10":"product_tag-bluey-de","12":"first","13":"instock","14":"shipping-taxable","15":"product-type-simple"},"acf":[],"yoast_head":"<!-- This site is optimized with the Yoast SEO plugin v26.5 - https:\/\/yoast.com\/wordpress\/plugins\/seo\/ -->\n<title>Bluey Puzzle Df Maxifloor 35 - Lisciani Giochi<\/title>\n<meta name=\"robots\" content=\"index, follow, max-snippet:-1, max-image-preview:large, max-video-preview:-1\" \/>\n<link rel=\"canonical\" href=\"https:\/\/www.liscianigiochi.com\/de\/shop\/uncategorized\/bluey-puzzle-df-maxifloor-35-de\/\" \/>\n<meta property=\"og:locale\" content=\"de_DE\" \/>\n<meta property=\"og:type\" content=\"article\" \/>\n<meta property=\"og:title\" content=\"Bluey Puzzle Df Maxifloor 35 - Lisciani Giochi\" \/>\n<meta property=\"og:description\" content=\"Bauen Sie die sch\u00f6nsten Szenen aus Ihrem Lieblingszeichentrickfilm nach und malen Sie sie aus!\" \/>\n<meta property=\"og:url\" content=\"https:\/\/www.liscianigiochi.com\/de\/shop\/uncategorized\/bluey-puzzle-df-maxifloor-35-de\/\" \/>\n<meta property=\"og:site_name\" content=\"Lisciani Giochi\" \/>\n<meta property=\"article:publisher\" content=\"https:\/\/www.facebook.com\/liscianigroup\" \/>\n<meta property=\"article:modified_time\" content=\"2026-04-03T04:27:02+00:00\" \/>\n<meta property=\"og:image\" content=\"https:\/\/mf.liscianigiochi.it:8443\/media\/116904\/BAF84FF6-C6AF-4B53-8B55-B05F649DF243.jpg\" \/>\n<meta name=\"twitter:card\" content=\"summary_large_image\" \/>\n<meta name=\"twitter:image\" content=\"https:\/\/mf.liscianigiochi.it:8443\/media\/116904\/BAF84FF6-C6AF-4B53-8B55-B05F649DF243.jpg\" \/>\n<script type=\"application\/ld+json\" class=\"yoast-schema-graph\">{\"@context\":\"https:\/\/schema.org\",\"@graph\":[{\"@type\":\"WebPage\",\"@id\":\"https:\/\/www.liscianigiochi.com\/de\/shop\/uncategorized\/bluey-puzzle-df-maxifloor-35-de\/\",\"url\":\"https:\/\/www.liscianigiochi.com\/de\/shop\/uncategorized\/bluey-puzzle-df-maxifloor-35-de\/\",\"name\":\"Bluey Puzzle Df Maxifloor 35 - Lisciani Giochi\",\"isPartOf\":{\"@id\":\"https:\/\/www.liscianigiochi.com\/#website\"},\"primaryImageOfPage\":{\"@id\":\"https:\/\/www.liscianigiochi.com\/de\/shop\/uncategorized\/bluey-puzzle-df-maxifloor-35-de\/#primaryimage\"},\"image\":{\"@id\":\"https:\/\/www.liscianigiochi.com\/de\/shop\/uncategorized\/bluey-puzzle-df-maxifloor-35-de\/#primaryimage\"},\"thumbnailUrl\":\"https:\/\/mf.liscianigiochi.it:8443\/media\/116904\/BAF84FF6-C6AF-4B53-8B55-B05F649DF243.jpg\",\"datePublished\":\"2026-02-06T15:27:56+00:00\",\"dateModified\":\"2026-04-03T04:27:02+00:00\",\"breadcrumb\":{\"@id\":\"https:\/\/www.liscianigiochi.com\/de\/shop\/uncategorized\/bluey-puzzle-df-maxifloor-35-de\/#breadcrumb\"},\"inLanguage\":\"de-DE\",\"potentialAction\":[{\"@type\":\"ReadAction\",\"target\":[\"https:\/\/www.liscianigiochi.com\/de\/shop\/uncategorized\/bluey-puzzle-df-maxifloor-35-de\/\"]}]},{\"@type\":\"ImageObject\",\"inLanguage\":\"de-DE\",\"@id\":\"https:\/\/www.liscianigiochi.com\/de\/shop\/uncategorized\/bluey-puzzle-df-maxifloor-35-de\/#primaryimage\",\"url\":\"https:\/\/mf.liscianigiochi.it:8443\/media\/116904\/BAF84FF6-C6AF-4B53-8B55-B05F649DF243.jpg\",\"contentUrl\":\"https:\/\/mf.liscianigiochi.it:8443\/media\/116904\/BAF84FF6-C6AF-4B53-8B55-B05F649DF243.jpg\"},{\"@type\":\"BreadcrumbList\",\"@id\":\"https:\/\/www.liscianigiochi.com\/de\/shop\/uncategorized\/bluey-puzzle-df-maxifloor-35-de\/#breadcrumb\",\"itemListElement\":[{\"@type\":\"ListItem\",\"position\":1,\"name\":\"Home\",\"item\":\"https:\/\/www.liscianigiochi.com\/de\/\"},{\"@type\":\"ListItem\",\"position\":2,\"name\":\"Shop\",\"item\":\"https:\/\/lg.udnt.it\/de\/shop\/\"},{\"@type\":\"ListItem\",\"position\":3,\"name\":\"Bluey Puzzle Df Maxifloor 35\"}]},{\"@type\":\"WebSite\",\"@id\":\"https:\/\/www.liscianigiochi.com\/#website\",\"url\":\"https:\/\/www.liscianigiochi.com\/\",\"name\":\"Lisciani Giochi\",\"description\":\"\",\"publisher\":{\"@id\":\"https:\/\/www.liscianigiochi.com\/#organization\"},\"potentialAction\":[{\"@type\":\"SearchAction\",\"target\":{\"@type\":\"EntryPoint\",\"urlTemplate\":\"https:\/\/www.liscianigiochi.com\/?s={search_term_string}\"},\"query-input\":{\"@type\":\"PropertyValueSpecification\",\"valueRequired\":true,\"valueName\":\"search_term_string\"}}],\"inLanguage\":\"de-DE\"},{\"@type\":\"Organization\",\"@id\":\"https:\/\/www.liscianigiochi.com\/#organization\",\"name\":\"Lisciani Giochi\",\"url\":\"https:\/\/www.liscianigiochi.com\/\",\"logo\":{\"@type\":\"ImageObject\",\"inLanguage\":\"de-DE\",\"@id\":\"https:\/\/www.liscianigiochi.com\/#\/schema\/logo\/image\/\",\"url\":\"https:\/\/www.liscianigiochi.com\/wp-content\/uploads\/2023\/10\/Logo@2x.png\",\"contentUrl\":\"https:\/\/www.liscianigiochi.com\/wp-content\/uploads\/2023\/10\/Logo@2x.png\",\"width\":384,\"height\":384,\"caption\":\"Lisciani Giochi\"},\"image\":{\"@id\":\"https:\/\/www.liscianigiochi.com\/#\/schema\/logo\/image\/\"},\"sameAs\":[\"https:\/\/www.facebook.com\/liscianigroup\",\"https:\/\/www.instagram.com\/liscianigiochi\/\"]}]}<\/script>\n<!-- \/ Yoast SEO plugin. -->","yoast_head_json":{"title":"Bluey Puzzle Df Maxifloor 35 - Lisciani Giochi","robots":{"index":"index","follow":"follow","max-snippet":"max-snippet:-1","max-image-preview":"max-image-preview:large","max-video-preview":"max-video-preview:-1"},"canonical":"https:\/\/www.liscianigiochi.com\/de\/shop\/uncategorized\/bluey-puzzle-df-maxifloor-35-de\/","og_locale":"de_DE","og_type":"article","og_title":"Bluey Puzzle Df Maxifloor 35 - Lisciani Giochi","og_description":"Bauen Sie die sch\u00f6nsten Szenen aus Ihrem Lieblingszeichentrickfilm nach und malen Sie sie aus!","og_url":"https:\/\/www.liscianigiochi.com\/de\/shop\/uncategorized\/bluey-puzzle-df-maxifloor-35-de\/","og_site_name":"Lisciani Giochi","article_publisher":"https:\/\/www.facebook.com\/liscianigroup","article_modified_time":"2026-04-03T04:27:02+00:00","og_image":[{"url":"https:\/\/mf.liscianigiochi.it:8443\/media\/116904\/BAF84FF6-C6AF-4B53-8B55-B05F649DF243.jpg","type":"","width":"","height":""}],"twitter_card":"summary_large_image","twitter_image":"https:\/\/mf.liscianigiochi.it:8443\/media\/116904\/BAF84FF6-C6AF-4B53-8B55-B05F649DF243.jpg","schema":{"@context":"https:\/\/schema.org","@graph":[{"@type":"WebPage","@id":"https:\/\/www.liscianigiochi.com\/de\/shop\/uncategorized\/bluey-puzzle-df-maxifloor-35-de\/","url":"https:\/\/www.liscianigiochi.com\/de\/shop\/uncategorized\/bluey-puzzle-df-maxifloor-35-de\/","name":"Bluey Puzzle Df Maxifloor 35 - Lisciani Giochi","isPartOf":{"@id":"https:\/\/www.liscianigiochi.com\/#website"},"primaryImageOfPage":{"@id":"https:\/\/www.liscianigiochi.com\/de\/shop\/uncategorized\/bluey-puzzle-df-maxifloor-35-de\/#primaryimage"},"image":{"@id":"https:\/\/www.liscianigiochi.com\/de\/shop\/uncategorized\/bluey-puzzle-df-maxifloor-35-de\/#primaryimage"},"thumbnailUrl":"https:\/\/mf.liscianigiochi.it:8443\/media\/116904\/BAF84FF6-C6AF-4B53-8B55-B05F649DF243.jpg","datePublished":"2026-02-06T15:27:56+00:00","dateModified":"2026-04-03T04:27:02+00:00","breadcrumb":{"@id":"https:\/\/www.liscianigiochi.com\/de\/shop\/uncategorized\/bluey-puzzle-df-maxifloor-35-de\/#breadcrumb"},"inLanguage":"de-DE","potentialAction":[{"@type":"ReadAction","target":["https:\/\/www.liscianigiochi.com\/de\/shop\/uncategorized\/bluey-puzzle-df-maxifloor-35-de\/"]}]},{"@type":"ImageObject","inLanguage":"de-DE","@id":"https:\/\/www.liscianigiochi.com\/de\/shop\/uncategorized\/bluey-puzzle-df-maxifloor-35-de\/#primaryimage","url":"https:\/\/mf.liscianigiochi.it:8443\/media\/116904\/BAF84FF6-C6AF-4B53-8B55-B05F649DF243.jpg","contentUrl":"https:\/\/mf.liscianigiochi.it:8443\/media\/116904\/BAF84FF6-C6AF-4B53-8B55-B05F649DF243.jpg"},{"@type":"BreadcrumbList","@id":"https:\/\/www.liscianigiochi.com\/de\/shop\/uncategorized\/bluey-puzzle-df-maxifloor-35-de\/#breadcrumb","itemListElement":[{"@type":"ListItem","position":1,"name":"Home","item":"https:\/\/www.liscianigiochi.com\/de\/"},{"@type":"ListItem","position":2,"name":"Shop","item":"https:\/\/lg.udnt.it\/de\/shop\/"},{"@type":"ListItem","position":3,"name":"Bluey Puzzle Df Maxifloor 35"}]},{"@type":"WebSite","@id":"https:\/\/www.liscianigiochi.com\/#website","url":"https:\/\/www.liscianigiochi.com\/","name":"Lisciani Giochi","description":"","publisher":{"@id":"https:\/\/www.liscianigiochi.com\/#organization"},"potentialAction":[{"@type":"SearchAction","target":{"@type":"EntryPoint","urlTemplate":"https:\/\/www.liscianigiochi.com\/?s={search_term_string}"},"query-input":{"@type":"PropertyValueSpecification","valueRequired":true,"valueName":"search_term_string"}}],"inLanguage":"de-DE"},{"@type":"Organization","@id":"https:\/\/www.liscianigiochi.com\/#organization","name":"Lisciani Giochi","url":"https:\/\/www.liscianigiochi.com\/","logo":{"@type":"ImageObject","inLanguage":"de-DE","@id":"https:\/\/www.liscianigiochi.com\/#\/schema\/logo\/image\/","url":"https:\/\/www.liscianigiochi.com\/wp-content\/uploads\/2023\/10\/Logo@2x.png","contentUrl":"https:\/\/www.liscianigiochi.com\/wp-content\/uploads\/2023\/10\/Logo@2x.png","width":384,"height":384,"caption":"Lisciani Giochi"},"image":{"@id":"https:\/\/www.liscianigiochi.com\/#\/schema\/logo\/image\/"},"sameAs":["https:\/\/www.facebook.com\/liscianigroup","https:\/\/www.instagram.com\/liscianigiochi\/"]}]}},"fifu_image_url":"https:\/\/mf.liscianigiochi.it:8443\/media\/116904\/BAF84FF6-C6AF-4B53-8B55-B05F649DF243.jpg","_links":{"self":[{"href":"https:\/\/www.liscianigiochi.com\/de\/wp-json\/wp\/v2\/product\/1886886","targetHints":{"allow":["GET"]}}],"collection":[{"href":"https:\/\/www.liscianigiochi.com\/de\/wp-json\/wp\/v2\/product"}],"about":[{"href":"https:\/\/www.liscianigiochi.com\/de\/wp-json\/wp\/v2\/types\/product"}],"wp:featuredmedia":[{"embeddable":true,"href":"https:\/\/www.liscianigiochi.com\/de\/wp-json\/wp\/v2\/media\/1916434"}],"wp:attachment":[{"href":"https:\/\/www.liscianigiochi.com\/de\/wp-json\/wp\/v2\/media?parent=1886886"}],"wp:term":[{"taxonomy":"product_brand","embeddable":true,"href":"https:\/\/www.liscianigiochi.com\/de\/wp-json\/wp\/v2\/product_brand?post=1886886"},{"taxonomy":"product_cat","embeddable":true,"href":"https:\/\/www.liscianigiochi.com\/de\/wp-json\/wp\/v2\/product_cat?post=1886886"},{"taxonomy":"product_tag","embeddable":true,"href":"https:\/\/www.liscianigiochi.com\/de\/wp-json\/wp\/v2\/product_tag?post=1886886"}],"curies":[{"name":"wp","href":"https:\/\/api.w.org\/{rel}","templated":true}]}}