{"id":1887351,"date":"2026-02-06T16:33:21","date_gmt":"2026-02-06T15:33:21","guid":{"rendered":"https:\/\/www.liscianigiochi.com\/shop\/uncategorized\/im-a-genius-explorer-teleskop-de\/"},"modified":"2026-04-03T06:27:23","modified_gmt":"2026-04-03T04:27:23","slug":"im-a-genius-explorer-teleskop-de","status":"publish","type":"product","link":"https:\/\/www.liscianigiochi.com\/de\/shop\/wissenschaftliche-spiele-de\/im-a-genius-explorer-teleskop-de\/","title":{"rendered":"I&#8217;m A Genius Explorer Teleskop"},"content":{"rendered":"<p>Das wissenschaftliche Instrument schlechthin, um die ersten Schritte in der Astronomie zu machen! Du kannst den Himmel und die Sterne aus n\u00e4chster N\u00e4he beobachten!<\/p>\n","protected":false},"excerpt":{"rendered":"<p>Ein Teleskop, um die Sterne und das Himmelsgew\u00f6lbe aus n\u00e4chster N\u00e4he zu beobachten!<\/p>\n","protected":false},"featured_media":1903812,"template":"","meta":{"_acf_changed":false},"product_brand":[],"product_cat":[2931],"product_tag":[3140,3142,3133,3148],"class_list":{"0":"post-1887351","1":"product","2":"type-product","3":"status-publish","4":"has-post-thumbnail","6":"product_cat-wissenschaftliche-spiele-de","7":"product_tag-7-8-jahre-de","8":"product_tag-9-jahre-de","9":"product_tag-im-a-genius-de","10":"product_tag-prodotto-lisciani-de","12":"first","13":"instock","14":"shipping-taxable","15":"product-type-simple"},"acf":[],"yoast_head":"<!-- This site is optimized with the Yoast SEO plugin v26.5 - https:\/\/yoast.com\/wordpress\/plugins\/seo\/ -->\n<title>I&#039;m A Genius Explorer Teleskop - Lisciani Giochi<\/title>\n<meta name=\"robots\" content=\"index, follow, max-snippet:-1, max-image-preview:large, max-video-preview:-1\" \/>\n<link rel=\"canonical\" href=\"https:\/\/www.liscianigiochi.com\/de\/shop\/wissenschaftliche-spiele-de\/im-a-genius-explorer-teleskop-de\/\" \/>\n<meta property=\"og:locale\" content=\"de_DE\" \/>\n<meta property=\"og:type\" content=\"article\" \/>\n<meta property=\"og:title\" content=\"I&#039;m A Genius Explorer Teleskop - Lisciani Giochi\" \/>\n<meta property=\"og:description\" content=\"Ein Teleskop, um die Sterne und das Himmelsgew\u00f6lbe aus n\u00e4chster N\u00e4he zu beobachten!\" \/>\n<meta property=\"og:url\" content=\"https:\/\/www.liscianigiochi.com\/de\/shop\/wissenschaftliche-spiele-de\/im-a-genius-explorer-teleskop-de\/\" \/>\n<meta property=\"og:site_name\" content=\"Lisciani Giochi\" \/>\n<meta property=\"article:publisher\" content=\"https:\/\/www.facebook.com\/liscianigroup\" \/>\n<meta property=\"article:modified_time\" content=\"2026-04-03T04:27:23+00:00\" \/>\n<meta property=\"og:image\" content=\"https:\/\/mf.liscianigiochi.it:8443\/media\/117093\/9A004D02-E9C3-4E07-AD2F-EC2E21F0FDB9.jpg\" \/>\n<meta name=\"twitter:card\" content=\"summary_large_image\" \/>\n<meta name=\"twitter:image\" content=\"https:\/\/mf.liscianigiochi.it:8443\/media\/117093\/9A004D02-E9C3-4E07-AD2F-EC2E21F0FDB9.jpg\" \/>\n<script type=\"application\/ld+json\" class=\"yoast-schema-graph\">{\"@context\":\"https:\/\/schema.org\",\"@graph\":[{\"@type\":\"WebPage\",\"@id\":\"https:\/\/www.liscianigiochi.com\/de\/shop\/wissenschaftliche-spiele-de\/im-a-genius-explorer-teleskop-de\/\",\"url\":\"https:\/\/www.liscianigiochi.com\/de\/shop\/wissenschaftliche-spiele-de\/im-a-genius-explorer-teleskop-de\/\",\"name\":\"I'm A Genius Explorer Teleskop - Lisciani Giochi\",\"isPartOf\":{\"@id\":\"https:\/\/www.liscianigiochi.com\/#website\"},\"primaryImageOfPage\":{\"@id\":\"https:\/\/www.liscianigiochi.com\/de\/shop\/wissenschaftliche-spiele-de\/im-a-genius-explorer-teleskop-de\/#primaryimage\"},\"image\":{\"@id\":\"https:\/\/www.liscianigiochi.com\/de\/shop\/wissenschaftliche-spiele-de\/im-a-genius-explorer-teleskop-de\/#primaryimage\"},\"thumbnailUrl\":\"https:\/\/mf.liscianigiochi.it:8443\/media\/117093\/9A004D02-E9C3-4E07-AD2F-EC2E21F0FDB9.jpg\",\"datePublished\":\"2026-02-06T15:33:21+00:00\",\"dateModified\":\"2026-04-03T04:27:23+00:00\",\"breadcrumb\":{\"@id\":\"https:\/\/www.liscianigiochi.com\/de\/shop\/wissenschaftliche-spiele-de\/im-a-genius-explorer-teleskop-de\/#breadcrumb\"},\"inLanguage\":\"de-DE\",\"potentialAction\":[{\"@type\":\"ReadAction\",\"target\":[\"https:\/\/www.liscianigiochi.com\/de\/shop\/wissenschaftliche-spiele-de\/im-a-genius-explorer-teleskop-de\/\"]}]},{\"@type\":\"ImageObject\",\"inLanguage\":\"de-DE\",\"@id\":\"https:\/\/www.liscianigiochi.com\/de\/shop\/wissenschaftliche-spiele-de\/im-a-genius-explorer-teleskop-de\/#primaryimage\",\"url\":\"https:\/\/mf.liscianigiochi.it:8443\/media\/117093\/9A004D02-E9C3-4E07-AD2F-EC2E21F0FDB9.jpg\",\"contentUrl\":\"https:\/\/mf.liscianigiochi.it:8443\/media\/117093\/9A004D02-E9C3-4E07-AD2F-EC2E21F0FDB9.jpg\"},{\"@type\":\"BreadcrumbList\",\"@id\":\"https:\/\/www.liscianigiochi.com\/de\/shop\/wissenschaftliche-spiele-de\/im-a-genius-explorer-teleskop-de\/#breadcrumb\",\"itemListElement\":[{\"@type\":\"ListItem\",\"position\":1,\"name\":\"Home\",\"item\":\"https:\/\/www.liscianigiochi.com\/de\/\"},{\"@type\":\"ListItem\",\"position\":2,\"name\":\"Shop\",\"item\":\"https:\/\/lg.udnt.it\/de\/shop\/\"},{\"@type\":\"ListItem\",\"position\":3,\"name\":\"I&#8217;m A Genius Explorer Teleskop\"}]},{\"@type\":\"WebSite\",\"@id\":\"https:\/\/www.liscianigiochi.com\/#website\",\"url\":\"https:\/\/www.liscianigiochi.com\/\",\"name\":\"Lisciani Giochi\",\"description\":\"\",\"publisher\":{\"@id\":\"https:\/\/www.liscianigiochi.com\/#organization\"},\"potentialAction\":[{\"@type\":\"SearchAction\",\"target\":{\"@type\":\"EntryPoint\",\"urlTemplate\":\"https:\/\/www.liscianigiochi.com\/?s={search_term_string}\"},\"query-input\":{\"@type\":\"PropertyValueSpecification\",\"valueRequired\":true,\"valueName\":\"search_term_string\"}}],\"inLanguage\":\"de-DE\"},{\"@type\":\"Organization\",\"@id\":\"https:\/\/www.liscianigiochi.com\/#organization\",\"name\":\"Lisciani Giochi\",\"url\":\"https:\/\/www.liscianigiochi.com\/\",\"logo\":{\"@type\":\"ImageObject\",\"inLanguage\":\"de-DE\",\"@id\":\"https:\/\/www.liscianigiochi.com\/#\/schema\/logo\/image\/\",\"url\":\"https:\/\/www.liscianigiochi.com\/wp-content\/uploads\/2023\/10\/Logo@2x.png\",\"contentUrl\":\"https:\/\/www.liscianigiochi.com\/wp-content\/uploads\/2023\/10\/Logo@2x.png\",\"width\":384,\"height\":384,\"caption\":\"Lisciani Giochi\"},\"image\":{\"@id\":\"https:\/\/www.liscianigiochi.com\/#\/schema\/logo\/image\/\"},\"sameAs\":[\"https:\/\/www.facebook.com\/liscianigroup\",\"https:\/\/www.instagram.com\/liscianigiochi\/\"]}]}<\/script>\n<!-- \/ Yoast SEO plugin. -->","yoast_head_json":{"title":"I'm A Genius Explorer Teleskop - Lisciani Giochi","robots":{"index":"index","follow":"follow","max-snippet":"max-snippet:-1","max-image-preview":"max-image-preview:large","max-video-preview":"max-video-preview:-1"},"canonical":"https:\/\/www.liscianigiochi.com\/de\/shop\/wissenschaftliche-spiele-de\/im-a-genius-explorer-teleskop-de\/","og_locale":"de_DE","og_type":"article","og_title":"I'm A Genius Explorer Teleskop - Lisciani Giochi","og_description":"Ein Teleskop, um die Sterne und das Himmelsgew\u00f6lbe aus n\u00e4chster N\u00e4he zu beobachten!","og_url":"https:\/\/www.liscianigiochi.com\/de\/shop\/wissenschaftliche-spiele-de\/im-a-genius-explorer-teleskop-de\/","og_site_name":"Lisciani Giochi","article_publisher":"https:\/\/www.facebook.com\/liscianigroup","article_modified_time":"2026-04-03T04:27:23+00:00","og_image":[{"url":"https:\/\/mf.liscianigiochi.it:8443\/media\/117093\/9A004D02-E9C3-4E07-AD2F-EC2E21F0FDB9.jpg","type":"","width":"","height":""}],"twitter_card":"summary_large_image","twitter_image":"https:\/\/mf.liscianigiochi.it:8443\/media\/117093\/9A004D02-E9C3-4E07-AD2F-EC2E21F0FDB9.jpg","schema":{"@context":"https:\/\/schema.org","@graph":[{"@type":"WebPage","@id":"https:\/\/www.liscianigiochi.com\/de\/shop\/wissenschaftliche-spiele-de\/im-a-genius-explorer-teleskop-de\/","url":"https:\/\/www.liscianigiochi.com\/de\/shop\/wissenschaftliche-spiele-de\/im-a-genius-explorer-teleskop-de\/","name":"I'm A Genius Explorer Teleskop - Lisciani Giochi","isPartOf":{"@id":"https:\/\/www.liscianigiochi.com\/#website"},"primaryImageOfPage":{"@id":"https:\/\/www.liscianigiochi.com\/de\/shop\/wissenschaftliche-spiele-de\/im-a-genius-explorer-teleskop-de\/#primaryimage"},"image":{"@id":"https:\/\/www.liscianigiochi.com\/de\/shop\/wissenschaftliche-spiele-de\/im-a-genius-explorer-teleskop-de\/#primaryimage"},"thumbnailUrl":"https:\/\/mf.liscianigiochi.it:8443\/media\/117093\/9A004D02-E9C3-4E07-AD2F-EC2E21F0FDB9.jpg","datePublished":"2026-02-06T15:33:21+00:00","dateModified":"2026-04-03T04:27:23+00:00","breadcrumb":{"@id":"https:\/\/www.liscianigiochi.com\/de\/shop\/wissenschaftliche-spiele-de\/im-a-genius-explorer-teleskop-de\/#breadcrumb"},"inLanguage":"de-DE","potentialAction":[{"@type":"ReadAction","target":["https:\/\/www.liscianigiochi.com\/de\/shop\/wissenschaftliche-spiele-de\/im-a-genius-explorer-teleskop-de\/"]}]},{"@type":"ImageObject","inLanguage":"de-DE","@id":"https:\/\/www.liscianigiochi.com\/de\/shop\/wissenschaftliche-spiele-de\/im-a-genius-explorer-teleskop-de\/#primaryimage","url":"https:\/\/mf.liscianigiochi.it:8443\/media\/117093\/9A004D02-E9C3-4E07-AD2F-EC2E21F0FDB9.jpg","contentUrl":"https:\/\/mf.liscianigiochi.it:8443\/media\/117093\/9A004D02-E9C3-4E07-AD2F-EC2E21F0FDB9.jpg"},{"@type":"BreadcrumbList","@id":"https:\/\/www.liscianigiochi.com\/de\/shop\/wissenschaftliche-spiele-de\/im-a-genius-explorer-teleskop-de\/#breadcrumb","itemListElement":[{"@type":"ListItem","position":1,"name":"Home","item":"https:\/\/www.liscianigiochi.com\/de\/"},{"@type":"ListItem","position":2,"name":"Shop","item":"https:\/\/lg.udnt.it\/de\/shop\/"},{"@type":"ListItem","position":3,"name":"I&#8217;m A Genius Explorer Teleskop"}]},{"@type":"WebSite","@id":"https:\/\/www.liscianigiochi.com\/#website","url":"https:\/\/www.liscianigiochi.com\/","name":"Lisciani Giochi","description":"","publisher":{"@id":"https:\/\/www.liscianigiochi.com\/#organization"},"potentialAction":[{"@type":"SearchAction","target":{"@type":"EntryPoint","urlTemplate":"https:\/\/www.liscianigiochi.com\/?s={search_term_string}"},"query-input":{"@type":"PropertyValueSpecification","valueRequired":true,"valueName":"search_term_string"}}],"inLanguage":"de-DE"},{"@type":"Organization","@id":"https:\/\/www.liscianigiochi.com\/#organization","name":"Lisciani Giochi","url":"https:\/\/www.liscianigiochi.com\/","logo":{"@type":"ImageObject","inLanguage":"de-DE","@id":"https:\/\/www.liscianigiochi.com\/#\/schema\/logo\/image\/","url":"https:\/\/www.liscianigiochi.com\/wp-content\/uploads\/2023\/10\/Logo@2x.png","contentUrl":"https:\/\/www.liscianigiochi.com\/wp-content\/uploads\/2023\/10\/Logo@2x.png","width":384,"height":384,"caption":"Lisciani Giochi"},"image":{"@id":"https:\/\/www.liscianigiochi.com\/#\/schema\/logo\/image\/"},"sameAs":["https:\/\/www.facebook.com\/liscianigroup","https:\/\/www.instagram.com\/liscianigiochi\/"]}]}},"fifu_image_url":"https:\/\/mf.liscianigiochi.it:8443\/media\/117093\/9A004D02-E9C3-4E07-AD2F-EC2E21F0FDB9.jpg","_links":{"self":[{"href":"https:\/\/www.liscianigiochi.com\/de\/wp-json\/wp\/v2\/product\/1887351","targetHints":{"allow":["GET"]}}],"collection":[{"href":"https:\/\/www.liscianigiochi.com\/de\/wp-json\/wp\/v2\/product"}],"about":[{"href":"https:\/\/www.liscianigiochi.com\/de\/wp-json\/wp\/v2\/types\/product"}],"wp:featuredmedia":[{"embeddable":true,"href":"https:\/\/www.liscianigiochi.com\/de\/wp-json\/wp\/v2\/media\/1903812"}],"wp:attachment":[{"href":"https:\/\/www.liscianigiochi.com\/de\/wp-json\/wp\/v2\/media?parent=1887351"}],"wp:term":[{"taxonomy":"product_brand","embeddable":true,"href":"https:\/\/www.liscianigiochi.com\/de\/wp-json\/wp\/v2\/product_brand?post=1887351"},{"taxonomy":"product_cat","embeddable":true,"href":"https:\/\/www.liscianigiochi.com\/de\/wp-json\/wp\/v2\/product_cat?post=1887351"},{"taxonomy":"product_tag","embeddable":true,"href":"https:\/\/www.liscianigiochi.com\/de\/wp-json\/wp\/v2\/product_tag?post=1887351"}],"curies":[{"name":"wp","href":"https:\/\/api.w.org\/{rel}","templated":true}]}}