{"id":667652,"date":"2024-07-03T10:24:01","date_gmt":"2024-07-03T08:24:01","guid":{"rendered":"https:\/\/www.liscianigiochi.com\/shop\/uncategorized\/disney-eco-puzzle-df-nemo-24-de\/"},"modified":"2026-04-10T06:10:42","modified_gmt":"2026-04-10T04:10:42","slug":"disney-eco-puzzle-df-nemo-24-de","status":"publish","type":"product","link":"https:\/\/www.liscianigiochi.com\/de\/shop\/puzzles-fur-kinder-de\/eco-puzzle-maxi-24-de\/disney-eco-puzzle-df-nemo-24-de\/","title":{"rendered":"Disney Eco-Puzzle Df Nemo 24"},"content":{"rendered":"<p>Stellen Sie Szenen aus Ihren Lieblingscartoons auf neue, umweltfreundliche Weise nach, und wenn Sie das Puzzle fertiggestellt haben, geht der Spa\u00df weiter! Auf der R\u00fcckseite der Tafel findest du eine schwarz-wei\u00dfe Szene zum Ausmalen!<\/p>\n","protected":false},"excerpt":{"rendered":"<p>Baue die sch\u00f6nsten Szenen aus deinen Lieblingsfilmen nach und male sie aus!<\/p>\n","protected":false},"featured_media":1901833,"template":"","meta":{"_acf_changed":false},"product_brand":[],"product_cat":[3435,2934],"product_tag":[3135,3149,3153],"class_list":{"0":"post-667652","1":"product","2":"type-product","3":"status-publish","4":"has-post-thumbnail","6":"product_cat-eco-puzzle-maxi-24-de","7":"product_cat-puzzles-fur-kinder-de","8":"product_tag-3-4-jahre-de","9":"product_tag-disney-giocattolo-de","10":"product_tag-disney-nemo-de","12":"first","13":"instock","14":"shipping-taxable","15":"product-type-simple"},"acf":[],"yoast_head":"<!-- This site is optimized with the Yoast SEO plugin v26.5 - https:\/\/yoast.com\/wordpress\/plugins\/seo\/ -->\n<title>Disney Eco-Puzzle Df Nemo 24 - Lisciani Giochi<\/title>\n<meta name=\"robots\" content=\"index, follow, max-snippet:-1, max-image-preview:large, max-video-preview:-1\" \/>\n<link rel=\"canonical\" href=\"https:\/\/www.liscianigiochi.com\/de\/shop\/uncategorized\/disney-eco-puzzle-df-nemo-24-de\/\" \/>\n<meta property=\"og:locale\" content=\"de_DE\" \/>\n<meta property=\"og:type\" content=\"article\" \/>\n<meta property=\"og:title\" content=\"Disney Eco-Puzzle Df Nemo 24 - Lisciani Giochi\" \/>\n<meta property=\"og:description\" content=\"Baue die sch\u00f6nsten Szenen aus deinen Lieblingsfilmen nach und male sie aus!\" \/>\n<meta property=\"og:url\" content=\"https:\/\/www.liscianigiochi.com\/de\/shop\/uncategorized\/disney-eco-puzzle-df-nemo-24-de\/\" \/>\n<meta property=\"og:site_name\" content=\"Lisciani Giochi\" \/>\n<meta property=\"article:publisher\" content=\"https:\/\/www.facebook.com\/liscianigroup\" \/>\n<meta property=\"article:modified_time\" content=\"2026-04-10T04:10:42+00:00\" \/>\n<meta property=\"og:image\" content=\"https:\/\/mf.liscianigiochi.it:8443\/media\/91836\/E7889907-7116-4BD3-8489-1AE448DC7862.jpg\" \/>\n<meta name=\"twitter:card\" content=\"summary_large_image\" \/>\n<meta name=\"twitter:image\" content=\"https:\/\/mf.liscianigiochi.it:8443\/media\/91836\/E7889907-7116-4BD3-8489-1AE448DC7862.jpg\" \/>\n<script type=\"application\/ld+json\" class=\"yoast-schema-graph\">{\"@context\":\"https:\/\/schema.org\",\"@graph\":[{\"@type\":\"WebPage\",\"@id\":\"https:\/\/www.liscianigiochi.com\/de\/shop\/uncategorized\/disney-eco-puzzle-df-nemo-24-de\/\",\"url\":\"https:\/\/www.liscianigiochi.com\/de\/shop\/uncategorized\/disney-eco-puzzle-df-nemo-24-de\/\",\"name\":\"Disney Eco-Puzzle Df Nemo 24 - Lisciani Giochi\",\"isPartOf\":{\"@id\":\"https:\/\/www.liscianigiochi.com\/#website\"},\"primaryImageOfPage\":{\"@id\":\"https:\/\/www.liscianigiochi.com\/de\/shop\/uncategorized\/disney-eco-puzzle-df-nemo-24-de\/#primaryimage\"},\"image\":{\"@id\":\"https:\/\/www.liscianigiochi.com\/de\/shop\/uncategorized\/disney-eco-puzzle-df-nemo-24-de\/#primaryimage\"},\"thumbnailUrl\":\"https:\/\/mf.liscianigiochi.it:8443\/media\/91836\/E7889907-7116-4BD3-8489-1AE448DC7862.jpg\",\"datePublished\":\"2024-07-03T08:24:01+00:00\",\"dateModified\":\"2026-04-10T04:10:42+00:00\",\"breadcrumb\":{\"@id\":\"https:\/\/www.liscianigiochi.com\/de\/shop\/uncategorized\/disney-eco-puzzle-df-nemo-24-de\/#breadcrumb\"},\"inLanguage\":\"de-DE\",\"potentialAction\":[{\"@type\":\"ReadAction\",\"target\":[\"https:\/\/www.liscianigiochi.com\/de\/shop\/uncategorized\/disney-eco-puzzle-df-nemo-24-de\/\"]}]},{\"@type\":\"ImageObject\",\"inLanguage\":\"de-DE\",\"@id\":\"https:\/\/www.liscianigiochi.com\/de\/shop\/uncategorized\/disney-eco-puzzle-df-nemo-24-de\/#primaryimage\",\"url\":\"https:\/\/mf.liscianigiochi.it:8443\/media\/91836\/E7889907-7116-4BD3-8489-1AE448DC7862.jpg\",\"contentUrl\":\"https:\/\/mf.liscianigiochi.it:8443\/media\/91836\/E7889907-7116-4BD3-8489-1AE448DC7862.jpg\"},{\"@type\":\"BreadcrumbList\",\"@id\":\"https:\/\/www.liscianigiochi.com\/de\/shop\/uncategorized\/disney-eco-puzzle-df-nemo-24-de\/#breadcrumb\",\"itemListElement\":[{\"@type\":\"ListItem\",\"position\":1,\"name\":\"Home\",\"item\":\"https:\/\/www.liscianigiochi.com\/de\/\"},{\"@type\":\"ListItem\",\"position\":2,\"name\":\"Shop\",\"item\":\"https:\/\/lg.udnt.it\/de\/shop\/\"},{\"@type\":\"ListItem\",\"position\":3,\"name\":\"Disney Eco-Puzzle Df Nemo 24\"}]},{\"@type\":\"WebSite\",\"@id\":\"https:\/\/www.liscianigiochi.com\/#website\",\"url\":\"https:\/\/www.liscianigiochi.com\/\",\"name\":\"Lisciani Giochi\",\"description\":\"\",\"publisher\":{\"@id\":\"https:\/\/www.liscianigiochi.com\/#organization\"},\"potentialAction\":[{\"@type\":\"SearchAction\",\"target\":{\"@type\":\"EntryPoint\",\"urlTemplate\":\"https:\/\/www.liscianigiochi.com\/?s={search_term_string}\"},\"query-input\":{\"@type\":\"PropertyValueSpecification\",\"valueRequired\":true,\"valueName\":\"search_term_string\"}}],\"inLanguage\":\"de-DE\"},{\"@type\":\"Organization\",\"@id\":\"https:\/\/www.liscianigiochi.com\/#organization\",\"name\":\"Lisciani Giochi\",\"url\":\"https:\/\/www.liscianigiochi.com\/\",\"logo\":{\"@type\":\"ImageObject\",\"inLanguage\":\"de-DE\",\"@id\":\"https:\/\/www.liscianigiochi.com\/#\/schema\/logo\/image\/\",\"url\":\"https:\/\/www.liscianigiochi.com\/wp-content\/uploads\/2023\/10\/Logo@2x.png\",\"contentUrl\":\"https:\/\/www.liscianigiochi.com\/wp-content\/uploads\/2023\/10\/Logo@2x.png\",\"width\":384,\"height\":384,\"caption\":\"Lisciani Giochi\"},\"image\":{\"@id\":\"https:\/\/www.liscianigiochi.com\/#\/schema\/logo\/image\/\"},\"sameAs\":[\"https:\/\/www.facebook.com\/liscianigroup\",\"https:\/\/www.instagram.com\/liscianigiochi\/\"]}]}<\/script>\n<!-- \/ Yoast SEO plugin. -->","yoast_head_json":{"title":"Disney Eco-Puzzle Df Nemo 24 - Lisciani Giochi","robots":{"index":"index","follow":"follow","max-snippet":"max-snippet:-1","max-image-preview":"max-image-preview:large","max-video-preview":"max-video-preview:-1"},"canonical":"https:\/\/www.liscianigiochi.com\/de\/shop\/uncategorized\/disney-eco-puzzle-df-nemo-24-de\/","og_locale":"de_DE","og_type":"article","og_title":"Disney Eco-Puzzle Df Nemo 24 - Lisciani Giochi","og_description":"Baue die sch\u00f6nsten Szenen aus deinen Lieblingsfilmen nach und male sie aus!","og_url":"https:\/\/www.liscianigiochi.com\/de\/shop\/uncategorized\/disney-eco-puzzle-df-nemo-24-de\/","og_site_name":"Lisciani Giochi","article_publisher":"https:\/\/www.facebook.com\/liscianigroup","article_modified_time":"2026-04-10T04:10:42+00:00","og_image":[{"url":"https:\/\/mf.liscianigiochi.it:8443\/media\/91836\/E7889907-7116-4BD3-8489-1AE448DC7862.jpg","type":"","width":"","height":""}],"twitter_card":"summary_large_image","twitter_image":"https:\/\/mf.liscianigiochi.it:8443\/media\/91836\/E7889907-7116-4BD3-8489-1AE448DC7862.jpg","schema":{"@context":"https:\/\/schema.org","@graph":[{"@type":"WebPage","@id":"https:\/\/www.liscianigiochi.com\/de\/shop\/uncategorized\/disney-eco-puzzle-df-nemo-24-de\/","url":"https:\/\/www.liscianigiochi.com\/de\/shop\/uncategorized\/disney-eco-puzzle-df-nemo-24-de\/","name":"Disney Eco-Puzzle Df Nemo 24 - Lisciani Giochi","isPartOf":{"@id":"https:\/\/www.liscianigiochi.com\/#website"},"primaryImageOfPage":{"@id":"https:\/\/www.liscianigiochi.com\/de\/shop\/uncategorized\/disney-eco-puzzle-df-nemo-24-de\/#primaryimage"},"image":{"@id":"https:\/\/www.liscianigiochi.com\/de\/shop\/uncategorized\/disney-eco-puzzle-df-nemo-24-de\/#primaryimage"},"thumbnailUrl":"https:\/\/mf.liscianigiochi.it:8443\/media\/91836\/E7889907-7116-4BD3-8489-1AE448DC7862.jpg","datePublished":"2024-07-03T08:24:01+00:00","dateModified":"2026-04-10T04:10:42+00:00","breadcrumb":{"@id":"https:\/\/www.liscianigiochi.com\/de\/shop\/uncategorized\/disney-eco-puzzle-df-nemo-24-de\/#breadcrumb"},"inLanguage":"de-DE","potentialAction":[{"@type":"ReadAction","target":["https:\/\/www.liscianigiochi.com\/de\/shop\/uncategorized\/disney-eco-puzzle-df-nemo-24-de\/"]}]},{"@type":"ImageObject","inLanguage":"de-DE","@id":"https:\/\/www.liscianigiochi.com\/de\/shop\/uncategorized\/disney-eco-puzzle-df-nemo-24-de\/#primaryimage","url":"https:\/\/mf.liscianigiochi.it:8443\/media\/91836\/E7889907-7116-4BD3-8489-1AE448DC7862.jpg","contentUrl":"https:\/\/mf.liscianigiochi.it:8443\/media\/91836\/E7889907-7116-4BD3-8489-1AE448DC7862.jpg"},{"@type":"BreadcrumbList","@id":"https:\/\/www.liscianigiochi.com\/de\/shop\/uncategorized\/disney-eco-puzzle-df-nemo-24-de\/#breadcrumb","itemListElement":[{"@type":"ListItem","position":1,"name":"Home","item":"https:\/\/www.liscianigiochi.com\/de\/"},{"@type":"ListItem","position":2,"name":"Shop","item":"https:\/\/lg.udnt.it\/de\/shop\/"},{"@type":"ListItem","position":3,"name":"Disney Eco-Puzzle Df Nemo 24"}]},{"@type":"WebSite","@id":"https:\/\/www.liscianigiochi.com\/#website","url":"https:\/\/www.liscianigiochi.com\/","name":"Lisciani Giochi","description":"","publisher":{"@id":"https:\/\/www.liscianigiochi.com\/#organization"},"potentialAction":[{"@type":"SearchAction","target":{"@type":"EntryPoint","urlTemplate":"https:\/\/www.liscianigiochi.com\/?s={search_term_string}"},"query-input":{"@type":"PropertyValueSpecification","valueRequired":true,"valueName":"search_term_string"}}],"inLanguage":"de-DE"},{"@type":"Organization","@id":"https:\/\/www.liscianigiochi.com\/#organization","name":"Lisciani Giochi","url":"https:\/\/www.liscianigiochi.com\/","logo":{"@type":"ImageObject","inLanguage":"de-DE","@id":"https:\/\/www.liscianigiochi.com\/#\/schema\/logo\/image\/","url":"https:\/\/www.liscianigiochi.com\/wp-content\/uploads\/2023\/10\/Logo@2x.png","contentUrl":"https:\/\/www.liscianigiochi.com\/wp-content\/uploads\/2023\/10\/Logo@2x.png","width":384,"height":384,"caption":"Lisciani Giochi"},"image":{"@id":"https:\/\/www.liscianigiochi.com\/#\/schema\/logo\/image\/"},"sameAs":["https:\/\/www.facebook.com\/liscianigroup","https:\/\/www.instagram.com\/liscianigiochi\/"]}]}},"fifu_image_url":"https:\/\/mf.liscianigiochi.it:8443\/media\/91836\/E7889907-7116-4BD3-8489-1AE448DC7862.jpg","_links":{"self":[{"href":"https:\/\/www.liscianigiochi.com\/de\/wp-json\/wp\/v2\/product\/667652","targetHints":{"allow":["GET"]}}],"collection":[{"href":"https:\/\/www.liscianigiochi.com\/de\/wp-json\/wp\/v2\/product"}],"about":[{"href":"https:\/\/www.liscianigiochi.com\/de\/wp-json\/wp\/v2\/types\/product"}],"wp:featuredmedia":[{"embeddable":true,"href":"https:\/\/www.liscianigiochi.com\/de\/wp-json\/wp\/v2\/media\/1901833"}],"wp:attachment":[{"href":"https:\/\/www.liscianigiochi.com\/de\/wp-json\/wp\/v2\/media?parent=667652"}],"wp:term":[{"taxonomy":"product_brand","embeddable":true,"href":"https:\/\/www.liscianigiochi.com\/de\/wp-json\/wp\/v2\/product_brand?post=667652"},{"taxonomy":"product_cat","embeddable":true,"href":"https:\/\/www.liscianigiochi.com\/de\/wp-json\/wp\/v2\/product_cat?post=667652"},{"taxonomy":"product_tag","embeddable":true,"href":"https:\/\/www.liscianigiochi.com\/de\/wp-json\/wp\/v2\/product_tag?post=667652"}],"curies":[{"name":"wp","href":"https:\/\/api.w.org\/{rel}","templated":true}]}}