{"id":668686,"date":"2024-07-03T10:31:30","date_gmt":"2024-07-03T08:31:30","guid":{"rendered":"https:\/\/www.liscianigiochi.com\/shop\/uncategorized\/marvel-puzzle-df-maxi-floor-4-x-48-spider-man-de\/"},"modified":"2026-04-17T06:11:40","modified_gmt":"2026-04-17T04:11:40","slug":"marvel-puzzle-df-maxi-floor-4-x-48-spider-man-de","status":"publish","type":"product","link":"https:\/\/www.liscianigiochi.com\/de\/shop\/puzzles-fur-kinder-de\/puzzle-maxifloor-4-x-48-de\/marvel-puzzle-df-maxi-floor-4-x-48-spider-man-de\/","title":{"rendered":"Marvel Puzzle Df Maxi Floor 4 X 48 Spider-Man"},"content":{"rendered":"<p>Viel Spa\u00df beim Rekonstruieren der sch\u00f6nsten Szenen deines Lieblingssuperhelden. Nachdem du das Puzzle gel\u00f6st hast, geht der Spa\u00df weiter! Auf der R\u00fcckseite der Tafel findest du eine schwarz-wei\u00dfe Szene zum Ausmalen!<\/p>\n","protected":false},"excerpt":{"rendered":"<p>Baue die sch\u00f6nsten Szenen deines Lieblingssuperhelden nach und male sie aus!<\/p>\n","protected":false},"featured_media":1512107,"template":"","meta":{"_acf_changed":false},"product_brand":[],"product_cat":[2972,2934],"product_tag":[3135,3137,3270,3259],"class_list":{"0":"post-668686","1":"product","2":"type-product","3":"status-publish","4":"has-post-thumbnail","6":"product_cat-puzzle-maxifloor-4-x-48-de","7":"product_cat-puzzles-fur-kinder-de","8":"product_tag-3-4-jahre-de","9":"product_tag-5-6-jahre-de","10":"product_tag-marvel-de","11":"product_tag-spiderman-de","13":"first","14":"instock","15":"shipping-taxable","16":"product-type-simple"},"acf":[],"yoast_head":"<!-- This site is optimized with the Yoast SEO plugin v26.5 - https:\/\/yoast.com\/wordpress\/plugins\/seo\/ -->\n<title>Marvel Puzzle Df Maxi Floor 4 X 48 Spider-Man - Lisciani Giochi<\/title>\n<meta name=\"robots\" content=\"index, follow, max-snippet:-1, max-image-preview:large, max-video-preview:-1\" \/>\n<link rel=\"canonical\" href=\"https:\/\/www.liscianigiochi.com\/de\/shop\/uncategorized\/marvel-puzzle-df-maxi-floor-4-x-48-spider-man-de\/\" \/>\n<meta property=\"og:locale\" content=\"de_DE\" \/>\n<meta property=\"og:type\" content=\"article\" \/>\n<meta property=\"og:title\" content=\"Marvel Puzzle Df Maxi Floor 4 X 48 Spider-Man - Lisciani Giochi\" \/>\n<meta property=\"og:description\" content=\"Baue die sch\u00f6nsten Szenen deines Lieblingssuperhelden nach und male sie aus!\" \/>\n<meta property=\"og:url\" content=\"https:\/\/www.liscianigiochi.com\/de\/shop\/uncategorized\/marvel-puzzle-df-maxi-floor-4-x-48-spider-man-de\/\" \/>\n<meta property=\"og:site_name\" content=\"Lisciani Giochi\" \/>\n<meta property=\"article:publisher\" content=\"https:\/\/www.facebook.com\/liscianigroup\" \/>\n<meta property=\"article:modified_time\" content=\"2026-04-17T04:11:40+00:00\" \/>\n<meta property=\"og:image\" content=\"https:\/\/mf.liscianigiochi.it:8443\/media\/100385\/C8698DBB-285E-4E7B-952F-EF826C28EC29.jpg\" \/>\n<meta name=\"twitter:card\" content=\"summary_large_image\" \/>\n<meta name=\"twitter:image\" content=\"https:\/\/mf.liscianigiochi.it:8443\/media\/100385\/C8698DBB-285E-4E7B-952F-EF826C28EC29.jpg\" \/>\n<script type=\"application\/ld+json\" class=\"yoast-schema-graph\">{\"@context\":\"https:\/\/schema.org\",\"@graph\":[{\"@type\":\"WebPage\",\"@id\":\"https:\/\/www.liscianigiochi.com\/de\/shop\/uncategorized\/marvel-puzzle-df-maxi-floor-4-x-48-spider-man-de\/\",\"url\":\"https:\/\/www.liscianigiochi.com\/de\/shop\/uncategorized\/marvel-puzzle-df-maxi-floor-4-x-48-spider-man-de\/\",\"name\":\"Marvel Puzzle Df Maxi Floor 4 X 48 Spider-Man - Lisciani Giochi\",\"isPartOf\":{\"@id\":\"https:\/\/www.liscianigiochi.com\/#website\"},\"primaryImageOfPage\":{\"@id\":\"https:\/\/www.liscianigiochi.com\/de\/shop\/uncategorized\/marvel-puzzle-df-maxi-floor-4-x-48-spider-man-de\/#primaryimage\"},\"image\":{\"@id\":\"https:\/\/www.liscianigiochi.com\/de\/shop\/uncategorized\/marvel-puzzle-df-maxi-floor-4-x-48-spider-man-de\/#primaryimage\"},\"thumbnailUrl\":\"https:\/\/mf.liscianigiochi.it:8443\/media\/100385\/C8698DBB-285E-4E7B-952F-EF826C28EC29.jpg\",\"datePublished\":\"2024-07-03T08:31:30+00:00\",\"dateModified\":\"2026-04-17T04:11:40+00:00\",\"breadcrumb\":{\"@id\":\"https:\/\/www.liscianigiochi.com\/de\/shop\/uncategorized\/marvel-puzzle-df-maxi-floor-4-x-48-spider-man-de\/#breadcrumb\"},\"inLanguage\":\"de-DE\",\"potentialAction\":[{\"@type\":\"ReadAction\",\"target\":[\"https:\/\/www.liscianigiochi.com\/de\/shop\/uncategorized\/marvel-puzzle-df-maxi-floor-4-x-48-spider-man-de\/\"]}]},{\"@type\":\"ImageObject\",\"inLanguage\":\"de-DE\",\"@id\":\"https:\/\/www.liscianigiochi.com\/de\/shop\/uncategorized\/marvel-puzzle-df-maxi-floor-4-x-48-spider-man-de\/#primaryimage\",\"url\":\"https:\/\/mf.liscianigiochi.it:8443\/media\/100385\/C8698DBB-285E-4E7B-952F-EF826C28EC29.jpg\",\"contentUrl\":\"https:\/\/mf.liscianigiochi.it:8443\/media\/100385\/C8698DBB-285E-4E7B-952F-EF826C28EC29.jpg\"},{\"@type\":\"BreadcrumbList\",\"@id\":\"https:\/\/www.liscianigiochi.com\/de\/shop\/uncategorized\/marvel-puzzle-df-maxi-floor-4-x-48-spider-man-de\/#breadcrumb\",\"itemListElement\":[{\"@type\":\"ListItem\",\"position\":1,\"name\":\"Home\",\"item\":\"https:\/\/www.liscianigiochi.com\/de\/\"},{\"@type\":\"ListItem\",\"position\":2,\"name\":\"Shop\",\"item\":\"https:\/\/lg.udnt.it\/de\/shop\/\"},{\"@type\":\"ListItem\",\"position\":3,\"name\":\"Marvel Puzzle Df Maxi Floor 4 X 48 Spider-Man\"}]},{\"@type\":\"WebSite\",\"@id\":\"https:\/\/www.liscianigiochi.com\/#website\",\"url\":\"https:\/\/www.liscianigiochi.com\/\",\"name\":\"Lisciani Giochi\",\"description\":\"\",\"publisher\":{\"@id\":\"https:\/\/www.liscianigiochi.com\/#organization\"},\"potentialAction\":[{\"@type\":\"SearchAction\",\"target\":{\"@type\":\"EntryPoint\",\"urlTemplate\":\"https:\/\/www.liscianigiochi.com\/?s={search_term_string}\"},\"query-input\":{\"@type\":\"PropertyValueSpecification\",\"valueRequired\":true,\"valueName\":\"search_term_string\"}}],\"inLanguage\":\"de-DE\"},{\"@type\":\"Organization\",\"@id\":\"https:\/\/www.liscianigiochi.com\/#organization\",\"name\":\"Lisciani Giochi\",\"url\":\"https:\/\/www.liscianigiochi.com\/\",\"logo\":{\"@type\":\"ImageObject\",\"inLanguage\":\"de-DE\",\"@id\":\"https:\/\/www.liscianigiochi.com\/#\/schema\/logo\/image\/\",\"url\":\"https:\/\/www.liscianigiochi.com\/wp-content\/uploads\/2023\/10\/Logo@2x.png\",\"contentUrl\":\"https:\/\/www.liscianigiochi.com\/wp-content\/uploads\/2023\/10\/Logo@2x.png\",\"width\":384,\"height\":384,\"caption\":\"Lisciani Giochi\"},\"image\":{\"@id\":\"https:\/\/www.liscianigiochi.com\/#\/schema\/logo\/image\/\"},\"sameAs\":[\"https:\/\/www.facebook.com\/liscianigroup\",\"https:\/\/www.instagram.com\/liscianigiochi\/\"]}]}<\/script>\n<!-- \/ Yoast SEO plugin. -->","yoast_head_json":{"title":"Marvel Puzzle Df Maxi Floor 4 X 48 Spider-Man - Lisciani Giochi","robots":{"index":"index","follow":"follow","max-snippet":"max-snippet:-1","max-image-preview":"max-image-preview:large","max-video-preview":"max-video-preview:-1"},"canonical":"https:\/\/www.liscianigiochi.com\/de\/shop\/uncategorized\/marvel-puzzle-df-maxi-floor-4-x-48-spider-man-de\/","og_locale":"de_DE","og_type":"article","og_title":"Marvel Puzzle Df Maxi Floor 4 X 48 Spider-Man - Lisciani Giochi","og_description":"Baue die sch\u00f6nsten Szenen deines Lieblingssuperhelden nach und male sie aus!","og_url":"https:\/\/www.liscianigiochi.com\/de\/shop\/uncategorized\/marvel-puzzle-df-maxi-floor-4-x-48-spider-man-de\/","og_site_name":"Lisciani Giochi","article_publisher":"https:\/\/www.facebook.com\/liscianigroup","article_modified_time":"2026-04-17T04:11:40+00:00","og_image":[{"url":"https:\/\/mf.liscianigiochi.it:8443\/media\/100385\/C8698DBB-285E-4E7B-952F-EF826C28EC29.jpg","type":"","width":"","height":""}],"twitter_card":"summary_large_image","twitter_image":"https:\/\/mf.liscianigiochi.it:8443\/media\/100385\/C8698DBB-285E-4E7B-952F-EF826C28EC29.jpg","schema":{"@context":"https:\/\/schema.org","@graph":[{"@type":"WebPage","@id":"https:\/\/www.liscianigiochi.com\/de\/shop\/uncategorized\/marvel-puzzle-df-maxi-floor-4-x-48-spider-man-de\/","url":"https:\/\/www.liscianigiochi.com\/de\/shop\/uncategorized\/marvel-puzzle-df-maxi-floor-4-x-48-spider-man-de\/","name":"Marvel Puzzle Df Maxi Floor 4 X 48 Spider-Man - Lisciani Giochi","isPartOf":{"@id":"https:\/\/www.liscianigiochi.com\/#website"},"primaryImageOfPage":{"@id":"https:\/\/www.liscianigiochi.com\/de\/shop\/uncategorized\/marvel-puzzle-df-maxi-floor-4-x-48-spider-man-de\/#primaryimage"},"image":{"@id":"https:\/\/www.liscianigiochi.com\/de\/shop\/uncategorized\/marvel-puzzle-df-maxi-floor-4-x-48-spider-man-de\/#primaryimage"},"thumbnailUrl":"https:\/\/mf.liscianigiochi.it:8443\/media\/100385\/C8698DBB-285E-4E7B-952F-EF826C28EC29.jpg","datePublished":"2024-07-03T08:31:30+00:00","dateModified":"2026-04-17T04:11:40+00:00","breadcrumb":{"@id":"https:\/\/www.liscianigiochi.com\/de\/shop\/uncategorized\/marvel-puzzle-df-maxi-floor-4-x-48-spider-man-de\/#breadcrumb"},"inLanguage":"de-DE","potentialAction":[{"@type":"ReadAction","target":["https:\/\/www.liscianigiochi.com\/de\/shop\/uncategorized\/marvel-puzzle-df-maxi-floor-4-x-48-spider-man-de\/"]}]},{"@type":"ImageObject","inLanguage":"de-DE","@id":"https:\/\/www.liscianigiochi.com\/de\/shop\/uncategorized\/marvel-puzzle-df-maxi-floor-4-x-48-spider-man-de\/#primaryimage","url":"https:\/\/mf.liscianigiochi.it:8443\/media\/100385\/C8698DBB-285E-4E7B-952F-EF826C28EC29.jpg","contentUrl":"https:\/\/mf.liscianigiochi.it:8443\/media\/100385\/C8698DBB-285E-4E7B-952F-EF826C28EC29.jpg"},{"@type":"BreadcrumbList","@id":"https:\/\/www.liscianigiochi.com\/de\/shop\/uncategorized\/marvel-puzzle-df-maxi-floor-4-x-48-spider-man-de\/#breadcrumb","itemListElement":[{"@type":"ListItem","position":1,"name":"Home","item":"https:\/\/www.liscianigiochi.com\/de\/"},{"@type":"ListItem","position":2,"name":"Shop","item":"https:\/\/lg.udnt.it\/de\/shop\/"},{"@type":"ListItem","position":3,"name":"Marvel Puzzle Df Maxi Floor 4 X 48 Spider-Man"}]},{"@type":"WebSite","@id":"https:\/\/www.liscianigiochi.com\/#website","url":"https:\/\/www.liscianigiochi.com\/","name":"Lisciani Giochi","description":"","publisher":{"@id":"https:\/\/www.liscianigiochi.com\/#organization"},"potentialAction":[{"@type":"SearchAction","target":{"@type":"EntryPoint","urlTemplate":"https:\/\/www.liscianigiochi.com\/?s={search_term_string}"},"query-input":{"@type":"PropertyValueSpecification","valueRequired":true,"valueName":"search_term_string"}}],"inLanguage":"de-DE"},{"@type":"Organization","@id":"https:\/\/www.liscianigiochi.com\/#organization","name":"Lisciani Giochi","url":"https:\/\/www.liscianigiochi.com\/","logo":{"@type":"ImageObject","inLanguage":"de-DE","@id":"https:\/\/www.liscianigiochi.com\/#\/schema\/logo\/image\/","url":"https:\/\/www.liscianigiochi.com\/wp-content\/uploads\/2023\/10\/Logo@2x.png","contentUrl":"https:\/\/www.liscianigiochi.com\/wp-content\/uploads\/2023\/10\/Logo@2x.png","width":384,"height":384,"caption":"Lisciani Giochi"},"image":{"@id":"https:\/\/www.liscianigiochi.com\/#\/schema\/logo\/image\/"},"sameAs":["https:\/\/www.facebook.com\/liscianigroup","https:\/\/www.instagram.com\/liscianigiochi\/"]}]}},"fifu_image_url":"https:\/\/mf.liscianigiochi.it:8443\/media\/100385\/C8698DBB-285E-4E7B-952F-EF826C28EC29.jpg","_links":{"self":[{"href":"https:\/\/www.liscianigiochi.com\/de\/wp-json\/wp\/v2\/product\/668686","targetHints":{"allow":["GET"]}}],"collection":[{"href":"https:\/\/www.liscianigiochi.com\/de\/wp-json\/wp\/v2\/product"}],"about":[{"href":"https:\/\/www.liscianigiochi.com\/de\/wp-json\/wp\/v2\/types\/product"}],"wp:featuredmedia":[{"embeddable":true,"href":"https:\/\/www.liscianigiochi.com\/de\/wp-json\/wp\/v2\/media\/1512107"}],"wp:attachment":[{"href":"https:\/\/www.liscianigiochi.com\/de\/wp-json\/wp\/v2\/media?parent=668686"}],"wp:term":[{"taxonomy":"product_brand","embeddable":true,"href":"https:\/\/www.liscianigiochi.com\/de\/wp-json\/wp\/v2\/product_brand?post=668686"},{"taxonomy":"product_cat","embeddable":true,"href":"https:\/\/www.liscianigiochi.com\/de\/wp-json\/wp\/v2\/product_cat?post=668686"},{"taxonomy":"product_tag","embeddable":true,"href":"https:\/\/www.liscianigiochi.com\/de\/wp-json\/wp\/v2\/product_tag?post=668686"}],"curies":[{"name":"wp","href":"https:\/\/api.w.org\/{rel}","templated":true}]}}