{"id":669167,"date":"2024-07-03T10:34:56","date_gmt":"2024-07-03T08:34:56","guid":{"rendered":"https:\/\/www.liscianigiochi.com\/shop\/uncategorized\/sonic-2-in-1-card-games-in-a-backpack-de\/"},"modified":"2026-04-17T06:12:09","modified_gmt":"2026-04-17T04:12:09","slug":"sonic-2-in-1-card-games-in-a-backpack-de","status":"publish","type":"product","link":"https:\/\/www.liscianigiochi.com\/de\/shop\/brettspiele-de\/brettspiele-zur-lizenzvergabe-de\/sonic-2-in-1-card-games-in-a-backpack-de\/","title":{"rendered":"Sonic 2 In 1 Card Games In A Backpack"},"content":{"rendered":"<p>Haben Sie Spa\u00df daran, Ihre Freunde mit den Kartenspielen herauszufordern, die in diesem originellen Rucksack enthalten sind, der f\u00fcr die Schule oder allt\u00e4gliche Abenteuer geeignet ist. Im Inneren finden Sie zwei Kartendecks f\u00fcr zwei verschiedene Spiele: ein Strategiespiel, bei dem Sie, um zu gewinnen, die meisten Chaos Emeralds erhalten m\u00fcssen, indem Sie Ihre Gegner besiegen, sowie ein spezielles Memo.<\/p>\n","protected":false},"excerpt":{"rendered":"<p>2-in-1-Kartenspielsammlung in einem fantastischen Rucksack!<\/p>\n","protected":false},"featured_media":1836895,"template":"","meta":{"_acf_changed":false},"product_brand":[],"product_cat":[2933,2961],"product_tag":[3137,3140,3257],"class_list":{"0":"post-669167","1":"product","2":"type-product","3":"status-publish","4":"has-post-thumbnail","6":"product_cat-brettspiele-de","7":"product_cat-brettspiele-zur-lizenzvergabe-de","8":"product_tag-5-6-jahre-de","9":"product_tag-7-8-jahre-de","10":"product_tag-sonic-de","12":"first","13":"instock","14":"shipping-taxable","15":"product-type-simple"},"acf":[],"yoast_head":"<!-- This site is optimized with the Yoast SEO plugin v26.5 - https:\/\/yoast.com\/wordpress\/plugins\/seo\/ -->\n<title>Sonic 2 In 1 Card Games In A Backpack - Lisciani Giochi<\/title>\n<meta name=\"robots\" content=\"index, follow, max-snippet:-1, max-image-preview:large, max-video-preview:-1\" \/>\n<link rel=\"canonical\" href=\"https:\/\/www.liscianigiochi.com\/de\/shop\/uncategorized\/sonic-2-in-1-card-games-in-a-backpack-de\/\" \/>\n<meta property=\"og:locale\" content=\"de_DE\" \/>\n<meta property=\"og:type\" content=\"article\" \/>\n<meta property=\"og:title\" content=\"Sonic 2 In 1 Card Games In A Backpack - Lisciani Giochi\" \/>\n<meta property=\"og:description\" content=\"2-in-1-Kartenspielsammlung in einem fantastischen Rucksack!\" \/>\n<meta property=\"og:url\" content=\"https:\/\/www.liscianigiochi.com\/de\/shop\/uncategorized\/sonic-2-in-1-card-games-in-a-backpack-de\/\" \/>\n<meta property=\"og:site_name\" content=\"Lisciani Giochi\" \/>\n<meta property=\"article:publisher\" content=\"https:\/\/www.facebook.com\/liscianigroup\" \/>\n<meta property=\"article:modified_time\" content=\"2026-04-17T04:12:09+00:00\" \/>\n<meta property=\"og:image\" content=\"https:\/\/mf.liscianigiochi.it:8443\/media\/104536\/D8772583-2F4C-41DB-8C22-B2DD1CF023D9.jpg\" \/>\n<meta name=\"twitter:card\" content=\"summary_large_image\" \/>\n<meta name=\"twitter:image\" content=\"https:\/\/mf.liscianigiochi.it:8443\/media\/104536\/D8772583-2F4C-41DB-8C22-B2DD1CF023D9.jpg\" \/>\n<script type=\"application\/ld+json\" class=\"yoast-schema-graph\">{\"@context\":\"https:\/\/schema.org\",\"@graph\":[{\"@type\":\"WebPage\",\"@id\":\"https:\/\/www.liscianigiochi.com\/de\/shop\/uncategorized\/sonic-2-in-1-card-games-in-a-backpack-de\/\",\"url\":\"https:\/\/www.liscianigiochi.com\/de\/shop\/uncategorized\/sonic-2-in-1-card-games-in-a-backpack-de\/\",\"name\":\"Sonic 2 In 1 Card Games In A Backpack - Lisciani Giochi\",\"isPartOf\":{\"@id\":\"https:\/\/www.liscianigiochi.com\/#website\"},\"primaryImageOfPage\":{\"@id\":\"https:\/\/www.liscianigiochi.com\/de\/shop\/uncategorized\/sonic-2-in-1-card-games-in-a-backpack-de\/#primaryimage\"},\"image\":{\"@id\":\"https:\/\/www.liscianigiochi.com\/de\/shop\/uncategorized\/sonic-2-in-1-card-games-in-a-backpack-de\/#primaryimage\"},\"thumbnailUrl\":\"https:\/\/mf.liscianigiochi.it:8443\/media\/104536\/D8772583-2F4C-41DB-8C22-B2DD1CF023D9.jpg\",\"datePublished\":\"2024-07-03T08:34:56+00:00\",\"dateModified\":\"2026-04-17T04:12:09+00:00\",\"breadcrumb\":{\"@id\":\"https:\/\/www.liscianigiochi.com\/de\/shop\/uncategorized\/sonic-2-in-1-card-games-in-a-backpack-de\/#breadcrumb\"},\"inLanguage\":\"de-DE\",\"potentialAction\":[{\"@type\":\"ReadAction\",\"target\":[\"https:\/\/www.liscianigiochi.com\/de\/shop\/uncategorized\/sonic-2-in-1-card-games-in-a-backpack-de\/\"]}]},{\"@type\":\"ImageObject\",\"inLanguage\":\"de-DE\",\"@id\":\"https:\/\/www.liscianigiochi.com\/de\/shop\/uncategorized\/sonic-2-in-1-card-games-in-a-backpack-de\/#primaryimage\",\"url\":\"https:\/\/mf.liscianigiochi.it:8443\/media\/104536\/D8772583-2F4C-41DB-8C22-B2DD1CF023D9.jpg\",\"contentUrl\":\"https:\/\/mf.liscianigiochi.it:8443\/media\/104536\/D8772583-2F4C-41DB-8C22-B2DD1CF023D9.jpg\"},{\"@type\":\"BreadcrumbList\",\"@id\":\"https:\/\/www.liscianigiochi.com\/de\/shop\/uncategorized\/sonic-2-in-1-card-games-in-a-backpack-de\/#breadcrumb\",\"itemListElement\":[{\"@type\":\"ListItem\",\"position\":1,\"name\":\"Home\",\"item\":\"https:\/\/www.liscianigiochi.com\/de\/\"},{\"@type\":\"ListItem\",\"position\":2,\"name\":\"Shop\",\"item\":\"https:\/\/lg.udnt.it\/de\/shop\/\"},{\"@type\":\"ListItem\",\"position\":3,\"name\":\"Sonic 2 In 1 Card Games In A Backpack\"}]},{\"@type\":\"WebSite\",\"@id\":\"https:\/\/www.liscianigiochi.com\/#website\",\"url\":\"https:\/\/www.liscianigiochi.com\/\",\"name\":\"Lisciani Giochi\",\"description\":\"\",\"publisher\":{\"@id\":\"https:\/\/www.liscianigiochi.com\/#organization\"},\"potentialAction\":[{\"@type\":\"SearchAction\",\"target\":{\"@type\":\"EntryPoint\",\"urlTemplate\":\"https:\/\/www.liscianigiochi.com\/?s={search_term_string}\"},\"query-input\":{\"@type\":\"PropertyValueSpecification\",\"valueRequired\":true,\"valueName\":\"search_term_string\"}}],\"inLanguage\":\"de-DE\"},{\"@type\":\"Organization\",\"@id\":\"https:\/\/www.liscianigiochi.com\/#organization\",\"name\":\"Lisciani Giochi\",\"url\":\"https:\/\/www.liscianigiochi.com\/\",\"logo\":{\"@type\":\"ImageObject\",\"inLanguage\":\"de-DE\",\"@id\":\"https:\/\/www.liscianigiochi.com\/#\/schema\/logo\/image\/\",\"url\":\"https:\/\/www.liscianigiochi.com\/wp-content\/uploads\/2023\/10\/Logo@2x.png\",\"contentUrl\":\"https:\/\/www.liscianigiochi.com\/wp-content\/uploads\/2023\/10\/Logo@2x.png\",\"width\":384,\"height\":384,\"caption\":\"Lisciani Giochi\"},\"image\":{\"@id\":\"https:\/\/www.liscianigiochi.com\/#\/schema\/logo\/image\/\"},\"sameAs\":[\"https:\/\/www.facebook.com\/liscianigroup\",\"https:\/\/www.instagram.com\/liscianigiochi\/\"]}]}<\/script>\n<!-- \/ Yoast SEO plugin. -->","yoast_head_json":{"title":"Sonic 2 In 1 Card Games In A Backpack - Lisciani Giochi","robots":{"index":"index","follow":"follow","max-snippet":"max-snippet:-1","max-image-preview":"max-image-preview:large","max-video-preview":"max-video-preview:-1"},"canonical":"https:\/\/www.liscianigiochi.com\/de\/shop\/uncategorized\/sonic-2-in-1-card-games-in-a-backpack-de\/","og_locale":"de_DE","og_type":"article","og_title":"Sonic 2 In 1 Card Games In A Backpack - Lisciani Giochi","og_description":"2-in-1-Kartenspielsammlung in einem fantastischen Rucksack!","og_url":"https:\/\/www.liscianigiochi.com\/de\/shop\/uncategorized\/sonic-2-in-1-card-games-in-a-backpack-de\/","og_site_name":"Lisciani Giochi","article_publisher":"https:\/\/www.facebook.com\/liscianigroup","article_modified_time":"2026-04-17T04:12:09+00:00","og_image":[{"url":"https:\/\/mf.liscianigiochi.it:8443\/media\/104536\/D8772583-2F4C-41DB-8C22-B2DD1CF023D9.jpg","type":"","width":"","height":""}],"twitter_card":"summary_large_image","twitter_image":"https:\/\/mf.liscianigiochi.it:8443\/media\/104536\/D8772583-2F4C-41DB-8C22-B2DD1CF023D9.jpg","schema":{"@context":"https:\/\/schema.org","@graph":[{"@type":"WebPage","@id":"https:\/\/www.liscianigiochi.com\/de\/shop\/uncategorized\/sonic-2-in-1-card-games-in-a-backpack-de\/","url":"https:\/\/www.liscianigiochi.com\/de\/shop\/uncategorized\/sonic-2-in-1-card-games-in-a-backpack-de\/","name":"Sonic 2 In 1 Card Games In A Backpack - Lisciani Giochi","isPartOf":{"@id":"https:\/\/www.liscianigiochi.com\/#website"},"primaryImageOfPage":{"@id":"https:\/\/www.liscianigiochi.com\/de\/shop\/uncategorized\/sonic-2-in-1-card-games-in-a-backpack-de\/#primaryimage"},"image":{"@id":"https:\/\/www.liscianigiochi.com\/de\/shop\/uncategorized\/sonic-2-in-1-card-games-in-a-backpack-de\/#primaryimage"},"thumbnailUrl":"https:\/\/mf.liscianigiochi.it:8443\/media\/104536\/D8772583-2F4C-41DB-8C22-B2DD1CF023D9.jpg","datePublished":"2024-07-03T08:34:56+00:00","dateModified":"2026-04-17T04:12:09+00:00","breadcrumb":{"@id":"https:\/\/www.liscianigiochi.com\/de\/shop\/uncategorized\/sonic-2-in-1-card-games-in-a-backpack-de\/#breadcrumb"},"inLanguage":"de-DE","potentialAction":[{"@type":"ReadAction","target":["https:\/\/www.liscianigiochi.com\/de\/shop\/uncategorized\/sonic-2-in-1-card-games-in-a-backpack-de\/"]}]},{"@type":"ImageObject","inLanguage":"de-DE","@id":"https:\/\/www.liscianigiochi.com\/de\/shop\/uncategorized\/sonic-2-in-1-card-games-in-a-backpack-de\/#primaryimage","url":"https:\/\/mf.liscianigiochi.it:8443\/media\/104536\/D8772583-2F4C-41DB-8C22-B2DD1CF023D9.jpg","contentUrl":"https:\/\/mf.liscianigiochi.it:8443\/media\/104536\/D8772583-2F4C-41DB-8C22-B2DD1CF023D9.jpg"},{"@type":"BreadcrumbList","@id":"https:\/\/www.liscianigiochi.com\/de\/shop\/uncategorized\/sonic-2-in-1-card-games-in-a-backpack-de\/#breadcrumb","itemListElement":[{"@type":"ListItem","position":1,"name":"Home","item":"https:\/\/www.liscianigiochi.com\/de\/"},{"@type":"ListItem","position":2,"name":"Shop","item":"https:\/\/lg.udnt.it\/de\/shop\/"},{"@type":"ListItem","position":3,"name":"Sonic 2 In 1 Card Games In A Backpack"}]},{"@type":"WebSite","@id":"https:\/\/www.liscianigiochi.com\/#website","url":"https:\/\/www.liscianigiochi.com\/","name":"Lisciani Giochi","description":"","publisher":{"@id":"https:\/\/www.liscianigiochi.com\/#organization"},"potentialAction":[{"@type":"SearchAction","target":{"@type":"EntryPoint","urlTemplate":"https:\/\/www.liscianigiochi.com\/?s={search_term_string}"},"query-input":{"@type":"PropertyValueSpecification","valueRequired":true,"valueName":"search_term_string"}}],"inLanguage":"de-DE"},{"@type":"Organization","@id":"https:\/\/www.liscianigiochi.com\/#organization","name":"Lisciani Giochi","url":"https:\/\/www.liscianigiochi.com\/","logo":{"@type":"ImageObject","inLanguage":"de-DE","@id":"https:\/\/www.liscianigiochi.com\/#\/schema\/logo\/image\/","url":"https:\/\/www.liscianigiochi.com\/wp-content\/uploads\/2023\/10\/Logo@2x.png","contentUrl":"https:\/\/www.liscianigiochi.com\/wp-content\/uploads\/2023\/10\/Logo@2x.png","width":384,"height":384,"caption":"Lisciani Giochi"},"image":{"@id":"https:\/\/www.liscianigiochi.com\/#\/schema\/logo\/image\/"},"sameAs":["https:\/\/www.facebook.com\/liscianigroup","https:\/\/www.instagram.com\/liscianigiochi\/"]}]}},"fifu_image_url":"https:\/\/mf.liscianigiochi.it:8443\/media\/104536\/D8772583-2F4C-41DB-8C22-B2DD1CF023D9.jpg","_links":{"self":[{"href":"https:\/\/www.liscianigiochi.com\/de\/wp-json\/wp\/v2\/product\/669167","targetHints":{"allow":["GET"]}}],"collection":[{"href":"https:\/\/www.liscianigiochi.com\/de\/wp-json\/wp\/v2\/product"}],"about":[{"href":"https:\/\/www.liscianigiochi.com\/de\/wp-json\/wp\/v2\/types\/product"}],"wp:featuredmedia":[{"embeddable":true,"href":"https:\/\/www.liscianigiochi.com\/de\/wp-json\/wp\/v2\/media\/1836895"}],"wp:attachment":[{"href":"https:\/\/www.liscianigiochi.com\/de\/wp-json\/wp\/v2\/media?parent=669167"}],"wp:term":[{"taxonomy":"product_brand","embeddable":true,"href":"https:\/\/www.liscianigiochi.com\/de\/wp-json\/wp\/v2\/product_brand?post=669167"},{"taxonomy":"product_cat","embeddable":true,"href":"https:\/\/www.liscianigiochi.com\/de\/wp-json\/wp\/v2\/product_cat?post=669167"},{"taxonomy":"product_tag","embeddable":true,"href":"https:\/\/www.liscianigiochi.com\/de\/wp-json\/wp\/v2\/product_tag?post=669167"}],"curies":[{"name":"wp","href":"https:\/\/api.w.org\/{rel}","templated":true}]}}