{"id":669194,"date":"2024-07-03T10:35:14","date_gmt":"2024-07-03T08:35:14","guid":{"rendered":"https:\/\/www.liscianigiochi.com\/shop\/uncategorized\/paw-patrol-projector-drawing-school-de\/"},"modified":"2026-04-24T06:12:12","modified_gmt":"2026-04-24T04:12:12","slug":"paw-patrol-projector-drawing-school-de","status":"publish","type":"product","link":"https:\/\/www.liscianigiochi.com\/de\/shop\/kreative-spiele-de\/art-craft-coloring-de\/paw-patrol-projector-drawing-school-de\/","title":{"rendered":"Paw Patrol Projector Drawing School"},"content":{"rendered":"<p>Viel Spa\u00df mit dem fantastischen Paw Patrol-Projektor, mit dem Sie lernen k\u00f6nnen, wie man die fantastischen Protagonisten der Zeichentrickserie zeichnet. Schalten Sie einfach den LED-Projektor ein und projizieren Sie das gew\u00fcnschte Bild auf ein wei\u00dfes Blatt. Gehen Sie die Umrisse durch, erstellen Sie zahlreiche Farbzeichnungen und f\u00fcgen Sie sie nach dem Ausschneiden in das mitgelieferte Szenario ein, um neue fantastische Abenteuer zu erschaffen.<\/p>\n","protected":false},"excerpt":{"rendered":"<p>Zeichnen und malen Sie mit dem Paw Patrol-Projektor!<\/p>\n","protected":false},"featured_media":1836933,"template":"","meta":{"_acf_changed":false},"product_brand":[],"product_cat":[2954,2932],"product_tag":[3135,3137,3265],"class_list":{"0":"post-669194","1":"product","2":"type-product","3":"status-publish","4":"has-post-thumbnail","6":"product_cat-art-craft-coloring-de","7":"product_cat-kreative-spiele-de","8":"product_tag-3-4-jahre-de","9":"product_tag-5-6-jahre-de","10":"product_tag-paw-patrol-de","12":"first","13":"instock","14":"shipping-taxable","15":"product-type-simple"},"acf":[],"yoast_head":"<!-- This site is optimized with the Yoast SEO plugin v26.5 - https:\/\/yoast.com\/wordpress\/plugins\/seo\/ -->\n<title>Paw Patrol Projector Drawing School - Lisciani Giochi<\/title>\n<meta name=\"robots\" content=\"index, follow, max-snippet:-1, max-image-preview:large, max-video-preview:-1\" \/>\n<link rel=\"canonical\" href=\"https:\/\/www.liscianigiochi.com\/de\/shop\/uncategorized\/paw-patrol-projector-drawing-school-de\/\" \/>\n<meta property=\"og:locale\" content=\"de_DE\" \/>\n<meta property=\"og:type\" content=\"article\" \/>\n<meta property=\"og:title\" content=\"Paw Patrol Projector Drawing School - Lisciani Giochi\" \/>\n<meta property=\"og:description\" content=\"Zeichnen und malen Sie mit dem Paw Patrol-Projektor!\" \/>\n<meta property=\"og:url\" content=\"https:\/\/www.liscianigiochi.com\/de\/shop\/uncategorized\/paw-patrol-projector-drawing-school-de\/\" \/>\n<meta property=\"og:site_name\" content=\"Lisciani Giochi\" \/>\n<meta property=\"article:publisher\" content=\"https:\/\/www.facebook.com\/liscianigroup\" \/>\n<meta property=\"article:modified_time\" content=\"2026-04-24T04:12:12+00:00\" \/>\n<meta property=\"og:image\" content=\"https:\/\/mf.liscianigiochi.it:8443\/media\/104710\/E119A293-2065-4BA5-A69B-C571A458AE30.jpg\" \/>\n<meta name=\"twitter:card\" content=\"summary_large_image\" \/>\n<meta name=\"twitter:image\" content=\"https:\/\/mf.liscianigiochi.it:8443\/media\/104710\/E119A293-2065-4BA5-A69B-C571A458AE30.jpg\" \/>\n<script type=\"application\/ld+json\" class=\"yoast-schema-graph\">{\"@context\":\"https:\/\/schema.org\",\"@graph\":[{\"@type\":\"WebPage\",\"@id\":\"https:\/\/www.liscianigiochi.com\/de\/shop\/uncategorized\/paw-patrol-projector-drawing-school-de\/\",\"url\":\"https:\/\/www.liscianigiochi.com\/de\/shop\/uncategorized\/paw-patrol-projector-drawing-school-de\/\",\"name\":\"Paw Patrol Projector Drawing School - Lisciani Giochi\",\"isPartOf\":{\"@id\":\"https:\/\/www.liscianigiochi.com\/#website\"},\"primaryImageOfPage\":{\"@id\":\"https:\/\/www.liscianigiochi.com\/de\/shop\/uncategorized\/paw-patrol-projector-drawing-school-de\/#primaryimage\"},\"image\":{\"@id\":\"https:\/\/www.liscianigiochi.com\/de\/shop\/uncategorized\/paw-patrol-projector-drawing-school-de\/#primaryimage\"},\"thumbnailUrl\":\"https:\/\/mf.liscianigiochi.it:8443\/media\/104710\/E119A293-2065-4BA5-A69B-C571A458AE30.jpg\",\"datePublished\":\"2024-07-03T08:35:14+00:00\",\"dateModified\":\"2026-04-24T04:12:12+00:00\",\"breadcrumb\":{\"@id\":\"https:\/\/www.liscianigiochi.com\/de\/shop\/uncategorized\/paw-patrol-projector-drawing-school-de\/#breadcrumb\"},\"inLanguage\":\"de-DE\",\"potentialAction\":[{\"@type\":\"ReadAction\",\"target\":[\"https:\/\/www.liscianigiochi.com\/de\/shop\/uncategorized\/paw-patrol-projector-drawing-school-de\/\"]}]},{\"@type\":\"ImageObject\",\"inLanguage\":\"de-DE\",\"@id\":\"https:\/\/www.liscianigiochi.com\/de\/shop\/uncategorized\/paw-patrol-projector-drawing-school-de\/#primaryimage\",\"url\":\"https:\/\/mf.liscianigiochi.it:8443\/media\/104710\/E119A293-2065-4BA5-A69B-C571A458AE30.jpg\",\"contentUrl\":\"https:\/\/mf.liscianigiochi.it:8443\/media\/104710\/E119A293-2065-4BA5-A69B-C571A458AE30.jpg\"},{\"@type\":\"BreadcrumbList\",\"@id\":\"https:\/\/www.liscianigiochi.com\/de\/shop\/uncategorized\/paw-patrol-projector-drawing-school-de\/#breadcrumb\",\"itemListElement\":[{\"@type\":\"ListItem\",\"position\":1,\"name\":\"Home\",\"item\":\"https:\/\/www.liscianigiochi.com\/de\/\"},{\"@type\":\"ListItem\",\"position\":2,\"name\":\"Shop\",\"item\":\"https:\/\/lg.udnt.it\/de\/shop\/\"},{\"@type\":\"ListItem\",\"position\":3,\"name\":\"Paw Patrol Projector Drawing School\"}]},{\"@type\":\"WebSite\",\"@id\":\"https:\/\/www.liscianigiochi.com\/#website\",\"url\":\"https:\/\/www.liscianigiochi.com\/\",\"name\":\"Lisciani Giochi\",\"description\":\"\",\"publisher\":{\"@id\":\"https:\/\/www.liscianigiochi.com\/#organization\"},\"potentialAction\":[{\"@type\":\"SearchAction\",\"target\":{\"@type\":\"EntryPoint\",\"urlTemplate\":\"https:\/\/www.liscianigiochi.com\/?s={search_term_string}\"},\"query-input\":{\"@type\":\"PropertyValueSpecification\",\"valueRequired\":true,\"valueName\":\"search_term_string\"}}],\"inLanguage\":\"de-DE\"},{\"@type\":\"Organization\",\"@id\":\"https:\/\/www.liscianigiochi.com\/#organization\",\"name\":\"Lisciani Giochi\",\"url\":\"https:\/\/www.liscianigiochi.com\/\",\"logo\":{\"@type\":\"ImageObject\",\"inLanguage\":\"de-DE\",\"@id\":\"https:\/\/www.liscianigiochi.com\/#\/schema\/logo\/image\/\",\"url\":\"https:\/\/www.liscianigiochi.com\/wp-content\/uploads\/2023\/10\/Logo@2x.png\",\"contentUrl\":\"https:\/\/www.liscianigiochi.com\/wp-content\/uploads\/2023\/10\/Logo@2x.png\",\"width\":384,\"height\":384,\"caption\":\"Lisciani Giochi\"},\"image\":{\"@id\":\"https:\/\/www.liscianigiochi.com\/#\/schema\/logo\/image\/\"},\"sameAs\":[\"https:\/\/www.facebook.com\/liscianigroup\",\"https:\/\/www.instagram.com\/liscianigiochi\/\"]}]}<\/script>\n<!-- \/ Yoast SEO plugin. -->","yoast_head_json":{"title":"Paw Patrol Projector Drawing School - Lisciani Giochi","robots":{"index":"index","follow":"follow","max-snippet":"max-snippet:-1","max-image-preview":"max-image-preview:large","max-video-preview":"max-video-preview:-1"},"canonical":"https:\/\/www.liscianigiochi.com\/de\/shop\/uncategorized\/paw-patrol-projector-drawing-school-de\/","og_locale":"de_DE","og_type":"article","og_title":"Paw Patrol Projector Drawing School - Lisciani Giochi","og_description":"Zeichnen und malen Sie mit dem Paw Patrol-Projektor!","og_url":"https:\/\/www.liscianigiochi.com\/de\/shop\/uncategorized\/paw-patrol-projector-drawing-school-de\/","og_site_name":"Lisciani Giochi","article_publisher":"https:\/\/www.facebook.com\/liscianigroup","article_modified_time":"2026-04-24T04:12:12+00:00","og_image":[{"url":"https:\/\/mf.liscianigiochi.it:8443\/media\/104710\/E119A293-2065-4BA5-A69B-C571A458AE30.jpg","type":"","width":"","height":""}],"twitter_card":"summary_large_image","twitter_image":"https:\/\/mf.liscianigiochi.it:8443\/media\/104710\/E119A293-2065-4BA5-A69B-C571A458AE30.jpg","schema":{"@context":"https:\/\/schema.org","@graph":[{"@type":"WebPage","@id":"https:\/\/www.liscianigiochi.com\/de\/shop\/uncategorized\/paw-patrol-projector-drawing-school-de\/","url":"https:\/\/www.liscianigiochi.com\/de\/shop\/uncategorized\/paw-patrol-projector-drawing-school-de\/","name":"Paw Patrol Projector Drawing School - Lisciani Giochi","isPartOf":{"@id":"https:\/\/www.liscianigiochi.com\/#website"},"primaryImageOfPage":{"@id":"https:\/\/www.liscianigiochi.com\/de\/shop\/uncategorized\/paw-patrol-projector-drawing-school-de\/#primaryimage"},"image":{"@id":"https:\/\/www.liscianigiochi.com\/de\/shop\/uncategorized\/paw-patrol-projector-drawing-school-de\/#primaryimage"},"thumbnailUrl":"https:\/\/mf.liscianigiochi.it:8443\/media\/104710\/E119A293-2065-4BA5-A69B-C571A458AE30.jpg","datePublished":"2024-07-03T08:35:14+00:00","dateModified":"2026-04-24T04:12:12+00:00","breadcrumb":{"@id":"https:\/\/www.liscianigiochi.com\/de\/shop\/uncategorized\/paw-patrol-projector-drawing-school-de\/#breadcrumb"},"inLanguage":"de-DE","potentialAction":[{"@type":"ReadAction","target":["https:\/\/www.liscianigiochi.com\/de\/shop\/uncategorized\/paw-patrol-projector-drawing-school-de\/"]}]},{"@type":"ImageObject","inLanguage":"de-DE","@id":"https:\/\/www.liscianigiochi.com\/de\/shop\/uncategorized\/paw-patrol-projector-drawing-school-de\/#primaryimage","url":"https:\/\/mf.liscianigiochi.it:8443\/media\/104710\/E119A293-2065-4BA5-A69B-C571A458AE30.jpg","contentUrl":"https:\/\/mf.liscianigiochi.it:8443\/media\/104710\/E119A293-2065-4BA5-A69B-C571A458AE30.jpg"},{"@type":"BreadcrumbList","@id":"https:\/\/www.liscianigiochi.com\/de\/shop\/uncategorized\/paw-patrol-projector-drawing-school-de\/#breadcrumb","itemListElement":[{"@type":"ListItem","position":1,"name":"Home","item":"https:\/\/www.liscianigiochi.com\/de\/"},{"@type":"ListItem","position":2,"name":"Shop","item":"https:\/\/lg.udnt.it\/de\/shop\/"},{"@type":"ListItem","position":3,"name":"Paw Patrol Projector Drawing School"}]},{"@type":"WebSite","@id":"https:\/\/www.liscianigiochi.com\/#website","url":"https:\/\/www.liscianigiochi.com\/","name":"Lisciani Giochi","description":"","publisher":{"@id":"https:\/\/www.liscianigiochi.com\/#organization"},"potentialAction":[{"@type":"SearchAction","target":{"@type":"EntryPoint","urlTemplate":"https:\/\/www.liscianigiochi.com\/?s={search_term_string}"},"query-input":{"@type":"PropertyValueSpecification","valueRequired":true,"valueName":"search_term_string"}}],"inLanguage":"de-DE"},{"@type":"Organization","@id":"https:\/\/www.liscianigiochi.com\/#organization","name":"Lisciani Giochi","url":"https:\/\/www.liscianigiochi.com\/","logo":{"@type":"ImageObject","inLanguage":"de-DE","@id":"https:\/\/www.liscianigiochi.com\/#\/schema\/logo\/image\/","url":"https:\/\/www.liscianigiochi.com\/wp-content\/uploads\/2023\/10\/Logo@2x.png","contentUrl":"https:\/\/www.liscianigiochi.com\/wp-content\/uploads\/2023\/10\/Logo@2x.png","width":384,"height":384,"caption":"Lisciani Giochi"},"image":{"@id":"https:\/\/www.liscianigiochi.com\/#\/schema\/logo\/image\/"},"sameAs":["https:\/\/www.facebook.com\/liscianigroup","https:\/\/www.instagram.com\/liscianigiochi\/"]}]}},"fifu_image_url":"https:\/\/mf.liscianigiochi.it:8443\/media\/104710\/E119A293-2065-4BA5-A69B-C571A458AE30.jpg","_links":{"self":[{"href":"https:\/\/www.liscianigiochi.com\/de\/wp-json\/wp\/v2\/product\/669194","targetHints":{"allow":["GET"]}}],"collection":[{"href":"https:\/\/www.liscianigiochi.com\/de\/wp-json\/wp\/v2\/product"}],"about":[{"href":"https:\/\/www.liscianigiochi.com\/de\/wp-json\/wp\/v2\/types\/product"}],"wp:featuredmedia":[{"embeddable":true,"href":"https:\/\/www.liscianigiochi.com\/de\/wp-json\/wp\/v2\/media\/1836933"}],"wp:attachment":[{"href":"https:\/\/www.liscianigiochi.com\/de\/wp-json\/wp\/v2\/media?parent=669194"}],"wp:term":[{"taxonomy":"product_brand","embeddable":true,"href":"https:\/\/www.liscianigiochi.com\/de\/wp-json\/wp\/v2\/product_brand?post=669194"},{"taxonomy":"product_cat","embeddable":true,"href":"https:\/\/www.liscianigiochi.com\/de\/wp-json\/wp\/v2\/product_cat?post=669194"},{"taxonomy":"product_tag","embeddable":true,"href":"https:\/\/www.liscianigiochi.com\/de\/wp-json\/wp\/v2\/product_tag?post=669194"}],"curies":[{"name":"wp","href":"https:\/\/api.w.org\/{rel}","templated":true}]}}