{"id":669419,"date":"2024-07-03T10:46:31","date_gmt":"2024-07-03T08:46:31","guid":{"rendered":"https:\/\/www.liscianigiochi.com\/shop\/uncategorized\/the-moon-academy-moon-cats-collection-in-display-12-de\/"},"modified":"2026-04-10T06:12:21","modified_gmt":"2026-04-10T04:12:21","slug":"the-moon-academy-moon-cats-collection-in-display-8-de","status":"publish","type":"product","link":"https:\/\/www.liscianigiochi.com\/de\/shop\/kreative-spiele-de\/art-science-de\/the-moon-academy-moon-cats-collection-in-display-8-de\/","title":{"rendered":"The Moon Academy Moon Cats Collection In Display 8"},"content":{"rendered":"<p>Ein Kit mit allem, was Sie brauchen, um magische Katzen zu erschaffen, die Hauptfiguren der Moon Academy! Mischen Sie die verschiedenen magischen fl\u00fcssigen Zutaten, gie\u00dfen Sie sie in die Form, warten Sie ein paar Stunden und voil\u00e0 &#8230; wie von Zauberhand erwecken Sie Ihre Sammlung superweicher K\u00e4tzchen in verschiedenen Farben zum Leben!<\/p>\n","protected":false},"excerpt":{"rendered":"<p>Erstelle deine eigene Sammlung magischer Katzen!<\/p>\n","protected":false},"featured_media":1837115,"template":"","meta":{"_acf_changed":false},"product_brand":[],"product_cat":[3433,2932],"product_tag":[3140,3142,3148,3268],"class_list":{"0":"post-669419","1":"product","2":"type-product","3":"status-publish","4":"has-post-thumbnail","6":"product_cat-art-science-de","7":"product_cat-kreative-spiele-de","8":"product_tag-7-8-jahre-de","9":"product_tag-9-jahre-de","10":"product_tag-prodotto-lisciani-de","11":"product_tag-the-moon-academy-de","13":"first","14":"instock","15":"shipping-taxable","16":"product-type-simple"},"acf":[],"yoast_head":"<!-- This site is optimized with the Yoast SEO plugin v26.5 - https:\/\/yoast.com\/wordpress\/plugins\/seo\/ -->\n<title>The Moon Academy Moon Cats Collection In Display 8 - Lisciani Giochi<\/title>\n<meta name=\"robots\" content=\"index, follow, max-snippet:-1, max-image-preview:large, max-video-preview:-1\" \/>\n<link rel=\"canonical\" href=\"https:\/\/www.liscianigiochi.com\/de\/shop\/kreative-spiele-de\/art-science-de\/the-moon-academy-moon-cats-collection-in-display-8-de\/\" \/>\n<meta property=\"og:locale\" content=\"de_DE\" \/>\n<meta property=\"og:type\" content=\"article\" \/>\n<meta property=\"og:title\" content=\"The Moon Academy Moon Cats Collection In Display 8 - Lisciani Giochi\" \/>\n<meta property=\"og:description\" content=\"Erstelle deine eigene Sammlung magischer Katzen!\" \/>\n<meta property=\"og:url\" content=\"https:\/\/www.liscianigiochi.com\/de\/shop\/kreative-spiele-de\/art-science-de\/the-moon-academy-moon-cats-collection-in-display-8-de\/\" \/>\n<meta property=\"og:site_name\" content=\"Lisciani Giochi\" \/>\n<meta property=\"article:publisher\" content=\"https:\/\/www.facebook.com\/liscianigroup\" \/>\n<meta property=\"article:modified_time\" content=\"2026-04-10T04:12:21+00:00\" \/>\n<meta property=\"og:image\" content=\"https:\/\/mf.liscianigiochi.it:8443\/media\/106059\/148FC442-A994-4184-9FA1-59FE26C95066.jpg\" \/>\n<meta name=\"twitter:card\" content=\"summary_large_image\" \/>\n<meta name=\"twitter:image\" content=\"https:\/\/mf.liscianigiochi.it:8443\/media\/106059\/148FC442-A994-4184-9FA1-59FE26C95066.jpg\" \/>\n<script type=\"application\/ld+json\" class=\"yoast-schema-graph\">{\"@context\":\"https:\/\/schema.org\",\"@graph\":[{\"@type\":\"WebPage\",\"@id\":\"https:\/\/www.liscianigiochi.com\/de\/shop\/kreative-spiele-de\/art-science-de\/the-moon-academy-moon-cats-collection-in-display-8-de\/\",\"url\":\"https:\/\/www.liscianigiochi.com\/de\/shop\/kreative-spiele-de\/art-science-de\/the-moon-academy-moon-cats-collection-in-display-8-de\/\",\"name\":\"The Moon Academy Moon Cats Collection In Display 8 - Lisciani Giochi\",\"isPartOf\":{\"@id\":\"https:\/\/www.liscianigiochi.com\/#website\"},\"primaryImageOfPage\":{\"@id\":\"https:\/\/www.liscianigiochi.com\/de\/shop\/kreative-spiele-de\/art-science-de\/the-moon-academy-moon-cats-collection-in-display-8-de\/#primaryimage\"},\"image\":{\"@id\":\"https:\/\/www.liscianigiochi.com\/de\/shop\/kreative-spiele-de\/art-science-de\/the-moon-academy-moon-cats-collection-in-display-8-de\/#primaryimage\"},\"thumbnailUrl\":\"https:\/\/mf.liscianigiochi.it:8443\/media\/106059\/148FC442-A994-4184-9FA1-59FE26C95066.jpg\",\"datePublished\":\"2024-07-03T08:46:31+00:00\",\"dateModified\":\"2026-04-10T04:12:21+00:00\",\"breadcrumb\":{\"@id\":\"https:\/\/www.liscianigiochi.com\/de\/shop\/kreative-spiele-de\/art-science-de\/the-moon-academy-moon-cats-collection-in-display-8-de\/#breadcrumb\"},\"inLanguage\":\"de-DE\",\"potentialAction\":[{\"@type\":\"ReadAction\",\"target\":[\"https:\/\/www.liscianigiochi.com\/de\/shop\/kreative-spiele-de\/art-science-de\/the-moon-academy-moon-cats-collection-in-display-8-de\/\"]}]},{\"@type\":\"ImageObject\",\"inLanguage\":\"de-DE\",\"@id\":\"https:\/\/www.liscianigiochi.com\/de\/shop\/kreative-spiele-de\/art-science-de\/the-moon-academy-moon-cats-collection-in-display-8-de\/#primaryimage\",\"url\":\"https:\/\/mf.liscianigiochi.it:8443\/media\/106059\/148FC442-A994-4184-9FA1-59FE26C95066.jpg\",\"contentUrl\":\"https:\/\/mf.liscianigiochi.it:8443\/media\/106059\/148FC442-A994-4184-9FA1-59FE26C95066.jpg\"},{\"@type\":\"BreadcrumbList\",\"@id\":\"https:\/\/www.liscianigiochi.com\/de\/shop\/kreative-spiele-de\/art-science-de\/the-moon-academy-moon-cats-collection-in-display-8-de\/#breadcrumb\",\"itemListElement\":[{\"@type\":\"ListItem\",\"position\":1,\"name\":\"Home\",\"item\":\"https:\/\/www.liscianigiochi.com\/de\/\"},{\"@type\":\"ListItem\",\"position\":2,\"name\":\"Shop\",\"item\":\"https:\/\/lg.udnt.it\/de\/shop\/\"},{\"@type\":\"ListItem\",\"position\":3,\"name\":\"The Moon Academy Moon Cats Collection In Display 8\"}]},{\"@type\":\"WebSite\",\"@id\":\"https:\/\/www.liscianigiochi.com\/#website\",\"url\":\"https:\/\/www.liscianigiochi.com\/\",\"name\":\"Lisciani Giochi\",\"description\":\"\",\"publisher\":{\"@id\":\"https:\/\/www.liscianigiochi.com\/#organization\"},\"potentialAction\":[{\"@type\":\"SearchAction\",\"target\":{\"@type\":\"EntryPoint\",\"urlTemplate\":\"https:\/\/www.liscianigiochi.com\/?s={search_term_string}\"},\"query-input\":{\"@type\":\"PropertyValueSpecification\",\"valueRequired\":true,\"valueName\":\"search_term_string\"}}],\"inLanguage\":\"de-DE\"},{\"@type\":\"Organization\",\"@id\":\"https:\/\/www.liscianigiochi.com\/#organization\",\"name\":\"Lisciani Giochi\",\"url\":\"https:\/\/www.liscianigiochi.com\/\",\"logo\":{\"@type\":\"ImageObject\",\"inLanguage\":\"de-DE\",\"@id\":\"https:\/\/www.liscianigiochi.com\/#\/schema\/logo\/image\/\",\"url\":\"https:\/\/www.liscianigiochi.com\/wp-content\/uploads\/2023\/10\/Logo@2x.png\",\"contentUrl\":\"https:\/\/www.liscianigiochi.com\/wp-content\/uploads\/2023\/10\/Logo@2x.png\",\"width\":384,\"height\":384,\"caption\":\"Lisciani Giochi\"},\"image\":{\"@id\":\"https:\/\/www.liscianigiochi.com\/#\/schema\/logo\/image\/\"},\"sameAs\":[\"https:\/\/www.facebook.com\/liscianigroup\",\"https:\/\/www.instagram.com\/liscianigiochi\/\"]}]}<\/script>\n<!-- \/ Yoast SEO plugin. -->","yoast_head_json":{"title":"The Moon Academy Moon Cats Collection In Display 8 - Lisciani Giochi","robots":{"index":"index","follow":"follow","max-snippet":"max-snippet:-1","max-image-preview":"max-image-preview:large","max-video-preview":"max-video-preview:-1"},"canonical":"https:\/\/www.liscianigiochi.com\/de\/shop\/kreative-spiele-de\/art-science-de\/the-moon-academy-moon-cats-collection-in-display-8-de\/","og_locale":"de_DE","og_type":"article","og_title":"The Moon Academy Moon Cats Collection In Display 8 - Lisciani Giochi","og_description":"Erstelle deine eigene Sammlung magischer Katzen!","og_url":"https:\/\/www.liscianigiochi.com\/de\/shop\/kreative-spiele-de\/art-science-de\/the-moon-academy-moon-cats-collection-in-display-8-de\/","og_site_name":"Lisciani Giochi","article_publisher":"https:\/\/www.facebook.com\/liscianigroup","article_modified_time":"2026-04-10T04:12:21+00:00","og_image":[{"url":"https:\/\/mf.liscianigiochi.it:8443\/media\/106059\/148FC442-A994-4184-9FA1-59FE26C95066.jpg","type":"","width":"","height":""}],"twitter_card":"summary_large_image","twitter_image":"https:\/\/mf.liscianigiochi.it:8443\/media\/106059\/148FC442-A994-4184-9FA1-59FE26C95066.jpg","schema":{"@context":"https:\/\/schema.org","@graph":[{"@type":"WebPage","@id":"https:\/\/www.liscianigiochi.com\/de\/shop\/kreative-spiele-de\/art-science-de\/the-moon-academy-moon-cats-collection-in-display-8-de\/","url":"https:\/\/www.liscianigiochi.com\/de\/shop\/kreative-spiele-de\/art-science-de\/the-moon-academy-moon-cats-collection-in-display-8-de\/","name":"The Moon Academy Moon Cats Collection In Display 8 - Lisciani Giochi","isPartOf":{"@id":"https:\/\/www.liscianigiochi.com\/#website"},"primaryImageOfPage":{"@id":"https:\/\/www.liscianigiochi.com\/de\/shop\/kreative-spiele-de\/art-science-de\/the-moon-academy-moon-cats-collection-in-display-8-de\/#primaryimage"},"image":{"@id":"https:\/\/www.liscianigiochi.com\/de\/shop\/kreative-spiele-de\/art-science-de\/the-moon-academy-moon-cats-collection-in-display-8-de\/#primaryimage"},"thumbnailUrl":"https:\/\/mf.liscianigiochi.it:8443\/media\/106059\/148FC442-A994-4184-9FA1-59FE26C95066.jpg","datePublished":"2024-07-03T08:46:31+00:00","dateModified":"2026-04-10T04:12:21+00:00","breadcrumb":{"@id":"https:\/\/www.liscianigiochi.com\/de\/shop\/kreative-spiele-de\/art-science-de\/the-moon-academy-moon-cats-collection-in-display-8-de\/#breadcrumb"},"inLanguage":"de-DE","potentialAction":[{"@type":"ReadAction","target":["https:\/\/www.liscianigiochi.com\/de\/shop\/kreative-spiele-de\/art-science-de\/the-moon-academy-moon-cats-collection-in-display-8-de\/"]}]},{"@type":"ImageObject","inLanguage":"de-DE","@id":"https:\/\/www.liscianigiochi.com\/de\/shop\/kreative-spiele-de\/art-science-de\/the-moon-academy-moon-cats-collection-in-display-8-de\/#primaryimage","url":"https:\/\/mf.liscianigiochi.it:8443\/media\/106059\/148FC442-A994-4184-9FA1-59FE26C95066.jpg","contentUrl":"https:\/\/mf.liscianigiochi.it:8443\/media\/106059\/148FC442-A994-4184-9FA1-59FE26C95066.jpg"},{"@type":"BreadcrumbList","@id":"https:\/\/www.liscianigiochi.com\/de\/shop\/kreative-spiele-de\/art-science-de\/the-moon-academy-moon-cats-collection-in-display-8-de\/#breadcrumb","itemListElement":[{"@type":"ListItem","position":1,"name":"Home","item":"https:\/\/www.liscianigiochi.com\/de\/"},{"@type":"ListItem","position":2,"name":"Shop","item":"https:\/\/lg.udnt.it\/de\/shop\/"},{"@type":"ListItem","position":3,"name":"The Moon Academy Moon Cats Collection In Display 8"}]},{"@type":"WebSite","@id":"https:\/\/www.liscianigiochi.com\/#website","url":"https:\/\/www.liscianigiochi.com\/","name":"Lisciani Giochi","description":"","publisher":{"@id":"https:\/\/www.liscianigiochi.com\/#organization"},"potentialAction":[{"@type":"SearchAction","target":{"@type":"EntryPoint","urlTemplate":"https:\/\/www.liscianigiochi.com\/?s={search_term_string}"},"query-input":{"@type":"PropertyValueSpecification","valueRequired":true,"valueName":"search_term_string"}}],"inLanguage":"de-DE"},{"@type":"Organization","@id":"https:\/\/www.liscianigiochi.com\/#organization","name":"Lisciani Giochi","url":"https:\/\/www.liscianigiochi.com\/","logo":{"@type":"ImageObject","inLanguage":"de-DE","@id":"https:\/\/www.liscianigiochi.com\/#\/schema\/logo\/image\/","url":"https:\/\/www.liscianigiochi.com\/wp-content\/uploads\/2023\/10\/Logo@2x.png","contentUrl":"https:\/\/www.liscianigiochi.com\/wp-content\/uploads\/2023\/10\/Logo@2x.png","width":384,"height":384,"caption":"Lisciani Giochi"},"image":{"@id":"https:\/\/www.liscianigiochi.com\/#\/schema\/logo\/image\/"},"sameAs":["https:\/\/www.facebook.com\/liscianigroup","https:\/\/www.instagram.com\/liscianigiochi\/"]}]}},"fifu_image_url":"https:\/\/mf.liscianigiochi.it:8443\/media\/106059\/148FC442-A994-4184-9FA1-59FE26C95066.jpg","_links":{"self":[{"href":"https:\/\/www.liscianigiochi.com\/de\/wp-json\/wp\/v2\/product\/669419","targetHints":{"allow":["GET"]}}],"collection":[{"href":"https:\/\/www.liscianigiochi.com\/de\/wp-json\/wp\/v2\/product"}],"about":[{"href":"https:\/\/www.liscianigiochi.com\/de\/wp-json\/wp\/v2\/types\/product"}],"wp:featuredmedia":[{"embeddable":true,"href":"https:\/\/www.liscianigiochi.com\/de\/wp-json\/wp\/v2\/media\/1837115"}],"wp:attachment":[{"href":"https:\/\/www.liscianigiochi.com\/de\/wp-json\/wp\/v2\/media?parent=669419"}],"wp:term":[{"taxonomy":"product_brand","embeddable":true,"href":"https:\/\/www.liscianigiochi.com\/de\/wp-json\/wp\/v2\/product_brand?post=669419"},{"taxonomy":"product_cat","embeddable":true,"href":"https:\/\/www.liscianigiochi.com\/de\/wp-json\/wp\/v2\/product_cat?post=669419"},{"taxonomy":"product_tag","embeddable":true,"href":"https:\/\/www.liscianigiochi.com\/de\/wp-json\/wp\/v2\/product_tag?post=669419"}],"curies":[{"name":"wp","href":"https:\/\/api.w.org\/{rel}","templated":true}]}}