{"id":669655,"date":"2024-07-03T10:48:05","date_gmt":"2024-07-03T08:48:05","guid":{"rendered":"https:\/\/www.liscianigiochi.com\/shop\/uncategorized\/monster-high-jewellery-monster-bag-de\/"},"modified":"2026-05-08T06:12:41","modified_gmt":"2026-05-08T04:12:41","slug":"monster-high-jewellery-monster-bag-de","status":"publish","type":"product","link":"https:\/\/www.liscianigiochi.com\/de\/shop\/kreative-spiele-de\/beads-and-jewelry-de\/monster-high-jewellery-monster-bag-de\/","title":{"rendered":"Monster High Jewellery Monster Bag"},"content":{"rendered":"<p>Eine funkelnde Clutch, die Sie immer bei sich tragen k\u00f6nnen, mit einer gro\u00dfen Auswahl an kreativen Materialien im Inneren, um wundersch\u00f6nen Monster High-Schmuck zu kreieren! Kreieren Sie fantastische Armb\u00e4nder und Halsketten mit den Perlen und Anh\u00e4ngern, die in der Kosmetiktasche enthalten sind. Tragen Sie es immer bei sich, um \u00fcberall und jederzeit viele farbenfrohe Juwelen herzustellen!<\/p>\n","protected":false},"excerpt":{"rendered":"<p>Kreieren Sie jede Menge Juwelen mit dem Monster High Makeup Kit!<\/p>\n","protected":false},"featured_media":1440155,"template":"","meta":{"_acf_changed":false},"product_brand":[],"product_cat":[2955,2932],"product_tag":[3137,3154,3267],"class_list":{"0":"post-669655","1":"product","2":"type-product","3":"status-publish","4":"has-post-thumbnail","6":"product_cat-beads-and-jewelry-de","7":"product_cat-kreative-spiele-de","8":"product_tag-5-6-jahre-de","9":"product_tag-mattel-de","10":"product_tag-monster-high-de","12":"first","13":"instock","14":"shipping-taxable","15":"product-type-simple"},"acf":[],"yoast_head":"<!-- This site is optimized with the Yoast SEO plugin v26.5 - https:\/\/yoast.com\/wordpress\/plugins\/seo\/ -->\n<title>Monster High Jewellery Monster Bag - Lisciani Giochi<\/title>\n<meta name=\"robots\" content=\"index, follow, max-snippet:-1, max-image-preview:large, max-video-preview:-1\" \/>\n<link rel=\"canonical\" href=\"https:\/\/www.liscianigiochi.com\/de\/shop\/kreative-spiele-de\/beads-and-jewelry-de\/monster-high-jewellery-monster-bag-de\/\" \/>\n<meta property=\"og:locale\" content=\"de_DE\" \/>\n<meta property=\"og:type\" content=\"article\" \/>\n<meta property=\"og:title\" content=\"Monster High Jewellery Monster Bag - Lisciani Giochi\" \/>\n<meta property=\"og:description\" content=\"Kreieren Sie jede Menge Juwelen mit dem Monster High Makeup Kit!\" \/>\n<meta property=\"og:url\" content=\"https:\/\/www.liscianigiochi.com\/de\/shop\/kreative-spiele-de\/beads-and-jewelry-de\/monster-high-jewellery-monster-bag-de\/\" \/>\n<meta property=\"og:site_name\" content=\"Lisciani Giochi\" \/>\n<meta property=\"article:publisher\" content=\"https:\/\/www.facebook.com\/liscianigroup\" \/>\n<meta property=\"article:modified_time\" content=\"2026-05-08T04:12:41+00:00\" \/>\n<meta property=\"og:image\" content=\"https:\/\/mf.liscianigiochi.it:8443\/media\/104550\/1B9DE4C5-5F9B-4157-9B42-6E05D83E27E9.jpg\" \/>\n<meta name=\"twitter:card\" content=\"summary_large_image\" \/>\n<meta name=\"twitter:image\" content=\"https:\/\/mf.liscianigiochi.it:8443\/media\/104550\/1B9DE4C5-5F9B-4157-9B42-6E05D83E27E9.jpg\" \/>\n<script type=\"application\/ld+json\" class=\"yoast-schema-graph\">{\"@context\":\"https:\/\/schema.org\",\"@graph\":[{\"@type\":\"WebPage\",\"@id\":\"https:\/\/www.liscianigiochi.com\/de\/shop\/kreative-spiele-de\/beads-and-jewelry-de\/monster-high-jewellery-monster-bag-de\/\",\"url\":\"https:\/\/www.liscianigiochi.com\/de\/shop\/kreative-spiele-de\/beads-and-jewelry-de\/monster-high-jewellery-monster-bag-de\/\",\"name\":\"Monster High Jewellery Monster Bag - Lisciani Giochi\",\"isPartOf\":{\"@id\":\"https:\/\/www.liscianigiochi.com\/#website\"},\"primaryImageOfPage\":{\"@id\":\"https:\/\/www.liscianigiochi.com\/de\/shop\/kreative-spiele-de\/beads-and-jewelry-de\/monster-high-jewellery-monster-bag-de\/#primaryimage\"},\"image\":{\"@id\":\"https:\/\/www.liscianigiochi.com\/de\/shop\/kreative-spiele-de\/beads-and-jewelry-de\/monster-high-jewellery-monster-bag-de\/#primaryimage\"},\"thumbnailUrl\":\"https:\/\/mf.liscianigiochi.it:8443\/media\/104550\/1B9DE4C5-5F9B-4157-9B42-6E05D83E27E9.jpg\",\"datePublished\":\"2024-07-03T08:48:05+00:00\",\"dateModified\":\"2026-05-08T04:12:41+00:00\",\"breadcrumb\":{\"@id\":\"https:\/\/www.liscianigiochi.com\/de\/shop\/kreative-spiele-de\/beads-and-jewelry-de\/monster-high-jewellery-monster-bag-de\/#breadcrumb\"},\"inLanguage\":\"de-DE\",\"potentialAction\":[{\"@type\":\"ReadAction\",\"target\":[\"https:\/\/www.liscianigiochi.com\/de\/shop\/kreative-spiele-de\/beads-and-jewelry-de\/monster-high-jewellery-monster-bag-de\/\"]}]},{\"@type\":\"ImageObject\",\"inLanguage\":\"de-DE\",\"@id\":\"https:\/\/www.liscianigiochi.com\/de\/shop\/kreative-spiele-de\/beads-and-jewelry-de\/monster-high-jewellery-monster-bag-de\/#primaryimage\",\"url\":\"https:\/\/mf.liscianigiochi.it:8443\/media\/104550\/1B9DE4C5-5F9B-4157-9B42-6E05D83E27E9.jpg\",\"contentUrl\":\"https:\/\/mf.liscianigiochi.it:8443\/media\/104550\/1B9DE4C5-5F9B-4157-9B42-6E05D83E27E9.jpg\"},{\"@type\":\"BreadcrumbList\",\"@id\":\"https:\/\/www.liscianigiochi.com\/de\/shop\/kreative-spiele-de\/beads-and-jewelry-de\/monster-high-jewellery-monster-bag-de\/#breadcrumb\",\"itemListElement\":[{\"@type\":\"ListItem\",\"position\":1,\"name\":\"Home\",\"item\":\"https:\/\/www.liscianigiochi.com\/de\/\"},{\"@type\":\"ListItem\",\"position\":2,\"name\":\"Shop\",\"item\":\"https:\/\/lg.udnt.it\/de\/shop\/\"},{\"@type\":\"ListItem\",\"position\":3,\"name\":\"Monster High Jewellery Monster Bag\"}]},{\"@type\":\"WebSite\",\"@id\":\"https:\/\/www.liscianigiochi.com\/#website\",\"url\":\"https:\/\/www.liscianigiochi.com\/\",\"name\":\"Lisciani Giochi\",\"description\":\"\",\"publisher\":{\"@id\":\"https:\/\/www.liscianigiochi.com\/#organization\"},\"potentialAction\":[{\"@type\":\"SearchAction\",\"target\":{\"@type\":\"EntryPoint\",\"urlTemplate\":\"https:\/\/www.liscianigiochi.com\/?s={search_term_string}\"},\"query-input\":{\"@type\":\"PropertyValueSpecification\",\"valueRequired\":true,\"valueName\":\"search_term_string\"}}],\"inLanguage\":\"de-DE\"},{\"@type\":\"Organization\",\"@id\":\"https:\/\/www.liscianigiochi.com\/#organization\",\"name\":\"Lisciani Giochi\",\"url\":\"https:\/\/www.liscianigiochi.com\/\",\"logo\":{\"@type\":\"ImageObject\",\"inLanguage\":\"de-DE\",\"@id\":\"https:\/\/www.liscianigiochi.com\/#\/schema\/logo\/image\/\",\"url\":\"https:\/\/www.liscianigiochi.com\/wp-content\/uploads\/2023\/10\/Logo@2x.png\",\"contentUrl\":\"https:\/\/www.liscianigiochi.com\/wp-content\/uploads\/2023\/10\/Logo@2x.png\",\"width\":384,\"height\":384,\"caption\":\"Lisciani Giochi\"},\"image\":{\"@id\":\"https:\/\/www.liscianigiochi.com\/#\/schema\/logo\/image\/\"},\"sameAs\":[\"https:\/\/www.facebook.com\/liscianigroup\",\"https:\/\/www.instagram.com\/liscianigiochi\/\"]}]}<\/script>\n<!-- \/ Yoast SEO plugin. -->","yoast_head_json":{"title":"Monster High Jewellery Monster Bag - Lisciani Giochi","robots":{"index":"index","follow":"follow","max-snippet":"max-snippet:-1","max-image-preview":"max-image-preview:large","max-video-preview":"max-video-preview:-1"},"canonical":"https:\/\/www.liscianigiochi.com\/de\/shop\/kreative-spiele-de\/beads-and-jewelry-de\/monster-high-jewellery-monster-bag-de\/","og_locale":"de_DE","og_type":"article","og_title":"Monster High Jewellery Monster Bag - Lisciani Giochi","og_description":"Kreieren Sie jede Menge Juwelen mit dem Monster High Makeup Kit!","og_url":"https:\/\/www.liscianigiochi.com\/de\/shop\/kreative-spiele-de\/beads-and-jewelry-de\/monster-high-jewellery-monster-bag-de\/","og_site_name":"Lisciani Giochi","article_publisher":"https:\/\/www.facebook.com\/liscianigroup","article_modified_time":"2026-05-08T04:12:41+00:00","og_image":[{"url":"https:\/\/mf.liscianigiochi.it:8443\/media\/104550\/1B9DE4C5-5F9B-4157-9B42-6E05D83E27E9.jpg","type":"","width":"","height":""}],"twitter_card":"summary_large_image","twitter_image":"https:\/\/mf.liscianigiochi.it:8443\/media\/104550\/1B9DE4C5-5F9B-4157-9B42-6E05D83E27E9.jpg","schema":{"@context":"https:\/\/schema.org","@graph":[{"@type":"WebPage","@id":"https:\/\/www.liscianigiochi.com\/de\/shop\/kreative-spiele-de\/beads-and-jewelry-de\/monster-high-jewellery-monster-bag-de\/","url":"https:\/\/www.liscianigiochi.com\/de\/shop\/kreative-spiele-de\/beads-and-jewelry-de\/monster-high-jewellery-monster-bag-de\/","name":"Monster High Jewellery Monster Bag - Lisciani Giochi","isPartOf":{"@id":"https:\/\/www.liscianigiochi.com\/#website"},"primaryImageOfPage":{"@id":"https:\/\/www.liscianigiochi.com\/de\/shop\/kreative-spiele-de\/beads-and-jewelry-de\/monster-high-jewellery-monster-bag-de\/#primaryimage"},"image":{"@id":"https:\/\/www.liscianigiochi.com\/de\/shop\/kreative-spiele-de\/beads-and-jewelry-de\/monster-high-jewellery-monster-bag-de\/#primaryimage"},"thumbnailUrl":"https:\/\/mf.liscianigiochi.it:8443\/media\/104550\/1B9DE4C5-5F9B-4157-9B42-6E05D83E27E9.jpg","datePublished":"2024-07-03T08:48:05+00:00","dateModified":"2026-05-08T04:12:41+00:00","breadcrumb":{"@id":"https:\/\/www.liscianigiochi.com\/de\/shop\/kreative-spiele-de\/beads-and-jewelry-de\/monster-high-jewellery-monster-bag-de\/#breadcrumb"},"inLanguage":"de-DE","potentialAction":[{"@type":"ReadAction","target":["https:\/\/www.liscianigiochi.com\/de\/shop\/kreative-spiele-de\/beads-and-jewelry-de\/monster-high-jewellery-monster-bag-de\/"]}]},{"@type":"ImageObject","inLanguage":"de-DE","@id":"https:\/\/www.liscianigiochi.com\/de\/shop\/kreative-spiele-de\/beads-and-jewelry-de\/monster-high-jewellery-monster-bag-de\/#primaryimage","url":"https:\/\/mf.liscianigiochi.it:8443\/media\/104550\/1B9DE4C5-5F9B-4157-9B42-6E05D83E27E9.jpg","contentUrl":"https:\/\/mf.liscianigiochi.it:8443\/media\/104550\/1B9DE4C5-5F9B-4157-9B42-6E05D83E27E9.jpg"},{"@type":"BreadcrumbList","@id":"https:\/\/www.liscianigiochi.com\/de\/shop\/kreative-spiele-de\/beads-and-jewelry-de\/monster-high-jewellery-monster-bag-de\/#breadcrumb","itemListElement":[{"@type":"ListItem","position":1,"name":"Home","item":"https:\/\/www.liscianigiochi.com\/de\/"},{"@type":"ListItem","position":2,"name":"Shop","item":"https:\/\/lg.udnt.it\/de\/shop\/"},{"@type":"ListItem","position":3,"name":"Monster High Jewellery Monster Bag"}]},{"@type":"WebSite","@id":"https:\/\/www.liscianigiochi.com\/#website","url":"https:\/\/www.liscianigiochi.com\/","name":"Lisciani Giochi","description":"","publisher":{"@id":"https:\/\/www.liscianigiochi.com\/#organization"},"potentialAction":[{"@type":"SearchAction","target":{"@type":"EntryPoint","urlTemplate":"https:\/\/www.liscianigiochi.com\/?s={search_term_string}"},"query-input":{"@type":"PropertyValueSpecification","valueRequired":true,"valueName":"search_term_string"}}],"inLanguage":"de-DE"},{"@type":"Organization","@id":"https:\/\/www.liscianigiochi.com\/#organization","name":"Lisciani Giochi","url":"https:\/\/www.liscianigiochi.com\/","logo":{"@type":"ImageObject","inLanguage":"de-DE","@id":"https:\/\/www.liscianigiochi.com\/#\/schema\/logo\/image\/","url":"https:\/\/www.liscianigiochi.com\/wp-content\/uploads\/2023\/10\/Logo@2x.png","contentUrl":"https:\/\/www.liscianigiochi.com\/wp-content\/uploads\/2023\/10\/Logo@2x.png","width":384,"height":384,"caption":"Lisciani Giochi"},"image":{"@id":"https:\/\/www.liscianigiochi.com\/#\/schema\/logo\/image\/"},"sameAs":["https:\/\/www.facebook.com\/liscianigroup","https:\/\/www.instagram.com\/liscianigiochi\/"]}]}},"fifu_image_url":"https:\/\/mf.liscianigiochi.it:8443\/media\/104550\/1B9DE4C5-5F9B-4157-9B42-6E05D83E27E9.jpg","_links":{"self":[{"href":"https:\/\/www.liscianigiochi.com\/de\/wp-json\/wp\/v2\/product\/669655","targetHints":{"allow":["GET"]}}],"collection":[{"href":"https:\/\/www.liscianigiochi.com\/de\/wp-json\/wp\/v2\/product"}],"about":[{"href":"https:\/\/www.liscianigiochi.com\/de\/wp-json\/wp\/v2\/types\/product"}],"wp:featuredmedia":[{"embeddable":true,"href":"https:\/\/www.liscianigiochi.com\/de\/wp-json\/wp\/v2\/media\/1440155"}],"wp:attachment":[{"href":"https:\/\/www.liscianigiochi.com\/de\/wp-json\/wp\/v2\/media?parent=669655"}],"wp:term":[{"taxonomy":"product_brand","embeddable":true,"href":"https:\/\/www.liscianigiochi.com\/de\/wp-json\/wp\/v2\/product_brand?post=669655"},{"taxonomy":"product_cat","embeddable":true,"href":"https:\/\/www.liscianigiochi.com\/de\/wp-json\/wp\/v2\/product_cat?post=669655"},{"taxonomy":"product_tag","embeddable":true,"href":"https:\/\/www.liscianigiochi.com\/de\/wp-json\/wp\/v2\/product_tag?post=669655"}],"curies":[{"name":"wp","href":"https:\/\/api.w.org\/{rel}","templated":true}]}}