{"id":670404,"date":"2024-07-03T10:54:19","date_gmt":"2024-07-03T08:54:19","guid":{"rendered":"https:\/\/www.liscianigiochi.com\/shop\/uncategorized\/carotina-baby-puzzle-forest-de\/"},"modified":"2026-04-10T06:13:21","modified_gmt":"2026-04-10T04:13:21","slug":"carotina-baby-puzzle-forest-de","status":"publish","type":"product","link":"https:\/\/www.liscianigiochi.com\/de\/shop\/lernspiele-baby-vorschule-de\/baby-basic-educational-games-de\/carotina-baby-puzzle-forest-de\/","title":{"rendered":"Carotina Baby Puzzle Forest"},"content":{"rendered":"<p>Dieses Spiel, das f\u00fcr kleine Kinder gedacht ist, enth\u00e4lt 6 Puzzles mit Waldtieren, die aus dicker Pappe bestehen. Das Kind wird Spa\u00df daran haben, die Puzzles zusammenzusetzen, logisches Denken zu entwickeln und zu lernen, die Tiere zu erkennen.<\/p>\n","protected":false},"excerpt":{"rendered":"<p>Setze die 6 Puzzles der Waldtiere zusammen!<\/p>\n","protected":false},"featured_media":1832766,"template":"","meta":{"_acf_changed":false},"product_brand":[],"product_cat":[2975,2935],"product_tag":[3145,3135,3131,3148],"class_list":{"0":"post-670404","1":"product","2":"type-product","3":"status-publish","4":"has-post-thumbnail","6":"product_cat-baby-basic-educational-games-de","7":"product_cat-lernspiele-baby-vorschule-de","8":"product_tag-1-2-jahre-de","9":"product_tag-3-4-jahre-de","10":"product_tag-carotina-super-bip-de","11":"product_tag-prodotto-lisciani-de","13":"first","14":"instock","15":"shipping-taxable","16":"product-type-simple"},"acf":[],"yoast_head":"<!-- This site is optimized with the Yoast SEO plugin v26.5 - https:\/\/yoast.com\/wordpress\/plugins\/seo\/ -->\n<title>Carotina Baby Puzzle Forest - Lisciani Giochi<\/title>\n<meta name=\"robots\" content=\"index, follow, max-snippet:-1, max-image-preview:large, max-video-preview:-1\" \/>\n<link rel=\"canonical\" href=\"https:\/\/www.liscianigiochi.com\/de\/shop\/lernspiele-baby-vorschule-de\/baby-basic-educational-games-de\/carotina-baby-puzzle-forest-de\/\" \/>\n<meta property=\"og:locale\" content=\"de_DE\" \/>\n<meta property=\"og:type\" content=\"article\" \/>\n<meta property=\"og:title\" content=\"Carotina Baby Puzzle Forest - Lisciani Giochi\" \/>\n<meta property=\"og:description\" content=\"Setze die 6 Puzzles der Waldtiere zusammen!\" \/>\n<meta property=\"og:url\" content=\"https:\/\/www.liscianigiochi.com\/de\/shop\/lernspiele-baby-vorschule-de\/baby-basic-educational-games-de\/carotina-baby-puzzle-forest-de\/\" \/>\n<meta property=\"og:site_name\" content=\"Lisciani Giochi\" \/>\n<meta property=\"article:publisher\" content=\"https:\/\/www.facebook.com\/liscianigroup\" \/>\n<meta property=\"article:modified_time\" content=\"2026-04-10T04:13:21+00:00\" \/>\n<meta property=\"og:image\" content=\"https:\/\/mf.liscianigiochi.it:8443\/media\/80076\/08125A30-1E9A-44BD-BADC-626B0A5BD973.jpg\" \/>\n<meta name=\"twitter:card\" content=\"summary_large_image\" \/>\n<meta name=\"twitter:image\" content=\"https:\/\/mf.liscianigiochi.it:8443\/media\/80076\/08125A30-1E9A-44BD-BADC-626B0A5BD973.jpg\" \/>\n<script type=\"application\/ld+json\" class=\"yoast-schema-graph\">{\"@context\":\"https:\/\/schema.org\",\"@graph\":[{\"@type\":\"WebPage\",\"@id\":\"https:\/\/www.liscianigiochi.com\/de\/shop\/lernspiele-baby-vorschule-de\/baby-basic-educational-games-de\/carotina-baby-puzzle-forest-de\/\",\"url\":\"https:\/\/www.liscianigiochi.com\/de\/shop\/lernspiele-baby-vorschule-de\/baby-basic-educational-games-de\/carotina-baby-puzzle-forest-de\/\",\"name\":\"Carotina Baby Puzzle Forest - Lisciani Giochi\",\"isPartOf\":{\"@id\":\"https:\/\/www.liscianigiochi.com\/#website\"},\"primaryImageOfPage\":{\"@id\":\"https:\/\/www.liscianigiochi.com\/de\/shop\/lernspiele-baby-vorschule-de\/baby-basic-educational-games-de\/carotina-baby-puzzle-forest-de\/#primaryimage\"},\"image\":{\"@id\":\"https:\/\/www.liscianigiochi.com\/de\/shop\/lernspiele-baby-vorschule-de\/baby-basic-educational-games-de\/carotina-baby-puzzle-forest-de\/#primaryimage\"},\"thumbnailUrl\":\"https:\/\/mf.liscianigiochi.it:8443\/media\/80076\/08125A30-1E9A-44BD-BADC-626B0A5BD973.jpg\",\"datePublished\":\"2024-07-03T08:54:19+00:00\",\"dateModified\":\"2026-04-10T04:13:21+00:00\",\"breadcrumb\":{\"@id\":\"https:\/\/www.liscianigiochi.com\/de\/shop\/lernspiele-baby-vorschule-de\/baby-basic-educational-games-de\/carotina-baby-puzzle-forest-de\/#breadcrumb\"},\"inLanguage\":\"de-DE\",\"potentialAction\":[{\"@type\":\"ReadAction\",\"target\":[\"https:\/\/www.liscianigiochi.com\/de\/shop\/lernspiele-baby-vorschule-de\/baby-basic-educational-games-de\/carotina-baby-puzzle-forest-de\/\"]}]},{\"@type\":\"ImageObject\",\"inLanguage\":\"de-DE\",\"@id\":\"https:\/\/www.liscianigiochi.com\/de\/shop\/lernspiele-baby-vorschule-de\/baby-basic-educational-games-de\/carotina-baby-puzzle-forest-de\/#primaryimage\",\"url\":\"https:\/\/mf.liscianigiochi.it:8443\/media\/80076\/08125A30-1E9A-44BD-BADC-626B0A5BD973.jpg\",\"contentUrl\":\"https:\/\/mf.liscianigiochi.it:8443\/media\/80076\/08125A30-1E9A-44BD-BADC-626B0A5BD973.jpg\"},{\"@type\":\"BreadcrumbList\",\"@id\":\"https:\/\/www.liscianigiochi.com\/de\/shop\/lernspiele-baby-vorschule-de\/baby-basic-educational-games-de\/carotina-baby-puzzle-forest-de\/#breadcrumb\",\"itemListElement\":[{\"@type\":\"ListItem\",\"position\":1,\"name\":\"Home\",\"item\":\"https:\/\/www.liscianigiochi.com\/de\/\"},{\"@type\":\"ListItem\",\"position\":2,\"name\":\"Shop\",\"item\":\"https:\/\/lg.udnt.it\/de\/shop\/\"},{\"@type\":\"ListItem\",\"position\":3,\"name\":\"Carotina Baby Puzzle Forest\"}]},{\"@type\":\"WebSite\",\"@id\":\"https:\/\/www.liscianigiochi.com\/#website\",\"url\":\"https:\/\/www.liscianigiochi.com\/\",\"name\":\"Lisciani Giochi\",\"description\":\"\",\"publisher\":{\"@id\":\"https:\/\/www.liscianigiochi.com\/#organization\"},\"potentialAction\":[{\"@type\":\"SearchAction\",\"target\":{\"@type\":\"EntryPoint\",\"urlTemplate\":\"https:\/\/www.liscianigiochi.com\/?s={search_term_string}\"},\"query-input\":{\"@type\":\"PropertyValueSpecification\",\"valueRequired\":true,\"valueName\":\"search_term_string\"}}],\"inLanguage\":\"de-DE\"},{\"@type\":\"Organization\",\"@id\":\"https:\/\/www.liscianigiochi.com\/#organization\",\"name\":\"Lisciani Giochi\",\"url\":\"https:\/\/www.liscianigiochi.com\/\",\"logo\":{\"@type\":\"ImageObject\",\"inLanguage\":\"de-DE\",\"@id\":\"https:\/\/www.liscianigiochi.com\/#\/schema\/logo\/image\/\",\"url\":\"https:\/\/www.liscianigiochi.com\/wp-content\/uploads\/2023\/10\/Logo@2x.png\",\"contentUrl\":\"https:\/\/www.liscianigiochi.com\/wp-content\/uploads\/2023\/10\/Logo@2x.png\",\"width\":384,\"height\":384,\"caption\":\"Lisciani Giochi\"},\"image\":{\"@id\":\"https:\/\/www.liscianigiochi.com\/#\/schema\/logo\/image\/\"},\"sameAs\":[\"https:\/\/www.facebook.com\/liscianigroup\",\"https:\/\/www.instagram.com\/liscianigiochi\/\"]}]}<\/script>\n<!-- \/ Yoast SEO plugin. -->","yoast_head_json":{"title":"Carotina Baby Puzzle Forest - Lisciani Giochi","robots":{"index":"index","follow":"follow","max-snippet":"max-snippet:-1","max-image-preview":"max-image-preview:large","max-video-preview":"max-video-preview:-1"},"canonical":"https:\/\/www.liscianigiochi.com\/de\/shop\/lernspiele-baby-vorschule-de\/baby-basic-educational-games-de\/carotina-baby-puzzle-forest-de\/","og_locale":"de_DE","og_type":"article","og_title":"Carotina Baby Puzzle Forest - Lisciani Giochi","og_description":"Setze die 6 Puzzles der Waldtiere zusammen!","og_url":"https:\/\/www.liscianigiochi.com\/de\/shop\/lernspiele-baby-vorschule-de\/baby-basic-educational-games-de\/carotina-baby-puzzle-forest-de\/","og_site_name":"Lisciani Giochi","article_publisher":"https:\/\/www.facebook.com\/liscianigroup","article_modified_time":"2026-04-10T04:13:21+00:00","og_image":[{"url":"https:\/\/mf.liscianigiochi.it:8443\/media\/80076\/08125A30-1E9A-44BD-BADC-626B0A5BD973.jpg","type":"","width":"","height":""}],"twitter_card":"summary_large_image","twitter_image":"https:\/\/mf.liscianigiochi.it:8443\/media\/80076\/08125A30-1E9A-44BD-BADC-626B0A5BD973.jpg","schema":{"@context":"https:\/\/schema.org","@graph":[{"@type":"WebPage","@id":"https:\/\/www.liscianigiochi.com\/de\/shop\/lernspiele-baby-vorschule-de\/baby-basic-educational-games-de\/carotina-baby-puzzle-forest-de\/","url":"https:\/\/www.liscianigiochi.com\/de\/shop\/lernspiele-baby-vorschule-de\/baby-basic-educational-games-de\/carotina-baby-puzzle-forest-de\/","name":"Carotina Baby Puzzle Forest - Lisciani Giochi","isPartOf":{"@id":"https:\/\/www.liscianigiochi.com\/#website"},"primaryImageOfPage":{"@id":"https:\/\/www.liscianigiochi.com\/de\/shop\/lernspiele-baby-vorschule-de\/baby-basic-educational-games-de\/carotina-baby-puzzle-forest-de\/#primaryimage"},"image":{"@id":"https:\/\/www.liscianigiochi.com\/de\/shop\/lernspiele-baby-vorschule-de\/baby-basic-educational-games-de\/carotina-baby-puzzle-forest-de\/#primaryimage"},"thumbnailUrl":"https:\/\/mf.liscianigiochi.it:8443\/media\/80076\/08125A30-1E9A-44BD-BADC-626B0A5BD973.jpg","datePublished":"2024-07-03T08:54:19+00:00","dateModified":"2026-04-10T04:13:21+00:00","breadcrumb":{"@id":"https:\/\/www.liscianigiochi.com\/de\/shop\/lernspiele-baby-vorschule-de\/baby-basic-educational-games-de\/carotina-baby-puzzle-forest-de\/#breadcrumb"},"inLanguage":"de-DE","potentialAction":[{"@type":"ReadAction","target":["https:\/\/www.liscianigiochi.com\/de\/shop\/lernspiele-baby-vorschule-de\/baby-basic-educational-games-de\/carotina-baby-puzzle-forest-de\/"]}]},{"@type":"ImageObject","inLanguage":"de-DE","@id":"https:\/\/www.liscianigiochi.com\/de\/shop\/lernspiele-baby-vorschule-de\/baby-basic-educational-games-de\/carotina-baby-puzzle-forest-de\/#primaryimage","url":"https:\/\/mf.liscianigiochi.it:8443\/media\/80076\/08125A30-1E9A-44BD-BADC-626B0A5BD973.jpg","contentUrl":"https:\/\/mf.liscianigiochi.it:8443\/media\/80076\/08125A30-1E9A-44BD-BADC-626B0A5BD973.jpg"},{"@type":"BreadcrumbList","@id":"https:\/\/www.liscianigiochi.com\/de\/shop\/lernspiele-baby-vorschule-de\/baby-basic-educational-games-de\/carotina-baby-puzzle-forest-de\/#breadcrumb","itemListElement":[{"@type":"ListItem","position":1,"name":"Home","item":"https:\/\/www.liscianigiochi.com\/de\/"},{"@type":"ListItem","position":2,"name":"Shop","item":"https:\/\/lg.udnt.it\/de\/shop\/"},{"@type":"ListItem","position":3,"name":"Carotina Baby Puzzle Forest"}]},{"@type":"WebSite","@id":"https:\/\/www.liscianigiochi.com\/#website","url":"https:\/\/www.liscianigiochi.com\/","name":"Lisciani Giochi","description":"","publisher":{"@id":"https:\/\/www.liscianigiochi.com\/#organization"},"potentialAction":[{"@type":"SearchAction","target":{"@type":"EntryPoint","urlTemplate":"https:\/\/www.liscianigiochi.com\/?s={search_term_string}"},"query-input":{"@type":"PropertyValueSpecification","valueRequired":true,"valueName":"search_term_string"}}],"inLanguage":"de-DE"},{"@type":"Organization","@id":"https:\/\/www.liscianigiochi.com\/#organization","name":"Lisciani Giochi","url":"https:\/\/www.liscianigiochi.com\/","logo":{"@type":"ImageObject","inLanguage":"de-DE","@id":"https:\/\/www.liscianigiochi.com\/#\/schema\/logo\/image\/","url":"https:\/\/www.liscianigiochi.com\/wp-content\/uploads\/2023\/10\/Logo@2x.png","contentUrl":"https:\/\/www.liscianigiochi.com\/wp-content\/uploads\/2023\/10\/Logo@2x.png","width":384,"height":384,"caption":"Lisciani Giochi"},"image":{"@id":"https:\/\/www.liscianigiochi.com\/#\/schema\/logo\/image\/"},"sameAs":["https:\/\/www.facebook.com\/liscianigroup","https:\/\/www.instagram.com\/liscianigiochi\/"]}]}},"fifu_image_url":"https:\/\/mf.liscianigiochi.it:8443\/media\/80076\/08125A30-1E9A-44BD-BADC-626B0A5BD973.jpg","_links":{"self":[{"href":"https:\/\/www.liscianigiochi.com\/de\/wp-json\/wp\/v2\/product\/670404","targetHints":{"allow":["GET"]}}],"collection":[{"href":"https:\/\/www.liscianigiochi.com\/de\/wp-json\/wp\/v2\/product"}],"about":[{"href":"https:\/\/www.liscianigiochi.com\/de\/wp-json\/wp\/v2\/types\/product"}],"wp:featuredmedia":[{"embeddable":true,"href":"https:\/\/www.liscianigiochi.com\/de\/wp-json\/wp\/v2\/media\/1832766"}],"wp:attachment":[{"href":"https:\/\/www.liscianigiochi.com\/de\/wp-json\/wp\/v2\/media?parent=670404"}],"wp:term":[{"taxonomy":"product_brand","embeddable":true,"href":"https:\/\/www.liscianigiochi.com\/de\/wp-json\/wp\/v2\/product_brand?post=670404"},{"taxonomy":"product_cat","embeddable":true,"href":"https:\/\/www.liscianigiochi.com\/de\/wp-json\/wp\/v2\/product_cat?post=670404"},{"taxonomy":"product_tag","embeddable":true,"href":"https:\/\/www.liscianigiochi.com\/de\/wp-json\/wp\/v2\/product_tag?post=670404"}],"curies":[{"name":"wp","href":"https:\/\/api.w.org\/{rel}","templated":true}]}}