{"id":674526,"date":"2024-07-03T11:33:27","date_gmt":"2024-07-03T09:33:27","guid":{"rendered":"https:\/\/www.liscianigiochi.com\/shop\/uncategorized\/monster-high-sketchbook-monster-cute-in-display-6-de\/"},"modified":"2026-05-15T06:17:24","modified_gmt":"2026-05-15T04:17:24","slug":"monster-high-sketchbook-monster-cute-de","status":"publish","type":"product","link":"https:\/\/www.liscianigiochi.com\/de\/shop\/bucher-vorschule-im-lizenz-bereich-de\/monster-high-sketchbooks-de\/monster-high-sketchbook-monster-cute-de\/","title":{"rendered":"Monster High Sketchbook Monster Cute"},"content":{"rendered":"<p>Entdecken Sie im geheimnisvollen Skizzenbuchordner viele lustige Aktivit\u00e4ten. Auf den Seiten gibt es Charaktere aus der Serie, die in glitzernde Sticker-Kleidung gekleidet werden k\u00f6nnen, und viele fantastische Bilder, die mit den mitgelieferten Stiften ausgemalt werden k\u00f6nnen. Dar\u00fcber hinaus gibt es spezielle Klebeseiten zum Verzieren mit metallischen und holografischen Effektfolien, Glitzerstaub und Klebesteinen.<\/p>\n","protected":false},"excerpt":{"rendered":"<p>Entdecken Sie mysteri\u00f6se kreative Aktivit\u00e4ten im Monster High-Skizzenbuch!<\/p>\n","protected":false},"featured_media":1839623,"template":"","meta":{"_acf_changed":false},"product_brand":[],"product_cat":[3416,3448],"product_tag":[3137,3154,3267],"class_list":{"0":"post-674526","1":"product","2":"type-product","3":"status-publish","4":"has-post-thumbnail","6":"product_cat-bucher-vorschule-im-lizenz-bereich-de","7":"product_cat-monster-high-sketchbooks-de","8":"product_tag-5-6-jahre-de","9":"product_tag-mattel-de","10":"product_tag-monster-high-de","12":"first","13":"instock","14":"shipping-taxable","15":"product-type-simple"},"acf":[],"yoast_head":"<!-- This site is optimized with the Yoast SEO plugin v26.5 - https:\/\/yoast.com\/wordpress\/plugins\/seo\/ -->\n<title>Monster High Sketchbook Monster Cute - Lisciani Giochi<\/title>\n<meta name=\"robots\" content=\"index, follow, max-snippet:-1, max-image-preview:large, max-video-preview:-1\" \/>\n<link rel=\"canonical\" href=\"https:\/\/www.liscianigiochi.com\/de\/shop\/bucher-vorschule-im-lizenz-bereich-de\/monster-high-sketchbooks-de\/monster-high-sketchbook-monster-cute-de\/\" \/>\n<meta property=\"og:locale\" content=\"de_DE\" \/>\n<meta property=\"og:type\" content=\"article\" \/>\n<meta property=\"og:title\" content=\"Monster High Sketchbook Monster Cute - Lisciani Giochi\" \/>\n<meta property=\"og:description\" content=\"Entdecken Sie mysteri\u00f6se kreative Aktivit\u00e4ten im Monster High-Skizzenbuch!\" \/>\n<meta property=\"og:url\" content=\"https:\/\/www.liscianigiochi.com\/de\/shop\/bucher-vorschule-im-lizenz-bereich-de\/monster-high-sketchbooks-de\/monster-high-sketchbook-monster-cute-de\/\" \/>\n<meta property=\"og:site_name\" content=\"Lisciani Giochi\" \/>\n<meta property=\"article:publisher\" content=\"https:\/\/www.facebook.com\/liscianigroup\" \/>\n<meta property=\"article:modified_time\" content=\"2026-05-15T04:17:24+00:00\" \/>\n<meta property=\"og:image\" content=\"https:\/\/mf.liscianigiochi.it:8443\/media\/12846\/8A7471B8-03E5-4AB7-B8DD-074CE05A1D28.jpg\" \/>\n<meta name=\"twitter:card\" content=\"summary_large_image\" \/>\n<meta name=\"twitter:image\" content=\"https:\/\/mf.liscianigiochi.it:8443\/media\/12846\/8A7471B8-03E5-4AB7-B8DD-074CE05A1D28.jpg\" \/>\n<script type=\"application\/ld+json\" class=\"yoast-schema-graph\">{\"@context\":\"https:\/\/schema.org\",\"@graph\":[{\"@type\":\"WebPage\",\"@id\":\"https:\/\/www.liscianigiochi.com\/de\/shop\/bucher-vorschule-im-lizenz-bereich-de\/monster-high-sketchbooks-de\/monster-high-sketchbook-monster-cute-de\/\",\"url\":\"https:\/\/www.liscianigiochi.com\/de\/shop\/bucher-vorschule-im-lizenz-bereich-de\/monster-high-sketchbooks-de\/monster-high-sketchbook-monster-cute-de\/\",\"name\":\"Monster High Sketchbook Monster Cute - Lisciani Giochi\",\"isPartOf\":{\"@id\":\"https:\/\/www.liscianigiochi.com\/#website\"},\"primaryImageOfPage\":{\"@id\":\"https:\/\/www.liscianigiochi.com\/de\/shop\/bucher-vorschule-im-lizenz-bereich-de\/monster-high-sketchbooks-de\/monster-high-sketchbook-monster-cute-de\/#primaryimage\"},\"image\":{\"@id\":\"https:\/\/www.liscianigiochi.com\/de\/shop\/bucher-vorschule-im-lizenz-bereich-de\/monster-high-sketchbooks-de\/monster-high-sketchbook-monster-cute-de\/#primaryimage\"},\"thumbnailUrl\":\"https:\/\/mf.liscianigiochi.it:8443\/media\/12846\/8A7471B8-03E5-4AB7-B8DD-074CE05A1D28.jpg\",\"datePublished\":\"2024-07-03T09:33:27+00:00\",\"dateModified\":\"2026-05-15T04:17:24+00:00\",\"breadcrumb\":{\"@id\":\"https:\/\/www.liscianigiochi.com\/de\/shop\/bucher-vorschule-im-lizenz-bereich-de\/monster-high-sketchbooks-de\/monster-high-sketchbook-monster-cute-de\/#breadcrumb\"},\"inLanguage\":\"de-DE\",\"potentialAction\":[{\"@type\":\"ReadAction\",\"target\":[\"https:\/\/www.liscianigiochi.com\/de\/shop\/bucher-vorschule-im-lizenz-bereich-de\/monster-high-sketchbooks-de\/monster-high-sketchbook-monster-cute-de\/\"]}]},{\"@type\":\"ImageObject\",\"inLanguage\":\"de-DE\",\"@id\":\"https:\/\/www.liscianigiochi.com\/de\/shop\/bucher-vorschule-im-lizenz-bereich-de\/monster-high-sketchbooks-de\/monster-high-sketchbook-monster-cute-de\/#primaryimage\",\"url\":\"https:\/\/mf.liscianigiochi.it:8443\/media\/12846\/8A7471B8-03E5-4AB7-B8DD-074CE05A1D28.jpg\",\"contentUrl\":\"https:\/\/mf.liscianigiochi.it:8443\/media\/12846\/8A7471B8-03E5-4AB7-B8DD-074CE05A1D28.jpg\"},{\"@type\":\"BreadcrumbList\",\"@id\":\"https:\/\/www.liscianigiochi.com\/de\/shop\/bucher-vorschule-im-lizenz-bereich-de\/monster-high-sketchbooks-de\/monster-high-sketchbook-monster-cute-de\/#breadcrumb\",\"itemListElement\":[{\"@type\":\"ListItem\",\"position\":1,\"name\":\"Home\",\"item\":\"https:\/\/www.liscianigiochi.com\/de\/\"},{\"@type\":\"ListItem\",\"position\":2,\"name\":\"Shop\",\"item\":\"https:\/\/lg.udnt.it\/de\/shop\/\"},{\"@type\":\"ListItem\",\"position\":3,\"name\":\"Monster High Sketchbook Monster Cute\"}]},{\"@type\":\"WebSite\",\"@id\":\"https:\/\/www.liscianigiochi.com\/#website\",\"url\":\"https:\/\/www.liscianigiochi.com\/\",\"name\":\"Lisciani Giochi\",\"description\":\"\",\"publisher\":{\"@id\":\"https:\/\/www.liscianigiochi.com\/#organization\"},\"potentialAction\":[{\"@type\":\"SearchAction\",\"target\":{\"@type\":\"EntryPoint\",\"urlTemplate\":\"https:\/\/www.liscianigiochi.com\/?s={search_term_string}\"},\"query-input\":{\"@type\":\"PropertyValueSpecification\",\"valueRequired\":true,\"valueName\":\"search_term_string\"}}],\"inLanguage\":\"de-DE\"},{\"@type\":\"Organization\",\"@id\":\"https:\/\/www.liscianigiochi.com\/#organization\",\"name\":\"Lisciani Giochi\",\"url\":\"https:\/\/www.liscianigiochi.com\/\",\"logo\":{\"@type\":\"ImageObject\",\"inLanguage\":\"de-DE\",\"@id\":\"https:\/\/www.liscianigiochi.com\/#\/schema\/logo\/image\/\",\"url\":\"https:\/\/www.liscianigiochi.com\/wp-content\/uploads\/2023\/10\/Logo@2x.png\",\"contentUrl\":\"https:\/\/www.liscianigiochi.com\/wp-content\/uploads\/2023\/10\/Logo@2x.png\",\"width\":384,\"height\":384,\"caption\":\"Lisciani Giochi\"},\"image\":{\"@id\":\"https:\/\/www.liscianigiochi.com\/#\/schema\/logo\/image\/\"},\"sameAs\":[\"https:\/\/www.facebook.com\/liscianigroup\",\"https:\/\/www.instagram.com\/liscianigiochi\/\"]}]}<\/script>\n<!-- \/ Yoast SEO plugin. -->","yoast_head_json":{"title":"Monster High Sketchbook Monster Cute - Lisciani Giochi","robots":{"index":"index","follow":"follow","max-snippet":"max-snippet:-1","max-image-preview":"max-image-preview:large","max-video-preview":"max-video-preview:-1"},"canonical":"https:\/\/www.liscianigiochi.com\/de\/shop\/bucher-vorschule-im-lizenz-bereich-de\/monster-high-sketchbooks-de\/monster-high-sketchbook-monster-cute-de\/","og_locale":"de_DE","og_type":"article","og_title":"Monster High Sketchbook Monster Cute - Lisciani Giochi","og_description":"Entdecken Sie mysteri\u00f6se kreative Aktivit\u00e4ten im Monster High-Skizzenbuch!","og_url":"https:\/\/www.liscianigiochi.com\/de\/shop\/bucher-vorschule-im-lizenz-bereich-de\/monster-high-sketchbooks-de\/monster-high-sketchbook-monster-cute-de\/","og_site_name":"Lisciani Giochi","article_publisher":"https:\/\/www.facebook.com\/liscianigroup","article_modified_time":"2026-05-15T04:17:24+00:00","og_image":[{"url":"https:\/\/mf.liscianigiochi.it:8443\/media\/12846\/8A7471B8-03E5-4AB7-B8DD-074CE05A1D28.jpg","type":"","width":"","height":""}],"twitter_card":"summary_large_image","twitter_image":"https:\/\/mf.liscianigiochi.it:8443\/media\/12846\/8A7471B8-03E5-4AB7-B8DD-074CE05A1D28.jpg","schema":{"@context":"https:\/\/schema.org","@graph":[{"@type":"WebPage","@id":"https:\/\/www.liscianigiochi.com\/de\/shop\/bucher-vorschule-im-lizenz-bereich-de\/monster-high-sketchbooks-de\/monster-high-sketchbook-monster-cute-de\/","url":"https:\/\/www.liscianigiochi.com\/de\/shop\/bucher-vorschule-im-lizenz-bereich-de\/monster-high-sketchbooks-de\/monster-high-sketchbook-monster-cute-de\/","name":"Monster High Sketchbook Monster Cute - Lisciani Giochi","isPartOf":{"@id":"https:\/\/www.liscianigiochi.com\/#website"},"primaryImageOfPage":{"@id":"https:\/\/www.liscianigiochi.com\/de\/shop\/bucher-vorschule-im-lizenz-bereich-de\/monster-high-sketchbooks-de\/monster-high-sketchbook-monster-cute-de\/#primaryimage"},"image":{"@id":"https:\/\/www.liscianigiochi.com\/de\/shop\/bucher-vorschule-im-lizenz-bereich-de\/monster-high-sketchbooks-de\/monster-high-sketchbook-monster-cute-de\/#primaryimage"},"thumbnailUrl":"https:\/\/mf.liscianigiochi.it:8443\/media\/12846\/8A7471B8-03E5-4AB7-B8DD-074CE05A1D28.jpg","datePublished":"2024-07-03T09:33:27+00:00","dateModified":"2026-05-15T04:17:24+00:00","breadcrumb":{"@id":"https:\/\/www.liscianigiochi.com\/de\/shop\/bucher-vorschule-im-lizenz-bereich-de\/monster-high-sketchbooks-de\/monster-high-sketchbook-monster-cute-de\/#breadcrumb"},"inLanguage":"de-DE","potentialAction":[{"@type":"ReadAction","target":["https:\/\/www.liscianigiochi.com\/de\/shop\/bucher-vorschule-im-lizenz-bereich-de\/monster-high-sketchbooks-de\/monster-high-sketchbook-monster-cute-de\/"]}]},{"@type":"ImageObject","inLanguage":"de-DE","@id":"https:\/\/www.liscianigiochi.com\/de\/shop\/bucher-vorschule-im-lizenz-bereich-de\/monster-high-sketchbooks-de\/monster-high-sketchbook-monster-cute-de\/#primaryimage","url":"https:\/\/mf.liscianigiochi.it:8443\/media\/12846\/8A7471B8-03E5-4AB7-B8DD-074CE05A1D28.jpg","contentUrl":"https:\/\/mf.liscianigiochi.it:8443\/media\/12846\/8A7471B8-03E5-4AB7-B8DD-074CE05A1D28.jpg"},{"@type":"BreadcrumbList","@id":"https:\/\/www.liscianigiochi.com\/de\/shop\/bucher-vorschule-im-lizenz-bereich-de\/monster-high-sketchbooks-de\/monster-high-sketchbook-monster-cute-de\/#breadcrumb","itemListElement":[{"@type":"ListItem","position":1,"name":"Home","item":"https:\/\/www.liscianigiochi.com\/de\/"},{"@type":"ListItem","position":2,"name":"Shop","item":"https:\/\/lg.udnt.it\/de\/shop\/"},{"@type":"ListItem","position":3,"name":"Monster High Sketchbook Monster Cute"}]},{"@type":"WebSite","@id":"https:\/\/www.liscianigiochi.com\/#website","url":"https:\/\/www.liscianigiochi.com\/","name":"Lisciani Giochi","description":"","publisher":{"@id":"https:\/\/www.liscianigiochi.com\/#organization"},"potentialAction":[{"@type":"SearchAction","target":{"@type":"EntryPoint","urlTemplate":"https:\/\/www.liscianigiochi.com\/?s={search_term_string}"},"query-input":{"@type":"PropertyValueSpecification","valueRequired":true,"valueName":"search_term_string"}}],"inLanguage":"de-DE"},{"@type":"Organization","@id":"https:\/\/www.liscianigiochi.com\/#organization","name":"Lisciani Giochi","url":"https:\/\/www.liscianigiochi.com\/","logo":{"@type":"ImageObject","inLanguage":"de-DE","@id":"https:\/\/www.liscianigiochi.com\/#\/schema\/logo\/image\/","url":"https:\/\/www.liscianigiochi.com\/wp-content\/uploads\/2023\/10\/Logo@2x.png","contentUrl":"https:\/\/www.liscianigiochi.com\/wp-content\/uploads\/2023\/10\/Logo@2x.png","width":384,"height":384,"caption":"Lisciani Giochi"},"image":{"@id":"https:\/\/www.liscianigiochi.com\/#\/schema\/logo\/image\/"},"sameAs":["https:\/\/www.facebook.com\/liscianigroup","https:\/\/www.instagram.com\/liscianigiochi\/"]}]}},"fifu_image_url":"https:\/\/mf.liscianigiochi.it:8443\/media\/12846\/8A7471B8-03E5-4AB7-B8DD-074CE05A1D28.jpg","_links":{"self":[{"href":"https:\/\/www.liscianigiochi.com\/de\/wp-json\/wp\/v2\/product\/674526","targetHints":{"allow":["GET"]}}],"collection":[{"href":"https:\/\/www.liscianigiochi.com\/de\/wp-json\/wp\/v2\/product"}],"about":[{"href":"https:\/\/www.liscianigiochi.com\/de\/wp-json\/wp\/v2\/types\/product"}],"wp:featuredmedia":[{"embeddable":true,"href":"https:\/\/www.liscianigiochi.com\/de\/wp-json\/wp\/v2\/media\/1839623"}],"wp:attachment":[{"href":"https:\/\/www.liscianigiochi.com\/de\/wp-json\/wp\/v2\/media?parent=674526"}],"wp:term":[{"taxonomy":"product_brand","embeddable":true,"href":"https:\/\/www.liscianigiochi.com\/de\/wp-json\/wp\/v2\/product_brand?post=674526"},{"taxonomy":"product_cat","embeddable":true,"href":"https:\/\/www.liscianigiochi.com\/de\/wp-json\/wp\/v2\/product_cat?post=674526"},{"taxonomy":"product_tag","embeddable":true,"href":"https:\/\/www.liscianigiochi.com\/de\/wp-json\/wp\/v2\/product_tag?post=674526"}],"curies":[{"name":"wp","href":"https:\/\/api.w.org\/{rel}","templated":true}]}}