{"id":711708,"date":"2024-07-31T09:35:08","date_gmt":"2024-07-31T07:35:08","guid":{"rendered":"https:\/\/www.liscianigiochi.com\/shop\/uncategorized\/woozle-goozle-das-kerzenlabor-de\/"},"modified":"2026-04-17T06:21:48","modified_gmt":"2026-04-17T04:21:48","slug":"woozle-goozle-das-kerzenlabor-de","status":"publish","type":"product","link":"https:\/\/www.liscianigiochi.com\/de\/shop\/wissenschaftliche-spiele-de\/wissenschaftliche-labore-de\/woozle-goozle-das-kerzenlabor-de\/","title":{"rendered":"Woozle Goozle Das Kerzenlabor"},"content":{"rendered":"<p>Hast du gewusst, dass man eine Kerze mit einer Eierschale herstellen kann? Und sogar mit einer Nussschale? Mit diesem au\u00dfergew\u00f6hnlichen Experimentierkasten kannst du ganz einfach und sicher Kerzen selbst herstellen. Im Set findest du eine Gussform und alles, was du sonst noch brauchst, um damit deine leuchtenden Kunstwerke zu gestalten. In der Anleitung erf\u00e4hrst du Schritt f\u00fcr Schritt und mit Bildern, wie das geht. Au\u00dferdem erh\u00e4ltst du eine Menge Tipps, wie du verschiedene Arten von Kerzen herstellst und diese auf vielf\u00e4ltige Weise ganz nach deinen Ideen dekorieren kannst!<\/p>\n","protected":false},"excerpt":{"rendered":"<p>Kreiere deine eigenen Kerzenideen!<\/p>\n","protected":false},"featured_media":1074952,"template":"","meta":{"_acf_changed":false},"product_brand":[],"product_cat":[2947,2931],"product_tag":[3150,3467],"class_list":{"0":"post-711708","1":"product","2":"type-product","3":"status-publish","4":"has-post-thumbnail","6":"product_cat-wissenschaftliche-labore-de","7":"product_cat-wissenschaftliche-spiele-de","8":"product_tag-8-12-jahre-de","9":"product_tag-woozle-goozle-de","11":"first","12":"instock","13":"shipping-taxable","14":"product-type-simple"},"acf":[],"yoast_head":"<!-- This site is optimized with the Yoast SEO plugin v26.5 - https:\/\/yoast.com\/wordpress\/plugins\/seo\/ -->\n<title>Woozle Goozle Das Kerzenlabor - Lisciani Giochi<\/title>\n<meta name=\"robots\" content=\"index, follow, max-snippet:-1, max-image-preview:large, max-video-preview:-1\" \/>\n<link rel=\"canonical\" href=\"https:\/\/www.liscianigiochi.com\/de\/shop\/wissenschaftliche-spiele-de\/wissenschaftliche-labore-de\/woozle-goozle-das-kerzenlabor-de\/\" \/>\n<meta property=\"og:locale\" content=\"de_DE\" \/>\n<meta property=\"og:type\" content=\"article\" \/>\n<meta property=\"og:title\" content=\"Woozle Goozle Das Kerzenlabor - Lisciani Giochi\" \/>\n<meta property=\"og:description\" content=\"Kreiere deine eigenen Kerzenideen!\" \/>\n<meta property=\"og:url\" content=\"https:\/\/www.liscianigiochi.com\/de\/shop\/wissenschaftliche-spiele-de\/wissenschaftliche-labore-de\/woozle-goozle-das-kerzenlabor-de\/\" \/>\n<meta property=\"og:site_name\" content=\"Lisciani Giochi\" \/>\n<meta property=\"article:publisher\" content=\"https:\/\/www.facebook.com\/liscianigroup\" \/>\n<meta property=\"article:modified_time\" content=\"2026-04-17T04:21:48+00:00\" \/>\n<meta property=\"og:image\" content=\"https:\/\/mf.liscianigiochi.it:8443\/media\/DE68647WG\/FDB5B56F-3F46-4423-9AA6-7BB3B1D3216F.jpg\" \/>\n<meta name=\"twitter:card\" content=\"summary_large_image\" \/>\n<meta name=\"twitter:image\" content=\"https:\/\/mf.liscianigiochi.it:8443\/media\/DE68647WG\/FDB5B56F-3F46-4423-9AA6-7BB3B1D3216F.jpg\" \/>\n<script type=\"application\/ld+json\" class=\"yoast-schema-graph\">{\"@context\":\"https:\/\/schema.org\",\"@graph\":[{\"@type\":\"WebPage\",\"@id\":\"https:\/\/www.liscianigiochi.com\/de\/shop\/wissenschaftliche-spiele-de\/wissenschaftliche-labore-de\/woozle-goozle-das-kerzenlabor-de\/\",\"url\":\"https:\/\/www.liscianigiochi.com\/de\/shop\/wissenschaftliche-spiele-de\/wissenschaftliche-labore-de\/woozle-goozle-das-kerzenlabor-de\/\",\"name\":\"Woozle Goozle Das Kerzenlabor - Lisciani Giochi\",\"isPartOf\":{\"@id\":\"https:\/\/www.liscianigiochi.com\/#website\"},\"primaryImageOfPage\":{\"@id\":\"https:\/\/www.liscianigiochi.com\/de\/shop\/wissenschaftliche-spiele-de\/wissenschaftliche-labore-de\/woozle-goozle-das-kerzenlabor-de\/#primaryimage\"},\"image\":{\"@id\":\"https:\/\/www.liscianigiochi.com\/de\/shop\/wissenschaftliche-spiele-de\/wissenschaftliche-labore-de\/woozle-goozle-das-kerzenlabor-de\/#primaryimage\"},\"thumbnailUrl\":\"https:\/\/mf.liscianigiochi.it:8443\/media\/DE68647WG\/FDB5B56F-3F46-4423-9AA6-7BB3B1D3216F.jpg\",\"datePublished\":\"2024-07-31T07:35:08+00:00\",\"dateModified\":\"2026-04-17T04:21:48+00:00\",\"breadcrumb\":{\"@id\":\"https:\/\/www.liscianigiochi.com\/de\/shop\/wissenschaftliche-spiele-de\/wissenschaftliche-labore-de\/woozle-goozle-das-kerzenlabor-de\/#breadcrumb\"},\"inLanguage\":\"de-DE\",\"potentialAction\":[{\"@type\":\"ReadAction\",\"target\":[\"https:\/\/www.liscianigiochi.com\/de\/shop\/wissenschaftliche-spiele-de\/wissenschaftliche-labore-de\/woozle-goozle-das-kerzenlabor-de\/\"]}]},{\"@type\":\"ImageObject\",\"inLanguage\":\"de-DE\",\"@id\":\"https:\/\/www.liscianigiochi.com\/de\/shop\/wissenschaftliche-spiele-de\/wissenschaftliche-labore-de\/woozle-goozle-das-kerzenlabor-de\/#primaryimage\",\"url\":\"https:\/\/mf.liscianigiochi.it:8443\/media\/DE68647WG\/FDB5B56F-3F46-4423-9AA6-7BB3B1D3216F.jpg\",\"contentUrl\":\"https:\/\/mf.liscianigiochi.it:8443\/media\/DE68647WG\/FDB5B56F-3F46-4423-9AA6-7BB3B1D3216F.jpg\"},{\"@type\":\"BreadcrumbList\",\"@id\":\"https:\/\/www.liscianigiochi.com\/de\/shop\/wissenschaftliche-spiele-de\/wissenschaftliche-labore-de\/woozle-goozle-das-kerzenlabor-de\/#breadcrumb\",\"itemListElement\":[{\"@type\":\"ListItem\",\"position\":1,\"name\":\"Home\",\"item\":\"https:\/\/www.liscianigiochi.com\/de\/\"},{\"@type\":\"ListItem\",\"position\":2,\"name\":\"Shop\",\"item\":\"https:\/\/lg.udnt.it\/de\/shop\/\"},{\"@type\":\"ListItem\",\"position\":3,\"name\":\"Woozle Goozle Das Kerzenlabor\"}]},{\"@type\":\"WebSite\",\"@id\":\"https:\/\/www.liscianigiochi.com\/#website\",\"url\":\"https:\/\/www.liscianigiochi.com\/\",\"name\":\"Lisciani Giochi\",\"description\":\"\",\"publisher\":{\"@id\":\"https:\/\/www.liscianigiochi.com\/#organization\"},\"potentialAction\":[{\"@type\":\"SearchAction\",\"target\":{\"@type\":\"EntryPoint\",\"urlTemplate\":\"https:\/\/www.liscianigiochi.com\/?s={search_term_string}\"},\"query-input\":{\"@type\":\"PropertyValueSpecification\",\"valueRequired\":true,\"valueName\":\"search_term_string\"}}],\"inLanguage\":\"de-DE\"},{\"@type\":\"Organization\",\"@id\":\"https:\/\/www.liscianigiochi.com\/#organization\",\"name\":\"Lisciani Giochi\",\"url\":\"https:\/\/www.liscianigiochi.com\/\",\"logo\":{\"@type\":\"ImageObject\",\"inLanguage\":\"de-DE\",\"@id\":\"https:\/\/www.liscianigiochi.com\/#\/schema\/logo\/image\/\",\"url\":\"https:\/\/www.liscianigiochi.com\/wp-content\/uploads\/2023\/10\/Logo@2x.png\",\"contentUrl\":\"https:\/\/www.liscianigiochi.com\/wp-content\/uploads\/2023\/10\/Logo@2x.png\",\"width\":384,\"height\":384,\"caption\":\"Lisciani Giochi\"},\"image\":{\"@id\":\"https:\/\/www.liscianigiochi.com\/#\/schema\/logo\/image\/\"},\"sameAs\":[\"https:\/\/www.facebook.com\/liscianigroup\",\"https:\/\/www.instagram.com\/liscianigiochi\/\"]}]}<\/script>\n<!-- \/ Yoast SEO plugin. -->","yoast_head_json":{"title":"Woozle Goozle Das Kerzenlabor - Lisciani Giochi","robots":{"index":"index","follow":"follow","max-snippet":"max-snippet:-1","max-image-preview":"max-image-preview:large","max-video-preview":"max-video-preview:-1"},"canonical":"https:\/\/www.liscianigiochi.com\/de\/shop\/wissenschaftliche-spiele-de\/wissenschaftliche-labore-de\/woozle-goozle-das-kerzenlabor-de\/","og_locale":"de_DE","og_type":"article","og_title":"Woozle Goozle Das Kerzenlabor - Lisciani Giochi","og_description":"Kreiere deine eigenen Kerzenideen!","og_url":"https:\/\/www.liscianigiochi.com\/de\/shop\/wissenschaftliche-spiele-de\/wissenschaftliche-labore-de\/woozle-goozle-das-kerzenlabor-de\/","og_site_name":"Lisciani Giochi","article_publisher":"https:\/\/www.facebook.com\/liscianigroup","article_modified_time":"2026-04-17T04:21:48+00:00","og_image":[{"url":"https:\/\/mf.liscianigiochi.it:8443\/media\/DE68647WG\/FDB5B56F-3F46-4423-9AA6-7BB3B1D3216F.jpg","type":"","width":"","height":""}],"twitter_card":"summary_large_image","twitter_image":"https:\/\/mf.liscianigiochi.it:8443\/media\/DE68647WG\/FDB5B56F-3F46-4423-9AA6-7BB3B1D3216F.jpg","schema":{"@context":"https:\/\/schema.org","@graph":[{"@type":"WebPage","@id":"https:\/\/www.liscianigiochi.com\/de\/shop\/wissenschaftliche-spiele-de\/wissenschaftliche-labore-de\/woozle-goozle-das-kerzenlabor-de\/","url":"https:\/\/www.liscianigiochi.com\/de\/shop\/wissenschaftliche-spiele-de\/wissenschaftliche-labore-de\/woozle-goozle-das-kerzenlabor-de\/","name":"Woozle Goozle Das Kerzenlabor - Lisciani Giochi","isPartOf":{"@id":"https:\/\/www.liscianigiochi.com\/#website"},"primaryImageOfPage":{"@id":"https:\/\/www.liscianigiochi.com\/de\/shop\/wissenschaftliche-spiele-de\/wissenschaftliche-labore-de\/woozle-goozle-das-kerzenlabor-de\/#primaryimage"},"image":{"@id":"https:\/\/www.liscianigiochi.com\/de\/shop\/wissenschaftliche-spiele-de\/wissenschaftliche-labore-de\/woozle-goozle-das-kerzenlabor-de\/#primaryimage"},"thumbnailUrl":"https:\/\/mf.liscianigiochi.it:8443\/media\/DE68647WG\/FDB5B56F-3F46-4423-9AA6-7BB3B1D3216F.jpg","datePublished":"2024-07-31T07:35:08+00:00","dateModified":"2026-04-17T04:21:48+00:00","breadcrumb":{"@id":"https:\/\/www.liscianigiochi.com\/de\/shop\/wissenschaftliche-spiele-de\/wissenschaftliche-labore-de\/woozle-goozle-das-kerzenlabor-de\/#breadcrumb"},"inLanguage":"de-DE","potentialAction":[{"@type":"ReadAction","target":["https:\/\/www.liscianigiochi.com\/de\/shop\/wissenschaftliche-spiele-de\/wissenschaftliche-labore-de\/woozle-goozle-das-kerzenlabor-de\/"]}]},{"@type":"ImageObject","inLanguage":"de-DE","@id":"https:\/\/www.liscianigiochi.com\/de\/shop\/wissenschaftliche-spiele-de\/wissenschaftliche-labore-de\/woozle-goozle-das-kerzenlabor-de\/#primaryimage","url":"https:\/\/mf.liscianigiochi.it:8443\/media\/DE68647WG\/FDB5B56F-3F46-4423-9AA6-7BB3B1D3216F.jpg","contentUrl":"https:\/\/mf.liscianigiochi.it:8443\/media\/DE68647WG\/FDB5B56F-3F46-4423-9AA6-7BB3B1D3216F.jpg"},{"@type":"BreadcrumbList","@id":"https:\/\/www.liscianigiochi.com\/de\/shop\/wissenschaftliche-spiele-de\/wissenschaftliche-labore-de\/woozle-goozle-das-kerzenlabor-de\/#breadcrumb","itemListElement":[{"@type":"ListItem","position":1,"name":"Home","item":"https:\/\/www.liscianigiochi.com\/de\/"},{"@type":"ListItem","position":2,"name":"Shop","item":"https:\/\/lg.udnt.it\/de\/shop\/"},{"@type":"ListItem","position":3,"name":"Woozle Goozle Das Kerzenlabor"}]},{"@type":"WebSite","@id":"https:\/\/www.liscianigiochi.com\/#website","url":"https:\/\/www.liscianigiochi.com\/","name":"Lisciani Giochi","description":"","publisher":{"@id":"https:\/\/www.liscianigiochi.com\/#organization"},"potentialAction":[{"@type":"SearchAction","target":{"@type":"EntryPoint","urlTemplate":"https:\/\/www.liscianigiochi.com\/?s={search_term_string}"},"query-input":{"@type":"PropertyValueSpecification","valueRequired":true,"valueName":"search_term_string"}}],"inLanguage":"de-DE"},{"@type":"Organization","@id":"https:\/\/www.liscianigiochi.com\/#organization","name":"Lisciani Giochi","url":"https:\/\/www.liscianigiochi.com\/","logo":{"@type":"ImageObject","inLanguage":"de-DE","@id":"https:\/\/www.liscianigiochi.com\/#\/schema\/logo\/image\/","url":"https:\/\/www.liscianigiochi.com\/wp-content\/uploads\/2023\/10\/Logo@2x.png","contentUrl":"https:\/\/www.liscianigiochi.com\/wp-content\/uploads\/2023\/10\/Logo@2x.png","width":384,"height":384,"caption":"Lisciani Giochi"},"image":{"@id":"https:\/\/www.liscianigiochi.com\/#\/schema\/logo\/image\/"},"sameAs":["https:\/\/www.facebook.com\/liscianigroup","https:\/\/www.instagram.com\/liscianigiochi\/"]}]}},"fifu_image_url":"https:\/\/mf.liscianigiochi.it:8443\/media\/DE68647WG\/FDB5B56F-3F46-4423-9AA6-7BB3B1D3216F.jpg","_links":{"self":[{"href":"https:\/\/www.liscianigiochi.com\/de\/wp-json\/wp\/v2\/product\/711708","targetHints":{"allow":["GET"]}}],"collection":[{"href":"https:\/\/www.liscianigiochi.com\/de\/wp-json\/wp\/v2\/product"}],"about":[{"href":"https:\/\/www.liscianigiochi.com\/de\/wp-json\/wp\/v2\/types\/product"}],"wp:featuredmedia":[{"embeddable":true,"href":"https:\/\/www.liscianigiochi.com\/de\/wp-json\/wp\/v2\/media\/1074952"}],"wp:attachment":[{"href":"https:\/\/www.liscianigiochi.com\/de\/wp-json\/wp\/v2\/media?parent=711708"}],"wp:term":[{"taxonomy":"product_brand","embeddable":true,"href":"https:\/\/www.liscianigiochi.com\/de\/wp-json\/wp\/v2\/product_brand?post=711708"},{"taxonomy":"product_cat","embeddable":true,"href":"https:\/\/www.liscianigiochi.com\/de\/wp-json\/wp\/v2\/product_cat?post=711708"},{"taxonomy":"product_tag","embeddable":true,"href":"https:\/\/www.liscianigiochi.com\/de\/wp-json\/wp\/v2\/product_tag?post=711708"}],"curies":[{"name":"wp","href":"https:\/\/api.w.org\/{rel}","templated":true}]}}