{"id":1001153,"date":"2025-03-06T05:42:01","date_gmt":"2025-03-06T04:42:01","guid":{"rendered":"https:\/\/www.liscianigiochi.com\/shop\/uncategorized\/spider-man-super-game-travel-card-game-in-a-backpack-es\/"},"modified":"2026-04-10T06:23:01","modified_gmt":"2026-04-10T04:23:01","slug":"spider-man-super-game-travel-card-game-in-a-backpack-es","status":"publish","type":"product","link":"https:\/\/www.liscianigiochi.com\/es\/shop\/juegos-de-mesa-es\/juegos-de-mesa-con-licencia-es\/spider-man-super-game-travel-card-game-in-a-backpack-es\/","title":{"rendered":"Spider-Man Super Game Travel &amp; Card Game In A Backpack"},"content":{"rendered":"<p>Reta a tus amigos con los juegos que hay dentro de esta genial mochila de Spiderman. En su interior encontrar\u00e1s un juego de caminos y una fant\u00e1stica baraja de cartas para divertirte con tus amigos en multitud de juegos diferentes, como domin\u00f3, memoria, colores, rubamacrest y mucho m\u00e1s. <\/p>\n","protected":false},"excerpt":{"rendered":"<p>Dos juegos diferentes contenidos en esta preciosa mochila de Spiderman <\/p>\n","protected":false},"featured_media":1842330,"template":"","meta":{"_acf_changed":false},"product_brand":[],"product_cat":[2884,2912],"product_tag":[3097,3099,3251,3240],"class_list":{"0":"post-1001153","1":"product","2":"type-product","3":"status-publish","4":"has-post-thumbnail","6":"product_cat-juegos-de-mesa-es","7":"product_cat-juegos-de-mesa-con-licencia-es","8":"product_tag-3-4-anos-es","9":"product_tag-5-6-anos-es","10":"product_tag-marvel-es","11":"product_tag-spiderman-es","13":"first","14":"instock","15":"shipping-taxable","16":"product-type-simple"},"acf":[],"yoast_head":"<!-- This site is optimized with the Yoast SEO plugin v26.5 - https:\/\/yoast.com\/wordpress\/plugins\/seo\/ -->\n<title>Spider-Man Super Game Travel &amp; Card Game In A Backpack - Lisciani Giochi<\/title>\n<meta name=\"robots\" content=\"index, follow, max-snippet:-1, max-image-preview:large, max-video-preview:-1\" \/>\n<link rel=\"canonical\" href=\"https:\/\/www.liscianigiochi.com\/es\/shop\/juegos-de-mesa-es\/juegos-de-mesa-con-licencia-es\/spider-man-super-game-travel-card-game-in-a-backpack-es\/\" \/>\n<meta property=\"og:locale\" content=\"es_ES\" \/>\n<meta property=\"og:type\" content=\"article\" \/>\n<meta property=\"og:title\" content=\"Spider-Man Super Game Travel &amp; Card Game In A Backpack - Lisciani Giochi\" \/>\n<meta property=\"og:description\" content=\"Dos juegos diferentes contenidos en esta preciosa mochila de Spiderman\" \/>\n<meta property=\"og:url\" content=\"https:\/\/www.liscianigiochi.com\/es\/shop\/juegos-de-mesa-es\/juegos-de-mesa-con-licencia-es\/spider-man-super-game-travel-card-game-in-a-backpack-es\/\" \/>\n<meta property=\"og:site_name\" content=\"Lisciani Giochi\" \/>\n<meta property=\"article:publisher\" content=\"https:\/\/www.facebook.com\/liscianigroup\" \/>\n<meta property=\"article:modified_time\" content=\"2026-04-10T04:23:01+00:00\" \/>\n<meta property=\"og:image\" content=\"https:\/\/mf.liscianigiochi.it:8443\/media\/110520\/F8D883AF-9241-4AF1-AF01-2BBC7ADA5E57.jpg\" \/>\n<meta name=\"twitter:card\" content=\"summary_large_image\" \/>\n<meta name=\"twitter:image\" content=\"https:\/\/mf.liscianigiochi.it:8443\/media\/110520\/F8D883AF-9241-4AF1-AF01-2BBC7ADA5E57.jpg\" \/>\n<script type=\"application\/ld+json\" class=\"yoast-schema-graph\">{\"@context\":\"https:\/\/schema.org\",\"@graph\":[{\"@type\":\"WebPage\",\"@id\":\"https:\/\/www.liscianigiochi.com\/es\/shop\/juegos-de-mesa-es\/juegos-de-mesa-con-licencia-es\/spider-man-super-game-travel-card-game-in-a-backpack-es\/\",\"url\":\"https:\/\/www.liscianigiochi.com\/es\/shop\/juegos-de-mesa-es\/juegos-de-mesa-con-licencia-es\/spider-man-super-game-travel-card-game-in-a-backpack-es\/\",\"name\":\"Spider-Man Super Game Travel &amp; Card Game In A Backpack - Lisciani Giochi\",\"isPartOf\":{\"@id\":\"https:\/\/www.liscianigiochi.com\/#website\"},\"primaryImageOfPage\":{\"@id\":\"https:\/\/www.liscianigiochi.com\/es\/shop\/juegos-de-mesa-es\/juegos-de-mesa-con-licencia-es\/spider-man-super-game-travel-card-game-in-a-backpack-es\/#primaryimage\"},\"image\":{\"@id\":\"https:\/\/www.liscianigiochi.com\/es\/shop\/juegos-de-mesa-es\/juegos-de-mesa-con-licencia-es\/spider-man-super-game-travel-card-game-in-a-backpack-es\/#primaryimage\"},\"thumbnailUrl\":\"https:\/\/mf.liscianigiochi.it:8443\/media\/110520\/F8D883AF-9241-4AF1-AF01-2BBC7ADA5E57.jpg\",\"datePublished\":\"2025-03-06T04:42:01+00:00\",\"dateModified\":\"2026-04-10T04:23:01+00:00\",\"breadcrumb\":{\"@id\":\"https:\/\/www.liscianigiochi.com\/es\/shop\/juegos-de-mesa-es\/juegos-de-mesa-con-licencia-es\/spider-man-super-game-travel-card-game-in-a-backpack-es\/#breadcrumb\"},\"inLanguage\":\"es-ES\",\"potentialAction\":[{\"@type\":\"ReadAction\",\"target\":[\"https:\/\/www.liscianigiochi.com\/es\/shop\/juegos-de-mesa-es\/juegos-de-mesa-con-licencia-es\/spider-man-super-game-travel-card-game-in-a-backpack-es\/\"]}]},{\"@type\":\"ImageObject\",\"inLanguage\":\"es-ES\",\"@id\":\"https:\/\/www.liscianigiochi.com\/es\/shop\/juegos-de-mesa-es\/juegos-de-mesa-con-licencia-es\/spider-man-super-game-travel-card-game-in-a-backpack-es\/#primaryimage\",\"url\":\"https:\/\/mf.liscianigiochi.it:8443\/media\/110520\/F8D883AF-9241-4AF1-AF01-2BBC7ADA5E57.jpg\",\"contentUrl\":\"https:\/\/mf.liscianigiochi.it:8443\/media\/110520\/F8D883AF-9241-4AF1-AF01-2BBC7ADA5E57.jpg\"},{\"@type\":\"BreadcrumbList\",\"@id\":\"https:\/\/www.liscianigiochi.com\/es\/shop\/juegos-de-mesa-es\/juegos-de-mesa-con-licencia-es\/spider-man-super-game-travel-card-game-in-a-backpack-es\/#breadcrumb\",\"itemListElement\":[{\"@type\":\"ListItem\",\"position\":1,\"name\":\"Home\",\"item\":\"https:\/\/www.liscianigiochi.com\/es\/\"},{\"@type\":\"ListItem\",\"position\":2,\"name\":\"Tienda\",\"item\":\"https:\/\/lg.udnt.it\/es\/tienda\/\"},{\"@type\":\"ListItem\",\"position\":3,\"name\":\"Spider-Man Super Game Travel &amp; Card Game In A Backpack\"}]},{\"@type\":\"WebSite\",\"@id\":\"https:\/\/www.liscianigiochi.com\/#website\",\"url\":\"https:\/\/www.liscianigiochi.com\/\",\"name\":\"Lisciani Giochi\",\"description\":\"\",\"publisher\":{\"@id\":\"https:\/\/www.liscianigiochi.com\/#organization\"},\"potentialAction\":[{\"@type\":\"SearchAction\",\"target\":{\"@type\":\"EntryPoint\",\"urlTemplate\":\"https:\/\/www.liscianigiochi.com\/?s={search_term_string}\"},\"query-input\":{\"@type\":\"PropertyValueSpecification\",\"valueRequired\":true,\"valueName\":\"search_term_string\"}}],\"inLanguage\":\"es-ES\"},{\"@type\":\"Organization\",\"@id\":\"https:\/\/www.liscianigiochi.com\/#organization\",\"name\":\"Lisciani Giochi\",\"url\":\"https:\/\/www.liscianigiochi.com\/\",\"logo\":{\"@type\":\"ImageObject\",\"inLanguage\":\"es-ES\",\"@id\":\"https:\/\/www.liscianigiochi.com\/#\/schema\/logo\/image\/\",\"url\":\"https:\/\/www.liscianigiochi.com\/wp-content\/uploads\/2023\/10\/Logo@2x.png\",\"contentUrl\":\"https:\/\/www.liscianigiochi.com\/wp-content\/uploads\/2023\/10\/Logo@2x.png\",\"width\":384,\"height\":384,\"caption\":\"Lisciani Giochi\"},\"image\":{\"@id\":\"https:\/\/www.liscianigiochi.com\/#\/schema\/logo\/image\/\"},\"sameAs\":[\"https:\/\/www.facebook.com\/liscianigroup\",\"https:\/\/www.instagram.com\/liscianigiochi\/\"]}]}<\/script>\n<!-- \/ Yoast SEO plugin. -->","yoast_head_json":{"title":"Spider-Man Super Game Travel &amp; Card Game In A Backpack - Lisciani Giochi","robots":{"index":"index","follow":"follow","max-snippet":"max-snippet:-1","max-image-preview":"max-image-preview:large","max-video-preview":"max-video-preview:-1"},"canonical":"https:\/\/www.liscianigiochi.com\/es\/shop\/juegos-de-mesa-es\/juegos-de-mesa-con-licencia-es\/spider-man-super-game-travel-card-game-in-a-backpack-es\/","og_locale":"es_ES","og_type":"article","og_title":"Spider-Man Super Game Travel &amp; Card Game In A Backpack - Lisciani Giochi","og_description":"Dos juegos diferentes contenidos en esta preciosa mochila de Spiderman","og_url":"https:\/\/www.liscianigiochi.com\/es\/shop\/juegos-de-mesa-es\/juegos-de-mesa-con-licencia-es\/spider-man-super-game-travel-card-game-in-a-backpack-es\/","og_site_name":"Lisciani Giochi","article_publisher":"https:\/\/www.facebook.com\/liscianigroup","article_modified_time":"2026-04-10T04:23:01+00:00","og_image":[{"url":"https:\/\/mf.liscianigiochi.it:8443\/media\/110520\/F8D883AF-9241-4AF1-AF01-2BBC7ADA5E57.jpg","type":"","width":"","height":""}],"twitter_card":"summary_large_image","twitter_image":"https:\/\/mf.liscianigiochi.it:8443\/media\/110520\/F8D883AF-9241-4AF1-AF01-2BBC7ADA5E57.jpg","schema":{"@context":"https:\/\/schema.org","@graph":[{"@type":"WebPage","@id":"https:\/\/www.liscianigiochi.com\/es\/shop\/juegos-de-mesa-es\/juegos-de-mesa-con-licencia-es\/spider-man-super-game-travel-card-game-in-a-backpack-es\/","url":"https:\/\/www.liscianigiochi.com\/es\/shop\/juegos-de-mesa-es\/juegos-de-mesa-con-licencia-es\/spider-man-super-game-travel-card-game-in-a-backpack-es\/","name":"Spider-Man Super Game Travel &amp; Card Game In A Backpack - Lisciani Giochi","isPartOf":{"@id":"https:\/\/www.liscianigiochi.com\/#website"},"primaryImageOfPage":{"@id":"https:\/\/www.liscianigiochi.com\/es\/shop\/juegos-de-mesa-es\/juegos-de-mesa-con-licencia-es\/spider-man-super-game-travel-card-game-in-a-backpack-es\/#primaryimage"},"image":{"@id":"https:\/\/www.liscianigiochi.com\/es\/shop\/juegos-de-mesa-es\/juegos-de-mesa-con-licencia-es\/spider-man-super-game-travel-card-game-in-a-backpack-es\/#primaryimage"},"thumbnailUrl":"https:\/\/mf.liscianigiochi.it:8443\/media\/110520\/F8D883AF-9241-4AF1-AF01-2BBC7ADA5E57.jpg","datePublished":"2025-03-06T04:42:01+00:00","dateModified":"2026-04-10T04:23:01+00:00","breadcrumb":{"@id":"https:\/\/www.liscianigiochi.com\/es\/shop\/juegos-de-mesa-es\/juegos-de-mesa-con-licencia-es\/spider-man-super-game-travel-card-game-in-a-backpack-es\/#breadcrumb"},"inLanguage":"es-ES","potentialAction":[{"@type":"ReadAction","target":["https:\/\/www.liscianigiochi.com\/es\/shop\/juegos-de-mesa-es\/juegos-de-mesa-con-licencia-es\/spider-man-super-game-travel-card-game-in-a-backpack-es\/"]}]},{"@type":"ImageObject","inLanguage":"es-ES","@id":"https:\/\/www.liscianigiochi.com\/es\/shop\/juegos-de-mesa-es\/juegos-de-mesa-con-licencia-es\/spider-man-super-game-travel-card-game-in-a-backpack-es\/#primaryimage","url":"https:\/\/mf.liscianigiochi.it:8443\/media\/110520\/F8D883AF-9241-4AF1-AF01-2BBC7ADA5E57.jpg","contentUrl":"https:\/\/mf.liscianigiochi.it:8443\/media\/110520\/F8D883AF-9241-4AF1-AF01-2BBC7ADA5E57.jpg"},{"@type":"BreadcrumbList","@id":"https:\/\/www.liscianigiochi.com\/es\/shop\/juegos-de-mesa-es\/juegos-de-mesa-con-licencia-es\/spider-man-super-game-travel-card-game-in-a-backpack-es\/#breadcrumb","itemListElement":[{"@type":"ListItem","position":1,"name":"Home","item":"https:\/\/www.liscianigiochi.com\/es\/"},{"@type":"ListItem","position":2,"name":"Tienda","item":"https:\/\/lg.udnt.it\/es\/tienda\/"},{"@type":"ListItem","position":3,"name":"Spider-Man Super Game Travel &amp; Card Game In A Backpack"}]},{"@type":"WebSite","@id":"https:\/\/www.liscianigiochi.com\/#website","url":"https:\/\/www.liscianigiochi.com\/","name":"Lisciani Giochi","description":"","publisher":{"@id":"https:\/\/www.liscianigiochi.com\/#organization"},"potentialAction":[{"@type":"SearchAction","target":{"@type":"EntryPoint","urlTemplate":"https:\/\/www.liscianigiochi.com\/?s={search_term_string}"},"query-input":{"@type":"PropertyValueSpecification","valueRequired":true,"valueName":"search_term_string"}}],"inLanguage":"es-ES"},{"@type":"Organization","@id":"https:\/\/www.liscianigiochi.com\/#organization","name":"Lisciani Giochi","url":"https:\/\/www.liscianigiochi.com\/","logo":{"@type":"ImageObject","inLanguage":"es-ES","@id":"https:\/\/www.liscianigiochi.com\/#\/schema\/logo\/image\/","url":"https:\/\/www.liscianigiochi.com\/wp-content\/uploads\/2023\/10\/Logo@2x.png","contentUrl":"https:\/\/www.liscianigiochi.com\/wp-content\/uploads\/2023\/10\/Logo@2x.png","width":384,"height":384,"caption":"Lisciani Giochi"},"image":{"@id":"https:\/\/www.liscianigiochi.com\/#\/schema\/logo\/image\/"},"sameAs":["https:\/\/www.facebook.com\/liscianigroup","https:\/\/www.instagram.com\/liscianigiochi\/"]}]}},"fifu_image_url":"https:\/\/mf.liscianigiochi.it:8443\/media\/110520\/F8D883AF-9241-4AF1-AF01-2BBC7ADA5E57.jpg","_links":{"self":[{"href":"https:\/\/www.liscianigiochi.com\/es\/wp-json\/wp\/v2\/product\/1001153","targetHints":{"allow":["GET"]}}],"collection":[{"href":"https:\/\/www.liscianigiochi.com\/es\/wp-json\/wp\/v2\/product"}],"about":[{"href":"https:\/\/www.liscianigiochi.com\/es\/wp-json\/wp\/v2\/types\/product"}],"wp:featuredmedia":[{"embeddable":true,"href":"https:\/\/www.liscianigiochi.com\/es\/wp-json\/wp\/v2\/media\/1842330"}],"wp:attachment":[{"href":"https:\/\/www.liscianigiochi.com\/es\/wp-json\/wp\/v2\/media?parent=1001153"}],"wp:term":[{"taxonomy":"product_brand","embeddable":true,"href":"https:\/\/www.liscianigiochi.com\/es\/wp-json\/wp\/v2\/product_brand?post=1001153"},{"taxonomy":"product_cat","embeddable":true,"href":"https:\/\/www.liscianigiochi.com\/es\/wp-json\/wp\/v2\/product_cat?post=1001153"},{"taxonomy":"product_tag","embeddable":true,"href":"https:\/\/www.liscianigiochi.com\/es\/wp-json\/wp\/v2\/product_tag?post=1001153"}],"curies":[{"name":"wp","href":"https:\/\/api.w.org\/{rel}","templated":true}]}}