{"id":1001457,"date":"2025-03-06T05:46:11","date_gmt":"2025-03-06T04:46:11","guid":{"rendered":"https:\/\/www.liscianigiochi.com\/shop\/uncategorized\/marvel-puzzle-df-plus-250-groot-es\/"},"modified":"2026-04-03T06:23:15","modified_gmt":"2026-04-03T04:23:15","slug":"marvel-puzzle-df-plus-250-groot-es","status":"publish","type":"product","link":"https:\/\/www.liscianigiochi.com\/es\/shop\/puzles-para-ninos-es\/puzzle-plus-250-es\/marvel-puzzle-df-plus-250-groot-es\/","title":{"rendered":"Marvel Puzzle Df Plus 250 Groot"},"content":{"rendered":"<p>Divi\u00e9rtete reconstruyendo las escenas m\u00e1s bellas de tus dibujos animados favoritos y, despu\u00e9s de completar el rompecabezas, \u00a1la diversi\u00f3n contin\u00faa! En la parte trasera del tablero encontrar\u00e1s una escena en blanco y negro para colorear.<\/p>\n","protected":false},"excerpt":{"rendered":"<p>\u00a1Reconstruye y colorea las escenas m\u00e1s bellas de tus dibujos animados favoritos!<\/p>\n","protected":false},"featured_media":1842615,"template":"","meta":{"_acf_changed":false},"product_brand":[],"product_cat":[2885,2915],"product_tag":[3102,3251],"class_list":{"0":"post-1001457","1":"product","2":"type-product","3":"status-publish","4":"has-post-thumbnail","6":"product_cat-puzles-para-ninos-es","7":"product_cat-puzzle-plus-250-es","8":"product_tag-7-8-anos-es","9":"product_tag-marvel-es","11":"first","12":"instock","13":"shipping-taxable","14":"product-type-simple"},"acf":[],"yoast_head":"<!-- This site is optimized with the Yoast SEO plugin v26.5 - https:\/\/yoast.com\/wordpress\/plugins\/seo\/ -->\n<title>Marvel Puzzle Df Plus 250 Groot - Lisciani Giochi<\/title>\n<meta name=\"robots\" content=\"index, follow, max-snippet:-1, max-image-preview:large, max-video-preview:-1\" \/>\n<link rel=\"canonical\" href=\"https:\/\/www.liscianigiochi.com\/es\/shop\/uncategorized\/marvel-puzzle-df-plus-250-groot-es\/\" \/>\n<meta property=\"og:locale\" content=\"es_ES\" \/>\n<meta property=\"og:type\" content=\"article\" \/>\n<meta property=\"og:title\" content=\"Marvel Puzzle Df Plus 250 Groot - Lisciani Giochi\" \/>\n<meta property=\"og:description\" content=\"\u00a1Reconstruye y colorea las escenas m\u00e1s bellas de tus dibujos animados favoritos!\" \/>\n<meta property=\"og:url\" content=\"https:\/\/www.liscianigiochi.com\/es\/shop\/uncategorized\/marvel-puzzle-df-plus-250-groot-es\/\" \/>\n<meta property=\"og:site_name\" content=\"Lisciani Giochi\" \/>\n<meta property=\"article:publisher\" content=\"https:\/\/www.facebook.com\/liscianigroup\" \/>\n<meta property=\"article:modified_time\" content=\"2026-04-03T04:23:15+00:00\" \/>\n<meta property=\"og:image\" content=\"https:\/\/mf.liscianigiochi.it:8443\/media\/109623\/9971A43A-BF32-48CF-9235-D7CD0115FE85.jpg\" \/>\n<meta name=\"twitter:card\" content=\"summary_large_image\" \/>\n<meta name=\"twitter:image\" content=\"https:\/\/mf.liscianigiochi.it:8443\/media\/109623\/9971A43A-BF32-48CF-9235-D7CD0115FE85.jpg\" \/>\n<script type=\"application\/ld+json\" class=\"yoast-schema-graph\">{\"@context\":\"https:\/\/schema.org\",\"@graph\":[{\"@type\":\"WebPage\",\"@id\":\"https:\/\/www.liscianigiochi.com\/es\/shop\/uncategorized\/marvel-puzzle-df-plus-250-groot-es\/\",\"url\":\"https:\/\/www.liscianigiochi.com\/es\/shop\/uncategorized\/marvel-puzzle-df-plus-250-groot-es\/\",\"name\":\"Marvel Puzzle Df Plus 250 Groot - Lisciani Giochi\",\"isPartOf\":{\"@id\":\"https:\/\/www.liscianigiochi.com\/#website\"},\"primaryImageOfPage\":{\"@id\":\"https:\/\/www.liscianigiochi.com\/es\/shop\/uncategorized\/marvel-puzzle-df-plus-250-groot-es\/#primaryimage\"},\"image\":{\"@id\":\"https:\/\/www.liscianigiochi.com\/es\/shop\/uncategorized\/marvel-puzzle-df-plus-250-groot-es\/#primaryimage\"},\"thumbnailUrl\":\"https:\/\/mf.liscianigiochi.it:8443\/media\/109623\/9971A43A-BF32-48CF-9235-D7CD0115FE85.jpg\",\"datePublished\":\"2025-03-06T04:46:11+00:00\",\"dateModified\":\"2026-04-03T04:23:15+00:00\",\"breadcrumb\":{\"@id\":\"https:\/\/www.liscianigiochi.com\/es\/shop\/uncategorized\/marvel-puzzle-df-plus-250-groot-es\/#breadcrumb\"},\"inLanguage\":\"es-ES\",\"potentialAction\":[{\"@type\":\"ReadAction\",\"target\":[\"https:\/\/www.liscianigiochi.com\/es\/shop\/uncategorized\/marvel-puzzle-df-plus-250-groot-es\/\"]}]},{\"@type\":\"ImageObject\",\"inLanguage\":\"es-ES\",\"@id\":\"https:\/\/www.liscianigiochi.com\/es\/shop\/uncategorized\/marvel-puzzle-df-plus-250-groot-es\/#primaryimage\",\"url\":\"https:\/\/mf.liscianigiochi.it:8443\/media\/109623\/9971A43A-BF32-48CF-9235-D7CD0115FE85.jpg\",\"contentUrl\":\"https:\/\/mf.liscianigiochi.it:8443\/media\/109623\/9971A43A-BF32-48CF-9235-D7CD0115FE85.jpg\"},{\"@type\":\"BreadcrumbList\",\"@id\":\"https:\/\/www.liscianigiochi.com\/es\/shop\/uncategorized\/marvel-puzzle-df-plus-250-groot-es\/#breadcrumb\",\"itemListElement\":[{\"@type\":\"ListItem\",\"position\":1,\"name\":\"Home\",\"item\":\"https:\/\/www.liscianigiochi.com\/es\/\"},{\"@type\":\"ListItem\",\"position\":2,\"name\":\"Tienda\",\"item\":\"https:\/\/lg.udnt.it\/es\/tienda\/\"},{\"@type\":\"ListItem\",\"position\":3,\"name\":\"Marvel Puzzle Df Plus 250 Groot\"}]},{\"@type\":\"WebSite\",\"@id\":\"https:\/\/www.liscianigiochi.com\/#website\",\"url\":\"https:\/\/www.liscianigiochi.com\/\",\"name\":\"Lisciani Giochi\",\"description\":\"\",\"publisher\":{\"@id\":\"https:\/\/www.liscianigiochi.com\/#organization\"},\"potentialAction\":[{\"@type\":\"SearchAction\",\"target\":{\"@type\":\"EntryPoint\",\"urlTemplate\":\"https:\/\/www.liscianigiochi.com\/?s={search_term_string}\"},\"query-input\":{\"@type\":\"PropertyValueSpecification\",\"valueRequired\":true,\"valueName\":\"search_term_string\"}}],\"inLanguage\":\"es-ES\"},{\"@type\":\"Organization\",\"@id\":\"https:\/\/www.liscianigiochi.com\/#organization\",\"name\":\"Lisciani Giochi\",\"url\":\"https:\/\/www.liscianigiochi.com\/\",\"logo\":{\"@type\":\"ImageObject\",\"inLanguage\":\"es-ES\",\"@id\":\"https:\/\/www.liscianigiochi.com\/#\/schema\/logo\/image\/\",\"url\":\"https:\/\/www.liscianigiochi.com\/wp-content\/uploads\/2023\/10\/Logo@2x.png\",\"contentUrl\":\"https:\/\/www.liscianigiochi.com\/wp-content\/uploads\/2023\/10\/Logo@2x.png\",\"width\":384,\"height\":384,\"caption\":\"Lisciani Giochi\"},\"image\":{\"@id\":\"https:\/\/www.liscianigiochi.com\/#\/schema\/logo\/image\/\"},\"sameAs\":[\"https:\/\/www.facebook.com\/liscianigroup\",\"https:\/\/www.instagram.com\/liscianigiochi\/\"]}]}<\/script>\n<!-- \/ Yoast SEO plugin. -->","yoast_head_json":{"title":"Marvel Puzzle Df Plus 250 Groot - Lisciani Giochi","robots":{"index":"index","follow":"follow","max-snippet":"max-snippet:-1","max-image-preview":"max-image-preview:large","max-video-preview":"max-video-preview:-1"},"canonical":"https:\/\/www.liscianigiochi.com\/es\/shop\/uncategorized\/marvel-puzzle-df-plus-250-groot-es\/","og_locale":"es_ES","og_type":"article","og_title":"Marvel Puzzle Df Plus 250 Groot - Lisciani Giochi","og_description":"\u00a1Reconstruye y colorea las escenas m\u00e1s bellas de tus dibujos animados favoritos!","og_url":"https:\/\/www.liscianigiochi.com\/es\/shop\/uncategorized\/marvel-puzzle-df-plus-250-groot-es\/","og_site_name":"Lisciani Giochi","article_publisher":"https:\/\/www.facebook.com\/liscianigroup","article_modified_time":"2026-04-03T04:23:15+00:00","og_image":[{"url":"https:\/\/mf.liscianigiochi.it:8443\/media\/109623\/9971A43A-BF32-48CF-9235-D7CD0115FE85.jpg","type":"","width":"","height":""}],"twitter_card":"summary_large_image","twitter_image":"https:\/\/mf.liscianigiochi.it:8443\/media\/109623\/9971A43A-BF32-48CF-9235-D7CD0115FE85.jpg","schema":{"@context":"https:\/\/schema.org","@graph":[{"@type":"WebPage","@id":"https:\/\/www.liscianigiochi.com\/es\/shop\/uncategorized\/marvel-puzzle-df-plus-250-groot-es\/","url":"https:\/\/www.liscianigiochi.com\/es\/shop\/uncategorized\/marvel-puzzle-df-plus-250-groot-es\/","name":"Marvel Puzzle Df Plus 250 Groot - Lisciani Giochi","isPartOf":{"@id":"https:\/\/www.liscianigiochi.com\/#website"},"primaryImageOfPage":{"@id":"https:\/\/www.liscianigiochi.com\/es\/shop\/uncategorized\/marvel-puzzle-df-plus-250-groot-es\/#primaryimage"},"image":{"@id":"https:\/\/www.liscianigiochi.com\/es\/shop\/uncategorized\/marvel-puzzle-df-plus-250-groot-es\/#primaryimage"},"thumbnailUrl":"https:\/\/mf.liscianigiochi.it:8443\/media\/109623\/9971A43A-BF32-48CF-9235-D7CD0115FE85.jpg","datePublished":"2025-03-06T04:46:11+00:00","dateModified":"2026-04-03T04:23:15+00:00","breadcrumb":{"@id":"https:\/\/www.liscianigiochi.com\/es\/shop\/uncategorized\/marvel-puzzle-df-plus-250-groot-es\/#breadcrumb"},"inLanguage":"es-ES","potentialAction":[{"@type":"ReadAction","target":["https:\/\/www.liscianigiochi.com\/es\/shop\/uncategorized\/marvel-puzzle-df-plus-250-groot-es\/"]}]},{"@type":"ImageObject","inLanguage":"es-ES","@id":"https:\/\/www.liscianigiochi.com\/es\/shop\/uncategorized\/marvel-puzzle-df-plus-250-groot-es\/#primaryimage","url":"https:\/\/mf.liscianigiochi.it:8443\/media\/109623\/9971A43A-BF32-48CF-9235-D7CD0115FE85.jpg","contentUrl":"https:\/\/mf.liscianigiochi.it:8443\/media\/109623\/9971A43A-BF32-48CF-9235-D7CD0115FE85.jpg"},{"@type":"BreadcrumbList","@id":"https:\/\/www.liscianigiochi.com\/es\/shop\/uncategorized\/marvel-puzzle-df-plus-250-groot-es\/#breadcrumb","itemListElement":[{"@type":"ListItem","position":1,"name":"Home","item":"https:\/\/www.liscianigiochi.com\/es\/"},{"@type":"ListItem","position":2,"name":"Tienda","item":"https:\/\/lg.udnt.it\/es\/tienda\/"},{"@type":"ListItem","position":3,"name":"Marvel Puzzle Df Plus 250 Groot"}]},{"@type":"WebSite","@id":"https:\/\/www.liscianigiochi.com\/#website","url":"https:\/\/www.liscianigiochi.com\/","name":"Lisciani Giochi","description":"","publisher":{"@id":"https:\/\/www.liscianigiochi.com\/#organization"},"potentialAction":[{"@type":"SearchAction","target":{"@type":"EntryPoint","urlTemplate":"https:\/\/www.liscianigiochi.com\/?s={search_term_string}"},"query-input":{"@type":"PropertyValueSpecification","valueRequired":true,"valueName":"search_term_string"}}],"inLanguage":"es-ES"},{"@type":"Organization","@id":"https:\/\/www.liscianigiochi.com\/#organization","name":"Lisciani Giochi","url":"https:\/\/www.liscianigiochi.com\/","logo":{"@type":"ImageObject","inLanguage":"es-ES","@id":"https:\/\/www.liscianigiochi.com\/#\/schema\/logo\/image\/","url":"https:\/\/www.liscianigiochi.com\/wp-content\/uploads\/2023\/10\/Logo@2x.png","contentUrl":"https:\/\/www.liscianigiochi.com\/wp-content\/uploads\/2023\/10\/Logo@2x.png","width":384,"height":384,"caption":"Lisciani Giochi"},"image":{"@id":"https:\/\/www.liscianigiochi.com\/#\/schema\/logo\/image\/"},"sameAs":["https:\/\/www.facebook.com\/liscianigroup","https:\/\/www.instagram.com\/liscianigiochi\/"]}]}},"fifu_image_url":"https:\/\/mf.liscianigiochi.it:8443\/media\/109623\/9971A43A-BF32-48CF-9235-D7CD0115FE85.jpg","_links":{"self":[{"href":"https:\/\/www.liscianigiochi.com\/es\/wp-json\/wp\/v2\/product\/1001457","targetHints":{"allow":["GET"]}}],"collection":[{"href":"https:\/\/www.liscianigiochi.com\/es\/wp-json\/wp\/v2\/product"}],"about":[{"href":"https:\/\/www.liscianigiochi.com\/es\/wp-json\/wp\/v2\/types\/product"}],"wp:featuredmedia":[{"embeddable":true,"href":"https:\/\/www.liscianigiochi.com\/es\/wp-json\/wp\/v2\/media\/1842615"}],"wp:attachment":[{"href":"https:\/\/www.liscianigiochi.com\/es\/wp-json\/wp\/v2\/media?parent=1001457"}],"wp:term":[{"taxonomy":"product_brand","embeddable":true,"href":"https:\/\/www.liscianigiochi.com\/es\/wp-json\/wp\/v2\/product_brand?post=1001457"},{"taxonomy":"product_cat","embeddable":true,"href":"https:\/\/www.liscianigiochi.com\/es\/wp-json\/wp\/v2\/product_cat?post=1001457"},{"taxonomy":"product_tag","embeddable":true,"href":"https:\/\/www.liscianigiochi.com\/es\/wp-json\/wp\/v2\/product_tag?post=1001457"}],"curies":[{"name":"wp","href":"https:\/\/api.w.org\/{rel}","templated":true}]}}