{"id":1001630,"date":"2025-03-06T05:48:27","date_gmt":"2025-03-06T04:48:27","guid":{"rendered":"https:\/\/www.liscianigiochi.com\/shop\/uncategorized\/stitch-colouring-and-drawing-pop-up-in-a-backpack-es\/"},"modified":"2026-04-03T06:23:25","modified_gmt":"2026-04-03T04:23:25","slug":"stitch-colouring-and-drawing-pop-up-in-a-backpack-es","status":"publish","type":"product","link":"https:\/\/www.liscianigiochi.com\/es\/shop\/juegos-creativos-es\/art-craft-coloring-es\/stitch-colouring-and-drawing-pop-up-in-a-backpack-es\/","title":{"rendered":"Stitch Colouring And Drawing Pop Up In A Backpack"},"content":{"rendered":"<p>Divi\u00e9rtete dando vida a Stitch con las fant\u00e1sticas p\u00e1ginas para colorear desplegables del interior de la mochila. Adem\u00e1s, podr\u00e1s colorear el cuadernillo incluido y personalizar tus creaciones con las preciosas pegatinas de Stitch.<\/p>\n","protected":false},"excerpt":{"rendered":"<p>Descubra una nueva forma de colorear con Stitch pop-ups<\/p>\n","protected":false},"featured_media":1842825,"template":"","meta":{"_acf_changed":false},"product_brand":[],"product_cat":[2905,2883],"product_tag":[3099,3111],"class_list":{"0":"post-1001630","1":"product","2":"type-product","3":"status-publish","4":"has-post-thumbnail","6":"product_cat-art-craft-coloring-es","7":"product_cat-juegos-creativos-es","8":"product_tag-5-6-anos-es","9":"product_tag-disney-giocattolo-es","11":"first","12":"instock","13":"shipping-taxable","14":"product-type-simple"},"acf":[],"yoast_head":"<!-- This site is optimized with the Yoast SEO plugin v26.5 - https:\/\/yoast.com\/wordpress\/plugins\/seo\/ -->\n<title>Stitch Colouring And Drawing Pop Up In A Backpack - Lisciani Giochi<\/title>\n<meta name=\"robots\" content=\"index, follow, max-snippet:-1, max-image-preview:large, max-video-preview:-1\" \/>\n<link rel=\"canonical\" href=\"https:\/\/www.liscianigiochi.com\/es\/shop\/juegos-creativos-es\/art-craft-coloring-es\/stitch-colouring-and-drawing-pop-up-in-a-backpack-es\/\" \/>\n<meta property=\"og:locale\" content=\"es_ES\" \/>\n<meta property=\"og:type\" content=\"article\" \/>\n<meta property=\"og:title\" content=\"Stitch Colouring And Drawing Pop Up In A Backpack - Lisciani Giochi\" \/>\n<meta property=\"og:description\" content=\"Descubra una nueva forma de colorear con Stitch pop-ups\" \/>\n<meta property=\"og:url\" content=\"https:\/\/www.liscianigiochi.com\/es\/shop\/juegos-creativos-es\/art-craft-coloring-es\/stitch-colouring-and-drawing-pop-up-in-a-backpack-es\/\" \/>\n<meta property=\"og:site_name\" content=\"Lisciani Giochi\" \/>\n<meta property=\"article:publisher\" content=\"https:\/\/www.facebook.com\/liscianigroup\" \/>\n<meta property=\"article:modified_time\" content=\"2026-04-03T04:23:25+00:00\" \/>\n<meta property=\"og:image\" content=\"https:\/\/mf.liscianigiochi.it:8443\/media\/110674\/0B17BF7B-5ACA-495A-B816-21F2D2FF69DE.jpg\" \/>\n<meta name=\"twitter:card\" content=\"summary_large_image\" \/>\n<meta name=\"twitter:image\" content=\"https:\/\/mf.liscianigiochi.it:8443\/media\/110674\/0B17BF7B-5ACA-495A-B816-21F2D2FF69DE.jpg\" \/>\n<script type=\"application\/ld+json\" class=\"yoast-schema-graph\">{\"@context\":\"https:\/\/schema.org\",\"@graph\":[{\"@type\":\"WebPage\",\"@id\":\"https:\/\/www.liscianigiochi.com\/es\/shop\/juegos-creativos-es\/art-craft-coloring-es\/stitch-colouring-and-drawing-pop-up-in-a-backpack-es\/\",\"url\":\"https:\/\/www.liscianigiochi.com\/es\/shop\/juegos-creativos-es\/art-craft-coloring-es\/stitch-colouring-and-drawing-pop-up-in-a-backpack-es\/\",\"name\":\"Stitch Colouring And Drawing Pop Up In A Backpack - Lisciani Giochi\",\"isPartOf\":{\"@id\":\"https:\/\/www.liscianigiochi.com\/#website\"},\"primaryImageOfPage\":{\"@id\":\"https:\/\/www.liscianigiochi.com\/es\/shop\/juegos-creativos-es\/art-craft-coloring-es\/stitch-colouring-and-drawing-pop-up-in-a-backpack-es\/#primaryimage\"},\"image\":{\"@id\":\"https:\/\/www.liscianigiochi.com\/es\/shop\/juegos-creativos-es\/art-craft-coloring-es\/stitch-colouring-and-drawing-pop-up-in-a-backpack-es\/#primaryimage\"},\"thumbnailUrl\":\"https:\/\/mf.liscianigiochi.it:8443\/media\/110674\/0B17BF7B-5ACA-495A-B816-21F2D2FF69DE.jpg\",\"datePublished\":\"2025-03-06T04:48:27+00:00\",\"dateModified\":\"2026-04-03T04:23:25+00:00\",\"breadcrumb\":{\"@id\":\"https:\/\/www.liscianigiochi.com\/es\/shop\/juegos-creativos-es\/art-craft-coloring-es\/stitch-colouring-and-drawing-pop-up-in-a-backpack-es\/#breadcrumb\"},\"inLanguage\":\"es-ES\",\"potentialAction\":[{\"@type\":\"ReadAction\",\"target\":[\"https:\/\/www.liscianigiochi.com\/es\/shop\/juegos-creativos-es\/art-craft-coloring-es\/stitch-colouring-and-drawing-pop-up-in-a-backpack-es\/\"]}]},{\"@type\":\"ImageObject\",\"inLanguage\":\"es-ES\",\"@id\":\"https:\/\/www.liscianigiochi.com\/es\/shop\/juegos-creativos-es\/art-craft-coloring-es\/stitch-colouring-and-drawing-pop-up-in-a-backpack-es\/#primaryimage\",\"url\":\"https:\/\/mf.liscianigiochi.it:8443\/media\/110674\/0B17BF7B-5ACA-495A-B816-21F2D2FF69DE.jpg\",\"contentUrl\":\"https:\/\/mf.liscianigiochi.it:8443\/media\/110674\/0B17BF7B-5ACA-495A-B816-21F2D2FF69DE.jpg\"},{\"@type\":\"BreadcrumbList\",\"@id\":\"https:\/\/www.liscianigiochi.com\/es\/shop\/juegos-creativos-es\/art-craft-coloring-es\/stitch-colouring-and-drawing-pop-up-in-a-backpack-es\/#breadcrumb\",\"itemListElement\":[{\"@type\":\"ListItem\",\"position\":1,\"name\":\"Home\",\"item\":\"https:\/\/www.liscianigiochi.com\/es\/\"},{\"@type\":\"ListItem\",\"position\":2,\"name\":\"Tienda\",\"item\":\"https:\/\/lg.udnt.it\/es\/tienda\/\"},{\"@type\":\"ListItem\",\"position\":3,\"name\":\"Stitch Colouring And Drawing Pop Up In A Backpack\"}]},{\"@type\":\"WebSite\",\"@id\":\"https:\/\/www.liscianigiochi.com\/#website\",\"url\":\"https:\/\/www.liscianigiochi.com\/\",\"name\":\"Lisciani Giochi\",\"description\":\"\",\"publisher\":{\"@id\":\"https:\/\/www.liscianigiochi.com\/#organization\"},\"potentialAction\":[{\"@type\":\"SearchAction\",\"target\":{\"@type\":\"EntryPoint\",\"urlTemplate\":\"https:\/\/www.liscianigiochi.com\/?s={search_term_string}\"},\"query-input\":{\"@type\":\"PropertyValueSpecification\",\"valueRequired\":true,\"valueName\":\"search_term_string\"}}],\"inLanguage\":\"es-ES\"},{\"@type\":\"Organization\",\"@id\":\"https:\/\/www.liscianigiochi.com\/#organization\",\"name\":\"Lisciani Giochi\",\"url\":\"https:\/\/www.liscianigiochi.com\/\",\"logo\":{\"@type\":\"ImageObject\",\"inLanguage\":\"es-ES\",\"@id\":\"https:\/\/www.liscianigiochi.com\/#\/schema\/logo\/image\/\",\"url\":\"https:\/\/www.liscianigiochi.com\/wp-content\/uploads\/2023\/10\/Logo@2x.png\",\"contentUrl\":\"https:\/\/www.liscianigiochi.com\/wp-content\/uploads\/2023\/10\/Logo@2x.png\",\"width\":384,\"height\":384,\"caption\":\"Lisciani Giochi\"},\"image\":{\"@id\":\"https:\/\/www.liscianigiochi.com\/#\/schema\/logo\/image\/\"},\"sameAs\":[\"https:\/\/www.facebook.com\/liscianigroup\",\"https:\/\/www.instagram.com\/liscianigiochi\/\"]}]}<\/script>\n<!-- \/ Yoast SEO plugin. -->","yoast_head_json":{"title":"Stitch Colouring And Drawing Pop Up In A Backpack - Lisciani Giochi","robots":{"index":"index","follow":"follow","max-snippet":"max-snippet:-1","max-image-preview":"max-image-preview:large","max-video-preview":"max-video-preview:-1"},"canonical":"https:\/\/www.liscianigiochi.com\/es\/shop\/juegos-creativos-es\/art-craft-coloring-es\/stitch-colouring-and-drawing-pop-up-in-a-backpack-es\/","og_locale":"es_ES","og_type":"article","og_title":"Stitch Colouring And Drawing Pop Up In A Backpack - Lisciani Giochi","og_description":"Descubra una nueva forma de colorear con Stitch pop-ups","og_url":"https:\/\/www.liscianigiochi.com\/es\/shop\/juegos-creativos-es\/art-craft-coloring-es\/stitch-colouring-and-drawing-pop-up-in-a-backpack-es\/","og_site_name":"Lisciani Giochi","article_publisher":"https:\/\/www.facebook.com\/liscianigroup","article_modified_time":"2026-04-03T04:23:25+00:00","og_image":[{"url":"https:\/\/mf.liscianigiochi.it:8443\/media\/110674\/0B17BF7B-5ACA-495A-B816-21F2D2FF69DE.jpg","type":"","width":"","height":""}],"twitter_card":"summary_large_image","twitter_image":"https:\/\/mf.liscianigiochi.it:8443\/media\/110674\/0B17BF7B-5ACA-495A-B816-21F2D2FF69DE.jpg","schema":{"@context":"https:\/\/schema.org","@graph":[{"@type":"WebPage","@id":"https:\/\/www.liscianigiochi.com\/es\/shop\/juegos-creativos-es\/art-craft-coloring-es\/stitch-colouring-and-drawing-pop-up-in-a-backpack-es\/","url":"https:\/\/www.liscianigiochi.com\/es\/shop\/juegos-creativos-es\/art-craft-coloring-es\/stitch-colouring-and-drawing-pop-up-in-a-backpack-es\/","name":"Stitch Colouring And Drawing Pop Up In A Backpack - Lisciani Giochi","isPartOf":{"@id":"https:\/\/www.liscianigiochi.com\/#website"},"primaryImageOfPage":{"@id":"https:\/\/www.liscianigiochi.com\/es\/shop\/juegos-creativos-es\/art-craft-coloring-es\/stitch-colouring-and-drawing-pop-up-in-a-backpack-es\/#primaryimage"},"image":{"@id":"https:\/\/www.liscianigiochi.com\/es\/shop\/juegos-creativos-es\/art-craft-coloring-es\/stitch-colouring-and-drawing-pop-up-in-a-backpack-es\/#primaryimage"},"thumbnailUrl":"https:\/\/mf.liscianigiochi.it:8443\/media\/110674\/0B17BF7B-5ACA-495A-B816-21F2D2FF69DE.jpg","datePublished":"2025-03-06T04:48:27+00:00","dateModified":"2026-04-03T04:23:25+00:00","breadcrumb":{"@id":"https:\/\/www.liscianigiochi.com\/es\/shop\/juegos-creativos-es\/art-craft-coloring-es\/stitch-colouring-and-drawing-pop-up-in-a-backpack-es\/#breadcrumb"},"inLanguage":"es-ES","potentialAction":[{"@type":"ReadAction","target":["https:\/\/www.liscianigiochi.com\/es\/shop\/juegos-creativos-es\/art-craft-coloring-es\/stitch-colouring-and-drawing-pop-up-in-a-backpack-es\/"]}]},{"@type":"ImageObject","inLanguage":"es-ES","@id":"https:\/\/www.liscianigiochi.com\/es\/shop\/juegos-creativos-es\/art-craft-coloring-es\/stitch-colouring-and-drawing-pop-up-in-a-backpack-es\/#primaryimage","url":"https:\/\/mf.liscianigiochi.it:8443\/media\/110674\/0B17BF7B-5ACA-495A-B816-21F2D2FF69DE.jpg","contentUrl":"https:\/\/mf.liscianigiochi.it:8443\/media\/110674\/0B17BF7B-5ACA-495A-B816-21F2D2FF69DE.jpg"},{"@type":"BreadcrumbList","@id":"https:\/\/www.liscianigiochi.com\/es\/shop\/juegos-creativos-es\/art-craft-coloring-es\/stitch-colouring-and-drawing-pop-up-in-a-backpack-es\/#breadcrumb","itemListElement":[{"@type":"ListItem","position":1,"name":"Home","item":"https:\/\/www.liscianigiochi.com\/es\/"},{"@type":"ListItem","position":2,"name":"Tienda","item":"https:\/\/lg.udnt.it\/es\/tienda\/"},{"@type":"ListItem","position":3,"name":"Stitch Colouring And Drawing Pop Up In A Backpack"}]},{"@type":"WebSite","@id":"https:\/\/www.liscianigiochi.com\/#website","url":"https:\/\/www.liscianigiochi.com\/","name":"Lisciani Giochi","description":"","publisher":{"@id":"https:\/\/www.liscianigiochi.com\/#organization"},"potentialAction":[{"@type":"SearchAction","target":{"@type":"EntryPoint","urlTemplate":"https:\/\/www.liscianigiochi.com\/?s={search_term_string}"},"query-input":{"@type":"PropertyValueSpecification","valueRequired":true,"valueName":"search_term_string"}}],"inLanguage":"es-ES"},{"@type":"Organization","@id":"https:\/\/www.liscianigiochi.com\/#organization","name":"Lisciani Giochi","url":"https:\/\/www.liscianigiochi.com\/","logo":{"@type":"ImageObject","inLanguage":"es-ES","@id":"https:\/\/www.liscianigiochi.com\/#\/schema\/logo\/image\/","url":"https:\/\/www.liscianigiochi.com\/wp-content\/uploads\/2023\/10\/Logo@2x.png","contentUrl":"https:\/\/www.liscianigiochi.com\/wp-content\/uploads\/2023\/10\/Logo@2x.png","width":384,"height":384,"caption":"Lisciani Giochi"},"image":{"@id":"https:\/\/www.liscianigiochi.com\/#\/schema\/logo\/image\/"},"sameAs":["https:\/\/www.facebook.com\/liscianigroup","https:\/\/www.instagram.com\/liscianigiochi\/"]}]}},"fifu_image_url":"https:\/\/mf.liscianigiochi.it:8443\/media\/110674\/0B17BF7B-5ACA-495A-B816-21F2D2FF69DE.jpg","_links":{"self":[{"href":"https:\/\/www.liscianigiochi.com\/es\/wp-json\/wp\/v2\/product\/1001630","targetHints":{"allow":["GET"]}}],"collection":[{"href":"https:\/\/www.liscianigiochi.com\/es\/wp-json\/wp\/v2\/product"}],"about":[{"href":"https:\/\/www.liscianigiochi.com\/es\/wp-json\/wp\/v2\/types\/product"}],"wp:featuredmedia":[{"embeddable":true,"href":"https:\/\/www.liscianigiochi.com\/es\/wp-json\/wp\/v2\/media\/1842825"}],"wp:attachment":[{"href":"https:\/\/www.liscianigiochi.com\/es\/wp-json\/wp\/v2\/media?parent=1001630"}],"wp:term":[{"taxonomy":"product_brand","embeddable":true,"href":"https:\/\/www.liscianigiochi.com\/es\/wp-json\/wp\/v2\/product_brand?post=1001630"},{"taxonomy":"product_cat","embeddable":true,"href":"https:\/\/www.liscianigiochi.com\/es\/wp-json\/wp\/v2\/product_cat?post=1001630"},{"taxonomy":"product_tag","embeddable":true,"href":"https:\/\/www.liscianigiochi.com\/es\/wp-json\/wp\/v2\/product_tag?post=1001630"}],"curies":[{"name":"wp","href":"https:\/\/api.w.org\/{rel}","templated":true}]}}