{"id":1448024,"date":"2025-06-12T11:37:29","date_gmt":"2025-06-12T09:37:29","guid":{"rendered":"https:\/\/www.liscianigiochi.com\/shop\/uncategorized\/the-moon-academy-moon-nail-art-es-2\/"},"modified":"2026-04-10T06:24:59","modified_gmt":"2026-04-10T04:24:59","slug":"the-moon-academy-moon-nail-art-es-2","status":"publish","type":"product","link":"https:\/\/www.liscianigiochi.com\/es\/shop\/juegos-creativos-es\/art-science-es\/the-moon-academy-moon-nail-art-es-2\/","title":{"rendered":"The Moon Academy Moon Nail Art"},"content":{"rendered":"<p>Ein reichhaltiges Set zur Herstellung vieler brillanter, farbver\u00e4ndernder, im Dunkeln leuchtender, magnetischer und Crackle-Nagellacke. F\u00fcr eine perfekte Manik\u00fcre nach den Standards der Moon Academy! Mit diesen fantastischen Nagellacken werden Ihre N\u00e4gel heller strahlen als der Mond und vor allem werden sie voller magischer Effekte sein!<\/p>\n","protected":false},"excerpt":{"rendered":"<p>Kreieren und individualisieren Sie Ihre eigenen magischen Nagellacke!<\/p>\n","protected":false},"featured_media":1474343,"template":"","meta":{"_acf_changed":false},"product_brand":[],"product_cat":[3399,2883],"product_tag":[3102,3104,3110,3249],"class_list":{"0":"post-1448024","1":"product","2":"type-product","3":"status-publish","4":"has-post-thumbnail","6":"product_cat-art-science-es","7":"product_cat-juegos-creativos-es","8":"product_tag-7-8-anos-es","9":"product_tag-9-anos-es","10":"product_tag-prodotto-lisciani-es","11":"product_tag-the-moon-academy-es","13":"first","14":"instock","15":"shipping-taxable","16":"product-type-simple"},"acf":[],"yoast_head":"<!-- This site is optimized with the Yoast SEO plugin v26.5 - https:\/\/yoast.com\/wordpress\/plugins\/seo\/ -->\n<title>The Moon Academy Moon Nail Art - Lisciani Giochi<\/title>\n<meta name=\"robots\" content=\"index, follow, max-snippet:-1, max-image-preview:large, max-video-preview:-1\" \/>\n<link rel=\"canonical\" href=\"https:\/\/www.liscianigiochi.com\/es\/shop\/uncategorized\/the-moon-academy-moon-nail-art-es-2\/\" \/>\n<meta property=\"og:locale\" content=\"es_ES\" \/>\n<meta property=\"og:type\" content=\"article\" \/>\n<meta property=\"og:title\" content=\"The Moon Academy Moon Nail Art - Lisciani Giochi\" \/>\n<meta property=\"og:description\" content=\"Kreieren und individualisieren Sie Ihre eigenen magischen Nagellacke!\" \/>\n<meta property=\"og:url\" content=\"https:\/\/www.liscianigiochi.com\/es\/shop\/uncategorized\/the-moon-academy-moon-nail-art-es-2\/\" \/>\n<meta property=\"og:site_name\" content=\"Lisciani Giochi\" \/>\n<meta property=\"article:publisher\" content=\"https:\/\/www.facebook.com\/liscianigroup\" \/>\n<meta property=\"article:modified_time\" content=\"2026-04-10T04:24:59+00:00\" \/>\n<meta property=\"og:image\" content=\"https:\/\/mf.liscianigiochi.it:8443\/media\/EX105649\/33639530-FB2A-44E3-909A-FCA971927428.jpg\" \/>\n<meta name=\"twitter:card\" content=\"summary_large_image\" \/>\n<meta name=\"twitter:image\" content=\"https:\/\/mf.liscianigiochi.it:8443\/media\/EX105649\/33639530-FB2A-44E3-909A-FCA971927428.jpg\" \/>\n<script type=\"application\/ld+json\" class=\"yoast-schema-graph\">{\"@context\":\"https:\/\/schema.org\",\"@graph\":[{\"@type\":\"WebPage\",\"@id\":\"https:\/\/www.liscianigiochi.com\/es\/shop\/uncategorized\/the-moon-academy-moon-nail-art-es-2\/\",\"url\":\"https:\/\/www.liscianigiochi.com\/es\/shop\/uncategorized\/the-moon-academy-moon-nail-art-es-2\/\",\"name\":\"The Moon Academy Moon Nail Art - Lisciani Giochi\",\"isPartOf\":{\"@id\":\"https:\/\/www.liscianigiochi.com\/#website\"},\"primaryImageOfPage\":{\"@id\":\"https:\/\/www.liscianigiochi.com\/es\/shop\/uncategorized\/the-moon-academy-moon-nail-art-es-2\/#primaryimage\"},\"image\":{\"@id\":\"https:\/\/www.liscianigiochi.com\/es\/shop\/uncategorized\/the-moon-academy-moon-nail-art-es-2\/#primaryimage\"},\"thumbnailUrl\":\"https:\/\/mf.liscianigiochi.it:8443\/media\/EX105649\/33639530-FB2A-44E3-909A-FCA971927428.jpg\",\"datePublished\":\"2025-06-12T09:37:29+00:00\",\"dateModified\":\"2026-04-10T04:24:59+00:00\",\"breadcrumb\":{\"@id\":\"https:\/\/www.liscianigiochi.com\/es\/shop\/uncategorized\/the-moon-academy-moon-nail-art-es-2\/#breadcrumb\"},\"inLanguage\":\"es-ES\",\"potentialAction\":[{\"@type\":\"ReadAction\",\"target\":[\"https:\/\/www.liscianigiochi.com\/es\/shop\/uncategorized\/the-moon-academy-moon-nail-art-es-2\/\"]}]},{\"@type\":\"ImageObject\",\"inLanguage\":\"es-ES\",\"@id\":\"https:\/\/www.liscianigiochi.com\/es\/shop\/uncategorized\/the-moon-academy-moon-nail-art-es-2\/#primaryimage\",\"url\":\"https:\/\/mf.liscianigiochi.it:8443\/media\/EX105649\/33639530-FB2A-44E3-909A-FCA971927428.jpg\",\"contentUrl\":\"https:\/\/mf.liscianigiochi.it:8443\/media\/EX105649\/33639530-FB2A-44E3-909A-FCA971927428.jpg\"},{\"@type\":\"BreadcrumbList\",\"@id\":\"https:\/\/www.liscianigiochi.com\/es\/shop\/uncategorized\/the-moon-academy-moon-nail-art-es-2\/#breadcrumb\",\"itemListElement\":[{\"@type\":\"ListItem\",\"position\":1,\"name\":\"Home\",\"item\":\"https:\/\/www.liscianigiochi.com\/es\/\"},{\"@type\":\"ListItem\",\"position\":2,\"name\":\"Tienda\",\"item\":\"https:\/\/lg.udnt.it\/es\/tienda\/\"},{\"@type\":\"ListItem\",\"position\":3,\"name\":\"The Moon Academy Moon Nail Art\"}]},{\"@type\":\"WebSite\",\"@id\":\"https:\/\/www.liscianigiochi.com\/#website\",\"url\":\"https:\/\/www.liscianigiochi.com\/\",\"name\":\"Lisciani Giochi\",\"description\":\"\",\"publisher\":{\"@id\":\"https:\/\/www.liscianigiochi.com\/#organization\"},\"potentialAction\":[{\"@type\":\"SearchAction\",\"target\":{\"@type\":\"EntryPoint\",\"urlTemplate\":\"https:\/\/www.liscianigiochi.com\/?s={search_term_string}\"},\"query-input\":{\"@type\":\"PropertyValueSpecification\",\"valueRequired\":true,\"valueName\":\"search_term_string\"}}],\"inLanguage\":\"es-ES\"},{\"@type\":\"Organization\",\"@id\":\"https:\/\/www.liscianigiochi.com\/#organization\",\"name\":\"Lisciani Giochi\",\"url\":\"https:\/\/www.liscianigiochi.com\/\",\"logo\":{\"@type\":\"ImageObject\",\"inLanguage\":\"es-ES\",\"@id\":\"https:\/\/www.liscianigiochi.com\/#\/schema\/logo\/image\/\",\"url\":\"https:\/\/www.liscianigiochi.com\/wp-content\/uploads\/2023\/10\/Logo@2x.png\",\"contentUrl\":\"https:\/\/www.liscianigiochi.com\/wp-content\/uploads\/2023\/10\/Logo@2x.png\",\"width\":384,\"height\":384,\"caption\":\"Lisciani Giochi\"},\"image\":{\"@id\":\"https:\/\/www.liscianigiochi.com\/#\/schema\/logo\/image\/\"},\"sameAs\":[\"https:\/\/www.facebook.com\/liscianigroup\",\"https:\/\/www.instagram.com\/liscianigiochi\/\"]}]}<\/script>\n<!-- \/ Yoast SEO plugin. -->","yoast_head_json":{"title":"The Moon Academy Moon Nail Art - Lisciani Giochi","robots":{"index":"index","follow":"follow","max-snippet":"max-snippet:-1","max-image-preview":"max-image-preview:large","max-video-preview":"max-video-preview:-1"},"canonical":"https:\/\/www.liscianigiochi.com\/es\/shop\/uncategorized\/the-moon-academy-moon-nail-art-es-2\/","og_locale":"es_ES","og_type":"article","og_title":"The Moon Academy Moon Nail Art - Lisciani Giochi","og_description":"Kreieren und individualisieren Sie Ihre eigenen magischen Nagellacke!","og_url":"https:\/\/www.liscianigiochi.com\/es\/shop\/uncategorized\/the-moon-academy-moon-nail-art-es-2\/","og_site_name":"Lisciani Giochi","article_publisher":"https:\/\/www.facebook.com\/liscianigroup","article_modified_time":"2026-04-10T04:24:59+00:00","og_image":[{"url":"https:\/\/mf.liscianigiochi.it:8443\/media\/EX105649\/33639530-FB2A-44E3-909A-FCA971927428.jpg","type":"","width":"","height":""}],"twitter_card":"summary_large_image","twitter_image":"https:\/\/mf.liscianigiochi.it:8443\/media\/EX105649\/33639530-FB2A-44E3-909A-FCA971927428.jpg","schema":{"@context":"https:\/\/schema.org","@graph":[{"@type":"WebPage","@id":"https:\/\/www.liscianigiochi.com\/es\/shop\/uncategorized\/the-moon-academy-moon-nail-art-es-2\/","url":"https:\/\/www.liscianigiochi.com\/es\/shop\/uncategorized\/the-moon-academy-moon-nail-art-es-2\/","name":"The Moon Academy Moon Nail Art - Lisciani Giochi","isPartOf":{"@id":"https:\/\/www.liscianigiochi.com\/#website"},"primaryImageOfPage":{"@id":"https:\/\/www.liscianigiochi.com\/es\/shop\/uncategorized\/the-moon-academy-moon-nail-art-es-2\/#primaryimage"},"image":{"@id":"https:\/\/www.liscianigiochi.com\/es\/shop\/uncategorized\/the-moon-academy-moon-nail-art-es-2\/#primaryimage"},"thumbnailUrl":"https:\/\/mf.liscianigiochi.it:8443\/media\/EX105649\/33639530-FB2A-44E3-909A-FCA971927428.jpg","datePublished":"2025-06-12T09:37:29+00:00","dateModified":"2026-04-10T04:24:59+00:00","breadcrumb":{"@id":"https:\/\/www.liscianigiochi.com\/es\/shop\/uncategorized\/the-moon-academy-moon-nail-art-es-2\/#breadcrumb"},"inLanguage":"es-ES","potentialAction":[{"@type":"ReadAction","target":["https:\/\/www.liscianigiochi.com\/es\/shop\/uncategorized\/the-moon-academy-moon-nail-art-es-2\/"]}]},{"@type":"ImageObject","inLanguage":"es-ES","@id":"https:\/\/www.liscianigiochi.com\/es\/shop\/uncategorized\/the-moon-academy-moon-nail-art-es-2\/#primaryimage","url":"https:\/\/mf.liscianigiochi.it:8443\/media\/EX105649\/33639530-FB2A-44E3-909A-FCA971927428.jpg","contentUrl":"https:\/\/mf.liscianigiochi.it:8443\/media\/EX105649\/33639530-FB2A-44E3-909A-FCA971927428.jpg"},{"@type":"BreadcrumbList","@id":"https:\/\/www.liscianigiochi.com\/es\/shop\/uncategorized\/the-moon-academy-moon-nail-art-es-2\/#breadcrumb","itemListElement":[{"@type":"ListItem","position":1,"name":"Home","item":"https:\/\/www.liscianigiochi.com\/es\/"},{"@type":"ListItem","position":2,"name":"Tienda","item":"https:\/\/lg.udnt.it\/es\/tienda\/"},{"@type":"ListItem","position":3,"name":"The Moon Academy Moon Nail Art"}]},{"@type":"WebSite","@id":"https:\/\/www.liscianigiochi.com\/#website","url":"https:\/\/www.liscianigiochi.com\/","name":"Lisciani Giochi","description":"","publisher":{"@id":"https:\/\/www.liscianigiochi.com\/#organization"},"potentialAction":[{"@type":"SearchAction","target":{"@type":"EntryPoint","urlTemplate":"https:\/\/www.liscianigiochi.com\/?s={search_term_string}"},"query-input":{"@type":"PropertyValueSpecification","valueRequired":true,"valueName":"search_term_string"}}],"inLanguage":"es-ES"},{"@type":"Organization","@id":"https:\/\/www.liscianigiochi.com\/#organization","name":"Lisciani Giochi","url":"https:\/\/www.liscianigiochi.com\/","logo":{"@type":"ImageObject","inLanguage":"es-ES","@id":"https:\/\/www.liscianigiochi.com\/#\/schema\/logo\/image\/","url":"https:\/\/www.liscianigiochi.com\/wp-content\/uploads\/2023\/10\/Logo@2x.png","contentUrl":"https:\/\/www.liscianigiochi.com\/wp-content\/uploads\/2023\/10\/Logo@2x.png","width":384,"height":384,"caption":"Lisciani Giochi"},"image":{"@id":"https:\/\/www.liscianigiochi.com\/#\/schema\/logo\/image\/"},"sameAs":["https:\/\/www.facebook.com\/liscianigroup","https:\/\/www.instagram.com\/liscianigiochi\/"]}]}},"fifu_image_url":"https:\/\/mf.liscianigiochi.it:8443\/media\/EX105649\/33639530-FB2A-44E3-909A-FCA971927428.jpg","_links":{"self":[{"href":"https:\/\/www.liscianigiochi.com\/es\/wp-json\/wp\/v2\/product\/1448024","targetHints":{"allow":["GET"]}}],"collection":[{"href":"https:\/\/www.liscianigiochi.com\/es\/wp-json\/wp\/v2\/product"}],"about":[{"href":"https:\/\/www.liscianigiochi.com\/es\/wp-json\/wp\/v2\/types\/product"}],"wp:featuredmedia":[{"embeddable":true,"href":"https:\/\/www.liscianigiochi.com\/es\/wp-json\/wp\/v2\/media\/1474343"}],"wp:attachment":[{"href":"https:\/\/www.liscianigiochi.com\/es\/wp-json\/wp\/v2\/media?parent=1448024"}],"wp:term":[{"taxonomy":"product_brand","embeddable":true,"href":"https:\/\/www.liscianigiochi.com\/es\/wp-json\/wp\/v2\/product_brand?post=1448024"},{"taxonomy":"product_cat","embeddable":true,"href":"https:\/\/www.liscianigiochi.com\/es\/wp-json\/wp\/v2\/product_cat?post=1448024"},{"taxonomy":"product_tag","embeddable":true,"href":"https:\/\/www.liscianigiochi.com\/es\/wp-json\/wp\/v2\/product_tag?post=1448024"}],"curies":[{"name":"wp","href":"https:\/\/api.w.org\/{rel}","templated":true}]}}