{"id":1733901,"date":"2025-11-18T05:16:10","date_gmt":"2025-11-18T04:16:10","guid":{"rendered":"https:\/\/www.liscianigiochi.com\/shop\/uncategorized\/hello-kitty-libro-de-agua-en-expositor-8-es\/"},"modified":"2026-04-03T06:26:20","modified_gmt":"2026-04-03T04:26:20","slug":"hello-kitty-libro-de-agua-en-expositor-8-es","status":"publish","type":"product","link":"https:\/\/www.liscianigiochi.com\/es\/shop\/libros-preescolares-con-licencia-es\/hello-kitty-libro-de-agua-en-expositor-8-es\/","title":{"rendered":"Hello Kitty Libro De Agua En Expositor 8"},"content":{"rendered":"<p>Un libro fant\u00e1stico hecho con un papel especial que revela los dibujos con agua. El libro est\u00e1 compuesto por p\u00e1ginas blancas que, al mojarse con el bol\u00edgrafo de agua, hacen aparecer im\u00e1genes ocultas. Despu\u00e9s de 5 a 10 minutos, las p\u00e1ginas se secan y los dibujos desaparecen de forma natural.<\/p>\n","protected":false},"excerpt":{"rendered":"<p>\u00a1Un libro fant\u00e1stico para descubrir con el bol\u00edgrafo m\u00e1gico de agua!<\/p>\n","protected":false},"featured_media":1755552,"template":"","meta":{"_acf_changed":false},"product_brand":[],"product_cat":[3382],"product_tag":[3097,3523],"class_list":{"0":"post-1733901","1":"product","2":"type-product","3":"status-publish","4":"has-post-thumbnail","6":"product_cat-libros-preescolares-con-licencia-es","7":"product_tag-3-4-anos-es","8":"product_tag-hello-kitty-es","10":"first","11":"instock","12":"shipping-taxable","13":"product-type-simple"},"acf":[],"yoast_head":"<!-- This site is optimized with the Yoast SEO plugin v26.5 - https:\/\/yoast.com\/wordpress\/plugins\/seo\/ -->\n<title>Hello Kitty Libro De Agua En Expositor 8 - Lisciani Giochi<\/title>\n<meta name=\"robots\" content=\"index, follow, max-snippet:-1, max-image-preview:large, max-video-preview:-1\" \/>\n<link rel=\"canonical\" href=\"https:\/\/www.liscianigiochi.com\/es\/shop\/uncategorized\/hello-kitty-libro-de-agua-en-expositor-8-es\/\" \/>\n<meta property=\"og:locale\" content=\"es_ES\" \/>\n<meta property=\"og:type\" content=\"article\" \/>\n<meta property=\"og:title\" content=\"Hello Kitty Libro De Agua En Expositor 8 - Lisciani Giochi\" \/>\n<meta property=\"og:description\" content=\"\u00a1Un libro fant\u00e1stico para descubrir con el bol\u00edgrafo m\u00e1gico de agua!\" \/>\n<meta property=\"og:url\" content=\"https:\/\/www.liscianigiochi.com\/es\/shop\/uncategorized\/hello-kitty-libro-de-agua-en-expositor-8-es\/\" \/>\n<meta property=\"og:site_name\" content=\"Lisciani Giochi\" \/>\n<meta property=\"article:publisher\" content=\"https:\/\/www.facebook.com\/liscianigroup\" \/>\n<meta property=\"article:modified_time\" content=\"2026-04-03T04:26:20+00:00\" \/>\n<meta property=\"og:image\" content=\"https:\/\/mf.liscianigiochi.it:8443\/media\/13263\/F89EE148-2C98-4BE8-99B6-9F7A8CEF30A1.jpg\" \/>\n<meta name=\"twitter:card\" content=\"summary_large_image\" \/>\n<meta name=\"twitter:image\" content=\"https:\/\/mf.liscianigiochi.it:8443\/media\/13263\/F89EE148-2C98-4BE8-99B6-9F7A8CEF30A1.jpg\" \/>\n<script type=\"application\/ld+json\" class=\"yoast-schema-graph\">{\"@context\":\"https:\/\/schema.org\",\"@graph\":[{\"@type\":\"WebPage\",\"@id\":\"https:\/\/www.liscianigiochi.com\/es\/shop\/uncategorized\/hello-kitty-libro-de-agua-en-expositor-8-es\/\",\"url\":\"https:\/\/www.liscianigiochi.com\/es\/shop\/uncategorized\/hello-kitty-libro-de-agua-en-expositor-8-es\/\",\"name\":\"Hello Kitty Libro De Agua En Expositor 8 - Lisciani Giochi\",\"isPartOf\":{\"@id\":\"https:\/\/www.liscianigiochi.com\/#website\"},\"primaryImageOfPage\":{\"@id\":\"https:\/\/www.liscianigiochi.com\/es\/shop\/uncategorized\/hello-kitty-libro-de-agua-en-expositor-8-es\/#primaryimage\"},\"image\":{\"@id\":\"https:\/\/www.liscianigiochi.com\/es\/shop\/uncategorized\/hello-kitty-libro-de-agua-en-expositor-8-es\/#primaryimage\"},\"thumbnailUrl\":\"https:\/\/mf.liscianigiochi.it:8443\/media\/13263\/F89EE148-2C98-4BE8-99B6-9F7A8CEF30A1.jpg\",\"datePublished\":\"2025-11-18T04:16:10+00:00\",\"dateModified\":\"2026-04-03T04:26:20+00:00\",\"breadcrumb\":{\"@id\":\"https:\/\/www.liscianigiochi.com\/es\/shop\/uncategorized\/hello-kitty-libro-de-agua-en-expositor-8-es\/#breadcrumb\"},\"inLanguage\":\"es-ES\",\"potentialAction\":[{\"@type\":\"ReadAction\",\"target\":[\"https:\/\/www.liscianigiochi.com\/es\/shop\/uncategorized\/hello-kitty-libro-de-agua-en-expositor-8-es\/\"]}]},{\"@type\":\"ImageObject\",\"inLanguage\":\"es-ES\",\"@id\":\"https:\/\/www.liscianigiochi.com\/es\/shop\/uncategorized\/hello-kitty-libro-de-agua-en-expositor-8-es\/#primaryimage\",\"url\":\"https:\/\/mf.liscianigiochi.it:8443\/media\/13263\/F89EE148-2C98-4BE8-99B6-9F7A8CEF30A1.jpg\",\"contentUrl\":\"https:\/\/mf.liscianigiochi.it:8443\/media\/13263\/F89EE148-2C98-4BE8-99B6-9F7A8CEF30A1.jpg\"},{\"@type\":\"BreadcrumbList\",\"@id\":\"https:\/\/www.liscianigiochi.com\/es\/shop\/uncategorized\/hello-kitty-libro-de-agua-en-expositor-8-es\/#breadcrumb\",\"itemListElement\":[{\"@type\":\"ListItem\",\"position\":1,\"name\":\"Home\",\"item\":\"https:\/\/www.liscianigiochi.com\/es\/\"},{\"@type\":\"ListItem\",\"position\":2,\"name\":\"Tienda\",\"item\":\"https:\/\/lg.udnt.it\/es\/tienda\/\"},{\"@type\":\"ListItem\",\"position\":3,\"name\":\"Hello Kitty Libro De Agua En Expositor 8\"}]},{\"@type\":\"WebSite\",\"@id\":\"https:\/\/www.liscianigiochi.com\/#website\",\"url\":\"https:\/\/www.liscianigiochi.com\/\",\"name\":\"Lisciani Giochi\",\"description\":\"\",\"publisher\":{\"@id\":\"https:\/\/www.liscianigiochi.com\/#organization\"},\"potentialAction\":[{\"@type\":\"SearchAction\",\"target\":{\"@type\":\"EntryPoint\",\"urlTemplate\":\"https:\/\/www.liscianigiochi.com\/?s={search_term_string}\"},\"query-input\":{\"@type\":\"PropertyValueSpecification\",\"valueRequired\":true,\"valueName\":\"search_term_string\"}}],\"inLanguage\":\"es-ES\"},{\"@type\":\"Organization\",\"@id\":\"https:\/\/www.liscianigiochi.com\/#organization\",\"name\":\"Lisciani Giochi\",\"url\":\"https:\/\/www.liscianigiochi.com\/\",\"logo\":{\"@type\":\"ImageObject\",\"inLanguage\":\"es-ES\",\"@id\":\"https:\/\/www.liscianigiochi.com\/#\/schema\/logo\/image\/\",\"url\":\"https:\/\/www.liscianigiochi.com\/wp-content\/uploads\/2023\/10\/Logo@2x.png\",\"contentUrl\":\"https:\/\/www.liscianigiochi.com\/wp-content\/uploads\/2023\/10\/Logo@2x.png\",\"width\":384,\"height\":384,\"caption\":\"Lisciani Giochi\"},\"image\":{\"@id\":\"https:\/\/www.liscianigiochi.com\/#\/schema\/logo\/image\/\"},\"sameAs\":[\"https:\/\/www.facebook.com\/liscianigroup\",\"https:\/\/www.instagram.com\/liscianigiochi\/\"]}]}<\/script>\n<!-- \/ Yoast SEO plugin. -->","yoast_head_json":{"title":"Hello Kitty Libro De Agua En Expositor 8 - Lisciani Giochi","robots":{"index":"index","follow":"follow","max-snippet":"max-snippet:-1","max-image-preview":"max-image-preview:large","max-video-preview":"max-video-preview:-1"},"canonical":"https:\/\/www.liscianigiochi.com\/es\/shop\/uncategorized\/hello-kitty-libro-de-agua-en-expositor-8-es\/","og_locale":"es_ES","og_type":"article","og_title":"Hello Kitty Libro De Agua En Expositor 8 - Lisciani Giochi","og_description":"\u00a1Un libro fant\u00e1stico para descubrir con el bol\u00edgrafo m\u00e1gico de agua!","og_url":"https:\/\/www.liscianigiochi.com\/es\/shop\/uncategorized\/hello-kitty-libro-de-agua-en-expositor-8-es\/","og_site_name":"Lisciani Giochi","article_publisher":"https:\/\/www.facebook.com\/liscianigroup","article_modified_time":"2026-04-03T04:26:20+00:00","og_image":[{"url":"https:\/\/mf.liscianigiochi.it:8443\/media\/13263\/F89EE148-2C98-4BE8-99B6-9F7A8CEF30A1.jpg","type":"","width":"","height":""}],"twitter_card":"summary_large_image","twitter_image":"https:\/\/mf.liscianigiochi.it:8443\/media\/13263\/F89EE148-2C98-4BE8-99B6-9F7A8CEF30A1.jpg","schema":{"@context":"https:\/\/schema.org","@graph":[{"@type":"WebPage","@id":"https:\/\/www.liscianigiochi.com\/es\/shop\/uncategorized\/hello-kitty-libro-de-agua-en-expositor-8-es\/","url":"https:\/\/www.liscianigiochi.com\/es\/shop\/uncategorized\/hello-kitty-libro-de-agua-en-expositor-8-es\/","name":"Hello Kitty Libro De Agua En Expositor 8 - Lisciani Giochi","isPartOf":{"@id":"https:\/\/www.liscianigiochi.com\/#website"},"primaryImageOfPage":{"@id":"https:\/\/www.liscianigiochi.com\/es\/shop\/uncategorized\/hello-kitty-libro-de-agua-en-expositor-8-es\/#primaryimage"},"image":{"@id":"https:\/\/www.liscianigiochi.com\/es\/shop\/uncategorized\/hello-kitty-libro-de-agua-en-expositor-8-es\/#primaryimage"},"thumbnailUrl":"https:\/\/mf.liscianigiochi.it:8443\/media\/13263\/F89EE148-2C98-4BE8-99B6-9F7A8CEF30A1.jpg","datePublished":"2025-11-18T04:16:10+00:00","dateModified":"2026-04-03T04:26:20+00:00","breadcrumb":{"@id":"https:\/\/www.liscianigiochi.com\/es\/shop\/uncategorized\/hello-kitty-libro-de-agua-en-expositor-8-es\/#breadcrumb"},"inLanguage":"es-ES","potentialAction":[{"@type":"ReadAction","target":["https:\/\/www.liscianigiochi.com\/es\/shop\/uncategorized\/hello-kitty-libro-de-agua-en-expositor-8-es\/"]}]},{"@type":"ImageObject","inLanguage":"es-ES","@id":"https:\/\/www.liscianigiochi.com\/es\/shop\/uncategorized\/hello-kitty-libro-de-agua-en-expositor-8-es\/#primaryimage","url":"https:\/\/mf.liscianigiochi.it:8443\/media\/13263\/F89EE148-2C98-4BE8-99B6-9F7A8CEF30A1.jpg","contentUrl":"https:\/\/mf.liscianigiochi.it:8443\/media\/13263\/F89EE148-2C98-4BE8-99B6-9F7A8CEF30A1.jpg"},{"@type":"BreadcrumbList","@id":"https:\/\/www.liscianigiochi.com\/es\/shop\/uncategorized\/hello-kitty-libro-de-agua-en-expositor-8-es\/#breadcrumb","itemListElement":[{"@type":"ListItem","position":1,"name":"Home","item":"https:\/\/www.liscianigiochi.com\/es\/"},{"@type":"ListItem","position":2,"name":"Tienda","item":"https:\/\/lg.udnt.it\/es\/tienda\/"},{"@type":"ListItem","position":3,"name":"Hello Kitty Libro De Agua En Expositor 8"}]},{"@type":"WebSite","@id":"https:\/\/www.liscianigiochi.com\/#website","url":"https:\/\/www.liscianigiochi.com\/","name":"Lisciani Giochi","description":"","publisher":{"@id":"https:\/\/www.liscianigiochi.com\/#organization"},"potentialAction":[{"@type":"SearchAction","target":{"@type":"EntryPoint","urlTemplate":"https:\/\/www.liscianigiochi.com\/?s={search_term_string}"},"query-input":{"@type":"PropertyValueSpecification","valueRequired":true,"valueName":"search_term_string"}}],"inLanguage":"es-ES"},{"@type":"Organization","@id":"https:\/\/www.liscianigiochi.com\/#organization","name":"Lisciani Giochi","url":"https:\/\/www.liscianigiochi.com\/","logo":{"@type":"ImageObject","inLanguage":"es-ES","@id":"https:\/\/www.liscianigiochi.com\/#\/schema\/logo\/image\/","url":"https:\/\/www.liscianigiochi.com\/wp-content\/uploads\/2023\/10\/Logo@2x.png","contentUrl":"https:\/\/www.liscianigiochi.com\/wp-content\/uploads\/2023\/10\/Logo@2x.png","width":384,"height":384,"caption":"Lisciani Giochi"},"image":{"@id":"https:\/\/www.liscianigiochi.com\/#\/schema\/logo\/image\/"},"sameAs":["https:\/\/www.facebook.com\/liscianigroup","https:\/\/www.instagram.com\/liscianigiochi\/"]}]}},"fifu_image_url":"https:\/\/mf.liscianigiochi.it:8443\/media\/13263\/F89EE148-2C98-4BE8-99B6-9F7A8CEF30A1.jpg","_links":{"self":[{"href":"https:\/\/www.liscianigiochi.com\/es\/wp-json\/wp\/v2\/product\/1733901","targetHints":{"allow":["GET"]}}],"collection":[{"href":"https:\/\/www.liscianigiochi.com\/es\/wp-json\/wp\/v2\/product"}],"about":[{"href":"https:\/\/www.liscianigiochi.com\/es\/wp-json\/wp\/v2\/types\/product"}],"wp:featuredmedia":[{"embeddable":true,"href":"https:\/\/www.liscianigiochi.com\/es\/wp-json\/wp\/v2\/media\/1755552"}],"wp:attachment":[{"href":"https:\/\/www.liscianigiochi.com\/es\/wp-json\/wp\/v2\/media?parent=1733901"}],"wp:term":[{"taxonomy":"product_brand","embeddable":true,"href":"https:\/\/www.liscianigiochi.com\/es\/wp-json\/wp\/v2\/product_brand?post=1733901"},{"taxonomy":"product_cat","embeddable":true,"href":"https:\/\/www.liscianigiochi.com\/es\/wp-json\/wp\/v2\/product_cat?post=1733901"},{"taxonomy":"product_tag","embeddable":true,"href":"https:\/\/www.liscianigiochi.com\/es\/wp-json\/wp\/v2\/product_tag?post=1733901"}],"curies":[{"name":"wp","href":"https:\/\/api.w.org\/{rel}","templated":true}]}}