{"id":1886577,"date":"2026-02-06T16:23:47","date_gmt":"2026-02-06T15:23:47","guid":{"rendered":"https:\/\/www.liscianigiochi.com\/shop\/uncategorized\/montessori-wood-cubo-sensorial-el-oceano-es\/"},"modified":"2026-04-17T06:27:18","modified_gmt":"2026-04-17T04:27:18","slug":"montessori-wood-cubo-sensorial-el-oceano-es","status":"publish","type":"product","link":"https:\/\/www.liscianigiochi.com\/es\/shop\/educativos-preescolares-baby-es\/montessori-madera-plus-es\/montessori-wood-cubo-sensorial-el-oceano-es\/","title":{"rendered":"Montessori Wood &#8211; Cubo Sensorial &#8211; El Oc\u00e9ano"},"content":{"rendered":"<p>Este cubo multiactividad en legno y dai colori vivaci acompa\u00f1a a tu piccolo explorador hasta la profundidad del mar, gi\u00e0 da 18 mesi di et\u00e0. Tambi\u00e9n puede ofrecer una aventura diversificada con los fascinantes animales marinos: los labirinti scorrevole ai giochi in forme a incastri autocorrettivi, dalla sabbia all piste sospese, el ni\u00f1o puede divertir\u00e0 a scoprire las diversas actividades, sviluppando le pi\u00f9 importanti habilidad. Cuando finaliza el juego, la tapa se reproduce de forma perfecta en el cubo, que siempre est\u00e1 en orden para el siguiente paso.<\/p>\n","protected":false},"excerpt":{"rendered":"<p>\u00a1Un juego educativo, para una yegua de divertimento!<\/p>\n","protected":false},"featured_media":1916245,"template":"","meta":{"_acf_changed":false},"product_brand":[],"product_cat":[2886,3410],"product_tag":[3107,3097,3122,3110],"class_list":{"0":"post-1886577","1":"product","2":"type-product","3":"status-publish","4":"has-post-thumbnail","6":"product_cat-educativos-preescolares-baby-es","7":"product_cat-montessori-madera-plus-es","8":"product_tag-1-2-anos-es","9":"product_tag-3-4-anos-es","10":"product_tag-giocare-educare-es","11":"product_tag-prodotto-lisciani-es","13":"first","14":"instock","15":"shipping-taxable","16":"product-type-simple"},"acf":[],"yoast_head":"<!-- This site is optimized with the Yoast SEO plugin v26.5 - https:\/\/yoast.com\/wordpress\/plugins\/seo\/ -->\n<title>Montessori Wood - Cubo Sensorial - El Oc\u00e9ano - Lisciani Giochi<\/title>\n<meta name=\"robots\" content=\"index, follow, max-snippet:-1, max-image-preview:large, max-video-preview:-1\" \/>\n<link rel=\"canonical\" href=\"https:\/\/www.liscianigiochi.com\/es\/shop\/uncategorized\/montessori-wood-cubo-sensorial-el-oceano-es\/\" \/>\n<meta property=\"og:locale\" content=\"es_ES\" \/>\n<meta property=\"og:type\" content=\"article\" \/>\n<meta property=\"og:title\" content=\"Montessori Wood - Cubo Sensorial - El Oc\u00e9ano - Lisciani Giochi\" \/>\n<meta property=\"og:description\" content=\"\u00a1Un juego educativo, para una yegua de divertimento!\" \/>\n<meta property=\"og:url\" content=\"https:\/\/www.liscianigiochi.com\/es\/shop\/uncategorized\/montessori-wood-cubo-sensorial-el-oceano-es\/\" \/>\n<meta property=\"og:site_name\" content=\"Lisciani Giochi\" \/>\n<meta property=\"article:publisher\" content=\"https:\/\/www.facebook.com\/liscianigroup\" \/>\n<meta property=\"article:modified_time\" content=\"2026-04-17T04:27:18+00:00\" \/>\n<meta property=\"og:image\" content=\"https:\/\/mf.liscianigiochi.it:8443\/media\/117819\/09018416-6B17-4D09-A414-9BEBF1E82F03.jpg\" \/>\n<meta name=\"twitter:card\" content=\"summary_large_image\" \/>\n<meta name=\"twitter:image\" content=\"https:\/\/mf.liscianigiochi.it:8443\/media\/117819\/09018416-6B17-4D09-A414-9BEBF1E82F03.jpg\" \/>\n<script type=\"application\/ld+json\" class=\"yoast-schema-graph\">{\"@context\":\"https:\/\/schema.org\",\"@graph\":[{\"@type\":\"WebPage\",\"@id\":\"https:\/\/www.liscianigiochi.com\/es\/shop\/uncategorized\/montessori-wood-cubo-sensorial-el-oceano-es\/\",\"url\":\"https:\/\/www.liscianigiochi.com\/es\/shop\/uncategorized\/montessori-wood-cubo-sensorial-el-oceano-es\/\",\"name\":\"Montessori Wood - Cubo Sensorial - El Oc\u00e9ano - Lisciani Giochi\",\"isPartOf\":{\"@id\":\"https:\/\/www.liscianigiochi.com\/#website\"},\"primaryImageOfPage\":{\"@id\":\"https:\/\/www.liscianigiochi.com\/es\/shop\/uncategorized\/montessori-wood-cubo-sensorial-el-oceano-es\/#primaryimage\"},\"image\":{\"@id\":\"https:\/\/www.liscianigiochi.com\/es\/shop\/uncategorized\/montessori-wood-cubo-sensorial-el-oceano-es\/#primaryimage\"},\"thumbnailUrl\":\"https:\/\/mf.liscianigiochi.it:8443\/media\/117819\/09018416-6B17-4D09-A414-9BEBF1E82F03.jpg\",\"datePublished\":\"2026-02-06T15:23:47+00:00\",\"dateModified\":\"2026-04-17T04:27:18+00:00\",\"breadcrumb\":{\"@id\":\"https:\/\/www.liscianigiochi.com\/es\/shop\/uncategorized\/montessori-wood-cubo-sensorial-el-oceano-es\/#breadcrumb\"},\"inLanguage\":\"es-ES\",\"potentialAction\":[{\"@type\":\"ReadAction\",\"target\":[\"https:\/\/www.liscianigiochi.com\/es\/shop\/uncategorized\/montessori-wood-cubo-sensorial-el-oceano-es\/\"]}]},{\"@type\":\"ImageObject\",\"inLanguage\":\"es-ES\",\"@id\":\"https:\/\/www.liscianigiochi.com\/es\/shop\/uncategorized\/montessori-wood-cubo-sensorial-el-oceano-es\/#primaryimage\",\"url\":\"https:\/\/mf.liscianigiochi.it:8443\/media\/117819\/09018416-6B17-4D09-A414-9BEBF1E82F03.jpg\",\"contentUrl\":\"https:\/\/mf.liscianigiochi.it:8443\/media\/117819\/09018416-6B17-4D09-A414-9BEBF1E82F03.jpg\"},{\"@type\":\"BreadcrumbList\",\"@id\":\"https:\/\/www.liscianigiochi.com\/es\/shop\/uncategorized\/montessori-wood-cubo-sensorial-el-oceano-es\/#breadcrumb\",\"itemListElement\":[{\"@type\":\"ListItem\",\"position\":1,\"name\":\"Home\",\"item\":\"https:\/\/www.liscianigiochi.com\/es\/\"},{\"@type\":\"ListItem\",\"position\":2,\"name\":\"Tienda\",\"item\":\"https:\/\/lg.udnt.it\/es\/tienda\/\"},{\"@type\":\"ListItem\",\"position\":3,\"name\":\"Montessori Wood &#8211; Cubo Sensorial &#8211; El Oc\u00e9ano\"}]},{\"@type\":\"WebSite\",\"@id\":\"https:\/\/www.liscianigiochi.com\/#website\",\"url\":\"https:\/\/www.liscianigiochi.com\/\",\"name\":\"Lisciani Giochi\",\"description\":\"\",\"publisher\":{\"@id\":\"https:\/\/www.liscianigiochi.com\/#organization\"},\"potentialAction\":[{\"@type\":\"SearchAction\",\"target\":{\"@type\":\"EntryPoint\",\"urlTemplate\":\"https:\/\/www.liscianigiochi.com\/?s={search_term_string}\"},\"query-input\":{\"@type\":\"PropertyValueSpecification\",\"valueRequired\":true,\"valueName\":\"search_term_string\"}}],\"inLanguage\":\"es-ES\"},{\"@type\":\"Organization\",\"@id\":\"https:\/\/www.liscianigiochi.com\/#organization\",\"name\":\"Lisciani Giochi\",\"url\":\"https:\/\/www.liscianigiochi.com\/\",\"logo\":{\"@type\":\"ImageObject\",\"inLanguage\":\"es-ES\",\"@id\":\"https:\/\/www.liscianigiochi.com\/#\/schema\/logo\/image\/\",\"url\":\"https:\/\/www.liscianigiochi.com\/wp-content\/uploads\/2023\/10\/Logo@2x.png\",\"contentUrl\":\"https:\/\/www.liscianigiochi.com\/wp-content\/uploads\/2023\/10\/Logo@2x.png\",\"width\":384,\"height\":384,\"caption\":\"Lisciani Giochi\"},\"image\":{\"@id\":\"https:\/\/www.liscianigiochi.com\/#\/schema\/logo\/image\/\"},\"sameAs\":[\"https:\/\/www.facebook.com\/liscianigroup\",\"https:\/\/www.instagram.com\/liscianigiochi\/\"]}]}<\/script>\n<!-- \/ Yoast SEO plugin. -->","yoast_head_json":{"title":"Montessori Wood - Cubo Sensorial - El Oc\u00e9ano - Lisciani Giochi","robots":{"index":"index","follow":"follow","max-snippet":"max-snippet:-1","max-image-preview":"max-image-preview:large","max-video-preview":"max-video-preview:-1"},"canonical":"https:\/\/www.liscianigiochi.com\/es\/shop\/uncategorized\/montessori-wood-cubo-sensorial-el-oceano-es\/","og_locale":"es_ES","og_type":"article","og_title":"Montessori Wood - Cubo Sensorial - El Oc\u00e9ano - Lisciani Giochi","og_description":"\u00a1Un juego educativo, para una yegua de divertimento!","og_url":"https:\/\/www.liscianigiochi.com\/es\/shop\/uncategorized\/montessori-wood-cubo-sensorial-el-oceano-es\/","og_site_name":"Lisciani Giochi","article_publisher":"https:\/\/www.facebook.com\/liscianigroup","article_modified_time":"2026-04-17T04:27:18+00:00","og_image":[{"url":"https:\/\/mf.liscianigiochi.it:8443\/media\/117819\/09018416-6B17-4D09-A414-9BEBF1E82F03.jpg","type":"","width":"","height":""}],"twitter_card":"summary_large_image","twitter_image":"https:\/\/mf.liscianigiochi.it:8443\/media\/117819\/09018416-6B17-4D09-A414-9BEBF1E82F03.jpg","schema":{"@context":"https:\/\/schema.org","@graph":[{"@type":"WebPage","@id":"https:\/\/www.liscianigiochi.com\/es\/shop\/uncategorized\/montessori-wood-cubo-sensorial-el-oceano-es\/","url":"https:\/\/www.liscianigiochi.com\/es\/shop\/uncategorized\/montessori-wood-cubo-sensorial-el-oceano-es\/","name":"Montessori Wood - Cubo Sensorial - El Oc\u00e9ano - Lisciani Giochi","isPartOf":{"@id":"https:\/\/www.liscianigiochi.com\/#website"},"primaryImageOfPage":{"@id":"https:\/\/www.liscianigiochi.com\/es\/shop\/uncategorized\/montessori-wood-cubo-sensorial-el-oceano-es\/#primaryimage"},"image":{"@id":"https:\/\/www.liscianigiochi.com\/es\/shop\/uncategorized\/montessori-wood-cubo-sensorial-el-oceano-es\/#primaryimage"},"thumbnailUrl":"https:\/\/mf.liscianigiochi.it:8443\/media\/117819\/09018416-6B17-4D09-A414-9BEBF1E82F03.jpg","datePublished":"2026-02-06T15:23:47+00:00","dateModified":"2026-04-17T04:27:18+00:00","breadcrumb":{"@id":"https:\/\/www.liscianigiochi.com\/es\/shop\/uncategorized\/montessori-wood-cubo-sensorial-el-oceano-es\/#breadcrumb"},"inLanguage":"es-ES","potentialAction":[{"@type":"ReadAction","target":["https:\/\/www.liscianigiochi.com\/es\/shop\/uncategorized\/montessori-wood-cubo-sensorial-el-oceano-es\/"]}]},{"@type":"ImageObject","inLanguage":"es-ES","@id":"https:\/\/www.liscianigiochi.com\/es\/shop\/uncategorized\/montessori-wood-cubo-sensorial-el-oceano-es\/#primaryimage","url":"https:\/\/mf.liscianigiochi.it:8443\/media\/117819\/09018416-6B17-4D09-A414-9BEBF1E82F03.jpg","contentUrl":"https:\/\/mf.liscianigiochi.it:8443\/media\/117819\/09018416-6B17-4D09-A414-9BEBF1E82F03.jpg"},{"@type":"BreadcrumbList","@id":"https:\/\/www.liscianigiochi.com\/es\/shop\/uncategorized\/montessori-wood-cubo-sensorial-el-oceano-es\/#breadcrumb","itemListElement":[{"@type":"ListItem","position":1,"name":"Home","item":"https:\/\/www.liscianigiochi.com\/es\/"},{"@type":"ListItem","position":2,"name":"Tienda","item":"https:\/\/lg.udnt.it\/es\/tienda\/"},{"@type":"ListItem","position":3,"name":"Montessori Wood &#8211; Cubo Sensorial &#8211; El Oc\u00e9ano"}]},{"@type":"WebSite","@id":"https:\/\/www.liscianigiochi.com\/#website","url":"https:\/\/www.liscianigiochi.com\/","name":"Lisciani Giochi","description":"","publisher":{"@id":"https:\/\/www.liscianigiochi.com\/#organization"},"potentialAction":[{"@type":"SearchAction","target":{"@type":"EntryPoint","urlTemplate":"https:\/\/www.liscianigiochi.com\/?s={search_term_string}"},"query-input":{"@type":"PropertyValueSpecification","valueRequired":true,"valueName":"search_term_string"}}],"inLanguage":"es-ES"},{"@type":"Organization","@id":"https:\/\/www.liscianigiochi.com\/#organization","name":"Lisciani Giochi","url":"https:\/\/www.liscianigiochi.com\/","logo":{"@type":"ImageObject","inLanguage":"es-ES","@id":"https:\/\/www.liscianigiochi.com\/#\/schema\/logo\/image\/","url":"https:\/\/www.liscianigiochi.com\/wp-content\/uploads\/2023\/10\/Logo@2x.png","contentUrl":"https:\/\/www.liscianigiochi.com\/wp-content\/uploads\/2023\/10\/Logo@2x.png","width":384,"height":384,"caption":"Lisciani Giochi"},"image":{"@id":"https:\/\/www.liscianigiochi.com\/#\/schema\/logo\/image\/"},"sameAs":["https:\/\/www.facebook.com\/liscianigroup","https:\/\/www.instagram.com\/liscianigiochi\/"]}]}},"fifu_image_url":"https:\/\/mf.liscianigiochi.it:8443\/media\/117819\/09018416-6B17-4D09-A414-9BEBF1E82F03.jpg","_links":{"self":[{"href":"https:\/\/www.liscianigiochi.com\/es\/wp-json\/wp\/v2\/product\/1886577","targetHints":{"allow":["GET"]}}],"collection":[{"href":"https:\/\/www.liscianigiochi.com\/es\/wp-json\/wp\/v2\/product"}],"about":[{"href":"https:\/\/www.liscianigiochi.com\/es\/wp-json\/wp\/v2\/types\/product"}],"wp:featuredmedia":[{"embeddable":true,"href":"https:\/\/www.liscianigiochi.com\/es\/wp-json\/wp\/v2\/media\/1916245"}],"wp:attachment":[{"href":"https:\/\/www.liscianigiochi.com\/es\/wp-json\/wp\/v2\/media?parent=1886577"}],"wp:term":[{"taxonomy":"product_brand","embeddable":true,"href":"https:\/\/www.liscianigiochi.com\/es\/wp-json\/wp\/v2\/product_brand?post=1886577"},{"taxonomy":"product_cat","embeddable":true,"href":"https:\/\/www.liscianigiochi.com\/es\/wp-json\/wp\/v2\/product_cat?post=1886577"},{"taxonomy":"product_tag","embeddable":true,"href":"https:\/\/www.liscianigiochi.com\/es\/wp-json\/wp\/v2\/product_tag?post=1886577"}],"curies":[{"name":"wp","href":"https:\/\/api.w.org\/{rel}","templated":true}]}}