{"id":1886708,"date":"2026-02-06T16:25:34","date_gmt":"2026-02-06T15:25:34","guid":{"rendered":"https:\/\/www.liscianigiochi.com\/shop\/uncategorized\/disney-puzzle-df-plus-250-stitch-es\/"},"modified":"2026-04-03T06:26:55","modified_gmt":"2026-04-03T04:26:55","slug":"disney-puzzle-df-plus-250-stitch-es","status":"publish","type":"product","link":"https:\/\/www.liscianigiochi.com\/es\/shop\/puzles-para-ninos-es\/puzzle-plus-250-es\/disney-puzzle-df-plus-250-stitch-es\/","title":{"rendered":"Disney Puzzle Df Plus 250 Stitch"},"content":{"rendered":"<p>Reconstruye los escenarios de tus dibujos animados favoritos y, tras completar el rompecabezas, \u00a1la diversi\u00f3n contin\u00faa! En la parte posterior del tablero encontrar\u00e1s una escena en blanco y negro para colorear.<\/p>\n","protected":false},"excerpt":{"rendered":"<p>\u00a1Reconstruye y colorea las escenas m\u00e1s bellas de tus dibujos animados favoritos!<\/p>\n","protected":false},"featured_media":1903042,"template":"","meta":{"_acf_changed":false},"product_brand":[],"product_cat":[2885,2915],"product_tag":[3102,3111],"class_list":{"0":"post-1886708","1":"product","2":"type-product","3":"status-publish","4":"has-post-thumbnail","6":"product_cat-puzles-para-ninos-es","7":"product_cat-puzzle-plus-250-es","8":"product_tag-7-8-anos-es","9":"product_tag-disney-giocattolo-es","11":"first","12":"instock","13":"shipping-taxable","14":"product-type-simple"},"acf":[],"yoast_head":"<!-- This site is optimized with the Yoast SEO plugin v26.5 - https:\/\/yoast.com\/wordpress\/plugins\/seo\/ -->\n<title>Disney Puzzle Df Plus 250 Stitch - Lisciani Giochi<\/title>\n<meta name=\"robots\" content=\"index, follow, max-snippet:-1, max-image-preview:large, max-video-preview:-1\" \/>\n<link rel=\"canonical\" href=\"https:\/\/www.liscianigiochi.com\/es\/shop\/puzles-para-ninos-es\/puzzle-plus-250-es\/disney-puzzle-df-plus-250-stitch-es\/\" \/>\n<meta property=\"og:locale\" content=\"es_ES\" \/>\n<meta property=\"og:type\" content=\"article\" \/>\n<meta property=\"og:title\" content=\"Disney Puzzle Df Plus 250 Stitch - Lisciani Giochi\" \/>\n<meta property=\"og:description\" content=\"\u00a1Reconstruye y colorea las escenas m\u00e1s bellas de tus dibujos animados favoritos!\" \/>\n<meta property=\"og:url\" content=\"https:\/\/www.liscianigiochi.com\/es\/shop\/puzles-para-ninos-es\/puzzle-plus-250-es\/disney-puzzle-df-plus-250-stitch-es\/\" \/>\n<meta property=\"og:site_name\" content=\"Lisciani Giochi\" \/>\n<meta property=\"article:publisher\" content=\"https:\/\/www.facebook.com\/liscianigroup\" \/>\n<meta property=\"article:modified_time\" content=\"2026-04-03T04:26:55+00:00\" \/>\n<meta property=\"og:image\" content=\"https:\/\/mf.liscianigiochi.it:8443\/media\/116850\/1872BA04-BE99-48FD-9700-D4732037FB61.jpg\" \/>\n<meta name=\"twitter:card\" content=\"summary_large_image\" \/>\n<meta name=\"twitter:image\" content=\"https:\/\/mf.liscianigiochi.it:8443\/media\/116850\/1872BA04-BE99-48FD-9700-D4732037FB61.jpg\" \/>\n<script type=\"application\/ld+json\" class=\"yoast-schema-graph\">{\"@context\":\"https:\/\/schema.org\",\"@graph\":[{\"@type\":\"WebPage\",\"@id\":\"https:\/\/www.liscianigiochi.com\/es\/shop\/puzles-para-ninos-es\/puzzle-plus-250-es\/disney-puzzle-df-plus-250-stitch-es\/\",\"url\":\"https:\/\/www.liscianigiochi.com\/es\/shop\/puzles-para-ninos-es\/puzzle-plus-250-es\/disney-puzzle-df-plus-250-stitch-es\/\",\"name\":\"Disney Puzzle Df Plus 250 Stitch - Lisciani Giochi\",\"isPartOf\":{\"@id\":\"https:\/\/www.liscianigiochi.com\/#website\"},\"primaryImageOfPage\":{\"@id\":\"https:\/\/www.liscianigiochi.com\/es\/shop\/puzles-para-ninos-es\/puzzle-plus-250-es\/disney-puzzle-df-plus-250-stitch-es\/#primaryimage\"},\"image\":{\"@id\":\"https:\/\/www.liscianigiochi.com\/es\/shop\/puzles-para-ninos-es\/puzzle-plus-250-es\/disney-puzzle-df-plus-250-stitch-es\/#primaryimage\"},\"thumbnailUrl\":\"https:\/\/mf.liscianigiochi.it:8443\/media\/116850\/1872BA04-BE99-48FD-9700-D4732037FB61.jpg\",\"datePublished\":\"2026-02-06T15:25:34+00:00\",\"dateModified\":\"2026-04-03T04:26:55+00:00\",\"breadcrumb\":{\"@id\":\"https:\/\/www.liscianigiochi.com\/es\/shop\/puzles-para-ninos-es\/puzzle-plus-250-es\/disney-puzzle-df-plus-250-stitch-es\/#breadcrumb\"},\"inLanguage\":\"es-ES\",\"potentialAction\":[{\"@type\":\"ReadAction\",\"target\":[\"https:\/\/www.liscianigiochi.com\/es\/shop\/puzles-para-ninos-es\/puzzle-plus-250-es\/disney-puzzle-df-plus-250-stitch-es\/\"]}]},{\"@type\":\"ImageObject\",\"inLanguage\":\"es-ES\",\"@id\":\"https:\/\/www.liscianigiochi.com\/es\/shop\/puzles-para-ninos-es\/puzzle-plus-250-es\/disney-puzzle-df-plus-250-stitch-es\/#primaryimage\",\"url\":\"https:\/\/mf.liscianigiochi.it:8443\/media\/116850\/1872BA04-BE99-48FD-9700-D4732037FB61.jpg\",\"contentUrl\":\"https:\/\/mf.liscianigiochi.it:8443\/media\/116850\/1872BA04-BE99-48FD-9700-D4732037FB61.jpg\"},{\"@type\":\"BreadcrumbList\",\"@id\":\"https:\/\/www.liscianigiochi.com\/es\/shop\/puzles-para-ninos-es\/puzzle-plus-250-es\/disney-puzzle-df-plus-250-stitch-es\/#breadcrumb\",\"itemListElement\":[{\"@type\":\"ListItem\",\"position\":1,\"name\":\"Home\",\"item\":\"https:\/\/www.liscianigiochi.com\/es\/\"},{\"@type\":\"ListItem\",\"position\":2,\"name\":\"Tienda\",\"item\":\"https:\/\/lg.udnt.it\/es\/tienda\/\"},{\"@type\":\"ListItem\",\"position\":3,\"name\":\"Disney Puzzle Df Plus 250 Stitch\"}]},{\"@type\":\"WebSite\",\"@id\":\"https:\/\/www.liscianigiochi.com\/#website\",\"url\":\"https:\/\/www.liscianigiochi.com\/\",\"name\":\"Lisciani Giochi\",\"description\":\"\",\"publisher\":{\"@id\":\"https:\/\/www.liscianigiochi.com\/#organization\"},\"potentialAction\":[{\"@type\":\"SearchAction\",\"target\":{\"@type\":\"EntryPoint\",\"urlTemplate\":\"https:\/\/www.liscianigiochi.com\/?s={search_term_string}\"},\"query-input\":{\"@type\":\"PropertyValueSpecification\",\"valueRequired\":true,\"valueName\":\"search_term_string\"}}],\"inLanguage\":\"es-ES\"},{\"@type\":\"Organization\",\"@id\":\"https:\/\/www.liscianigiochi.com\/#organization\",\"name\":\"Lisciani Giochi\",\"url\":\"https:\/\/www.liscianigiochi.com\/\",\"logo\":{\"@type\":\"ImageObject\",\"inLanguage\":\"es-ES\",\"@id\":\"https:\/\/www.liscianigiochi.com\/#\/schema\/logo\/image\/\",\"url\":\"https:\/\/www.liscianigiochi.com\/wp-content\/uploads\/2023\/10\/Logo@2x.png\",\"contentUrl\":\"https:\/\/www.liscianigiochi.com\/wp-content\/uploads\/2023\/10\/Logo@2x.png\",\"width\":384,\"height\":384,\"caption\":\"Lisciani Giochi\"},\"image\":{\"@id\":\"https:\/\/www.liscianigiochi.com\/#\/schema\/logo\/image\/\"},\"sameAs\":[\"https:\/\/www.facebook.com\/liscianigroup\",\"https:\/\/www.instagram.com\/liscianigiochi\/\"]}]}<\/script>\n<!-- \/ Yoast SEO plugin. -->","yoast_head_json":{"title":"Disney Puzzle Df Plus 250 Stitch - Lisciani Giochi","robots":{"index":"index","follow":"follow","max-snippet":"max-snippet:-1","max-image-preview":"max-image-preview:large","max-video-preview":"max-video-preview:-1"},"canonical":"https:\/\/www.liscianigiochi.com\/es\/shop\/puzles-para-ninos-es\/puzzle-plus-250-es\/disney-puzzle-df-plus-250-stitch-es\/","og_locale":"es_ES","og_type":"article","og_title":"Disney Puzzle Df Plus 250 Stitch - Lisciani Giochi","og_description":"\u00a1Reconstruye y colorea las escenas m\u00e1s bellas de tus dibujos animados favoritos!","og_url":"https:\/\/www.liscianigiochi.com\/es\/shop\/puzles-para-ninos-es\/puzzle-plus-250-es\/disney-puzzle-df-plus-250-stitch-es\/","og_site_name":"Lisciani Giochi","article_publisher":"https:\/\/www.facebook.com\/liscianigroup","article_modified_time":"2026-04-03T04:26:55+00:00","og_image":[{"url":"https:\/\/mf.liscianigiochi.it:8443\/media\/116850\/1872BA04-BE99-48FD-9700-D4732037FB61.jpg","type":"","width":"","height":""}],"twitter_card":"summary_large_image","twitter_image":"https:\/\/mf.liscianigiochi.it:8443\/media\/116850\/1872BA04-BE99-48FD-9700-D4732037FB61.jpg","schema":{"@context":"https:\/\/schema.org","@graph":[{"@type":"WebPage","@id":"https:\/\/www.liscianigiochi.com\/es\/shop\/puzles-para-ninos-es\/puzzle-plus-250-es\/disney-puzzle-df-plus-250-stitch-es\/","url":"https:\/\/www.liscianigiochi.com\/es\/shop\/puzles-para-ninos-es\/puzzle-plus-250-es\/disney-puzzle-df-plus-250-stitch-es\/","name":"Disney Puzzle Df Plus 250 Stitch - Lisciani Giochi","isPartOf":{"@id":"https:\/\/www.liscianigiochi.com\/#website"},"primaryImageOfPage":{"@id":"https:\/\/www.liscianigiochi.com\/es\/shop\/puzles-para-ninos-es\/puzzle-plus-250-es\/disney-puzzle-df-plus-250-stitch-es\/#primaryimage"},"image":{"@id":"https:\/\/www.liscianigiochi.com\/es\/shop\/puzles-para-ninos-es\/puzzle-plus-250-es\/disney-puzzle-df-plus-250-stitch-es\/#primaryimage"},"thumbnailUrl":"https:\/\/mf.liscianigiochi.it:8443\/media\/116850\/1872BA04-BE99-48FD-9700-D4732037FB61.jpg","datePublished":"2026-02-06T15:25:34+00:00","dateModified":"2026-04-03T04:26:55+00:00","breadcrumb":{"@id":"https:\/\/www.liscianigiochi.com\/es\/shop\/puzles-para-ninos-es\/puzzle-plus-250-es\/disney-puzzle-df-plus-250-stitch-es\/#breadcrumb"},"inLanguage":"es-ES","potentialAction":[{"@type":"ReadAction","target":["https:\/\/www.liscianigiochi.com\/es\/shop\/puzles-para-ninos-es\/puzzle-plus-250-es\/disney-puzzle-df-plus-250-stitch-es\/"]}]},{"@type":"ImageObject","inLanguage":"es-ES","@id":"https:\/\/www.liscianigiochi.com\/es\/shop\/puzles-para-ninos-es\/puzzle-plus-250-es\/disney-puzzle-df-plus-250-stitch-es\/#primaryimage","url":"https:\/\/mf.liscianigiochi.it:8443\/media\/116850\/1872BA04-BE99-48FD-9700-D4732037FB61.jpg","contentUrl":"https:\/\/mf.liscianigiochi.it:8443\/media\/116850\/1872BA04-BE99-48FD-9700-D4732037FB61.jpg"},{"@type":"BreadcrumbList","@id":"https:\/\/www.liscianigiochi.com\/es\/shop\/puzles-para-ninos-es\/puzzle-plus-250-es\/disney-puzzle-df-plus-250-stitch-es\/#breadcrumb","itemListElement":[{"@type":"ListItem","position":1,"name":"Home","item":"https:\/\/www.liscianigiochi.com\/es\/"},{"@type":"ListItem","position":2,"name":"Tienda","item":"https:\/\/lg.udnt.it\/es\/tienda\/"},{"@type":"ListItem","position":3,"name":"Disney Puzzle Df Plus 250 Stitch"}]},{"@type":"WebSite","@id":"https:\/\/www.liscianigiochi.com\/#website","url":"https:\/\/www.liscianigiochi.com\/","name":"Lisciani Giochi","description":"","publisher":{"@id":"https:\/\/www.liscianigiochi.com\/#organization"},"potentialAction":[{"@type":"SearchAction","target":{"@type":"EntryPoint","urlTemplate":"https:\/\/www.liscianigiochi.com\/?s={search_term_string}"},"query-input":{"@type":"PropertyValueSpecification","valueRequired":true,"valueName":"search_term_string"}}],"inLanguage":"es-ES"},{"@type":"Organization","@id":"https:\/\/www.liscianigiochi.com\/#organization","name":"Lisciani Giochi","url":"https:\/\/www.liscianigiochi.com\/","logo":{"@type":"ImageObject","inLanguage":"es-ES","@id":"https:\/\/www.liscianigiochi.com\/#\/schema\/logo\/image\/","url":"https:\/\/www.liscianigiochi.com\/wp-content\/uploads\/2023\/10\/Logo@2x.png","contentUrl":"https:\/\/www.liscianigiochi.com\/wp-content\/uploads\/2023\/10\/Logo@2x.png","width":384,"height":384,"caption":"Lisciani Giochi"},"image":{"@id":"https:\/\/www.liscianigiochi.com\/#\/schema\/logo\/image\/"},"sameAs":["https:\/\/www.facebook.com\/liscianigroup","https:\/\/www.instagram.com\/liscianigiochi\/"]}]}},"fifu_image_url":"https:\/\/mf.liscianigiochi.it:8443\/media\/116850\/1872BA04-BE99-48FD-9700-D4732037FB61.jpg","_links":{"self":[{"href":"https:\/\/www.liscianigiochi.com\/es\/wp-json\/wp\/v2\/product\/1886708","targetHints":{"allow":["GET"]}}],"collection":[{"href":"https:\/\/www.liscianigiochi.com\/es\/wp-json\/wp\/v2\/product"}],"about":[{"href":"https:\/\/www.liscianigiochi.com\/es\/wp-json\/wp\/v2\/types\/product"}],"wp:featuredmedia":[{"embeddable":true,"href":"https:\/\/www.liscianigiochi.com\/es\/wp-json\/wp\/v2\/media\/1903042"}],"wp:attachment":[{"href":"https:\/\/www.liscianigiochi.com\/es\/wp-json\/wp\/v2\/media?parent=1886708"}],"wp:term":[{"taxonomy":"product_brand","embeddable":true,"href":"https:\/\/www.liscianigiochi.com\/es\/wp-json\/wp\/v2\/product_brand?post=1886708"},{"taxonomy":"product_cat","embeddable":true,"href":"https:\/\/www.liscianigiochi.com\/es\/wp-json\/wp\/v2\/product_cat?post=1886708"},{"taxonomy":"product_tag","embeddable":true,"href":"https:\/\/www.liscianigiochi.com\/es\/wp-json\/wp\/v2\/product_tag?post=1886708"}],"curies":[{"name":"wp","href":"https:\/\/api.w.org\/{rel}","templated":true}]}}