{"id":1887416,"date":"2026-02-06T16:34:09","date_gmt":"2026-02-06T15:34:09","guid":{"rendered":"https:\/\/www.liscianigiochi.com\/shop\/uncategorized\/care-bears-set-de-maquillaje-es\/"},"modified":"2026-04-03T06:27:26","modified_gmt":"2026-04-03T04:27:26","slug":"care-bears-set-de-maquillaje-es","status":"publish","type":"product","link":"https:\/\/www.liscianigiochi.com\/es\/shop\/juegos-creativos-es\/care-bears-set-de-maquillaje-es\/","title":{"rendered":"Care Bears Set De Maquillaje"},"content":{"rendered":"<p>\u00a1Descubre el fant\u00e1stico mundo del maquillaje con el Set de Maquillaje Care Bears, pensado para las peque\u00f1as fans de los adorables Ositos Cari\u00f1osos! Un kit colorido y seguro para jugar a maquillarse de forma creativa y divertida.<\/p>\n","protected":false},"excerpt":{"rendered":"<p>\u00a1Tu primer set de maquillaje, tan m\u00e1gico como un abrazo de los Care Bears!<\/p>\n","protected":false},"featured_media":1916780,"template":"","meta":{"_acf_changed":false},"product_brand":[],"product_cat":[2883],"product_tag":[3099],"class_list":{"0":"post-1887416","1":"product","2":"type-product","3":"status-publish","4":"has-post-thumbnail","6":"product_cat-juegos-creativos-es","7":"product_tag-5-6-anos-es","9":"first","10":"instock","11":"shipping-taxable","12":"product-type-simple"},"acf":[],"yoast_head":"<!-- This site is optimized with the Yoast SEO plugin v26.5 - https:\/\/yoast.com\/wordpress\/plugins\/seo\/ -->\n<title>Care Bears Set De Maquillaje - Lisciani Giochi<\/title>\n<meta name=\"robots\" content=\"index, follow, max-snippet:-1, max-image-preview:large, max-video-preview:-1\" \/>\n<link rel=\"canonical\" href=\"https:\/\/www.liscianigiochi.com\/es\/shop\/uncategorized\/care-bears-set-de-maquillaje-es\/\" \/>\n<meta property=\"og:locale\" content=\"es_ES\" \/>\n<meta property=\"og:type\" content=\"article\" \/>\n<meta property=\"og:title\" content=\"Care Bears Set De Maquillaje - Lisciani Giochi\" \/>\n<meta property=\"og:description\" content=\"\u00a1Tu primer set de maquillaje, tan m\u00e1gico como un abrazo de los Care Bears!\" \/>\n<meta property=\"og:url\" content=\"https:\/\/www.liscianigiochi.com\/es\/shop\/uncategorized\/care-bears-set-de-maquillaje-es\/\" \/>\n<meta property=\"og:site_name\" content=\"Lisciani Giochi\" \/>\n<meta property=\"article:publisher\" content=\"https:\/\/www.facebook.com\/liscianigroup\" \/>\n<meta property=\"article:modified_time\" content=\"2026-04-03T04:27:26+00:00\" \/>\n<meta property=\"og:image\" content=\"https:\/\/mf.liscianigiochi.it:8443\/media\/117475\/A7CF1B6D-E8C1-409F-87C2-D8A7C3E7B3E4.jpg\" \/>\n<meta name=\"twitter:card\" content=\"summary_large_image\" \/>\n<meta name=\"twitter:image\" content=\"https:\/\/mf.liscianigiochi.it:8443\/media\/117475\/A7CF1B6D-E8C1-409F-87C2-D8A7C3E7B3E4.jpg\" \/>\n<script type=\"application\/ld+json\" class=\"yoast-schema-graph\">{\"@context\":\"https:\/\/schema.org\",\"@graph\":[{\"@type\":\"WebPage\",\"@id\":\"https:\/\/www.liscianigiochi.com\/es\/shop\/uncategorized\/care-bears-set-de-maquillaje-es\/\",\"url\":\"https:\/\/www.liscianigiochi.com\/es\/shop\/uncategorized\/care-bears-set-de-maquillaje-es\/\",\"name\":\"Care Bears Set De Maquillaje - Lisciani Giochi\",\"isPartOf\":{\"@id\":\"https:\/\/www.liscianigiochi.com\/#website\"},\"primaryImageOfPage\":{\"@id\":\"https:\/\/www.liscianigiochi.com\/es\/shop\/uncategorized\/care-bears-set-de-maquillaje-es\/#primaryimage\"},\"image\":{\"@id\":\"https:\/\/www.liscianigiochi.com\/es\/shop\/uncategorized\/care-bears-set-de-maquillaje-es\/#primaryimage\"},\"thumbnailUrl\":\"https:\/\/mf.liscianigiochi.it:8443\/media\/117475\/A7CF1B6D-E8C1-409F-87C2-D8A7C3E7B3E4.jpg\",\"datePublished\":\"2026-02-06T15:34:09+00:00\",\"dateModified\":\"2026-04-03T04:27:26+00:00\",\"breadcrumb\":{\"@id\":\"https:\/\/www.liscianigiochi.com\/es\/shop\/uncategorized\/care-bears-set-de-maquillaje-es\/#breadcrumb\"},\"inLanguage\":\"es-ES\",\"potentialAction\":[{\"@type\":\"ReadAction\",\"target\":[\"https:\/\/www.liscianigiochi.com\/es\/shop\/uncategorized\/care-bears-set-de-maquillaje-es\/\"]}]},{\"@type\":\"ImageObject\",\"inLanguage\":\"es-ES\",\"@id\":\"https:\/\/www.liscianigiochi.com\/es\/shop\/uncategorized\/care-bears-set-de-maquillaje-es\/#primaryimage\",\"url\":\"https:\/\/mf.liscianigiochi.it:8443\/media\/117475\/A7CF1B6D-E8C1-409F-87C2-D8A7C3E7B3E4.jpg\",\"contentUrl\":\"https:\/\/mf.liscianigiochi.it:8443\/media\/117475\/A7CF1B6D-E8C1-409F-87C2-D8A7C3E7B3E4.jpg\"},{\"@type\":\"BreadcrumbList\",\"@id\":\"https:\/\/www.liscianigiochi.com\/es\/shop\/uncategorized\/care-bears-set-de-maquillaje-es\/#breadcrumb\",\"itemListElement\":[{\"@type\":\"ListItem\",\"position\":1,\"name\":\"Home\",\"item\":\"https:\/\/www.liscianigiochi.com\/es\/\"},{\"@type\":\"ListItem\",\"position\":2,\"name\":\"Tienda\",\"item\":\"https:\/\/lg.udnt.it\/es\/tienda\/\"},{\"@type\":\"ListItem\",\"position\":3,\"name\":\"Care Bears Set De Maquillaje\"}]},{\"@type\":\"WebSite\",\"@id\":\"https:\/\/www.liscianigiochi.com\/#website\",\"url\":\"https:\/\/www.liscianigiochi.com\/\",\"name\":\"Lisciani Giochi\",\"description\":\"\",\"publisher\":{\"@id\":\"https:\/\/www.liscianigiochi.com\/#organization\"},\"potentialAction\":[{\"@type\":\"SearchAction\",\"target\":{\"@type\":\"EntryPoint\",\"urlTemplate\":\"https:\/\/www.liscianigiochi.com\/?s={search_term_string}\"},\"query-input\":{\"@type\":\"PropertyValueSpecification\",\"valueRequired\":true,\"valueName\":\"search_term_string\"}}],\"inLanguage\":\"es-ES\"},{\"@type\":\"Organization\",\"@id\":\"https:\/\/www.liscianigiochi.com\/#organization\",\"name\":\"Lisciani Giochi\",\"url\":\"https:\/\/www.liscianigiochi.com\/\",\"logo\":{\"@type\":\"ImageObject\",\"inLanguage\":\"es-ES\",\"@id\":\"https:\/\/www.liscianigiochi.com\/#\/schema\/logo\/image\/\",\"url\":\"https:\/\/www.liscianigiochi.com\/wp-content\/uploads\/2023\/10\/Logo@2x.png\",\"contentUrl\":\"https:\/\/www.liscianigiochi.com\/wp-content\/uploads\/2023\/10\/Logo@2x.png\",\"width\":384,\"height\":384,\"caption\":\"Lisciani Giochi\"},\"image\":{\"@id\":\"https:\/\/www.liscianigiochi.com\/#\/schema\/logo\/image\/\"},\"sameAs\":[\"https:\/\/www.facebook.com\/liscianigroup\",\"https:\/\/www.instagram.com\/liscianigiochi\/\"]}]}<\/script>\n<!-- \/ Yoast SEO plugin. -->","yoast_head_json":{"title":"Care Bears Set De Maquillaje - Lisciani Giochi","robots":{"index":"index","follow":"follow","max-snippet":"max-snippet:-1","max-image-preview":"max-image-preview:large","max-video-preview":"max-video-preview:-1"},"canonical":"https:\/\/www.liscianigiochi.com\/es\/shop\/uncategorized\/care-bears-set-de-maquillaje-es\/","og_locale":"es_ES","og_type":"article","og_title":"Care Bears Set De Maquillaje - Lisciani Giochi","og_description":"\u00a1Tu primer set de maquillaje, tan m\u00e1gico como un abrazo de los Care Bears!","og_url":"https:\/\/www.liscianigiochi.com\/es\/shop\/uncategorized\/care-bears-set-de-maquillaje-es\/","og_site_name":"Lisciani Giochi","article_publisher":"https:\/\/www.facebook.com\/liscianigroup","article_modified_time":"2026-04-03T04:27:26+00:00","og_image":[{"url":"https:\/\/mf.liscianigiochi.it:8443\/media\/117475\/A7CF1B6D-E8C1-409F-87C2-D8A7C3E7B3E4.jpg","type":"","width":"","height":""}],"twitter_card":"summary_large_image","twitter_image":"https:\/\/mf.liscianigiochi.it:8443\/media\/117475\/A7CF1B6D-E8C1-409F-87C2-D8A7C3E7B3E4.jpg","schema":{"@context":"https:\/\/schema.org","@graph":[{"@type":"WebPage","@id":"https:\/\/www.liscianigiochi.com\/es\/shop\/uncategorized\/care-bears-set-de-maquillaje-es\/","url":"https:\/\/www.liscianigiochi.com\/es\/shop\/uncategorized\/care-bears-set-de-maquillaje-es\/","name":"Care Bears Set De Maquillaje - Lisciani Giochi","isPartOf":{"@id":"https:\/\/www.liscianigiochi.com\/#website"},"primaryImageOfPage":{"@id":"https:\/\/www.liscianigiochi.com\/es\/shop\/uncategorized\/care-bears-set-de-maquillaje-es\/#primaryimage"},"image":{"@id":"https:\/\/www.liscianigiochi.com\/es\/shop\/uncategorized\/care-bears-set-de-maquillaje-es\/#primaryimage"},"thumbnailUrl":"https:\/\/mf.liscianigiochi.it:8443\/media\/117475\/A7CF1B6D-E8C1-409F-87C2-D8A7C3E7B3E4.jpg","datePublished":"2026-02-06T15:34:09+00:00","dateModified":"2026-04-03T04:27:26+00:00","breadcrumb":{"@id":"https:\/\/www.liscianigiochi.com\/es\/shop\/uncategorized\/care-bears-set-de-maquillaje-es\/#breadcrumb"},"inLanguage":"es-ES","potentialAction":[{"@type":"ReadAction","target":["https:\/\/www.liscianigiochi.com\/es\/shop\/uncategorized\/care-bears-set-de-maquillaje-es\/"]}]},{"@type":"ImageObject","inLanguage":"es-ES","@id":"https:\/\/www.liscianigiochi.com\/es\/shop\/uncategorized\/care-bears-set-de-maquillaje-es\/#primaryimage","url":"https:\/\/mf.liscianigiochi.it:8443\/media\/117475\/A7CF1B6D-E8C1-409F-87C2-D8A7C3E7B3E4.jpg","contentUrl":"https:\/\/mf.liscianigiochi.it:8443\/media\/117475\/A7CF1B6D-E8C1-409F-87C2-D8A7C3E7B3E4.jpg"},{"@type":"BreadcrumbList","@id":"https:\/\/www.liscianigiochi.com\/es\/shop\/uncategorized\/care-bears-set-de-maquillaje-es\/#breadcrumb","itemListElement":[{"@type":"ListItem","position":1,"name":"Home","item":"https:\/\/www.liscianigiochi.com\/es\/"},{"@type":"ListItem","position":2,"name":"Tienda","item":"https:\/\/lg.udnt.it\/es\/tienda\/"},{"@type":"ListItem","position":3,"name":"Care Bears Set De Maquillaje"}]},{"@type":"WebSite","@id":"https:\/\/www.liscianigiochi.com\/#website","url":"https:\/\/www.liscianigiochi.com\/","name":"Lisciani Giochi","description":"","publisher":{"@id":"https:\/\/www.liscianigiochi.com\/#organization"},"potentialAction":[{"@type":"SearchAction","target":{"@type":"EntryPoint","urlTemplate":"https:\/\/www.liscianigiochi.com\/?s={search_term_string}"},"query-input":{"@type":"PropertyValueSpecification","valueRequired":true,"valueName":"search_term_string"}}],"inLanguage":"es-ES"},{"@type":"Organization","@id":"https:\/\/www.liscianigiochi.com\/#organization","name":"Lisciani Giochi","url":"https:\/\/www.liscianigiochi.com\/","logo":{"@type":"ImageObject","inLanguage":"es-ES","@id":"https:\/\/www.liscianigiochi.com\/#\/schema\/logo\/image\/","url":"https:\/\/www.liscianigiochi.com\/wp-content\/uploads\/2023\/10\/Logo@2x.png","contentUrl":"https:\/\/www.liscianigiochi.com\/wp-content\/uploads\/2023\/10\/Logo@2x.png","width":384,"height":384,"caption":"Lisciani Giochi"},"image":{"@id":"https:\/\/www.liscianigiochi.com\/#\/schema\/logo\/image\/"},"sameAs":["https:\/\/www.facebook.com\/liscianigroup","https:\/\/www.instagram.com\/liscianigiochi\/"]}]}},"fifu_image_url":"https:\/\/mf.liscianigiochi.it:8443\/media\/117475\/A7CF1B6D-E8C1-409F-87C2-D8A7C3E7B3E4.jpg","_links":{"self":[{"href":"https:\/\/www.liscianigiochi.com\/es\/wp-json\/wp\/v2\/product\/1887416","targetHints":{"allow":["GET"]}}],"collection":[{"href":"https:\/\/www.liscianigiochi.com\/es\/wp-json\/wp\/v2\/product"}],"about":[{"href":"https:\/\/www.liscianigiochi.com\/es\/wp-json\/wp\/v2\/types\/product"}],"wp:featuredmedia":[{"embeddable":true,"href":"https:\/\/www.liscianigiochi.com\/es\/wp-json\/wp\/v2\/media\/1916780"}],"wp:attachment":[{"href":"https:\/\/www.liscianigiochi.com\/es\/wp-json\/wp\/v2\/media?parent=1887416"}],"wp:term":[{"taxonomy":"product_brand","embeddable":true,"href":"https:\/\/www.liscianigiochi.com\/es\/wp-json\/wp\/v2\/product_brand?post=1887416"},{"taxonomy":"product_cat","embeddable":true,"href":"https:\/\/www.liscianigiochi.com\/es\/wp-json\/wp\/v2\/product_cat?post=1887416"},{"taxonomy":"product_tag","embeddable":true,"href":"https:\/\/www.liscianigiochi.com\/es\/wp-json\/wp\/v2\/product_tag?post=1887416"}],"curies":[{"name":"wp","href":"https:\/\/api.w.org\/{rel}","templated":true}]}}