{"id":669199,"date":"2024-07-03T10:35:39","date_gmt":"2024-07-03T08:35:39","guid":{"rendered":"https:\/\/www.liscianigiochi.com\/shop\/uncategorized\/paw-patrol-projector-drawing-school-es\/"},"modified":"2026-04-24T06:12:13","modified_gmt":"2026-04-24T04:12:13","slug":"paw-patrol-projector-drawing-school-es","status":"publish","type":"product","link":"https:\/\/www.liscianigiochi.com\/es\/shop\/juegos-creativos-es\/art-craft-coloring-es\/paw-patrol-projector-drawing-school-es\/","title":{"rendered":"Paw Patrol Projector Drawing School"},"content":{"rendered":"<p>Divi\u00e9rtete con el fant\u00e1stico Proyector Paw Patrol, con el que podr\u00e1s aprender a dibujar a los fant\u00e1sticos protagonistas de la serie animada. Simplemente enciende el proyector LED y proyecta la imagen que prefieras sobre una s\u00e1bana blanca. Repasa los contornos, crea muchos dibujos para colorear y, despu\u00e9s de recortarlos, p\u00e9galos en el escenario suministrado para crear nuevas aventuras fant\u00e1sticas.<\/p>\n","protected":false},"excerpt":{"rendered":"<p>\u00a1Dibuja y colorea con el proyector Paw Patrol!<\/p>\n","protected":false},"featured_media":1836940,"template":"","meta":{"_acf_changed":false},"product_brand":[],"product_cat":[2905,2883],"product_tag":[3097,3099,3246],"class_list":{"0":"post-669199","1":"product","2":"type-product","3":"status-publish","4":"has-post-thumbnail","6":"product_cat-art-craft-coloring-es","7":"product_cat-juegos-creativos-es","8":"product_tag-3-4-anos-es","9":"product_tag-5-6-anos-es","10":"product_tag-paw-patrol-es","12":"first","13":"instock","14":"shipping-taxable","15":"product-type-simple"},"acf":[],"yoast_head":"<!-- This site is optimized with the Yoast SEO plugin v26.5 - https:\/\/yoast.com\/wordpress\/plugins\/seo\/ -->\n<title>Paw Patrol Projector Drawing School - Lisciani Giochi<\/title>\n<meta name=\"robots\" content=\"index, follow, max-snippet:-1, max-image-preview:large, max-video-preview:-1\" \/>\n<link rel=\"canonical\" href=\"https:\/\/www.liscianigiochi.com\/es\/shop\/uncategorized\/paw-patrol-projector-drawing-school-es\/\" \/>\n<meta property=\"og:locale\" content=\"es_ES\" \/>\n<meta property=\"og:type\" content=\"article\" \/>\n<meta property=\"og:title\" content=\"Paw Patrol Projector Drawing School - Lisciani Giochi\" \/>\n<meta property=\"og:description\" content=\"\u00a1Dibuja y colorea con el proyector Paw Patrol!\" \/>\n<meta property=\"og:url\" content=\"https:\/\/www.liscianigiochi.com\/es\/shop\/uncategorized\/paw-patrol-projector-drawing-school-es\/\" \/>\n<meta property=\"og:site_name\" content=\"Lisciani Giochi\" \/>\n<meta property=\"article:publisher\" content=\"https:\/\/www.facebook.com\/liscianigroup\" \/>\n<meta property=\"article:modified_time\" content=\"2026-04-24T04:12:13+00:00\" \/>\n<meta property=\"og:image\" content=\"https:\/\/mf.liscianigiochi.it:8443\/media\/104710\/E119A293-2065-4BA5-A69B-C571A458AE30.jpg\" \/>\n<meta name=\"twitter:card\" content=\"summary_large_image\" \/>\n<meta name=\"twitter:image\" content=\"https:\/\/mf.liscianigiochi.it:8443\/media\/104710\/E119A293-2065-4BA5-A69B-C571A458AE30.jpg\" \/>\n<script type=\"application\/ld+json\" class=\"yoast-schema-graph\">{\"@context\":\"https:\/\/schema.org\",\"@graph\":[{\"@type\":\"WebPage\",\"@id\":\"https:\/\/www.liscianigiochi.com\/es\/shop\/uncategorized\/paw-patrol-projector-drawing-school-es\/\",\"url\":\"https:\/\/www.liscianigiochi.com\/es\/shop\/uncategorized\/paw-patrol-projector-drawing-school-es\/\",\"name\":\"Paw Patrol Projector Drawing School - Lisciani Giochi\",\"isPartOf\":{\"@id\":\"https:\/\/www.liscianigiochi.com\/#website\"},\"primaryImageOfPage\":{\"@id\":\"https:\/\/www.liscianigiochi.com\/es\/shop\/uncategorized\/paw-patrol-projector-drawing-school-es\/#primaryimage\"},\"image\":{\"@id\":\"https:\/\/www.liscianigiochi.com\/es\/shop\/uncategorized\/paw-patrol-projector-drawing-school-es\/#primaryimage\"},\"thumbnailUrl\":\"https:\/\/mf.liscianigiochi.it:8443\/media\/104710\/E119A293-2065-4BA5-A69B-C571A458AE30.jpg\",\"datePublished\":\"2024-07-03T08:35:39+00:00\",\"dateModified\":\"2026-04-24T04:12:13+00:00\",\"breadcrumb\":{\"@id\":\"https:\/\/www.liscianigiochi.com\/es\/shop\/uncategorized\/paw-patrol-projector-drawing-school-es\/#breadcrumb\"},\"inLanguage\":\"es-ES\",\"potentialAction\":[{\"@type\":\"ReadAction\",\"target\":[\"https:\/\/www.liscianigiochi.com\/es\/shop\/uncategorized\/paw-patrol-projector-drawing-school-es\/\"]}]},{\"@type\":\"ImageObject\",\"inLanguage\":\"es-ES\",\"@id\":\"https:\/\/www.liscianigiochi.com\/es\/shop\/uncategorized\/paw-patrol-projector-drawing-school-es\/#primaryimage\",\"url\":\"https:\/\/mf.liscianigiochi.it:8443\/media\/104710\/E119A293-2065-4BA5-A69B-C571A458AE30.jpg\",\"contentUrl\":\"https:\/\/mf.liscianigiochi.it:8443\/media\/104710\/E119A293-2065-4BA5-A69B-C571A458AE30.jpg\"},{\"@type\":\"BreadcrumbList\",\"@id\":\"https:\/\/www.liscianigiochi.com\/es\/shop\/uncategorized\/paw-patrol-projector-drawing-school-es\/#breadcrumb\",\"itemListElement\":[{\"@type\":\"ListItem\",\"position\":1,\"name\":\"Home\",\"item\":\"https:\/\/www.liscianigiochi.com\/es\/\"},{\"@type\":\"ListItem\",\"position\":2,\"name\":\"Tienda\",\"item\":\"https:\/\/lg.udnt.it\/es\/tienda\/\"},{\"@type\":\"ListItem\",\"position\":3,\"name\":\"Paw Patrol Projector Drawing School\"}]},{\"@type\":\"WebSite\",\"@id\":\"https:\/\/www.liscianigiochi.com\/#website\",\"url\":\"https:\/\/www.liscianigiochi.com\/\",\"name\":\"Lisciani Giochi\",\"description\":\"\",\"publisher\":{\"@id\":\"https:\/\/www.liscianigiochi.com\/#organization\"},\"potentialAction\":[{\"@type\":\"SearchAction\",\"target\":{\"@type\":\"EntryPoint\",\"urlTemplate\":\"https:\/\/www.liscianigiochi.com\/?s={search_term_string}\"},\"query-input\":{\"@type\":\"PropertyValueSpecification\",\"valueRequired\":true,\"valueName\":\"search_term_string\"}}],\"inLanguage\":\"es-ES\"},{\"@type\":\"Organization\",\"@id\":\"https:\/\/www.liscianigiochi.com\/#organization\",\"name\":\"Lisciani Giochi\",\"url\":\"https:\/\/www.liscianigiochi.com\/\",\"logo\":{\"@type\":\"ImageObject\",\"inLanguage\":\"es-ES\",\"@id\":\"https:\/\/www.liscianigiochi.com\/#\/schema\/logo\/image\/\",\"url\":\"https:\/\/www.liscianigiochi.com\/wp-content\/uploads\/2023\/10\/Logo@2x.png\",\"contentUrl\":\"https:\/\/www.liscianigiochi.com\/wp-content\/uploads\/2023\/10\/Logo@2x.png\",\"width\":384,\"height\":384,\"caption\":\"Lisciani Giochi\"},\"image\":{\"@id\":\"https:\/\/www.liscianigiochi.com\/#\/schema\/logo\/image\/\"},\"sameAs\":[\"https:\/\/www.facebook.com\/liscianigroup\",\"https:\/\/www.instagram.com\/liscianigiochi\/\"]}]}<\/script>\n<!-- \/ Yoast SEO plugin. -->","yoast_head_json":{"title":"Paw Patrol Projector Drawing School - Lisciani Giochi","robots":{"index":"index","follow":"follow","max-snippet":"max-snippet:-1","max-image-preview":"max-image-preview:large","max-video-preview":"max-video-preview:-1"},"canonical":"https:\/\/www.liscianigiochi.com\/es\/shop\/uncategorized\/paw-patrol-projector-drawing-school-es\/","og_locale":"es_ES","og_type":"article","og_title":"Paw Patrol Projector Drawing School - Lisciani Giochi","og_description":"\u00a1Dibuja y colorea con el proyector Paw Patrol!","og_url":"https:\/\/www.liscianigiochi.com\/es\/shop\/uncategorized\/paw-patrol-projector-drawing-school-es\/","og_site_name":"Lisciani Giochi","article_publisher":"https:\/\/www.facebook.com\/liscianigroup","article_modified_time":"2026-04-24T04:12:13+00:00","og_image":[{"url":"https:\/\/mf.liscianigiochi.it:8443\/media\/104710\/E119A293-2065-4BA5-A69B-C571A458AE30.jpg","type":"","width":"","height":""}],"twitter_card":"summary_large_image","twitter_image":"https:\/\/mf.liscianigiochi.it:8443\/media\/104710\/E119A293-2065-4BA5-A69B-C571A458AE30.jpg","schema":{"@context":"https:\/\/schema.org","@graph":[{"@type":"WebPage","@id":"https:\/\/www.liscianigiochi.com\/es\/shop\/uncategorized\/paw-patrol-projector-drawing-school-es\/","url":"https:\/\/www.liscianigiochi.com\/es\/shop\/uncategorized\/paw-patrol-projector-drawing-school-es\/","name":"Paw Patrol Projector Drawing School - Lisciani Giochi","isPartOf":{"@id":"https:\/\/www.liscianigiochi.com\/#website"},"primaryImageOfPage":{"@id":"https:\/\/www.liscianigiochi.com\/es\/shop\/uncategorized\/paw-patrol-projector-drawing-school-es\/#primaryimage"},"image":{"@id":"https:\/\/www.liscianigiochi.com\/es\/shop\/uncategorized\/paw-patrol-projector-drawing-school-es\/#primaryimage"},"thumbnailUrl":"https:\/\/mf.liscianigiochi.it:8443\/media\/104710\/E119A293-2065-4BA5-A69B-C571A458AE30.jpg","datePublished":"2024-07-03T08:35:39+00:00","dateModified":"2026-04-24T04:12:13+00:00","breadcrumb":{"@id":"https:\/\/www.liscianigiochi.com\/es\/shop\/uncategorized\/paw-patrol-projector-drawing-school-es\/#breadcrumb"},"inLanguage":"es-ES","potentialAction":[{"@type":"ReadAction","target":["https:\/\/www.liscianigiochi.com\/es\/shop\/uncategorized\/paw-patrol-projector-drawing-school-es\/"]}]},{"@type":"ImageObject","inLanguage":"es-ES","@id":"https:\/\/www.liscianigiochi.com\/es\/shop\/uncategorized\/paw-patrol-projector-drawing-school-es\/#primaryimage","url":"https:\/\/mf.liscianigiochi.it:8443\/media\/104710\/E119A293-2065-4BA5-A69B-C571A458AE30.jpg","contentUrl":"https:\/\/mf.liscianigiochi.it:8443\/media\/104710\/E119A293-2065-4BA5-A69B-C571A458AE30.jpg"},{"@type":"BreadcrumbList","@id":"https:\/\/www.liscianigiochi.com\/es\/shop\/uncategorized\/paw-patrol-projector-drawing-school-es\/#breadcrumb","itemListElement":[{"@type":"ListItem","position":1,"name":"Home","item":"https:\/\/www.liscianigiochi.com\/es\/"},{"@type":"ListItem","position":2,"name":"Tienda","item":"https:\/\/lg.udnt.it\/es\/tienda\/"},{"@type":"ListItem","position":3,"name":"Paw Patrol Projector Drawing School"}]},{"@type":"WebSite","@id":"https:\/\/www.liscianigiochi.com\/#website","url":"https:\/\/www.liscianigiochi.com\/","name":"Lisciani Giochi","description":"","publisher":{"@id":"https:\/\/www.liscianigiochi.com\/#organization"},"potentialAction":[{"@type":"SearchAction","target":{"@type":"EntryPoint","urlTemplate":"https:\/\/www.liscianigiochi.com\/?s={search_term_string}"},"query-input":{"@type":"PropertyValueSpecification","valueRequired":true,"valueName":"search_term_string"}}],"inLanguage":"es-ES"},{"@type":"Organization","@id":"https:\/\/www.liscianigiochi.com\/#organization","name":"Lisciani Giochi","url":"https:\/\/www.liscianigiochi.com\/","logo":{"@type":"ImageObject","inLanguage":"es-ES","@id":"https:\/\/www.liscianigiochi.com\/#\/schema\/logo\/image\/","url":"https:\/\/www.liscianigiochi.com\/wp-content\/uploads\/2023\/10\/Logo@2x.png","contentUrl":"https:\/\/www.liscianigiochi.com\/wp-content\/uploads\/2023\/10\/Logo@2x.png","width":384,"height":384,"caption":"Lisciani Giochi"},"image":{"@id":"https:\/\/www.liscianigiochi.com\/#\/schema\/logo\/image\/"},"sameAs":["https:\/\/www.facebook.com\/liscianigroup","https:\/\/www.instagram.com\/liscianigiochi\/"]}]}},"fifu_image_url":"https:\/\/mf.liscianigiochi.it:8443\/media\/104710\/E119A293-2065-4BA5-A69B-C571A458AE30.jpg","_links":{"self":[{"href":"https:\/\/www.liscianigiochi.com\/es\/wp-json\/wp\/v2\/product\/669199","targetHints":{"allow":["GET"]}}],"collection":[{"href":"https:\/\/www.liscianigiochi.com\/es\/wp-json\/wp\/v2\/product"}],"about":[{"href":"https:\/\/www.liscianigiochi.com\/es\/wp-json\/wp\/v2\/types\/product"}],"wp:featuredmedia":[{"embeddable":true,"href":"https:\/\/www.liscianigiochi.com\/es\/wp-json\/wp\/v2\/media\/1836940"}],"wp:attachment":[{"href":"https:\/\/www.liscianigiochi.com\/es\/wp-json\/wp\/v2\/media?parent=669199"}],"wp:term":[{"taxonomy":"product_brand","embeddable":true,"href":"https:\/\/www.liscianigiochi.com\/es\/wp-json\/wp\/v2\/product_brand?post=669199"},{"taxonomy":"product_cat","embeddable":true,"href":"https:\/\/www.liscianigiochi.com\/es\/wp-json\/wp\/v2\/product_cat?post=669199"},{"taxonomy":"product_tag","embeddable":true,"href":"https:\/\/www.liscianigiochi.com\/es\/wp-json\/wp\/v2\/product_tag?post=669199"}],"curies":[{"name":"wp","href":"https:\/\/api.w.org\/{rel}","templated":true}]}}