{"id":674532,"date":"2024-07-03T11:33:29","date_gmt":"2024-07-03T09:33:29","guid":{"rendered":"https:\/\/www.liscianigiochi.com\/shop\/uncategorized\/monster-high-sketchbook-monster-cute-in-display-6-es\/"},"modified":"2026-04-10T06:17:28","modified_gmt":"2026-04-10T04:17:28","slug":"monster-high-sketchbook-monster-cute-es","status":"publish","type":"product","link":"https:\/\/www.liscianigiochi.com\/es\/shop\/libros-preescolares-con-licencia-es\/monster-high-sketchbooks-es\/monster-high-sketchbook-monster-cute-es\/","title":{"rendered":"Monster High Sketchbook Monster Cute"},"content":{"rendered":"<p>Dentro de la misteriosa carpeta del cuaderno de bocetos, descubre muchas actividades divertidas. En las p\u00e1ginas hay personajes de la serie para vestir con ropa adhesiva brillante y muchas im\u00e1genes fant\u00e1sticas para colorear con los bol\u00edgrafos incluidos. Adem\u00e1s, hay p\u00e1ginas adhesivas especiales para decorar con l\u00e1minas de efecto met\u00e1lico y hologr\u00e1fico, polvo de purpurina y gemas adhesivas.<\/p>\n","protected":false},"excerpt":{"rendered":"<p>\u00a1Descubre misteriosas actividades creativas en el cuaderno de bocetos de Monster High!<\/p>\n","protected":false},"featured_media":1839632,"template":"","meta":{"_acf_changed":false},"product_brand":[],"product_cat":[3382,3414],"product_tag":[3099,3116,3248],"class_list":{"0":"post-674532","1":"product","2":"type-product","3":"status-publish","4":"has-post-thumbnail","6":"product_cat-libros-preescolares-con-licencia-es","7":"product_cat-monster-high-sketchbooks-es","8":"product_tag-5-6-anos-es","9":"product_tag-mattel-es","10":"product_tag-monster-high-es","12":"first","13":"instock","14":"shipping-taxable","15":"product-type-simple"},"acf":[],"yoast_head":"<!-- This site is optimized with the Yoast SEO plugin v26.5 - https:\/\/yoast.com\/wordpress\/plugins\/seo\/ -->\n<title>Monster High Sketchbook Monster Cute - Lisciani Giochi<\/title>\n<meta name=\"robots\" content=\"index, follow, max-snippet:-1, max-image-preview:large, max-video-preview:-1\" \/>\n<link rel=\"canonical\" href=\"https:\/\/www.liscianigiochi.com\/es\/shop\/libros-preescolares-con-licencia-es\/monster-high-sketchbooks-es\/monster-high-sketchbook-monster-cute-es\/\" \/>\n<meta property=\"og:locale\" content=\"es_ES\" \/>\n<meta property=\"og:type\" content=\"article\" \/>\n<meta property=\"og:title\" content=\"Monster High Sketchbook Monster Cute - Lisciani Giochi\" \/>\n<meta property=\"og:description\" content=\"\u00a1Descubre misteriosas actividades creativas en el cuaderno de bocetos de Monster High!\" \/>\n<meta property=\"og:url\" content=\"https:\/\/www.liscianigiochi.com\/es\/shop\/libros-preescolares-con-licencia-es\/monster-high-sketchbooks-es\/monster-high-sketchbook-monster-cute-es\/\" \/>\n<meta property=\"og:site_name\" content=\"Lisciani Giochi\" \/>\n<meta property=\"article:publisher\" content=\"https:\/\/www.facebook.com\/liscianigroup\" \/>\n<meta property=\"article:modified_time\" content=\"2026-04-10T04:17:28+00:00\" \/>\n<meta property=\"og:image\" content=\"https:\/\/mf.liscianigiochi.it:8443\/media\/12846\/8A7471B8-03E5-4AB7-B8DD-074CE05A1D28.jpg\" \/>\n<meta name=\"twitter:card\" content=\"summary_large_image\" \/>\n<meta name=\"twitter:image\" content=\"https:\/\/mf.liscianigiochi.it:8443\/media\/12846\/8A7471B8-03E5-4AB7-B8DD-074CE05A1D28.jpg\" \/>\n<script type=\"application\/ld+json\" class=\"yoast-schema-graph\">{\"@context\":\"https:\/\/schema.org\",\"@graph\":[{\"@type\":\"WebPage\",\"@id\":\"https:\/\/www.liscianigiochi.com\/es\/shop\/libros-preescolares-con-licencia-es\/monster-high-sketchbooks-es\/monster-high-sketchbook-monster-cute-es\/\",\"url\":\"https:\/\/www.liscianigiochi.com\/es\/shop\/libros-preescolares-con-licencia-es\/monster-high-sketchbooks-es\/monster-high-sketchbook-monster-cute-es\/\",\"name\":\"Monster High Sketchbook Monster Cute - Lisciani Giochi\",\"isPartOf\":{\"@id\":\"https:\/\/www.liscianigiochi.com\/#website\"},\"primaryImageOfPage\":{\"@id\":\"https:\/\/www.liscianigiochi.com\/es\/shop\/libros-preescolares-con-licencia-es\/monster-high-sketchbooks-es\/monster-high-sketchbook-monster-cute-es\/#primaryimage\"},\"image\":{\"@id\":\"https:\/\/www.liscianigiochi.com\/es\/shop\/libros-preescolares-con-licencia-es\/monster-high-sketchbooks-es\/monster-high-sketchbook-monster-cute-es\/#primaryimage\"},\"thumbnailUrl\":\"https:\/\/mf.liscianigiochi.it:8443\/media\/12846\/8A7471B8-03E5-4AB7-B8DD-074CE05A1D28.jpg\",\"datePublished\":\"2024-07-03T09:33:29+00:00\",\"dateModified\":\"2026-04-10T04:17:28+00:00\",\"breadcrumb\":{\"@id\":\"https:\/\/www.liscianigiochi.com\/es\/shop\/libros-preescolares-con-licencia-es\/monster-high-sketchbooks-es\/monster-high-sketchbook-monster-cute-es\/#breadcrumb\"},\"inLanguage\":\"es-ES\",\"potentialAction\":[{\"@type\":\"ReadAction\",\"target\":[\"https:\/\/www.liscianigiochi.com\/es\/shop\/libros-preescolares-con-licencia-es\/monster-high-sketchbooks-es\/monster-high-sketchbook-monster-cute-es\/\"]}]},{\"@type\":\"ImageObject\",\"inLanguage\":\"es-ES\",\"@id\":\"https:\/\/www.liscianigiochi.com\/es\/shop\/libros-preescolares-con-licencia-es\/monster-high-sketchbooks-es\/monster-high-sketchbook-monster-cute-es\/#primaryimage\",\"url\":\"https:\/\/mf.liscianigiochi.it:8443\/media\/12846\/8A7471B8-03E5-4AB7-B8DD-074CE05A1D28.jpg\",\"contentUrl\":\"https:\/\/mf.liscianigiochi.it:8443\/media\/12846\/8A7471B8-03E5-4AB7-B8DD-074CE05A1D28.jpg\"},{\"@type\":\"BreadcrumbList\",\"@id\":\"https:\/\/www.liscianigiochi.com\/es\/shop\/libros-preescolares-con-licencia-es\/monster-high-sketchbooks-es\/monster-high-sketchbook-monster-cute-es\/#breadcrumb\",\"itemListElement\":[{\"@type\":\"ListItem\",\"position\":1,\"name\":\"Home\",\"item\":\"https:\/\/www.liscianigiochi.com\/es\/\"},{\"@type\":\"ListItem\",\"position\":2,\"name\":\"Tienda\",\"item\":\"https:\/\/lg.udnt.it\/es\/tienda\/\"},{\"@type\":\"ListItem\",\"position\":3,\"name\":\"Monster High Sketchbook Monster Cute\"}]},{\"@type\":\"WebSite\",\"@id\":\"https:\/\/www.liscianigiochi.com\/#website\",\"url\":\"https:\/\/www.liscianigiochi.com\/\",\"name\":\"Lisciani Giochi\",\"description\":\"\",\"publisher\":{\"@id\":\"https:\/\/www.liscianigiochi.com\/#organization\"},\"potentialAction\":[{\"@type\":\"SearchAction\",\"target\":{\"@type\":\"EntryPoint\",\"urlTemplate\":\"https:\/\/www.liscianigiochi.com\/?s={search_term_string}\"},\"query-input\":{\"@type\":\"PropertyValueSpecification\",\"valueRequired\":true,\"valueName\":\"search_term_string\"}}],\"inLanguage\":\"es-ES\"},{\"@type\":\"Organization\",\"@id\":\"https:\/\/www.liscianigiochi.com\/#organization\",\"name\":\"Lisciani Giochi\",\"url\":\"https:\/\/www.liscianigiochi.com\/\",\"logo\":{\"@type\":\"ImageObject\",\"inLanguage\":\"es-ES\",\"@id\":\"https:\/\/www.liscianigiochi.com\/#\/schema\/logo\/image\/\",\"url\":\"https:\/\/www.liscianigiochi.com\/wp-content\/uploads\/2023\/10\/Logo@2x.png\",\"contentUrl\":\"https:\/\/www.liscianigiochi.com\/wp-content\/uploads\/2023\/10\/Logo@2x.png\",\"width\":384,\"height\":384,\"caption\":\"Lisciani Giochi\"},\"image\":{\"@id\":\"https:\/\/www.liscianigiochi.com\/#\/schema\/logo\/image\/\"},\"sameAs\":[\"https:\/\/www.facebook.com\/liscianigroup\",\"https:\/\/www.instagram.com\/liscianigiochi\/\"]}]}<\/script>\n<!-- \/ Yoast SEO plugin. -->","yoast_head_json":{"title":"Monster High Sketchbook Monster Cute - Lisciani Giochi","robots":{"index":"index","follow":"follow","max-snippet":"max-snippet:-1","max-image-preview":"max-image-preview:large","max-video-preview":"max-video-preview:-1"},"canonical":"https:\/\/www.liscianigiochi.com\/es\/shop\/libros-preescolares-con-licencia-es\/monster-high-sketchbooks-es\/monster-high-sketchbook-monster-cute-es\/","og_locale":"es_ES","og_type":"article","og_title":"Monster High Sketchbook Monster Cute - Lisciani Giochi","og_description":"\u00a1Descubre misteriosas actividades creativas en el cuaderno de bocetos de Monster High!","og_url":"https:\/\/www.liscianigiochi.com\/es\/shop\/libros-preescolares-con-licencia-es\/monster-high-sketchbooks-es\/monster-high-sketchbook-monster-cute-es\/","og_site_name":"Lisciani Giochi","article_publisher":"https:\/\/www.facebook.com\/liscianigroup","article_modified_time":"2026-04-10T04:17:28+00:00","og_image":[{"url":"https:\/\/mf.liscianigiochi.it:8443\/media\/12846\/8A7471B8-03E5-4AB7-B8DD-074CE05A1D28.jpg","type":"","width":"","height":""}],"twitter_card":"summary_large_image","twitter_image":"https:\/\/mf.liscianigiochi.it:8443\/media\/12846\/8A7471B8-03E5-4AB7-B8DD-074CE05A1D28.jpg","schema":{"@context":"https:\/\/schema.org","@graph":[{"@type":"WebPage","@id":"https:\/\/www.liscianigiochi.com\/es\/shop\/libros-preescolares-con-licencia-es\/monster-high-sketchbooks-es\/monster-high-sketchbook-monster-cute-es\/","url":"https:\/\/www.liscianigiochi.com\/es\/shop\/libros-preescolares-con-licencia-es\/monster-high-sketchbooks-es\/monster-high-sketchbook-monster-cute-es\/","name":"Monster High Sketchbook Monster Cute - Lisciani Giochi","isPartOf":{"@id":"https:\/\/www.liscianigiochi.com\/#website"},"primaryImageOfPage":{"@id":"https:\/\/www.liscianigiochi.com\/es\/shop\/libros-preescolares-con-licencia-es\/monster-high-sketchbooks-es\/monster-high-sketchbook-monster-cute-es\/#primaryimage"},"image":{"@id":"https:\/\/www.liscianigiochi.com\/es\/shop\/libros-preescolares-con-licencia-es\/monster-high-sketchbooks-es\/monster-high-sketchbook-monster-cute-es\/#primaryimage"},"thumbnailUrl":"https:\/\/mf.liscianigiochi.it:8443\/media\/12846\/8A7471B8-03E5-4AB7-B8DD-074CE05A1D28.jpg","datePublished":"2024-07-03T09:33:29+00:00","dateModified":"2026-04-10T04:17:28+00:00","breadcrumb":{"@id":"https:\/\/www.liscianigiochi.com\/es\/shop\/libros-preescolares-con-licencia-es\/monster-high-sketchbooks-es\/monster-high-sketchbook-monster-cute-es\/#breadcrumb"},"inLanguage":"es-ES","potentialAction":[{"@type":"ReadAction","target":["https:\/\/www.liscianigiochi.com\/es\/shop\/libros-preescolares-con-licencia-es\/monster-high-sketchbooks-es\/monster-high-sketchbook-monster-cute-es\/"]}]},{"@type":"ImageObject","inLanguage":"es-ES","@id":"https:\/\/www.liscianigiochi.com\/es\/shop\/libros-preescolares-con-licencia-es\/monster-high-sketchbooks-es\/monster-high-sketchbook-monster-cute-es\/#primaryimage","url":"https:\/\/mf.liscianigiochi.it:8443\/media\/12846\/8A7471B8-03E5-4AB7-B8DD-074CE05A1D28.jpg","contentUrl":"https:\/\/mf.liscianigiochi.it:8443\/media\/12846\/8A7471B8-03E5-4AB7-B8DD-074CE05A1D28.jpg"},{"@type":"BreadcrumbList","@id":"https:\/\/www.liscianigiochi.com\/es\/shop\/libros-preescolares-con-licencia-es\/monster-high-sketchbooks-es\/monster-high-sketchbook-monster-cute-es\/#breadcrumb","itemListElement":[{"@type":"ListItem","position":1,"name":"Home","item":"https:\/\/www.liscianigiochi.com\/es\/"},{"@type":"ListItem","position":2,"name":"Tienda","item":"https:\/\/lg.udnt.it\/es\/tienda\/"},{"@type":"ListItem","position":3,"name":"Monster High Sketchbook Monster Cute"}]},{"@type":"WebSite","@id":"https:\/\/www.liscianigiochi.com\/#website","url":"https:\/\/www.liscianigiochi.com\/","name":"Lisciani Giochi","description":"","publisher":{"@id":"https:\/\/www.liscianigiochi.com\/#organization"},"potentialAction":[{"@type":"SearchAction","target":{"@type":"EntryPoint","urlTemplate":"https:\/\/www.liscianigiochi.com\/?s={search_term_string}"},"query-input":{"@type":"PropertyValueSpecification","valueRequired":true,"valueName":"search_term_string"}}],"inLanguage":"es-ES"},{"@type":"Organization","@id":"https:\/\/www.liscianigiochi.com\/#organization","name":"Lisciani Giochi","url":"https:\/\/www.liscianigiochi.com\/","logo":{"@type":"ImageObject","inLanguage":"es-ES","@id":"https:\/\/www.liscianigiochi.com\/#\/schema\/logo\/image\/","url":"https:\/\/www.liscianigiochi.com\/wp-content\/uploads\/2023\/10\/Logo@2x.png","contentUrl":"https:\/\/www.liscianigiochi.com\/wp-content\/uploads\/2023\/10\/Logo@2x.png","width":384,"height":384,"caption":"Lisciani Giochi"},"image":{"@id":"https:\/\/www.liscianigiochi.com\/#\/schema\/logo\/image\/"},"sameAs":["https:\/\/www.facebook.com\/liscianigroup","https:\/\/www.instagram.com\/liscianigiochi\/"]}]}},"fifu_image_url":"https:\/\/mf.liscianigiochi.it:8443\/media\/12846\/8A7471B8-03E5-4AB7-B8DD-074CE05A1D28.jpg","_links":{"self":[{"href":"https:\/\/www.liscianigiochi.com\/es\/wp-json\/wp\/v2\/product\/674532","targetHints":{"allow":["GET"]}}],"collection":[{"href":"https:\/\/www.liscianigiochi.com\/es\/wp-json\/wp\/v2\/product"}],"about":[{"href":"https:\/\/www.liscianigiochi.com\/es\/wp-json\/wp\/v2\/types\/product"}],"wp:featuredmedia":[{"embeddable":true,"href":"https:\/\/www.liscianigiochi.com\/es\/wp-json\/wp\/v2\/media\/1839632"}],"wp:attachment":[{"href":"https:\/\/www.liscianigiochi.com\/es\/wp-json\/wp\/v2\/media?parent=674532"}],"wp:term":[{"taxonomy":"product_brand","embeddable":true,"href":"https:\/\/www.liscianigiochi.com\/es\/wp-json\/wp\/v2\/product_brand?post=674532"},{"taxonomy":"product_cat","embeddable":true,"href":"https:\/\/www.liscianigiochi.com\/es\/wp-json\/wp\/v2\/product_cat?post=674532"},{"taxonomy":"product_tag","embeddable":true,"href":"https:\/\/www.liscianigiochi.com\/es\/wp-json\/wp\/v2\/product_tag?post=674532"}],"curies":[{"name":"wp","href":"https:\/\/api.w.org\/{rel}","templated":true}]}}