{"id":710597,"date":"2024-07-31T09:23:40","date_gmt":"2024-07-31T07:23:40","guid":{"rendered":"https:\/\/www.liscianigiochi.com\/shop\/uncategorized\/montessori-plus-tactile-numbers-es\/"},"modified":"2026-04-17T06:20:41","modified_gmt":"2026-04-17T04:20:41","slug":"montessori-plus-tactile-numbers-es","status":"publish","type":"product","link":"https:\/\/www.liscianigiochi.com\/es\/shop\/educativos-preescolares-es\/juegos-educativos-montessori-plus-es\/montessori-plus-tactile-numbers-es\/","title":{"rendered":"Montessori Plus Tactile Numbers"},"content":{"rendered":"<p>El juego de N\u00fameros consiste en poner los n\u00fameros preformados en la caja Montessori. Las tarjetitas quedan ocultas visualmente, el ni\u00f1o mete su manita por el agujero y busca los n\u00fameros en el recuadro usando el tacto. El objetivo es reconstruir el rompecabezas poniendo cada n\u00famero en su lugar. Este juego se ajusta al m\u00e9todo Montessori ya que estimula el ejercicio de la memoria t\u00e1ctil y, seg\u00fan la educadora, la manipulaci\u00f3n de materiales es una experiencia concreta que hace m\u00e1s efectivo el aprendizaje. La experiencia es fundamental para que el ni\u00f1o desarrolle su inteligencia.<\/p>\n","protected":false},"excerpt":{"rendered":"<p>Inspirado en el m\u00e9todo Montessori<\/p>\n","protected":false},"featured_media":1034487,"template":"","meta":{"_acf_changed":false},"product_brand":[],"product_cat":[2880,2890],"product_tag":[3097,3099,3122,3110],"class_list":{"0":"post-710597","1":"product","2":"type-product","3":"status-publish","4":"has-post-thumbnail","6":"product_cat-educativos-preescolares-es","7":"product_cat-juegos-educativos-montessori-plus-es","8":"product_tag-3-4-anos-es","9":"product_tag-5-6-anos-es","10":"product_tag-giocare-educare-es","11":"product_tag-prodotto-lisciani-es","13":"first","14":"instock","15":"shipping-taxable","16":"product-type-simple"},"acf":[],"yoast_head":"<!-- This site is optimized with the Yoast SEO plugin v26.5 - https:\/\/yoast.com\/wordpress\/plugins\/seo\/ -->\n<title>Montessori Plus Tactile Numbers - Lisciani Giochi<\/title>\n<meta name=\"robots\" content=\"index, follow, max-snippet:-1, max-image-preview:large, max-video-preview:-1\" \/>\n<link rel=\"canonical\" href=\"https:\/\/www.liscianigiochi.com\/es\/shop\/educativos-preescolares-es\/juegos-educativos-montessori-plus-es\/montessori-plus-tactile-numbers-es\/\" \/>\n<meta property=\"og:locale\" content=\"es_ES\" \/>\n<meta property=\"og:type\" content=\"article\" \/>\n<meta property=\"og:title\" content=\"Montessori Plus Tactile Numbers - Lisciani Giochi\" \/>\n<meta property=\"og:description\" content=\"Inspirado en el m\u00e9todo Montessori\" \/>\n<meta property=\"og:url\" content=\"https:\/\/www.liscianigiochi.com\/es\/shop\/educativos-preescolares-es\/juegos-educativos-montessori-plus-es\/montessori-plus-tactile-numbers-es\/\" \/>\n<meta property=\"og:site_name\" content=\"Lisciani Giochi\" \/>\n<meta property=\"article:publisher\" content=\"https:\/\/www.facebook.com\/liscianigroup\" \/>\n<meta property=\"article:modified_time\" content=\"2026-04-17T04:20:41+00:00\" \/>\n<meta property=\"og:image\" content=\"https:\/\/mf.liscianigiochi.it:8443\/media\/EX72453\/D6ED8CA0-ED42-4BCF-92C8-12AFF44E1BBC.jpg\" \/>\n<meta name=\"twitter:card\" content=\"summary_large_image\" \/>\n<meta name=\"twitter:image\" content=\"https:\/\/mf.liscianigiochi.it:8443\/media\/EX72453\/D6ED8CA0-ED42-4BCF-92C8-12AFF44E1BBC.jpg\" \/>\n<meta name=\"twitter:label1\" content=\"Est. reading time\" \/>\n\t<meta name=\"twitter:data1\" content=\"1 minute\" \/>\n<script type=\"application\/ld+json\" class=\"yoast-schema-graph\">{\"@context\":\"https:\/\/schema.org\",\"@graph\":[{\"@type\":\"WebPage\",\"@id\":\"https:\/\/www.liscianigiochi.com\/es\/shop\/educativos-preescolares-es\/juegos-educativos-montessori-plus-es\/montessori-plus-tactile-numbers-es\/\",\"url\":\"https:\/\/www.liscianigiochi.com\/es\/shop\/educativos-preescolares-es\/juegos-educativos-montessori-plus-es\/montessori-plus-tactile-numbers-es\/\",\"name\":\"Montessori Plus Tactile Numbers - Lisciani Giochi\",\"isPartOf\":{\"@id\":\"https:\/\/www.liscianigiochi.com\/#website\"},\"primaryImageOfPage\":{\"@id\":\"https:\/\/www.liscianigiochi.com\/es\/shop\/educativos-preescolares-es\/juegos-educativos-montessori-plus-es\/montessori-plus-tactile-numbers-es\/#primaryimage\"},\"image\":{\"@id\":\"https:\/\/www.liscianigiochi.com\/es\/shop\/educativos-preescolares-es\/juegos-educativos-montessori-plus-es\/montessori-plus-tactile-numbers-es\/#primaryimage\"},\"thumbnailUrl\":\"https:\/\/mf.liscianigiochi.it:8443\/media\/EX72453\/D6ED8CA0-ED42-4BCF-92C8-12AFF44E1BBC.jpg\",\"datePublished\":\"2024-07-31T07:23:40+00:00\",\"dateModified\":\"2026-04-17T04:20:41+00:00\",\"breadcrumb\":{\"@id\":\"https:\/\/www.liscianigiochi.com\/es\/shop\/educativos-preescolares-es\/juegos-educativos-montessori-plus-es\/montessori-plus-tactile-numbers-es\/#breadcrumb\"},\"inLanguage\":\"es-ES\",\"potentialAction\":[{\"@type\":\"ReadAction\",\"target\":[\"https:\/\/www.liscianigiochi.com\/es\/shop\/educativos-preescolares-es\/juegos-educativos-montessori-plus-es\/montessori-plus-tactile-numbers-es\/\"]}]},{\"@type\":\"ImageObject\",\"inLanguage\":\"es-ES\",\"@id\":\"https:\/\/www.liscianigiochi.com\/es\/shop\/educativos-preescolares-es\/juegos-educativos-montessori-plus-es\/montessori-plus-tactile-numbers-es\/#primaryimage\",\"url\":\"https:\/\/mf.liscianigiochi.it:8443\/media\/EX72453\/D6ED8CA0-ED42-4BCF-92C8-12AFF44E1BBC.jpg\",\"contentUrl\":\"https:\/\/mf.liscianigiochi.it:8443\/media\/EX72453\/D6ED8CA0-ED42-4BCF-92C8-12AFF44E1BBC.jpg\"},{\"@type\":\"BreadcrumbList\",\"@id\":\"https:\/\/www.liscianigiochi.com\/es\/shop\/educativos-preescolares-es\/juegos-educativos-montessori-plus-es\/montessori-plus-tactile-numbers-es\/#breadcrumb\",\"itemListElement\":[{\"@type\":\"ListItem\",\"position\":1,\"name\":\"Home\",\"item\":\"https:\/\/www.liscianigiochi.com\/es\/\"},{\"@type\":\"ListItem\",\"position\":2,\"name\":\"Tienda\",\"item\":\"https:\/\/lg.udnt.it\/es\/tienda\/\"},{\"@type\":\"ListItem\",\"position\":3,\"name\":\"Montessori Plus Tactile Numbers\"}]},{\"@type\":\"WebSite\",\"@id\":\"https:\/\/www.liscianigiochi.com\/#website\",\"url\":\"https:\/\/www.liscianigiochi.com\/\",\"name\":\"Lisciani Giochi\",\"description\":\"\",\"publisher\":{\"@id\":\"https:\/\/www.liscianigiochi.com\/#organization\"},\"potentialAction\":[{\"@type\":\"SearchAction\",\"target\":{\"@type\":\"EntryPoint\",\"urlTemplate\":\"https:\/\/www.liscianigiochi.com\/?s={search_term_string}\"},\"query-input\":{\"@type\":\"PropertyValueSpecification\",\"valueRequired\":true,\"valueName\":\"search_term_string\"}}],\"inLanguage\":\"es-ES\"},{\"@type\":\"Organization\",\"@id\":\"https:\/\/www.liscianigiochi.com\/#organization\",\"name\":\"Lisciani Giochi\",\"url\":\"https:\/\/www.liscianigiochi.com\/\",\"logo\":{\"@type\":\"ImageObject\",\"inLanguage\":\"es-ES\",\"@id\":\"https:\/\/www.liscianigiochi.com\/#\/schema\/logo\/image\/\",\"url\":\"https:\/\/www.liscianigiochi.com\/wp-content\/uploads\/2023\/10\/Logo@2x.png\",\"contentUrl\":\"https:\/\/www.liscianigiochi.com\/wp-content\/uploads\/2023\/10\/Logo@2x.png\",\"width\":384,\"height\":384,\"caption\":\"Lisciani Giochi\"},\"image\":{\"@id\":\"https:\/\/www.liscianigiochi.com\/#\/schema\/logo\/image\/\"},\"sameAs\":[\"https:\/\/www.facebook.com\/liscianigroup\",\"https:\/\/www.instagram.com\/liscianigiochi\/\"]}]}<\/script>\n<!-- \/ Yoast SEO plugin. -->","yoast_head_json":{"title":"Montessori Plus Tactile Numbers - Lisciani Giochi","robots":{"index":"index","follow":"follow","max-snippet":"max-snippet:-1","max-image-preview":"max-image-preview:large","max-video-preview":"max-video-preview:-1"},"canonical":"https:\/\/www.liscianigiochi.com\/es\/shop\/educativos-preescolares-es\/juegos-educativos-montessori-plus-es\/montessori-plus-tactile-numbers-es\/","og_locale":"es_ES","og_type":"article","og_title":"Montessori Plus Tactile Numbers - Lisciani Giochi","og_description":"Inspirado en el m\u00e9todo Montessori","og_url":"https:\/\/www.liscianigiochi.com\/es\/shop\/educativos-preescolares-es\/juegos-educativos-montessori-plus-es\/montessori-plus-tactile-numbers-es\/","og_site_name":"Lisciani Giochi","article_publisher":"https:\/\/www.facebook.com\/liscianigroup","article_modified_time":"2026-04-17T04:20:41+00:00","og_image":[{"url":"https:\/\/mf.liscianigiochi.it:8443\/media\/EX72453\/D6ED8CA0-ED42-4BCF-92C8-12AFF44E1BBC.jpg","type":"","width":"","height":""}],"twitter_card":"summary_large_image","twitter_image":"https:\/\/mf.liscianigiochi.it:8443\/media\/EX72453\/D6ED8CA0-ED42-4BCF-92C8-12AFF44E1BBC.jpg","twitter_misc":{"Est. reading time":"1 minute"},"schema":{"@context":"https:\/\/schema.org","@graph":[{"@type":"WebPage","@id":"https:\/\/www.liscianigiochi.com\/es\/shop\/educativos-preescolares-es\/juegos-educativos-montessori-plus-es\/montessori-plus-tactile-numbers-es\/","url":"https:\/\/www.liscianigiochi.com\/es\/shop\/educativos-preescolares-es\/juegos-educativos-montessori-plus-es\/montessori-plus-tactile-numbers-es\/","name":"Montessori Plus Tactile Numbers - Lisciani Giochi","isPartOf":{"@id":"https:\/\/www.liscianigiochi.com\/#website"},"primaryImageOfPage":{"@id":"https:\/\/www.liscianigiochi.com\/es\/shop\/educativos-preescolares-es\/juegos-educativos-montessori-plus-es\/montessori-plus-tactile-numbers-es\/#primaryimage"},"image":{"@id":"https:\/\/www.liscianigiochi.com\/es\/shop\/educativos-preescolares-es\/juegos-educativos-montessori-plus-es\/montessori-plus-tactile-numbers-es\/#primaryimage"},"thumbnailUrl":"https:\/\/mf.liscianigiochi.it:8443\/media\/EX72453\/D6ED8CA0-ED42-4BCF-92C8-12AFF44E1BBC.jpg","datePublished":"2024-07-31T07:23:40+00:00","dateModified":"2026-04-17T04:20:41+00:00","breadcrumb":{"@id":"https:\/\/www.liscianigiochi.com\/es\/shop\/educativos-preescolares-es\/juegos-educativos-montessori-plus-es\/montessori-plus-tactile-numbers-es\/#breadcrumb"},"inLanguage":"es-ES","potentialAction":[{"@type":"ReadAction","target":["https:\/\/www.liscianigiochi.com\/es\/shop\/educativos-preescolares-es\/juegos-educativos-montessori-plus-es\/montessori-plus-tactile-numbers-es\/"]}]},{"@type":"ImageObject","inLanguage":"es-ES","@id":"https:\/\/www.liscianigiochi.com\/es\/shop\/educativos-preescolares-es\/juegos-educativos-montessori-plus-es\/montessori-plus-tactile-numbers-es\/#primaryimage","url":"https:\/\/mf.liscianigiochi.it:8443\/media\/EX72453\/D6ED8CA0-ED42-4BCF-92C8-12AFF44E1BBC.jpg","contentUrl":"https:\/\/mf.liscianigiochi.it:8443\/media\/EX72453\/D6ED8CA0-ED42-4BCF-92C8-12AFF44E1BBC.jpg"},{"@type":"BreadcrumbList","@id":"https:\/\/www.liscianigiochi.com\/es\/shop\/educativos-preescolares-es\/juegos-educativos-montessori-plus-es\/montessori-plus-tactile-numbers-es\/#breadcrumb","itemListElement":[{"@type":"ListItem","position":1,"name":"Home","item":"https:\/\/www.liscianigiochi.com\/es\/"},{"@type":"ListItem","position":2,"name":"Tienda","item":"https:\/\/lg.udnt.it\/es\/tienda\/"},{"@type":"ListItem","position":3,"name":"Montessori Plus Tactile Numbers"}]},{"@type":"WebSite","@id":"https:\/\/www.liscianigiochi.com\/#website","url":"https:\/\/www.liscianigiochi.com\/","name":"Lisciani Giochi","description":"","publisher":{"@id":"https:\/\/www.liscianigiochi.com\/#organization"},"potentialAction":[{"@type":"SearchAction","target":{"@type":"EntryPoint","urlTemplate":"https:\/\/www.liscianigiochi.com\/?s={search_term_string}"},"query-input":{"@type":"PropertyValueSpecification","valueRequired":true,"valueName":"search_term_string"}}],"inLanguage":"es-ES"},{"@type":"Organization","@id":"https:\/\/www.liscianigiochi.com\/#organization","name":"Lisciani Giochi","url":"https:\/\/www.liscianigiochi.com\/","logo":{"@type":"ImageObject","inLanguage":"es-ES","@id":"https:\/\/www.liscianigiochi.com\/#\/schema\/logo\/image\/","url":"https:\/\/www.liscianigiochi.com\/wp-content\/uploads\/2023\/10\/Logo@2x.png","contentUrl":"https:\/\/www.liscianigiochi.com\/wp-content\/uploads\/2023\/10\/Logo@2x.png","width":384,"height":384,"caption":"Lisciani Giochi"},"image":{"@id":"https:\/\/www.liscianigiochi.com\/#\/schema\/logo\/image\/"},"sameAs":["https:\/\/www.facebook.com\/liscianigroup","https:\/\/www.instagram.com\/liscianigiochi\/"]}]}},"fifu_image_url":"https:\/\/mf.liscianigiochi.it:8443\/media\/EX72453\/D6ED8CA0-ED42-4BCF-92C8-12AFF44E1BBC.jpg","_links":{"self":[{"href":"https:\/\/www.liscianigiochi.com\/es\/wp-json\/wp\/v2\/product\/710597","targetHints":{"allow":["GET"]}}],"collection":[{"href":"https:\/\/www.liscianigiochi.com\/es\/wp-json\/wp\/v2\/product"}],"about":[{"href":"https:\/\/www.liscianigiochi.com\/es\/wp-json\/wp\/v2\/types\/product"}],"wp:featuredmedia":[{"embeddable":true,"href":"https:\/\/www.liscianigiochi.com\/es\/wp-json\/wp\/v2\/media\/1034487"}],"wp:attachment":[{"href":"https:\/\/www.liscianigiochi.com\/es\/wp-json\/wp\/v2\/media?parent=710597"}],"wp:term":[{"taxonomy":"product_brand","embeddable":true,"href":"https:\/\/www.liscianigiochi.com\/es\/wp-json\/wp\/v2\/product_brand?post=710597"},{"taxonomy":"product_cat","embeddable":true,"href":"https:\/\/www.liscianigiochi.com\/es\/wp-json\/wp\/v2\/product_cat?post=710597"},{"taxonomy":"product_tag","embeddable":true,"href":"https:\/\/www.liscianigiochi.com\/es\/wp-json\/wp\/v2\/product_tag?post=710597"}],"curies":[{"name":"wp","href":"https:\/\/api.w.org\/{rel}","templated":true}]}}