{"id":710630,"date":"2024-07-31T09:23:56","date_gmt":"2024-07-31T07:23:56","guid":{"rendered":"https:\/\/www.liscianigiochi.com\/shop\/uncategorized\/peppa-pig-super-desk-edugames-es\/"},"modified":"2026-04-10T06:20:10","modified_gmt":"2026-04-10T04:20:10","slug":"peppa-pig-super-desk-edugames-es","status":"publish","type":"product","link":"https:\/\/www.liscianigiochi.com\/es\/shop\/educativos-preescolares-baby-es\/baby-licensing-educational-games-es\/peppa-pig-super-desk-edugames-es\/","title":{"rendered":"Peppa Pig Super Desk Edugames"},"content":{"rendered":"<p>La robusta mesa de Peppa Pig donde podr\u00e1s divertirte con la rica colecci\u00f3n de juegos y actividades para desarrollar la l\u00f3gica, la atenci\u00f3n, la memoria y la imaginaci\u00f3n, adem\u00e1s tiene un pr\u00e1ctico compartimento para guardar juegos.<br \/>\nPodr\u00e1s divertirte con el memo, los mini puzzles para aprender colores, n\u00fameros, juegos con formas geom\u00e9tricas, actividades de reconocimiento de im\u00e1genes y adem\u00e1s la pizarra escribe y borra con su rotulador beb\u00e9,npara aprender a escribir y dibujar con la ayuda del pr\u00e1ctico manual de instrucciones.<\/p>\n","protected":false},"excerpt":{"rendered":"<p>\u00a1La mesa educativa para los m\u00e1s peque\u00f1os!<\/p>\n","protected":false},"featured_media":784207,"template":"","meta":{"_acf_changed":false},"product_brand":[],"product_cat":[2925,2886],"product_tag":[3107,3097,3099,3096,3120],"class_list":{"0":"post-710630","1":"product","2":"type-product","3":"status-publish","4":"has-post-thumbnail","6":"product_cat-baby-licensing-educational-games-es","7":"product_cat-educativos-preescolares-baby-es","8":"product_tag-1-2-anos-es","9":"product_tag-3-4-anos-es","10":"product_tag-5-6-anos-es","11":"product_tag-peppa-pig-es","12":"product_tag-peppapig-2015-2016-es","14":"first","15":"instock","16":"shipping-taxable","17":"product-type-simple"},"acf":[],"yoast_head":"<!-- This site is optimized with the Yoast SEO plugin v26.5 - https:\/\/yoast.com\/wordpress\/plugins\/seo\/ -->\n<title>Peppa Pig Super Desk Edugames - Lisciani Giochi<\/title>\n<meta name=\"robots\" content=\"index, follow, max-snippet:-1, max-image-preview:large, max-video-preview:-1\" \/>\n<link rel=\"canonical\" href=\"https:\/\/www.liscianigiochi.com\/es\/shop\/educativos-preescolares-baby-es\/baby-licensing-educational-games-es\/peppa-pig-super-desk-edugames-es\/\" \/>\n<meta property=\"og:locale\" content=\"es_ES\" \/>\n<meta property=\"og:type\" content=\"article\" \/>\n<meta property=\"og:title\" content=\"Peppa Pig Super Desk Edugames - Lisciani Giochi\" \/>\n<meta property=\"og:description\" content=\"\u00a1La mesa educativa para los m\u00e1s peque\u00f1os!\" \/>\n<meta property=\"og:url\" content=\"https:\/\/www.liscianigiochi.com\/es\/shop\/educativos-preescolares-baby-es\/baby-licensing-educational-games-es\/peppa-pig-super-desk-edugames-es\/\" \/>\n<meta property=\"og:site_name\" content=\"Lisciani Giochi\" \/>\n<meta property=\"article:publisher\" content=\"https:\/\/www.facebook.com\/liscianigroup\" \/>\n<meta property=\"article:modified_time\" content=\"2026-04-10T04:20:10+00:00\" \/>\n<meta property=\"og:image\" content=\"https:\/\/mf.liscianigiochi.it:8443\/media\/89208\/0FFBBF3B-FC8D-43B6-B848-4E9C661318CA.jpg\" \/>\n<meta name=\"twitter:card\" content=\"summary_large_image\" \/>\n<meta name=\"twitter:image\" content=\"https:\/\/mf.liscianigiochi.it:8443\/media\/89208\/0FFBBF3B-FC8D-43B6-B848-4E9C661318CA.jpg\" \/>\n<script type=\"application\/ld+json\" class=\"yoast-schema-graph\">{\"@context\":\"https:\/\/schema.org\",\"@graph\":[{\"@type\":\"WebPage\",\"@id\":\"https:\/\/www.liscianigiochi.com\/es\/shop\/educativos-preescolares-baby-es\/baby-licensing-educational-games-es\/peppa-pig-super-desk-edugames-es\/\",\"url\":\"https:\/\/www.liscianigiochi.com\/es\/shop\/educativos-preescolares-baby-es\/baby-licensing-educational-games-es\/peppa-pig-super-desk-edugames-es\/\",\"name\":\"Peppa Pig Super Desk Edugames - Lisciani Giochi\",\"isPartOf\":{\"@id\":\"https:\/\/www.liscianigiochi.com\/#website\"},\"primaryImageOfPage\":{\"@id\":\"https:\/\/www.liscianigiochi.com\/es\/shop\/educativos-preescolares-baby-es\/baby-licensing-educational-games-es\/peppa-pig-super-desk-edugames-es\/#primaryimage\"},\"image\":{\"@id\":\"https:\/\/www.liscianigiochi.com\/es\/shop\/educativos-preescolares-baby-es\/baby-licensing-educational-games-es\/peppa-pig-super-desk-edugames-es\/#primaryimage\"},\"thumbnailUrl\":\"https:\/\/mf.liscianigiochi.it:8443\/media\/89208\/0FFBBF3B-FC8D-43B6-B848-4E9C661318CA.jpg\",\"datePublished\":\"2024-07-31T07:23:56+00:00\",\"dateModified\":\"2026-04-10T04:20:10+00:00\",\"breadcrumb\":{\"@id\":\"https:\/\/www.liscianigiochi.com\/es\/shop\/educativos-preescolares-baby-es\/baby-licensing-educational-games-es\/peppa-pig-super-desk-edugames-es\/#breadcrumb\"},\"inLanguage\":\"es-ES\",\"potentialAction\":[{\"@type\":\"ReadAction\",\"target\":[\"https:\/\/www.liscianigiochi.com\/es\/shop\/educativos-preescolares-baby-es\/baby-licensing-educational-games-es\/peppa-pig-super-desk-edugames-es\/\"]}]},{\"@type\":\"ImageObject\",\"inLanguage\":\"es-ES\",\"@id\":\"https:\/\/www.liscianigiochi.com\/es\/shop\/educativos-preescolares-baby-es\/baby-licensing-educational-games-es\/peppa-pig-super-desk-edugames-es\/#primaryimage\",\"url\":\"https:\/\/mf.liscianigiochi.it:8443\/media\/89208\/0FFBBF3B-FC8D-43B6-B848-4E9C661318CA.jpg\",\"contentUrl\":\"https:\/\/mf.liscianigiochi.it:8443\/media\/89208\/0FFBBF3B-FC8D-43B6-B848-4E9C661318CA.jpg\"},{\"@type\":\"BreadcrumbList\",\"@id\":\"https:\/\/www.liscianigiochi.com\/es\/shop\/educativos-preescolares-baby-es\/baby-licensing-educational-games-es\/peppa-pig-super-desk-edugames-es\/#breadcrumb\",\"itemListElement\":[{\"@type\":\"ListItem\",\"position\":1,\"name\":\"Home\",\"item\":\"https:\/\/www.liscianigiochi.com\/es\/\"},{\"@type\":\"ListItem\",\"position\":2,\"name\":\"Tienda\",\"item\":\"https:\/\/lg.udnt.it\/es\/tienda\/\"},{\"@type\":\"ListItem\",\"position\":3,\"name\":\"Peppa Pig Super Desk Edugames\"}]},{\"@type\":\"WebSite\",\"@id\":\"https:\/\/www.liscianigiochi.com\/#website\",\"url\":\"https:\/\/www.liscianigiochi.com\/\",\"name\":\"Lisciani Giochi\",\"description\":\"\",\"publisher\":{\"@id\":\"https:\/\/www.liscianigiochi.com\/#organization\"},\"potentialAction\":[{\"@type\":\"SearchAction\",\"target\":{\"@type\":\"EntryPoint\",\"urlTemplate\":\"https:\/\/www.liscianigiochi.com\/?s={search_term_string}\"},\"query-input\":{\"@type\":\"PropertyValueSpecification\",\"valueRequired\":true,\"valueName\":\"search_term_string\"}}],\"inLanguage\":\"es-ES\"},{\"@type\":\"Organization\",\"@id\":\"https:\/\/www.liscianigiochi.com\/#organization\",\"name\":\"Lisciani Giochi\",\"url\":\"https:\/\/www.liscianigiochi.com\/\",\"logo\":{\"@type\":\"ImageObject\",\"inLanguage\":\"es-ES\",\"@id\":\"https:\/\/www.liscianigiochi.com\/#\/schema\/logo\/image\/\",\"url\":\"https:\/\/www.liscianigiochi.com\/wp-content\/uploads\/2023\/10\/Logo@2x.png\",\"contentUrl\":\"https:\/\/www.liscianigiochi.com\/wp-content\/uploads\/2023\/10\/Logo@2x.png\",\"width\":384,\"height\":384,\"caption\":\"Lisciani Giochi\"},\"image\":{\"@id\":\"https:\/\/www.liscianigiochi.com\/#\/schema\/logo\/image\/\"},\"sameAs\":[\"https:\/\/www.facebook.com\/liscianigroup\",\"https:\/\/www.instagram.com\/liscianigiochi\/\"]}]}<\/script>\n<!-- \/ Yoast SEO plugin. -->","yoast_head_json":{"title":"Peppa Pig Super Desk Edugames - Lisciani Giochi","robots":{"index":"index","follow":"follow","max-snippet":"max-snippet:-1","max-image-preview":"max-image-preview:large","max-video-preview":"max-video-preview:-1"},"canonical":"https:\/\/www.liscianigiochi.com\/es\/shop\/educativos-preescolares-baby-es\/baby-licensing-educational-games-es\/peppa-pig-super-desk-edugames-es\/","og_locale":"es_ES","og_type":"article","og_title":"Peppa Pig Super Desk Edugames - Lisciani Giochi","og_description":"\u00a1La mesa educativa para los m\u00e1s peque\u00f1os!","og_url":"https:\/\/www.liscianigiochi.com\/es\/shop\/educativos-preescolares-baby-es\/baby-licensing-educational-games-es\/peppa-pig-super-desk-edugames-es\/","og_site_name":"Lisciani Giochi","article_publisher":"https:\/\/www.facebook.com\/liscianigroup","article_modified_time":"2026-04-10T04:20:10+00:00","og_image":[{"url":"https:\/\/mf.liscianigiochi.it:8443\/media\/89208\/0FFBBF3B-FC8D-43B6-B848-4E9C661318CA.jpg","type":"","width":"","height":""}],"twitter_card":"summary_large_image","twitter_image":"https:\/\/mf.liscianigiochi.it:8443\/media\/89208\/0FFBBF3B-FC8D-43B6-B848-4E9C661318CA.jpg","schema":{"@context":"https:\/\/schema.org","@graph":[{"@type":"WebPage","@id":"https:\/\/www.liscianigiochi.com\/es\/shop\/educativos-preescolares-baby-es\/baby-licensing-educational-games-es\/peppa-pig-super-desk-edugames-es\/","url":"https:\/\/www.liscianigiochi.com\/es\/shop\/educativos-preescolares-baby-es\/baby-licensing-educational-games-es\/peppa-pig-super-desk-edugames-es\/","name":"Peppa Pig Super Desk Edugames - Lisciani Giochi","isPartOf":{"@id":"https:\/\/www.liscianigiochi.com\/#website"},"primaryImageOfPage":{"@id":"https:\/\/www.liscianigiochi.com\/es\/shop\/educativos-preescolares-baby-es\/baby-licensing-educational-games-es\/peppa-pig-super-desk-edugames-es\/#primaryimage"},"image":{"@id":"https:\/\/www.liscianigiochi.com\/es\/shop\/educativos-preescolares-baby-es\/baby-licensing-educational-games-es\/peppa-pig-super-desk-edugames-es\/#primaryimage"},"thumbnailUrl":"https:\/\/mf.liscianigiochi.it:8443\/media\/89208\/0FFBBF3B-FC8D-43B6-B848-4E9C661318CA.jpg","datePublished":"2024-07-31T07:23:56+00:00","dateModified":"2026-04-10T04:20:10+00:00","breadcrumb":{"@id":"https:\/\/www.liscianigiochi.com\/es\/shop\/educativos-preescolares-baby-es\/baby-licensing-educational-games-es\/peppa-pig-super-desk-edugames-es\/#breadcrumb"},"inLanguage":"es-ES","potentialAction":[{"@type":"ReadAction","target":["https:\/\/www.liscianigiochi.com\/es\/shop\/educativos-preescolares-baby-es\/baby-licensing-educational-games-es\/peppa-pig-super-desk-edugames-es\/"]}]},{"@type":"ImageObject","inLanguage":"es-ES","@id":"https:\/\/www.liscianigiochi.com\/es\/shop\/educativos-preescolares-baby-es\/baby-licensing-educational-games-es\/peppa-pig-super-desk-edugames-es\/#primaryimage","url":"https:\/\/mf.liscianigiochi.it:8443\/media\/89208\/0FFBBF3B-FC8D-43B6-B848-4E9C661318CA.jpg","contentUrl":"https:\/\/mf.liscianigiochi.it:8443\/media\/89208\/0FFBBF3B-FC8D-43B6-B848-4E9C661318CA.jpg"},{"@type":"BreadcrumbList","@id":"https:\/\/www.liscianigiochi.com\/es\/shop\/educativos-preescolares-baby-es\/baby-licensing-educational-games-es\/peppa-pig-super-desk-edugames-es\/#breadcrumb","itemListElement":[{"@type":"ListItem","position":1,"name":"Home","item":"https:\/\/www.liscianigiochi.com\/es\/"},{"@type":"ListItem","position":2,"name":"Tienda","item":"https:\/\/lg.udnt.it\/es\/tienda\/"},{"@type":"ListItem","position":3,"name":"Peppa Pig Super Desk Edugames"}]},{"@type":"WebSite","@id":"https:\/\/www.liscianigiochi.com\/#website","url":"https:\/\/www.liscianigiochi.com\/","name":"Lisciani Giochi","description":"","publisher":{"@id":"https:\/\/www.liscianigiochi.com\/#organization"},"potentialAction":[{"@type":"SearchAction","target":{"@type":"EntryPoint","urlTemplate":"https:\/\/www.liscianigiochi.com\/?s={search_term_string}"},"query-input":{"@type":"PropertyValueSpecification","valueRequired":true,"valueName":"search_term_string"}}],"inLanguage":"es-ES"},{"@type":"Organization","@id":"https:\/\/www.liscianigiochi.com\/#organization","name":"Lisciani Giochi","url":"https:\/\/www.liscianigiochi.com\/","logo":{"@type":"ImageObject","inLanguage":"es-ES","@id":"https:\/\/www.liscianigiochi.com\/#\/schema\/logo\/image\/","url":"https:\/\/www.liscianigiochi.com\/wp-content\/uploads\/2023\/10\/Logo@2x.png","contentUrl":"https:\/\/www.liscianigiochi.com\/wp-content\/uploads\/2023\/10\/Logo@2x.png","width":384,"height":384,"caption":"Lisciani Giochi"},"image":{"@id":"https:\/\/www.liscianigiochi.com\/#\/schema\/logo\/image\/"},"sameAs":["https:\/\/www.facebook.com\/liscianigroup","https:\/\/www.instagram.com\/liscianigiochi\/"]}]}},"fifu_image_url":"https:\/\/mf.liscianigiochi.it:8443\/media\/89208\/0FFBBF3B-FC8D-43B6-B848-4E9C661318CA.jpg","_links":{"self":[{"href":"https:\/\/www.liscianigiochi.com\/es\/wp-json\/wp\/v2\/product\/710630","targetHints":{"allow":["GET"]}}],"collection":[{"href":"https:\/\/www.liscianigiochi.com\/es\/wp-json\/wp\/v2\/product"}],"about":[{"href":"https:\/\/www.liscianigiochi.com\/es\/wp-json\/wp\/v2\/types\/product"}],"wp:featuredmedia":[{"embeddable":true,"href":"https:\/\/www.liscianigiochi.com\/es\/wp-json\/wp\/v2\/media\/784207"}],"wp:attachment":[{"href":"https:\/\/www.liscianigiochi.com\/es\/wp-json\/wp\/v2\/media?parent=710630"}],"wp:term":[{"taxonomy":"product_brand","embeddable":true,"href":"https:\/\/www.liscianigiochi.com\/es\/wp-json\/wp\/v2\/product_brand?post=710630"},{"taxonomy":"product_cat","embeddable":true,"href":"https:\/\/www.liscianigiochi.com\/es\/wp-json\/wp\/v2\/product_cat?post=710630"},{"taxonomy":"product_tag","embeddable":true,"href":"https:\/\/www.liscianigiochi.com\/es\/wp-json\/wp\/v2\/product_tag?post=710630"}],"curies":[{"name":"wp","href":"https:\/\/api.w.org\/{rel}","templated":true}]}}