{"id":711052,"date":"2024-07-31T09:28:15","date_gmt":"2024-07-31T07:28:15","guid":{"rendered":"https:\/\/www.liscianigiochi.com\/shop\/uncategorized\/peppa-pig-learning-house-3d-es\/"},"modified":"2026-04-17T06:21:07","modified_gmt":"2026-04-17T04:21:07","slug":"peppa-pig-learning-house-3d-es","status":"publish","type":"product","link":"https:\/\/www.liscianigiochi.com\/es\/shop\/educativos-preescolares-baby-es\/baby-licensing-educational-games-es\/peppa-pig-learning-house-3d-es\/","title":{"rendered":"Peppa Pig Learning House 3D"},"content":{"rendered":"<p>La preciosa casa de Peppa Pig en versi\u00f3n multiling\u00fce  Un juego estimulante y educativo para ni\u00f1os peque\u00f1os que disfrutar\u00e1n construyendo y montando la casa de cart\u00f3n con muebles en 3D y luego podr\u00e1n jugar con asociaciones l\u00f3gicas y muchos juegos educativos.<\/p>\n","protected":false},"excerpt":{"rendered":"<p>\u00a1Divi\u00e9rtete jugando con la preciosa casa de Peppa!<\/p>\n","protected":false},"featured_media":784329,"template":"","meta":{"_acf_changed":false},"product_brand":[],"product_cat":[2925,2886],"product_tag":[3097,3099,3096,3120],"class_list":{"0":"post-711052","1":"product","2":"type-product","3":"status-publish","4":"has-post-thumbnail","6":"product_cat-baby-licensing-educational-games-es","7":"product_cat-educativos-preescolares-baby-es","8":"product_tag-3-4-anos-es","9":"product_tag-5-6-anos-es","10":"product_tag-peppa-pig-es","11":"product_tag-peppapig-2015-2016-es","13":"first","14":"instock","15":"shipping-taxable","16":"product-type-simple"},"acf":[],"yoast_head":"<!-- This site is optimized with the Yoast SEO plugin v26.5 - https:\/\/yoast.com\/wordpress\/plugins\/seo\/ -->\n<title>Peppa Pig Learning House 3D - Lisciani Giochi<\/title>\n<meta name=\"robots\" content=\"index, follow, max-snippet:-1, max-image-preview:large, max-video-preview:-1\" \/>\n<link rel=\"canonical\" href=\"https:\/\/www.liscianigiochi.com\/es\/shop\/educativos-preescolares-baby-es\/baby-licensing-educational-games-es\/peppa-pig-learning-house-3d-es\/\" \/>\n<meta property=\"og:locale\" content=\"es_ES\" \/>\n<meta property=\"og:type\" content=\"article\" \/>\n<meta property=\"og:title\" content=\"Peppa Pig Learning House 3D - Lisciani Giochi\" \/>\n<meta property=\"og:description\" content=\"\u00a1Divi\u00e9rtete jugando con la preciosa casa de Peppa!\" \/>\n<meta property=\"og:url\" content=\"https:\/\/www.liscianigiochi.com\/es\/shop\/educativos-preescolares-baby-es\/baby-licensing-educational-games-es\/peppa-pig-learning-house-3d-es\/\" \/>\n<meta property=\"og:site_name\" content=\"Lisciani Giochi\" \/>\n<meta property=\"article:publisher\" content=\"https:\/\/www.facebook.com\/liscianigroup\" \/>\n<meta property=\"article:modified_time\" content=\"2026-04-17T04:21:07+00:00\" \/>\n<meta property=\"og:image\" content=\"https:\/\/mf.liscianigiochi.it:8443\/media\/92055\/A20F6604-8B68-4F7B-B238-64842629EFC5.jpg\" \/>\n<meta name=\"twitter:card\" content=\"summary_large_image\" \/>\n<meta name=\"twitter:image\" content=\"https:\/\/mf.liscianigiochi.it:8443\/media\/92055\/A20F6604-8B68-4F7B-B238-64842629EFC5.jpg\" \/>\n<script type=\"application\/ld+json\" class=\"yoast-schema-graph\">{\"@context\":\"https:\/\/schema.org\",\"@graph\":[{\"@type\":\"WebPage\",\"@id\":\"https:\/\/www.liscianigiochi.com\/es\/shop\/educativos-preescolares-baby-es\/baby-licensing-educational-games-es\/peppa-pig-learning-house-3d-es\/\",\"url\":\"https:\/\/www.liscianigiochi.com\/es\/shop\/educativos-preescolares-baby-es\/baby-licensing-educational-games-es\/peppa-pig-learning-house-3d-es\/\",\"name\":\"Peppa Pig Learning House 3D - Lisciani Giochi\",\"isPartOf\":{\"@id\":\"https:\/\/www.liscianigiochi.com\/#website\"},\"primaryImageOfPage\":{\"@id\":\"https:\/\/www.liscianigiochi.com\/es\/shop\/educativos-preescolares-baby-es\/baby-licensing-educational-games-es\/peppa-pig-learning-house-3d-es\/#primaryimage\"},\"image\":{\"@id\":\"https:\/\/www.liscianigiochi.com\/es\/shop\/educativos-preescolares-baby-es\/baby-licensing-educational-games-es\/peppa-pig-learning-house-3d-es\/#primaryimage\"},\"thumbnailUrl\":\"https:\/\/mf.liscianigiochi.it:8443\/media\/92055\/A20F6604-8B68-4F7B-B238-64842629EFC5.jpg\",\"datePublished\":\"2024-07-31T07:28:15+00:00\",\"dateModified\":\"2026-04-17T04:21:07+00:00\",\"breadcrumb\":{\"@id\":\"https:\/\/www.liscianigiochi.com\/es\/shop\/educativos-preescolares-baby-es\/baby-licensing-educational-games-es\/peppa-pig-learning-house-3d-es\/#breadcrumb\"},\"inLanguage\":\"es-ES\",\"potentialAction\":[{\"@type\":\"ReadAction\",\"target\":[\"https:\/\/www.liscianigiochi.com\/es\/shop\/educativos-preescolares-baby-es\/baby-licensing-educational-games-es\/peppa-pig-learning-house-3d-es\/\"]}]},{\"@type\":\"ImageObject\",\"inLanguage\":\"es-ES\",\"@id\":\"https:\/\/www.liscianigiochi.com\/es\/shop\/educativos-preescolares-baby-es\/baby-licensing-educational-games-es\/peppa-pig-learning-house-3d-es\/#primaryimage\",\"url\":\"https:\/\/mf.liscianigiochi.it:8443\/media\/92055\/A20F6604-8B68-4F7B-B238-64842629EFC5.jpg\",\"contentUrl\":\"https:\/\/mf.liscianigiochi.it:8443\/media\/92055\/A20F6604-8B68-4F7B-B238-64842629EFC5.jpg\"},{\"@type\":\"BreadcrumbList\",\"@id\":\"https:\/\/www.liscianigiochi.com\/es\/shop\/educativos-preescolares-baby-es\/baby-licensing-educational-games-es\/peppa-pig-learning-house-3d-es\/#breadcrumb\",\"itemListElement\":[{\"@type\":\"ListItem\",\"position\":1,\"name\":\"Home\",\"item\":\"https:\/\/www.liscianigiochi.com\/es\/\"},{\"@type\":\"ListItem\",\"position\":2,\"name\":\"Tienda\",\"item\":\"https:\/\/lg.udnt.it\/es\/tienda\/\"},{\"@type\":\"ListItem\",\"position\":3,\"name\":\"Peppa Pig Learning House 3D\"}]},{\"@type\":\"WebSite\",\"@id\":\"https:\/\/www.liscianigiochi.com\/#website\",\"url\":\"https:\/\/www.liscianigiochi.com\/\",\"name\":\"Lisciani Giochi\",\"description\":\"\",\"publisher\":{\"@id\":\"https:\/\/www.liscianigiochi.com\/#organization\"},\"potentialAction\":[{\"@type\":\"SearchAction\",\"target\":{\"@type\":\"EntryPoint\",\"urlTemplate\":\"https:\/\/www.liscianigiochi.com\/?s={search_term_string}\"},\"query-input\":{\"@type\":\"PropertyValueSpecification\",\"valueRequired\":true,\"valueName\":\"search_term_string\"}}],\"inLanguage\":\"es-ES\"},{\"@type\":\"Organization\",\"@id\":\"https:\/\/www.liscianigiochi.com\/#organization\",\"name\":\"Lisciani Giochi\",\"url\":\"https:\/\/www.liscianigiochi.com\/\",\"logo\":{\"@type\":\"ImageObject\",\"inLanguage\":\"es-ES\",\"@id\":\"https:\/\/www.liscianigiochi.com\/#\/schema\/logo\/image\/\",\"url\":\"https:\/\/www.liscianigiochi.com\/wp-content\/uploads\/2023\/10\/Logo@2x.png\",\"contentUrl\":\"https:\/\/www.liscianigiochi.com\/wp-content\/uploads\/2023\/10\/Logo@2x.png\",\"width\":384,\"height\":384,\"caption\":\"Lisciani Giochi\"},\"image\":{\"@id\":\"https:\/\/www.liscianigiochi.com\/#\/schema\/logo\/image\/\"},\"sameAs\":[\"https:\/\/www.facebook.com\/liscianigroup\",\"https:\/\/www.instagram.com\/liscianigiochi\/\"]}]}<\/script>\n<!-- \/ Yoast SEO plugin. -->","yoast_head_json":{"title":"Peppa Pig Learning House 3D - Lisciani Giochi","robots":{"index":"index","follow":"follow","max-snippet":"max-snippet:-1","max-image-preview":"max-image-preview:large","max-video-preview":"max-video-preview:-1"},"canonical":"https:\/\/www.liscianigiochi.com\/es\/shop\/educativos-preescolares-baby-es\/baby-licensing-educational-games-es\/peppa-pig-learning-house-3d-es\/","og_locale":"es_ES","og_type":"article","og_title":"Peppa Pig Learning House 3D - Lisciani Giochi","og_description":"\u00a1Divi\u00e9rtete jugando con la preciosa casa de Peppa!","og_url":"https:\/\/www.liscianigiochi.com\/es\/shop\/educativos-preescolares-baby-es\/baby-licensing-educational-games-es\/peppa-pig-learning-house-3d-es\/","og_site_name":"Lisciani Giochi","article_publisher":"https:\/\/www.facebook.com\/liscianigroup","article_modified_time":"2026-04-17T04:21:07+00:00","og_image":[{"url":"https:\/\/mf.liscianigiochi.it:8443\/media\/92055\/A20F6604-8B68-4F7B-B238-64842629EFC5.jpg","type":"","width":"","height":""}],"twitter_card":"summary_large_image","twitter_image":"https:\/\/mf.liscianigiochi.it:8443\/media\/92055\/A20F6604-8B68-4F7B-B238-64842629EFC5.jpg","schema":{"@context":"https:\/\/schema.org","@graph":[{"@type":"WebPage","@id":"https:\/\/www.liscianigiochi.com\/es\/shop\/educativos-preescolares-baby-es\/baby-licensing-educational-games-es\/peppa-pig-learning-house-3d-es\/","url":"https:\/\/www.liscianigiochi.com\/es\/shop\/educativos-preescolares-baby-es\/baby-licensing-educational-games-es\/peppa-pig-learning-house-3d-es\/","name":"Peppa Pig Learning House 3D - Lisciani Giochi","isPartOf":{"@id":"https:\/\/www.liscianigiochi.com\/#website"},"primaryImageOfPage":{"@id":"https:\/\/www.liscianigiochi.com\/es\/shop\/educativos-preescolares-baby-es\/baby-licensing-educational-games-es\/peppa-pig-learning-house-3d-es\/#primaryimage"},"image":{"@id":"https:\/\/www.liscianigiochi.com\/es\/shop\/educativos-preescolares-baby-es\/baby-licensing-educational-games-es\/peppa-pig-learning-house-3d-es\/#primaryimage"},"thumbnailUrl":"https:\/\/mf.liscianigiochi.it:8443\/media\/92055\/A20F6604-8B68-4F7B-B238-64842629EFC5.jpg","datePublished":"2024-07-31T07:28:15+00:00","dateModified":"2026-04-17T04:21:07+00:00","breadcrumb":{"@id":"https:\/\/www.liscianigiochi.com\/es\/shop\/educativos-preescolares-baby-es\/baby-licensing-educational-games-es\/peppa-pig-learning-house-3d-es\/#breadcrumb"},"inLanguage":"es-ES","potentialAction":[{"@type":"ReadAction","target":["https:\/\/www.liscianigiochi.com\/es\/shop\/educativos-preescolares-baby-es\/baby-licensing-educational-games-es\/peppa-pig-learning-house-3d-es\/"]}]},{"@type":"ImageObject","inLanguage":"es-ES","@id":"https:\/\/www.liscianigiochi.com\/es\/shop\/educativos-preescolares-baby-es\/baby-licensing-educational-games-es\/peppa-pig-learning-house-3d-es\/#primaryimage","url":"https:\/\/mf.liscianigiochi.it:8443\/media\/92055\/A20F6604-8B68-4F7B-B238-64842629EFC5.jpg","contentUrl":"https:\/\/mf.liscianigiochi.it:8443\/media\/92055\/A20F6604-8B68-4F7B-B238-64842629EFC5.jpg"},{"@type":"BreadcrumbList","@id":"https:\/\/www.liscianigiochi.com\/es\/shop\/educativos-preescolares-baby-es\/baby-licensing-educational-games-es\/peppa-pig-learning-house-3d-es\/#breadcrumb","itemListElement":[{"@type":"ListItem","position":1,"name":"Home","item":"https:\/\/www.liscianigiochi.com\/es\/"},{"@type":"ListItem","position":2,"name":"Tienda","item":"https:\/\/lg.udnt.it\/es\/tienda\/"},{"@type":"ListItem","position":3,"name":"Peppa Pig Learning House 3D"}]},{"@type":"WebSite","@id":"https:\/\/www.liscianigiochi.com\/#website","url":"https:\/\/www.liscianigiochi.com\/","name":"Lisciani Giochi","description":"","publisher":{"@id":"https:\/\/www.liscianigiochi.com\/#organization"},"potentialAction":[{"@type":"SearchAction","target":{"@type":"EntryPoint","urlTemplate":"https:\/\/www.liscianigiochi.com\/?s={search_term_string}"},"query-input":{"@type":"PropertyValueSpecification","valueRequired":true,"valueName":"search_term_string"}}],"inLanguage":"es-ES"},{"@type":"Organization","@id":"https:\/\/www.liscianigiochi.com\/#organization","name":"Lisciani Giochi","url":"https:\/\/www.liscianigiochi.com\/","logo":{"@type":"ImageObject","inLanguage":"es-ES","@id":"https:\/\/www.liscianigiochi.com\/#\/schema\/logo\/image\/","url":"https:\/\/www.liscianigiochi.com\/wp-content\/uploads\/2023\/10\/Logo@2x.png","contentUrl":"https:\/\/www.liscianigiochi.com\/wp-content\/uploads\/2023\/10\/Logo@2x.png","width":384,"height":384,"caption":"Lisciani Giochi"},"image":{"@id":"https:\/\/www.liscianigiochi.com\/#\/schema\/logo\/image\/"},"sameAs":["https:\/\/www.facebook.com\/liscianigroup","https:\/\/www.instagram.com\/liscianigiochi\/"]}]}},"fifu_image_url":"https:\/\/mf.liscianigiochi.it:8443\/media\/92055\/A20F6604-8B68-4F7B-B238-64842629EFC5.jpg","_links":{"self":[{"href":"https:\/\/www.liscianigiochi.com\/es\/wp-json\/wp\/v2\/product\/711052","targetHints":{"allow":["GET"]}}],"collection":[{"href":"https:\/\/www.liscianigiochi.com\/es\/wp-json\/wp\/v2\/product"}],"about":[{"href":"https:\/\/www.liscianigiochi.com\/es\/wp-json\/wp\/v2\/types\/product"}],"wp:featuredmedia":[{"embeddable":true,"href":"https:\/\/www.liscianigiochi.com\/es\/wp-json\/wp\/v2\/media\/784329"}],"wp:attachment":[{"href":"https:\/\/www.liscianigiochi.com\/es\/wp-json\/wp\/v2\/media?parent=711052"}],"wp:term":[{"taxonomy":"product_brand","embeddable":true,"href":"https:\/\/www.liscianigiochi.com\/es\/wp-json\/wp\/v2\/product_brand?post=711052"},{"taxonomy":"product_cat","embeddable":true,"href":"https:\/\/www.liscianigiochi.com\/es\/wp-json\/wp\/v2\/product_cat?post=711052"},{"taxonomy":"product_tag","embeddable":true,"href":"https:\/\/www.liscianigiochi.com\/es\/wp-json\/wp\/v2\/product_tag?post=711052"}],"curies":[{"name":"wp","href":"https:\/\/api.w.org\/{rel}","templated":true}]}}