{"id":1723348,"date":"2025-10-15T10:26:52","date_gmt":"2025-10-15T08:26:52","guid":{"rendered":"https:\/\/www.liscianigiochi.com\/jours-de-pluie\/"},"modified":"2025-12-15T13:02:56","modified_gmt":"2025-12-15T12:02:56","slug":"jours-de-pluie","status":"publish","type":"page","link":"https:\/\/www.liscianigiochi.com\/fr\/jours-de-pluie\/","title":{"rendered":"JOURS DE PLUIE"},"content":{"rendered":"\t\t<div data-elementor-type=\"wp-page\" data-elementor-id=\"1723348\" class=\"elementor elementor-1723348 elementor-1680927\" data-elementor-post-type=\"page\">\n\t\t\t\t<div class=\"elementor-element elementor-element-49d0b7f e-con-full elementor-hidden-mobile e-flex wpr-particle-no wpr-jarallax-no wpr-parallax-no wpr-sticky-section-no e-con e-parent\" data-id=\"49d0b7f\" data-element_type=\"container\">\n\t\t\t\t<div class=\"elementor-element elementor-element-9a826e6 elementor-widget elementor-widget-image\" data-id=\"9a826e6\" data-element_type=\"widget\" data-widget_type=\"image.default\">\n\t\t\t\t<div class=\"elementor-widget-container\">\n\t\t\t\t\t\t\t\t\t\t\t\t\t\t\t<img fetchpriority=\"high\" decoding=\"async\" width=\"1920\" height=\"1080\" src=\"https:\/\/www.liscianigiochi.com\/wp-content\/uploads\/2025\/10\/page-brand-header-1920x1080-1.jpg\" class=\"attachment-2048x2048 size-2048x2048 wp-image-1680933\" alt=\"\" srcset=\"https:\/\/www.liscianigiochi.com\/wp-content\/uploads\/2025\/10\/page-brand-header-1920x1080-1.jpg 1920w, https:\/\/www.liscianigiochi.com\/wp-content\/uploads\/2025\/10\/page-brand-header-1920x1080-1-300x169.jpg 300w, https:\/\/www.liscianigiochi.com\/wp-content\/uploads\/2025\/10\/page-brand-header-1920x1080-1-1024x576.jpg 1024w, https:\/\/www.liscianigiochi.com\/wp-content\/uploads\/2025\/10\/page-brand-header-1920x1080-1-768x432.jpg 768w, https:\/\/www.liscianigiochi.com\/wp-content\/uploads\/2025\/10\/page-brand-header-1920x1080-1-1536x864.jpg 1536w, https:\/\/www.liscianigiochi.com\/wp-content\/uploads\/2025\/10\/page-brand-header-1920x1080-1-600x338.jpg 600w\" sizes=\"(max-width: 1920px) 100vw, 1920px\" \/>\t\t\t\t\t\t\t\t\t\t\t\t\t\t\t<\/div>\n\t\t\t\t<\/div>\n\t\t\t\t<\/div>\n\t\t<div class=\"elementor-element elementor-element-95bfbdf e-con-full elementor-hidden-desktop elementor-hidden-tablet e-flex wpr-particle-no wpr-jarallax-no wpr-parallax-no wpr-sticky-section-no e-con e-parent\" data-id=\"95bfbdf\" data-element_type=\"container\">\n\t\t\t\t<div class=\"elementor-element elementor-element-96234b5 elementor-widget elementor-widget-image\" data-id=\"96234b5\" data-element_type=\"widget\" data-widget_type=\"image.default\">\n\t\t\t\t<div class=\"elementor-widget-container\">\n\t\t\t\t\t\t\t\t\t\t\t\t\t\t\t<img decoding=\"async\" width=\"430\" height=\"960\" src=\"https:\/\/www.liscianigiochi.com\/wp-content\/uploads\/2025\/10\/page-brand-header-430x960-1.jpg\" class=\"attachment-2048x2048 size-2048x2048 wp-image-1680945\" alt=\"\" srcset=\"https:\/\/www.liscianigiochi.com\/wp-content\/uploads\/2025\/10\/page-brand-header-430x960-1.jpg 430w, https:\/\/www.liscianigiochi.com\/wp-content\/uploads\/2025\/10\/page-brand-header-430x960-1-134x300.jpg 134w, https:\/\/www.liscianigiochi.com\/wp-content\/uploads\/2025\/10\/page-brand-header-430x960-1-300x670.jpg 300w\" sizes=\"(max-width: 430px) 100vw, 430px\" \/>\t\t\t\t\t\t\t\t\t\t\t\t\t\t\t<\/div>\n\t\t\t\t<\/div>\n\t\t\t\t<\/div>\n\t\t<div class=\"elementor-element elementor-element-3704254 e-flex e-con-boxed wpr-particle-no wpr-jarallax-no wpr-parallax-no wpr-sticky-section-no e-con e-parent\" data-id=\"3704254\" data-element_type=\"container\" data-settings=\"{&quot;background_background&quot;:&quot;classic&quot;}\">\n\t\t\t\t\t<div class=\"e-con-inner\">\n\t\t<div class=\"elementor-element elementor-element-531d4f8 e-con-full e-flex wpr-particle-no wpr-jarallax-no wpr-parallax-no wpr-sticky-section-no e-con e-child\" data-id=\"531d4f8\" data-element_type=\"container\">\n\t\t\t\t<div class=\"elementor-element elementor-element-da8c568 elementor-widget elementor-widget-heading\" data-id=\"da8c568\" data-element_type=\"widget\" data-widget_type=\"heading.default\">\n\t\t\t\t<div class=\"elementor-widget-container\">\n\t\t\t\t\t<h2 class=\"elementor-heading-title elementor-size-default\">Rainy Days raconte le calme\nd'un monde o\u00f9 l'on peut se d\u00e9tendre les jours o\u00f9 tout semble sombre \u00e0 l'ext\u00e9rieur,\ncette lumi\u00e8re allum\u00e9e par le feu de la passion de ceux qui se red\u00e9couvrent dans le jeu sans\nlimites d'\u00e2ge.<\/h2>\t\t\t\t<\/div>\n\t\t\t\t<\/div>\n\t\t\t\t<\/div>\n\t\t<div class=\"elementor-element elementor-element-0f3f508 e-con-full e-flex wpr-particle-no wpr-jarallax-no wpr-parallax-no wpr-sticky-section-no e-con e-child\" data-id=\"0f3f508\" data-element_type=\"container\" data-settings=\"{&quot;background_background&quot;:&quot;classic&quot;}\">\n\t\t\t\t<div class=\"elementor-element elementor-element-3202d0f elementor-widget__width-initial elementor-widget elementor-widget-image\" data-id=\"3202d0f\" data-element_type=\"widget\" data-widget_type=\"image.default\">\n\t\t\t\t<div class=\"elementor-widget-container\">\n\t\t\t\t\t\t\t\t\t\t\t\t\t\t\t<img decoding=\"async\" width=\"579\" height=\"579\" src=\"https:\/\/www.liscianigiochi.com\/wp-content\/uploads\/2025\/10\/page-brand-logo-rd.png\" class=\"attachment-large size-large wp-image-1681027\" alt=\"\" srcset=\"https:\/\/www.liscianigiochi.com\/wp-content\/uploads\/2025\/10\/page-brand-logo-rd.png 579w, https:\/\/www.liscianigiochi.com\/wp-content\/uploads\/2025\/10\/page-brand-logo-rd-300x300.png 300w, https:\/\/www.liscianigiochi.com\/wp-content\/uploads\/2025\/10\/page-brand-logo-rd-150x150.png 150w, https:\/\/www.liscianigiochi.com\/wp-content\/uploads\/2025\/10\/page-brand-logo-rd-70x70.png 70w, https:\/\/www.liscianigiochi.com\/wp-content\/uploads\/2025\/10\/page-brand-logo-rd-100x100.png 100w\" sizes=\"(max-width: 579px) 100vw, 579px\" \/>\t\t\t\t\t\t\t\t\t\t\t\t\t\t\t<\/div>\n\t\t\t\t<\/div>\n\t\t\t\t<\/div>\n\t\t\t\t\t<\/div>\n\t\t\t\t<\/div>\n\t\t<div class=\"elementor-element elementor-element-5fdcb5c e-con-full elementor-hidden-mobile e-flex wpr-particle-no wpr-jarallax-no wpr-parallax-no wpr-sticky-section-no e-con e-parent\" data-id=\"5fdcb5c\" data-element_type=\"container\">\n\t\t\t\t<div class=\"elementor-element elementor-element-62c2880 elementor-widget elementor-widget-image\" data-id=\"62c2880\" data-element_type=\"widget\" data-widget_type=\"image.default\">\n\t\t\t\t<div class=\"elementor-widget-container\">\n\t\t\t\t\t\t\t\t\t\t\t\t\t\t\t<img loading=\"lazy\" decoding=\"async\" width=\"1920\" height=\"1080\" src=\"https:\/\/www.liscianigiochi.com\/wp-content\/uploads\/2025\/10\/page-brand-imaeg3-1920x1080-1.jpg\" class=\"attachment-2048x2048 size-2048x2048 wp-image-1681040\" alt=\"\" srcset=\"https:\/\/www.liscianigiochi.com\/wp-content\/uploads\/2025\/10\/page-brand-imaeg3-1920x1080-1.jpg 1920w, https:\/\/www.liscianigiochi.com\/wp-content\/uploads\/2025\/10\/page-brand-imaeg3-1920x1080-1-300x169.jpg 300w, https:\/\/www.liscianigiochi.com\/wp-content\/uploads\/2025\/10\/page-brand-imaeg3-1920x1080-1-1024x576.jpg 1024w, https:\/\/www.liscianigiochi.com\/wp-content\/uploads\/2025\/10\/page-brand-imaeg3-1920x1080-1-768x432.jpg 768w, https:\/\/www.liscianigiochi.com\/wp-content\/uploads\/2025\/10\/page-brand-imaeg3-1920x1080-1-1536x864.jpg 1536w, https:\/\/www.liscianigiochi.com\/wp-content\/uploads\/2025\/10\/page-brand-imaeg3-1920x1080-1-600x338.jpg 600w\" sizes=\"(max-width: 1920px) 100vw, 1920px\" \/>\t\t\t\t\t\t\t\t\t\t\t\t\t\t\t<\/div>\n\t\t\t\t<\/div>\n\t\t\t\t<\/div>\n\t\t<div class=\"elementor-element elementor-element-d253f81 e-con-full elementor-hidden-desktop elementor-hidden-tablet e-flex wpr-particle-no wpr-jarallax-no wpr-parallax-no wpr-sticky-section-no e-con e-parent\" data-id=\"d253f81\" data-element_type=\"container\">\n\t\t\t\t<div class=\"elementor-element elementor-element-f398878 elementor-widget elementor-widget-image\" data-id=\"f398878\" data-element_type=\"widget\" data-widget_type=\"image.default\">\n\t\t\t\t<div class=\"elementor-widget-container\">\n\t\t\t\t\t\t\t\t\t\t\t\t\t\t\t<img loading=\"lazy\" decoding=\"async\" width=\"430\" height=\"960\" src=\"https:\/\/www.liscianigiochi.com\/wp-content\/uploads\/2025\/10\/page-brand-image3-430x960-1.jpg\" class=\"attachment-2048x2048 size-2048x2048 wp-image-1681045\" alt=\"\" srcset=\"https:\/\/www.liscianigiochi.com\/wp-content\/uploads\/2025\/10\/page-brand-image3-430x960-1.jpg 430w, https:\/\/www.liscianigiochi.com\/wp-content\/uploads\/2025\/10\/page-brand-image3-430x960-1-134x300.jpg 134w, https:\/\/www.liscianigiochi.com\/wp-content\/uploads\/2025\/10\/page-brand-image3-430x960-1-300x670.jpg 300w\" sizes=\"(max-width: 430px) 100vw, 430px\" \/>\t\t\t\t\t\t\t\t\t\t\t\t\t\t\t<\/div>\n\t\t\t\t<\/div>\n\t\t\t\t<\/div>\n\t\t<div class=\"elementor-element elementor-element-069ea6c e-flex e-con-boxed wpr-particle-no wpr-jarallax-no wpr-parallax-no wpr-sticky-section-no e-con e-parent\" data-id=\"069ea6c\" data-element_type=\"container\">\n\t\t\t\t\t<div class=\"e-con-inner\">\n\t\t\t\t<div class=\"elementor-element elementor-element-3303fb4 elementor-widget elementor-widget-heading\" data-id=\"3303fb4\" data-element_type=\"widget\" data-widget_type=\"heading.default\">\n\t\t\t\t<div class=\"elementor-widget-container\">\n\t\t\t\t\t<h2 class=\"elementor-heading-title elementor-size-default\">Nos meilleures ventes<\/h2>\t\t\t\t<\/div>\n\t\t\t\t<\/div>\n\t\t\t\t<div class=\"elementor-element elementor-element-43ac166 pp-woo--align-center elementor-hidden-desktop elementor-hidden-tablet elementor-hidden-mobile pp-sale-badge-custom pp-woo-slider-arrow-outside elementor-widget elementor-widget-pp-woo-products\" data-id=\"43ac166\" data-element_type=\"widget\" data-settings=\"{&quot;autoplay_speed&quot;:5000,&quot;autoplay&quot;:&quot;yes&quot;,&quot;pause_on_hover&quot;:&quot;yes&quot;,&quot;arrows&quot;:&quot;yes&quot;,&quot;carousel_pagination&quot;:&quot;yes&quot;}\" data-widget_type=\"pp-woo-products.skin-1\">\n\t\t\t\t<div class=\"elementor-widget-container\">\n\t\t\t\t\t\t\t<div class=\"pp-wooproducts-empty\">\n\t\t\t<p>No products were found matching your selection.<\/p>\n\t\t<\/div>\n\t\t\t\t\t\t<\/div>\n\t\t\t\t<\/div>\n\t\t\t\t\t<\/div>\n\t\t\t\t<\/div>\n\t\t<div class=\"elementor-element elementor-element-0a898a4 e-flex e-con-boxed wpr-particle-no wpr-jarallax-no wpr-parallax-no wpr-sticky-section-no e-con e-parent\" data-id=\"0a898a4\" data-element_type=\"container\">\n\t\t\t\t\t<div class=\"e-con-inner\">\n\t\t\t\t<div class=\"elementor-element elementor-element-06b43f4 elementor-align-center elementor-widget elementor-widget-button\" data-id=\"06b43f4\" data-element_type=\"widget\" data-widget_type=\"button.default\">\n\t\t\t\t<div class=\"elementor-widget-container\">\n\t\t\t\t\t\t\t\t\t<div class=\"elementor-button-wrapper\">\n\t\t\t\t\t<a class=\"elementor-button elementor-button-link elementor-size-sm\" href=\"https:\/\/www.liscianigiochi.com\/tag-prodotto\/rainy-days-it\/\">\n\t\t\t\t\t\t<span class=\"elementor-button-content-wrapper\">\n\t\t\t\t\t\t\t\t\t<span class=\"elementor-button-text\">Voir tous les produits<\/span>\n\t\t\t\t\t<\/span>\n\t\t\t\t\t<\/a>\n\t\t\t\t<\/div>\n\t\t\t\t\t\t\t\t<\/div>\n\t\t\t\t<\/div>\n\t\t\t\t\t<\/div>\n\t\t\t\t<\/div>\n\t\t\t\t<\/div>\n\t\t","protected":false},"excerpt":{"rendered":"<p>Rainy Days raconte le calme d&#8217;un monde o\u00f9 l&#8217;on peut se d\u00e9tendre les jours o\u00f9 tout semble sombre \u00e0 l&#8217;ext\u00e9rieur, cette lumi\u00e8re allum\u00e9e par le feu de la passion de ceux qui se red\u00e9couvrent dans le jeu sans limites d&#8217;\u00e2ge. Nos meilleures ventes No products were found matching your selection. Voir tous les produits<\/p>\n","protected":false},"author":385,"featured_media":0,"parent":0,"menu_order":0,"comment_status":"closed","ping_status":"closed","template":"","meta":{"_acf_changed":false,"footnotes":""},"class_list":["post-1723348","page","type-page","status-publish","hentry"],"acf":[],"yoast_head":"<!-- This site is optimized with the Yoast SEO plugin v26.5 - https:\/\/yoast.com\/wordpress\/plugins\/seo\/ -->\n<title>JOURS DE PLUIE - Lisciani Giochi<\/title>\n<meta name=\"robots\" content=\"index, follow, max-snippet:-1, max-image-preview:large, max-video-preview:-1\" \/>\n<link rel=\"canonical\" href=\"https:\/\/www.liscianigiochi.com\/fr\/jours-de-pluie\/\" \/>\n<meta property=\"og:locale\" content=\"fr_FR\" \/>\n<meta property=\"og:type\" content=\"article\" \/>\n<meta property=\"og:title\" content=\"JOURS DE PLUIE - Lisciani Giochi\" \/>\n<meta property=\"og:description\" content=\"Rainy Days raconte le calme d&#8217;un monde o\u00f9 l&#8217;on peut se d\u00e9tendre les jours o\u00f9 tout semble sombre \u00e0 l&#8217;ext\u00e9rieur, cette lumi\u00e8re allum\u00e9e par le feu de la passion de ceux qui se red\u00e9couvrent dans le jeu sans limites d&#8217;\u00e2ge. Nos meilleures ventes No products were found matching your selection. Voir tous les produits\" \/>\n<meta property=\"og:url\" content=\"https:\/\/www.liscianigiochi.com\/fr\/jours-de-pluie\/\" \/>\n<meta property=\"og:site_name\" content=\"Lisciani Giochi\" \/>\n<meta property=\"article:publisher\" content=\"https:\/\/www.facebook.com\/liscianigroup\" \/>\n<meta property=\"article:modified_time\" content=\"2025-12-15T12:02:56+00:00\" \/>\n<meta property=\"og:image\" content=\"https:\/\/www.liscianigiochi.com\/wp-content\/uploads\/2025\/10\/page-brand-header-1920x1080-1.jpg\" \/>\n\t<meta property=\"og:image:width\" content=\"1920\" \/>\n\t<meta property=\"og:image:height\" content=\"1080\" \/>\n\t<meta property=\"og:image:type\" content=\"image\/jpeg\" \/>\n<meta name=\"twitter:card\" content=\"summary_large_image\" \/>\n<meta name=\"twitter:label1\" content=\"Est. reading time\" \/>\n\t<meta name=\"twitter:data1\" content=\"4 minutes\" \/>\n<script type=\"application\/ld+json\" class=\"yoast-schema-graph\">{\"@context\":\"https:\/\/schema.org\",\"@graph\":[{\"@type\":\"WebPage\",\"@id\":\"https:\/\/www.liscianigiochi.com\/fr\/jours-de-pluie\/\",\"url\":\"https:\/\/www.liscianigiochi.com\/fr\/jours-de-pluie\/\",\"name\":\"JOURS DE PLUIE - Lisciani Giochi\",\"isPartOf\":{\"@id\":\"https:\/\/www.liscianigiochi.com\/#website\"},\"primaryImageOfPage\":{\"@id\":\"https:\/\/www.liscianigiochi.com\/fr\/jours-de-pluie\/#primaryimage\"},\"image\":{\"@id\":\"https:\/\/www.liscianigiochi.com\/fr\/jours-de-pluie\/#primaryimage\"},\"thumbnailUrl\":\"https:\/\/www.liscianigiochi.com\/wp-content\/uploads\/2025\/10\/page-brand-header-1920x1080-1.jpg\",\"datePublished\":\"2025-10-15T08:26:52+00:00\",\"dateModified\":\"2025-12-15T12:02:56+00:00\",\"breadcrumb\":{\"@id\":\"https:\/\/www.liscianigiochi.com\/fr\/jours-de-pluie\/#breadcrumb\"},\"inLanguage\":\"fr-FR\",\"potentialAction\":[{\"@type\":\"ReadAction\",\"target\":[\"https:\/\/www.liscianigiochi.com\/fr\/jours-de-pluie\/\"]}]},{\"@type\":\"ImageObject\",\"inLanguage\":\"fr-FR\",\"@id\":\"https:\/\/www.liscianigiochi.com\/fr\/jours-de-pluie\/#primaryimage\",\"url\":\"https:\/\/www.liscianigiochi.com\/wp-content\/uploads\/2025\/10\/page-brand-header-1920x1080-1.jpg\",\"contentUrl\":\"https:\/\/www.liscianigiochi.com\/wp-content\/uploads\/2025\/10\/page-brand-header-1920x1080-1.jpg\"},{\"@type\":\"BreadcrumbList\",\"@id\":\"https:\/\/www.liscianigiochi.com\/fr\/jours-de-pluie\/#breadcrumb\",\"itemListElement\":[{\"@type\":\"ListItem\",\"position\":1,\"name\":\"Home\",\"item\":\"https:\/\/www.liscianigiochi.com\/\"},{\"@type\":\"ListItem\",\"position\":2,\"name\":\"JOURS DE PLUIE\"}]},{\"@type\":\"WebSite\",\"@id\":\"https:\/\/www.liscianigiochi.com\/#website\",\"url\":\"https:\/\/www.liscianigiochi.com\/\",\"name\":\"Lisciani Giochi\",\"description\":\"\",\"publisher\":{\"@id\":\"https:\/\/www.liscianigiochi.com\/#organization\"},\"potentialAction\":[{\"@type\":\"SearchAction\",\"target\":{\"@type\":\"EntryPoint\",\"urlTemplate\":\"https:\/\/www.liscianigiochi.com\/?s={search_term_string}\"},\"query-input\":{\"@type\":\"PropertyValueSpecification\",\"valueRequired\":true,\"valueName\":\"search_term_string\"}}],\"inLanguage\":\"fr-FR\"},{\"@type\":\"Organization\",\"@id\":\"https:\/\/www.liscianigiochi.com\/#organization\",\"name\":\"Lisciani Giochi\",\"url\":\"https:\/\/www.liscianigiochi.com\/\",\"logo\":{\"@type\":\"ImageObject\",\"inLanguage\":\"fr-FR\",\"@id\":\"https:\/\/www.liscianigiochi.com\/#\/schema\/logo\/image\/\",\"url\":\"https:\/\/www.liscianigiochi.com\/wp-content\/uploads\/2023\/10\/Logo@2x.png\",\"contentUrl\":\"https:\/\/www.liscianigiochi.com\/wp-content\/uploads\/2023\/10\/Logo@2x.png\",\"width\":384,\"height\":384,\"caption\":\"Lisciani Giochi\"},\"image\":{\"@id\":\"https:\/\/www.liscianigiochi.com\/#\/schema\/logo\/image\/\"},\"sameAs\":[\"https:\/\/www.facebook.com\/liscianigroup\",\"https:\/\/www.instagram.com\/liscianigiochi\/\"]}]}<\/script>\n<!-- \/ Yoast SEO plugin. -->","yoast_head_json":{"title":"JOURS DE PLUIE - Lisciani Giochi","robots":{"index":"index","follow":"follow","max-snippet":"max-snippet:-1","max-image-preview":"max-image-preview:large","max-video-preview":"max-video-preview:-1"},"canonical":"https:\/\/www.liscianigiochi.com\/fr\/jours-de-pluie\/","og_locale":"fr_FR","og_type":"article","og_title":"JOURS DE PLUIE - Lisciani Giochi","og_description":"Rainy Days raconte le calme d&#8217;un monde o\u00f9 l&#8217;on peut se d\u00e9tendre les jours o\u00f9 tout semble sombre \u00e0 l&#8217;ext\u00e9rieur, cette lumi\u00e8re allum\u00e9e par le feu de la passion de ceux qui se red\u00e9couvrent dans le jeu sans limites d&#8217;\u00e2ge. Nos meilleures ventes No products were found matching your selection. Voir tous les produits","og_url":"https:\/\/www.liscianigiochi.com\/fr\/jours-de-pluie\/","og_site_name":"Lisciani Giochi","article_publisher":"https:\/\/www.facebook.com\/liscianigroup","article_modified_time":"2025-12-15T12:02:56+00:00","og_image":[{"width":1920,"height":1080,"url":"https:\/\/www.liscianigiochi.com\/wp-content\/uploads\/2025\/10\/page-brand-header-1920x1080-1.jpg","type":"image\/jpeg"}],"twitter_card":"summary_large_image","twitter_misc":{"Est. reading time":"4 minutes"},"schema":{"@context":"https:\/\/schema.org","@graph":[{"@type":"WebPage","@id":"https:\/\/www.liscianigiochi.com\/fr\/jours-de-pluie\/","url":"https:\/\/www.liscianigiochi.com\/fr\/jours-de-pluie\/","name":"JOURS DE PLUIE - Lisciani Giochi","isPartOf":{"@id":"https:\/\/www.liscianigiochi.com\/#website"},"primaryImageOfPage":{"@id":"https:\/\/www.liscianigiochi.com\/fr\/jours-de-pluie\/#primaryimage"},"image":{"@id":"https:\/\/www.liscianigiochi.com\/fr\/jours-de-pluie\/#primaryimage"},"thumbnailUrl":"https:\/\/www.liscianigiochi.com\/wp-content\/uploads\/2025\/10\/page-brand-header-1920x1080-1.jpg","datePublished":"2025-10-15T08:26:52+00:00","dateModified":"2025-12-15T12:02:56+00:00","breadcrumb":{"@id":"https:\/\/www.liscianigiochi.com\/fr\/jours-de-pluie\/#breadcrumb"},"inLanguage":"fr-FR","potentialAction":[{"@type":"ReadAction","target":["https:\/\/www.liscianigiochi.com\/fr\/jours-de-pluie\/"]}]},{"@type":"ImageObject","inLanguage":"fr-FR","@id":"https:\/\/www.liscianigiochi.com\/fr\/jours-de-pluie\/#primaryimage","url":"https:\/\/www.liscianigiochi.com\/wp-content\/uploads\/2025\/10\/page-brand-header-1920x1080-1.jpg","contentUrl":"https:\/\/www.liscianigiochi.com\/wp-content\/uploads\/2025\/10\/page-brand-header-1920x1080-1.jpg"},{"@type":"BreadcrumbList","@id":"https:\/\/www.liscianigiochi.com\/fr\/jours-de-pluie\/#breadcrumb","itemListElement":[{"@type":"ListItem","position":1,"name":"Home","item":"https:\/\/www.liscianigiochi.com\/"},{"@type":"ListItem","position":2,"name":"JOURS DE PLUIE"}]},{"@type":"WebSite","@id":"https:\/\/www.liscianigiochi.com\/#website","url":"https:\/\/www.liscianigiochi.com\/","name":"Lisciani Giochi","description":"","publisher":{"@id":"https:\/\/www.liscianigiochi.com\/#organization"},"potentialAction":[{"@type":"SearchAction","target":{"@type":"EntryPoint","urlTemplate":"https:\/\/www.liscianigiochi.com\/?s={search_term_string}"},"query-input":{"@type":"PropertyValueSpecification","valueRequired":true,"valueName":"search_term_string"}}],"inLanguage":"fr-FR"},{"@type":"Organization","@id":"https:\/\/www.liscianigiochi.com\/#organization","name":"Lisciani Giochi","url":"https:\/\/www.liscianigiochi.com\/","logo":{"@type":"ImageObject","inLanguage":"fr-FR","@id":"https:\/\/www.liscianigiochi.com\/#\/schema\/logo\/image\/","url":"https:\/\/www.liscianigiochi.com\/wp-content\/uploads\/2023\/10\/Logo@2x.png","contentUrl":"https:\/\/www.liscianigiochi.com\/wp-content\/uploads\/2023\/10\/Logo@2x.png","width":384,"height":384,"caption":"Lisciani Giochi"},"image":{"@id":"https:\/\/www.liscianigiochi.com\/#\/schema\/logo\/image\/"},"sameAs":["https:\/\/www.facebook.com\/liscianigroup","https:\/\/www.instagram.com\/liscianigiochi\/"]}]}},"_links":{"self":[{"href":"https:\/\/www.liscianigiochi.com\/fr\/wp-json\/wp\/v2\/pages\/1723348","targetHints":{"allow":["GET"]}}],"collection":[{"href":"https:\/\/www.liscianigiochi.com\/fr\/wp-json\/wp\/v2\/pages"}],"about":[{"href":"https:\/\/www.liscianigiochi.com\/fr\/wp-json\/wp\/v2\/types\/page"}],"author":[{"embeddable":true,"href":"https:\/\/www.liscianigiochi.com\/fr\/wp-json\/wp\/v2\/users\/385"}],"replies":[{"embeddable":true,"href":"https:\/\/www.liscianigiochi.com\/fr\/wp-json\/wp\/v2\/comments?post=1723348"}],"version-history":[{"count":22,"href":"https:\/\/www.liscianigiochi.com\/fr\/wp-json\/wp\/v2\/pages\/1723348\/revisions"}],"predecessor-version":[{"id":1776183,"href":"https:\/\/www.liscianigiochi.com\/fr\/wp-json\/wp\/v2\/pages\/1723348\/revisions\/1776183"}],"wp:attachment":[{"href":"https:\/\/www.liscianigiochi.com\/fr\/wp-json\/wp\/v2\/media?parent=1723348"}],"curies":[{"name":"wp","href":"https:\/\/api.w.org\/{rel}","templated":true}]}}