{"id":628351,"date":"2023-10-25T15:57:23","date_gmt":"2023-10-25T13:57:23","guid":{"rendered":"https:\/\/www.liscianigiochi.com\/contatti\/"},"modified":"2024-06-28T10:20:37","modified_gmt":"2024-06-28T08:20:37","slug":"contatti","status":"publish","type":"page","link":"https:\/\/www.liscianigiochi.com\/fr\/contatti\/","title":{"rendered":"Contatti"},"content":{"rendered":"\t\t<div data-elementor-type=\"wp-page\" data-elementor-id=\"628351\" class=\"elementor elementor-628351 elementor-417\" data-elementor-post-type=\"page\">\n\t\t\t\t\t\t<section class=\"elementor-section elementor-top-section elementor-element elementor-element-34facee4 elementor-section-boxed elementor-section-height-default elementor-section-height-default wpr-particle-no wpr-jarallax-no wpr-parallax-no wpr-sticky-section-no\" data-id=\"34facee4\" data-element_type=\"section\">\n\t\t\t\t\t\t<div class=\"elementor-container elementor-column-gap-wide\">\n\t\t\t\t\t<div class=\"elementor-column elementor-col-50 elementor-top-column elementor-element elementor-element-49b93198\" data-id=\"49b93198\" data-element_type=\"column\">\n\t\t\t<div class=\"elementor-widget-wrap elementor-element-populated\">\n\t\t\t\t\t\t<div class=\"elementor-element elementor-element-64e492db elementor-widget elementor-widget-image\" data-id=\"64e492db\" data-element_type=\"widget\" data-widget_type=\"image.default\">\n\t\t\t\t<div class=\"elementor-widget-container\">\n\t\t\t\t\t\t\t\t\t\t\t\t\t\t\t<img fetchpriority=\"high\" decoding=\"async\" width=\"751\" height=\"707\" src=\"https:\/\/www.liscianigiochi.com\/wp-content\/uploads\/2023\/10\/gif-computer_Nuova-1.gif\" class=\"attachment-full size-full wp-image-624261\" alt=\"\" \/>\t\t\t\t\t\t\t\t\t\t\t\t\t\t\t<\/div>\n\t\t\t\t<\/div>\n\t\t\t\t\t<\/div>\n\t\t<\/div>\n\t\t\t\t<div class=\"elementor-column elementor-col-50 elementor-top-column elementor-element elementor-element-4f483f9c\" data-id=\"4f483f9c\" data-element_type=\"column\">\n\t\t\t<div class=\"elementor-widget-wrap elementor-element-populated\">\n\t\t\t\t\t\t<div class=\"elementor-element elementor-element-6c6eb557 elementor-widget elementor-widget-heading\" data-id=\"6c6eb557\" data-element_type=\"widget\" data-widget_type=\"heading.default\">\n\t\t\t\t<div class=\"elementor-widget-container\">\n\t\t\t\t\t<h3 class=\"elementor-heading-title elementor-size-default\">CONTACTS<\/h3>\t\t\t\t<\/div>\n\t\t\t\t<\/div>\n\t\t\t\t<div class=\"elementor-element elementor-element-46a7d8ac elementor-widget elementor-widget-heading\" data-id=\"46a7d8ac\" data-element_type=\"widget\" data-widget_type=\"heading.default\">\n\t\t\t\t<div class=\"elementor-widget-container\">\n\t\t\t\t\t<span class=\"elementor-heading-title elementor-size-default\">Adresses<\/span>\t\t\t\t<\/div>\n\t\t\t\t<\/div>\n\t\t\t\t<div class=\"elementor-element elementor-element-34510631 elementor-widget elementor-widget-text-editor\" data-id=\"34510631\" data-element_type=\"widget\" data-widget_type=\"text-editor.default\">\n\t\t\t\t<div class=\"elementor-widget-container\">\n\t\t\t\t\t\t\t\t\t<p>Bienvenue sur la page de contact du Groupe Lisciani. Nos bureaux sont ouverts du lundi au vendredi de 9h \u00e0 13h et de 14h \u00e0 18h.<\/p>\n\t\t\t\t\t\t\t\t<\/div>\n\t\t\t\t<\/div>\n\t\t\t\t<div class=\"elementor-element elementor-element-863ba05 elementor-icon-list--layout-traditional elementor-list-item-link-full_width elementor-widget elementor-widget-icon-list\" data-id=\"863ba05\" data-element_type=\"widget\" data-widget_type=\"icon-list.default\">\n\t\t\t\t<div class=\"elementor-widget-container\">\n\t\t\t\t\t\t\t<ul class=\"elementor-icon-list-items\">\n\t\t\t\t\t\t\t<li class=\"elementor-icon-list-item\">\n\t\t\t\t\t\t\t\t\t\t\t<span class=\"elementor-icon-list-icon\">\n\t\t\t\t\t\t\t<i aria-hidden=\"true\" class=\"fas fa-envelope\"><\/i>\t\t\t\t\t\t<\/span>\n\t\t\t\t\t\t\t\t\t\t<span class=\"elementor-icon-list-text\">Via Ruscitti 16, Zona Ind.le - Sant'Atto - 64100 Teramo - Italie<\/span>\n\t\t\t\t\t\t\t\t\t<\/li>\n\t\t\t\t\t\t\t\t<li class=\"elementor-icon-list-item\">\n\t\t\t\t\t\t\t\t\t\t\t<span class=\"elementor-icon-list-icon\">\n\t\t\t\t\t\t\t<i aria-hidden=\"true\" class=\"fas fa-phone-alt\"><\/i>\t\t\t\t\t\t<\/span>\n\t\t\t\t\t\t\t\t\t\t<span class=\"elementor-icon-list-text\">+39 0861 2311<\/span>\n\t\t\t\t\t\t\t\t\t<\/li>\n\t\t\t\t\t\t\t\t<li class=\"elementor-icon-list-item\">\n\t\t\t\t\t\t\t\t\t\t\t<span class=\"elementor-icon-list-icon\">\n\t\t\t\t\t\t\t<i aria-hidden=\"true\" class=\"fas fa-user\"><\/i>\t\t\t\t\t\t<\/span>\n\t\t\t\t\t\t\t\t\t\t<span class=\"elementor-icon-list-text\">Cliquez et acc\u00e9dez au portail du service client\u00e8le<\/span>\n\t\t\t\t\t\t\t\t\t<\/li>\n\t\t\t\t\t\t<\/ul>\n\t\t\t\t\t\t<\/div>\n\t\t\t\t<\/div>\n\t\t\t\t<div class=\"elementor-element elementor-element-7c5db24b elementor-widget elementor-widget-heading\" data-id=\"7c5db24b\" data-element_type=\"widget\" data-widget_type=\"heading.default\">\n\t\t\t\t<div class=\"elementor-widget-container\">\n\t\t\t\t\t<span class=\"elementor-heading-title elementor-size-default\">Service de presse<\/span>\t\t\t\t<\/div>\n\t\t\t\t<\/div>\n\t\t\t\t<div class=\"elementor-element elementor-element-592d8569 elementor-widget elementor-widget-text-editor\" data-id=\"592d8569\" data-element_type=\"widget\" data-widget_type=\"text-editor.default\">\n\t\t\t\t<div class=\"elementor-widget-container\">\n\t\t\t\t\t\t\t\t\t<p>Si vous \u00eates journaliste ou blogueur, ou si vous recherchez des informations d\u00e9taill\u00e9es, des communiqu\u00e9s de presse et des documents utiles, veuillez \u00e9crire \u00e0 <a style=\"color: #0479b6;\" href=\"mailto:press@liscianigiochi.it\">press@liscianigiochi.it<\/a>.<\/p>\n\t\t\t\t\t\t\t\t<\/div>\n\t\t\t\t<\/div>\n\t\t\t\t\t<\/div>\n\t\t<\/div>\n\t\t\t\t\t<\/div>\n\t\t<\/section>\n\t\t\t\t<section class=\"elementor-section elementor-top-section elementor-element elementor-element-710e1a4d elementor-section-boxed elementor-section-height-default elementor-section-height-default wpr-particle-no wpr-jarallax-no wpr-parallax-no wpr-sticky-section-no\" data-id=\"710e1a4d\" data-element_type=\"section\">\n\t\t\t\t\t\t<div class=\"elementor-container elementor-column-gap-no\">\n\t\t\t\t\t<div class=\"elementor-column elementor-col-100 elementor-top-column elementor-element elementor-element-33625d23\" data-id=\"33625d23\" data-element_type=\"column\">\n\t\t\t<div class=\"elementor-widget-wrap elementor-element-populated\">\n\t\t\t\t\t\t<div class=\"elementor-element elementor-element-6137238 elementor-widget elementor-widget-heading\" data-id=\"6137238\" data-element_type=\"widget\" data-widget_type=\"heading.default\">\n\t\t\t\t<div class=\"elementor-widget-container\">\n\t\t\t\t\t<h2 class=\"elementor-heading-title elementor-size-default\">Contactez nous<\/h2>\t\t\t\t<\/div>\n\t\t\t\t<\/div>\n\t\t\t\t<div class=\"elementor-element elementor-element-5414efad elementor-widget elementor-widget-shortcode\" data-id=\"5414efad\" data-element_type=\"widget\" data-widget_type=\"shortcode.default\">\n\t\t\t\t<div class=\"elementor-widget-container\">\n\t\t\t\t\t\t\t<div class=\"elementor-shortcode\">\n<div class=\"wpcf7 no-js\" id=\"wpcf7-f637069-o1\" lang=\"it-IT\" dir=\"ltr\" data-wpcf7-id=\"637069\">\n<div class=\"screen-reader-response\"><p role=\"status\" aria-live=\"polite\" aria-atomic=\"true\"><\/p> <ul><\/ul><\/div>\n<form action=\"\/fr\/wp-json\/wp\/v2\/pages\/628351#wpcf7-f637069-o1\" method=\"post\" class=\"wpcf7-form init\" aria-label=\"Contact form\" novalidate=\"novalidate\" data-status=\"init\">\n<fieldset class=\"hidden-fields-container\"><input type=\"hidden\" name=\"_wpcf7\" value=\"637069\" \/><input type=\"hidden\" name=\"_wpcf7_version\" value=\"6.1.4\" \/><input type=\"hidden\" name=\"_wpcf7_locale\" value=\"it_IT\" \/><input type=\"hidden\" name=\"_wpcf7_unit_tag\" value=\"wpcf7-f637069-o1\" \/><input type=\"hidden\" name=\"_wpcf7_container_post\" value=\"0\" \/><input type=\"hidden\" name=\"_wpcf7_posted_data_hash\" value=\"\" \/><input type=\"hidden\" name=\"_wpcf7_recaptcha_response\" value=\"\" \/>\n<\/fieldset>\n<div class=\"contatti-form\">\n\t<div class=\"container-block\">\n\t\t<div class=\"w-50\">\n\t\t\t<p><span class=\"wpcf7-form-control-wrap\" data-name=\"text-189\"><input size=\"40\" maxlength=\"400\" class=\"wpcf7-form-control wpcf7-text wpcf7-validates-as-required\" aria-required=\"true\" aria-invalid=\"false\" placeholder=\"Nom et pr\u00e9nom\" value=\"\" type=\"text\" name=\"text-189\" \/><\/span>\n\t\t\t<\/p>\n\t\t<\/div>\n\t\t<div class=\"w-50 pad-10\">\n\t\t\t<p><span class=\"wpcf7-form-control-wrap\" data-name=\"your-email\"><input size=\"40\" maxlength=\"400\" class=\"wpcf7-form-control wpcf7-email wpcf7-validates-as-required wpcf7-text wpcf7-validates-as-email\" aria-required=\"true\" aria-invalid=\"false\" placeholder=\"Email\" value=\"\" type=\"email\" name=\"your-email\" \/><\/span>\n\t\t\t<\/p>\n\t\t<\/div>\n\t\t<p><span id=\"wpcf7-69e51371717c8-wrapper\" class=\"wpcf7-form-control-wrap honeypot-422-wrap\" ><label for=\"wpcf7-69e51371717c8-field\" class=\"hp-message\">Please leave this field empty.<\/label><input id=\"wpcf7-69e51371717c8-field\"  placeholder=\"Accessibilit\u00e0\"  class=\"wpcf7-form-control wpcf7-text\" type=\"text\" name=\"honeypot-422\" value=\"\" size=\"40\" tabindex=\"-1\" autocomplete=\"off\" \/><\/span>\n\t\t<\/p>\n\t<\/div>\n\t<div class=\"w-100\">\n\t\t<p><span class=\"wpcf7-form-control-wrap\" data-name=\"tel-824\"><input size=\"40\" maxlength=\"400\" class=\"wpcf7-form-control wpcf7-tel wpcf7-text wpcf7-validates-as-tel\" id=\"telefonoctf\" aria-invalid=\"false\" placeholder=\"T\u00e9l\u00e9phone\" value=\"\" type=\"tel\" name=\"tel-824\" \/><\/span>\n\t\t<\/p>\n\t<\/div>\n \n <!--select  departimento-->\n <!-- <div class=\"w-50 w-sm-100\"><span class=\"wpcf7-form-control-wrap\" data-name=\"menu-820\"><select class=\"wpcf7-form-control wpcf7-select\" id=\"dipartimento\" aria-invalid=\"false\" name=\"menu-820\"><option value=\"Seleziona dipartimento\">Seleziona dipartimento<\/option><option value=\"Dipartimento 1\">Dipartimento 1<\/option><\/select><\/span><\/div> -->\n\t<div class=\"w-100\">\n\t\t<p><span class=\"wpcf7-form-control-wrap\" data-name=\"textarea-911\"><textarea cols=\"40\" rows=\"10\" maxlength=\"2000\" class=\"wpcf7-form-control wpcf7-textarea\" id=\"richiestactf\" aria-invalid=\"false\" placeholder=\"Demande\" name=\"textarea-911\"><\/textarea><\/span>\n\t\t<\/p>\n\t<\/div>\n\t<div class=\"content-policy\">\n\t\t<p><span class=\"wpcf7-form-control-wrap\" data-name=\"acceptance-918\"><span class=\"wpcf7-form-control wpcf7-acceptance\"><span class=\"wpcf7-list-item\"><label><input type=\"checkbox\" name=\"acceptance-918\" value=\"1\" id=\"condizioni\" aria-invalid=\"false\" \/><span class=\"wpcf7-list-item-label\">J'ai lu les <a style=\"color:#029fd5; font-weight:700;\" target=\"_blank\" href=\"https:\/\/liscianigiochi.com\/privacy-e-cookie-policy\/?informativa-form-online-di-contatto\/\">informations sur le formulaire de contact en ligne<\/a><\/span><\/label><\/span><\/span><\/span>\n\t\t<\/p>\n\t\t<div class=\"w-100 text-center\">\n\t\t\t<p><span class=\"wpcf7-form-control-wrap\" data-name=\"acceptance-918\"><span class=\"wpcf7-form-control wpcf7-acceptance optional\"><span class=\"wpcf7-list-item\"><label><input type=\"checkbox\" name=\"acceptance-918\" value=\"1\" aria-invalid=\"false\" \/><span class=\"wpcf7-list-item-label\">J'ai lu les<a style=\"color:#029fd5; font-weight:700;\" target=\"_blank\" href=\"https:\/\/liscianigiochi.com\/privacy-e-cookie-policy\/?informativa-sottoscrittori-newsletter\/\">informations d'abonnement \u00e0 la newsletter<\/a> et j'exprime mon consentement au traitement des donn\u00e9es pour l'abonnement \u00e0 la newsletter \u00e0 des fins de marketing et de promotion<\/span><\/label><\/span><\/span><\/span>\n\t\t\t<\/p>\n\t\t<\/div>\n\t\t<div style=\"display:flex;justify-content:center; margin-bottom:20px;\">\n\t\t<span class=\"wpcf7-form-control-wrap recaptcha\" data-name=\"recaptcha\"><span data-sitekey=\"6Lez8woqAAAAAJG1e6DCruQbd9pevuhrqEzbs1uQ\" class=\"wpcf7-form-control wpcf7-recaptcha g-recaptcha\"><\/span>\r\n<noscript>\r\n\t<div class=\"grecaptcha-noscript\">\r\n\t\t<iframe src=\"https:\/\/www.google.com\/recaptcha\/api\/fallback?k=6Lez8woqAAAAAJG1e6DCruQbd9pevuhrqEzbs1uQ\" frameborder=\"0\" scrolling=\"no\" width=\"310\" height=\"430\">\r\n\t\t<\/iframe>\r\n\t\t<textarea name=\"g-recaptcha-response\" rows=\"3\" cols=\"40\" placeholder=\"reCaptcha Response Here\">\r\n\t\t<\/textarea>\r\n\t<\/div>\r\n<\/noscript>\r\n<\/span>\n\t\t<\/div>\n\t\t<div style=\"display:flex; justify-content:center;\" class=\"invia\">\n\t\t\t<p><input class=\"wpcf7-form-control wpcf7-submit has-spinner\" type=\"submit\" value=\"Envoyer\" \/>\n\t\t\t<\/p>\n\t\t<\/div>\n\t<\/div>\n<\/div><div class=\"wpcf7-response-output\" aria-hidden=\"true\"><\/div>\n<\/form>\n<\/div>\n<\/div>\n\t\t\t\t\t\t<\/div>\n\t\t\t\t<\/div>\n\t\t\t\t\t<\/div>\n\t\t<\/div>\n\t\t\t\t\t<\/div>\n\t\t<\/section>\n\t\t\t\t<\/div>\n\t\t","protected":false},"excerpt":{"rendered":"<p>CONTACTS Adresses Bienvenue sur la page de contact du Groupe Lisciani. Nos bureaux sont ouverts du lundi au vendredi de 9h \u00e0 13h et de 14h \u00e0 18h. Via Ruscitti 16, Zona Ind.le &#8211; Sant&#8217;Atto &#8211; 64100 Teramo &#8211; Italie +39 0861 2311 Cliquez et acc\u00e9dez au portail du service client\u00e8le Service de presse Si vous \u00eates journaliste ou blogueur, ou si vous recherchez des informations d\u00e9taill\u00e9es, des communiqu\u00e9s de presse et des documents utiles, veuillez \u00e9crire \u00e0 press@liscianigiochi.it. Contactez nous<\/p>\n","protected":false},"author":2,"featured_media":0,"parent":0,"menu_order":0,"comment_status":"closed","ping_status":"closed","template":"","meta":{"_acf_changed":false,"footnotes":""},"class_list":["post-628351","page","type-page","status-publish","hentry"],"acf":[],"yoast_head":"<!-- This site is optimized with the Yoast SEO plugin v26.5 - https:\/\/yoast.com\/wordpress\/plugins\/seo\/ -->\n<title>Contatti - Lisciani Giochi<\/title>\n<meta name=\"robots\" content=\"index, follow, max-snippet:-1, max-image-preview:large, max-video-preview:-1\" \/>\n<link rel=\"canonical\" href=\"https:\/\/lg.udnt.it\/contatti\/\" \/>\n<meta property=\"og:locale\" content=\"fr_FR\" \/>\n<meta property=\"og:type\" content=\"article\" \/>\n<meta property=\"og:title\" content=\"Contatti - Lisciani Giochi\" \/>\n<meta property=\"og:description\" content=\"CONTACTS Adresses Bienvenue sur la page de contact du Groupe Lisciani. Nos bureaux sont ouverts du lundi au vendredi de 9h \u00e0 13h et de 14h \u00e0 18h. Via Ruscitti 16, Zona Ind.le &#8211; Sant&#8217;Atto &#8211; 64100 Teramo &#8211; Italie +39 0861 2311 Cliquez et acc\u00e9dez au portail du service client\u00e8le Service de presse Si vous \u00eates journaliste ou blogueur, ou si vous recherchez des informations d\u00e9taill\u00e9es, des communiqu\u00e9s de presse et des documents utiles, veuillez \u00e9crire \u00e0 press@liscianigiochi.it. Contactez nous\" \/>\n<meta property=\"og:url\" content=\"https:\/\/lg.udnt.it\/contatti\/\" \/>\n<meta property=\"og:site_name\" content=\"Lisciani Giochi\" \/>\n<meta property=\"article:publisher\" content=\"https:\/\/www.facebook.com\/liscianigroup\" \/>\n<meta property=\"article:modified_time\" content=\"2024-06-28T08:20:37+00:00\" \/>\n<meta property=\"og:image\" content=\"https:\/\/lg.udnt.it\/wp-content\/uploads\/2023\/10\/gif-computer_Nuova-1.gif\" \/>\n<meta name=\"twitter:card\" content=\"summary_large_image\" \/>\n<meta name=\"twitter:label1\" content=\"Est. reading time\" \/>\n\t<meta name=\"twitter:data1\" content=\"1 minute\" \/>\n<script type=\"application\/ld+json\" class=\"yoast-schema-graph\">{\"@context\":\"https:\/\/schema.org\",\"@graph\":[{\"@type\":\"WebPage\",\"@id\":\"https:\/\/lg.udnt.it\/contatti\/\",\"url\":\"https:\/\/lg.udnt.it\/contatti\/\",\"name\":\"Contatti - Lisciani Giochi\",\"isPartOf\":{\"@id\":\"https:\/\/www.liscianigiochi.com\/#website\"},\"primaryImageOfPage\":{\"@id\":\"https:\/\/lg.udnt.it\/contatti\/#primaryimage\"},\"image\":{\"@id\":\"https:\/\/lg.udnt.it\/contatti\/#primaryimage\"},\"thumbnailUrl\":\"https:\/\/www.liscianigiochi.com\/wp-content\/uploads\/2023\/10\/gif-computer_Nuova-1.gif\",\"datePublished\":\"2023-10-25T13:57:23+00:00\",\"dateModified\":\"2024-06-28T08:20:37+00:00\",\"breadcrumb\":{\"@id\":\"https:\/\/lg.udnt.it\/contatti\/#breadcrumb\"},\"inLanguage\":\"fr-FR\",\"potentialAction\":[{\"@type\":\"ReadAction\",\"target\":[\"https:\/\/lg.udnt.it\/contatti\/\"]}]},{\"@type\":\"ImageObject\",\"inLanguage\":\"fr-FR\",\"@id\":\"https:\/\/lg.udnt.it\/contatti\/#primaryimage\",\"url\":\"https:\/\/www.liscianigiochi.com\/wp-content\/uploads\/2023\/10\/gif-computer_Nuova-1.gif\",\"contentUrl\":\"https:\/\/www.liscianigiochi.com\/wp-content\/uploads\/2023\/10\/gif-computer_Nuova-1.gif\"},{\"@type\":\"BreadcrumbList\",\"@id\":\"https:\/\/lg.udnt.it\/contatti\/#breadcrumb\",\"itemListElement\":[{\"@type\":\"ListItem\",\"position\":1,\"name\":\"Home\",\"item\":\"https:\/\/www.liscianigiochi.com\/\"},{\"@type\":\"ListItem\",\"position\":2,\"name\":\"Contatti\"}]},{\"@type\":\"WebSite\",\"@id\":\"https:\/\/www.liscianigiochi.com\/#website\",\"url\":\"https:\/\/www.liscianigiochi.com\/\",\"name\":\"Lisciani Giochi\",\"description\":\"\",\"publisher\":{\"@id\":\"https:\/\/www.liscianigiochi.com\/#organization\"},\"potentialAction\":[{\"@type\":\"SearchAction\",\"target\":{\"@type\":\"EntryPoint\",\"urlTemplate\":\"https:\/\/www.liscianigiochi.com\/?s={search_term_string}\"},\"query-input\":{\"@type\":\"PropertyValueSpecification\",\"valueRequired\":true,\"valueName\":\"search_term_string\"}}],\"inLanguage\":\"fr-FR\"},{\"@type\":\"Organization\",\"@id\":\"https:\/\/www.liscianigiochi.com\/#organization\",\"name\":\"Lisciani Giochi\",\"url\":\"https:\/\/www.liscianigiochi.com\/\",\"logo\":{\"@type\":\"ImageObject\",\"inLanguage\":\"fr-FR\",\"@id\":\"https:\/\/www.liscianigiochi.com\/#\/schema\/logo\/image\/\",\"url\":\"https:\/\/www.liscianigiochi.com\/wp-content\/uploads\/2023\/10\/Logo@2x.png\",\"contentUrl\":\"https:\/\/www.liscianigiochi.com\/wp-content\/uploads\/2023\/10\/Logo@2x.png\",\"width\":384,\"height\":384,\"caption\":\"Lisciani Giochi\"},\"image\":{\"@id\":\"https:\/\/www.liscianigiochi.com\/#\/schema\/logo\/image\/\"},\"sameAs\":[\"https:\/\/www.facebook.com\/liscianigroup\",\"https:\/\/www.instagram.com\/liscianigiochi\/\"]}]}<\/script>\n<!-- \/ Yoast SEO plugin. -->","yoast_head_json":{"title":"Contatti - Lisciani Giochi","robots":{"index":"index","follow":"follow","max-snippet":"max-snippet:-1","max-image-preview":"max-image-preview:large","max-video-preview":"max-video-preview:-1"},"canonical":"https:\/\/lg.udnt.it\/contatti\/","og_locale":"fr_FR","og_type":"article","og_title":"Contatti - Lisciani Giochi","og_description":"CONTACTS Adresses Bienvenue sur la page de contact du Groupe Lisciani. Nos bureaux sont ouverts du lundi au vendredi de 9h \u00e0 13h et de 14h \u00e0 18h. Via Ruscitti 16, Zona Ind.le &#8211; Sant&#8217;Atto &#8211; 64100 Teramo &#8211; Italie +39 0861 2311 Cliquez et acc\u00e9dez au portail du service client\u00e8le Service de presse Si vous \u00eates journaliste ou blogueur, ou si vous recherchez des informations d\u00e9taill\u00e9es, des communiqu\u00e9s de presse et des documents utiles, veuillez \u00e9crire \u00e0 press@liscianigiochi.it. Contactez nous","og_url":"https:\/\/lg.udnt.it\/contatti\/","og_site_name":"Lisciani Giochi","article_publisher":"https:\/\/www.facebook.com\/liscianigroup","article_modified_time":"2024-06-28T08:20:37+00:00","og_image":[{"url":"https:\/\/lg.udnt.it\/wp-content\/uploads\/2023\/10\/gif-computer_Nuova-1.gif","type":"","width":"","height":""}],"twitter_card":"summary_large_image","twitter_misc":{"Est. reading time":"1 minute"},"schema":{"@context":"https:\/\/schema.org","@graph":[{"@type":"WebPage","@id":"https:\/\/lg.udnt.it\/contatti\/","url":"https:\/\/lg.udnt.it\/contatti\/","name":"Contatti - Lisciani Giochi","isPartOf":{"@id":"https:\/\/www.liscianigiochi.com\/#website"},"primaryImageOfPage":{"@id":"https:\/\/lg.udnt.it\/contatti\/#primaryimage"},"image":{"@id":"https:\/\/lg.udnt.it\/contatti\/#primaryimage"},"thumbnailUrl":"https:\/\/www.liscianigiochi.com\/wp-content\/uploads\/2023\/10\/gif-computer_Nuova-1.gif","datePublished":"2023-10-25T13:57:23+00:00","dateModified":"2024-06-28T08:20:37+00:00","breadcrumb":{"@id":"https:\/\/lg.udnt.it\/contatti\/#breadcrumb"},"inLanguage":"fr-FR","potentialAction":[{"@type":"ReadAction","target":["https:\/\/lg.udnt.it\/contatti\/"]}]},{"@type":"ImageObject","inLanguage":"fr-FR","@id":"https:\/\/lg.udnt.it\/contatti\/#primaryimage","url":"https:\/\/www.liscianigiochi.com\/wp-content\/uploads\/2023\/10\/gif-computer_Nuova-1.gif","contentUrl":"https:\/\/www.liscianigiochi.com\/wp-content\/uploads\/2023\/10\/gif-computer_Nuova-1.gif"},{"@type":"BreadcrumbList","@id":"https:\/\/lg.udnt.it\/contatti\/#breadcrumb","itemListElement":[{"@type":"ListItem","position":1,"name":"Home","item":"https:\/\/www.liscianigiochi.com\/"},{"@type":"ListItem","position":2,"name":"Contatti"}]},{"@type":"WebSite","@id":"https:\/\/www.liscianigiochi.com\/#website","url":"https:\/\/www.liscianigiochi.com\/","name":"Lisciani Giochi","description":"","publisher":{"@id":"https:\/\/www.liscianigiochi.com\/#organization"},"potentialAction":[{"@type":"SearchAction","target":{"@type":"EntryPoint","urlTemplate":"https:\/\/www.liscianigiochi.com\/?s={search_term_string}"},"query-input":{"@type":"PropertyValueSpecification","valueRequired":true,"valueName":"search_term_string"}}],"inLanguage":"fr-FR"},{"@type":"Organization","@id":"https:\/\/www.liscianigiochi.com\/#organization","name":"Lisciani Giochi","url":"https:\/\/www.liscianigiochi.com\/","logo":{"@type":"ImageObject","inLanguage":"fr-FR","@id":"https:\/\/www.liscianigiochi.com\/#\/schema\/logo\/image\/","url":"https:\/\/www.liscianigiochi.com\/wp-content\/uploads\/2023\/10\/Logo@2x.png","contentUrl":"https:\/\/www.liscianigiochi.com\/wp-content\/uploads\/2023\/10\/Logo@2x.png","width":384,"height":384,"caption":"Lisciani Giochi"},"image":{"@id":"https:\/\/www.liscianigiochi.com\/#\/schema\/logo\/image\/"},"sameAs":["https:\/\/www.facebook.com\/liscianigroup","https:\/\/www.instagram.com\/liscianigiochi\/"]}]}},"_links":{"self":[{"href":"https:\/\/www.liscianigiochi.com\/fr\/wp-json\/wp\/v2\/pages\/628351","targetHints":{"allow":["GET"]}}],"collection":[{"href":"https:\/\/www.liscianigiochi.com\/fr\/wp-json\/wp\/v2\/pages"}],"about":[{"href":"https:\/\/www.liscianigiochi.com\/fr\/wp-json\/wp\/v2\/types\/page"}],"author":[{"embeddable":true,"href":"https:\/\/www.liscianigiochi.com\/fr\/wp-json\/wp\/v2\/users\/2"}],"replies":[{"embeddable":true,"href":"https:\/\/www.liscianigiochi.com\/fr\/wp-json\/wp\/v2\/comments?post=628351"}],"version-history":[{"count":17,"href":"https:\/\/www.liscianigiochi.com\/fr\/wp-json\/wp\/v2\/pages\/628351\/revisions"}],"predecessor-version":[{"id":651798,"href":"https:\/\/www.liscianigiochi.com\/fr\/wp-json\/wp\/v2\/pages\/628351\/revisions\/651798"}],"wp:attachment":[{"href":"https:\/\/www.liscianigiochi.com\/fr\/wp-json\/wp\/v2\/media?parent=628351"}],"curies":[{"name":"wp","href":"https:\/\/api.w.org\/{rel}","templated":true}]}}