{"id":628492,"date":"2023-11-02T18:14:27","date_gmt":"2023-11-02T17:14:27","guid":{"rendered":"https:\/\/www.liscianigiochi.com\/sandy\/"},"modified":"2025-09-10T11:40:40","modified_gmt":"2025-09-10T09:40:40","slug":"sandy","status":"publish","type":"page","link":"https:\/\/www.liscianigiochi.com\/fr\/sandy\/","title":{"rendered":"Sandy"},"content":{"rendered":"<p><img fetchpriority=\"high\" decoding=\"async\" width=\"2560\" height=\"1066\" src=\"https:\/\/www.liscianigiochi.com\/wp-content\/uploads\/2023\/11\/desktop-sandy-scaled-1.webp\" alt=\"\" srcset=\"https:\/\/www.liscianigiochi.com\/wp-content\/uploads\/2023\/11\/desktop-sandy-scaled-1.webp 2560w, https:\/\/www.liscianigiochi.com\/wp-content\/uploads\/2023\/11\/desktop-sandy-scaled-1-300x125.webp 300w, https:\/\/www.liscianigiochi.com\/wp-content\/uploads\/2023\/11\/desktop-sandy-scaled-1-600x250.webp 600w\" sizes=\"(max-width: 2560px) 100vw, 2560px\" \/><br \/>\n\t\t\t\t\t\t\t\t\t\t\t\t\t<img decoding=\"async\" width=\"1280\" height=\"2560\" src=\"https:\/\/www.liscianigiochi.com\/wp-content\/uploads\/2023\/11\/mobile-sandy-scaled-1.webp\" alt=\"\" srcset=\"https:\/\/www.liscianigiochi.com\/wp-content\/uploads\/2023\/11\/mobile-sandy-scaled-1.webp 1280w, https:\/\/www.liscianigiochi.com\/wp-content\/uploads\/2023\/11\/mobile-sandy-scaled-1-300x600.webp 300w, https:\/\/www.liscianigiochi.com\/wp-content\/uploads\/2023\/11\/mobile-sandy-scaled-1-600x1200.webp 600w\" sizes=\"(max-width: 1280px) 100vw, 1280px\" \/>\t\t\t\t\t\t\t\t\t\t\t\t\t<\/p>\n<h1>TOUTES LES COULEURS DE LA MER!<\/h1>\n<p>Pr\u00eats pour une aventure extraordinaire parmi les ondes de l\u2019imagination? Je m\u2019appelle Sandy, votre amie la sir\u00e8ne qui vous accompagnera dans la \u00abmer\u00bb des mat\u00e9riaux cr\u00e9atifs et des jeux de plein air. Vous jouerez, vous cr\u00e9erez en toute libert\u00e9 et vous vous amuserez de fa\u00e7on insouciante mais formatrice. L\u2019ingr\u00e9dient qu\u2019il vous faut est l\u2019imagination sans vous poser de limites. Car c\u2019est bien connu, la cr\u00e9ativit\u00e9 ne conna\u00eet pas de saisons!<\/p>\n<p>\t\t\t\t\t\t\t\t\t\t\t\t\t<img decoding=\"async\" width=\"449\" height=\"718\" src=\"https:\/\/www.liscianigiochi.com\/wp-content\/uploads\/2023\/11\/Sandy.gif\" alt=\"\" srcset=\"https:\/\/www.liscianigiochi.com\/wp-content\/uploads\/2023\/11\/Sandy.gif 449w, https:\/\/www.liscianigiochi.com\/wp-content\/uploads\/2023\/11\/Sandy-300x480.gif 300w\" sizes=\"(max-width: 449px) 100vw, 449px\" \/>\t\t\t\t\t\t\t\t\t\t\t\t\t<\/p>\n<h2>NOS BEST SELLERS<\/h2>\n<ul>\n<li>\n\t\t<a href=\"https:\/\/www.liscianigiochi.com\/shop\/giochi-creativi-it\/art-craft-coloring-it\/sandy-colorando-watercolors-it\/\"><img src=\"https:\/\/mf.liscianigiochi.it:8443\/media\/97470\/02DBC7E0-8E98-4FB7-802C-35A058B0FA61.jpg\" alt=\"\" decoding=\"async\" \/><\/a><a href=\"https:\/\/www.liscianigiochi.com\/shop\/giochi-creativi-it\/art-craft-coloring-it\/sandy-colorando-watercolors-it\/\"><\/p>\n<h2>Sandy Colorando! Watercolors<\/h2>\n<p><\/a><br \/>\n\t<bdi>14,99&nbsp;&euro;<\/bdi><br \/>\n<a href=\"?add-to-cart=676892\" data-quantity=\"1\" data-product_id=\"676892\" data-product_sku=\"\" aria-label=\"Add to cart: &ldquo;Sandy Colorando! Watercolors&rdquo;\" aria-describedby=\"\" rel=\"nofollow\">Add to cart<\/a>\n<\/li>\n<li>\n\t\t<a href=\"https:\/\/www.liscianigiochi.com\/shop\/giochi-creativi-it\/compound-sand-it\/sandy-rolls-in-display-24-it\/\"><img src=\"https:\/\/mf.liscianigiochi.it:8443\/media\/95438\/7798BCD2-9BBE-452A-AECF-C5E4A968B874.jpg\" alt=\"\" decoding=\"async\" \/><\/a><a href=\"https:\/\/www.liscianigiochi.com\/shop\/giochi-creativi-it\/compound-sand-it\/sandy-rolls-in-display-24-it\/\"><\/p>\n<h2>Sandy Rolls In Display 24<\/h2>\n<p><\/a><br \/>\n\t<bdi>5,99&nbsp;&euro;<\/bdi><br \/>\n<a href=\"?add-to-cart=676168\" data-quantity=\"1\" data-product_id=\"676168\" data-product_sku=\"\" aria-label=\"Add to cart: &ldquo;Sandy Rolls In Display 24&rdquo;\" aria-describedby=\"\" rel=\"nofollow\">Add to cart<\/a>\n<\/li>\n<li>\n\t\t<a href=\"https:\/\/www.liscianigiochi.com\/shop\/giochi-creativi-it\/art-craft-coloring-it\/sandy-colorando-my-mermaid-desk-it\/\"><img src=\"https:\/\/mf.liscianigiochi.it:8443\/media\/105694\/DE078895-330E-4C5D-84F8-E6A2DF13CFB8.jpg\" alt=\"\" decoding=\"async\" \/><\/a><a href=\"https:\/\/www.liscianigiochi.com\/shop\/giochi-creativi-it\/art-craft-coloring-it\/sandy-colorando-my-mermaid-desk-it\/\"><\/p>\n<h2>Sandy Colorando My Mermaid Desk<\/h2>\n<p><\/a><br \/>\n\t<bdi>24,99&nbsp;&euro;<\/bdi><br \/>\n<a href=\"?add-to-cart=675723\" data-quantity=\"1\" data-product_id=\"675723\" data-product_sku=\"\" aria-label=\"Add to cart: &ldquo;Sandy Colorando My Mermaid Desk&rdquo;\" aria-describedby=\"\" rel=\"nofollow\">Add to cart<\/a>\n<\/li>\n<li>\n\t\t<a href=\"https:\/\/www.liscianigiochi.com\/shop\/giochi-creativi-it\/art-craft-coloring-it\/sandy-colorando-sand-it\/\"><img src=\"https:\/\/mf.liscianigiochi.it:8443\/media\/97494\/A9B18C22-DD67-4432-A0F7-7294921A7933.jpg\" alt=\"\" decoding=\"async\" \/><\/a><a href=\"https:\/\/www.liscianigiochi.com\/shop\/giochi-creativi-it\/art-craft-coloring-it\/sandy-colorando-sand-it\/\"><\/p>\n<h2>Sandy Colorando! Sand<\/h2>\n<p><\/a><br \/>\n\t<bdi>0,00&nbsp;&euro;<\/bdi><br \/>\n<a href=\"?add-to-cart=672902\" data-quantity=\"1\" data-product_id=\"672902\" data-product_sku=\"\" aria-label=\"Add to cart: &ldquo;Sandy Colorando! Sand&rdquo;\" aria-describedby=\"\" rel=\"nofollow\">Add to cart<\/a>\n<\/li>\n<li>\n\t\t<a href=\"https:\/\/www.liscianigiochi.com\/shop\/giochi-creativi-it\/art-craft-coloring-it\/sandy-colorando-art-by-the-sea-in-display-8-it\/\"><img src=\"https:\/\/mf.liscianigiochi.it:8443\/media\/105670\/EBD97B96-EB1C-4AB9-8008-DD8A0A77A0AE.jpg\" alt=\"\" decoding=\"async\" \/><\/a><a href=\"https:\/\/www.liscianigiochi.com\/shop\/giochi-creativi-it\/art-craft-coloring-it\/sandy-colorando-art-by-the-sea-in-display-8-it\/\"><\/p>\n<h2>Sandy Colorando Art By The Sea In Display 8<\/h2>\n<p><\/a><br \/>\n\t<bdi>11,99&nbsp;&euro;<\/bdi><br \/>\n<a href=\"?add-to-cart=671859\" data-quantity=\"1\" data-product_id=\"671859\" data-product_sku=\"\" aria-label=\"Add to cart: &ldquo;Sandy Colorando Art By The Sea In Display 8&rdquo;\" aria-describedby=\"\" rel=\"nofollow\">Add to cart<\/a>\n<\/li>\n<li>\n\t\t<a href=\"https:\/\/www.liscianigiochi.com\/shop\/giochi-creativi-it\/art-craft-coloring-it\/sandy-colorando-my-mermaid-bag-it\/\"><img src=\"https:\/\/mf.liscianigiochi.it:8443\/media\/105687\/419C5EF2-5096-45B7-A1D6-B046345254F4.jpg\" alt=\"\" decoding=\"async\" \/><\/a><a href=\"https:\/\/www.liscianigiochi.com\/shop\/giochi-creativi-it\/art-craft-coloring-it\/sandy-colorando-my-mermaid-bag-it\/\"><\/p>\n<h2>Sandy Colorando My Mermaid Bag<\/h2>\n<p><\/a><br \/>\n\t<bdi>14,99&nbsp;&euro;<\/bdi><br \/>\n<a href=\"?add-to-cart=669359\" data-quantity=\"1\" data-product_id=\"669359\" data-product_sku=\"\" aria-label=\"Add to cart: &ldquo;Sandy Colorando My Mermaid Bag&rdquo;\" aria-describedby=\"\" rel=\"nofollow\">Add to cart<\/a>\n<\/li>\n<li>\n\t\t<a href=\"https:\/\/www.liscianigiochi.com\/shop\/giochi-creativi-it\/art-craft-coloring-it\/sandy-colorando-diamonds-it\/\"><img src=\"https:\/\/mf.liscianigiochi.it:8443\/media\/97500\/356D44AC-9964-4E96-BDF0-54FAFF9FC9B3.jpg\" alt=\"\" decoding=\"async\" \/><\/a><a href=\"https:\/\/www.liscianigiochi.com\/shop\/giochi-creativi-it\/art-craft-coloring-it\/sandy-colorando-diamonds-it\/\"><\/p>\n<h2>Sandy Colorando! Diamonds<\/h2>\n<p><\/a><br \/>\n\t<bdi>14,99&nbsp;&euro;<\/bdi><br \/>\n<a href=\"?add-to-cart=667079\" data-quantity=\"1\" data-product_id=\"667079\" data-product_sku=\"\" aria-label=\"Add to cart: &ldquo;Sandy Colorando! Diamonds&rdquo;\" aria-describedby=\"\" rel=\"nofollow\">Add to cart<\/a>\n<\/li>\n<li>\n\t\t<a href=\"https:\/\/www.liscianigiochi.com\/shop\/giochi-creativi-it\/compound-sand-it\/sandy-sea-secchiello-1-kg-it\/\"><img src=\"https:\/\/mf.liscianigiochi.it:8443\/media\/96732\/B8011CAD-D55E-4C3F-927F-5F79F8EB2B9D.jpg\" alt=\"\" decoding=\"async\" \/><\/a><a href=\"https:\/\/www.liscianigiochi.com\/shop\/giochi-creativi-it\/compound-sand-it\/sandy-sea-secchiello-1-kg-it\/\"><\/p>\n<h2>Sandy Sea Secchiello 1 Kg<\/h2>\n<p><\/a><br \/>\n\t<bdi>19,99&nbsp;&euro;<\/bdi><br \/>\n<a href=\"?add-to-cart=667074\" data-quantity=\"1\" data-product_id=\"667074\" data-product_sku=\"\" aria-label=\"Add to cart: &ldquo;Sandy Sea Secchiello 1 Kg&rdquo;\" aria-describedby=\"\" rel=\"nofollow\">Add to cart<\/a>\n<\/li>\n<\/ul>\n<p>\t\t\t<a href=\"https:\/\/www.liscianigiochi.com\/fr\/tag-prodotto\/sandy-fr\/\"><br \/>\n\t\t\t\t\t\t\t\t\tVoir tous les produits<br \/>\n\t\t\t\t\t<\/a><br \/>\n\t\t\t\t\t\t\t\t\t\t\t\t\t<img loading=\"lazy\" decoding=\"async\" width=\"800\" height=\"648\" src=\"https:\/\/www.liscianigiochi.com\/wp-content\/uploads\/2023\/11\/Immagine_Sotto-10.png\" alt=\"\" srcset=\"https:\/\/www.liscianigiochi.com\/wp-content\/uploads\/2023\/11\/Immagine_Sotto-10.png 906w, https:\/\/www.liscianigiochi.com\/wp-content\/uploads\/2023\/11\/Immagine_Sotto-10-300x243.png 300w, https:\/\/www.liscianigiochi.com\/wp-content\/uploads\/2023\/11\/Immagine_Sotto-10-600x486.png 600w\" sizes=\"(max-width: 800px) 100vw, 800px\" \/>\t\t\t\t\t\t\t\t\t\t\t\t\t<\/p>\n<h2>CURIOSIT\u00c8S SUR LE PERSONNAGE<\/h2>\n<p>La sympathique sir\u00e8ne qui nous accompagne dans l&#8217; \u00bboc\u00e9an \u00bb tr\u00e8s color\u00e9 des mat\u00e9riaux cr\u00e9atifs. Sandy signifie sable magique de haute qualit\u00e9, divertissement insouciant mais formatif, pour un d\u00e9veloppement psychophysique sain de l\u2019enfant.<\/p>\n<h2>CURIOSIT\u00c8S SUR LE PERSONNAGE<\/h2>\n<p>La sympathique sir\u00e8ne qui nous accompagne dans l&#8217; \u00bboc\u00e9an \u00bb tr\u00e8s color\u00e9 des mat\u00e9riaux cr\u00e9atifs. Sandy signifie sable magique de haute qualit\u00e9, divertissement insouciant mais formatif, pour un d\u00e9veloppement psychophysique sain de l\u2019enfant. <\/p>\n<p>\t\t\t\t\t\t\t\t\t\t\t\t\t<img loading=\"lazy\" decoding=\"async\" width=\"512\" height=\"612\" src=\"https:\/\/www.liscianigiochi.com\/wp-content\/uploads\/2023\/11\/Immagine-personaggio-4.png\" alt=\"\" srcset=\"https:\/\/www.liscianigiochi.com\/wp-content\/uploads\/2023\/11\/Immagine-personaggio-4.png 512w, https:\/\/www.liscianigiochi.com\/wp-content\/uploads\/2023\/11\/Immagine-personaggio-4-300x359.png 300w\" sizes=\"(max-width: 512px) 100vw, 512px\" \/><\/p>\n","protected":false},"excerpt":{"rendered":"<p>TOUTES LES COULEURS DE LA MER! Pr\u00eats pour une aventure extraordinaire parmi les ondes de l\u2019imagination? Je m\u2019appelle Sandy, votre amie la sir\u00e8ne qui vous accompagnera dans la \u00abmer\u00bb des mat\u00e9riaux cr\u00e9atifs et des jeux de plein air. Vous jouerez, vous cr\u00e9erez en toute libert\u00e9 et vous vous amuserez de fa\u00e7on insouciante mais formatrice. L\u2019ingr\u00e9dient qu\u2019il vous faut est l\u2019imagination sans vous poser de limites. Car c\u2019est bien connu, la cr\u00e9ativit\u00e9 ne conna\u00eet pas de saisons! NOS BEST SELLERS Sandy Colorando! Watercolors 14,99&nbsp;&euro; Add to cart Sandy Rolls In Display 24 5,99&nbsp;&euro; Add to cart Sandy Colorando My Mermaid Desk 24,99&nbsp;&euro; Add to cart Sandy Colorando! Sand 0,00&nbsp;&euro; Add to cart Sandy Colorando Art By The Sea In Display 8 11,99&nbsp;&euro; Add to cart Sandy Colorando My Mermaid Bag 14,99&nbsp;&euro; Add to cart Sandy Colorando! Diamonds 14,99&nbsp;&euro; Add to cart Sandy Sea Secchiello 1 Kg 19,99&nbsp;&euro; Add to cart Voir tous les produits CURIOSIT\u00c8S SUR LE PERSONNAGE La sympathique sir\u00e8ne qui nous accompagne dans l&#8217; \u00bboc\u00e9an \u00bb tr\u00e8s color\u00e9 des mat\u00e9riaux cr\u00e9atifs. Sandy signifie sable magique de haute qualit\u00e9, divertissement insouciant mais formatif, pour un d\u00e9veloppement psychophysique sain de l\u2019enfant. CURIOSIT\u00c8S SUR LE PERSONNAGE La sympathique sir\u00e8ne qui nous accompagne dans l&#8217; \u00bboc\u00e9an \u00bb tr\u00e8s color\u00e9 des mat\u00e9riaux cr\u00e9atifs. Sandy signifie sable magique de haute qualit\u00e9, divertissement insouciant mais formatif, pour un d\u00e9veloppement psychophysique sain de l\u2019enfant.<\/p>\n","protected":false},"author":2,"featured_media":0,"parent":0,"menu_order":0,"comment_status":"closed","ping_status":"closed","template":"","meta":{"_acf_changed":false,"footnotes":""},"class_list":["post-628492","page","type-page","status-publish","hentry"],"acf":[],"yoast_head":"<!-- This site is optimized with the Yoast SEO plugin v26.5 - https:\/\/yoast.com\/wordpress\/plugins\/seo\/ -->\n<title>Sandy - Lisciani Giochi<\/title>\n<meta name=\"robots\" content=\"index, follow, max-snippet:-1, max-image-preview:large, max-video-preview:-1\" \/>\n<link rel=\"canonical\" href=\"https:\/\/www.liscianigiochi.com\/fr\/sandy\/\" \/>\n<meta property=\"og:locale\" content=\"fr_FR\" \/>\n<meta property=\"og:type\" content=\"article\" \/>\n<meta property=\"og:title\" content=\"Sandy - Lisciani Giochi\" \/>\n<meta property=\"og:description\" content=\"TOUTES LES COULEURS DE LA MER! Pr\u00eats pour une aventure extraordinaire parmi les ondes de l\u2019imagination? Je m\u2019appelle Sandy, votre amie la sir\u00e8ne qui vous accompagnera dans la \u00abmer\u00bb des mat\u00e9riaux cr\u00e9atifs et des jeux de plein air. Vous jouerez, vous cr\u00e9erez en toute libert\u00e9 et vous vous amuserez de fa\u00e7on insouciante mais formatrice. L\u2019ingr\u00e9dient qu\u2019il vous faut est l\u2019imagination sans vous poser de limites. Car c\u2019est bien connu, la cr\u00e9ativit\u00e9 ne conna\u00eet pas de saisons! NOS BEST SELLERS Sandy Colorando! Watercolors 14,99&nbsp;&euro; Add to cart Sandy Rolls In Display 24 5,99&nbsp;&euro; Add to cart Sandy Colorando My Mermaid Desk 24,99&nbsp;&euro; Add to cart Sandy Colorando! Sand 0,00&nbsp;&euro; Add to cart Sandy Colorando Art By The Sea In Display 8 11,99&nbsp;&euro; Add to cart Sandy Colorando My Mermaid Bag 14,99&nbsp;&euro; Add to cart Sandy Colorando! Diamonds 14,99&nbsp;&euro; Add to cart Sandy Sea Secchiello 1 Kg 19,99&nbsp;&euro; Add to cart Voir tous les produits CURIOSIT\u00c8S SUR LE PERSONNAGE La sympathique sir\u00e8ne qui nous accompagne dans l&#8217; \u00bboc\u00e9an \u00bb tr\u00e8s color\u00e9 des mat\u00e9riaux cr\u00e9atifs. Sandy signifie sable magique de haute qualit\u00e9, divertissement insouciant mais formatif, pour un d\u00e9veloppement psychophysique sain de l\u2019enfant. CURIOSIT\u00c8S SUR LE PERSONNAGE La sympathique sir\u00e8ne qui nous accompagne dans l&#8217; \u00bboc\u00e9an \u00bb tr\u00e8s color\u00e9 des mat\u00e9riaux cr\u00e9atifs. Sandy signifie sable magique de haute qualit\u00e9, divertissement insouciant mais formatif, pour un d\u00e9veloppement psychophysique sain de l\u2019enfant.\" \/>\n<meta property=\"og:url\" content=\"https:\/\/www.liscianigiochi.com\/fr\/sandy\/\" \/>\n<meta property=\"og:site_name\" content=\"Lisciani Giochi\" \/>\n<meta property=\"article:publisher\" content=\"https:\/\/www.facebook.com\/liscianigroup\" \/>\n<meta property=\"article:modified_time\" content=\"2025-09-10T09:40:40+00:00\" \/>\n<meta property=\"og:image\" content=\"https:\/\/www.liscianigiochi.com\/wp-content\/uploads\/2023\/11\/desktop-sandy-scaled-1.webp\" \/>\n<meta name=\"twitter:card\" content=\"summary_large_image\" \/>\n<meta name=\"twitter:label1\" content=\"Est. reading time\" \/>\n\t<meta name=\"twitter:data1\" content=\"6 minutes\" \/>\n<script type=\"application\/ld+json\" class=\"yoast-schema-graph\">{\"@context\":\"https:\/\/schema.org\",\"@graph\":[{\"@type\":\"WebPage\",\"@id\":\"https:\/\/www.liscianigiochi.com\/fr\/sandy\/\",\"url\":\"https:\/\/www.liscianigiochi.com\/fr\/sandy\/\",\"name\":\"Sandy - Lisciani Giochi\",\"isPartOf\":{\"@id\":\"https:\/\/www.liscianigiochi.com\/#website\"},\"primaryImageOfPage\":{\"@id\":\"https:\/\/www.liscianigiochi.com\/fr\/sandy\/#primaryimage\"},\"image\":{\"@id\":\"https:\/\/www.liscianigiochi.com\/fr\/sandy\/#primaryimage\"},\"thumbnailUrl\":\"https:\/\/www.liscianigiochi.com\/wp-content\/uploads\/2023\/11\/desktop-sandy-scaled-1.webp\",\"datePublished\":\"2023-11-02T17:14:27+00:00\",\"dateModified\":\"2025-09-10T09:40:40+00:00\",\"breadcrumb\":{\"@id\":\"https:\/\/www.liscianigiochi.com\/fr\/sandy\/#breadcrumb\"},\"inLanguage\":\"fr-FR\",\"potentialAction\":[{\"@type\":\"ReadAction\",\"target\":[\"https:\/\/www.liscianigiochi.com\/fr\/sandy\/\"]}]},{\"@type\":\"ImageObject\",\"inLanguage\":\"fr-FR\",\"@id\":\"https:\/\/www.liscianigiochi.com\/fr\/sandy\/#primaryimage\",\"url\":\"https:\/\/www.liscianigiochi.com\/wp-content\/uploads\/2023\/11\/desktop-sandy-scaled-1.webp\",\"contentUrl\":\"https:\/\/www.liscianigiochi.com\/wp-content\/uploads\/2023\/11\/desktop-sandy-scaled-1.webp\"},{\"@type\":\"BreadcrumbList\",\"@id\":\"https:\/\/www.liscianigiochi.com\/fr\/sandy\/#breadcrumb\",\"itemListElement\":[{\"@type\":\"ListItem\",\"position\":1,\"name\":\"Home\",\"item\":\"https:\/\/www.liscianigiochi.com\/\"},{\"@type\":\"ListItem\",\"position\":2,\"name\":\"Sandy\"}]},{\"@type\":\"WebSite\",\"@id\":\"https:\/\/www.liscianigiochi.com\/#website\",\"url\":\"https:\/\/www.liscianigiochi.com\/\",\"name\":\"Lisciani Giochi\",\"description\":\"\",\"publisher\":{\"@id\":\"https:\/\/www.liscianigiochi.com\/#organization\"},\"potentialAction\":[{\"@type\":\"SearchAction\",\"target\":{\"@type\":\"EntryPoint\",\"urlTemplate\":\"https:\/\/www.liscianigiochi.com\/?s={search_term_string}\"},\"query-input\":{\"@type\":\"PropertyValueSpecification\",\"valueRequired\":true,\"valueName\":\"search_term_string\"}}],\"inLanguage\":\"fr-FR\"},{\"@type\":\"Organization\",\"@id\":\"https:\/\/www.liscianigiochi.com\/#organization\",\"name\":\"Lisciani Giochi\",\"url\":\"https:\/\/www.liscianigiochi.com\/\",\"logo\":{\"@type\":\"ImageObject\",\"inLanguage\":\"fr-FR\",\"@id\":\"https:\/\/www.liscianigiochi.com\/#\/schema\/logo\/image\/\",\"url\":\"https:\/\/www.liscianigiochi.com\/wp-content\/uploads\/2023\/10\/Logo@2x.png\",\"contentUrl\":\"https:\/\/www.liscianigiochi.com\/wp-content\/uploads\/2023\/10\/Logo@2x.png\",\"width\":384,\"height\":384,\"caption\":\"Lisciani Giochi\"},\"image\":{\"@id\":\"https:\/\/www.liscianigiochi.com\/#\/schema\/logo\/image\/\"},\"sameAs\":[\"https:\/\/www.facebook.com\/liscianigroup\",\"https:\/\/www.instagram.com\/liscianigiochi\/\"]}]}<\/script>\n<!-- \/ Yoast SEO plugin. -->","yoast_head_json":{"title":"Sandy - Lisciani Giochi","robots":{"index":"index","follow":"follow","max-snippet":"max-snippet:-1","max-image-preview":"max-image-preview:large","max-video-preview":"max-video-preview:-1"},"canonical":"https:\/\/www.liscianigiochi.com\/fr\/sandy\/","og_locale":"fr_FR","og_type":"article","og_title":"Sandy - Lisciani Giochi","og_description":"TOUTES LES COULEURS DE LA MER! Pr\u00eats pour une aventure extraordinaire parmi les ondes de l\u2019imagination? Je m\u2019appelle Sandy, votre amie la sir\u00e8ne qui vous accompagnera dans la \u00abmer\u00bb des mat\u00e9riaux cr\u00e9atifs et des jeux de plein air. Vous jouerez, vous cr\u00e9erez en toute libert\u00e9 et vous vous amuserez de fa\u00e7on insouciante mais formatrice. L\u2019ingr\u00e9dient qu\u2019il vous faut est l\u2019imagination sans vous poser de limites. Car c\u2019est bien connu, la cr\u00e9ativit\u00e9 ne conna\u00eet pas de saisons! NOS BEST SELLERS Sandy Colorando! Watercolors 14,99&nbsp;&euro; Add to cart Sandy Rolls In Display 24 5,99&nbsp;&euro; Add to cart Sandy Colorando My Mermaid Desk 24,99&nbsp;&euro; Add to cart Sandy Colorando! Sand 0,00&nbsp;&euro; Add to cart Sandy Colorando Art By The Sea In Display 8 11,99&nbsp;&euro; Add to cart Sandy Colorando My Mermaid Bag 14,99&nbsp;&euro; Add to cart Sandy Colorando! Diamonds 14,99&nbsp;&euro; Add to cart Sandy Sea Secchiello 1 Kg 19,99&nbsp;&euro; Add to cart Voir tous les produits CURIOSIT\u00c8S SUR LE PERSONNAGE La sympathique sir\u00e8ne qui nous accompagne dans l&#8217; \u00bboc\u00e9an \u00bb tr\u00e8s color\u00e9 des mat\u00e9riaux cr\u00e9atifs. Sandy signifie sable magique de haute qualit\u00e9, divertissement insouciant mais formatif, pour un d\u00e9veloppement psychophysique sain de l\u2019enfant. CURIOSIT\u00c8S SUR LE PERSONNAGE La sympathique sir\u00e8ne qui nous accompagne dans l&#8217; \u00bboc\u00e9an \u00bb tr\u00e8s color\u00e9 des mat\u00e9riaux cr\u00e9atifs. Sandy signifie sable magique de haute qualit\u00e9, divertissement insouciant mais formatif, pour un d\u00e9veloppement psychophysique sain de l\u2019enfant.","og_url":"https:\/\/www.liscianigiochi.com\/fr\/sandy\/","og_site_name":"Lisciani Giochi","article_publisher":"https:\/\/www.facebook.com\/liscianigroup","article_modified_time":"2025-09-10T09:40:40+00:00","og_image":[{"url":"https:\/\/www.liscianigiochi.com\/wp-content\/uploads\/2023\/11\/desktop-sandy-scaled-1.webp","type":"","width":"","height":""}],"twitter_card":"summary_large_image","twitter_misc":{"Est. reading time":"6 minutes"},"schema":{"@context":"https:\/\/schema.org","@graph":[{"@type":"WebPage","@id":"https:\/\/www.liscianigiochi.com\/fr\/sandy\/","url":"https:\/\/www.liscianigiochi.com\/fr\/sandy\/","name":"Sandy - Lisciani Giochi","isPartOf":{"@id":"https:\/\/www.liscianigiochi.com\/#website"},"primaryImageOfPage":{"@id":"https:\/\/www.liscianigiochi.com\/fr\/sandy\/#primaryimage"},"image":{"@id":"https:\/\/www.liscianigiochi.com\/fr\/sandy\/#primaryimage"},"thumbnailUrl":"https:\/\/www.liscianigiochi.com\/wp-content\/uploads\/2023\/11\/desktop-sandy-scaled-1.webp","datePublished":"2023-11-02T17:14:27+00:00","dateModified":"2025-09-10T09:40:40+00:00","breadcrumb":{"@id":"https:\/\/www.liscianigiochi.com\/fr\/sandy\/#breadcrumb"},"inLanguage":"fr-FR","potentialAction":[{"@type":"ReadAction","target":["https:\/\/www.liscianigiochi.com\/fr\/sandy\/"]}]},{"@type":"ImageObject","inLanguage":"fr-FR","@id":"https:\/\/www.liscianigiochi.com\/fr\/sandy\/#primaryimage","url":"https:\/\/www.liscianigiochi.com\/wp-content\/uploads\/2023\/11\/desktop-sandy-scaled-1.webp","contentUrl":"https:\/\/www.liscianigiochi.com\/wp-content\/uploads\/2023\/11\/desktop-sandy-scaled-1.webp"},{"@type":"BreadcrumbList","@id":"https:\/\/www.liscianigiochi.com\/fr\/sandy\/#breadcrumb","itemListElement":[{"@type":"ListItem","position":1,"name":"Home","item":"https:\/\/www.liscianigiochi.com\/"},{"@type":"ListItem","position":2,"name":"Sandy"}]},{"@type":"WebSite","@id":"https:\/\/www.liscianigiochi.com\/#website","url":"https:\/\/www.liscianigiochi.com\/","name":"Lisciani Giochi","description":"","publisher":{"@id":"https:\/\/www.liscianigiochi.com\/#organization"},"potentialAction":[{"@type":"SearchAction","target":{"@type":"EntryPoint","urlTemplate":"https:\/\/www.liscianigiochi.com\/?s={search_term_string}"},"query-input":{"@type":"PropertyValueSpecification","valueRequired":true,"valueName":"search_term_string"}}],"inLanguage":"fr-FR"},{"@type":"Organization","@id":"https:\/\/www.liscianigiochi.com\/#organization","name":"Lisciani Giochi","url":"https:\/\/www.liscianigiochi.com\/","logo":{"@type":"ImageObject","inLanguage":"fr-FR","@id":"https:\/\/www.liscianigiochi.com\/#\/schema\/logo\/image\/","url":"https:\/\/www.liscianigiochi.com\/wp-content\/uploads\/2023\/10\/Logo@2x.png","contentUrl":"https:\/\/www.liscianigiochi.com\/wp-content\/uploads\/2023\/10\/Logo@2x.png","width":384,"height":384,"caption":"Lisciani Giochi"},"image":{"@id":"https:\/\/www.liscianigiochi.com\/#\/schema\/logo\/image\/"},"sameAs":["https:\/\/www.facebook.com\/liscianigroup","https:\/\/www.instagram.com\/liscianigiochi\/"]}]}},"_links":{"self":[{"href":"https:\/\/www.liscianigiochi.com\/fr\/wp-json\/wp\/v2\/pages\/628492","targetHints":{"allow":["GET"]}}],"collection":[{"href":"https:\/\/www.liscianigiochi.com\/fr\/wp-json\/wp\/v2\/pages"}],"about":[{"href":"https:\/\/www.liscianigiochi.com\/fr\/wp-json\/wp\/v2\/types\/page"}],"author":[{"embeddable":true,"href":"https:\/\/www.liscianigiochi.com\/fr\/wp-json\/wp\/v2\/users\/2"}],"replies":[{"embeddable":true,"href":"https:\/\/www.liscianigiochi.com\/fr\/wp-json\/wp\/v2\/comments?post=628492"}],"version-history":[{"count":19,"href":"https:\/\/www.liscianigiochi.com\/fr\/wp-json\/wp\/v2\/pages\/628492\/revisions"}],"predecessor-version":[{"id":676988,"href":"https:\/\/www.liscianigiochi.com\/fr\/wp-json\/wp\/v2\/pages\/628492\/revisions\/676988"}],"wp:attachment":[{"href":"https:\/\/www.liscianigiochi.com\/fr\/wp-json\/wp\/v2\/media?parent=628492"}],"curies":[{"name":"wp","href":"https:\/\/api.w.org\/{rel}","templated":true}]}}