{"id":1001825,"date":"2025-03-06T05:51:16","date_gmt":"2025-03-06T04:51:16","guid":{"rendered":"https:\/\/www.liscianigiochi.com\/shop\/uncategorized\/the-moon-academy-moon-paper-art-fr\/"},"modified":"2026-04-17T06:24:28","modified_gmt":"2026-04-17T04:24:28","slug":"the-moon-academy-moon-paper-art-fr","status":"publish","type":"product","link":"https:\/\/www.liscianigiochi.com\/fr\/shop\/jeux-creatifs-fr\/art-science-fr\/the-moon-academy-moon-paper-art-fr\/","title":{"rendered":"The Moon Academy Moon Paper Art"},"content":{"rendered":"<p>Un magnifique kit de bureau en forme de chat pour r\u00e9aliser des cr\u00e9ations magiques en papier. Le kit contient des ciseaux en forme de chat, des feuilles de diff\u00e9rents motifs et de la colle sp\u00e9ciale. En outre, le r\u00e9cipient en forme de chat peut \u00eatre ouvert et utilis\u00e9 comme support original.<\/p>\n","protected":false},"excerpt":{"rendered":"<p>Laissez libre cours \u00e0 votre imagination et r\u00e9alisez de fantastiques cr\u00e9ations en papier.<\/p>\n","protected":false},"featured_media":1843069,"template":"","meta":{"_acf_changed":false},"product_brand":[],"product_cat":[3365,2834],"product_tag":[3064,3066,3072,3230],"class_list":{"0":"post-1001825","1":"product","2":"type-product","3":"status-publish","4":"has-post-thumbnail","6":"product_cat-art-science-fr","7":"product_cat-jeux-creatifs-fr","8":"product_tag-7-8-ans-fr","9":"product_tag-9-ans-fr","10":"product_tag-prodotto-lisciani-fr","11":"product_tag-the-moon-academy-fr","13":"first","14":"instock","15":"shipping-taxable","16":"product-type-simple"},"acf":[],"yoast_head":"<!-- This site is optimized with the Yoast SEO plugin v26.5 - https:\/\/yoast.com\/wordpress\/plugins\/seo\/ -->\n<title>The Moon Academy Moon Paper Art - Lisciani Giochi<\/title>\n<meta name=\"robots\" content=\"index, follow, max-snippet:-1, max-image-preview:large, max-video-preview:-1\" \/>\n<link rel=\"canonical\" href=\"https:\/\/www.liscianigiochi.com\/fr\/shop\/uncategorized\/the-moon-academy-moon-paper-art-fr\/\" \/>\n<meta property=\"og:locale\" content=\"fr_FR\" \/>\n<meta property=\"og:type\" content=\"article\" \/>\n<meta property=\"og:title\" content=\"The Moon Academy Moon Paper Art - Lisciani Giochi\" \/>\n<meta property=\"og:description\" content=\"Laissez libre cours \u00e0 votre imagination et r\u00e9alisez de fantastiques cr\u00e9ations en papier.\" \/>\n<meta property=\"og:url\" content=\"https:\/\/www.liscianigiochi.com\/fr\/shop\/uncategorized\/the-moon-academy-moon-paper-art-fr\/\" \/>\n<meta property=\"og:site_name\" content=\"Lisciani Giochi\" \/>\n<meta property=\"article:publisher\" content=\"https:\/\/www.facebook.com\/liscianigroup\" \/>\n<meta property=\"article:modified_time\" content=\"2026-04-17T04:24:28+00:00\" \/>\n<meta property=\"og:image\" content=\"https:\/\/mf.liscianigiochi.it:8443\/media\/110544\/E741169A-2D40-4CC3-9977-48333F136678.jpg\" \/>\n<meta name=\"twitter:card\" content=\"summary_large_image\" \/>\n<meta name=\"twitter:image\" content=\"https:\/\/mf.liscianigiochi.it:8443\/media\/110544\/E741169A-2D40-4CC3-9977-48333F136678.jpg\" \/>\n<script type=\"application\/ld+json\" class=\"yoast-schema-graph\">{\"@context\":\"https:\/\/schema.org\",\"@graph\":[{\"@type\":\"WebPage\",\"@id\":\"https:\/\/www.liscianigiochi.com\/fr\/shop\/uncategorized\/the-moon-academy-moon-paper-art-fr\/\",\"url\":\"https:\/\/www.liscianigiochi.com\/fr\/shop\/uncategorized\/the-moon-academy-moon-paper-art-fr\/\",\"name\":\"The Moon Academy Moon Paper Art - Lisciani Giochi\",\"isPartOf\":{\"@id\":\"https:\/\/www.liscianigiochi.com\/#website\"},\"primaryImageOfPage\":{\"@id\":\"https:\/\/www.liscianigiochi.com\/fr\/shop\/uncategorized\/the-moon-academy-moon-paper-art-fr\/#primaryimage\"},\"image\":{\"@id\":\"https:\/\/www.liscianigiochi.com\/fr\/shop\/uncategorized\/the-moon-academy-moon-paper-art-fr\/#primaryimage\"},\"thumbnailUrl\":\"https:\/\/mf.liscianigiochi.it:8443\/media\/110544\/E741169A-2D40-4CC3-9977-48333F136678.jpg\",\"datePublished\":\"2025-03-06T04:51:16+00:00\",\"dateModified\":\"2026-04-17T04:24:28+00:00\",\"breadcrumb\":{\"@id\":\"https:\/\/www.liscianigiochi.com\/fr\/shop\/uncategorized\/the-moon-academy-moon-paper-art-fr\/#breadcrumb\"},\"inLanguage\":\"fr-FR\",\"potentialAction\":[{\"@type\":\"ReadAction\",\"target\":[\"https:\/\/www.liscianigiochi.com\/fr\/shop\/uncategorized\/the-moon-academy-moon-paper-art-fr\/\"]}]},{\"@type\":\"ImageObject\",\"inLanguage\":\"fr-FR\",\"@id\":\"https:\/\/www.liscianigiochi.com\/fr\/shop\/uncategorized\/the-moon-academy-moon-paper-art-fr\/#primaryimage\",\"url\":\"https:\/\/mf.liscianigiochi.it:8443\/media\/110544\/E741169A-2D40-4CC3-9977-48333F136678.jpg\",\"contentUrl\":\"https:\/\/mf.liscianigiochi.it:8443\/media\/110544\/E741169A-2D40-4CC3-9977-48333F136678.jpg\"},{\"@type\":\"BreadcrumbList\",\"@id\":\"https:\/\/www.liscianigiochi.com\/fr\/shop\/uncategorized\/the-moon-academy-moon-paper-art-fr\/#breadcrumb\",\"itemListElement\":[{\"@type\":\"ListItem\",\"position\":1,\"name\":\"Home\",\"item\":\"https:\/\/www.liscianigiochi.com\/\"},{\"@type\":\"ListItem\",\"position\":2,\"name\":\"Boutique\",\"item\":\"https:\/\/lg.udnt.it\/fr\/boutique\/\"},{\"@type\":\"ListItem\",\"position\":3,\"name\":\"The Moon Academy Moon Paper Art\"}]},{\"@type\":\"WebSite\",\"@id\":\"https:\/\/www.liscianigiochi.com\/#website\",\"url\":\"https:\/\/www.liscianigiochi.com\/\",\"name\":\"Lisciani Giochi\",\"description\":\"\",\"publisher\":{\"@id\":\"https:\/\/www.liscianigiochi.com\/#organization\"},\"potentialAction\":[{\"@type\":\"SearchAction\",\"target\":{\"@type\":\"EntryPoint\",\"urlTemplate\":\"https:\/\/www.liscianigiochi.com\/?s={search_term_string}\"},\"query-input\":{\"@type\":\"PropertyValueSpecification\",\"valueRequired\":true,\"valueName\":\"search_term_string\"}}],\"inLanguage\":\"fr-FR\"},{\"@type\":\"Organization\",\"@id\":\"https:\/\/www.liscianigiochi.com\/#organization\",\"name\":\"Lisciani Giochi\",\"url\":\"https:\/\/www.liscianigiochi.com\/\",\"logo\":{\"@type\":\"ImageObject\",\"inLanguage\":\"fr-FR\",\"@id\":\"https:\/\/www.liscianigiochi.com\/#\/schema\/logo\/image\/\",\"url\":\"https:\/\/www.liscianigiochi.com\/wp-content\/uploads\/2023\/10\/Logo@2x.png\",\"contentUrl\":\"https:\/\/www.liscianigiochi.com\/wp-content\/uploads\/2023\/10\/Logo@2x.png\",\"width\":384,\"height\":384,\"caption\":\"Lisciani Giochi\"},\"image\":{\"@id\":\"https:\/\/www.liscianigiochi.com\/#\/schema\/logo\/image\/\"},\"sameAs\":[\"https:\/\/www.facebook.com\/liscianigroup\",\"https:\/\/www.instagram.com\/liscianigiochi\/\"]}]}<\/script>\n<!-- \/ Yoast SEO plugin. -->","yoast_head_json":{"title":"The Moon Academy Moon Paper Art - Lisciani Giochi","robots":{"index":"index","follow":"follow","max-snippet":"max-snippet:-1","max-image-preview":"max-image-preview:large","max-video-preview":"max-video-preview:-1"},"canonical":"https:\/\/www.liscianigiochi.com\/fr\/shop\/uncategorized\/the-moon-academy-moon-paper-art-fr\/","og_locale":"fr_FR","og_type":"article","og_title":"The Moon Academy Moon Paper Art - Lisciani Giochi","og_description":"Laissez libre cours \u00e0 votre imagination et r\u00e9alisez de fantastiques cr\u00e9ations en papier.","og_url":"https:\/\/www.liscianigiochi.com\/fr\/shop\/uncategorized\/the-moon-academy-moon-paper-art-fr\/","og_site_name":"Lisciani Giochi","article_publisher":"https:\/\/www.facebook.com\/liscianigroup","article_modified_time":"2026-04-17T04:24:28+00:00","og_image":[{"url":"https:\/\/mf.liscianigiochi.it:8443\/media\/110544\/E741169A-2D40-4CC3-9977-48333F136678.jpg","type":"","width":"","height":""}],"twitter_card":"summary_large_image","twitter_image":"https:\/\/mf.liscianigiochi.it:8443\/media\/110544\/E741169A-2D40-4CC3-9977-48333F136678.jpg","schema":{"@context":"https:\/\/schema.org","@graph":[{"@type":"WebPage","@id":"https:\/\/www.liscianigiochi.com\/fr\/shop\/uncategorized\/the-moon-academy-moon-paper-art-fr\/","url":"https:\/\/www.liscianigiochi.com\/fr\/shop\/uncategorized\/the-moon-academy-moon-paper-art-fr\/","name":"The Moon Academy Moon Paper Art - Lisciani Giochi","isPartOf":{"@id":"https:\/\/www.liscianigiochi.com\/#website"},"primaryImageOfPage":{"@id":"https:\/\/www.liscianigiochi.com\/fr\/shop\/uncategorized\/the-moon-academy-moon-paper-art-fr\/#primaryimage"},"image":{"@id":"https:\/\/www.liscianigiochi.com\/fr\/shop\/uncategorized\/the-moon-academy-moon-paper-art-fr\/#primaryimage"},"thumbnailUrl":"https:\/\/mf.liscianigiochi.it:8443\/media\/110544\/E741169A-2D40-4CC3-9977-48333F136678.jpg","datePublished":"2025-03-06T04:51:16+00:00","dateModified":"2026-04-17T04:24:28+00:00","breadcrumb":{"@id":"https:\/\/www.liscianigiochi.com\/fr\/shop\/uncategorized\/the-moon-academy-moon-paper-art-fr\/#breadcrumb"},"inLanguage":"fr-FR","potentialAction":[{"@type":"ReadAction","target":["https:\/\/www.liscianigiochi.com\/fr\/shop\/uncategorized\/the-moon-academy-moon-paper-art-fr\/"]}]},{"@type":"ImageObject","inLanguage":"fr-FR","@id":"https:\/\/www.liscianigiochi.com\/fr\/shop\/uncategorized\/the-moon-academy-moon-paper-art-fr\/#primaryimage","url":"https:\/\/mf.liscianigiochi.it:8443\/media\/110544\/E741169A-2D40-4CC3-9977-48333F136678.jpg","contentUrl":"https:\/\/mf.liscianigiochi.it:8443\/media\/110544\/E741169A-2D40-4CC3-9977-48333F136678.jpg"},{"@type":"BreadcrumbList","@id":"https:\/\/www.liscianigiochi.com\/fr\/shop\/uncategorized\/the-moon-academy-moon-paper-art-fr\/#breadcrumb","itemListElement":[{"@type":"ListItem","position":1,"name":"Home","item":"https:\/\/www.liscianigiochi.com\/"},{"@type":"ListItem","position":2,"name":"Boutique","item":"https:\/\/lg.udnt.it\/fr\/boutique\/"},{"@type":"ListItem","position":3,"name":"The Moon Academy Moon Paper Art"}]},{"@type":"WebSite","@id":"https:\/\/www.liscianigiochi.com\/#website","url":"https:\/\/www.liscianigiochi.com\/","name":"Lisciani Giochi","description":"","publisher":{"@id":"https:\/\/www.liscianigiochi.com\/#organization"},"potentialAction":[{"@type":"SearchAction","target":{"@type":"EntryPoint","urlTemplate":"https:\/\/www.liscianigiochi.com\/?s={search_term_string}"},"query-input":{"@type":"PropertyValueSpecification","valueRequired":true,"valueName":"search_term_string"}}],"inLanguage":"fr-FR"},{"@type":"Organization","@id":"https:\/\/www.liscianigiochi.com\/#organization","name":"Lisciani Giochi","url":"https:\/\/www.liscianigiochi.com\/","logo":{"@type":"ImageObject","inLanguage":"fr-FR","@id":"https:\/\/www.liscianigiochi.com\/#\/schema\/logo\/image\/","url":"https:\/\/www.liscianigiochi.com\/wp-content\/uploads\/2023\/10\/Logo@2x.png","contentUrl":"https:\/\/www.liscianigiochi.com\/wp-content\/uploads\/2023\/10\/Logo@2x.png","width":384,"height":384,"caption":"Lisciani Giochi"},"image":{"@id":"https:\/\/www.liscianigiochi.com\/#\/schema\/logo\/image\/"},"sameAs":["https:\/\/www.facebook.com\/liscianigroup","https:\/\/www.instagram.com\/liscianigiochi\/"]}]}},"fifu_image_url":"https:\/\/mf.liscianigiochi.it:8443\/media\/110544\/E741169A-2D40-4CC3-9977-48333F136678.jpg","_links":{"self":[{"href":"https:\/\/www.liscianigiochi.com\/fr\/wp-json\/wp\/v2\/product\/1001825","targetHints":{"allow":["GET"]}}],"collection":[{"href":"https:\/\/www.liscianigiochi.com\/fr\/wp-json\/wp\/v2\/product"}],"about":[{"href":"https:\/\/www.liscianigiochi.com\/fr\/wp-json\/wp\/v2\/types\/product"}],"wp:featuredmedia":[{"embeddable":true,"href":"https:\/\/www.liscianigiochi.com\/fr\/wp-json\/wp\/v2\/media\/1843069"}],"wp:attachment":[{"href":"https:\/\/www.liscianigiochi.com\/fr\/wp-json\/wp\/v2\/media?parent=1001825"}],"wp:term":[{"taxonomy":"product_brand","embeddable":true,"href":"https:\/\/www.liscianigiochi.com\/fr\/wp-json\/wp\/v2\/product_brand?post=1001825"},{"taxonomy":"product_cat","embeddable":true,"href":"https:\/\/www.liscianigiochi.com\/fr\/wp-json\/wp\/v2\/product_cat?post=1001825"},{"taxonomy":"product_tag","embeddable":true,"href":"https:\/\/www.liscianigiochi.com\/fr\/wp-json\/wp\/v2\/product_tag?post=1001825"}],"curies":[{"name":"wp","href":"https:\/\/api.w.org\/{rel}","templated":true}]}}