{"id":1414140,"date":"2025-06-06T06:02:09","date_gmt":"2025-06-06T04:02:09","guid":{"rendered":"https:\/\/www.liscianigiochi.com\/shop\/uncategorized\/slumi-science-squish-et-slime-2-en-1-fr\/"},"modified":"2026-04-10T06:24:22","modified_gmt":"2026-04-10T04:24:22","slug":"slumi-science-squish-et-slime-2-en-1-fr","status":"publish","type":"product","link":"https:\/\/www.liscianigiochi.com\/fr\/shop\/jeux-scientifiques-fr\/slumi-science-squish-et-slime-2-en-1-fr\/","title":{"rendered":"Slumi Science Squish Et Slime  2 En 1"},"content":{"rendered":"<p>Le seul kit complet 2 en 1 qui allie le plaisir du slime \u00e0 la magie des squishes ! Avec cet ensemble, vous pouvez cr\u00e9er vos propres petits amis spongieux, parfaits pour presser et presser, et personnaliser de nombreux types diff\u00e9rents de slime color\u00e9. A l&#8217;int\u00e9rieur vous trouverez \u00e9galement de nombreux accessoires et paillettes pour agr\u00e9menter vos cr\u00e9ations ! Une exp\u00e9rience cr\u00e9ative qui vous permet de fabriquer, m\u00e9langer, fa\u00e7onner et personnaliser vos jouets slime et squish !<\/p>\n","protected":false},"excerpt":{"rendered":"<p>cr\u00e9ez et personnalisez SLIME et SQUISH !<\/p>\n","protected":false},"featured_media":1422988,"template":"","meta":{"_acf_changed":false},"product_brand":[],"product_cat":[2833],"product_tag":[3064,3072],"class_list":{"0":"post-1414140","1":"product","2":"type-product","3":"status-publish","4":"has-post-thumbnail","6":"product_cat-jeux-scientifiques-fr","7":"product_tag-7-8-ans-fr","8":"product_tag-prodotto-lisciani-fr","10":"first","11":"instock","12":"shipping-taxable","13":"product-type-simple"},"acf":[],"yoast_head":"<!-- This site is optimized with the Yoast SEO plugin v26.5 - https:\/\/yoast.com\/wordpress\/plugins\/seo\/ -->\n<title>Slumi Science Squish Et Slime 2 En 1 - Lisciani Giochi<\/title>\n<meta name=\"robots\" content=\"index, follow, max-snippet:-1, max-image-preview:large, max-video-preview:-1\" \/>\n<link rel=\"canonical\" href=\"https:\/\/www.liscianigiochi.com\/fr\/shop\/uncategorized\/slumi-science-squish-et-slime-2-en-1-fr\/\" \/>\n<meta property=\"og:locale\" content=\"fr_FR\" \/>\n<meta property=\"og:type\" content=\"article\" \/>\n<meta property=\"og:title\" content=\"Slumi Science Squish Et Slime 2 En 1 - Lisciani Giochi\" \/>\n<meta property=\"og:description\" content=\"cr\u00e9ez et personnalisez SLIME et SQUISH !\" \/>\n<meta property=\"og:url\" content=\"https:\/\/www.liscianigiochi.com\/fr\/shop\/uncategorized\/slumi-science-squish-et-slime-2-en-1-fr\/\" \/>\n<meta property=\"og:site_name\" content=\"Lisciani Giochi\" \/>\n<meta property=\"article:publisher\" content=\"https:\/\/www.facebook.com\/liscianigroup\" \/>\n<meta property=\"article:modified_time\" content=\"2026-04-10T04:24:22+00:00\" \/>\n<meta property=\"og:image\" content=\"https:\/\/mf.liscianigiochi.it:8443\/media\/FR110360\/F71A5DC1-E62C-44C7-BCCA-4B849B789CF2.jpg\" \/>\n<meta name=\"twitter:card\" content=\"summary_large_image\" \/>\n<meta name=\"twitter:image\" content=\"https:\/\/mf.liscianigiochi.it:8443\/media\/FR110360\/F71A5DC1-E62C-44C7-BCCA-4B849B789CF2.jpg\" \/>\n<script type=\"application\/ld+json\" class=\"yoast-schema-graph\">{\"@context\":\"https:\/\/schema.org\",\"@graph\":[{\"@type\":\"WebPage\",\"@id\":\"https:\/\/www.liscianigiochi.com\/fr\/shop\/uncategorized\/slumi-science-squish-et-slime-2-en-1-fr\/\",\"url\":\"https:\/\/www.liscianigiochi.com\/fr\/shop\/uncategorized\/slumi-science-squish-et-slime-2-en-1-fr\/\",\"name\":\"Slumi Science Squish Et Slime 2 En 1 - Lisciani Giochi\",\"isPartOf\":{\"@id\":\"https:\/\/www.liscianigiochi.com\/#website\"},\"primaryImageOfPage\":{\"@id\":\"https:\/\/www.liscianigiochi.com\/fr\/shop\/uncategorized\/slumi-science-squish-et-slime-2-en-1-fr\/#primaryimage\"},\"image\":{\"@id\":\"https:\/\/www.liscianigiochi.com\/fr\/shop\/uncategorized\/slumi-science-squish-et-slime-2-en-1-fr\/#primaryimage\"},\"thumbnailUrl\":\"https:\/\/mf.liscianigiochi.it:8443\/media\/FR110360\/F71A5DC1-E62C-44C7-BCCA-4B849B789CF2.jpg\",\"datePublished\":\"2025-06-06T04:02:09+00:00\",\"dateModified\":\"2026-04-10T04:24:22+00:00\",\"breadcrumb\":{\"@id\":\"https:\/\/www.liscianigiochi.com\/fr\/shop\/uncategorized\/slumi-science-squish-et-slime-2-en-1-fr\/#breadcrumb\"},\"inLanguage\":\"fr-FR\",\"potentialAction\":[{\"@type\":\"ReadAction\",\"target\":[\"https:\/\/www.liscianigiochi.com\/fr\/shop\/uncategorized\/slumi-science-squish-et-slime-2-en-1-fr\/\"]}]},{\"@type\":\"ImageObject\",\"inLanguage\":\"fr-FR\",\"@id\":\"https:\/\/www.liscianigiochi.com\/fr\/shop\/uncategorized\/slumi-science-squish-et-slime-2-en-1-fr\/#primaryimage\",\"url\":\"https:\/\/mf.liscianigiochi.it:8443\/media\/FR110360\/F71A5DC1-E62C-44C7-BCCA-4B849B789CF2.jpg\",\"contentUrl\":\"https:\/\/mf.liscianigiochi.it:8443\/media\/FR110360\/F71A5DC1-E62C-44C7-BCCA-4B849B789CF2.jpg\"},{\"@type\":\"BreadcrumbList\",\"@id\":\"https:\/\/www.liscianigiochi.com\/fr\/shop\/uncategorized\/slumi-science-squish-et-slime-2-en-1-fr\/#breadcrumb\",\"itemListElement\":[{\"@type\":\"ListItem\",\"position\":1,\"name\":\"Home\",\"item\":\"https:\/\/www.liscianigiochi.com\/\"},{\"@type\":\"ListItem\",\"position\":2,\"name\":\"Boutique\",\"item\":\"https:\/\/lg.udnt.it\/fr\/boutique\/\"},{\"@type\":\"ListItem\",\"position\":3,\"name\":\"Slumi Science Squish Et Slime 2 En 1\"}]},{\"@type\":\"WebSite\",\"@id\":\"https:\/\/www.liscianigiochi.com\/#website\",\"url\":\"https:\/\/www.liscianigiochi.com\/\",\"name\":\"Lisciani Giochi\",\"description\":\"\",\"publisher\":{\"@id\":\"https:\/\/www.liscianigiochi.com\/#organization\"},\"potentialAction\":[{\"@type\":\"SearchAction\",\"target\":{\"@type\":\"EntryPoint\",\"urlTemplate\":\"https:\/\/www.liscianigiochi.com\/?s={search_term_string}\"},\"query-input\":{\"@type\":\"PropertyValueSpecification\",\"valueRequired\":true,\"valueName\":\"search_term_string\"}}],\"inLanguage\":\"fr-FR\"},{\"@type\":\"Organization\",\"@id\":\"https:\/\/www.liscianigiochi.com\/#organization\",\"name\":\"Lisciani Giochi\",\"url\":\"https:\/\/www.liscianigiochi.com\/\",\"logo\":{\"@type\":\"ImageObject\",\"inLanguage\":\"fr-FR\",\"@id\":\"https:\/\/www.liscianigiochi.com\/#\/schema\/logo\/image\/\",\"url\":\"https:\/\/www.liscianigiochi.com\/wp-content\/uploads\/2023\/10\/Logo@2x.png\",\"contentUrl\":\"https:\/\/www.liscianigiochi.com\/wp-content\/uploads\/2023\/10\/Logo@2x.png\",\"width\":384,\"height\":384,\"caption\":\"Lisciani Giochi\"},\"image\":{\"@id\":\"https:\/\/www.liscianigiochi.com\/#\/schema\/logo\/image\/\"},\"sameAs\":[\"https:\/\/www.facebook.com\/liscianigroup\",\"https:\/\/www.instagram.com\/liscianigiochi\/\"]}]}<\/script>\n<!-- \/ Yoast SEO plugin. -->","yoast_head_json":{"title":"Slumi Science Squish Et Slime 2 En 1 - Lisciani Giochi","robots":{"index":"index","follow":"follow","max-snippet":"max-snippet:-1","max-image-preview":"max-image-preview:large","max-video-preview":"max-video-preview:-1"},"canonical":"https:\/\/www.liscianigiochi.com\/fr\/shop\/uncategorized\/slumi-science-squish-et-slime-2-en-1-fr\/","og_locale":"fr_FR","og_type":"article","og_title":"Slumi Science Squish Et Slime 2 En 1 - Lisciani Giochi","og_description":"cr\u00e9ez et personnalisez SLIME et SQUISH !","og_url":"https:\/\/www.liscianigiochi.com\/fr\/shop\/uncategorized\/slumi-science-squish-et-slime-2-en-1-fr\/","og_site_name":"Lisciani Giochi","article_publisher":"https:\/\/www.facebook.com\/liscianigroup","article_modified_time":"2026-04-10T04:24:22+00:00","og_image":[{"url":"https:\/\/mf.liscianigiochi.it:8443\/media\/FR110360\/F71A5DC1-E62C-44C7-BCCA-4B849B789CF2.jpg","type":"","width":"","height":""}],"twitter_card":"summary_large_image","twitter_image":"https:\/\/mf.liscianigiochi.it:8443\/media\/FR110360\/F71A5DC1-E62C-44C7-BCCA-4B849B789CF2.jpg","schema":{"@context":"https:\/\/schema.org","@graph":[{"@type":"WebPage","@id":"https:\/\/www.liscianigiochi.com\/fr\/shop\/uncategorized\/slumi-science-squish-et-slime-2-en-1-fr\/","url":"https:\/\/www.liscianigiochi.com\/fr\/shop\/uncategorized\/slumi-science-squish-et-slime-2-en-1-fr\/","name":"Slumi Science Squish Et Slime 2 En 1 - Lisciani Giochi","isPartOf":{"@id":"https:\/\/www.liscianigiochi.com\/#website"},"primaryImageOfPage":{"@id":"https:\/\/www.liscianigiochi.com\/fr\/shop\/uncategorized\/slumi-science-squish-et-slime-2-en-1-fr\/#primaryimage"},"image":{"@id":"https:\/\/www.liscianigiochi.com\/fr\/shop\/uncategorized\/slumi-science-squish-et-slime-2-en-1-fr\/#primaryimage"},"thumbnailUrl":"https:\/\/mf.liscianigiochi.it:8443\/media\/FR110360\/F71A5DC1-E62C-44C7-BCCA-4B849B789CF2.jpg","datePublished":"2025-06-06T04:02:09+00:00","dateModified":"2026-04-10T04:24:22+00:00","breadcrumb":{"@id":"https:\/\/www.liscianigiochi.com\/fr\/shop\/uncategorized\/slumi-science-squish-et-slime-2-en-1-fr\/#breadcrumb"},"inLanguage":"fr-FR","potentialAction":[{"@type":"ReadAction","target":["https:\/\/www.liscianigiochi.com\/fr\/shop\/uncategorized\/slumi-science-squish-et-slime-2-en-1-fr\/"]}]},{"@type":"ImageObject","inLanguage":"fr-FR","@id":"https:\/\/www.liscianigiochi.com\/fr\/shop\/uncategorized\/slumi-science-squish-et-slime-2-en-1-fr\/#primaryimage","url":"https:\/\/mf.liscianigiochi.it:8443\/media\/FR110360\/F71A5DC1-E62C-44C7-BCCA-4B849B789CF2.jpg","contentUrl":"https:\/\/mf.liscianigiochi.it:8443\/media\/FR110360\/F71A5DC1-E62C-44C7-BCCA-4B849B789CF2.jpg"},{"@type":"BreadcrumbList","@id":"https:\/\/www.liscianigiochi.com\/fr\/shop\/uncategorized\/slumi-science-squish-et-slime-2-en-1-fr\/#breadcrumb","itemListElement":[{"@type":"ListItem","position":1,"name":"Home","item":"https:\/\/www.liscianigiochi.com\/"},{"@type":"ListItem","position":2,"name":"Boutique","item":"https:\/\/lg.udnt.it\/fr\/boutique\/"},{"@type":"ListItem","position":3,"name":"Slumi Science Squish Et Slime 2 En 1"}]},{"@type":"WebSite","@id":"https:\/\/www.liscianigiochi.com\/#website","url":"https:\/\/www.liscianigiochi.com\/","name":"Lisciani Giochi","description":"","publisher":{"@id":"https:\/\/www.liscianigiochi.com\/#organization"},"potentialAction":[{"@type":"SearchAction","target":{"@type":"EntryPoint","urlTemplate":"https:\/\/www.liscianigiochi.com\/?s={search_term_string}"},"query-input":{"@type":"PropertyValueSpecification","valueRequired":true,"valueName":"search_term_string"}}],"inLanguage":"fr-FR"},{"@type":"Organization","@id":"https:\/\/www.liscianigiochi.com\/#organization","name":"Lisciani Giochi","url":"https:\/\/www.liscianigiochi.com\/","logo":{"@type":"ImageObject","inLanguage":"fr-FR","@id":"https:\/\/www.liscianigiochi.com\/#\/schema\/logo\/image\/","url":"https:\/\/www.liscianigiochi.com\/wp-content\/uploads\/2023\/10\/Logo@2x.png","contentUrl":"https:\/\/www.liscianigiochi.com\/wp-content\/uploads\/2023\/10\/Logo@2x.png","width":384,"height":384,"caption":"Lisciani Giochi"},"image":{"@id":"https:\/\/www.liscianigiochi.com\/#\/schema\/logo\/image\/"},"sameAs":["https:\/\/www.facebook.com\/liscianigroup","https:\/\/www.instagram.com\/liscianigiochi\/"]}]}},"fifu_image_url":"https:\/\/mf.liscianigiochi.it:8443\/media\/FR110360\/F71A5DC1-E62C-44C7-BCCA-4B849B789CF2.jpg","_links":{"self":[{"href":"https:\/\/www.liscianigiochi.com\/fr\/wp-json\/wp\/v2\/product\/1414140","targetHints":{"allow":["GET"]}}],"collection":[{"href":"https:\/\/www.liscianigiochi.com\/fr\/wp-json\/wp\/v2\/product"}],"about":[{"href":"https:\/\/www.liscianigiochi.com\/fr\/wp-json\/wp\/v2\/types\/product"}],"wp:featuredmedia":[{"embeddable":true,"href":"https:\/\/www.liscianigiochi.com\/fr\/wp-json\/wp\/v2\/media\/1422988"}],"wp:attachment":[{"href":"https:\/\/www.liscianigiochi.com\/fr\/wp-json\/wp\/v2\/media?parent=1414140"}],"wp:term":[{"taxonomy":"product_brand","embeddable":true,"href":"https:\/\/www.liscianigiochi.com\/fr\/wp-json\/wp\/v2\/product_brand?post=1414140"},{"taxonomy":"product_cat","embeddable":true,"href":"https:\/\/www.liscianigiochi.com\/fr\/wp-json\/wp\/v2\/product_cat?post=1414140"},{"taxonomy":"product_tag","embeddable":true,"href":"https:\/\/www.liscianigiochi.com\/fr\/wp-json\/wp\/v2\/product_tag?post=1414140"}],"curies":[{"name":"wp","href":"https:\/\/api.w.org\/{rel}","templated":true}]}}