{"id":1447878,"date":"2025-06-12T11:35:12","date_gmt":"2025-06-12T09:35:12","guid":{"rendered":"https:\/\/www.liscianigiochi.com\/shop\/uncategorized\/montessori-mes-premieres-competences-fr\/"},"modified":"2026-04-10T06:24:50","modified_gmt":"2026-04-10T04:24:50","slug":"montessori-mes-premieres-competences-fr","status":"publish","type":"product","link":"https:\/\/www.liscianigiochi.com\/fr\/shop\/jeux-educatifs-prescolaires-fr\/jeux-educatifs-montessori-super-fr\/montessori-mes-premieres-competences-fr\/","title":{"rendered":"Montessori  Mes Premieres Competences"},"content":{"rendered":"<p>Un kit \u00e9ducatif amusant pour d\u00e9couvrir les lettres, les mots et les chiffres ! Gr\u00e2ce aux fiches p\u00e9dagogiques, au tableau double face, aux petites lettres magn\u00e9tiques et au feutre sp\u00e9cial effa\u00e7able, l\u2019enfant apprend \u00e0 lire et \u00e0 \u00e9crire de nombreux mots. Avec le boulier en bois, les fiches d\u00e9di\u00e9es et les chiffres aimant\u00e9s, l\u2019enfant apprend facilement \u00e0 compter et \u00e0 faire ses premiers calculs. Il peut en outre laisser libre cours \u00e0 son imagination en dessinant ce qui lui pla\u00eet \u00e0 la craie sur le tableau classique et peut entra\u00eener sa logique avec le jeu du Tangram hyper color\u00e9. <\/p>\n","protected":false},"excerpt":{"rendered":"<p>\u00c9CRIS, COMPTE ET DESSINE<\/p>\n","protected":false},"featured_media":1474191,"template":"","meta":{"_acf_changed":false},"product_brand":[],"product_cat":[2843,2831],"product_tag":[3059,3061,3084,3072],"class_list":{"0":"post-1447878","1":"product","2":"type-product","3":"status-publish","4":"has-post-thumbnail","6":"product_cat-jeux-educatifs-montessori-super-fr","7":"product_cat-jeux-educatifs-prescolaires-fr","8":"product_tag-3-4-ans-fr","9":"product_tag-5-6-ans-fr","10":"product_tag-giocare-educare-fr","11":"product_tag-prodotto-lisciani-fr","13":"first","14":"instock","15":"shipping-taxable","16":"product-type-simple"},"acf":[],"yoast_head":"<!-- This site is optimized with the Yoast SEO plugin v26.5 - https:\/\/yoast.com\/wordpress\/plugins\/seo\/ -->\n<title>Montessori Mes Premieres Competences - Lisciani Giochi<\/title>\n<meta name=\"robots\" content=\"index, follow, max-snippet:-1, max-image-preview:large, max-video-preview:-1\" \/>\n<link rel=\"canonical\" href=\"https:\/\/www.liscianigiochi.com\/fr\/shop\/uncategorized\/montessori-mes-premieres-competences-fr\/\" \/>\n<meta property=\"og:locale\" content=\"fr_FR\" \/>\n<meta property=\"og:type\" content=\"article\" \/>\n<meta property=\"og:title\" content=\"Montessori Mes Premieres Competences - Lisciani Giochi\" \/>\n<meta property=\"og:description\" content=\"\u00c9CRIS, COMPTE ET DESSINE\" \/>\n<meta property=\"og:url\" content=\"https:\/\/www.liscianigiochi.com\/fr\/shop\/uncategorized\/montessori-mes-premieres-competences-fr\/\" \/>\n<meta property=\"og:site_name\" content=\"Lisciani Giochi\" \/>\n<meta property=\"article:publisher\" content=\"https:\/\/www.facebook.com\/liscianigroup\" \/>\n<meta property=\"article:modified_time\" content=\"2026-04-10T04:24:50+00:00\" \/>\n<meta property=\"og:image\" content=\"https:\/\/mf.liscianigiochi.it:8443\/media\/FR107889\/2F60582F-09FE-4C67-AADA-214E73AC20FC.jpg\" \/>\n<meta name=\"twitter:card\" content=\"summary_large_image\" \/>\n<meta name=\"twitter:image\" content=\"https:\/\/mf.liscianigiochi.it:8443\/media\/FR107889\/2F60582F-09FE-4C67-AADA-214E73AC20FC.jpg\" \/>\n<meta name=\"twitter:label1\" content=\"Est. reading time\" \/>\n\t<meta name=\"twitter:data1\" content=\"1 minute\" \/>\n<script type=\"application\/ld+json\" class=\"yoast-schema-graph\">{\"@context\":\"https:\/\/schema.org\",\"@graph\":[{\"@type\":\"WebPage\",\"@id\":\"https:\/\/www.liscianigiochi.com\/fr\/shop\/uncategorized\/montessori-mes-premieres-competences-fr\/\",\"url\":\"https:\/\/www.liscianigiochi.com\/fr\/shop\/uncategorized\/montessori-mes-premieres-competences-fr\/\",\"name\":\"Montessori Mes Premieres Competences - Lisciani Giochi\",\"isPartOf\":{\"@id\":\"https:\/\/www.liscianigiochi.com\/#website\"},\"primaryImageOfPage\":{\"@id\":\"https:\/\/www.liscianigiochi.com\/fr\/shop\/uncategorized\/montessori-mes-premieres-competences-fr\/#primaryimage\"},\"image\":{\"@id\":\"https:\/\/www.liscianigiochi.com\/fr\/shop\/uncategorized\/montessori-mes-premieres-competences-fr\/#primaryimage\"},\"thumbnailUrl\":\"https:\/\/mf.liscianigiochi.it:8443\/media\/FR107889\/2F60582F-09FE-4C67-AADA-214E73AC20FC.jpg\",\"datePublished\":\"2025-06-12T09:35:12+00:00\",\"dateModified\":\"2026-04-10T04:24:50+00:00\",\"breadcrumb\":{\"@id\":\"https:\/\/www.liscianigiochi.com\/fr\/shop\/uncategorized\/montessori-mes-premieres-competences-fr\/#breadcrumb\"},\"inLanguage\":\"fr-FR\",\"potentialAction\":[{\"@type\":\"ReadAction\",\"target\":[\"https:\/\/www.liscianigiochi.com\/fr\/shop\/uncategorized\/montessori-mes-premieres-competences-fr\/\"]}]},{\"@type\":\"ImageObject\",\"inLanguage\":\"fr-FR\",\"@id\":\"https:\/\/www.liscianigiochi.com\/fr\/shop\/uncategorized\/montessori-mes-premieres-competences-fr\/#primaryimage\",\"url\":\"https:\/\/mf.liscianigiochi.it:8443\/media\/FR107889\/2F60582F-09FE-4C67-AADA-214E73AC20FC.jpg\",\"contentUrl\":\"https:\/\/mf.liscianigiochi.it:8443\/media\/FR107889\/2F60582F-09FE-4C67-AADA-214E73AC20FC.jpg\"},{\"@type\":\"BreadcrumbList\",\"@id\":\"https:\/\/www.liscianigiochi.com\/fr\/shop\/uncategorized\/montessori-mes-premieres-competences-fr\/#breadcrumb\",\"itemListElement\":[{\"@type\":\"ListItem\",\"position\":1,\"name\":\"Home\",\"item\":\"https:\/\/www.liscianigiochi.com\/\"},{\"@type\":\"ListItem\",\"position\":2,\"name\":\"Boutique\",\"item\":\"https:\/\/lg.udnt.it\/fr\/boutique\/\"},{\"@type\":\"ListItem\",\"position\":3,\"name\":\"Montessori Mes Premieres Competences\"}]},{\"@type\":\"WebSite\",\"@id\":\"https:\/\/www.liscianigiochi.com\/#website\",\"url\":\"https:\/\/www.liscianigiochi.com\/\",\"name\":\"Lisciani Giochi\",\"description\":\"\",\"publisher\":{\"@id\":\"https:\/\/www.liscianigiochi.com\/#organization\"},\"potentialAction\":[{\"@type\":\"SearchAction\",\"target\":{\"@type\":\"EntryPoint\",\"urlTemplate\":\"https:\/\/www.liscianigiochi.com\/?s={search_term_string}\"},\"query-input\":{\"@type\":\"PropertyValueSpecification\",\"valueRequired\":true,\"valueName\":\"search_term_string\"}}],\"inLanguage\":\"fr-FR\"},{\"@type\":\"Organization\",\"@id\":\"https:\/\/www.liscianigiochi.com\/#organization\",\"name\":\"Lisciani Giochi\",\"url\":\"https:\/\/www.liscianigiochi.com\/\",\"logo\":{\"@type\":\"ImageObject\",\"inLanguage\":\"fr-FR\",\"@id\":\"https:\/\/www.liscianigiochi.com\/#\/schema\/logo\/image\/\",\"url\":\"https:\/\/www.liscianigiochi.com\/wp-content\/uploads\/2023\/10\/Logo@2x.png\",\"contentUrl\":\"https:\/\/www.liscianigiochi.com\/wp-content\/uploads\/2023\/10\/Logo@2x.png\",\"width\":384,\"height\":384,\"caption\":\"Lisciani Giochi\"},\"image\":{\"@id\":\"https:\/\/www.liscianigiochi.com\/#\/schema\/logo\/image\/\"},\"sameAs\":[\"https:\/\/www.facebook.com\/liscianigroup\",\"https:\/\/www.instagram.com\/liscianigiochi\/\"]}]}<\/script>\n<!-- \/ Yoast SEO plugin. -->","yoast_head_json":{"title":"Montessori Mes Premieres Competences - Lisciani Giochi","robots":{"index":"index","follow":"follow","max-snippet":"max-snippet:-1","max-image-preview":"max-image-preview:large","max-video-preview":"max-video-preview:-1"},"canonical":"https:\/\/www.liscianigiochi.com\/fr\/shop\/uncategorized\/montessori-mes-premieres-competences-fr\/","og_locale":"fr_FR","og_type":"article","og_title":"Montessori Mes Premieres Competences - Lisciani Giochi","og_description":"\u00c9CRIS, COMPTE ET DESSINE","og_url":"https:\/\/www.liscianigiochi.com\/fr\/shop\/uncategorized\/montessori-mes-premieres-competences-fr\/","og_site_name":"Lisciani Giochi","article_publisher":"https:\/\/www.facebook.com\/liscianigroup","article_modified_time":"2026-04-10T04:24:50+00:00","og_image":[{"url":"https:\/\/mf.liscianigiochi.it:8443\/media\/FR107889\/2F60582F-09FE-4C67-AADA-214E73AC20FC.jpg","type":"","width":"","height":""}],"twitter_card":"summary_large_image","twitter_image":"https:\/\/mf.liscianigiochi.it:8443\/media\/FR107889\/2F60582F-09FE-4C67-AADA-214E73AC20FC.jpg","twitter_misc":{"Est. reading time":"1 minute"},"schema":{"@context":"https:\/\/schema.org","@graph":[{"@type":"WebPage","@id":"https:\/\/www.liscianigiochi.com\/fr\/shop\/uncategorized\/montessori-mes-premieres-competences-fr\/","url":"https:\/\/www.liscianigiochi.com\/fr\/shop\/uncategorized\/montessori-mes-premieres-competences-fr\/","name":"Montessori Mes Premieres Competences - Lisciani Giochi","isPartOf":{"@id":"https:\/\/www.liscianigiochi.com\/#website"},"primaryImageOfPage":{"@id":"https:\/\/www.liscianigiochi.com\/fr\/shop\/uncategorized\/montessori-mes-premieres-competences-fr\/#primaryimage"},"image":{"@id":"https:\/\/www.liscianigiochi.com\/fr\/shop\/uncategorized\/montessori-mes-premieres-competences-fr\/#primaryimage"},"thumbnailUrl":"https:\/\/mf.liscianigiochi.it:8443\/media\/FR107889\/2F60582F-09FE-4C67-AADA-214E73AC20FC.jpg","datePublished":"2025-06-12T09:35:12+00:00","dateModified":"2026-04-10T04:24:50+00:00","breadcrumb":{"@id":"https:\/\/www.liscianigiochi.com\/fr\/shop\/uncategorized\/montessori-mes-premieres-competences-fr\/#breadcrumb"},"inLanguage":"fr-FR","potentialAction":[{"@type":"ReadAction","target":["https:\/\/www.liscianigiochi.com\/fr\/shop\/uncategorized\/montessori-mes-premieres-competences-fr\/"]}]},{"@type":"ImageObject","inLanguage":"fr-FR","@id":"https:\/\/www.liscianigiochi.com\/fr\/shop\/uncategorized\/montessori-mes-premieres-competences-fr\/#primaryimage","url":"https:\/\/mf.liscianigiochi.it:8443\/media\/FR107889\/2F60582F-09FE-4C67-AADA-214E73AC20FC.jpg","contentUrl":"https:\/\/mf.liscianigiochi.it:8443\/media\/FR107889\/2F60582F-09FE-4C67-AADA-214E73AC20FC.jpg"},{"@type":"BreadcrumbList","@id":"https:\/\/www.liscianigiochi.com\/fr\/shop\/uncategorized\/montessori-mes-premieres-competences-fr\/#breadcrumb","itemListElement":[{"@type":"ListItem","position":1,"name":"Home","item":"https:\/\/www.liscianigiochi.com\/"},{"@type":"ListItem","position":2,"name":"Boutique","item":"https:\/\/lg.udnt.it\/fr\/boutique\/"},{"@type":"ListItem","position":3,"name":"Montessori Mes Premieres Competences"}]},{"@type":"WebSite","@id":"https:\/\/www.liscianigiochi.com\/#website","url":"https:\/\/www.liscianigiochi.com\/","name":"Lisciani Giochi","description":"","publisher":{"@id":"https:\/\/www.liscianigiochi.com\/#organization"},"potentialAction":[{"@type":"SearchAction","target":{"@type":"EntryPoint","urlTemplate":"https:\/\/www.liscianigiochi.com\/?s={search_term_string}"},"query-input":{"@type":"PropertyValueSpecification","valueRequired":true,"valueName":"search_term_string"}}],"inLanguage":"fr-FR"},{"@type":"Organization","@id":"https:\/\/www.liscianigiochi.com\/#organization","name":"Lisciani Giochi","url":"https:\/\/www.liscianigiochi.com\/","logo":{"@type":"ImageObject","inLanguage":"fr-FR","@id":"https:\/\/www.liscianigiochi.com\/#\/schema\/logo\/image\/","url":"https:\/\/www.liscianigiochi.com\/wp-content\/uploads\/2023\/10\/Logo@2x.png","contentUrl":"https:\/\/www.liscianigiochi.com\/wp-content\/uploads\/2023\/10\/Logo@2x.png","width":384,"height":384,"caption":"Lisciani Giochi"},"image":{"@id":"https:\/\/www.liscianigiochi.com\/#\/schema\/logo\/image\/"},"sameAs":["https:\/\/www.facebook.com\/liscianigroup","https:\/\/www.instagram.com\/liscianigiochi\/"]}]}},"fifu_image_url":"https:\/\/mf.liscianigiochi.it:8443\/media\/FR107889\/2F60582F-09FE-4C67-AADA-214E73AC20FC.jpg","_links":{"self":[{"href":"https:\/\/www.liscianigiochi.com\/fr\/wp-json\/wp\/v2\/product\/1447878","targetHints":{"allow":["GET"]}}],"collection":[{"href":"https:\/\/www.liscianigiochi.com\/fr\/wp-json\/wp\/v2\/product"}],"about":[{"href":"https:\/\/www.liscianigiochi.com\/fr\/wp-json\/wp\/v2\/types\/product"}],"wp:featuredmedia":[{"embeddable":true,"href":"https:\/\/www.liscianigiochi.com\/fr\/wp-json\/wp\/v2\/media\/1474191"}],"wp:attachment":[{"href":"https:\/\/www.liscianigiochi.com\/fr\/wp-json\/wp\/v2\/media?parent=1447878"}],"wp:term":[{"taxonomy":"product_brand","embeddable":true,"href":"https:\/\/www.liscianigiochi.com\/fr\/wp-json\/wp\/v2\/product_brand?post=1447878"},{"taxonomy":"product_cat","embeddable":true,"href":"https:\/\/www.liscianigiochi.com\/fr\/wp-json\/wp\/v2\/product_cat?post=1447878"},{"taxonomy":"product_tag","embeddable":true,"href":"https:\/\/www.liscianigiochi.com\/fr\/wp-json\/wp\/v2\/product_tag?post=1447878"}],"curies":[{"name":"wp","href":"https:\/\/api.w.org\/{rel}","templated":true}]}}