{"id":1447898,"date":"2025-06-12T11:35:26","date_gmt":"2025-06-12T09:35:26","guid":{"rendered":"https:\/\/www.liscianigiochi.com\/shop\/uncategorized\/life-skills-les-jeux-des-emotions-fr\/"},"modified":"2026-04-10T06:24:51","modified_gmt":"2026-04-10T04:24:51","slug":"life-skills-les-jeux-des-emotions-fr","status":"publish","type":"product","link":"https:\/\/www.liscianigiochi.com\/fr\/shop\/jeux-educatifs-prescolaires-fr\/life-skills-les-jeux-des-emotions-fr\/","title":{"rendered":"Life Skills Les Jeux Des Emotions"},"content":{"rendered":"<p>Ce kit aide les enfants \u00e0 d\u00e9couvrir, \u00e0 explorer, \u00e0 reconna\u00eetre, \u00e0 exprimer et \u00e0 g\u00e9rer leurs \u00e9motions de mani\u00e8re saine, constructive, amusante et engageante et transmet aux plus petits toutes les comp\u00e9tences fondamentales pour d\u00e9velopper une sph\u00e8re \u00e9motionnelle saine. <\/p>\n","protected":false},"excerpt":{"rendered":"<p>Tu conna\u00eetras mieux la joie, la col\u00e8re, la tristesse, la peur et bien d\u2019autres \u00e9motions&#8230; Il te suffit de piocher une carte pour commencer cette incroyable aventure !<\/p>\n","protected":false},"featured_media":1474211,"template":"","meta":{"_acf_changed":false},"product_brand":[],"product_cat":[2831],"product_tag":[3059,3061,3496,3072],"class_list":{"0":"post-1447898","1":"product","2":"type-product","3":"status-publish","4":"has-post-thumbnail","6":"product_cat-jeux-educatifs-prescolaires-fr","7":"product_tag-3-4-ans-fr","8":"product_tag-5-6-ans-fr","9":"product_tag-life-skills-fr","10":"product_tag-prodotto-lisciani-fr","12":"first","13":"instock","14":"shipping-taxable","15":"product-type-simple"},"acf":[],"yoast_head":"<!-- This site is optimized with the Yoast SEO plugin v26.5 - https:\/\/yoast.com\/wordpress\/plugins\/seo\/ -->\n<title>Life Skills Les Jeux Des Emotions - Lisciani Giochi<\/title>\n<meta name=\"robots\" content=\"index, follow, max-snippet:-1, max-image-preview:large, max-video-preview:-1\" \/>\n<link rel=\"canonical\" href=\"https:\/\/www.liscianigiochi.com\/fr\/shop\/uncategorized\/life-skills-les-jeux-des-emotions-fr\/\" \/>\n<meta property=\"og:locale\" content=\"fr_FR\" \/>\n<meta property=\"og:type\" content=\"article\" \/>\n<meta property=\"og:title\" content=\"Life Skills Les Jeux Des Emotions - Lisciani Giochi\" \/>\n<meta property=\"og:description\" content=\"Tu conna\u00eetras mieux la joie, la col\u00e8re, la tristesse, la peur et bien d\u2019autres \u00e9motions... Il te suffit de piocher une carte pour commencer cette incroyable aventure !\" \/>\n<meta property=\"og:url\" content=\"https:\/\/www.liscianigiochi.com\/fr\/shop\/uncategorized\/life-skills-les-jeux-des-emotions-fr\/\" \/>\n<meta property=\"og:site_name\" content=\"Lisciani Giochi\" \/>\n<meta property=\"article:publisher\" content=\"https:\/\/www.facebook.com\/liscianigroup\" \/>\n<meta property=\"article:modified_time\" content=\"2026-04-10T04:24:51+00:00\" \/>\n<meta property=\"og:image\" content=\"https:\/\/mf.liscianigiochi.it:8443\/media\/FR110063\/58FE5348-45AB-4657-BD89-2B10676DBFD2.jpg\" \/>\n<meta name=\"twitter:card\" content=\"summary_large_image\" \/>\n<meta name=\"twitter:image\" content=\"https:\/\/mf.liscianigiochi.it:8443\/media\/FR110063\/58FE5348-45AB-4657-BD89-2B10676DBFD2.jpg\" \/>\n<script type=\"application\/ld+json\" class=\"yoast-schema-graph\">{\"@context\":\"https:\/\/schema.org\",\"@graph\":[{\"@type\":\"WebPage\",\"@id\":\"https:\/\/www.liscianigiochi.com\/fr\/shop\/uncategorized\/life-skills-les-jeux-des-emotions-fr\/\",\"url\":\"https:\/\/www.liscianigiochi.com\/fr\/shop\/uncategorized\/life-skills-les-jeux-des-emotions-fr\/\",\"name\":\"Life Skills Les Jeux Des Emotions - Lisciani Giochi\",\"isPartOf\":{\"@id\":\"https:\/\/www.liscianigiochi.com\/#website\"},\"primaryImageOfPage\":{\"@id\":\"https:\/\/www.liscianigiochi.com\/fr\/shop\/uncategorized\/life-skills-les-jeux-des-emotions-fr\/#primaryimage\"},\"image\":{\"@id\":\"https:\/\/www.liscianigiochi.com\/fr\/shop\/uncategorized\/life-skills-les-jeux-des-emotions-fr\/#primaryimage\"},\"thumbnailUrl\":\"https:\/\/mf.liscianigiochi.it:8443\/media\/FR110063\/58FE5348-45AB-4657-BD89-2B10676DBFD2.jpg\",\"datePublished\":\"2025-06-12T09:35:26+00:00\",\"dateModified\":\"2026-04-10T04:24:51+00:00\",\"breadcrumb\":{\"@id\":\"https:\/\/www.liscianigiochi.com\/fr\/shop\/uncategorized\/life-skills-les-jeux-des-emotions-fr\/#breadcrumb\"},\"inLanguage\":\"fr-FR\",\"potentialAction\":[{\"@type\":\"ReadAction\",\"target\":[\"https:\/\/www.liscianigiochi.com\/fr\/shop\/uncategorized\/life-skills-les-jeux-des-emotions-fr\/\"]}]},{\"@type\":\"ImageObject\",\"inLanguage\":\"fr-FR\",\"@id\":\"https:\/\/www.liscianigiochi.com\/fr\/shop\/uncategorized\/life-skills-les-jeux-des-emotions-fr\/#primaryimage\",\"url\":\"https:\/\/mf.liscianigiochi.it:8443\/media\/FR110063\/58FE5348-45AB-4657-BD89-2B10676DBFD2.jpg\",\"contentUrl\":\"https:\/\/mf.liscianigiochi.it:8443\/media\/FR110063\/58FE5348-45AB-4657-BD89-2B10676DBFD2.jpg\"},{\"@type\":\"BreadcrumbList\",\"@id\":\"https:\/\/www.liscianigiochi.com\/fr\/shop\/uncategorized\/life-skills-les-jeux-des-emotions-fr\/#breadcrumb\",\"itemListElement\":[{\"@type\":\"ListItem\",\"position\":1,\"name\":\"Home\",\"item\":\"https:\/\/www.liscianigiochi.com\/\"},{\"@type\":\"ListItem\",\"position\":2,\"name\":\"Boutique\",\"item\":\"https:\/\/lg.udnt.it\/fr\/boutique\/\"},{\"@type\":\"ListItem\",\"position\":3,\"name\":\"Life Skills Les Jeux Des Emotions\"}]},{\"@type\":\"WebSite\",\"@id\":\"https:\/\/www.liscianigiochi.com\/#website\",\"url\":\"https:\/\/www.liscianigiochi.com\/\",\"name\":\"Lisciani Giochi\",\"description\":\"\",\"publisher\":{\"@id\":\"https:\/\/www.liscianigiochi.com\/#organization\"},\"potentialAction\":[{\"@type\":\"SearchAction\",\"target\":{\"@type\":\"EntryPoint\",\"urlTemplate\":\"https:\/\/www.liscianigiochi.com\/?s={search_term_string}\"},\"query-input\":{\"@type\":\"PropertyValueSpecification\",\"valueRequired\":true,\"valueName\":\"search_term_string\"}}],\"inLanguage\":\"fr-FR\"},{\"@type\":\"Organization\",\"@id\":\"https:\/\/www.liscianigiochi.com\/#organization\",\"name\":\"Lisciani Giochi\",\"url\":\"https:\/\/www.liscianigiochi.com\/\",\"logo\":{\"@type\":\"ImageObject\",\"inLanguage\":\"fr-FR\",\"@id\":\"https:\/\/www.liscianigiochi.com\/#\/schema\/logo\/image\/\",\"url\":\"https:\/\/www.liscianigiochi.com\/wp-content\/uploads\/2023\/10\/Logo@2x.png\",\"contentUrl\":\"https:\/\/www.liscianigiochi.com\/wp-content\/uploads\/2023\/10\/Logo@2x.png\",\"width\":384,\"height\":384,\"caption\":\"Lisciani Giochi\"},\"image\":{\"@id\":\"https:\/\/www.liscianigiochi.com\/#\/schema\/logo\/image\/\"},\"sameAs\":[\"https:\/\/www.facebook.com\/liscianigroup\",\"https:\/\/www.instagram.com\/liscianigiochi\/\"]}]}<\/script>\n<!-- \/ Yoast SEO plugin. -->","yoast_head_json":{"title":"Life Skills Les Jeux Des Emotions - Lisciani Giochi","robots":{"index":"index","follow":"follow","max-snippet":"max-snippet:-1","max-image-preview":"max-image-preview:large","max-video-preview":"max-video-preview:-1"},"canonical":"https:\/\/www.liscianigiochi.com\/fr\/shop\/uncategorized\/life-skills-les-jeux-des-emotions-fr\/","og_locale":"fr_FR","og_type":"article","og_title":"Life Skills Les Jeux Des Emotions - Lisciani Giochi","og_description":"Tu conna\u00eetras mieux la joie, la col\u00e8re, la tristesse, la peur et bien d\u2019autres \u00e9motions... Il te suffit de piocher une carte pour commencer cette incroyable aventure !","og_url":"https:\/\/www.liscianigiochi.com\/fr\/shop\/uncategorized\/life-skills-les-jeux-des-emotions-fr\/","og_site_name":"Lisciani Giochi","article_publisher":"https:\/\/www.facebook.com\/liscianigroup","article_modified_time":"2026-04-10T04:24:51+00:00","og_image":[{"url":"https:\/\/mf.liscianigiochi.it:8443\/media\/FR110063\/58FE5348-45AB-4657-BD89-2B10676DBFD2.jpg","type":"","width":"","height":""}],"twitter_card":"summary_large_image","twitter_image":"https:\/\/mf.liscianigiochi.it:8443\/media\/FR110063\/58FE5348-45AB-4657-BD89-2B10676DBFD2.jpg","schema":{"@context":"https:\/\/schema.org","@graph":[{"@type":"WebPage","@id":"https:\/\/www.liscianigiochi.com\/fr\/shop\/uncategorized\/life-skills-les-jeux-des-emotions-fr\/","url":"https:\/\/www.liscianigiochi.com\/fr\/shop\/uncategorized\/life-skills-les-jeux-des-emotions-fr\/","name":"Life Skills Les Jeux Des Emotions - Lisciani Giochi","isPartOf":{"@id":"https:\/\/www.liscianigiochi.com\/#website"},"primaryImageOfPage":{"@id":"https:\/\/www.liscianigiochi.com\/fr\/shop\/uncategorized\/life-skills-les-jeux-des-emotions-fr\/#primaryimage"},"image":{"@id":"https:\/\/www.liscianigiochi.com\/fr\/shop\/uncategorized\/life-skills-les-jeux-des-emotions-fr\/#primaryimage"},"thumbnailUrl":"https:\/\/mf.liscianigiochi.it:8443\/media\/FR110063\/58FE5348-45AB-4657-BD89-2B10676DBFD2.jpg","datePublished":"2025-06-12T09:35:26+00:00","dateModified":"2026-04-10T04:24:51+00:00","breadcrumb":{"@id":"https:\/\/www.liscianigiochi.com\/fr\/shop\/uncategorized\/life-skills-les-jeux-des-emotions-fr\/#breadcrumb"},"inLanguage":"fr-FR","potentialAction":[{"@type":"ReadAction","target":["https:\/\/www.liscianigiochi.com\/fr\/shop\/uncategorized\/life-skills-les-jeux-des-emotions-fr\/"]}]},{"@type":"ImageObject","inLanguage":"fr-FR","@id":"https:\/\/www.liscianigiochi.com\/fr\/shop\/uncategorized\/life-skills-les-jeux-des-emotions-fr\/#primaryimage","url":"https:\/\/mf.liscianigiochi.it:8443\/media\/FR110063\/58FE5348-45AB-4657-BD89-2B10676DBFD2.jpg","contentUrl":"https:\/\/mf.liscianigiochi.it:8443\/media\/FR110063\/58FE5348-45AB-4657-BD89-2B10676DBFD2.jpg"},{"@type":"BreadcrumbList","@id":"https:\/\/www.liscianigiochi.com\/fr\/shop\/uncategorized\/life-skills-les-jeux-des-emotions-fr\/#breadcrumb","itemListElement":[{"@type":"ListItem","position":1,"name":"Home","item":"https:\/\/www.liscianigiochi.com\/"},{"@type":"ListItem","position":2,"name":"Boutique","item":"https:\/\/lg.udnt.it\/fr\/boutique\/"},{"@type":"ListItem","position":3,"name":"Life Skills Les Jeux Des Emotions"}]},{"@type":"WebSite","@id":"https:\/\/www.liscianigiochi.com\/#website","url":"https:\/\/www.liscianigiochi.com\/","name":"Lisciani Giochi","description":"","publisher":{"@id":"https:\/\/www.liscianigiochi.com\/#organization"},"potentialAction":[{"@type":"SearchAction","target":{"@type":"EntryPoint","urlTemplate":"https:\/\/www.liscianigiochi.com\/?s={search_term_string}"},"query-input":{"@type":"PropertyValueSpecification","valueRequired":true,"valueName":"search_term_string"}}],"inLanguage":"fr-FR"},{"@type":"Organization","@id":"https:\/\/www.liscianigiochi.com\/#organization","name":"Lisciani Giochi","url":"https:\/\/www.liscianigiochi.com\/","logo":{"@type":"ImageObject","inLanguage":"fr-FR","@id":"https:\/\/www.liscianigiochi.com\/#\/schema\/logo\/image\/","url":"https:\/\/www.liscianigiochi.com\/wp-content\/uploads\/2023\/10\/Logo@2x.png","contentUrl":"https:\/\/www.liscianigiochi.com\/wp-content\/uploads\/2023\/10\/Logo@2x.png","width":384,"height":384,"caption":"Lisciani Giochi"},"image":{"@id":"https:\/\/www.liscianigiochi.com\/#\/schema\/logo\/image\/"},"sameAs":["https:\/\/www.facebook.com\/liscianigroup","https:\/\/www.instagram.com\/liscianigiochi\/"]}]}},"fifu_image_url":"https:\/\/mf.liscianigiochi.it:8443\/media\/FR110063\/58FE5348-45AB-4657-BD89-2B10676DBFD2.jpg","_links":{"self":[{"href":"https:\/\/www.liscianigiochi.com\/fr\/wp-json\/wp\/v2\/product\/1447898","targetHints":{"allow":["GET"]}}],"collection":[{"href":"https:\/\/www.liscianigiochi.com\/fr\/wp-json\/wp\/v2\/product"}],"about":[{"href":"https:\/\/www.liscianigiochi.com\/fr\/wp-json\/wp\/v2\/types\/product"}],"wp:featuredmedia":[{"embeddable":true,"href":"https:\/\/www.liscianigiochi.com\/fr\/wp-json\/wp\/v2\/media\/1474211"}],"wp:attachment":[{"href":"https:\/\/www.liscianigiochi.com\/fr\/wp-json\/wp\/v2\/media?parent=1447898"}],"wp:term":[{"taxonomy":"product_brand","embeddable":true,"href":"https:\/\/www.liscianigiochi.com\/fr\/wp-json\/wp\/v2\/product_brand?post=1447898"},{"taxonomy":"product_cat","embeddable":true,"href":"https:\/\/www.liscianigiochi.com\/fr\/wp-json\/wp\/v2\/product_cat?post=1447898"},{"taxonomy":"product_tag","embeddable":true,"href":"https:\/\/www.liscianigiochi.com\/fr\/wp-json\/wp\/v2\/product_tag?post=1447898"}],"curies":[{"name":"wp","href":"https:\/\/api.w.org\/{rel}","templated":true}]}}