{"id":1448044,"date":"2025-06-12T11:37:56","date_gmt":"2025-06-12T09:37:56","guid":{"rendered":"https:\/\/www.liscianigiochi.com\/shop\/uncategorized\/im-a-genius-le-laboratoire-des-abeilles-fr\/"},"modified":"2026-04-10T06:25:01","modified_gmt":"2026-04-10T04:25:01","slug":"im-a-genius-le-laboratoire-des-abeilles-fr","status":"publish","type":"product","link":"https:\/\/www.liscianigiochi.com\/fr\/shop\/jeux-scientifiques-fr\/laboratoires-scientifiques-fr\/im-a-genius-le-laboratoire-des-abeilles-fr\/","title":{"rendered":"I&#8217;m A Genius Le Laboratoire Des Abeilles"},"content":{"rendered":"<p>D\u00e9couvrez le monde des abeilles : des ouvri\u00e8res infatigables au service de la nature ! Gr\u00e2ce aux informations et exp\u00e9riences pr\u00e9sentes dans ce laboratoire, vous pourrez conna\u00eetre les caract\u00e9ristiques physiques et sociales des abeilles, observer comment elles interagissent et communiquent entre elles de mani\u00e8re unique, d\u00e9couvrir comment leur travail infatigable est indispensable \u00e0 la survie. de notre plan\u00e8te et, surtout, vous pouvez contribuer \u00e0 leur sauvegarde. Pr\u00e9parez-vous \u00e0 entrer dans un monde extraordinaire de collaboration, d\u2019organisation et de travail acharn\u00e9 !<\/p>\n","protected":false},"excerpt":{"rendered":"<p>Un atelier scientifique pour en savoir plus sur le monde merveilleux des abeilles !<\/p>\n","protected":false},"featured_media":1474360,"template":"","meta":{"_acf_changed":false},"product_brand":[],"product_cat":[2833,2849],"product_tag":[3064,3066,3057,3072],"class_list":{"0":"post-1448044","1":"product","2":"type-product","3":"status-publish","4":"has-post-thumbnail","6":"product_cat-jeux-scientifiques-fr","7":"product_cat-laboratoires-scientifiques-fr","8":"product_tag-7-8-ans-fr","9":"product_tag-9-ans-fr","10":"product_tag-im-a-genius-fr","11":"product_tag-prodotto-lisciani-fr","13":"first","14":"instock","15":"shipping-taxable","16":"product-type-simple"},"acf":[],"yoast_head":"<!-- This site is optimized with the Yoast SEO plugin v26.5 - https:\/\/yoast.com\/wordpress\/plugins\/seo\/ -->\n<title>I&#039;m A Genius Le Laboratoire Des Abeilles - Lisciani Giochi<\/title>\n<meta name=\"robots\" content=\"index, follow, max-snippet:-1, max-image-preview:large, max-video-preview:-1\" \/>\n<link rel=\"canonical\" href=\"https:\/\/www.liscianigiochi.com\/fr\/shop\/uncategorized\/im-a-genius-le-laboratoire-des-abeilles-fr\/\" \/>\n<meta property=\"og:locale\" content=\"fr_FR\" \/>\n<meta property=\"og:type\" content=\"article\" \/>\n<meta property=\"og:title\" content=\"I&#039;m A Genius Le Laboratoire Des Abeilles - Lisciani Giochi\" \/>\n<meta property=\"og:description\" content=\"Un atelier scientifique pour en savoir plus sur le monde merveilleux des abeilles !\" \/>\n<meta property=\"og:url\" content=\"https:\/\/www.liscianigiochi.com\/fr\/shop\/uncategorized\/im-a-genius-le-laboratoire-des-abeilles-fr\/\" \/>\n<meta property=\"og:site_name\" content=\"Lisciani Giochi\" \/>\n<meta property=\"article:publisher\" content=\"https:\/\/www.facebook.com\/liscianigroup\" \/>\n<meta property=\"article:modified_time\" content=\"2026-04-10T04:25:01+00:00\" \/>\n<meta property=\"og:image\" content=\"https:\/\/mf.liscianigiochi.it:8443\/media\/FR110292\/FBE41196-146E-4D7C-9AD5-7A5EF6CF8047.jpg\" \/>\n<meta name=\"twitter:card\" content=\"summary_large_image\" \/>\n<meta name=\"twitter:image\" content=\"https:\/\/mf.liscianigiochi.it:8443\/media\/FR110292\/FBE41196-146E-4D7C-9AD5-7A5EF6CF8047.jpg\" \/>\n<script type=\"application\/ld+json\" class=\"yoast-schema-graph\">{\"@context\":\"https:\/\/schema.org\",\"@graph\":[{\"@type\":\"WebPage\",\"@id\":\"https:\/\/www.liscianigiochi.com\/fr\/shop\/uncategorized\/im-a-genius-le-laboratoire-des-abeilles-fr\/\",\"url\":\"https:\/\/www.liscianigiochi.com\/fr\/shop\/uncategorized\/im-a-genius-le-laboratoire-des-abeilles-fr\/\",\"name\":\"I'm A Genius Le Laboratoire Des Abeilles - Lisciani Giochi\",\"isPartOf\":{\"@id\":\"https:\/\/www.liscianigiochi.com\/#website\"},\"primaryImageOfPage\":{\"@id\":\"https:\/\/www.liscianigiochi.com\/fr\/shop\/uncategorized\/im-a-genius-le-laboratoire-des-abeilles-fr\/#primaryimage\"},\"image\":{\"@id\":\"https:\/\/www.liscianigiochi.com\/fr\/shop\/uncategorized\/im-a-genius-le-laboratoire-des-abeilles-fr\/#primaryimage\"},\"thumbnailUrl\":\"https:\/\/mf.liscianigiochi.it:8443\/media\/FR110292\/FBE41196-146E-4D7C-9AD5-7A5EF6CF8047.jpg\",\"datePublished\":\"2025-06-12T09:37:56+00:00\",\"dateModified\":\"2026-04-10T04:25:01+00:00\",\"breadcrumb\":{\"@id\":\"https:\/\/www.liscianigiochi.com\/fr\/shop\/uncategorized\/im-a-genius-le-laboratoire-des-abeilles-fr\/#breadcrumb\"},\"inLanguage\":\"fr-FR\",\"potentialAction\":[{\"@type\":\"ReadAction\",\"target\":[\"https:\/\/www.liscianigiochi.com\/fr\/shop\/uncategorized\/im-a-genius-le-laboratoire-des-abeilles-fr\/\"]}]},{\"@type\":\"ImageObject\",\"inLanguage\":\"fr-FR\",\"@id\":\"https:\/\/www.liscianigiochi.com\/fr\/shop\/uncategorized\/im-a-genius-le-laboratoire-des-abeilles-fr\/#primaryimage\",\"url\":\"https:\/\/mf.liscianigiochi.it:8443\/media\/FR110292\/FBE41196-146E-4D7C-9AD5-7A5EF6CF8047.jpg\",\"contentUrl\":\"https:\/\/mf.liscianigiochi.it:8443\/media\/FR110292\/FBE41196-146E-4D7C-9AD5-7A5EF6CF8047.jpg\"},{\"@type\":\"BreadcrumbList\",\"@id\":\"https:\/\/www.liscianigiochi.com\/fr\/shop\/uncategorized\/im-a-genius-le-laboratoire-des-abeilles-fr\/#breadcrumb\",\"itemListElement\":[{\"@type\":\"ListItem\",\"position\":1,\"name\":\"Home\",\"item\":\"https:\/\/www.liscianigiochi.com\/\"},{\"@type\":\"ListItem\",\"position\":2,\"name\":\"Boutique\",\"item\":\"https:\/\/lg.udnt.it\/fr\/boutique\/\"},{\"@type\":\"ListItem\",\"position\":3,\"name\":\"I&#8217;m A Genius Le Laboratoire Des Abeilles\"}]},{\"@type\":\"WebSite\",\"@id\":\"https:\/\/www.liscianigiochi.com\/#website\",\"url\":\"https:\/\/www.liscianigiochi.com\/\",\"name\":\"Lisciani Giochi\",\"description\":\"\",\"publisher\":{\"@id\":\"https:\/\/www.liscianigiochi.com\/#organization\"},\"potentialAction\":[{\"@type\":\"SearchAction\",\"target\":{\"@type\":\"EntryPoint\",\"urlTemplate\":\"https:\/\/www.liscianigiochi.com\/?s={search_term_string}\"},\"query-input\":{\"@type\":\"PropertyValueSpecification\",\"valueRequired\":true,\"valueName\":\"search_term_string\"}}],\"inLanguage\":\"fr-FR\"},{\"@type\":\"Organization\",\"@id\":\"https:\/\/www.liscianigiochi.com\/#organization\",\"name\":\"Lisciani Giochi\",\"url\":\"https:\/\/www.liscianigiochi.com\/\",\"logo\":{\"@type\":\"ImageObject\",\"inLanguage\":\"fr-FR\",\"@id\":\"https:\/\/www.liscianigiochi.com\/#\/schema\/logo\/image\/\",\"url\":\"https:\/\/www.liscianigiochi.com\/wp-content\/uploads\/2023\/10\/Logo@2x.png\",\"contentUrl\":\"https:\/\/www.liscianigiochi.com\/wp-content\/uploads\/2023\/10\/Logo@2x.png\",\"width\":384,\"height\":384,\"caption\":\"Lisciani Giochi\"},\"image\":{\"@id\":\"https:\/\/www.liscianigiochi.com\/#\/schema\/logo\/image\/\"},\"sameAs\":[\"https:\/\/www.facebook.com\/liscianigroup\",\"https:\/\/www.instagram.com\/liscianigiochi\/\"]}]}<\/script>\n<!-- \/ Yoast SEO plugin. -->","yoast_head_json":{"title":"I'm A Genius Le Laboratoire Des Abeilles - Lisciani Giochi","robots":{"index":"index","follow":"follow","max-snippet":"max-snippet:-1","max-image-preview":"max-image-preview:large","max-video-preview":"max-video-preview:-1"},"canonical":"https:\/\/www.liscianigiochi.com\/fr\/shop\/uncategorized\/im-a-genius-le-laboratoire-des-abeilles-fr\/","og_locale":"fr_FR","og_type":"article","og_title":"I'm A Genius Le Laboratoire Des Abeilles - Lisciani Giochi","og_description":"Un atelier scientifique pour en savoir plus sur le monde merveilleux des abeilles !","og_url":"https:\/\/www.liscianigiochi.com\/fr\/shop\/uncategorized\/im-a-genius-le-laboratoire-des-abeilles-fr\/","og_site_name":"Lisciani Giochi","article_publisher":"https:\/\/www.facebook.com\/liscianigroup","article_modified_time":"2026-04-10T04:25:01+00:00","og_image":[{"url":"https:\/\/mf.liscianigiochi.it:8443\/media\/FR110292\/FBE41196-146E-4D7C-9AD5-7A5EF6CF8047.jpg","type":"","width":"","height":""}],"twitter_card":"summary_large_image","twitter_image":"https:\/\/mf.liscianigiochi.it:8443\/media\/FR110292\/FBE41196-146E-4D7C-9AD5-7A5EF6CF8047.jpg","schema":{"@context":"https:\/\/schema.org","@graph":[{"@type":"WebPage","@id":"https:\/\/www.liscianigiochi.com\/fr\/shop\/uncategorized\/im-a-genius-le-laboratoire-des-abeilles-fr\/","url":"https:\/\/www.liscianigiochi.com\/fr\/shop\/uncategorized\/im-a-genius-le-laboratoire-des-abeilles-fr\/","name":"I'm A Genius Le Laboratoire Des Abeilles - Lisciani Giochi","isPartOf":{"@id":"https:\/\/www.liscianigiochi.com\/#website"},"primaryImageOfPage":{"@id":"https:\/\/www.liscianigiochi.com\/fr\/shop\/uncategorized\/im-a-genius-le-laboratoire-des-abeilles-fr\/#primaryimage"},"image":{"@id":"https:\/\/www.liscianigiochi.com\/fr\/shop\/uncategorized\/im-a-genius-le-laboratoire-des-abeilles-fr\/#primaryimage"},"thumbnailUrl":"https:\/\/mf.liscianigiochi.it:8443\/media\/FR110292\/FBE41196-146E-4D7C-9AD5-7A5EF6CF8047.jpg","datePublished":"2025-06-12T09:37:56+00:00","dateModified":"2026-04-10T04:25:01+00:00","breadcrumb":{"@id":"https:\/\/www.liscianigiochi.com\/fr\/shop\/uncategorized\/im-a-genius-le-laboratoire-des-abeilles-fr\/#breadcrumb"},"inLanguage":"fr-FR","potentialAction":[{"@type":"ReadAction","target":["https:\/\/www.liscianigiochi.com\/fr\/shop\/uncategorized\/im-a-genius-le-laboratoire-des-abeilles-fr\/"]}]},{"@type":"ImageObject","inLanguage":"fr-FR","@id":"https:\/\/www.liscianigiochi.com\/fr\/shop\/uncategorized\/im-a-genius-le-laboratoire-des-abeilles-fr\/#primaryimage","url":"https:\/\/mf.liscianigiochi.it:8443\/media\/FR110292\/FBE41196-146E-4D7C-9AD5-7A5EF6CF8047.jpg","contentUrl":"https:\/\/mf.liscianigiochi.it:8443\/media\/FR110292\/FBE41196-146E-4D7C-9AD5-7A5EF6CF8047.jpg"},{"@type":"BreadcrumbList","@id":"https:\/\/www.liscianigiochi.com\/fr\/shop\/uncategorized\/im-a-genius-le-laboratoire-des-abeilles-fr\/#breadcrumb","itemListElement":[{"@type":"ListItem","position":1,"name":"Home","item":"https:\/\/www.liscianigiochi.com\/"},{"@type":"ListItem","position":2,"name":"Boutique","item":"https:\/\/lg.udnt.it\/fr\/boutique\/"},{"@type":"ListItem","position":3,"name":"I&#8217;m A Genius Le Laboratoire Des Abeilles"}]},{"@type":"WebSite","@id":"https:\/\/www.liscianigiochi.com\/#website","url":"https:\/\/www.liscianigiochi.com\/","name":"Lisciani Giochi","description":"","publisher":{"@id":"https:\/\/www.liscianigiochi.com\/#organization"},"potentialAction":[{"@type":"SearchAction","target":{"@type":"EntryPoint","urlTemplate":"https:\/\/www.liscianigiochi.com\/?s={search_term_string}"},"query-input":{"@type":"PropertyValueSpecification","valueRequired":true,"valueName":"search_term_string"}}],"inLanguage":"fr-FR"},{"@type":"Organization","@id":"https:\/\/www.liscianigiochi.com\/#organization","name":"Lisciani Giochi","url":"https:\/\/www.liscianigiochi.com\/","logo":{"@type":"ImageObject","inLanguage":"fr-FR","@id":"https:\/\/www.liscianigiochi.com\/#\/schema\/logo\/image\/","url":"https:\/\/www.liscianigiochi.com\/wp-content\/uploads\/2023\/10\/Logo@2x.png","contentUrl":"https:\/\/www.liscianigiochi.com\/wp-content\/uploads\/2023\/10\/Logo@2x.png","width":384,"height":384,"caption":"Lisciani Giochi"},"image":{"@id":"https:\/\/www.liscianigiochi.com\/#\/schema\/logo\/image\/"},"sameAs":["https:\/\/www.facebook.com\/liscianigroup","https:\/\/www.instagram.com\/liscianigiochi\/"]}]}},"fifu_image_url":"https:\/\/mf.liscianigiochi.it:8443\/media\/FR110292\/FBE41196-146E-4D7C-9AD5-7A5EF6CF8047.jpg","_links":{"self":[{"href":"https:\/\/www.liscianigiochi.com\/fr\/wp-json\/wp\/v2\/product\/1448044","targetHints":{"allow":["GET"]}}],"collection":[{"href":"https:\/\/www.liscianigiochi.com\/fr\/wp-json\/wp\/v2\/product"}],"about":[{"href":"https:\/\/www.liscianigiochi.com\/fr\/wp-json\/wp\/v2\/types\/product"}],"wp:featuredmedia":[{"embeddable":true,"href":"https:\/\/www.liscianigiochi.com\/fr\/wp-json\/wp\/v2\/media\/1474360"}],"wp:attachment":[{"href":"https:\/\/www.liscianigiochi.com\/fr\/wp-json\/wp\/v2\/media?parent=1448044"}],"wp:term":[{"taxonomy":"product_brand","embeddable":true,"href":"https:\/\/www.liscianigiochi.com\/fr\/wp-json\/wp\/v2\/product_brand?post=1448044"},{"taxonomy":"product_cat","embeddable":true,"href":"https:\/\/www.liscianigiochi.com\/fr\/wp-json\/wp\/v2\/product_cat?post=1448044"},{"taxonomy":"product_tag","embeddable":true,"href":"https:\/\/www.liscianigiochi.com\/fr\/wp-json\/wp\/v2\/product_tag?post=1448044"}],"curies":[{"name":"wp","href":"https:\/\/api.w.org\/{rel}","templated":true}]}}