{"id":1610991,"date":"2025-09-04T05:14:46","date_gmt":"2025-09-04T03:14:46","guid":{"rendered":"https:\/\/www.liscianigiochi.com\/shop\/uncategorized\/the-moon-academy-stylos-lumineux-lune-en-presentoir-de-6-fr\/"},"modified":"2026-04-10T06:25:37","modified_gmt":"2026-04-10T04:25:37","slug":"the-moon-academy-stylos-lumineux-lune-en-presentoir-de-6-fr","status":"publish","type":"product","link":"https:\/\/www.liscianigiochi.com\/fr\/shop\/jeux-creatifs-fr\/art-science-fr\/the-moon-academy-stylos-lumineux-lune-en-presentoir-de-6-fr\/","title":{"rendered":"The Moon Academy  Stylos Lumineux Lune En Pr\u00e9sentoir De 6"},"content":{"rendered":"<p>Cr\u00e9e deux stylos uniques qui s\u2019illuminent gr\u00e2ce \u00e0 ce kit cr\u00e9atif ! Personnalise-les avec de nombreuses d\u00e9corations color\u00e9es comme des paillettes et des brillants pour les rendre encore plus sp\u00e9ciaux. Chaque stylo est orn\u00e9 d\u2019un charm en forme de chat lumineux. Une activit\u00e9 cr\u00e9ative et amusante pour donner vie \u00e0 des stylos magiques et uniques !<\/p>\n","protected":false},"excerpt":{"rendered":"<p>Cr\u00e9e et personnalise tes stylos lumineux!<\/p>\n","protected":false},"featured_media":1844298,"template":"","meta":{"_acf_changed":false},"product_brand":[],"product_cat":[3365,2834],"product_tag":[3064,3072,3230],"class_list":{"0":"post-1610991","1":"product","2":"type-product","3":"status-publish","4":"has-post-thumbnail","6":"product_cat-art-science-fr","7":"product_cat-jeux-creatifs-fr","8":"product_tag-7-8-ans-fr","9":"product_tag-prodotto-lisciani-fr","10":"product_tag-the-moon-academy-fr","12":"first","13":"instock","14":"shipping-taxable","15":"product-type-simple"},"acf":[],"yoast_head":"<!-- This site is optimized with the Yoast SEO plugin v26.5 - https:\/\/yoast.com\/wordpress\/plugins\/seo\/ -->\n<title>The Moon Academy Stylos Lumineux Lune En Pr\u00e9sentoir De 6 - Lisciani Giochi<\/title>\n<meta name=\"robots\" content=\"index, follow, max-snippet:-1, max-image-preview:large, max-video-preview:-1\" \/>\n<link rel=\"canonical\" href=\"https:\/\/www.liscianigiochi.com\/fr\/shop\/uncategorized\/the-moon-academy-stylos-lumineux-lune-en-presentoir-de-6-fr\/\" \/>\n<meta property=\"og:locale\" content=\"fr_FR\" \/>\n<meta property=\"og:type\" content=\"article\" \/>\n<meta property=\"og:title\" content=\"The Moon Academy Stylos Lumineux Lune En Pr\u00e9sentoir De 6 - Lisciani Giochi\" \/>\n<meta property=\"og:description\" content=\"Cr\u00e9e et personnalise tes stylos lumineux!\" \/>\n<meta property=\"og:url\" content=\"https:\/\/www.liscianigiochi.com\/fr\/shop\/uncategorized\/the-moon-academy-stylos-lumineux-lune-en-presentoir-de-6-fr\/\" \/>\n<meta property=\"og:site_name\" content=\"Lisciani Giochi\" \/>\n<meta property=\"article:publisher\" content=\"https:\/\/www.facebook.com\/liscianigroup\" \/>\n<meta property=\"article:modified_time\" content=\"2026-04-10T04:25:37+00:00\" \/>\n<meta property=\"og:image\" content=\"https:\/\/mf.liscianigiochi.it:8443\/media\/114016\/AD1366CD-1FAE-40FF-88FF-8B39C0A84071.jpg\" \/>\n<meta name=\"twitter:card\" content=\"summary_large_image\" \/>\n<meta name=\"twitter:image\" content=\"https:\/\/mf.liscianigiochi.it:8443\/media\/114016\/AD1366CD-1FAE-40FF-88FF-8B39C0A84071.jpg\" \/>\n<script type=\"application\/ld+json\" class=\"yoast-schema-graph\">{\"@context\":\"https:\/\/schema.org\",\"@graph\":[{\"@type\":\"WebPage\",\"@id\":\"https:\/\/www.liscianigiochi.com\/fr\/shop\/uncategorized\/the-moon-academy-stylos-lumineux-lune-en-presentoir-de-6-fr\/\",\"url\":\"https:\/\/www.liscianigiochi.com\/fr\/shop\/uncategorized\/the-moon-academy-stylos-lumineux-lune-en-presentoir-de-6-fr\/\",\"name\":\"The Moon Academy Stylos Lumineux Lune En Pr\u00e9sentoir De 6 - Lisciani Giochi\",\"isPartOf\":{\"@id\":\"https:\/\/www.liscianigiochi.com\/#website\"},\"primaryImageOfPage\":{\"@id\":\"https:\/\/www.liscianigiochi.com\/fr\/shop\/uncategorized\/the-moon-academy-stylos-lumineux-lune-en-presentoir-de-6-fr\/#primaryimage\"},\"image\":{\"@id\":\"https:\/\/www.liscianigiochi.com\/fr\/shop\/uncategorized\/the-moon-academy-stylos-lumineux-lune-en-presentoir-de-6-fr\/#primaryimage\"},\"thumbnailUrl\":\"https:\/\/mf.liscianigiochi.it:8443\/media\/114016\/AD1366CD-1FAE-40FF-88FF-8B39C0A84071.jpg\",\"datePublished\":\"2025-09-04T03:14:46+00:00\",\"dateModified\":\"2026-04-10T04:25:37+00:00\",\"breadcrumb\":{\"@id\":\"https:\/\/www.liscianigiochi.com\/fr\/shop\/uncategorized\/the-moon-academy-stylos-lumineux-lune-en-presentoir-de-6-fr\/#breadcrumb\"},\"inLanguage\":\"fr-FR\",\"potentialAction\":[{\"@type\":\"ReadAction\",\"target\":[\"https:\/\/www.liscianigiochi.com\/fr\/shop\/uncategorized\/the-moon-academy-stylos-lumineux-lune-en-presentoir-de-6-fr\/\"]}]},{\"@type\":\"ImageObject\",\"inLanguage\":\"fr-FR\",\"@id\":\"https:\/\/www.liscianigiochi.com\/fr\/shop\/uncategorized\/the-moon-academy-stylos-lumineux-lune-en-presentoir-de-6-fr\/#primaryimage\",\"url\":\"https:\/\/mf.liscianigiochi.it:8443\/media\/114016\/AD1366CD-1FAE-40FF-88FF-8B39C0A84071.jpg\",\"contentUrl\":\"https:\/\/mf.liscianigiochi.it:8443\/media\/114016\/AD1366CD-1FAE-40FF-88FF-8B39C0A84071.jpg\"},{\"@type\":\"BreadcrumbList\",\"@id\":\"https:\/\/www.liscianigiochi.com\/fr\/shop\/uncategorized\/the-moon-academy-stylos-lumineux-lune-en-presentoir-de-6-fr\/#breadcrumb\",\"itemListElement\":[{\"@type\":\"ListItem\",\"position\":1,\"name\":\"Home\",\"item\":\"https:\/\/www.liscianigiochi.com\/\"},{\"@type\":\"ListItem\",\"position\":2,\"name\":\"Boutique\",\"item\":\"https:\/\/lg.udnt.it\/fr\/boutique\/\"},{\"@type\":\"ListItem\",\"position\":3,\"name\":\"The Moon Academy Stylos Lumineux Lune En Pr\u00e9sentoir De 6\"}]},{\"@type\":\"WebSite\",\"@id\":\"https:\/\/www.liscianigiochi.com\/#website\",\"url\":\"https:\/\/www.liscianigiochi.com\/\",\"name\":\"Lisciani Giochi\",\"description\":\"\",\"publisher\":{\"@id\":\"https:\/\/www.liscianigiochi.com\/#organization\"},\"potentialAction\":[{\"@type\":\"SearchAction\",\"target\":{\"@type\":\"EntryPoint\",\"urlTemplate\":\"https:\/\/www.liscianigiochi.com\/?s={search_term_string}\"},\"query-input\":{\"@type\":\"PropertyValueSpecification\",\"valueRequired\":true,\"valueName\":\"search_term_string\"}}],\"inLanguage\":\"fr-FR\"},{\"@type\":\"Organization\",\"@id\":\"https:\/\/www.liscianigiochi.com\/#organization\",\"name\":\"Lisciani Giochi\",\"url\":\"https:\/\/www.liscianigiochi.com\/\",\"logo\":{\"@type\":\"ImageObject\",\"inLanguage\":\"fr-FR\",\"@id\":\"https:\/\/www.liscianigiochi.com\/#\/schema\/logo\/image\/\",\"url\":\"https:\/\/www.liscianigiochi.com\/wp-content\/uploads\/2023\/10\/Logo@2x.png\",\"contentUrl\":\"https:\/\/www.liscianigiochi.com\/wp-content\/uploads\/2023\/10\/Logo@2x.png\",\"width\":384,\"height\":384,\"caption\":\"Lisciani Giochi\"},\"image\":{\"@id\":\"https:\/\/www.liscianigiochi.com\/#\/schema\/logo\/image\/\"},\"sameAs\":[\"https:\/\/www.facebook.com\/liscianigroup\",\"https:\/\/www.instagram.com\/liscianigiochi\/\"]}]}<\/script>\n<!-- \/ Yoast SEO plugin. -->","yoast_head_json":{"title":"The Moon Academy Stylos Lumineux Lune En Pr\u00e9sentoir De 6 - Lisciani Giochi","robots":{"index":"index","follow":"follow","max-snippet":"max-snippet:-1","max-image-preview":"max-image-preview:large","max-video-preview":"max-video-preview:-1"},"canonical":"https:\/\/www.liscianigiochi.com\/fr\/shop\/uncategorized\/the-moon-academy-stylos-lumineux-lune-en-presentoir-de-6-fr\/","og_locale":"fr_FR","og_type":"article","og_title":"The Moon Academy Stylos Lumineux Lune En Pr\u00e9sentoir De 6 - Lisciani Giochi","og_description":"Cr\u00e9e et personnalise tes stylos lumineux!","og_url":"https:\/\/www.liscianigiochi.com\/fr\/shop\/uncategorized\/the-moon-academy-stylos-lumineux-lune-en-presentoir-de-6-fr\/","og_site_name":"Lisciani Giochi","article_publisher":"https:\/\/www.facebook.com\/liscianigroup","article_modified_time":"2026-04-10T04:25:37+00:00","og_image":[{"url":"https:\/\/mf.liscianigiochi.it:8443\/media\/114016\/AD1366CD-1FAE-40FF-88FF-8B39C0A84071.jpg","type":"","width":"","height":""}],"twitter_card":"summary_large_image","twitter_image":"https:\/\/mf.liscianigiochi.it:8443\/media\/114016\/AD1366CD-1FAE-40FF-88FF-8B39C0A84071.jpg","schema":{"@context":"https:\/\/schema.org","@graph":[{"@type":"WebPage","@id":"https:\/\/www.liscianigiochi.com\/fr\/shop\/uncategorized\/the-moon-academy-stylos-lumineux-lune-en-presentoir-de-6-fr\/","url":"https:\/\/www.liscianigiochi.com\/fr\/shop\/uncategorized\/the-moon-academy-stylos-lumineux-lune-en-presentoir-de-6-fr\/","name":"The Moon Academy Stylos Lumineux Lune En Pr\u00e9sentoir De 6 - Lisciani Giochi","isPartOf":{"@id":"https:\/\/www.liscianigiochi.com\/#website"},"primaryImageOfPage":{"@id":"https:\/\/www.liscianigiochi.com\/fr\/shop\/uncategorized\/the-moon-academy-stylos-lumineux-lune-en-presentoir-de-6-fr\/#primaryimage"},"image":{"@id":"https:\/\/www.liscianigiochi.com\/fr\/shop\/uncategorized\/the-moon-academy-stylos-lumineux-lune-en-presentoir-de-6-fr\/#primaryimage"},"thumbnailUrl":"https:\/\/mf.liscianigiochi.it:8443\/media\/114016\/AD1366CD-1FAE-40FF-88FF-8B39C0A84071.jpg","datePublished":"2025-09-04T03:14:46+00:00","dateModified":"2026-04-10T04:25:37+00:00","breadcrumb":{"@id":"https:\/\/www.liscianigiochi.com\/fr\/shop\/uncategorized\/the-moon-academy-stylos-lumineux-lune-en-presentoir-de-6-fr\/#breadcrumb"},"inLanguage":"fr-FR","potentialAction":[{"@type":"ReadAction","target":["https:\/\/www.liscianigiochi.com\/fr\/shop\/uncategorized\/the-moon-academy-stylos-lumineux-lune-en-presentoir-de-6-fr\/"]}]},{"@type":"ImageObject","inLanguage":"fr-FR","@id":"https:\/\/www.liscianigiochi.com\/fr\/shop\/uncategorized\/the-moon-academy-stylos-lumineux-lune-en-presentoir-de-6-fr\/#primaryimage","url":"https:\/\/mf.liscianigiochi.it:8443\/media\/114016\/AD1366CD-1FAE-40FF-88FF-8B39C0A84071.jpg","contentUrl":"https:\/\/mf.liscianigiochi.it:8443\/media\/114016\/AD1366CD-1FAE-40FF-88FF-8B39C0A84071.jpg"},{"@type":"BreadcrumbList","@id":"https:\/\/www.liscianigiochi.com\/fr\/shop\/uncategorized\/the-moon-academy-stylos-lumineux-lune-en-presentoir-de-6-fr\/#breadcrumb","itemListElement":[{"@type":"ListItem","position":1,"name":"Home","item":"https:\/\/www.liscianigiochi.com\/"},{"@type":"ListItem","position":2,"name":"Boutique","item":"https:\/\/lg.udnt.it\/fr\/boutique\/"},{"@type":"ListItem","position":3,"name":"The Moon Academy Stylos Lumineux Lune En Pr\u00e9sentoir De 6"}]},{"@type":"WebSite","@id":"https:\/\/www.liscianigiochi.com\/#website","url":"https:\/\/www.liscianigiochi.com\/","name":"Lisciani Giochi","description":"","publisher":{"@id":"https:\/\/www.liscianigiochi.com\/#organization"},"potentialAction":[{"@type":"SearchAction","target":{"@type":"EntryPoint","urlTemplate":"https:\/\/www.liscianigiochi.com\/?s={search_term_string}"},"query-input":{"@type":"PropertyValueSpecification","valueRequired":true,"valueName":"search_term_string"}}],"inLanguage":"fr-FR"},{"@type":"Organization","@id":"https:\/\/www.liscianigiochi.com\/#organization","name":"Lisciani Giochi","url":"https:\/\/www.liscianigiochi.com\/","logo":{"@type":"ImageObject","inLanguage":"fr-FR","@id":"https:\/\/www.liscianigiochi.com\/#\/schema\/logo\/image\/","url":"https:\/\/www.liscianigiochi.com\/wp-content\/uploads\/2023\/10\/Logo@2x.png","contentUrl":"https:\/\/www.liscianigiochi.com\/wp-content\/uploads\/2023\/10\/Logo@2x.png","width":384,"height":384,"caption":"Lisciani Giochi"},"image":{"@id":"https:\/\/www.liscianigiochi.com\/#\/schema\/logo\/image\/"},"sameAs":["https:\/\/www.facebook.com\/liscianigroup","https:\/\/www.instagram.com\/liscianigiochi\/"]}]}},"fifu_image_url":"https:\/\/mf.liscianigiochi.it:8443\/media\/114016\/AD1366CD-1FAE-40FF-88FF-8B39C0A84071.jpg","_links":{"self":[{"href":"https:\/\/www.liscianigiochi.com\/fr\/wp-json\/wp\/v2\/product\/1610991","targetHints":{"allow":["GET"]}}],"collection":[{"href":"https:\/\/www.liscianigiochi.com\/fr\/wp-json\/wp\/v2\/product"}],"about":[{"href":"https:\/\/www.liscianigiochi.com\/fr\/wp-json\/wp\/v2\/types\/product"}],"wp:featuredmedia":[{"embeddable":true,"href":"https:\/\/www.liscianigiochi.com\/fr\/wp-json\/wp\/v2\/media\/1844298"}],"wp:attachment":[{"href":"https:\/\/www.liscianigiochi.com\/fr\/wp-json\/wp\/v2\/media?parent=1610991"}],"wp:term":[{"taxonomy":"product_brand","embeddable":true,"href":"https:\/\/www.liscianigiochi.com\/fr\/wp-json\/wp\/v2\/product_brand?post=1610991"},{"taxonomy":"product_cat","embeddable":true,"href":"https:\/\/www.liscianigiochi.com\/fr\/wp-json\/wp\/v2\/product_cat?post=1610991"},{"taxonomy":"product_tag","embeddable":true,"href":"https:\/\/www.liscianigiochi.com\/fr\/wp-json\/wp\/v2\/product_tag?post=1610991"}],"curies":[{"name":"wp","href":"https:\/\/api.w.org\/{rel}","templated":true}]}}