{"id":1733656,"date":"2025-11-18T05:13:16","date_gmt":"2025-11-18T04:13:16","guid":{"rendered":"https:\/\/www.liscianigiochi.com\/shop\/uncategorized\/hello-kitty-and-friends-livre-deau-en-presentoir-8-fr\/"},"modified":"2026-04-10T06:25:54","modified_gmt":"2026-04-10T04:25:54","slug":"hello-kitty-and-friends-livre-deau-en-presentoir-8-fr","status":"publish","type":"product","link":"https:\/\/www.liscianigiochi.com\/fr\/shop\/livres-prescolaires-sous-licence-fr\/hello-kitty-and-friends-livre-deau-en-presentoir-8-fr\/","title":{"rendered":"Hello Kitty And Friends Livre D&#8217;eau En Pr\u00e9sentoir 8"},"content":{"rendered":"<p>Un livre fantastique r\u00e9alis\u00e9 avec un papier sp\u00e9cial qui r\u00e9v\u00e8le les dessins au contact de l\u2019eau. Le livre est compos\u00e9 de pages blanches qui, lorsqu\u2019elles sont mouill\u00e9es avec le stylo \u00e0 eau, font appara\u00eetre des images cach\u00e9es. Apr\u00e8s 5 \u00e0 10 minutes, les pages s\u00e8chent et les dessins disparaissent naturellement.<\/p>\n","protected":false},"excerpt":{"rendered":"<p>Un livre fantastique \u00e0 d\u00e9couvrir avec le stylo magique \u00e0 eau !<\/p>\n","protected":false},"featured_media":1744170,"template":"","meta":{"_acf_changed":false},"product_brand":[],"product_cat":[3348],"product_tag":[3059],"class_list":{"0":"post-1733656","1":"product","2":"type-product","3":"status-publish","4":"has-post-thumbnail","6":"product_cat-livres-prescolaires-sous-licence-fr","7":"product_tag-3-4-ans-fr","9":"first","10":"instock","11":"shipping-taxable","12":"product-type-simple"},"acf":[],"yoast_head":"<!-- This site is optimized with the Yoast SEO plugin v26.5 - https:\/\/yoast.com\/wordpress\/plugins\/seo\/ -->\n<title>Hello Kitty And Friends Livre D&#039;eau En Pr\u00e9sentoir 8 - Lisciani Giochi<\/title>\n<meta name=\"robots\" content=\"index, follow, max-snippet:-1, max-image-preview:large, max-video-preview:-1\" \/>\n<link rel=\"canonical\" href=\"https:\/\/www.liscianigiochi.com\/fr\/shop\/uncategorized\/hello-kitty-and-friends-livre-deau-en-presentoir-8-fr\/\" \/>\n<meta property=\"og:locale\" content=\"fr_FR\" \/>\n<meta property=\"og:type\" content=\"article\" \/>\n<meta property=\"og:title\" content=\"Hello Kitty And Friends Livre D&#039;eau En Pr\u00e9sentoir 8 - Lisciani Giochi\" \/>\n<meta property=\"og:description\" content=\"Un livre fantastique \u00e0 d\u00e9couvrir avec le stylo magique \u00e0 eau !\" \/>\n<meta property=\"og:url\" content=\"https:\/\/www.liscianigiochi.com\/fr\/shop\/uncategorized\/hello-kitty-and-friends-livre-deau-en-presentoir-8-fr\/\" \/>\n<meta property=\"og:site_name\" content=\"Lisciani Giochi\" \/>\n<meta property=\"article:publisher\" content=\"https:\/\/www.facebook.com\/liscianigroup\" \/>\n<meta property=\"article:modified_time\" content=\"2026-04-10T04:25:54+00:00\" \/>\n<meta property=\"og:image\" content=\"https:\/\/mf.liscianigiochi.it:8443\/media\/13270\/F312AC82-7233-44FD-B349-4D349D3FA6BE.jpg\" \/>\n<meta name=\"twitter:card\" content=\"summary_large_image\" \/>\n<meta name=\"twitter:image\" content=\"https:\/\/mf.liscianigiochi.it:8443\/media\/13270\/F312AC82-7233-44FD-B349-4D349D3FA6BE.jpg\" \/>\n<script type=\"application\/ld+json\" class=\"yoast-schema-graph\">{\"@context\":\"https:\/\/schema.org\",\"@graph\":[{\"@type\":\"WebPage\",\"@id\":\"https:\/\/www.liscianigiochi.com\/fr\/shop\/uncategorized\/hello-kitty-and-friends-livre-deau-en-presentoir-8-fr\/\",\"url\":\"https:\/\/www.liscianigiochi.com\/fr\/shop\/uncategorized\/hello-kitty-and-friends-livre-deau-en-presentoir-8-fr\/\",\"name\":\"Hello Kitty And Friends Livre D'eau En Pr\u00e9sentoir 8 - Lisciani Giochi\",\"isPartOf\":{\"@id\":\"https:\/\/www.liscianigiochi.com\/#website\"},\"primaryImageOfPage\":{\"@id\":\"https:\/\/www.liscianigiochi.com\/fr\/shop\/uncategorized\/hello-kitty-and-friends-livre-deau-en-presentoir-8-fr\/#primaryimage\"},\"image\":{\"@id\":\"https:\/\/www.liscianigiochi.com\/fr\/shop\/uncategorized\/hello-kitty-and-friends-livre-deau-en-presentoir-8-fr\/#primaryimage\"},\"thumbnailUrl\":\"https:\/\/mf.liscianigiochi.it:8443\/media\/13270\/F312AC82-7233-44FD-B349-4D349D3FA6BE.jpg\",\"datePublished\":\"2025-11-18T04:13:16+00:00\",\"dateModified\":\"2026-04-10T04:25:54+00:00\",\"breadcrumb\":{\"@id\":\"https:\/\/www.liscianigiochi.com\/fr\/shop\/uncategorized\/hello-kitty-and-friends-livre-deau-en-presentoir-8-fr\/#breadcrumb\"},\"inLanguage\":\"fr-FR\",\"potentialAction\":[{\"@type\":\"ReadAction\",\"target\":[\"https:\/\/www.liscianigiochi.com\/fr\/shop\/uncategorized\/hello-kitty-and-friends-livre-deau-en-presentoir-8-fr\/\"]}]},{\"@type\":\"ImageObject\",\"inLanguage\":\"fr-FR\",\"@id\":\"https:\/\/www.liscianigiochi.com\/fr\/shop\/uncategorized\/hello-kitty-and-friends-livre-deau-en-presentoir-8-fr\/#primaryimage\",\"url\":\"https:\/\/mf.liscianigiochi.it:8443\/media\/13270\/F312AC82-7233-44FD-B349-4D349D3FA6BE.jpg\",\"contentUrl\":\"https:\/\/mf.liscianigiochi.it:8443\/media\/13270\/F312AC82-7233-44FD-B349-4D349D3FA6BE.jpg\"},{\"@type\":\"BreadcrumbList\",\"@id\":\"https:\/\/www.liscianigiochi.com\/fr\/shop\/uncategorized\/hello-kitty-and-friends-livre-deau-en-presentoir-8-fr\/#breadcrumb\",\"itemListElement\":[{\"@type\":\"ListItem\",\"position\":1,\"name\":\"Home\",\"item\":\"https:\/\/www.liscianigiochi.com\/\"},{\"@type\":\"ListItem\",\"position\":2,\"name\":\"Boutique\",\"item\":\"https:\/\/lg.udnt.it\/fr\/boutique\/\"},{\"@type\":\"ListItem\",\"position\":3,\"name\":\"Hello Kitty And Friends Livre D&#8217;eau En Pr\u00e9sentoir 8\"}]},{\"@type\":\"WebSite\",\"@id\":\"https:\/\/www.liscianigiochi.com\/#website\",\"url\":\"https:\/\/www.liscianigiochi.com\/\",\"name\":\"Lisciani Giochi\",\"description\":\"\",\"publisher\":{\"@id\":\"https:\/\/www.liscianigiochi.com\/#organization\"},\"potentialAction\":[{\"@type\":\"SearchAction\",\"target\":{\"@type\":\"EntryPoint\",\"urlTemplate\":\"https:\/\/www.liscianigiochi.com\/?s={search_term_string}\"},\"query-input\":{\"@type\":\"PropertyValueSpecification\",\"valueRequired\":true,\"valueName\":\"search_term_string\"}}],\"inLanguage\":\"fr-FR\"},{\"@type\":\"Organization\",\"@id\":\"https:\/\/www.liscianigiochi.com\/#organization\",\"name\":\"Lisciani Giochi\",\"url\":\"https:\/\/www.liscianigiochi.com\/\",\"logo\":{\"@type\":\"ImageObject\",\"inLanguage\":\"fr-FR\",\"@id\":\"https:\/\/www.liscianigiochi.com\/#\/schema\/logo\/image\/\",\"url\":\"https:\/\/www.liscianigiochi.com\/wp-content\/uploads\/2023\/10\/Logo@2x.png\",\"contentUrl\":\"https:\/\/www.liscianigiochi.com\/wp-content\/uploads\/2023\/10\/Logo@2x.png\",\"width\":384,\"height\":384,\"caption\":\"Lisciani Giochi\"},\"image\":{\"@id\":\"https:\/\/www.liscianigiochi.com\/#\/schema\/logo\/image\/\"},\"sameAs\":[\"https:\/\/www.facebook.com\/liscianigroup\",\"https:\/\/www.instagram.com\/liscianigiochi\/\"]}]}<\/script>\n<!-- \/ Yoast SEO plugin. -->","yoast_head_json":{"title":"Hello Kitty And Friends Livre D'eau En Pr\u00e9sentoir 8 - Lisciani Giochi","robots":{"index":"index","follow":"follow","max-snippet":"max-snippet:-1","max-image-preview":"max-image-preview:large","max-video-preview":"max-video-preview:-1"},"canonical":"https:\/\/www.liscianigiochi.com\/fr\/shop\/uncategorized\/hello-kitty-and-friends-livre-deau-en-presentoir-8-fr\/","og_locale":"fr_FR","og_type":"article","og_title":"Hello Kitty And Friends Livre D'eau En Pr\u00e9sentoir 8 - Lisciani Giochi","og_description":"Un livre fantastique \u00e0 d\u00e9couvrir avec le stylo magique \u00e0 eau !","og_url":"https:\/\/www.liscianigiochi.com\/fr\/shop\/uncategorized\/hello-kitty-and-friends-livre-deau-en-presentoir-8-fr\/","og_site_name":"Lisciani Giochi","article_publisher":"https:\/\/www.facebook.com\/liscianigroup","article_modified_time":"2026-04-10T04:25:54+00:00","og_image":[{"url":"https:\/\/mf.liscianigiochi.it:8443\/media\/13270\/F312AC82-7233-44FD-B349-4D349D3FA6BE.jpg","type":"","width":"","height":""}],"twitter_card":"summary_large_image","twitter_image":"https:\/\/mf.liscianigiochi.it:8443\/media\/13270\/F312AC82-7233-44FD-B349-4D349D3FA6BE.jpg","schema":{"@context":"https:\/\/schema.org","@graph":[{"@type":"WebPage","@id":"https:\/\/www.liscianigiochi.com\/fr\/shop\/uncategorized\/hello-kitty-and-friends-livre-deau-en-presentoir-8-fr\/","url":"https:\/\/www.liscianigiochi.com\/fr\/shop\/uncategorized\/hello-kitty-and-friends-livre-deau-en-presentoir-8-fr\/","name":"Hello Kitty And Friends Livre D'eau En Pr\u00e9sentoir 8 - Lisciani Giochi","isPartOf":{"@id":"https:\/\/www.liscianigiochi.com\/#website"},"primaryImageOfPage":{"@id":"https:\/\/www.liscianigiochi.com\/fr\/shop\/uncategorized\/hello-kitty-and-friends-livre-deau-en-presentoir-8-fr\/#primaryimage"},"image":{"@id":"https:\/\/www.liscianigiochi.com\/fr\/shop\/uncategorized\/hello-kitty-and-friends-livre-deau-en-presentoir-8-fr\/#primaryimage"},"thumbnailUrl":"https:\/\/mf.liscianigiochi.it:8443\/media\/13270\/F312AC82-7233-44FD-B349-4D349D3FA6BE.jpg","datePublished":"2025-11-18T04:13:16+00:00","dateModified":"2026-04-10T04:25:54+00:00","breadcrumb":{"@id":"https:\/\/www.liscianigiochi.com\/fr\/shop\/uncategorized\/hello-kitty-and-friends-livre-deau-en-presentoir-8-fr\/#breadcrumb"},"inLanguage":"fr-FR","potentialAction":[{"@type":"ReadAction","target":["https:\/\/www.liscianigiochi.com\/fr\/shop\/uncategorized\/hello-kitty-and-friends-livre-deau-en-presentoir-8-fr\/"]}]},{"@type":"ImageObject","inLanguage":"fr-FR","@id":"https:\/\/www.liscianigiochi.com\/fr\/shop\/uncategorized\/hello-kitty-and-friends-livre-deau-en-presentoir-8-fr\/#primaryimage","url":"https:\/\/mf.liscianigiochi.it:8443\/media\/13270\/F312AC82-7233-44FD-B349-4D349D3FA6BE.jpg","contentUrl":"https:\/\/mf.liscianigiochi.it:8443\/media\/13270\/F312AC82-7233-44FD-B349-4D349D3FA6BE.jpg"},{"@type":"BreadcrumbList","@id":"https:\/\/www.liscianigiochi.com\/fr\/shop\/uncategorized\/hello-kitty-and-friends-livre-deau-en-presentoir-8-fr\/#breadcrumb","itemListElement":[{"@type":"ListItem","position":1,"name":"Home","item":"https:\/\/www.liscianigiochi.com\/"},{"@type":"ListItem","position":2,"name":"Boutique","item":"https:\/\/lg.udnt.it\/fr\/boutique\/"},{"@type":"ListItem","position":3,"name":"Hello Kitty And Friends Livre D&#8217;eau En Pr\u00e9sentoir 8"}]},{"@type":"WebSite","@id":"https:\/\/www.liscianigiochi.com\/#website","url":"https:\/\/www.liscianigiochi.com\/","name":"Lisciani Giochi","description":"","publisher":{"@id":"https:\/\/www.liscianigiochi.com\/#organization"},"potentialAction":[{"@type":"SearchAction","target":{"@type":"EntryPoint","urlTemplate":"https:\/\/www.liscianigiochi.com\/?s={search_term_string}"},"query-input":{"@type":"PropertyValueSpecification","valueRequired":true,"valueName":"search_term_string"}}],"inLanguage":"fr-FR"},{"@type":"Organization","@id":"https:\/\/www.liscianigiochi.com\/#organization","name":"Lisciani Giochi","url":"https:\/\/www.liscianigiochi.com\/","logo":{"@type":"ImageObject","inLanguage":"fr-FR","@id":"https:\/\/www.liscianigiochi.com\/#\/schema\/logo\/image\/","url":"https:\/\/www.liscianigiochi.com\/wp-content\/uploads\/2023\/10\/Logo@2x.png","contentUrl":"https:\/\/www.liscianigiochi.com\/wp-content\/uploads\/2023\/10\/Logo@2x.png","width":384,"height":384,"caption":"Lisciani Giochi"},"image":{"@id":"https:\/\/www.liscianigiochi.com\/#\/schema\/logo\/image\/"},"sameAs":["https:\/\/www.facebook.com\/liscianigroup","https:\/\/www.instagram.com\/liscianigiochi\/"]}]}},"fifu_image_url":"https:\/\/mf.liscianigiochi.it:8443\/media\/13270\/F312AC82-7233-44FD-B349-4D349D3FA6BE.jpg","_links":{"self":[{"href":"https:\/\/www.liscianigiochi.com\/fr\/wp-json\/wp\/v2\/product\/1733656","targetHints":{"allow":["GET"]}}],"collection":[{"href":"https:\/\/www.liscianigiochi.com\/fr\/wp-json\/wp\/v2\/product"}],"about":[{"href":"https:\/\/www.liscianigiochi.com\/fr\/wp-json\/wp\/v2\/types\/product"}],"wp:featuredmedia":[{"embeddable":true,"href":"https:\/\/www.liscianigiochi.com\/fr\/wp-json\/wp\/v2\/media\/1744170"}],"wp:attachment":[{"href":"https:\/\/www.liscianigiochi.com\/fr\/wp-json\/wp\/v2\/media?parent=1733656"}],"wp:term":[{"taxonomy":"product_brand","embeddable":true,"href":"https:\/\/www.liscianigiochi.com\/fr\/wp-json\/wp\/v2\/product_brand?post=1733656"},{"taxonomy":"product_cat","embeddable":true,"href":"https:\/\/www.liscianigiochi.com\/fr\/wp-json\/wp\/v2\/product_cat?post=1733656"},{"taxonomy":"product_tag","embeddable":true,"href":"https:\/\/www.liscianigiochi.com\/fr\/wp-json\/wp\/v2\/product_tag?post=1733656"}],"curies":[{"name":"wp","href":"https:\/\/api.w.org\/{rel}","templated":true}]}}