{"id":1886557,"date":"2026-02-06T16:23:30","date_gmt":"2026-02-06T15:23:30","guid":{"rendered":"https:\/\/www.liscianigiochi.com\/shop\/uncategorized\/montessori-wood-cube-sensoriel-fr\/"},"modified":"2026-04-10T06:26:37","modified_gmt":"2026-04-10T04:26:37","slug":"montessori-wood-cube-sensoriel-fr","status":"publish","type":"product","link":"https:\/\/www.liscianigiochi.com\/fr\/shop\/jeux-educatifs-prescolaires-baby-fr\/montessori-bois-plus-fr\/montessori-wood-cube-sensoriel-fr\/","title":{"rendered":"Montessori Wood &#8211; Cube Sensoriel"},"content":{"rendered":"<p>Celui-ci est multi-activit\u00e9s dans le monde et ses couleurs vives accompagnent votre petit explorateur jusqu&#8217;\u00e0 la profondeur de la mer, jusqu&#8217;\u00e0 18 mois d&#8217;\u00e9t\u00e9. Vous pouvez \u00e9galement offrir une aventure diversifi\u00e9e avec les fascinants animaux marins : les labirinti scorrevole ai giochi sous forme d&#8217;autocorrettivi, dalla sabbia all piste sospese, l&#8217;enfant peut divertir\u00e0 \u00e0 d\u00e9couvrir les diverses activit\u00e9s, en d\u00e9veloppant les capacit\u00e9s les plus importantes. Une fois le jeu termin\u00e9, la couverture est jou\u00e9e de mani\u00e8re parfaite dans le cube, qui est toujours en ordre pour l&#8217;\u00e9tape suivante.<\/p>\n","protected":false},"excerpt":{"rendered":"<p>Un jeu \u00e9ducatif, pour une mer de plaisir !<\/p>\n","protected":false},"featured_media":1916224,"template":"","meta":{"_acf_changed":false},"product_brand":[],"product_cat":[2837,3376],"product_tag":[3069,3059,3084,3072],"class_list":{"0":"post-1886557","1":"product","2":"type-product","3":"status-publish","4":"has-post-thumbnail","6":"product_cat-jeux-educatifs-prescolaires-baby-fr","7":"product_cat-montessori-bois-plus-fr","8":"product_tag-1-2-ans-fr","9":"product_tag-3-4-ans-fr","10":"product_tag-giocare-educare-fr","11":"product_tag-prodotto-lisciani-fr","13":"first","14":"instock","15":"shipping-taxable","16":"product-type-simple"},"acf":[],"yoast_head":"<!-- This site is optimized with the Yoast SEO plugin v26.5 - https:\/\/yoast.com\/wordpress\/plugins\/seo\/ -->\n<title>Montessori Wood - Cube Sensoriel - Lisciani Giochi<\/title>\n<meta name=\"robots\" content=\"index, follow, max-snippet:-1, max-image-preview:large, max-video-preview:-1\" \/>\n<link rel=\"canonical\" href=\"https:\/\/www.liscianigiochi.com\/fr\/shop\/jeux-educatifs-prescolaires-baby-fr\/montessori-bois-plus-fr\/montessori-wood-cube-sensoriel-fr\/\" \/>\n<meta property=\"og:locale\" content=\"fr_FR\" \/>\n<meta property=\"og:type\" content=\"article\" \/>\n<meta property=\"og:title\" content=\"Montessori Wood - Cube Sensoriel - Lisciani Giochi\" \/>\n<meta property=\"og:description\" content=\"Un jeu \u00e9ducatif, pour une mer de plaisir !\" \/>\n<meta property=\"og:url\" content=\"https:\/\/www.liscianigiochi.com\/fr\/shop\/jeux-educatifs-prescolaires-baby-fr\/montessori-bois-plus-fr\/montessori-wood-cube-sensoriel-fr\/\" \/>\n<meta property=\"og:site_name\" content=\"Lisciani Giochi\" \/>\n<meta property=\"article:publisher\" content=\"https:\/\/www.facebook.com\/liscianigroup\" \/>\n<meta property=\"article:modified_time\" content=\"2026-04-10T04:26:37+00:00\" \/>\n<meta property=\"og:image\" content=\"https:\/\/mf.liscianigiochi.it:8443\/media\/117819\/09018416-6B17-4D09-A414-9BEBF1E82F03.jpg\" \/>\n<meta name=\"twitter:card\" content=\"summary_large_image\" \/>\n<meta name=\"twitter:image\" content=\"https:\/\/mf.liscianigiochi.it:8443\/media\/117819\/09018416-6B17-4D09-A414-9BEBF1E82F03.jpg\" \/>\n<script type=\"application\/ld+json\" class=\"yoast-schema-graph\">{\"@context\":\"https:\/\/schema.org\",\"@graph\":[{\"@type\":\"WebPage\",\"@id\":\"https:\/\/www.liscianigiochi.com\/fr\/shop\/jeux-educatifs-prescolaires-baby-fr\/montessori-bois-plus-fr\/montessori-wood-cube-sensoriel-fr\/\",\"url\":\"https:\/\/www.liscianigiochi.com\/fr\/shop\/jeux-educatifs-prescolaires-baby-fr\/montessori-bois-plus-fr\/montessori-wood-cube-sensoriel-fr\/\",\"name\":\"Montessori Wood - Cube Sensoriel - Lisciani Giochi\",\"isPartOf\":{\"@id\":\"https:\/\/www.liscianigiochi.com\/#website\"},\"primaryImageOfPage\":{\"@id\":\"https:\/\/www.liscianigiochi.com\/fr\/shop\/jeux-educatifs-prescolaires-baby-fr\/montessori-bois-plus-fr\/montessori-wood-cube-sensoriel-fr\/#primaryimage\"},\"image\":{\"@id\":\"https:\/\/www.liscianigiochi.com\/fr\/shop\/jeux-educatifs-prescolaires-baby-fr\/montessori-bois-plus-fr\/montessori-wood-cube-sensoriel-fr\/#primaryimage\"},\"thumbnailUrl\":\"https:\/\/mf.liscianigiochi.it:8443\/media\/117819\/09018416-6B17-4D09-A414-9BEBF1E82F03.jpg\",\"datePublished\":\"2026-02-06T15:23:30+00:00\",\"dateModified\":\"2026-04-10T04:26:37+00:00\",\"breadcrumb\":{\"@id\":\"https:\/\/www.liscianigiochi.com\/fr\/shop\/jeux-educatifs-prescolaires-baby-fr\/montessori-bois-plus-fr\/montessori-wood-cube-sensoriel-fr\/#breadcrumb\"},\"inLanguage\":\"fr-FR\",\"potentialAction\":[{\"@type\":\"ReadAction\",\"target\":[\"https:\/\/www.liscianigiochi.com\/fr\/shop\/jeux-educatifs-prescolaires-baby-fr\/montessori-bois-plus-fr\/montessori-wood-cube-sensoriel-fr\/\"]}]},{\"@type\":\"ImageObject\",\"inLanguage\":\"fr-FR\",\"@id\":\"https:\/\/www.liscianigiochi.com\/fr\/shop\/jeux-educatifs-prescolaires-baby-fr\/montessori-bois-plus-fr\/montessori-wood-cube-sensoriel-fr\/#primaryimage\",\"url\":\"https:\/\/mf.liscianigiochi.it:8443\/media\/117819\/09018416-6B17-4D09-A414-9BEBF1E82F03.jpg\",\"contentUrl\":\"https:\/\/mf.liscianigiochi.it:8443\/media\/117819\/09018416-6B17-4D09-A414-9BEBF1E82F03.jpg\"},{\"@type\":\"BreadcrumbList\",\"@id\":\"https:\/\/www.liscianigiochi.com\/fr\/shop\/jeux-educatifs-prescolaires-baby-fr\/montessori-bois-plus-fr\/montessori-wood-cube-sensoriel-fr\/#breadcrumb\",\"itemListElement\":[{\"@type\":\"ListItem\",\"position\":1,\"name\":\"Home\",\"item\":\"https:\/\/www.liscianigiochi.com\/\"},{\"@type\":\"ListItem\",\"position\":2,\"name\":\"Boutique\",\"item\":\"https:\/\/lg.udnt.it\/fr\/boutique\/\"},{\"@type\":\"ListItem\",\"position\":3,\"name\":\"Montessori Wood &#8211; Cube Sensoriel\"}]},{\"@type\":\"WebSite\",\"@id\":\"https:\/\/www.liscianigiochi.com\/#website\",\"url\":\"https:\/\/www.liscianigiochi.com\/\",\"name\":\"Lisciani Giochi\",\"description\":\"\",\"publisher\":{\"@id\":\"https:\/\/www.liscianigiochi.com\/#organization\"},\"potentialAction\":[{\"@type\":\"SearchAction\",\"target\":{\"@type\":\"EntryPoint\",\"urlTemplate\":\"https:\/\/www.liscianigiochi.com\/?s={search_term_string}\"},\"query-input\":{\"@type\":\"PropertyValueSpecification\",\"valueRequired\":true,\"valueName\":\"search_term_string\"}}],\"inLanguage\":\"fr-FR\"},{\"@type\":\"Organization\",\"@id\":\"https:\/\/www.liscianigiochi.com\/#organization\",\"name\":\"Lisciani Giochi\",\"url\":\"https:\/\/www.liscianigiochi.com\/\",\"logo\":{\"@type\":\"ImageObject\",\"inLanguage\":\"fr-FR\",\"@id\":\"https:\/\/www.liscianigiochi.com\/#\/schema\/logo\/image\/\",\"url\":\"https:\/\/www.liscianigiochi.com\/wp-content\/uploads\/2023\/10\/Logo@2x.png\",\"contentUrl\":\"https:\/\/www.liscianigiochi.com\/wp-content\/uploads\/2023\/10\/Logo@2x.png\",\"width\":384,\"height\":384,\"caption\":\"Lisciani Giochi\"},\"image\":{\"@id\":\"https:\/\/www.liscianigiochi.com\/#\/schema\/logo\/image\/\"},\"sameAs\":[\"https:\/\/www.facebook.com\/liscianigroup\",\"https:\/\/www.instagram.com\/liscianigiochi\/\"]}]}<\/script>\n<!-- \/ Yoast SEO plugin. -->","yoast_head_json":{"title":"Montessori Wood - Cube Sensoriel - Lisciani Giochi","robots":{"index":"index","follow":"follow","max-snippet":"max-snippet:-1","max-image-preview":"max-image-preview:large","max-video-preview":"max-video-preview:-1"},"canonical":"https:\/\/www.liscianigiochi.com\/fr\/shop\/jeux-educatifs-prescolaires-baby-fr\/montessori-bois-plus-fr\/montessori-wood-cube-sensoriel-fr\/","og_locale":"fr_FR","og_type":"article","og_title":"Montessori Wood - Cube Sensoriel - Lisciani Giochi","og_description":"Un jeu \u00e9ducatif, pour une mer de plaisir !","og_url":"https:\/\/www.liscianigiochi.com\/fr\/shop\/jeux-educatifs-prescolaires-baby-fr\/montessori-bois-plus-fr\/montessori-wood-cube-sensoriel-fr\/","og_site_name":"Lisciani Giochi","article_publisher":"https:\/\/www.facebook.com\/liscianigroup","article_modified_time":"2026-04-10T04:26:37+00:00","og_image":[{"url":"https:\/\/mf.liscianigiochi.it:8443\/media\/117819\/09018416-6B17-4D09-A414-9BEBF1E82F03.jpg","type":"","width":"","height":""}],"twitter_card":"summary_large_image","twitter_image":"https:\/\/mf.liscianigiochi.it:8443\/media\/117819\/09018416-6B17-4D09-A414-9BEBF1E82F03.jpg","schema":{"@context":"https:\/\/schema.org","@graph":[{"@type":"WebPage","@id":"https:\/\/www.liscianigiochi.com\/fr\/shop\/jeux-educatifs-prescolaires-baby-fr\/montessori-bois-plus-fr\/montessori-wood-cube-sensoriel-fr\/","url":"https:\/\/www.liscianigiochi.com\/fr\/shop\/jeux-educatifs-prescolaires-baby-fr\/montessori-bois-plus-fr\/montessori-wood-cube-sensoriel-fr\/","name":"Montessori Wood - Cube Sensoriel - Lisciani Giochi","isPartOf":{"@id":"https:\/\/www.liscianigiochi.com\/#website"},"primaryImageOfPage":{"@id":"https:\/\/www.liscianigiochi.com\/fr\/shop\/jeux-educatifs-prescolaires-baby-fr\/montessori-bois-plus-fr\/montessori-wood-cube-sensoriel-fr\/#primaryimage"},"image":{"@id":"https:\/\/www.liscianigiochi.com\/fr\/shop\/jeux-educatifs-prescolaires-baby-fr\/montessori-bois-plus-fr\/montessori-wood-cube-sensoriel-fr\/#primaryimage"},"thumbnailUrl":"https:\/\/mf.liscianigiochi.it:8443\/media\/117819\/09018416-6B17-4D09-A414-9BEBF1E82F03.jpg","datePublished":"2026-02-06T15:23:30+00:00","dateModified":"2026-04-10T04:26:37+00:00","breadcrumb":{"@id":"https:\/\/www.liscianigiochi.com\/fr\/shop\/jeux-educatifs-prescolaires-baby-fr\/montessori-bois-plus-fr\/montessori-wood-cube-sensoriel-fr\/#breadcrumb"},"inLanguage":"fr-FR","potentialAction":[{"@type":"ReadAction","target":["https:\/\/www.liscianigiochi.com\/fr\/shop\/jeux-educatifs-prescolaires-baby-fr\/montessori-bois-plus-fr\/montessori-wood-cube-sensoriel-fr\/"]}]},{"@type":"ImageObject","inLanguage":"fr-FR","@id":"https:\/\/www.liscianigiochi.com\/fr\/shop\/jeux-educatifs-prescolaires-baby-fr\/montessori-bois-plus-fr\/montessori-wood-cube-sensoriel-fr\/#primaryimage","url":"https:\/\/mf.liscianigiochi.it:8443\/media\/117819\/09018416-6B17-4D09-A414-9BEBF1E82F03.jpg","contentUrl":"https:\/\/mf.liscianigiochi.it:8443\/media\/117819\/09018416-6B17-4D09-A414-9BEBF1E82F03.jpg"},{"@type":"BreadcrumbList","@id":"https:\/\/www.liscianigiochi.com\/fr\/shop\/jeux-educatifs-prescolaires-baby-fr\/montessori-bois-plus-fr\/montessori-wood-cube-sensoriel-fr\/#breadcrumb","itemListElement":[{"@type":"ListItem","position":1,"name":"Home","item":"https:\/\/www.liscianigiochi.com\/"},{"@type":"ListItem","position":2,"name":"Boutique","item":"https:\/\/lg.udnt.it\/fr\/boutique\/"},{"@type":"ListItem","position":3,"name":"Montessori Wood &#8211; Cube Sensoriel"}]},{"@type":"WebSite","@id":"https:\/\/www.liscianigiochi.com\/#website","url":"https:\/\/www.liscianigiochi.com\/","name":"Lisciani Giochi","description":"","publisher":{"@id":"https:\/\/www.liscianigiochi.com\/#organization"},"potentialAction":[{"@type":"SearchAction","target":{"@type":"EntryPoint","urlTemplate":"https:\/\/www.liscianigiochi.com\/?s={search_term_string}"},"query-input":{"@type":"PropertyValueSpecification","valueRequired":true,"valueName":"search_term_string"}}],"inLanguage":"fr-FR"},{"@type":"Organization","@id":"https:\/\/www.liscianigiochi.com\/#organization","name":"Lisciani Giochi","url":"https:\/\/www.liscianigiochi.com\/","logo":{"@type":"ImageObject","inLanguage":"fr-FR","@id":"https:\/\/www.liscianigiochi.com\/#\/schema\/logo\/image\/","url":"https:\/\/www.liscianigiochi.com\/wp-content\/uploads\/2023\/10\/Logo@2x.png","contentUrl":"https:\/\/www.liscianigiochi.com\/wp-content\/uploads\/2023\/10\/Logo@2x.png","width":384,"height":384,"caption":"Lisciani Giochi"},"image":{"@id":"https:\/\/www.liscianigiochi.com\/#\/schema\/logo\/image\/"},"sameAs":["https:\/\/www.facebook.com\/liscianigroup","https:\/\/www.instagram.com\/liscianigiochi\/"]}]}},"fifu_image_url":"https:\/\/mf.liscianigiochi.it:8443\/media\/117819\/09018416-6B17-4D09-A414-9BEBF1E82F03.jpg","_links":{"self":[{"href":"https:\/\/www.liscianigiochi.com\/fr\/wp-json\/wp\/v2\/product\/1886557","targetHints":{"allow":["GET"]}}],"collection":[{"href":"https:\/\/www.liscianigiochi.com\/fr\/wp-json\/wp\/v2\/product"}],"about":[{"href":"https:\/\/www.liscianigiochi.com\/fr\/wp-json\/wp\/v2\/types\/product"}],"wp:featuredmedia":[{"embeddable":true,"href":"https:\/\/www.liscianigiochi.com\/fr\/wp-json\/wp\/v2\/media\/1916224"}],"wp:attachment":[{"href":"https:\/\/www.liscianigiochi.com\/fr\/wp-json\/wp\/v2\/media?parent=1886557"}],"wp:term":[{"taxonomy":"product_brand","embeddable":true,"href":"https:\/\/www.liscianigiochi.com\/fr\/wp-json\/wp\/v2\/product_brand?post=1886557"},{"taxonomy":"product_cat","embeddable":true,"href":"https:\/\/www.liscianigiochi.com\/fr\/wp-json\/wp\/v2\/product_cat?post=1886557"},{"taxonomy":"product_tag","embeddable":true,"href":"https:\/\/www.liscianigiochi.com\/fr\/wp-json\/wp\/v2\/product_tag?post=1886557"}],"curies":[{"name":"wp","href":"https:\/\/api.w.org\/{rel}","templated":true}]}}