{"id":1887148,"date":"2026-02-06T16:30:49","date_gmt":"2026-02-06T15:30:49","guid":{"rendered":"https:\/\/www.liscianigiochi.com\/shop\/uncategorized\/bluey-puzzle-df-maxifloor-35-fr\/"},"modified":"2026-04-03T06:27:15","modified_gmt":"2026-04-03T04:27:15","slug":"bluey-puzzle-df-maxifloor-35-fr","status":"publish","type":"product","link":"https:\/\/www.liscianigiochi.com\/fr\/shop\/puzzles-pour-enfants-fr\/puzzle-maxifloor-35-fr\/bluey-puzzle-df-maxifloor-35-fr\/","title":{"rendered":"Bluey Puzzle Df Maxifloor 35"},"content":{"rendered":"<p>Reconstruisez les sc\u00e8nes de votre dessin anim\u00e9 pr\u00e9f\u00e9r\u00e9 et, apr\u00e8s avoir termin\u00e9 le puzzle, le plaisir continue ! Au dos du tableau, vous trouverez une sc\u00e8ne en noir et blanc toute \u00e0 colorier !<\/p>\n","protected":false},"excerpt":{"rendered":"<p>Reconstruisez et coloriez les plus belles sc\u00e8nes de votre dessin anim\u00e9 pr\u00e9f\u00e9r\u00e9 !<\/p>\n","protected":false},"featured_media":1916538,"template":"","meta":{"_acf_changed":false},"product_brand":[],"product_cat":[2864,2836],"product_tag":[3059,3061,3220],"class_list":{"0":"post-1887148","1":"product","2":"type-product","3":"status-publish","4":"has-post-thumbnail","6":"product_cat-puzzle-maxifloor-35-fr","7":"product_cat-puzzles-pour-enfants-fr","8":"product_tag-3-4-ans-fr","9":"product_tag-5-6-ans-fr","10":"product_tag-bluey-fr","12":"first","13":"instock","14":"shipping-taxable","15":"product-type-simple"},"acf":[],"yoast_head":"<!-- This site is optimized with the Yoast SEO plugin v26.5 - https:\/\/yoast.com\/wordpress\/plugins\/seo\/ -->\n<title>Bluey Puzzle Df Maxifloor 35 - Lisciani Giochi<\/title>\n<meta name=\"robots\" content=\"index, follow, max-snippet:-1, max-image-preview:large, max-video-preview:-1\" \/>\n<link rel=\"canonical\" href=\"https:\/\/www.liscianigiochi.com\/fr\/shop\/uncategorized\/bluey-puzzle-df-maxifloor-35-fr\/\" \/>\n<meta property=\"og:locale\" content=\"fr_FR\" \/>\n<meta property=\"og:type\" content=\"article\" \/>\n<meta property=\"og:title\" content=\"Bluey Puzzle Df Maxifloor 35 - Lisciani Giochi\" \/>\n<meta property=\"og:description\" content=\"Reconstruisez et coloriez les plus belles sc\u00e8nes de votre dessin anim\u00e9 pr\u00e9f\u00e9r\u00e9 !\" \/>\n<meta property=\"og:url\" content=\"https:\/\/www.liscianigiochi.com\/fr\/shop\/uncategorized\/bluey-puzzle-df-maxifloor-35-fr\/\" \/>\n<meta property=\"og:site_name\" content=\"Lisciani Giochi\" \/>\n<meta property=\"article:publisher\" content=\"https:\/\/www.facebook.com\/liscianigroup\" \/>\n<meta property=\"article:modified_time\" content=\"2026-04-03T04:27:15+00:00\" \/>\n<meta property=\"og:image\" content=\"https:\/\/mf.liscianigiochi.it:8443\/media\/116904\/BAF84FF6-C6AF-4B53-8B55-B05F649DF243.jpg\" \/>\n<meta name=\"twitter:card\" content=\"summary_large_image\" \/>\n<meta name=\"twitter:image\" content=\"https:\/\/mf.liscianigiochi.it:8443\/media\/116904\/BAF84FF6-C6AF-4B53-8B55-B05F649DF243.jpg\" \/>\n<script type=\"application\/ld+json\" class=\"yoast-schema-graph\">{\"@context\":\"https:\/\/schema.org\",\"@graph\":[{\"@type\":\"WebPage\",\"@id\":\"https:\/\/www.liscianigiochi.com\/fr\/shop\/uncategorized\/bluey-puzzle-df-maxifloor-35-fr\/\",\"url\":\"https:\/\/www.liscianigiochi.com\/fr\/shop\/uncategorized\/bluey-puzzle-df-maxifloor-35-fr\/\",\"name\":\"Bluey Puzzle Df Maxifloor 35 - Lisciani Giochi\",\"isPartOf\":{\"@id\":\"https:\/\/www.liscianigiochi.com\/#website\"},\"primaryImageOfPage\":{\"@id\":\"https:\/\/www.liscianigiochi.com\/fr\/shop\/uncategorized\/bluey-puzzle-df-maxifloor-35-fr\/#primaryimage\"},\"image\":{\"@id\":\"https:\/\/www.liscianigiochi.com\/fr\/shop\/uncategorized\/bluey-puzzle-df-maxifloor-35-fr\/#primaryimage\"},\"thumbnailUrl\":\"https:\/\/mf.liscianigiochi.it:8443\/media\/116904\/BAF84FF6-C6AF-4B53-8B55-B05F649DF243.jpg\",\"datePublished\":\"2026-02-06T15:30:49+00:00\",\"dateModified\":\"2026-04-03T04:27:15+00:00\",\"breadcrumb\":{\"@id\":\"https:\/\/www.liscianigiochi.com\/fr\/shop\/uncategorized\/bluey-puzzle-df-maxifloor-35-fr\/#breadcrumb\"},\"inLanguage\":\"fr-FR\",\"potentialAction\":[{\"@type\":\"ReadAction\",\"target\":[\"https:\/\/www.liscianigiochi.com\/fr\/shop\/uncategorized\/bluey-puzzle-df-maxifloor-35-fr\/\"]}]},{\"@type\":\"ImageObject\",\"inLanguage\":\"fr-FR\",\"@id\":\"https:\/\/www.liscianigiochi.com\/fr\/shop\/uncategorized\/bluey-puzzle-df-maxifloor-35-fr\/#primaryimage\",\"url\":\"https:\/\/mf.liscianigiochi.it:8443\/media\/116904\/BAF84FF6-C6AF-4B53-8B55-B05F649DF243.jpg\",\"contentUrl\":\"https:\/\/mf.liscianigiochi.it:8443\/media\/116904\/BAF84FF6-C6AF-4B53-8B55-B05F649DF243.jpg\"},{\"@type\":\"BreadcrumbList\",\"@id\":\"https:\/\/www.liscianigiochi.com\/fr\/shop\/uncategorized\/bluey-puzzle-df-maxifloor-35-fr\/#breadcrumb\",\"itemListElement\":[{\"@type\":\"ListItem\",\"position\":1,\"name\":\"Home\",\"item\":\"https:\/\/www.liscianigiochi.com\/\"},{\"@type\":\"ListItem\",\"position\":2,\"name\":\"Boutique\",\"item\":\"https:\/\/lg.udnt.it\/fr\/boutique\/\"},{\"@type\":\"ListItem\",\"position\":3,\"name\":\"Bluey Puzzle Df Maxifloor 35\"}]},{\"@type\":\"WebSite\",\"@id\":\"https:\/\/www.liscianigiochi.com\/#website\",\"url\":\"https:\/\/www.liscianigiochi.com\/\",\"name\":\"Lisciani Giochi\",\"description\":\"\",\"publisher\":{\"@id\":\"https:\/\/www.liscianigiochi.com\/#organization\"},\"potentialAction\":[{\"@type\":\"SearchAction\",\"target\":{\"@type\":\"EntryPoint\",\"urlTemplate\":\"https:\/\/www.liscianigiochi.com\/?s={search_term_string}\"},\"query-input\":{\"@type\":\"PropertyValueSpecification\",\"valueRequired\":true,\"valueName\":\"search_term_string\"}}],\"inLanguage\":\"fr-FR\"},{\"@type\":\"Organization\",\"@id\":\"https:\/\/www.liscianigiochi.com\/#organization\",\"name\":\"Lisciani Giochi\",\"url\":\"https:\/\/www.liscianigiochi.com\/\",\"logo\":{\"@type\":\"ImageObject\",\"inLanguage\":\"fr-FR\",\"@id\":\"https:\/\/www.liscianigiochi.com\/#\/schema\/logo\/image\/\",\"url\":\"https:\/\/www.liscianigiochi.com\/wp-content\/uploads\/2023\/10\/Logo@2x.png\",\"contentUrl\":\"https:\/\/www.liscianigiochi.com\/wp-content\/uploads\/2023\/10\/Logo@2x.png\",\"width\":384,\"height\":384,\"caption\":\"Lisciani Giochi\"},\"image\":{\"@id\":\"https:\/\/www.liscianigiochi.com\/#\/schema\/logo\/image\/\"},\"sameAs\":[\"https:\/\/www.facebook.com\/liscianigroup\",\"https:\/\/www.instagram.com\/liscianigiochi\/\"]}]}<\/script>\n<!-- \/ Yoast SEO plugin. -->","yoast_head_json":{"title":"Bluey Puzzle Df Maxifloor 35 - Lisciani Giochi","robots":{"index":"index","follow":"follow","max-snippet":"max-snippet:-1","max-image-preview":"max-image-preview:large","max-video-preview":"max-video-preview:-1"},"canonical":"https:\/\/www.liscianigiochi.com\/fr\/shop\/uncategorized\/bluey-puzzle-df-maxifloor-35-fr\/","og_locale":"fr_FR","og_type":"article","og_title":"Bluey Puzzle Df Maxifloor 35 - Lisciani Giochi","og_description":"Reconstruisez et coloriez les plus belles sc\u00e8nes de votre dessin anim\u00e9 pr\u00e9f\u00e9r\u00e9 !","og_url":"https:\/\/www.liscianigiochi.com\/fr\/shop\/uncategorized\/bluey-puzzle-df-maxifloor-35-fr\/","og_site_name":"Lisciani Giochi","article_publisher":"https:\/\/www.facebook.com\/liscianigroup","article_modified_time":"2026-04-03T04:27:15+00:00","og_image":[{"url":"https:\/\/mf.liscianigiochi.it:8443\/media\/116904\/BAF84FF6-C6AF-4B53-8B55-B05F649DF243.jpg","type":"","width":"","height":""}],"twitter_card":"summary_large_image","twitter_image":"https:\/\/mf.liscianigiochi.it:8443\/media\/116904\/BAF84FF6-C6AF-4B53-8B55-B05F649DF243.jpg","schema":{"@context":"https:\/\/schema.org","@graph":[{"@type":"WebPage","@id":"https:\/\/www.liscianigiochi.com\/fr\/shop\/uncategorized\/bluey-puzzle-df-maxifloor-35-fr\/","url":"https:\/\/www.liscianigiochi.com\/fr\/shop\/uncategorized\/bluey-puzzle-df-maxifloor-35-fr\/","name":"Bluey Puzzle Df Maxifloor 35 - Lisciani Giochi","isPartOf":{"@id":"https:\/\/www.liscianigiochi.com\/#website"},"primaryImageOfPage":{"@id":"https:\/\/www.liscianigiochi.com\/fr\/shop\/uncategorized\/bluey-puzzle-df-maxifloor-35-fr\/#primaryimage"},"image":{"@id":"https:\/\/www.liscianigiochi.com\/fr\/shop\/uncategorized\/bluey-puzzle-df-maxifloor-35-fr\/#primaryimage"},"thumbnailUrl":"https:\/\/mf.liscianigiochi.it:8443\/media\/116904\/BAF84FF6-C6AF-4B53-8B55-B05F649DF243.jpg","datePublished":"2026-02-06T15:30:49+00:00","dateModified":"2026-04-03T04:27:15+00:00","breadcrumb":{"@id":"https:\/\/www.liscianigiochi.com\/fr\/shop\/uncategorized\/bluey-puzzle-df-maxifloor-35-fr\/#breadcrumb"},"inLanguage":"fr-FR","potentialAction":[{"@type":"ReadAction","target":["https:\/\/www.liscianigiochi.com\/fr\/shop\/uncategorized\/bluey-puzzle-df-maxifloor-35-fr\/"]}]},{"@type":"ImageObject","inLanguage":"fr-FR","@id":"https:\/\/www.liscianigiochi.com\/fr\/shop\/uncategorized\/bluey-puzzle-df-maxifloor-35-fr\/#primaryimage","url":"https:\/\/mf.liscianigiochi.it:8443\/media\/116904\/BAF84FF6-C6AF-4B53-8B55-B05F649DF243.jpg","contentUrl":"https:\/\/mf.liscianigiochi.it:8443\/media\/116904\/BAF84FF6-C6AF-4B53-8B55-B05F649DF243.jpg"},{"@type":"BreadcrumbList","@id":"https:\/\/www.liscianigiochi.com\/fr\/shop\/uncategorized\/bluey-puzzle-df-maxifloor-35-fr\/#breadcrumb","itemListElement":[{"@type":"ListItem","position":1,"name":"Home","item":"https:\/\/www.liscianigiochi.com\/"},{"@type":"ListItem","position":2,"name":"Boutique","item":"https:\/\/lg.udnt.it\/fr\/boutique\/"},{"@type":"ListItem","position":3,"name":"Bluey Puzzle Df Maxifloor 35"}]},{"@type":"WebSite","@id":"https:\/\/www.liscianigiochi.com\/#website","url":"https:\/\/www.liscianigiochi.com\/","name":"Lisciani Giochi","description":"","publisher":{"@id":"https:\/\/www.liscianigiochi.com\/#organization"},"potentialAction":[{"@type":"SearchAction","target":{"@type":"EntryPoint","urlTemplate":"https:\/\/www.liscianigiochi.com\/?s={search_term_string}"},"query-input":{"@type":"PropertyValueSpecification","valueRequired":true,"valueName":"search_term_string"}}],"inLanguage":"fr-FR"},{"@type":"Organization","@id":"https:\/\/www.liscianigiochi.com\/#organization","name":"Lisciani Giochi","url":"https:\/\/www.liscianigiochi.com\/","logo":{"@type":"ImageObject","inLanguage":"fr-FR","@id":"https:\/\/www.liscianigiochi.com\/#\/schema\/logo\/image\/","url":"https:\/\/www.liscianigiochi.com\/wp-content\/uploads\/2023\/10\/Logo@2x.png","contentUrl":"https:\/\/www.liscianigiochi.com\/wp-content\/uploads\/2023\/10\/Logo@2x.png","width":384,"height":384,"caption":"Lisciani Giochi"},"image":{"@id":"https:\/\/www.liscianigiochi.com\/#\/schema\/logo\/image\/"},"sameAs":["https:\/\/www.facebook.com\/liscianigroup","https:\/\/www.instagram.com\/liscianigiochi\/"]}]}},"fifu_image_url":"https:\/\/mf.liscianigiochi.it:8443\/media\/116904\/BAF84FF6-C6AF-4B53-8B55-B05F649DF243.jpg","_links":{"self":[{"href":"https:\/\/www.liscianigiochi.com\/fr\/wp-json\/wp\/v2\/product\/1887148","targetHints":{"allow":["GET"]}}],"collection":[{"href":"https:\/\/www.liscianigiochi.com\/fr\/wp-json\/wp\/v2\/product"}],"about":[{"href":"https:\/\/www.liscianigiochi.com\/fr\/wp-json\/wp\/v2\/types\/product"}],"wp:featuredmedia":[{"embeddable":true,"href":"https:\/\/www.liscianigiochi.com\/fr\/wp-json\/wp\/v2\/media\/1916538"}],"wp:attachment":[{"href":"https:\/\/www.liscianigiochi.com\/fr\/wp-json\/wp\/v2\/media?parent=1887148"}],"wp:term":[{"taxonomy":"product_brand","embeddable":true,"href":"https:\/\/www.liscianigiochi.com\/fr\/wp-json\/wp\/v2\/product_brand?post=1887148"},{"taxonomy":"product_cat","embeddable":true,"href":"https:\/\/www.liscianigiochi.com\/fr\/wp-json\/wp\/v2\/product_cat?post=1887148"},{"taxonomy":"product_tag","embeddable":true,"href":"https:\/\/www.liscianigiochi.com\/fr\/wp-json\/wp\/v2\/product_tag?post=1887148"}],"curies":[{"name":"wp","href":"https:\/\/api.w.org\/{rel}","templated":true}]}}