{"id":670586,"date":"2024-07-03T10:56:15","date_gmt":"2024-07-03T08:56:15","guid":{"rendered":"https:\/\/www.liscianigiochi.com\/shop\/uncategorized\/barbie-my-trendy-nail-art-colour-change-fr\/"},"modified":"2026-04-10T06:13:37","modified_gmt":"2026-04-10T04:13:37","slug":"barbie-my-trendy-nail-art-colour-change-fr","status":"publish","type":"product","link":"https:\/\/www.liscianigiochi.com\/fr\/shop\/jeux-creatifs-fr\/make-your-own-fr\/barbie-my-trendy-nail-art-colour-change-fr\/","title":{"rendered":"Barbie My Trendy Nail Art Colour Change"},"content":{"rendered":"<p>Dans ce fantastique kit super mode, les petites filles pourront cr\u00e9er de nombreux vernis \u00e0 ongles color\u00e9s avec des caract\u00e9ristiques sp\u00e9ciales : ils changent de couleur au soleil et brillent dans le noir. Une fois que vous avez choisi votre effet pr\u00e9f\u00e9r\u00e9, s\u00e9chez simplement le vernis \u00e0 ongles avec la machine Barbie super customis\u00e9e fournie et soyez toujours \u00e0 la mode !<\/p>\n","protected":false},"excerpt":{"rendered":"<p>Cr\u00e9ez des vernis \u00e0 ongles magiques qui changent de couleur avec le nouveau kit Barbie !<\/p>\n","protected":false},"featured_media":1832857,"template":"","meta":{"_acf_changed":false},"product_brand":[],"product_cat":[2834,3363],"product_tag":[3061,3060,3078],"class_list":{"0":"post-670586","1":"product","2":"type-product","3":"status-publish","4":"has-post-thumbnail","6":"product_cat-jeux-creatifs-fr","7":"product_cat-make-your-own-fr","8":"product_tag-5-6-ans-fr","9":"product_tag-barbie-fr","10":"product_tag-mattel-fr","12":"first","13":"instock","14":"shipping-taxable","15":"product-type-simple"},"acf":[],"yoast_head":"<!-- This site is optimized with the Yoast SEO plugin v26.5 - https:\/\/yoast.com\/wordpress\/plugins\/seo\/ -->\n<title>Barbie My Trendy Nail Art Colour Change - Lisciani Giochi<\/title>\n<meta name=\"robots\" content=\"index, follow, max-snippet:-1, max-image-preview:large, max-video-preview:-1\" \/>\n<link rel=\"canonical\" href=\"https:\/\/www.liscianigiochi.com\/fr\/shop\/uncategorized\/barbie-my-trendy-nail-art-colour-change-fr\/\" \/>\n<meta property=\"og:locale\" content=\"fr_FR\" \/>\n<meta property=\"og:type\" content=\"article\" \/>\n<meta property=\"og:title\" content=\"Barbie My Trendy Nail Art Colour Change - Lisciani Giochi\" \/>\n<meta property=\"og:description\" content=\"Cr\u00e9ez des vernis \u00e0 ongles magiques qui changent de couleur avec le nouveau kit Barbie !\" \/>\n<meta property=\"og:url\" content=\"https:\/\/www.liscianigiochi.com\/fr\/shop\/uncategorized\/barbie-my-trendy-nail-art-colour-change-fr\/\" \/>\n<meta property=\"og:site_name\" content=\"Lisciani Giochi\" \/>\n<meta property=\"article:publisher\" content=\"https:\/\/www.facebook.com\/liscianigroup\" \/>\n<meta property=\"article:modified_time\" content=\"2026-04-10T04:13:37+00:00\" \/>\n<meta property=\"og:image\" content=\"https:\/\/mf.liscianigiochi.it:8443\/media\/102747\/1DEA754E-152C-43E5-BEC6-5DBA3962D48B.jpg\" \/>\n<meta name=\"twitter:card\" content=\"summary_large_image\" \/>\n<meta name=\"twitter:image\" content=\"https:\/\/mf.liscianigiochi.it:8443\/media\/102747\/1DEA754E-152C-43E5-BEC6-5DBA3962D48B.jpg\" \/>\n<script type=\"application\/ld+json\" class=\"yoast-schema-graph\">{\"@context\":\"https:\/\/schema.org\",\"@graph\":[{\"@type\":\"WebPage\",\"@id\":\"https:\/\/www.liscianigiochi.com\/fr\/shop\/uncategorized\/barbie-my-trendy-nail-art-colour-change-fr\/\",\"url\":\"https:\/\/www.liscianigiochi.com\/fr\/shop\/uncategorized\/barbie-my-trendy-nail-art-colour-change-fr\/\",\"name\":\"Barbie My Trendy Nail Art Colour Change - Lisciani Giochi\",\"isPartOf\":{\"@id\":\"https:\/\/www.liscianigiochi.com\/#website\"},\"primaryImageOfPage\":{\"@id\":\"https:\/\/www.liscianigiochi.com\/fr\/shop\/uncategorized\/barbie-my-trendy-nail-art-colour-change-fr\/#primaryimage\"},\"image\":{\"@id\":\"https:\/\/www.liscianigiochi.com\/fr\/shop\/uncategorized\/barbie-my-trendy-nail-art-colour-change-fr\/#primaryimage\"},\"thumbnailUrl\":\"https:\/\/mf.liscianigiochi.it:8443\/media\/102747\/1DEA754E-152C-43E5-BEC6-5DBA3962D48B.jpg\",\"datePublished\":\"2024-07-03T08:56:15+00:00\",\"dateModified\":\"2026-04-10T04:13:37+00:00\",\"breadcrumb\":{\"@id\":\"https:\/\/www.liscianigiochi.com\/fr\/shop\/uncategorized\/barbie-my-trendy-nail-art-colour-change-fr\/#breadcrumb\"},\"inLanguage\":\"fr-FR\",\"potentialAction\":[{\"@type\":\"ReadAction\",\"target\":[\"https:\/\/www.liscianigiochi.com\/fr\/shop\/uncategorized\/barbie-my-trendy-nail-art-colour-change-fr\/\"]}]},{\"@type\":\"ImageObject\",\"inLanguage\":\"fr-FR\",\"@id\":\"https:\/\/www.liscianigiochi.com\/fr\/shop\/uncategorized\/barbie-my-trendy-nail-art-colour-change-fr\/#primaryimage\",\"url\":\"https:\/\/mf.liscianigiochi.it:8443\/media\/102747\/1DEA754E-152C-43E5-BEC6-5DBA3962D48B.jpg\",\"contentUrl\":\"https:\/\/mf.liscianigiochi.it:8443\/media\/102747\/1DEA754E-152C-43E5-BEC6-5DBA3962D48B.jpg\"},{\"@type\":\"BreadcrumbList\",\"@id\":\"https:\/\/www.liscianigiochi.com\/fr\/shop\/uncategorized\/barbie-my-trendy-nail-art-colour-change-fr\/#breadcrumb\",\"itemListElement\":[{\"@type\":\"ListItem\",\"position\":1,\"name\":\"Home\",\"item\":\"https:\/\/www.liscianigiochi.com\/\"},{\"@type\":\"ListItem\",\"position\":2,\"name\":\"Boutique\",\"item\":\"https:\/\/lg.udnt.it\/fr\/boutique\/\"},{\"@type\":\"ListItem\",\"position\":3,\"name\":\"Barbie My Trendy Nail Art Colour Change\"}]},{\"@type\":\"WebSite\",\"@id\":\"https:\/\/www.liscianigiochi.com\/#website\",\"url\":\"https:\/\/www.liscianigiochi.com\/\",\"name\":\"Lisciani Giochi\",\"description\":\"\",\"publisher\":{\"@id\":\"https:\/\/www.liscianigiochi.com\/#organization\"},\"potentialAction\":[{\"@type\":\"SearchAction\",\"target\":{\"@type\":\"EntryPoint\",\"urlTemplate\":\"https:\/\/www.liscianigiochi.com\/?s={search_term_string}\"},\"query-input\":{\"@type\":\"PropertyValueSpecification\",\"valueRequired\":true,\"valueName\":\"search_term_string\"}}],\"inLanguage\":\"fr-FR\"},{\"@type\":\"Organization\",\"@id\":\"https:\/\/www.liscianigiochi.com\/#organization\",\"name\":\"Lisciani Giochi\",\"url\":\"https:\/\/www.liscianigiochi.com\/\",\"logo\":{\"@type\":\"ImageObject\",\"inLanguage\":\"fr-FR\",\"@id\":\"https:\/\/www.liscianigiochi.com\/#\/schema\/logo\/image\/\",\"url\":\"https:\/\/www.liscianigiochi.com\/wp-content\/uploads\/2023\/10\/Logo@2x.png\",\"contentUrl\":\"https:\/\/www.liscianigiochi.com\/wp-content\/uploads\/2023\/10\/Logo@2x.png\",\"width\":384,\"height\":384,\"caption\":\"Lisciani Giochi\"},\"image\":{\"@id\":\"https:\/\/www.liscianigiochi.com\/#\/schema\/logo\/image\/\"},\"sameAs\":[\"https:\/\/www.facebook.com\/liscianigroup\",\"https:\/\/www.instagram.com\/liscianigiochi\/\"]}]}<\/script>\n<!-- \/ Yoast SEO plugin. -->","yoast_head_json":{"title":"Barbie My Trendy Nail Art Colour Change - Lisciani Giochi","robots":{"index":"index","follow":"follow","max-snippet":"max-snippet:-1","max-image-preview":"max-image-preview:large","max-video-preview":"max-video-preview:-1"},"canonical":"https:\/\/www.liscianigiochi.com\/fr\/shop\/uncategorized\/barbie-my-trendy-nail-art-colour-change-fr\/","og_locale":"fr_FR","og_type":"article","og_title":"Barbie My Trendy Nail Art Colour Change - Lisciani Giochi","og_description":"Cr\u00e9ez des vernis \u00e0 ongles magiques qui changent de couleur avec le nouveau kit Barbie !","og_url":"https:\/\/www.liscianigiochi.com\/fr\/shop\/uncategorized\/barbie-my-trendy-nail-art-colour-change-fr\/","og_site_name":"Lisciani Giochi","article_publisher":"https:\/\/www.facebook.com\/liscianigroup","article_modified_time":"2026-04-10T04:13:37+00:00","og_image":[{"url":"https:\/\/mf.liscianigiochi.it:8443\/media\/102747\/1DEA754E-152C-43E5-BEC6-5DBA3962D48B.jpg","type":"","width":"","height":""}],"twitter_card":"summary_large_image","twitter_image":"https:\/\/mf.liscianigiochi.it:8443\/media\/102747\/1DEA754E-152C-43E5-BEC6-5DBA3962D48B.jpg","schema":{"@context":"https:\/\/schema.org","@graph":[{"@type":"WebPage","@id":"https:\/\/www.liscianigiochi.com\/fr\/shop\/uncategorized\/barbie-my-trendy-nail-art-colour-change-fr\/","url":"https:\/\/www.liscianigiochi.com\/fr\/shop\/uncategorized\/barbie-my-trendy-nail-art-colour-change-fr\/","name":"Barbie My Trendy Nail Art Colour Change - Lisciani Giochi","isPartOf":{"@id":"https:\/\/www.liscianigiochi.com\/#website"},"primaryImageOfPage":{"@id":"https:\/\/www.liscianigiochi.com\/fr\/shop\/uncategorized\/barbie-my-trendy-nail-art-colour-change-fr\/#primaryimage"},"image":{"@id":"https:\/\/www.liscianigiochi.com\/fr\/shop\/uncategorized\/barbie-my-trendy-nail-art-colour-change-fr\/#primaryimage"},"thumbnailUrl":"https:\/\/mf.liscianigiochi.it:8443\/media\/102747\/1DEA754E-152C-43E5-BEC6-5DBA3962D48B.jpg","datePublished":"2024-07-03T08:56:15+00:00","dateModified":"2026-04-10T04:13:37+00:00","breadcrumb":{"@id":"https:\/\/www.liscianigiochi.com\/fr\/shop\/uncategorized\/barbie-my-trendy-nail-art-colour-change-fr\/#breadcrumb"},"inLanguage":"fr-FR","potentialAction":[{"@type":"ReadAction","target":["https:\/\/www.liscianigiochi.com\/fr\/shop\/uncategorized\/barbie-my-trendy-nail-art-colour-change-fr\/"]}]},{"@type":"ImageObject","inLanguage":"fr-FR","@id":"https:\/\/www.liscianigiochi.com\/fr\/shop\/uncategorized\/barbie-my-trendy-nail-art-colour-change-fr\/#primaryimage","url":"https:\/\/mf.liscianigiochi.it:8443\/media\/102747\/1DEA754E-152C-43E5-BEC6-5DBA3962D48B.jpg","contentUrl":"https:\/\/mf.liscianigiochi.it:8443\/media\/102747\/1DEA754E-152C-43E5-BEC6-5DBA3962D48B.jpg"},{"@type":"BreadcrumbList","@id":"https:\/\/www.liscianigiochi.com\/fr\/shop\/uncategorized\/barbie-my-trendy-nail-art-colour-change-fr\/#breadcrumb","itemListElement":[{"@type":"ListItem","position":1,"name":"Home","item":"https:\/\/www.liscianigiochi.com\/"},{"@type":"ListItem","position":2,"name":"Boutique","item":"https:\/\/lg.udnt.it\/fr\/boutique\/"},{"@type":"ListItem","position":3,"name":"Barbie My Trendy Nail Art Colour Change"}]},{"@type":"WebSite","@id":"https:\/\/www.liscianigiochi.com\/#website","url":"https:\/\/www.liscianigiochi.com\/","name":"Lisciani Giochi","description":"","publisher":{"@id":"https:\/\/www.liscianigiochi.com\/#organization"},"potentialAction":[{"@type":"SearchAction","target":{"@type":"EntryPoint","urlTemplate":"https:\/\/www.liscianigiochi.com\/?s={search_term_string}"},"query-input":{"@type":"PropertyValueSpecification","valueRequired":true,"valueName":"search_term_string"}}],"inLanguage":"fr-FR"},{"@type":"Organization","@id":"https:\/\/www.liscianigiochi.com\/#organization","name":"Lisciani Giochi","url":"https:\/\/www.liscianigiochi.com\/","logo":{"@type":"ImageObject","inLanguage":"fr-FR","@id":"https:\/\/www.liscianigiochi.com\/#\/schema\/logo\/image\/","url":"https:\/\/www.liscianigiochi.com\/wp-content\/uploads\/2023\/10\/Logo@2x.png","contentUrl":"https:\/\/www.liscianigiochi.com\/wp-content\/uploads\/2023\/10\/Logo@2x.png","width":384,"height":384,"caption":"Lisciani Giochi"},"image":{"@id":"https:\/\/www.liscianigiochi.com\/#\/schema\/logo\/image\/"},"sameAs":["https:\/\/www.facebook.com\/liscianigroup","https:\/\/www.instagram.com\/liscianigiochi\/"]}]}},"fifu_image_url":"https:\/\/mf.liscianigiochi.it:8443\/media\/102747\/1DEA754E-152C-43E5-BEC6-5DBA3962D48B.jpg","_links":{"self":[{"href":"https:\/\/www.liscianigiochi.com\/fr\/wp-json\/wp\/v2\/product\/670586","targetHints":{"allow":["GET"]}}],"collection":[{"href":"https:\/\/www.liscianigiochi.com\/fr\/wp-json\/wp\/v2\/product"}],"about":[{"href":"https:\/\/www.liscianigiochi.com\/fr\/wp-json\/wp\/v2\/types\/product"}],"wp:featuredmedia":[{"embeddable":true,"href":"https:\/\/www.liscianigiochi.com\/fr\/wp-json\/wp\/v2\/media\/1832857"}],"wp:attachment":[{"href":"https:\/\/www.liscianigiochi.com\/fr\/wp-json\/wp\/v2\/media?parent=670586"}],"wp:term":[{"taxonomy":"product_brand","embeddable":true,"href":"https:\/\/www.liscianigiochi.com\/fr\/wp-json\/wp\/v2\/product_brand?post=670586"},{"taxonomy":"product_cat","embeddable":true,"href":"https:\/\/www.liscianigiochi.com\/fr\/wp-json\/wp\/v2\/product_cat?post=670586"},{"taxonomy":"product_tag","embeddable":true,"href":"https:\/\/www.liscianigiochi.com\/fr\/wp-json\/wp\/v2\/product_tag?post=670586"}],"curies":[{"name":"wp","href":"https:\/\/api.w.org\/{rel}","templated":true}]}}