{"id":672602,"date":"2024-07-03T11:15:57","date_gmt":"2024-07-03T09:15:57","guid":{"rendered":"https:\/\/www.liscianigiochi.com\/shop\/uncategorized\/bing-puzzle-plus-24-faisons-la-fete-fr\/"},"modified":"2026-04-03T06:15:32","modified_gmt":"2026-04-03T04:15:32","slug":"bing-puzzle-plus-24-faisons-la-fete-fr","status":"publish","type":"product","link":"https:\/\/www.liscianigiochi.com\/fr\/shop\/puzzles-pour-enfants-fr\/puzzle-plus-24-fr\/bing-puzzle-plus-24-faisons-la-fete-fr\/","title":{"rendered":"Bing Puzzle Plus 24 &#8211; Faisons La F\u00eate !"},"content":{"rendered":"<p>Amuse-toi \u00e0 reconstituer les images et joue avec tes personnages pr\u00e9f\u00e9r\u00e9s ! Format: 35&#215;25 cm ; 24 pi\u00e8ces.<\/p>\n","protected":false},"excerpt":{"rendered":"<p>Amuser \u00e0 reconstituer les images !<\/p>\n","protected":false},"featured_media":1838381,"template":"","meta":{"_acf_changed":false},"product_brand":[],"product_cat":[2870,2836],"product_tag":[3059,3083,3088],"class_list":{"0":"post-672602","1":"product","2":"type-product","3":"status-publish","4":"has-post-thumbnail","6":"product_cat-puzzle-plus-24-fr","7":"product_cat-puzzles-pour-enfants-fr","8":"product_tag-3-4-ans-fr","9":"product_tag-bing-fr","10":"product_tag-bing-2-fr","12":"first","13":"instock","14":"shipping-taxable","15":"product-type-simple"},"acf":[],"yoast_head":"<!-- This site is optimized with the Yoast SEO plugin v26.5 - https:\/\/yoast.com\/wordpress\/plugins\/seo\/ -->\n<title>Bing Puzzle Plus 24 - Faisons La F\u00eate ! - Lisciani Giochi<\/title>\n<meta name=\"robots\" content=\"index, follow, max-snippet:-1, max-image-preview:large, max-video-preview:-1\" \/>\n<link rel=\"canonical\" href=\"https:\/\/www.liscianigiochi.com\/fr\/shop\/uncategorized\/bing-puzzle-plus-24-faisons-la-fete-fr\/\" \/>\n<meta property=\"og:locale\" content=\"fr_FR\" \/>\n<meta property=\"og:type\" content=\"article\" \/>\n<meta property=\"og:title\" content=\"Bing Puzzle Plus 24 - Faisons La F\u00eate ! - Lisciani Giochi\" \/>\n<meta property=\"og:description\" content=\"Amuser \u00e0 reconstituer les images !\" \/>\n<meta property=\"og:url\" content=\"https:\/\/www.liscianigiochi.com\/fr\/shop\/uncategorized\/bing-puzzle-plus-24-faisons-la-fete-fr\/\" \/>\n<meta property=\"og:site_name\" content=\"Lisciani Giochi\" \/>\n<meta property=\"article:publisher\" content=\"https:\/\/www.facebook.com\/liscianigroup\" \/>\n<meta property=\"article:modified_time\" content=\"2026-04-03T04:15:32+00:00\" \/>\n<meta property=\"og:image\" content=\"https:\/\/mf.liscianigiochi.it:8443\/media\/77960\/09269070-8B8B-4A57-9B15-A2C441E15524.jpg\" \/>\n<meta name=\"twitter:card\" content=\"summary_large_image\" \/>\n<meta name=\"twitter:image\" content=\"https:\/\/mf.liscianigiochi.it:8443\/media\/77960\/09269070-8B8B-4A57-9B15-A2C441E15524.jpg\" \/>\n<script type=\"application\/ld+json\" class=\"yoast-schema-graph\">{\"@context\":\"https:\/\/schema.org\",\"@graph\":[{\"@type\":\"WebPage\",\"@id\":\"https:\/\/www.liscianigiochi.com\/fr\/shop\/uncategorized\/bing-puzzle-plus-24-faisons-la-fete-fr\/\",\"url\":\"https:\/\/www.liscianigiochi.com\/fr\/shop\/uncategorized\/bing-puzzle-plus-24-faisons-la-fete-fr\/\",\"name\":\"Bing Puzzle Plus 24 - Faisons La F\u00eate ! - Lisciani Giochi\",\"isPartOf\":{\"@id\":\"https:\/\/www.liscianigiochi.com\/#website\"},\"primaryImageOfPage\":{\"@id\":\"https:\/\/www.liscianigiochi.com\/fr\/shop\/uncategorized\/bing-puzzle-plus-24-faisons-la-fete-fr\/#primaryimage\"},\"image\":{\"@id\":\"https:\/\/www.liscianigiochi.com\/fr\/shop\/uncategorized\/bing-puzzle-plus-24-faisons-la-fete-fr\/#primaryimage\"},\"thumbnailUrl\":\"https:\/\/mf.liscianigiochi.it:8443\/media\/77960\/09269070-8B8B-4A57-9B15-A2C441E15524.jpg\",\"datePublished\":\"2024-07-03T09:15:57+00:00\",\"dateModified\":\"2026-04-03T04:15:32+00:00\",\"breadcrumb\":{\"@id\":\"https:\/\/www.liscianigiochi.com\/fr\/shop\/uncategorized\/bing-puzzle-plus-24-faisons-la-fete-fr\/#breadcrumb\"},\"inLanguage\":\"fr-FR\",\"potentialAction\":[{\"@type\":\"ReadAction\",\"target\":[\"https:\/\/www.liscianigiochi.com\/fr\/shop\/uncategorized\/bing-puzzle-plus-24-faisons-la-fete-fr\/\"]}]},{\"@type\":\"ImageObject\",\"inLanguage\":\"fr-FR\",\"@id\":\"https:\/\/www.liscianigiochi.com\/fr\/shop\/uncategorized\/bing-puzzle-plus-24-faisons-la-fete-fr\/#primaryimage\",\"url\":\"https:\/\/mf.liscianigiochi.it:8443\/media\/77960\/09269070-8B8B-4A57-9B15-A2C441E15524.jpg\",\"contentUrl\":\"https:\/\/mf.liscianigiochi.it:8443\/media\/77960\/09269070-8B8B-4A57-9B15-A2C441E15524.jpg\"},{\"@type\":\"BreadcrumbList\",\"@id\":\"https:\/\/www.liscianigiochi.com\/fr\/shop\/uncategorized\/bing-puzzle-plus-24-faisons-la-fete-fr\/#breadcrumb\",\"itemListElement\":[{\"@type\":\"ListItem\",\"position\":1,\"name\":\"Home\",\"item\":\"https:\/\/www.liscianigiochi.com\/\"},{\"@type\":\"ListItem\",\"position\":2,\"name\":\"Boutique\",\"item\":\"https:\/\/lg.udnt.it\/fr\/boutique\/\"},{\"@type\":\"ListItem\",\"position\":3,\"name\":\"Bing Puzzle Plus 24 &#8211; Faisons La F\u00eate !\"}]},{\"@type\":\"WebSite\",\"@id\":\"https:\/\/www.liscianigiochi.com\/#website\",\"url\":\"https:\/\/www.liscianigiochi.com\/\",\"name\":\"Lisciani Giochi\",\"description\":\"\",\"publisher\":{\"@id\":\"https:\/\/www.liscianigiochi.com\/#organization\"},\"potentialAction\":[{\"@type\":\"SearchAction\",\"target\":{\"@type\":\"EntryPoint\",\"urlTemplate\":\"https:\/\/www.liscianigiochi.com\/?s={search_term_string}\"},\"query-input\":{\"@type\":\"PropertyValueSpecification\",\"valueRequired\":true,\"valueName\":\"search_term_string\"}}],\"inLanguage\":\"fr-FR\"},{\"@type\":\"Organization\",\"@id\":\"https:\/\/www.liscianigiochi.com\/#organization\",\"name\":\"Lisciani Giochi\",\"url\":\"https:\/\/www.liscianigiochi.com\/\",\"logo\":{\"@type\":\"ImageObject\",\"inLanguage\":\"fr-FR\",\"@id\":\"https:\/\/www.liscianigiochi.com\/#\/schema\/logo\/image\/\",\"url\":\"https:\/\/www.liscianigiochi.com\/wp-content\/uploads\/2023\/10\/Logo@2x.png\",\"contentUrl\":\"https:\/\/www.liscianigiochi.com\/wp-content\/uploads\/2023\/10\/Logo@2x.png\",\"width\":384,\"height\":384,\"caption\":\"Lisciani Giochi\"},\"image\":{\"@id\":\"https:\/\/www.liscianigiochi.com\/#\/schema\/logo\/image\/\"},\"sameAs\":[\"https:\/\/www.facebook.com\/liscianigroup\",\"https:\/\/www.instagram.com\/liscianigiochi\/\"]}]}<\/script>\n<!-- \/ Yoast SEO plugin. -->","yoast_head_json":{"title":"Bing Puzzle Plus 24 - Faisons La F\u00eate ! - Lisciani Giochi","robots":{"index":"index","follow":"follow","max-snippet":"max-snippet:-1","max-image-preview":"max-image-preview:large","max-video-preview":"max-video-preview:-1"},"canonical":"https:\/\/www.liscianigiochi.com\/fr\/shop\/uncategorized\/bing-puzzle-plus-24-faisons-la-fete-fr\/","og_locale":"fr_FR","og_type":"article","og_title":"Bing Puzzle Plus 24 - Faisons La F\u00eate ! - Lisciani Giochi","og_description":"Amuser \u00e0 reconstituer les images !","og_url":"https:\/\/www.liscianigiochi.com\/fr\/shop\/uncategorized\/bing-puzzle-plus-24-faisons-la-fete-fr\/","og_site_name":"Lisciani Giochi","article_publisher":"https:\/\/www.facebook.com\/liscianigroup","article_modified_time":"2026-04-03T04:15:32+00:00","og_image":[{"url":"https:\/\/mf.liscianigiochi.it:8443\/media\/77960\/09269070-8B8B-4A57-9B15-A2C441E15524.jpg","type":"","width":"","height":""}],"twitter_card":"summary_large_image","twitter_image":"https:\/\/mf.liscianigiochi.it:8443\/media\/77960\/09269070-8B8B-4A57-9B15-A2C441E15524.jpg","schema":{"@context":"https:\/\/schema.org","@graph":[{"@type":"WebPage","@id":"https:\/\/www.liscianigiochi.com\/fr\/shop\/uncategorized\/bing-puzzle-plus-24-faisons-la-fete-fr\/","url":"https:\/\/www.liscianigiochi.com\/fr\/shop\/uncategorized\/bing-puzzle-plus-24-faisons-la-fete-fr\/","name":"Bing Puzzle Plus 24 - Faisons La F\u00eate ! - Lisciani Giochi","isPartOf":{"@id":"https:\/\/www.liscianigiochi.com\/#website"},"primaryImageOfPage":{"@id":"https:\/\/www.liscianigiochi.com\/fr\/shop\/uncategorized\/bing-puzzle-plus-24-faisons-la-fete-fr\/#primaryimage"},"image":{"@id":"https:\/\/www.liscianigiochi.com\/fr\/shop\/uncategorized\/bing-puzzle-plus-24-faisons-la-fete-fr\/#primaryimage"},"thumbnailUrl":"https:\/\/mf.liscianigiochi.it:8443\/media\/77960\/09269070-8B8B-4A57-9B15-A2C441E15524.jpg","datePublished":"2024-07-03T09:15:57+00:00","dateModified":"2026-04-03T04:15:32+00:00","breadcrumb":{"@id":"https:\/\/www.liscianigiochi.com\/fr\/shop\/uncategorized\/bing-puzzle-plus-24-faisons-la-fete-fr\/#breadcrumb"},"inLanguage":"fr-FR","potentialAction":[{"@type":"ReadAction","target":["https:\/\/www.liscianigiochi.com\/fr\/shop\/uncategorized\/bing-puzzle-plus-24-faisons-la-fete-fr\/"]}]},{"@type":"ImageObject","inLanguage":"fr-FR","@id":"https:\/\/www.liscianigiochi.com\/fr\/shop\/uncategorized\/bing-puzzle-plus-24-faisons-la-fete-fr\/#primaryimage","url":"https:\/\/mf.liscianigiochi.it:8443\/media\/77960\/09269070-8B8B-4A57-9B15-A2C441E15524.jpg","contentUrl":"https:\/\/mf.liscianigiochi.it:8443\/media\/77960\/09269070-8B8B-4A57-9B15-A2C441E15524.jpg"},{"@type":"BreadcrumbList","@id":"https:\/\/www.liscianigiochi.com\/fr\/shop\/uncategorized\/bing-puzzle-plus-24-faisons-la-fete-fr\/#breadcrumb","itemListElement":[{"@type":"ListItem","position":1,"name":"Home","item":"https:\/\/www.liscianigiochi.com\/"},{"@type":"ListItem","position":2,"name":"Boutique","item":"https:\/\/lg.udnt.it\/fr\/boutique\/"},{"@type":"ListItem","position":3,"name":"Bing Puzzle Plus 24 &#8211; Faisons La F\u00eate !"}]},{"@type":"WebSite","@id":"https:\/\/www.liscianigiochi.com\/#website","url":"https:\/\/www.liscianigiochi.com\/","name":"Lisciani Giochi","description":"","publisher":{"@id":"https:\/\/www.liscianigiochi.com\/#organization"},"potentialAction":[{"@type":"SearchAction","target":{"@type":"EntryPoint","urlTemplate":"https:\/\/www.liscianigiochi.com\/?s={search_term_string}"},"query-input":{"@type":"PropertyValueSpecification","valueRequired":true,"valueName":"search_term_string"}}],"inLanguage":"fr-FR"},{"@type":"Organization","@id":"https:\/\/www.liscianigiochi.com\/#organization","name":"Lisciani Giochi","url":"https:\/\/www.liscianigiochi.com\/","logo":{"@type":"ImageObject","inLanguage":"fr-FR","@id":"https:\/\/www.liscianigiochi.com\/#\/schema\/logo\/image\/","url":"https:\/\/www.liscianigiochi.com\/wp-content\/uploads\/2023\/10\/Logo@2x.png","contentUrl":"https:\/\/www.liscianigiochi.com\/wp-content\/uploads\/2023\/10\/Logo@2x.png","width":384,"height":384,"caption":"Lisciani Giochi"},"image":{"@id":"https:\/\/www.liscianigiochi.com\/#\/schema\/logo\/image\/"},"sameAs":["https:\/\/www.facebook.com\/liscianigroup","https:\/\/www.instagram.com\/liscianigiochi\/"]}]}},"fifu_image_url":"https:\/\/mf.liscianigiochi.it:8443\/media\/77960\/09269070-8B8B-4A57-9B15-A2C441E15524.jpg","_links":{"self":[{"href":"https:\/\/www.liscianigiochi.com\/fr\/wp-json\/wp\/v2\/product\/672602","targetHints":{"allow":["GET"]}}],"collection":[{"href":"https:\/\/www.liscianigiochi.com\/fr\/wp-json\/wp\/v2\/product"}],"about":[{"href":"https:\/\/www.liscianigiochi.com\/fr\/wp-json\/wp\/v2\/types\/product"}],"wp:featuredmedia":[{"embeddable":true,"href":"https:\/\/www.liscianigiochi.com\/fr\/wp-json\/wp\/v2\/media\/1838381"}],"wp:attachment":[{"href":"https:\/\/www.liscianigiochi.com\/fr\/wp-json\/wp\/v2\/media?parent=672602"}],"wp:term":[{"taxonomy":"product_brand","embeddable":true,"href":"https:\/\/www.liscianigiochi.com\/fr\/wp-json\/wp\/v2\/product_brand?post=672602"},{"taxonomy":"product_cat","embeddable":true,"href":"https:\/\/www.liscianigiochi.com\/fr\/wp-json\/wp\/v2\/product_cat?post=672602"},{"taxonomy":"product_tag","embeddable":true,"href":"https:\/\/www.liscianigiochi.com\/fr\/wp-json\/wp\/v2\/product_tag?post=672602"}],"curies":[{"name":"wp","href":"https:\/\/api.w.org\/{rel}","templated":true}]}}