{"id":672896,"date":"2024-07-03T11:19:13","date_gmt":"2024-07-03T09:19:13","guid":{"rendered":"https:\/\/www.liscianigiochi.com\/shop\/uncategorized\/barbie-nail-art-colour-change-fr\/"},"modified":"2026-05-01T06:16:03","modified_gmt":"2026-05-01T04:16:03","slug":"barbie-nail-art-colour-change-fr","status":"publish","type":"product","link":"https:\/\/www.liscianigiochi.com\/fr\/shop\/jeux-creatifs-fr\/make-your-own-fr\/barbie-nail-art-colour-change-fr\/","title":{"rendered":"Barbie Nail Art Colour Change"},"content":{"rendered":"<p>&#8220;Amusez-vous \u00e0 cr\u00e9er des vernis \u00e0 ongles de plus en plus color\u00e9s avec le nouveau Barbie Fashion Nail Art. D\u00e9couvrez les nombreuses fa\u00e7ons de personnaliser votre vernis \u00e0 ongles, qui changera de couleur chaque fois qu&#8217;il entrera en contact avec de l&#8217;eau chaude ou froide. Avec le syst\u00e8me de changement de couleur, tu pourras inventer de nouvelles nuances, des couleurs toujours diff\u00e9rentes et \u00e0 la mode pour un amusement sans fin !<\/p>\n","protected":false},"excerpt":{"rendered":"<p>Cr\u00e9ez et amusez-vous avec les vernis \u00e0 ongles de Barbie qui changent de couleur !<\/p>\n","protected":false},"featured_media":1838551,"template":"","meta":{"_acf_changed":false},"product_brand":[],"product_cat":[2834,3363],"product_tag":[3061,3060,3078],"class_list":{"0":"post-672896","1":"product","2":"type-product","3":"status-publish","4":"has-post-thumbnail","6":"product_cat-jeux-creatifs-fr","7":"product_cat-make-your-own-fr","8":"product_tag-5-6-ans-fr","9":"product_tag-barbie-fr","10":"product_tag-mattel-fr","12":"first","13":"instock","14":"shipping-taxable","15":"product-type-simple"},"acf":[],"yoast_head":"<!-- This site is optimized with the Yoast SEO plugin v26.5 - https:\/\/yoast.com\/wordpress\/plugins\/seo\/ -->\n<title>Barbie Nail Art Colour Change - Lisciani Giochi<\/title>\n<meta name=\"robots\" content=\"index, follow, max-snippet:-1, max-image-preview:large, max-video-preview:-1\" \/>\n<link rel=\"canonical\" href=\"https:\/\/www.liscianigiochi.com\/fr\/shop\/jeux-creatifs-fr\/make-your-own-fr\/barbie-nail-art-colour-change-fr\/\" \/>\n<meta property=\"og:locale\" content=\"fr_FR\" \/>\n<meta property=\"og:type\" content=\"article\" \/>\n<meta property=\"og:title\" content=\"Barbie Nail Art Colour Change - Lisciani Giochi\" \/>\n<meta property=\"og:description\" content=\"Cr\u00e9ez et amusez-vous avec les vernis \u00e0 ongles de Barbie qui changent de couleur !\" \/>\n<meta property=\"og:url\" content=\"https:\/\/www.liscianigiochi.com\/fr\/shop\/jeux-creatifs-fr\/make-your-own-fr\/barbie-nail-art-colour-change-fr\/\" \/>\n<meta property=\"og:site_name\" content=\"Lisciani Giochi\" \/>\n<meta property=\"article:publisher\" content=\"https:\/\/www.facebook.com\/liscianigroup\" \/>\n<meta property=\"article:modified_time\" content=\"2026-05-01T04:16:03+00:00\" \/>\n<meta property=\"og:image\" content=\"https:\/\/mf.liscianigiochi.it:8443\/media\/97982\/63F1A54D-9E18-4059-92A1-C64846A61942.jpg\" \/>\n<meta name=\"twitter:card\" content=\"summary_large_image\" \/>\n<meta name=\"twitter:image\" content=\"https:\/\/mf.liscianigiochi.it:8443\/media\/97982\/63F1A54D-9E18-4059-92A1-C64846A61942.jpg\" \/>\n<script type=\"application\/ld+json\" class=\"yoast-schema-graph\">{\"@context\":\"https:\/\/schema.org\",\"@graph\":[{\"@type\":\"WebPage\",\"@id\":\"https:\/\/www.liscianigiochi.com\/fr\/shop\/jeux-creatifs-fr\/make-your-own-fr\/barbie-nail-art-colour-change-fr\/\",\"url\":\"https:\/\/www.liscianigiochi.com\/fr\/shop\/jeux-creatifs-fr\/make-your-own-fr\/barbie-nail-art-colour-change-fr\/\",\"name\":\"Barbie Nail Art Colour Change - Lisciani Giochi\",\"isPartOf\":{\"@id\":\"https:\/\/www.liscianigiochi.com\/#website\"},\"primaryImageOfPage\":{\"@id\":\"https:\/\/www.liscianigiochi.com\/fr\/shop\/jeux-creatifs-fr\/make-your-own-fr\/barbie-nail-art-colour-change-fr\/#primaryimage\"},\"image\":{\"@id\":\"https:\/\/www.liscianigiochi.com\/fr\/shop\/jeux-creatifs-fr\/make-your-own-fr\/barbie-nail-art-colour-change-fr\/#primaryimage\"},\"thumbnailUrl\":\"https:\/\/mf.liscianigiochi.it:8443\/media\/97982\/63F1A54D-9E18-4059-92A1-C64846A61942.jpg\",\"datePublished\":\"2024-07-03T09:19:13+00:00\",\"dateModified\":\"2026-05-01T04:16:03+00:00\",\"breadcrumb\":{\"@id\":\"https:\/\/www.liscianigiochi.com\/fr\/shop\/jeux-creatifs-fr\/make-your-own-fr\/barbie-nail-art-colour-change-fr\/#breadcrumb\"},\"inLanguage\":\"fr-FR\",\"potentialAction\":[{\"@type\":\"ReadAction\",\"target\":[\"https:\/\/www.liscianigiochi.com\/fr\/shop\/jeux-creatifs-fr\/make-your-own-fr\/barbie-nail-art-colour-change-fr\/\"]}]},{\"@type\":\"ImageObject\",\"inLanguage\":\"fr-FR\",\"@id\":\"https:\/\/www.liscianigiochi.com\/fr\/shop\/jeux-creatifs-fr\/make-your-own-fr\/barbie-nail-art-colour-change-fr\/#primaryimage\",\"url\":\"https:\/\/mf.liscianigiochi.it:8443\/media\/97982\/63F1A54D-9E18-4059-92A1-C64846A61942.jpg\",\"contentUrl\":\"https:\/\/mf.liscianigiochi.it:8443\/media\/97982\/63F1A54D-9E18-4059-92A1-C64846A61942.jpg\"},{\"@type\":\"BreadcrumbList\",\"@id\":\"https:\/\/www.liscianigiochi.com\/fr\/shop\/jeux-creatifs-fr\/make-your-own-fr\/barbie-nail-art-colour-change-fr\/#breadcrumb\",\"itemListElement\":[{\"@type\":\"ListItem\",\"position\":1,\"name\":\"Home\",\"item\":\"https:\/\/www.liscianigiochi.com\/\"},{\"@type\":\"ListItem\",\"position\":2,\"name\":\"Boutique\",\"item\":\"https:\/\/lg.udnt.it\/fr\/boutique\/\"},{\"@type\":\"ListItem\",\"position\":3,\"name\":\"Barbie Nail Art Colour Change\"}]},{\"@type\":\"WebSite\",\"@id\":\"https:\/\/www.liscianigiochi.com\/#website\",\"url\":\"https:\/\/www.liscianigiochi.com\/\",\"name\":\"Lisciani Giochi\",\"description\":\"\",\"publisher\":{\"@id\":\"https:\/\/www.liscianigiochi.com\/#organization\"},\"potentialAction\":[{\"@type\":\"SearchAction\",\"target\":{\"@type\":\"EntryPoint\",\"urlTemplate\":\"https:\/\/www.liscianigiochi.com\/?s={search_term_string}\"},\"query-input\":{\"@type\":\"PropertyValueSpecification\",\"valueRequired\":true,\"valueName\":\"search_term_string\"}}],\"inLanguage\":\"fr-FR\"},{\"@type\":\"Organization\",\"@id\":\"https:\/\/www.liscianigiochi.com\/#organization\",\"name\":\"Lisciani Giochi\",\"url\":\"https:\/\/www.liscianigiochi.com\/\",\"logo\":{\"@type\":\"ImageObject\",\"inLanguage\":\"fr-FR\",\"@id\":\"https:\/\/www.liscianigiochi.com\/#\/schema\/logo\/image\/\",\"url\":\"https:\/\/www.liscianigiochi.com\/wp-content\/uploads\/2023\/10\/Logo@2x.png\",\"contentUrl\":\"https:\/\/www.liscianigiochi.com\/wp-content\/uploads\/2023\/10\/Logo@2x.png\",\"width\":384,\"height\":384,\"caption\":\"Lisciani Giochi\"},\"image\":{\"@id\":\"https:\/\/www.liscianigiochi.com\/#\/schema\/logo\/image\/\"},\"sameAs\":[\"https:\/\/www.facebook.com\/liscianigroup\",\"https:\/\/www.instagram.com\/liscianigiochi\/\"]}]}<\/script>\n<!-- \/ Yoast SEO plugin. -->","yoast_head_json":{"title":"Barbie Nail Art Colour Change - Lisciani Giochi","robots":{"index":"index","follow":"follow","max-snippet":"max-snippet:-1","max-image-preview":"max-image-preview:large","max-video-preview":"max-video-preview:-1"},"canonical":"https:\/\/www.liscianigiochi.com\/fr\/shop\/jeux-creatifs-fr\/make-your-own-fr\/barbie-nail-art-colour-change-fr\/","og_locale":"fr_FR","og_type":"article","og_title":"Barbie Nail Art Colour Change - Lisciani Giochi","og_description":"Cr\u00e9ez et amusez-vous avec les vernis \u00e0 ongles de Barbie qui changent de couleur !","og_url":"https:\/\/www.liscianigiochi.com\/fr\/shop\/jeux-creatifs-fr\/make-your-own-fr\/barbie-nail-art-colour-change-fr\/","og_site_name":"Lisciani Giochi","article_publisher":"https:\/\/www.facebook.com\/liscianigroup","article_modified_time":"2026-05-01T04:16:03+00:00","og_image":[{"url":"https:\/\/mf.liscianigiochi.it:8443\/media\/97982\/63F1A54D-9E18-4059-92A1-C64846A61942.jpg","type":"","width":"","height":""}],"twitter_card":"summary_large_image","twitter_image":"https:\/\/mf.liscianigiochi.it:8443\/media\/97982\/63F1A54D-9E18-4059-92A1-C64846A61942.jpg","schema":{"@context":"https:\/\/schema.org","@graph":[{"@type":"WebPage","@id":"https:\/\/www.liscianigiochi.com\/fr\/shop\/jeux-creatifs-fr\/make-your-own-fr\/barbie-nail-art-colour-change-fr\/","url":"https:\/\/www.liscianigiochi.com\/fr\/shop\/jeux-creatifs-fr\/make-your-own-fr\/barbie-nail-art-colour-change-fr\/","name":"Barbie Nail Art Colour Change - Lisciani Giochi","isPartOf":{"@id":"https:\/\/www.liscianigiochi.com\/#website"},"primaryImageOfPage":{"@id":"https:\/\/www.liscianigiochi.com\/fr\/shop\/jeux-creatifs-fr\/make-your-own-fr\/barbie-nail-art-colour-change-fr\/#primaryimage"},"image":{"@id":"https:\/\/www.liscianigiochi.com\/fr\/shop\/jeux-creatifs-fr\/make-your-own-fr\/barbie-nail-art-colour-change-fr\/#primaryimage"},"thumbnailUrl":"https:\/\/mf.liscianigiochi.it:8443\/media\/97982\/63F1A54D-9E18-4059-92A1-C64846A61942.jpg","datePublished":"2024-07-03T09:19:13+00:00","dateModified":"2026-05-01T04:16:03+00:00","breadcrumb":{"@id":"https:\/\/www.liscianigiochi.com\/fr\/shop\/jeux-creatifs-fr\/make-your-own-fr\/barbie-nail-art-colour-change-fr\/#breadcrumb"},"inLanguage":"fr-FR","potentialAction":[{"@type":"ReadAction","target":["https:\/\/www.liscianigiochi.com\/fr\/shop\/jeux-creatifs-fr\/make-your-own-fr\/barbie-nail-art-colour-change-fr\/"]}]},{"@type":"ImageObject","inLanguage":"fr-FR","@id":"https:\/\/www.liscianigiochi.com\/fr\/shop\/jeux-creatifs-fr\/make-your-own-fr\/barbie-nail-art-colour-change-fr\/#primaryimage","url":"https:\/\/mf.liscianigiochi.it:8443\/media\/97982\/63F1A54D-9E18-4059-92A1-C64846A61942.jpg","contentUrl":"https:\/\/mf.liscianigiochi.it:8443\/media\/97982\/63F1A54D-9E18-4059-92A1-C64846A61942.jpg"},{"@type":"BreadcrumbList","@id":"https:\/\/www.liscianigiochi.com\/fr\/shop\/jeux-creatifs-fr\/make-your-own-fr\/barbie-nail-art-colour-change-fr\/#breadcrumb","itemListElement":[{"@type":"ListItem","position":1,"name":"Home","item":"https:\/\/www.liscianigiochi.com\/"},{"@type":"ListItem","position":2,"name":"Boutique","item":"https:\/\/lg.udnt.it\/fr\/boutique\/"},{"@type":"ListItem","position":3,"name":"Barbie Nail Art Colour Change"}]},{"@type":"WebSite","@id":"https:\/\/www.liscianigiochi.com\/#website","url":"https:\/\/www.liscianigiochi.com\/","name":"Lisciani Giochi","description":"","publisher":{"@id":"https:\/\/www.liscianigiochi.com\/#organization"},"potentialAction":[{"@type":"SearchAction","target":{"@type":"EntryPoint","urlTemplate":"https:\/\/www.liscianigiochi.com\/?s={search_term_string}"},"query-input":{"@type":"PropertyValueSpecification","valueRequired":true,"valueName":"search_term_string"}}],"inLanguage":"fr-FR"},{"@type":"Organization","@id":"https:\/\/www.liscianigiochi.com\/#organization","name":"Lisciani Giochi","url":"https:\/\/www.liscianigiochi.com\/","logo":{"@type":"ImageObject","inLanguage":"fr-FR","@id":"https:\/\/www.liscianigiochi.com\/#\/schema\/logo\/image\/","url":"https:\/\/www.liscianigiochi.com\/wp-content\/uploads\/2023\/10\/Logo@2x.png","contentUrl":"https:\/\/www.liscianigiochi.com\/wp-content\/uploads\/2023\/10\/Logo@2x.png","width":384,"height":384,"caption":"Lisciani Giochi"},"image":{"@id":"https:\/\/www.liscianigiochi.com\/#\/schema\/logo\/image\/"},"sameAs":["https:\/\/www.facebook.com\/liscianigroup","https:\/\/www.instagram.com\/liscianigiochi\/"]}]}},"fifu_image_url":"https:\/\/mf.liscianigiochi.it:8443\/media\/97982\/63F1A54D-9E18-4059-92A1-C64846A61942.jpg","_links":{"self":[{"href":"https:\/\/www.liscianigiochi.com\/fr\/wp-json\/wp\/v2\/product\/672896","targetHints":{"allow":["GET"]}}],"collection":[{"href":"https:\/\/www.liscianigiochi.com\/fr\/wp-json\/wp\/v2\/product"}],"about":[{"href":"https:\/\/www.liscianigiochi.com\/fr\/wp-json\/wp\/v2\/types\/product"}],"wp:featuredmedia":[{"embeddable":true,"href":"https:\/\/www.liscianigiochi.com\/fr\/wp-json\/wp\/v2\/media\/1838551"}],"wp:attachment":[{"href":"https:\/\/www.liscianigiochi.com\/fr\/wp-json\/wp\/v2\/media?parent=672896"}],"wp:term":[{"taxonomy":"product_brand","embeddable":true,"href":"https:\/\/www.liscianigiochi.com\/fr\/wp-json\/wp\/v2\/product_brand?post=672896"},{"taxonomy":"product_cat","embeddable":true,"href":"https:\/\/www.liscianigiochi.com\/fr\/wp-json\/wp\/v2\/product_cat?post=672896"},{"taxonomy":"product_tag","embeddable":true,"href":"https:\/\/www.liscianigiochi.com\/fr\/wp-json\/wp\/v2\/product_tag?post=672896"}],"curies":[{"name":"wp","href":"https:\/\/api.w.org\/{rel}","templated":true}]}}