{"id":674788,"date":"2024-07-03T11:35:24","date_gmt":"2024-07-03T09:35:24","guid":{"rendered":"https:\/\/www.liscianigiochi.com\/shop\/uncategorized\/monster-high-sketchbook-monster-cute-in-display-6-fr\/"},"modified":"2026-04-10T06:17:44","modified_gmt":"2026-04-10T04:17:44","slug":"monster-high-sketchbook-monster-cute-fr","status":"publish","type":"product","link":"https:\/\/www.liscianigiochi.com\/fr\/shop\/livres-prescolaires-sous-licence-fr\/monster-high-sketchbooks-fr\/monster-high-sketchbook-monster-cute-fr\/","title":{"rendered":"Monster High Sketchbook Monster Cute"},"content":{"rendered":"<p>Dans le myst\u00e9rieux dossier du carnet de croquis, d\u00e9couvrez de nombreuses activit\u00e9s amusantes. Sur les pages, il y a des personnages de la s\u00e9rie \u00e0 habiller avec des v\u00eatements autocollants scintillants et de nombreuses images fantastiques \u00e0 colorier avec les stylos fournis. De plus, il existe des pages autocollantes sp\u00e9ciales \u00e0 d\u00e9corer avec des feuilles \u00e0 effet m\u00e9tallique et holographique, de la poussi\u00e8re de paillettes et des pierres adh\u00e9sives.<\/p>\n","protected":false},"excerpt":{"rendered":"<p>D\u00e9couvrez de myst\u00e9rieuses activit\u00e9s cr\u00e9atives dans le carnet de croquis Monster High !<\/p>\n","protected":false},"featured_media":1839771,"template":"","meta":{"_acf_changed":false},"product_brand":[],"product_cat":[3348,3380],"product_tag":[3061,3078,3229],"class_list":{"0":"post-674788","1":"product","2":"type-product","3":"status-publish","4":"has-post-thumbnail","6":"product_cat-livres-prescolaires-sous-licence-fr","7":"product_cat-monster-high-sketchbooks-fr","8":"product_tag-5-6-ans-fr","9":"product_tag-mattel-fr","10":"product_tag-monster-high-fr","12":"first","13":"instock","14":"shipping-taxable","15":"product-type-simple"},"acf":[],"yoast_head":"<!-- This site is optimized with the Yoast SEO plugin v26.5 - https:\/\/yoast.com\/wordpress\/plugins\/seo\/ -->\n<title>Monster High Sketchbook Monster Cute - Lisciani Giochi<\/title>\n<meta name=\"robots\" content=\"index, follow, max-snippet:-1, max-image-preview:large, max-video-preview:-1\" \/>\n<link rel=\"canonical\" href=\"https:\/\/www.liscianigiochi.com\/fr\/shop\/livres-prescolaires-sous-licence-fr\/monster-high-sketchbooks-fr\/monster-high-sketchbook-monster-cute-fr\/\" \/>\n<meta property=\"og:locale\" content=\"fr_FR\" \/>\n<meta property=\"og:type\" content=\"article\" \/>\n<meta property=\"og:title\" content=\"Monster High Sketchbook Monster Cute - Lisciani Giochi\" \/>\n<meta property=\"og:description\" content=\"D\u00e9couvrez de myst\u00e9rieuses activit\u00e9s cr\u00e9atives dans le carnet de croquis Monster High !\" \/>\n<meta property=\"og:url\" content=\"https:\/\/www.liscianigiochi.com\/fr\/shop\/livres-prescolaires-sous-licence-fr\/monster-high-sketchbooks-fr\/monster-high-sketchbook-monster-cute-fr\/\" \/>\n<meta property=\"og:site_name\" content=\"Lisciani Giochi\" \/>\n<meta property=\"article:publisher\" content=\"https:\/\/www.facebook.com\/liscianigroup\" \/>\n<meta property=\"article:modified_time\" content=\"2026-04-10T04:17:44+00:00\" \/>\n<meta property=\"og:image\" content=\"https:\/\/mf.liscianigiochi.it:8443\/media\/12846\/8A7471B8-03E5-4AB7-B8DD-074CE05A1D28.jpg\" \/>\n<meta name=\"twitter:card\" content=\"summary_large_image\" \/>\n<meta name=\"twitter:image\" content=\"https:\/\/mf.liscianigiochi.it:8443\/media\/12846\/8A7471B8-03E5-4AB7-B8DD-074CE05A1D28.jpg\" \/>\n<script type=\"application\/ld+json\" class=\"yoast-schema-graph\">{\"@context\":\"https:\/\/schema.org\",\"@graph\":[{\"@type\":\"WebPage\",\"@id\":\"https:\/\/www.liscianigiochi.com\/fr\/shop\/livres-prescolaires-sous-licence-fr\/monster-high-sketchbooks-fr\/monster-high-sketchbook-monster-cute-fr\/\",\"url\":\"https:\/\/www.liscianigiochi.com\/fr\/shop\/livres-prescolaires-sous-licence-fr\/monster-high-sketchbooks-fr\/monster-high-sketchbook-monster-cute-fr\/\",\"name\":\"Monster High Sketchbook Monster Cute - Lisciani Giochi\",\"isPartOf\":{\"@id\":\"https:\/\/www.liscianigiochi.com\/#website\"},\"primaryImageOfPage\":{\"@id\":\"https:\/\/www.liscianigiochi.com\/fr\/shop\/livres-prescolaires-sous-licence-fr\/monster-high-sketchbooks-fr\/monster-high-sketchbook-monster-cute-fr\/#primaryimage\"},\"image\":{\"@id\":\"https:\/\/www.liscianigiochi.com\/fr\/shop\/livres-prescolaires-sous-licence-fr\/monster-high-sketchbooks-fr\/monster-high-sketchbook-monster-cute-fr\/#primaryimage\"},\"thumbnailUrl\":\"https:\/\/mf.liscianigiochi.it:8443\/media\/12846\/8A7471B8-03E5-4AB7-B8DD-074CE05A1D28.jpg\",\"datePublished\":\"2024-07-03T09:35:24+00:00\",\"dateModified\":\"2026-04-10T04:17:44+00:00\",\"breadcrumb\":{\"@id\":\"https:\/\/www.liscianigiochi.com\/fr\/shop\/livres-prescolaires-sous-licence-fr\/monster-high-sketchbooks-fr\/monster-high-sketchbook-monster-cute-fr\/#breadcrumb\"},\"inLanguage\":\"fr-FR\",\"potentialAction\":[{\"@type\":\"ReadAction\",\"target\":[\"https:\/\/www.liscianigiochi.com\/fr\/shop\/livres-prescolaires-sous-licence-fr\/monster-high-sketchbooks-fr\/monster-high-sketchbook-monster-cute-fr\/\"]}]},{\"@type\":\"ImageObject\",\"inLanguage\":\"fr-FR\",\"@id\":\"https:\/\/www.liscianigiochi.com\/fr\/shop\/livres-prescolaires-sous-licence-fr\/monster-high-sketchbooks-fr\/monster-high-sketchbook-monster-cute-fr\/#primaryimage\",\"url\":\"https:\/\/mf.liscianigiochi.it:8443\/media\/12846\/8A7471B8-03E5-4AB7-B8DD-074CE05A1D28.jpg\",\"contentUrl\":\"https:\/\/mf.liscianigiochi.it:8443\/media\/12846\/8A7471B8-03E5-4AB7-B8DD-074CE05A1D28.jpg\"},{\"@type\":\"BreadcrumbList\",\"@id\":\"https:\/\/www.liscianigiochi.com\/fr\/shop\/livres-prescolaires-sous-licence-fr\/monster-high-sketchbooks-fr\/monster-high-sketchbook-monster-cute-fr\/#breadcrumb\",\"itemListElement\":[{\"@type\":\"ListItem\",\"position\":1,\"name\":\"Home\",\"item\":\"https:\/\/www.liscianigiochi.com\/\"},{\"@type\":\"ListItem\",\"position\":2,\"name\":\"Boutique\",\"item\":\"https:\/\/lg.udnt.it\/fr\/boutique\/\"},{\"@type\":\"ListItem\",\"position\":3,\"name\":\"Monster High Sketchbook Monster Cute\"}]},{\"@type\":\"WebSite\",\"@id\":\"https:\/\/www.liscianigiochi.com\/#website\",\"url\":\"https:\/\/www.liscianigiochi.com\/\",\"name\":\"Lisciani Giochi\",\"description\":\"\",\"publisher\":{\"@id\":\"https:\/\/www.liscianigiochi.com\/#organization\"},\"potentialAction\":[{\"@type\":\"SearchAction\",\"target\":{\"@type\":\"EntryPoint\",\"urlTemplate\":\"https:\/\/www.liscianigiochi.com\/?s={search_term_string}\"},\"query-input\":{\"@type\":\"PropertyValueSpecification\",\"valueRequired\":true,\"valueName\":\"search_term_string\"}}],\"inLanguage\":\"fr-FR\"},{\"@type\":\"Organization\",\"@id\":\"https:\/\/www.liscianigiochi.com\/#organization\",\"name\":\"Lisciani Giochi\",\"url\":\"https:\/\/www.liscianigiochi.com\/\",\"logo\":{\"@type\":\"ImageObject\",\"inLanguage\":\"fr-FR\",\"@id\":\"https:\/\/www.liscianigiochi.com\/#\/schema\/logo\/image\/\",\"url\":\"https:\/\/www.liscianigiochi.com\/wp-content\/uploads\/2023\/10\/Logo@2x.png\",\"contentUrl\":\"https:\/\/www.liscianigiochi.com\/wp-content\/uploads\/2023\/10\/Logo@2x.png\",\"width\":384,\"height\":384,\"caption\":\"Lisciani Giochi\"},\"image\":{\"@id\":\"https:\/\/www.liscianigiochi.com\/#\/schema\/logo\/image\/\"},\"sameAs\":[\"https:\/\/www.facebook.com\/liscianigroup\",\"https:\/\/www.instagram.com\/liscianigiochi\/\"]}]}<\/script>\n<!-- \/ Yoast SEO plugin. -->","yoast_head_json":{"title":"Monster High Sketchbook Monster Cute - Lisciani Giochi","robots":{"index":"index","follow":"follow","max-snippet":"max-snippet:-1","max-image-preview":"max-image-preview:large","max-video-preview":"max-video-preview:-1"},"canonical":"https:\/\/www.liscianigiochi.com\/fr\/shop\/livres-prescolaires-sous-licence-fr\/monster-high-sketchbooks-fr\/monster-high-sketchbook-monster-cute-fr\/","og_locale":"fr_FR","og_type":"article","og_title":"Monster High Sketchbook Monster Cute - Lisciani Giochi","og_description":"D\u00e9couvrez de myst\u00e9rieuses activit\u00e9s cr\u00e9atives dans le carnet de croquis Monster High !","og_url":"https:\/\/www.liscianigiochi.com\/fr\/shop\/livres-prescolaires-sous-licence-fr\/monster-high-sketchbooks-fr\/monster-high-sketchbook-monster-cute-fr\/","og_site_name":"Lisciani Giochi","article_publisher":"https:\/\/www.facebook.com\/liscianigroup","article_modified_time":"2026-04-10T04:17:44+00:00","og_image":[{"url":"https:\/\/mf.liscianigiochi.it:8443\/media\/12846\/8A7471B8-03E5-4AB7-B8DD-074CE05A1D28.jpg","type":"","width":"","height":""}],"twitter_card":"summary_large_image","twitter_image":"https:\/\/mf.liscianigiochi.it:8443\/media\/12846\/8A7471B8-03E5-4AB7-B8DD-074CE05A1D28.jpg","schema":{"@context":"https:\/\/schema.org","@graph":[{"@type":"WebPage","@id":"https:\/\/www.liscianigiochi.com\/fr\/shop\/livres-prescolaires-sous-licence-fr\/monster-high-sketchbooks-fr\/monster-high-sketchbook-monster-cute-fr\/","url":"https:\/\/www.liscianigiochi.com\/fr\/shop\/livres-prescolaires-sous-licence-fr\/monster-high-sketchbooks-fr\/monster-high-sketchbook-monster-cute-fr\/","name":"Monster High Sketchbook Monster Cute - Lisciani Giochi","isPartOf":{"@id":"https:\/\/www.liscianigiochi.com\/#website"},"primaryImageOfPage":{"@id":"https:\/\/www.liscianigiochi.com\/fr\/shop\/livres-prescolaires-sous-licence-fr\/monster-high-sketchbooks-fr\/monster-high-sketchbook-monster-cute-fr\/#primaryimage"},"image":{"@id":"https:\/\/www.liscianigiochi.com\/fr\/shop\/livres-prescolaires-sous-licence-fr\/monster-high-sketchbooks-fr\/monster-high-sketchbook-monster-cute-fr\/#primaryimage"},"thumbnailUrl":"https:\/\/mf.liscianigiochi.it:8443\/media\/12846\/8A7471B8-03E5-4AB7-B8DD-074CE05A1D28.jpg","datePublished":"2024-07-03T09:35:24+00:00","dateModified":"2026-04-10T04:17:44+00:00","breadcrumb":{"@id":"https:\/\/www.liscianigiochi.com\/fr\/shop\/livres-prescolaires-sous-licence-fr\/monster-high-sketchbooks-fr\/monster-high-sketchbook-monster-cute-fr\/#breadcrumb"},"inLanguage":"fr-FR","potentialAction":[{"@type":"ReadAction","target":["https:\/\/www.liscianigiochi.com\/fr\/shop\/livres-prescolaires-sous-licence-fr\/monster-high-sketchbooks-fr\/monster-high-sketchbook-monster-cute-fr\/"]}]},{"@type":"ImageObject","inLanguage":"fr-FR","@id":"https:\/\/www.liscianigiochi.com\/fr\/shop\/livres-prescolaires-sous-licence-fr\/monster-high-sketchbooks-fr\/monster-high-sketchbook-monster-cute-fr\/#primaryimage","url":"https:\/\/mf.liscianigiochi.it:8443\/media\/12846\/8A7471B8-03E5-4AB7-B8DD-074CE05A1D28.jpg","contentUrl":"https:\/\/mf.liscianigiochi.it:8443\/media\/12846\/8A7471B8-03E5-4AB7-B8DD-074CE05A1D28.jpg"},{"@type":"BreadcrumbList","@id":"https:\/\/www.liscianigiochi.com\/fr\/shop\/livres-prescolaires-sous-licence-fr\/monster-high-sketchbooks-fr\/monster-high-sketchbook-monster-cute-fr\/#breadcrumb","itemListElement":[{"@type":"ListItem","position":1,"name":"Home","item":"https:\/\/www.liscianigiochi.com\/"},{"@type":"ListItem","position":2,"name":"Boutique","item":"https:\/\/lg.udnt.it\/fr\/boutique\/"},{"@type":"ListItem","position":3,"name":"Monster High Sketchbook Monster Cute"}]},{"@type":"WebSite","@id":"https:\/\/www.liscianigiochi.com\/#website","url":"https:\/\/www.liscianigiochi.com\/","name":"Lisciani Giochi","description":"","publisher":{"@id":"https:\/\/www.liscianigiochi.com\/#organization"},"potentialAction":[{"@type":"SearchAction","target":{"@type":"EntryPoint","urlTemplate":"https:\/\/www.liscianigiochi.com\/?s={search_term_string}"},"query-input":{"@type":"PropertyValueSpecification","valueRequired":true,"valueName":"search_term_string"}}],"inLanguage":"fr-FR"},{"@type":"Organization","@id":"https:\/\/www.liscianigiochi.com\/#organization","name":"Lisciani Giochi","url":"https:\/\/www.liscianigiochi.com\/","logo":{"@type":"ImageObject","inLanguage":"fr-FR","@id":"https:\/\/www.liscianigiochi.com\/#\/schema\/logo\/image\/","url":"https:\/\/www.liscianigiochi.com\/wp-content\/uploads\/2023\/10\/Logo@2x.png","contentUrl":"https:\/\/www.liscianigiochi.com\/wp-content\/uploads\/2023\/10\/Logo@2x.png","width":384,"height":384,"caption":"Lisciani Giochi"},"image":{"@id":"https:\/\/www.liscianigiochi.com\/#\/schema\/logo\/image\/"},"sameAs":["https:\/\/www.facebook.com\/liscianigroup","https:\/\/www.instagram.com\/liscianigiochi\/"]}]}},"fifu_image_url":"https:\/\/mf.liscianigiochi.it:8443\/media\/12846\/8A7471B8-03E5-4AB7-B8DD-074CE05A1D28.jpg","_links":{"self":[{"href":"https:\/\/www.liscianigiochi.com\/fr\/wp-json\/wp\/v2\/product\/674788","targetHints":{"allow":["GET"]}}],"collection":[{"href":"https:\/\/www.liscianigiochi.com\/fr\/wp-json\/wp\/v2\/product"}],"about":[{"href":"https:\/\/www.liscianigiochi.com\/fr\/wp-json\/wp\/v2\/types\/product"}],"wp:featuredmedia":[{"embeddable":true,"href":"https:\/\/www.liscianigiochi.com\/fr\/wp-json\/wp\/v2\/media\/1839771"}],"wp:attachment":[{"href":"https:\/\/www.liscianigiochi.com\/fr\/wp-json\/wp\/v2\/media?parent=674788"}],"wp:term":[{"taxonomy":"product_brand","embeddable":true,"href":"https:\/\/www.liscianigiochi.com\/fr\/wp-json\/wp\/v2\/product_brand?post=674788"},{"taxonomy":"product_cat","embeddable":true,"href":"https:\/\/www.liscianigiochi.com\/fr\/wp-json\/wp\/v2\/product_cat?post=674788"},{"taxonomy":"product_tag","embeddable":true,"href":"https:\/\/www.liscianigiochi.com\/fr\/wp-json\/wp\/v2\/product_tag?post=674788"}],"curies":[{"name":"wp","href":"https:\/\/api.w.org\/{rel}","templated":true}]}}