{"id":675135,"date":"2024-07-03T11:37:41","date_gmt":"2024-07-03T09:37:41","guid":{"rendered":"https:\/\/www.liscianigiochi.com\/shop\/uncategorized\/barbie-sketchbook-together-we-shine-fashion-studio-in-display-6-fr\/"},"modified":"2026-04-10T06:17:59","modified_gmt":"2026-04-10T04:17:59","slug":"barbie-sketchbook-together-we-shine-fashion-studio-fr","status":"publish","type":"product","link":"https:\/\/www.liscianigiochi.com\/fr\/shop\/livres-prescolaires-sous-licence-fr\/barbie-sketchbooks-fr\/barbie-sketchbook-together-we-shine-fashion-studio-fr\/","title":{"rendered":"Barbie Sketchbook Together We Shine &#8211; Fashion Studio"},"content":{"rendered":"<p>Devenez un brillant designer de superbes robes super fashion. Le livre de dossiers comprend un livret avec de nombreux mod\u00e8les, patrons, autocollants de v\u00eatements et accessoires et un pochoir avec les silhouettes des plus beaux v\u00eatements de Barbie.<\/p>\n","protected":false},"excerpt":{"rendered":"<p>Deviens une cr\u00e9atrice de mode avec le carnet de croquis Barbie !<\/p>\n","protected":false},"featured_media":1074132,"template":"","meta":{"_acf_changed":false},"product_brand":[],"product_cat":[3379,3348],"product_tag":[3061,3060,3078],"class_list":{"0":"post-675135","1":"product","2":"type-product","3":"status-publish","4":"has-post-thumbnail","6":"product_cat-barbie-sketchbooks-fr","7":"product_cat-livres-prescolaires-sous-licence-fr","8":"product_tag-5-6-ans-fr","9":"product_tag-barbie-fr","10":"product_tag-mattel-fr","12":"first","13":"instock","14":"shipping-taxable","15":"product-type-simple"},"acf":[],"yoast_head":"<!-- This site is optimized with the Yoast SEO plugin v26.5 - https:\/\/yoast.com\/wordpress\/plugins\/seo\/ -->\n<title>Barbie Sketchbook Together We Shine - Fashion Studio - Lisciani Giochi<\/title>\n<meta name=\"robots\" content=\"index, follow, max-snippet:-1, max-image-preview:large, max-video-preview:-1\" \/>\n<link rel=\"canonical\" href=\"https:\/\/www.liscianigiochi.com\/fr\/shop\/livres-prescolaires-sous-licence-fr\/barbie-sketchbooks-fr\/barbie-sketchbook-together-we-shine-fashion-studio-fr\/\" \/>\n<meta property=\"og:locale\" content=\"fr_FR\" \/>\n<meta property=\"og:type\" content=\"article\" \/>\n<meta property=\"og:title\" content=\"Barbie Sketchbook Together We Shine - Fashion Studio - Lisciani Giochi\" \/>\n<meta property=\"og:description\" content=\"Deviens une cr\u00e9atrice de mode avec le carnet de croquis Barbie !\" \/>\n<meta property=\"og:url\" content=\"https:\/\/www.liscianigiochi.com\/fr\/shop\/livres-prescolaires-sous-licence-fr\/barbie-sketchbooks-fr\/barbie-sketchbook-together-we-shine-fashion-studio-fr\/\" \/>\n<meta property=\"og:site_name\" content=\"Lisciani Giochi\" \/>\n<meta property=\"article:publisher\" content=\"https:\/\/www.facebook.com\/liscianigroup\" \/>\n<meta property=\"article:modified_time\" content=\"2026-04-10T04:17:59+00:00\" \/>\n<meta property=\"og:image\" content=\"https:\/\/mf.liscianigiochi.it:8443\/media\/12808\/665F33B8-4E1F-4552-8CD3-EC35033DDF29.jpg\" \/>\n<meta name=\"twitter:card\" content=\"summary_large_image\" \/>\n<meta name=\"twitter:image\" content=\"https:\/\/mf.liscianigiochi.it:8443\/media\/12808\/665F33B8-4E1F-4552-8CD3-EC35033DDF29.jpg\" \/>\n<script type=\"application\/ld+json\" class=\"yoast-schema-graph\">{\"@context\":\"https:\/\/schema.org\",\"@graph\":[{\"@type\":\"WebPage\",\"@id\":\"https:\/\/www.liscianigiochi.com\/fr\/shop\/livres-prescolaires-sous-licence-fr\/barbie-sketchbooks-fr\/barbie-sketchbook-together-we-shine-fashion-studio-fr\/\",\"url\":\"https:\/\/www.liscianigiochi.com\/fr\/shop\/livres-prescolaires-sous-licence-fr\/barbie-sketchbooks-fr\/barbie-sketchbook-together-we-shine-fashion-studio-fr\/\",\"name\":\"Barbie Sketchbook Together We Shine - Fashion Studio - Lisciani Giochi\",\"isPartOf\":{\"@id\":\"https:\/\/www.liscianigiochi.com\/#website\"},\"primaryImageOfPage\":{\"@id\":\"https:\/\/www.liscianigiochi.com\/fr\/shop\/livres-prescolaires-sous-licence-fr\/barbie-sketchbooks-fr\/barbie-sketchbook-together-we-shine-fashion-studio-fr\/#primaryimage\"},\"image\":{\"@id\":\"https:\/\/www.liscianigiochi.com\/fr\/shop\/livres-prescolaires-sous-licence-fr\/barbie-sketchbooks-fr\/barbie-sketchbook-together-we-shine-fashion-studio-fr\/#primaryimage\"},\"thumbnailUrl\":\"https:\/\/mf.liscianigiochi.it:8443\/media\/12808\/665F33B8-4E1F-4552-8CD3-EC35033DDF29.jpg\",\"datePublished\":\"2024-07-03T09:37:41+00:00\",\"dateModified\":\"2026-04-10T04:17:59+00:00\",\"breadcrumb\":{\"@id\":\"https:\/\/www.liscianigiochi.com\/fr\/shop\/livres-prescolaires-sous-licence-fr\/barbie-sketchbooks-fr\/barbie-sketchbook-together-we-shine-fashion-studio-fr\/#breadcrumb\"},\"inLanguage\":\"fr-FR\",\"potentialAction\":[{\"@type\":\"ReadAction\",\"target\":[\"https:\/\/www.liscianigiochi.com\/fr\/shop\/livres-prescolaires-sous-licence-fr\/barbie-sketchbooks-fr\/barbie-sketchbook-together-we-shine-fashion-studio-fr\/\"]}]},{\"@type\":\"ImageObject\",\"inLanguage\":\"fr-FR\",\"@id\":\"https:\/\/www.liscianigiochi.com\/fr\/shop\/livres-prescolaires-sous-licence-fr\/barbie-sketchbooks-fr\/barbie-sketchbook-together-we-shine-fashion-studio-fr\/#primaryimage\",\"url\":\"https:\/\/mf.liscianigiochi.it:8443\/media\/12808\/665F33B8-4E1F-4552-8CD3-EC35033DDF29.jpg\",\"contentUrl\":\"https:\/\/mf.liscianigiochi.it:8443\/media\/12808\/665F33B8-4E1F-4552-8CD3-EC35033DDF29.jpg\"},{\"@type\":\"BreadcrumbList\",\"@id\":\"https:\/\/www.liscianigiochi.com\/fr\/shop\/livres-prescolaires-sous-licence-fr\/barbie-sketchbooks-fr\/barbie-sketchbook-together-we-shine-fashion-studio-fr\/#breadcrumb\",\"itemListElement\":[{\"@type\":\"ListItem\",\"position\":1,\"name\":\"Home\",\"item\":\"https:\/\/www.liscianigiochi.com\/\"},{\"@type\":\"ListItem\",\"position\":2,\"name\":\"Boutique\",\"item\":\"https:\/\/lg.udnt.it\/fr\/boutique\/\"},{\"@type\":\"ListItem\",\"position\":3,\"name\":\"Barbie Sketchbook Together We Shine &#8211; Fashion Studio\"}]},{\"@type\":\"WebSite\",\"@id\":\"https:\/\/www.liscianigiochi.com\/#website\",\"url\":\"https:\/\/www.liscianigiochi.com\/\",\"name\":\"Lisciani Giochi\",\"description\":\"\",\"publisher\":{\"@id\":\"https:\/\/www.liscianigiochi.com\/#organization\"},\"potentialAction\":[{\"@type\":\"SearchAction\",\"target\":{\"@type\":\"EntryPoint\",\"urlTemplate\":\"https:\/\/www.liscianigiochi.com\/?s={search_term_string}\"},\"query-input\":{\"@type\":\"PropertyValueSpecification\",\"valueRequired\":true,\"valueName\":\"search_term_string\"}}],\"inLanguage\":\"fr-FR\"},{\"@type\":\"Organization\",\"@id\":\"https:\/\/www.liscianigiochi.com\/#organization\",\"name\":\"Lisciani Giochi\",\"url\":\"https:\/\/www.liscianigiochi.com\/\",\"logo\":{\"@type\":\"ImageObject\",\"inLanguage\":\"fr-FR\",\"@id\":\"https:\/\/www.liscianigiochi.com\/#\/schema\/logo\/image\/\",\"url\":\"https:\/\/www.liscianigiochi.com\/wp-content\/uploads\/2023\/10\/Logo@2x.png\",\"contentUrl\":\"https:\/\/www.liscianigiochi.com\/wp-content\/uploads\/2023\/10\/Logo@2x.png\",\"width\":384,\"height\":384,\"caption\":\"Lisciani Giochi\"},\"image\":{\"@id\":\"https:\/\/www.liscianigiochi.com\/#\/schema\/logo\/image\/\"},\"sameAs\":[\"https:\/\/www.facebook.com\/liscianigroup\",\"https:\/\/www.instagram.com\/liscianigiochi\/\"]}]}<\/script>\n<!-- \/ Yoast SEO plugin. -->","yoast_head_json":{"title":"Barbie Sketchbook Together We Shine - Fashion Studio - Lisciani Giochi","robots":{"index":"index","follow":"follow","max-snippet":"max-snippet:-1","max-image-preview":"max-image-preview:large","max-video-preview":"max-video-preview:-1"},"canonical":"https:\/\/www.liscianigiochi.com\/fr\/shop\/livres-prescolaires-sous-licence-fr\/barbie-sketchbooks-fr\/barbie-sketchbook-together-we-shine-fashion-studio-fr\/","og_locale":"fr_FR","og_type":"article","og_title":"Barbie Sketchbook Together We Shine - Fashion Studio - Lisciani Giochi","og_description":"Deviens une cr\u00e9atrice de mode avec le carnet de croquis Barbie !","og_url":"https:\/\/www.liscianigiochi.com\/fr\/shop\/livres-prescolaires-sous-licence-fr\/barbie-sketchbooks-fr\/barbie-sketchbook-together-we-shine-fashion-studio-fr\/","og_site_name":"Lisciani Giochi","article_publisher":"https:\/\/www.facebook.com\/liscianigroup","article_modified_time":"2026-04-10T04:17:59+00:00","og_image":[{"url":"https:\/\/mf.liscianigiochi.it:8443\/media\/12808\/665F33B8-4E1F-4552-8CD3-EC35033DDF29.jpg","type":"","width":"","height":""}],"twitter_card":"summary_large_image","twitter_image":"https:\/\/mf.liscianigiochi.it:8443\/media\/12808\/665F33B8-4E1F-4552-8CD3-EC35033DDF29.jpg","schema":{"@context":"https:\/\/schema.org","@graph":[{"@type":"WebPage","@id":"https:\/\/www.liscianigiochi.com\/fr\/shop\/livres-prescolaires-sous-licence-fr\/barbie-sketchbooks-fr\/barbie-sketchbook-together-we-shine-fashion-studio-fr\/","url":"https:\/\/www.liscianigiochi.com\/fr\/shop\/livres-prescolaires-sous-licence-fr\/barbie-sketchbooks-fr\/barbie-sketchbook-together-we-shine-fashion-studio-fr\/","name":"Barbie Sketchbook Together We Shine - Fashion Studio - Lisciani Giochi","isPartOf":{"@id":"https:\/\/www.liscianigiochi.com\/#website"},"primaryImageOfPage":{"@id":"https:\/\/www.liscianigiochi.com\/fr\/shop\/livres-prescolaires-sous-licence-fr\/barbie-sketchbooks-fr\/barbie-sketchbook-together-we-shine-fashion-studio-fr\/#primaryimage"},"image":{"@id":"https:\/\/www.liscianigiochi.com\/fr\/shop\/livres-prescolaires-sous-licence-fr\/barbie-sketchbooks-fr\/barbie-sketchbook-together-we-shine-fashion-studio-fr\/#primaryimage"},"thumbnailUrl":"https:\/\/mf.liscianigiochi.it:8443\/media\/12808\/665F33B8-4E1F-4552-8CD3-EC35033DDF29.jpg","datePublished":"2024-07-03T09:37:41+00:00","dateModified":"2026-04-10T04:17:59+00:00","breadcrumb":{"@id":"https:\/\/www.liscianigiochi.com\/fr\/shop\/livres-prescolaires-sous-licence-fr\/barbie-sketchbooks-fr\/barbie-sketchbook-together-we-shine-fashion-studio-fr\/#breadcrumb"},"inLanguage":"fr-FR","potentialAction":[{"@type":"ReadAction","target":["https:\/\/www.liscianigiochi.com\/fr\/shop\/livres-prescolaires-sous-licence-fr\/barbie-sketchbooks-fr\/barbie-sketchbook-together-we-shine-fashion-studio-fr\/"]}]},{"@type":"ImageObject","inLanguage":"fr-FR","@id":"https:\/\/www.liscianigiochi.com\/fr\/shop\/livres-prescolaires-sous-licence-fr\/barbie-sketchbooks-fr\/barbie-sketchbook-together-we-shine-fashion-studio-fr\/#primaryimage","url":"https:\/\/mf.liscianigiochi.it:8443\/media\/12808\/665F33B8-4E1F-4552-8CD3-EC35033DDF29.jpg","contentUrl":"https:\/\/mf.liscianigiochi.it:8443\/media\/12808\/665F33B8-4E1F-4552-8CD3-EC35033DDF29.jpg"},{"@type":"BreadcrumbList","@id":"https:\/\/www.liscianigiochi.com\/fr\/shop\/livres-prescolaires-sous-licence-fr\/barbie-sketchbooks-fr\/barbie-sketchbook-together-we-shine-fashion-studio-fr\/#breadcrumb","itemListElement":[{"@type":"ListItem","position":1,"name":"Home","item":"https:\/\/www.liscianigiochi.com\/"},{"@type":"ListItem","position":2,"name":"Boutique","item":"https:\/\/lg.udnt.it\/fr\/boutique\/"},{"@type":"ListItem","position":3,"name":"Barbie Sketchbook Together We Shine &#8211; Fashion Studio"}]},{"@type":"WebSite","@id":"https:\/\/www.liscianigiochi.com\/#website","url":"https:\/\/www.liscianigiochi.com\/","name":"Lisciani Giochi","description":"","publisher":{"@id":"https:\/\/www.liscianigiochi.com\/#organization"},"potentialAction":[{"@type":"SearchAction","target":{"@type":"EntryPoint","urlTemplate":"https:\/\/www.liscianigiochi.com\/?s={search_term_string}"},"query-input":{"@type":"PropertyValueSpecification","valueRequired":true,"valueName":"search_term_string"}}],"inLanguage":"fr-FR"},{"@type":"Organization","@id":"https:\/\/www.liscianigiochi.com\/#organization","name":"Lisciani Giochi","url":"https:\/\/www.liscianigiochi.com\/","logo":{"@type":"ImageObject","inLanguage":"fr-FR","@id":"https:\/\/www.liscianigiochi.com\/#\/schema\/logo\/image\/","url":"https:\/\/www.liscianigiochi.com\/wp-content\/uploads\/2023\/10\/Logo@2x.png","contentUrl":"https:\/\/www.liscianigiochi.com\/wp-content\/uploads\/2023\/10\/Logo@2x.png","width":384,"height":384,"caption":"Lisciani Giochi"},"image":{"@id":"https:\/\/www.liscianigiochi.com\/#\/schema\/logo\/image\/"},"sameAs":["https:\/\/www.facebook.com\/liscianigroup","https:\/\/www.instagram.com\/liscianigiochi\/"]}]}},"fifu_image_url":"https:\/\/mf.liscianigiochi.it:8443\/media\/12808\/665F33B8-4E1F-4552-8CD3-EC35033DDF29.jpg","_links":{"self":[{"href":"https:\/\/www.liscianigiochi.com\/fr\/wp-json\/wp\/v2\/product\/675135","targetHints":{"allow":["GET"]}}],"collection":[{"href":"https:\/\/www.liscianigiochi.com\/fr\/wp-json\/wp\/v2\/product"}],"about":[{"href":"https:\/\/www.liscianigiochi.com\/fr\/wp-json\/wp\/v2\/types\/product"}],"wp:featuredmedia":[{"embeddable":true,"href":"https:\/\/www.liscianigiochi.com\/fr\/wp-json\/wp\/v2\/media\/1074132"}],"wp:attachment":[{"href":"https:\/\/www.liscianigiochi.com\/fr\/wp-json\/wp\/v2\/media?parent=675135"}],"wp:term":[{"taxonomy":"product_brand","embeddable":true,"href":"https:\/\/www.liscianigiochi.com\/fr\/wp-json\/wp\/v2\/product_brand?post=675135"},{"taxonomy":"product_cat","embeddable":true,"href":"https:\/\/www.liscianigiochi.com\/fr\/wp-json\/wp\/v2\/product_cat?post=675135"},{"taxonomy":"product_tag","embeddable":true,"href":"https:\/\/www.liscianigiochi.com\/fr\/wp-json\/wp\/v2\/product_tag?post=675135"}],"curies":[{"name":"wp","href":"https:\/\/api.w.org\/{rel}","templated":true}]}}