{"id":675792,"date":"2024-07-03T11:44:23","date_gmt":"2024-07-03T09:44:23","guid":{"rendered":"https:\/\/www.liscianigiochi.com\/shop\/uncategorized\/princess-diamond-jewellery-kit-in-display-12-fr\/"},"modified":"2026-05-01T06:18:57","modified_gmt":"2026-05-01T04:18:57","slug":"prcess-diamond-jewellery-kit-fr","status":"publish","type":"product","link":"https:\/\/www.liscianigiochi.com\/fr\/shop\/jeux-creatifs-fr\/beads-and-jewelry-fr\/prcess-diamond-jewellery-kit-fr\/","title":{"rendered":"Prcess Diamond Jewellery Kit"},"content":{"rendered":"<p>Enferm\u00e9 dans une pr\u00e9cieuse bo\u00eete en forme de diamant, un fantastique kit de perles color\u00e9es et paillet\u00e9es pour r\u00e9aliser des bracelets et des colliers super originaux. Utilisez les charms color\u00e9s avec 5 princesses pour personnaliser vos cr\u00e9ations et les rendre encore plus sp\u00e9ciales.<\/p>\n","protected":false},"excerpt":{"rendered":"<p>Divertissez-vous en cr\u00e9ant vos jeux personnalis\u00e9s avec le Principesse Disney\u00a0!<\/p>\n","protected":false},"featured_media":1840156,"template":"","meta":{"_acf_changed":false},"product_brand":[],"product_cat":[2857,2834],"product_tag":[3059,3061,3073,3067],"class_list":{"0":"post-675792","1":"product","2":"type-product","3":"status-publish","4":"has-post-thumbnail","6":"product_cat-beads-and-jewelry-fr","7":"product_cat-jeux-creatifs-fr","8":"product_tag-3-4-ans-fr","9":"product_tag-5-6-ans-fr","10":"product_tag-disney-giocattolo-fr","11":"product_tag-disney-princess-fr","13":"first","14":"instock","15":"shipping-taxable","16":"product-type-simple"},"acf":[],"yoast_head":"<!-- This site is optimized with the Yoast SEO plugin v26.5 - https:\/\/yoast.com\/wordpress\/plugins\/seo\/ -->\n<title>Prcess Diamond Jewellery Kit - Lisciani Giochi<\/title>\n<meta name=\"robots\" content=\"index, follow, max-snippet:-1, max-image-preview:large, max-video-preview:-1\" \/>\n<link rel=\"canonical\" href=\"https:\/\/www.liscianigiochi.com\/fr\/shop\/jeux-creatifs-fr\/beads-and-jewelry-fr\/prcess-diamond-jewellery-kit-fr\/\" \/>\n<meta property=\"og:locale\" content=\"fr_FR\" \/>\n<meta property=\"og:type\" content=\"article\" \/>\n<meta property=\"og:title\" content=\"Prcess Diamond Jewellery Kit - Lisciani Giochi\" \/>\n<meta property=\"og:description\" content=\"Divertissez-vous en cr\u00e9ant vos jeux personnalis\u00e9s avec le Principesse Disney\u00a0!\" \/>\n<meta property=\"og:url\" content=\"https:\/\/www.liscianigiochi.com\/fr\/shop\/jeux-creatifs-fr\/beads-and-jewelry-fr\/prcess-diamond-jewellery-kit-fr\/\" \/>\n<meta property=\"og:site_name\" content=\"Lisciani Giochi\" \/>\n<meta property=\"article:publisher\" content=\"https:\/\/www.facebook.com\/liscianigroup\" \/>\n<meta property=\"article:modified_time\" content=\"2026-05-01T04:18:57+00:00\" \/>\n<meta property=\"og:image\" content=\"https:\/\/mf.liscianigiochi.it:8443\/media\/104598\/5795038E-5FD8-4E71-81A3-F752EC224F40.jpg\" \/>\n<meta name=\"twitter:card\" content=\"summary_large_image\" \/>\n<meta name=\"twitter:image\" content=\"https:\/\/mf.liscianigiochi.it:8443\/media\/104598\/5795038E-5FD8-4E71-81A3-F752EC224F40.jpg\" \/>\n<script type=\"application\/ld+json\" class=\"yoast-schema-graph\">{\"@context\":\"https:\/\/schema.org\",\"@graph\":[{\"@type\":\"WebPage\",\"@id\":\"https:\/\/www.liscianigiochi.com\/fr\/shop\/jeux-creatifs-fr\/beads-and-jewelry-fr\/prcess-diamond-jewellery-kit-fr\/\",\"url\":\"https:\/\/www.liscianigiochi.com\/fr\/shop\/jeux-creatifs-fr\/beads-and-jewelry-fr\/prcess-diamond-jewellery-kit-fr\/\",\"name\":\"Prcess Diamond Jewellery Kit - Lisciani Giochi\",\"isPartOf\":{\"@id\":\"https:\/\/www.liscianigiochi.com\/#website\"},\"primaryImageOfPage\":{\"@id\":\"https:\/\/www.liscianigiochi.com\/fr\/shop\/jeux-creatifs-fr\/beads-and-jewelry-fr\/prcess-diamond-jewellery-kit-fr\/#primaryimage\"},\"image\":{\"@id\":\"https:\/\/www.liscianigiochi.com\/fr\/shop\/jeux-creatifs-fr\/beads-and-jewelry-fr\/prcess-diamond-jewellery-kit-fr\/#primaryimage\"},\"thumbnailUrl\":\"https:\/\/mf.liscianigiochi.it:8443\/media\/104598\/5795038E-5FD8-4E71-81A3-F752EC224F40.jpg\",\"datePublished\":\"2024-07-03T09:44:23+00:00\",\"dateModified\":\"2026-05-01T04:18:57+00:00\",\"breadcrumb\":{\"@id\":\"https:\/\/www.liscianigiochi.com\/fr\/shop\/jeux-creatifs-fr\/beads-and-jewelry-fr\/prcess-diamond-jewellery-kit-fr\/#breadcrumb\"},\"inLanguage\":\"fr-FR\",\"potentialAction\":[{\"@type\":\"ReadAction\",\"target\":[\"https:\/\/www.liscianigiochi.com\/fr\/shop\/jeux-creatifs-fr\/beads-and-jewelry-fr\/prcess-diamond-jewellery-kit-fr\/\"]}]},{\"@type\":\"ImageObject\",\"inLanguage\":\"fr-FR\",\"@id\":\"https:\/\/www.liscianigiochi.com\/fr\/shop\/jeux-creatifs-fr\/beads-and-jewelry-fr\/prcess-diamond-jewellery-kit-fr\/#primaryimage\",\"url\":\"https:\/\/mf.liscianigiochi.it:8443\/media\/104598\/5795038E-5FD8-4E71-81A3-F752EC224F40.jpg\",\"contentUrl\":\"https:\/\/mf.liscianigiochi.it:8443\/media\/104598\/5795038E-5FD8-4E71-81A3-F752EC224F40.jpg\"},{\"@type\":\"BreadcrumbList\",\"@id\":\"https:\/\/www.liscianigiochi.com\/fr\/shop\/jeux-creatifs-fr\/beads-and-jewelry-fr\/prcess-diamond-jewellery-kit-fr\/#breadcrumb\",\"itemListElement\":[{\"@type\":\"ListItem\",\"position\":1,\"name\":\"Home\",\"item\":\"https:\/\/www.liscianigiochi.com\/\"},{\"@type\":\"ListItem\",\"position\":2,\"name\":\"Boutique\",\"item\":\"https:\/\/lg.udnt.it\/fr\/boutique\/\"},{\"@type\":\"ListItem\",\"position\":3,\"name\":\"Prcess Diamond Jewellery Kit\"}]},{\"@type\":\"WebSite\",\"@id\":\"https:\/\/www.liscianigiochi.com\/#website\",\"url\":\"https:\/\/www.liscianigiochi.com\/\",\"name\":\"Lisciani Giochi\",\"description\":\"\",\"publisher\":{\"@id\":\"https:\/\/www.liscianigiochi.com\/#organization\"},\"potentialAction\":[{\"@type\":\"SearchAction\",\"target\":{\"@type\":\"EntryPoint\",\"urlTemplate\":\"https:\/\/www.liscianigiochi.com\/?s={search_term_string}\"},\"query-input\":{\"@type\":\"PropertyValueSpecification\",\"valueRequired\":true,\"valueName\":\"search_term_string\"}}],\"inLanguage\":\"fr-FR\"},{\"@type\":\"Organization\",\"@id\":\"https:\/\/www.liscianigiochi.com\/#organization\",\"name\":\"Lisciani Giochi\",\"url\":\"https:\/\/www.liscianigiochi.com\/\",\"logo\":{\"@type\":\"ImageObject\",\"inLanguage\":\"fr-FR\",\"@id\":\"https:\/\/www.liscianigiochi.com\/#\/schema\/logo\/image\/\",\"url\":\"https:\/\/www.liscianigiochi.com\/wp-content\/uploads\/2023\/10\/Logo@2x.png\",\"contentUrl\":\"https:\/\/www.liscianigiochi.com\/wp-content\/uploads\/2023\/10\/Logo@2x.png\",\"width\":384,\"height\":384,\"caption\":\"Lisciani Giochi\"},\"image\":{\"@id\":\"https:\/\/www.liscianigiochi.com\/#\/schema\/logo\/image\/\"},\"sameAs\":[\"https:\/\/www.facebook.com\/liscianigroup\",\"https:\/\/www.instagram.com\/liscianigiochi\/\"]}]}<\/script>\n<!-- \/ Yoast SEO plugin. -->","yoast_head_json":{"title":"Prcess Diamond Jewellery Kit - Lisciani Giochi","robots":{"index":"index","follow":"follow","max-snippet":"max-snippet:-1","max-image-preview":"max-image-preview:large","max-video-preview":"max-video-preview:-1"},"canonical":"https:\/\/www.liscianigiochi.com\/fr\/shop\/jeux-creatifs-fr\/beads-and-jewelry-fr\/prcess-diamond-jewellery-kit-fr\/","og_locale":"fr_FR","og_type":"article","og_title":"Prcess Diamond Jewellery Kit - Lisciani Giochi","og_description":"Divertissez-vous en cr\u00e9ant vos jeux personnalis\u00e9s avec le Principesse Disney\u00a0!","og_url":"https:\/\/www.liscianigiochi.com\/fr\/shop\/jeux-creatifs-fr\/beads-and-jewelry-fr\/prcess-diamond-jewellery-kit-fr\/","og_site_name":"Lisciani Giochi","article_publisher":"https:\/\/www.facebook.com\/liscianigroup","article_modified_time":"2026-05-01T04:18:57+00:00","og_image":[{"url":"https:\/\/mf.liscianigiochi.it:8443\/media\/104598\/5795038E-5FD8-4E71-81A3-F752EC224F40.jpg","type":"","width":"","height":""}],"twitter_card":"summary_large_image","twitter_image":"https:\/\/mf.liscianigiochi.it:8443\/media\/104598\/5795038E-5FD8-4E71-81A3-F752EC224F40.jpg","schema":{"@context":"https:\/\/schema.org","@graph":[{"@type":"WebPage","@id":"https:\/\/www.liscianigiochi.com\/fr\/shop\/jeux-creatifs-fr\/beads-and-jewelry-fr\/prcess-diamond-jewellery-kit-fr\/","url":"https:\/\/www.liscianigiochi.com\/fr\/shop\/jeux-creatifs-fr\/beads-and-jewelry-fr\/prcess-diamond-jewellery-kit-fr\/","name":"Prcess Diamond Jewellery Kit - Lisciani Giochi","isPartOf":{"@id":"https:\/\/www.liscianigiochi.com\/#website"},"primaryImageOfPage":{"@id":"https:\/\/www.liscianigiochi.com\/fr\/shop\/jeux-creatifs-fr\/beads-and-jewelry-fr\/prcess-diamond-jewellery-kit-fr\/#primaryimage"},"image":{"@id":"https:\/\/www.liscianigiochi.com\/fr\/shop\/jeux-creatifs-fr\/beads-and-jewelry-fr\/prcess-diamond-jewellery-kit-fr\/#primaryimage"},"thumbnailUrl":"https:\/\/mf.liscianigiochi.it:8443\/media\/104598\/5795038E-5FD8-4E71-81A3-F752EC224F40.jpg","datePublished":"2024-07-03T09:44:23+00:00","dateModified":"2026-05-01T04:18:57+00:00","breadcrumb":{"@id":"https:\/\/www.liscianigiochi.com\/fr\/shop\/jeux-creatifs-fr\/beads-and-jewelry-fr\/prcess-diamond-jewellery-kit-fr\/#breadcrumb"},"inLanguage":"fr-FR","potentialAction":[{"@type":"ReadAction","target":["https:\/\/www.liscianigiochi.com\/fr\/shop\/jeux-creatifs-fr\/beads-and-jewelry-fr\/prcess-diamond-jewellery-kit-fr\/"]}]},{"@type":"ImageObject","inLanguage":"fr-FR","@id":"https:\/\/www.liscianigiochi.com\/fr\/shop\/jeux-creatifs-fr\/beads-and-jewelry-fr\/prcess-diamond-jewellery-kit-fr\/#primaryimage","url":"https:\/\/mf.liscianigiochi.it:8443\/media\/104598\/5795038E-5FD8-4E71-81A3-F752EC224F40.jpg","contentUrl":"https:\/\/mf.liscianigiochi.it:8443\/media\/104598\/5795038E-5FD8-4E71-81A3-F752EC224F40.jpg"},{"@type":"BreadcrumbList","@id":"https:\/\/www.liscianigiochi.com\/fr\/shop\/jeux-creatifs-fr\/beads-and-jewelry-fr\/prcess-diamond-jewellery-kit-fr\/#breadcrumb","itemListElement":[{"@type":"ListItem","position":1,"name":"Home","item":"https:\/\/www.liscianigiochi.com\/"},{"@type":"ListItem","position":2,"name":"Boutique","item":"https:\/\/lg.udnt.it\/fr\/boutique\/"},{"@type":"ListItem","position":3,"name":"Prcess Diamond Jewellery Kit"}]},{"@type":"WebSite","@id":"https:\/\/www.liscianigiochi.com\/#website","url":"https:\/\/www.liscianigiochi.com\/","name":"Lisciani Giochi","description":"","publisher":{"@id":"https:\/\/www.liscianigiochi.com\/#organization"},"potentialAction":[{"@type":"SearchAction","target":{"@type":"EntryPoint","urlTemplate":"https:\/\/www.liscianigiochi.com\/?s={search_term_string}"},"query-input":{"@type":"PropertyValueSpecification","valueRequired":true,"valueName":"search_term_string"}}],"inLanguage":"fr-FR"},{"@type":"Organization","@id":"https:\/\/www.liscianigiochi.com\/#organization","name":"Lisciani Giochi","url":"https:\/\/www.liscianigiochi.com\/","logo":{"@type":"ImageObject","inLanguage":"fr-FR","@id":"https:\/\/www.liscianigiochi.com\/#\/schema\/logo\/image\/","url":"https:\/\/www.liscianigiochi.com\/wp-content\/uploads\/2023\/10\/Logo@2x.png","contentUrl":"https:\/\/www.liscianigiochi.com\/wp-content\/uploads\/2023\/10\/Logo@2x.png","width":384,"height":384,"caption":"Lisciani Giochi"},"image":{"@id":"https:\/\/www.liscianigiochi.com\/#\/schema\/logo\/image\/"},"sameAs":["https:\/\/www.facebook.com\/liscianigroup","https:\/\/www.instagram.com\/liscianigiochi\/"]}]}},"fifu_image_url":"https:\/\/mf.liscianigiochi.it:8443\/media\/104598\/5795038E-5FD8-4E71-81A3-F752EC224F40.jpg","_links":{"self":[{"href":"https:\/\/www.liscianigiochi.com\/fr\/wp-json\/wp\/v2\/product\/675792","targetHints":{"allow":["GET"]}}],"collection":[{"href":"https:\/\/www.liscianigiochi.com\/fr\/wp-json\/wp\/v2\/product"}],"about":[{"href":"https:\/\/www.liscianigiochi.com\/fr\/wp-json\/wp\/v2\/types\/product"}],"wp:featuredmedia":[{"embeddable":true,"href":"https:\/\/www.liscianigiochi.com\/fr\/wp-json\/wp\/v2\/media\/1840156"}],"wp:attachment":[{"href":"https:\/\/www.liscianigiochi.com\/fr\/wp-json\/wp\/v2\/media?parent=675792"}],"wp:term":[{"taxonomy":"product_brand","embeddable":true,"href":"https:\/\/www.liscianigiochi.com\/fr\/wp-json\/wp\/v2\/product_brand?post=675792"},{"taxonomy":"product_cat","embeddable":true,"href":"https:\/\/www.liscianigiochi.com\/fr\/wp-json\/wp\/v2\/product_cat?post=675792"},{"taxonomy":"product_tag","embeddable":true,"href":"https:\/\/www.liscianigiochi.com\/fr\/wp-json\/wp\/v2\/product_tag?post=675792"}],"curies":[{"name":"wp","href":"https:\/\/api.w.org\/{rel}","templated":true}]}}