{"id":676661,"date":"2024-07-03T11:53:33","date_gmt":"2024-07-03T09:53:33","guid":{"rendered":"https:\/\/www.liscianigiochi.com\/shop\/uncategorized\/barbie-atelier-tendance-avec-doll-fr\/"},"modified":"2026-05-08T06:20:50","modified_gmt":"2026-05-08T04:20:50","slug":"barbie-atelier-tendance-avec-doll-fr","status":"publish","type":"product","link":"https:\/\/www.liscianigiochi.com\/fr\/shop\/jeux-creatifs-fr\/art-craft-coloring-fr\/barbie-atelier-tendance-avec-doll-fr\/","title":{"rendered":"Barbie Atelier Tendance Avec Doll"},"content":{"rendered":"<p>Avec l&#8217;Atelier tendance de Barbie, tu pourras devenir une v\u00e9ritable Designer tendance. Gr\u00e2ce \u00e0 la petite table lumineuse tu pourras cr\u00e9er tes petits mod\u00e8les et avec des strass, des petits rubans et des mod\u00e8les en couleurs, tu pourras donner vie \u00e0 tes collections!<\/p>\n","protected":false},"excerpt":{"rendered":"<p>Cr\u00e9e de fantastiques collections de mode avec l&#8217;Atelier tendance de Barbie<\/p>\n","protected":false},"featured_media":1973082,"template":"","meta":{"_acf_changed":false},"product_brand":[],"product_cat":[2856,2834],"product_tag":[3061,3060,3078],"class_list":{"0":"post-676661","1":"product","2":"type-product","3":"status-publish","4":"has-post-thumbnail","6":"product_cat-art-craft-coloring-fr","7":"product_cat-jeux-creatifs-fr","8":"product_tag-5-6-ans-fr","9":"product_tag-barbie-fr","10":"product_tag-mattel-fr","12":"first","13":"instock","14":"shipping-taxable","15":"product-type-simple"},"acf":[],"yoast_head":"<!-- This site is optimized with the Yoast SEO plugin v26.5 - https:\/\/yoast.com\/wordpress\/plugins\/seo\/ -->\n<title>Barbie Atelier Tendance Avec Doll - Lisciani Giochi<\/title>\n<meta name=\"robots\" content=\"index, follow, max-snippet:-1, max-image-preview:large, max-video-preview:-1\" \/>\n<link rel=\"canonical\" href=\"https:\/\/www.liscianigiochi.com\/fr\/shop\/jeux-creatifs-fr\/art-craft-coloring-fr\/barbie-atelier-tendance-avec-doll-fr\/\" \/>\n<meta property=\"og:locale\" content=\"fr_FR\" \/>\n<meta property=\"og:type\" content=\"article\" \/>\n<meta property=\"og:title\" content=\"Barbie Atelier Tendance Avec Doll - Lisciani Giochi\" \/>\n<meta property=\"og:description\" content=\"Cr\u00e9e de fantastiques collections de mode avec l&#039;Atelier tendance de Barbie\" \/>\n<meta property=\"og:url\" content=\"https:\/\/www.liscianigiochi.com\/fr\/shop\/jeux-creatifs-fr\/art-craft-coloring-fr\/barbie-atelier-tendance-avec-doll-fr\/\" \/>\n<meta property=\"og:site_name\" content=\"Lisciani Giochi\" \/>\n<meta property=\"article:publisher\" content=\"https:\/\/www.facebook.com\/liscianigroup\" \/>\n<meta property=\"article:modified_time\" content=\"2026-05-08T04:20:50+00:00\" \/>\n<meta property=\"og:image\" content=\"https:\/\/mf.liscianigiochi.it:8443\/media\/88645\/C769BE32-C0E9-439F-BB97-617399F25847.jpg\" \/>\n<meta name=\"twitter:card\" content=\"summary_large_image\" \/>\n<meta name=\"twitter:image\" content=\"https:\/\/mf.liscianigiochi.it:8443\/media\/88645\/C769BE32-C0E9-439F-BB97-617399F25847.jpg\" \/>\n<script type=\"application\/ld+json\" class=\"yoast-schema-graph\">{\"@context\":\"https:\/\/schema.org\",\"@graph\":[{\"@type\":\"WebPage\",\"@id\":\"https:\/\/www.liscianigiochi.com\/fr\/shop\/jeux-creatifs-fr\/art-craft-coloring-fr\/barbie-atelier-tendance-avec-doll-fr\/\",\"url\":\"https:\/\/www.liscianigiochi.com\/fr\/shop\/jeux-creatifs-fr\/art-craft-coloring-fr\/barbie-atelier-tendance-avec-doll-fr\/\",\"name\":\"Barbie Atelier Tendance Avec Doll - Lisciani Giochi\",\"isPartOf\":{\"@id\":\"https:\/\/www.liscianigiochi.com\/#website\"},\"primaryImageOfPage\":{\"@id\":\"https:\/\/www.liscianigiochi.com\/fr\/shop\/jeux-creatifs-fr\/art-craft-coloring-fr\/barbie-atelier-tendance-avec-doll-fr\/#primaryimage\"},\"image\":{\"@id\":\"https:\/\/www.liscianigiochi.com\/fr\/shop\/jeux-creatifs-fr\/art-craft-coloring-fr\/barbie-atelier-tendance-avec-doll-fr\/#primaryimage\"},\"thumbnailUrl\":\"https:\/\/mf.liscianigiochi.it:8443\/media\/88645\/C769BE32-C0E9-439F-BB97-617399F25847.jpg\",\"datePublished\":\"2024-07-03T09:53:33+00:00\",\"dateModified\":\"2026-05-08T04:20:50+00:00\",\"breadcrumb\":{\"@id\":\"https:\/\/www.liscianigiochi.com\/fr\/shop\/jeux-creatifs-fr\/art-craft-coloring-fr\/barbie-atelier-tendance-avec-doll-fr\/#breadcrumb\"},\"inLanguage\":\"fr-FR\",\"potentialAction\":[{\"@type\":\"ReadAction\",\"target\":[\"https:\/\/www.liscianigiochi.com\/fr\/shop\/jeux-creatifs-fr\/art-craft-coloring-fr\/barbie-atelier-tendance-avec-doll-fr\/\"]}]},{\"@type\":\"ImageObject\",\"inLanguage\":\"fr-FR\",\"@id\":\"https:\/\/www.liscianigiochi.com\/fr\/shop\/jeux-creatifs-fr\/art-craft-coloring-fr\/barbie-atelier-tendance-avec-doll-fr\/#primaryimage\",\"url\":\"https:\/\/mf.liscianigiochi.it:8443\/media\/88645\/C769BE32-C0E9-439F-BB97-617399F25847.jpg\",\"contentUrl\":\"https:\/\/mf.liscianigiochi.it:8443\/media\/88645\/C769BE32-C0E9-439F-BB97-617399F25847.jpg\"},{\"@type\":\"BreadcrumbList\",\"@id\":\"https:\/\/www.liscianigiochi.com\/fr\/shop\/jeux-creatifs-fr\/art-craft-coloring-fr\/barbie-atelier-tendance-avec-doll-fr\/#breadcrumb\",\"itemListElement\":[{\"@type\":\"ListItem\",\"position\":1,\"name\":\"Home\",\"item\":\"https:\/\/www.liscianigiochi.com\/\"},{\"@type\":\"ListItem\",\"position\":2,\"name\":\"Boutique\",\"item\":\"https:\/\/lg.udnt.it\/fr\/boutique\/\"},{\"@type\":\"ListItem\",\"position\":3,\"name\":\"Barbie Atelier Tendance Avec Doll\"}]},{\"@type\":\"WebSite\",\"@id\":\"https:\/\/www.liscianigiochi.com\/#website\",\"url\":\"https:\/\/www.liscianigiochi.com\/\",\"name\":\"Lisciani Giochi\",\"description\":\"\",\"publisher\":{\"@id\":\"https:\/\/www.liscianigiochi.com\/#organization\"},\"potentialAction\":[{\"@type\":\"SearchAction\",\"target\":{\"@type\":\"EntryPoint\",\"urlTemplate\":\"https:\/\/www.liscianigiochi.com\/?s={search_term_string}\"},\"query-input\":{\"@type\":\"PropertyValueSpecification\",\"valueRequired\":true,\"valueName\":\"search_term_string\"}}],\"inLanguage\":\"fr-FR\"},{\"@type\":\"Organization\",\"@id\":\"https:\/\/www.liscianigiochi.com\/#organization\",\"name\":\"Lisciani Giochi\",\"url\":\"https:\/\/www.liscianigiochi.com\/\",\"logo\":{\"@type\":\"ImageObject\",\"inLanguage\":\"fr-FR\",\"@id\":\"https:\/\/www.liscianigiochi.com\/#\/schema\/logo\/image\/\",\"url\":\"https:\/\/www.liscianigiochi.com\/wp-content\/uploads\/2023\/10\/Logo@2x.png\",\"contentUrl\":\"https:\/\/www.liscianigiochi.com\/wp-content\/uploads\/2023\/10\/Logo@2x.png\",\"width\":384,\"height\":384,\"caption\":\"Lisciani Giochi\"},\"image\":{\"@id\":\"https:\/\/www.liscianigiochi.com\/#\/schema\/logo\/image\/\"},\"sameAs\":[\"https:\/\/www.facebook.com\/liscianigroup\",\"https:\/\/www.instagram.com\/liscianigiochi\/\"]}]}<\/script>\n<!-- \/ Yoast SEO plugin. -->","yoast_head_json":{"title":"Barbie Atelier Tendance Avec Doll - Lisciani Giochi","robots":{"index":"index","follow":"follow","max-snippet":"max-snippet:-1","max-image-preview":"max-image-preview:large","max-video-preview":"max-video-preview:-1"},"canonical":"https:\/\/www.liscianigiochi.com\/fr\/shop\/jeux-creatifs-fr\/art-craft-coloring-fr\/barbie-atelier-tendance-avec-doll-fr\/","og_locale":"fr_FR","og_type":"article","og_title":"Barbie Atelier Tendance Avec Doll - Lisciani Giochi","og_description":"Cr\u00e9e de fantastiques collections de mode avec l'Atelier tendance de Barbie","og_url":"https:\/\/www.liscianigiochi.com\/fr\/shop\/jeux-creatifs-fr\/art-craft-coloring-fr\/barbie-atelier-tendance-avec-doll-fr\/","og_site_name":"Lisciani Giochi","article_publisher":"https:\/\/www.facebook.com\/liscianigroup","article_modified_time":"2026-05-08T04:20:50+00:00","og_image":[{"url":"https:\/\/mf.liscianigiochi.it:8443\/media\/88645\/C769BE32-C0E9-439F-BB97-617399F25847.jpg","type":"","width":"","height":""}],"twitter_card":"summary_large_image","twitter_image":"https:\/\/mf.liscianigiochi.it:8443\/media\/88645\/C769BE32-C0E9-439F-BB97-617399F25847.jpg","schema":{"@context":"https:\/\/schema.org","@graph":[{"@type":"WebPage","@id":"https:\/\/www.liscianigiochi.com\/fr\/shop\/jeux-creatifs-fr\/art-craft-coloring-fr\/barbie-atelier-tendance-avec-doll-fr\/","url":"https:\/\/www.liscianigiochi.com\/fr\/shop\/jeux-creatifs-fr\/art-craft-coloring-fr\/barbie-atelier-tendance-avec-doll-fr\/","name":"Barbie Atelier Tendance Avec Doll - Lisciani Giochi","isPartOf":{"@id":"https:\/\/www.liscianigiochi.com\/#website"},"primaryImageOfPage":{"@id":"https:\/\/www.liscianigiochi.com\/fr\/shop\/jeux-creatifs-fr\/art-craft-coloring-fr\/barbie-atelier-tendance-avec-doll-fr\/#primaryimage"},"image":{"@id":"https:\/\/www.liscianigiochi.com\/fr\/shop\/jeux-creatifs-fr\/art-craft-coloring-fr\/barbie-atelier-tendance-avec-doll-fr\/#primaryimage"},"thumbnailUrl":"https:\/\/mf.liscianigiochi.it:8443\/media\/88645\/C769BE32-C0E9-439F-BB97-617399F25847.jpg","datePublished":"2024-07-03T09:53:33+00:00","dateModified":"2026-05-08T04:20:50+00:00","breadcrumb":{"@id":"https:\/\/www.liscianigiochi.com\/fr\/shop\/jeux-creatifs-fr\/art-craft-coloring-fr\/barbie-atelier-tendance-avec-doll-fr\/#breadcrumb"},"inLanguage":"fr-FR","potentialAction":[{"@type":"ReadAction","target":["https:\/\/www.liscianigiochi.com\/fr\/shop\/jeux-creatifs-fr\/art-craft-coloring-fr\/barbie-atelier-tendance-avec-doll-fr\/"]}]},{"@type":"ImageObject","inLanguage":"fr-FR","@id":"https:\/\/www.liscianigiochi.com\/fr\/shop\/jeux-creatifs-fr\/art-craft-coloring-fr\/barbie-atelier-tendance-avec-doll-fr\/#primaryimage","url":"https:\/\/mf.liscianigiochi.it:8443\/media\/88645\/C769BE32-C0E9-439F-BB97-617399F25847.jpg","contentUrl":"https:\/\/mf.liscianigiochi.it:8443\/media\/88645\/C769BE32-C0E9-439F-BB97-617399F25847.jpg"},{"@type":"BreadcrumbList","@id":"https:\/\/www.liscianigiochi.com\/fr\/shop\/jeux-creatifs-fr\/art-craft-coloring-fr\/barbie-atelier-tendance-avec-doll-fr\/#breadcrumb","itemListElement":[{"@type":"ListItem","position":1,"name":"Home","item":"https:\/\/www.liscianigiochi.com\/"},{"@type":"ListItem","position":2,"name":"Boutique","item":"https:\/\/lg.udnt.it\/fr\/boutique\/"},{"@type":"ListItem","position":3,"name":"Barbie Atelier Tendance Avec Doll"}]},{"@type":"WebSite","@id":"https:\/\/www.liscianigiochi.com\/#website","url":"https:\/\/www.liscianigiochi.com\/","name":"Lisciani Giochi","description":"","publisher":{"@id":"https:\/\/www.liscianigiochi.com\/#organization"},"potentialAction":[{"@type":"SearchAction","target":{"@type":"EntryPoint","urlTemplate":"https:\/\/www.liscianigiochi.com\/?s={search_term_string}"},"query-input":{"@type":"PropertyValueSpecification","valueRequired":true,"valueName":"search_term_string"}}],"inLanguage":"fr-FR"},{"@type":"Organization","@id":"https:\/\/www.liscianigiochi.com\/#organization","name":"Lisciani Giochi","url":"https:\/\/www.liscianigiochi.com\/","logo":{"@type":"ImageObject","inLanguage":"fr-FR","@id":"https:\/\/www.liscianigiochi.com\/#\/schema\/logo\/image\/","url":"https:\/\/www.liscianigiochi.com\/wp-content\/uploads\/2023\/10\/Logo@2x.png","contentUrl":"https:\/\/www.liscianigiochi.com\/wp-content\/uploads\/2023\/10\/Logo@2x.png","width":384,"height":384,"caption":"Lisciani Giochi"},"image":{"@id":"https:\/\/www.liscianigiochi.com\/#\/schema\/logo\/image\/"},"sameAs":["https:\/\/www.facebook.com\/liscianigroup","https:\/\/www.instagram.com\/liscianigiochi\/"]}]}},"fifu_image_url":"https:\/\/mf.liscianigiochi.it:8443\/media\/88645\/C769BE32-C0E9-439F-BB97-617399F25847.jpg","_links":{"self":[{"href":"https:\/\/www.liscianigiochi.com\/fr\/wp-json\/wp\/v2\/product\/676661","targetHints":{"allow":["GET"]}}],"collection":[{"href":"https:\/\/www.liscianigiochi.com\/fr\/wp-json\/wp\/v2\/product"}],"about":[{"href":"https:\/\/www.liscianigiochi.com\/fr\/wp-json\/wp\/v2\/types\/product"}],"wp:featuredmedia":[{"embeddable":true,"href":"https:\/\/www.liscianigiochi.com\/fr\/wp-json\/wp\/v2\/media\/1973082"}],"wp:attachment":[{"href":"https:\/\/www.liscianigiochi.com\/fr\/wp-json\/wp\/v2\/media?parent=676661"}],"wp:term":[{"taxonomy":"product_brand","embeddable":true,"href":"https:\/\/www.liscianigiochi.com\/fr\/wp-json\/wp\/v2\/product_brand?post=676661"},{"taxonomy":"product_cat","embeddable":true,"href":"https:\/\/www.liscianigiochi.com\/fr\/wp-json\/wp\/v2\/product_cat?post=676661"},{"taxonomy":"product_tag","embeddable":true,"href":"https:\/\/www.liscianigiochi.com\/fr\/wp-json\/wp\/v2\/product_tag?post=676661"}],"curies":[{"name":"wp","href":"https:\/\/api.w.org\/{rel}","templated":true}]}}